{"id":167694,"date":"2023-06-23T12:25:42","date_gmt":"2023-06-23T10:25:42","guid":{"rendered":"https:\/\/www.cegh.at\/direct-download-links\/"},"modified":"2024-04-09T11:33:53","modified_gmt":"2024-04-09T09:33:53","slug":"direct-download-links","status":"publish","type":"page","link":"https:\/\/www.cegh.at\/cz\/direct-download-links\/","title":{"rendered":"Direct Download Links"},"content":{"rendered":"\n\n\n\n\n\n\n\n\n\n\n\n\n\n\n\n\n\n\n\n\n\n\n\n\n\n\n\n\n\n\n\n\n            \n        \n                    <div class=\"ce ce-cols ce-cols--2\n         ce--mb-standard                                 \"\n                 id=\"block_1ea4a5f2b475ed62a46499d39f4ceb42\">\n                                    <div class=\"container-fluid\">\n                    \n    <div class=\"row\">\n        <div class=\"col-12 col-md-12 col-xl-12 mx-auto text-left\">\n            <div class=\"ce-textblock__text\">\n                            <p class=\"ce-textblock__topline\">Trh Gas Exchange<\/p>\n                                    <h2 class=\"\">Direct Download Links <\/ h2 >\n                        <\/div>\n        <\/div>\n    <\/div>\n\n                    <div class=\"row\">\n                        <div class=\"col-12 col-lg-6 \">\n                            <!--HIER DIE SCHLEIFE MIT DEM CONTENT SPALTE 1-->\n                                                                                                                            \n\n\n\n\n\n\n\n\n\n\n\n\n\n\n\n\n\n\n\n\n\n\n\n\n\n\n\n\n\n\n                                            \n        \n        \n        \n    \n\n                    \n    \n\n                    \n            <div class=\"ce ce-text pb-0\n                                        \"\n             id=\"block_1ea4a5f2b475ed62a46499d39f4ceb42\">\n                                        <div class=\"row\">\n                    <div class=\"cc-text__text col-12 col-md-12 col-xl-12  text-left\">\n                        <div class=\"ce-textblock\" data-animation=\"true\" data-animation-duration=\"300\">\n    <div class=\"ce-textblock__text\">\n                            <h5 class=\"\"> \u00dadaje o trhu  <\/h5>\n                <p>&nbsp;<\/p>\n<p><a class=\"btn btn--primary\" href=\"https:\/\/www.cegh.at\/wp-admin\/admin-ajax.php?action=exportPosts&amp;postType=day-ahead&amp;market=AT\">Day Ahead Market<\/a><\/p>\n<p><a class=\"btn btn--primary\" href=\"https:\/\/www.cegh.at\/wp-admin\/admin-ajax.php?action=exportPosts&amp;postType=trades&amp;market=AT\">Within Day Market<\/a><\/p>\n<p><a class=\"btn btn--primary\" href=\"https:\/\/www.cegh.at\/wp-admin\/admin-ajax.php?action=exportPosts&amp;postType=settlements&amp;front=1&amp;period=Month&amp;market=AT\">First Front Month<\/a><\/p>\n<p><a class=\"btn btn--primary\" href=\"https:\/\/www.cegh.at\/wp-admin\/admin-ajax.php?action=exportPosts&amp;postType=settlements&amp;front=2&amp;period=Month&amp;market=AT\">Second Front Month<\/a><\/p>\n<p><a class=\"btn btn--primary\" href=\"https:\/\/www.cegh.at\/wp-admin\/admin-ajax.php?action=exportPosts&amp;postType=settlements&amp;front=3&amp;period=Month&amp;market=AT\">Third Front Month<\/a><\/p>\n<p><a class=\"btn btn--primary\" href=\"https:\/\/www.cegh.at\/wp-admin\/admin-ajax.php?action=exportPosts&amp;postType=settlements&amp;front=1&amp;period=Quarter&amp;market=AT\">First Front Quarter<\/a><\/p>\n<p><a class=\"btn btn--primary\" href=\"https:\/\/www.cegh.at\/wp-admin\/admin-ajax.php?action=exportPosts&amp;postType=settlements&amp;front=2&amp;period=Quarter&amp;market=AT\">Second Front Quarter<\/a><\/p>\n<p><a class=\"btn btn--primary\" href=\"https:\/\/www.cegh.at\/wp-admin\/admin-ajax.php?action=exportPosts&amp;postType=settlements&amp;front=3&amp;period=Quarter&amp;market=AT\">Third Front Quarter<\/a><\/p>\n<p><a class=\"btn btn--primary\" href=\"https:\/\/www.cegh.at\/wp-admin\/admin-ajax.php?action=exportPosts&amp;postType=settlements&amp;front=4&amp;period=Quarter&amp;market=AT\">Fourth Front Quarter<\/a><\/p>\n<p><a class=\"btn btn--primary\" href=\"https:\/\/www.cegh.at\/wp-admin\/admin-ajax.php?action=exportPosts&amp;postType=settlements&amp;front=1&amp;period=Season&amp;market=AT\">First Front Season<\/a><\/p>\n<p><a class=\"btn btn--primary\" href=\"https:\/\/www.cegh.at\/wp-admin\/admin-ajax.php?action=exportPosts&amp;postType=settlements&amp;front=2&amp;period=Season&amp;market=AT\">Second Front Season<\/a><\/p>\n<p><a class=\"btn btn--primary\" href=\"https:\/\/www.cegh.at\/wp-admin\/admin-ajax.php?action=exportPosts&amp;postType=settlements&amp;front=3&amp;period=Season&amp;market=AT\">Third Front Season<\/a><\/p>\n<p><a class=\"btn btn--primary\" href=\"https:\/\/www.cegh.at\/wp-admin\/admin-ajax.php?action=exportPosts&amp;postType=settlements&amp;front=1&amp;period=Year&amp;market=AT\">First Front Year<\/a><\/p>\n<p><a class=\"btn btn--primary\" href=\"https:\/\/www.cegh.at\/wp-admin\/admin-ajax.php?action=exportPosts&amp;postType=settlements&amp;front=2&amp;period=Year&amp;market=AT\">Second Front Year<\/a><\/p>\n<p><a class=\"btn btn--primary\" href=\"https:\/\/www.cegh.at\/wp-admin\/admin-ajax.php?action=exportPosts&amp;postType=settlements&amp;front=3&amp;period=Year&amp;market=AT\">Third Front Year<\/a><\/p>\n\n    <\/div>\n<\/div>\n                    <\/div>\n                <\/div>\n                    <\/div>\n    \n                                                                    \n                        <\/div>\n                        <div class=\"col-12 col-lg-6 \">\n                            <!--HIER DIE SCHLEIFE MIT DEM CONTENT SPALTE 2-->\n                                                                                                                            \n\n\n\n\n\n\n\n\n\n\n\n\n\n\n\n\n\n\n\n\n\n\n\n\n\n\n\n\n\n\n                                            \n        \n        \n        \n    \n\n                    \n    \n\n                    \n            <div class=\"ce ce-text pb-0\n                                        \"\n             id=\"block_1ea4a5f2b475ed62a46499d39f4ceb42\">\n                                        <div class=\"row\">\n                    <div class=\"cc-text__text col-12 col-md-12 col-xl-12  text-left\">\n                        <div class=\"ce-textblock\" data-animation=\"true\" data-animation-duration=\"300\">\n    <div class=\"ce-textblock__text\">\n                            <h5 class=\"\"> Indexy <\/h5>\n                <p>&nbsp;<\/p>\n<p><a class=\"btn btn--primary btn--secondary \" href=\"https:\/\/www.cegh.at\/wp-admin\/admin-ajax.php?action=exportPosts&amp;postType=settlements&amp;front=front_month_index&amp;period=Month&amp;market=AT\">Front Month Index<\/a><\/p>\n<p><a class=\"btn btn--primary btn--secondary \" href=\"https:\/\/www.cegh.at\/wp-admin\/admin-ajax.php?action=exportPosts&amp;postType=settlements&amp;front=front_quarter_index&amp;period=Quarter&amp;market=AT\">Front Quarter Index<\/a><\/p>\n<p><a class=\"btn btn--primary btn--secondary \" href=\"https:\/\/www.cegh.at\/wp-admin\/admin-ajax.php?action=exportPosts&amp;postType=settlements&amp;front=front_month_index_cegh1fm&amp;market=AT\">CEGH 1FM Reference Index<\/a><\/p>\n<p><a class=\"btn btn--primary btn--secondary \" href=\"https:\/\/www.cegh.at\/wp-admin\/admin-ajax.php?action=exportPosts&amp;postType=index_22&amp;identifier=M&amp;market=AT\">CEGH FM 22 Index<\/a><\/p>\n<p><a class=\"btn btn--primary btn--secondary \" href=\"https:\/\/www.cegh.at\/wp-admin\/admin-ajax.php?action=exportPosts&amp;postType=index_22&amp;identifier=Q&amp;market=AT\">CEGH FQ 22 Index<\/a><\/p>\n<p><a class=\"btn btn--primary btn--secondary \" href=\"https:\/\/www.cegh.at\/wp-admin\/admin-ajax.php?action=exportPosts&amp;postType=green-hydrogen-index&amp;market=AT\">CEGH GreenHydrogen Index<\/a><\/p>\n\n    <\/div>\n<\/div>\n                    <\/div>\n                <\/div>\n                    <\/div>\n    \n                                                                                            <\/div>\n                    <\/div>\n                <\/div>\n            <\/div>\n                        ","protected":false},"excerpt":{"rendered":"","protected":false},"author":8,"featured_media":0,"parent":0,"menu_order":0,"comment_status":"closed","ping_status":"closed","template":"","meta":{"_acf_changed":false,"content-type":"","footnotes":""},"class_list":["post-167694","page","type-page","status-publish","hentry"],"acf":[],"yoast_head":"<!-- This site is optimized with the Yoast SEO plugin v27.3 - https:\/\/yoast.com\/product\/yoast-seo-wordpress\/ -->\n<title>Direct Download Links - CEGH<\/title>\n<meta name=\"description\" content=\"P\u0159\u00edstup k p\u0159\u00edm\u00fdm odkaz\u016fm ke sta\u017een\u00ed pro denn\u00ed aktualizace cen, objem\u016f, obchod\u016f, index\u016f a dal\u0161\u00edch informac\u00ed z webov\u00fdch str\u00e1nek CEGH.\" \/>\n<meta name=\"robots\" content=\"index, follow, max-snippet:-1, max-image-preview:large, max-video-preview:-1\" \/>\n<link rel=\"canonical\" href=\"https:\/\/www.cegh.at\/cz\/direct-download-links\/\" \/>\n<meta property=\"og:locale\" content=\"en_US\" \/>\n<meta property=\"og:type\" content=\"article\" \/>\n<meta property=\"og:title\" content=\"Direct Download Links - CEGH\" \/>\n<meta property=\"og:description\" content=\"P\u0159\u00edstup k p\u0159\u00edm\u00fdm odkaz\u016fm ke sta\u017een\u00ed pro denn\u00ed aktualizace cen, objem\u016f, obchod\u016f, index\u016f a dal\u0161\u00edch informac\u00ed z webov\u00fdch str\u00e1nek CEGH.\" \/>\n<meta property=\"og:url\" content=\"https:\/\/www.cegh.at\/cz\/direct-download-links\/\" \/>\n<meta property=\"og:site_name\" content=\"CEGH\" \/>\n<meta property=\"article:modified_time\" content=\"2024-04-09T09:33:53+00:00\" \/>\n<meta name=\"twitter:card\" content=\"summary_large_image\" \/>\n<script type=\"application\/ld+json\" class=\"yoast-schema-graph\">{\"@context\":\"https:\\\/\\\/schema.org\",\"@graph\":[{\"@type\":\"WebPage\",\"@id\":\"https:\\\/\\\/www.cegh.at\\\/cz\\\/direct-download-links\\\/\",\"url\":\"https:\\\/\\\/www.cegh.at\\\/cz\\\/direct-download-links\\\/\",\"name\":\"Direct Download Links - CEGH\",\"isPartOf\":{\"@id\":\"https:\\\/\\\/www.cegh.at\\\/cz\\\/#website\"},\"datePublished\":\"2023-06-23T10:25:42+00:00\",\"dateModified\":\"2024-04-09T09:33:53+00:00\",\"description\":\"P\u0159\u00edstup k p\u0159\u00edm\u00fdm odkaz\u016fm ke sta\u017een\u00ed pro denn\u00ed aktualizace cen, objem\u016f, obchod\u016f, index\u016f a dal\u0161\u00edch informac\u00ed z webov\u00fdch str\u00e1nek CEGH.\",\"breadcrumb\":{\"@id\":\"https:\\\/\\\/www.cegh.at\\\/cz\\\/direct-download-links\\\/#breadcrumb\"},\"inLanguage\":\"cz-CZ\",\"potentialAction\":[{\"@type\":\"ReadAction\",\"target\":[\"https:\\\/\\\/www.cegh.at\\\/cz\\\/direct-download-links\\\/\"]}]},{\"@type\":\"BreadcrumbList\",\"@id\":\"https:\\\/\\\/www.cegh.at\\\/cz\\\/direct-download-links\\\/#breadcrumb\",\"itemListElement\":[{\"@type\":\"ListItem\",\"position\":1,\"name\":\"Home\",\"item\":\"https:\\\/\\\/www.cegh.at\\\/cz\\\/\"},{\"@type\":\"ListItem\",\"position\":2,\"name\":\"Direct Download Links\"}]},{\"@type\":\"WebSite\",\"@id\":\"https:\\\/\\\/www.cegh.at\\\/cz\\\/#website\",\"url\":\"https:\\\/\\\/www.cegh.at\\\/cz\\\/\",\"name\":\"CEGH\",\"description\":\"\",\"publisher\":{\"@id\":\"https:\\\/\\\/www.cegh.at\\\/cz\\\/#organization\"},\"potentialAction\":[{\"@type\":\"SearchAction\",\"target\":{\"@type\":\"EntryPoint\",\"urlTemplate\":\"https:\\\/\\\/www.cegh.at\\\/cz\\\/?s={search_term_string}\"},\"query-input\":{\"@type\":\"PropertyValueSpecification\",\"valueRequired\":true,\"valueName\":\"search_term_string\"}}],\"inLanguage\":\"cz-CZ\"},{\"@type\":\"Organization\",\"@id\":\"https:\\\/\\\/www.cegh.at\\\/cz\\\/#organization\",\"name\":\"CEGH\",\"url\":\"https:\\\/\\\/www.cegh.at\\\/cz\\\/\",\"logo\":{\"@type\":\"ImageObject\",\"inLanguage\":\"cz-CZ\",\"@id\":\"https:\\\/\\\/www.cegh.at\\\/cz\\\/#\\\/schema\\\/logo\\\/image\\\/\",\"url\":\"https:\\\/\\\/www.cegh.at\\\/wp-content\\\/uploads\\\/2023\\\/05\\\/Hauptlogo_RGB.jpg\",\"contentUrl\":\"https:\\\/\\\/www.cegh.at\\\/wp-content\\\/uploads\\\/2023\\\/05\\\/Hauptlogo_RGB.jpg\",\"width\":3333,\"height\":2500,\"caption\":\"CEGH\"},\"image\":{\"@id\":\"https:\\\/\\\/www.cegh.at\\\/cz\\\/#\\\/schema\\\/logo\\\/image\\\/\"}}]}<\/script>\n<!-- \/ Yoast SEO plugin. -->","yoast_head_json":{"title":"Direct Download Links - CEGH","description":"P\u0159\u00edstup k p\u0159\u00edm\u00fdm odkaz\u016fm ke sta\u017een\u00ed pro denn\u00ed aktualizace cen, objem\u016f, obchod\u016f, index\u016f a dal\u0161\u00edch informac\u00ed z webov\u00fdch str\u00e1nek CEGH.","robots":{"index":"index","follow":"follow","max-snippet":"max-snippet:-1","max-image-preview":"max-image-preview:large","max-video-preview":"max-video-preview:-1"},"canonical":"https:\/\/www.cegh.at\/cz\/direct-download-links\/","og_locale":"en_US","og_type":"article","og_title":"Direct Download Links - CEGH","og_description":"P\u0159\u00edstup k p\u0159\u00edm\u00fdm odkaz\u016fm ke sta\u017een\u00ed pro denn\u00ed aktualizace cen, objem\u016f, obchod\u016f, index\u016f a dal\u0161\u00edch informac\u00ed z webov\u00fdch str\u00e1nek CEGH.","og_url":"https:\/\/www.cegh.at\/cz\/direct-download-links\/","og_site_name":"CEGH","article_modified_time":"2024-04-09T09:33:53+00:00","twitter_card":"summary_large_image","schema":{"@context":"https:\/\/schema.org","@graph":[{"@type":"WebPage","@id":"https:\/\/www.cegh.at\/cz\/direct-download-links\/","url":"https:\/\/www.cegh.at\/cz\/direct-download-links\/","name":"Direct Download Links - CEGH","isPartOf":{"@id":"https:\/\/www.cegh.at\/cz\/#website"},"datePublished":"2023-06-23T10:25:42+00:00","dateModified":"2024-04-09T09:33:53+00:00","description":"P\u0159\u00edstup k p\u0159\u00edm\u00fdm odkaz\u016fm ke sta\u017een\u00ed pro denn\u00ed aktualizace cen, objem\u016f, obchod\u016f, index\u016f a dal\u0161\u00edch informac\u00ed z webov\u00fdch str\u00e1nek CEGH.","breadcrumb":{"@id":"https:\/\/www.cegh.at\/cz\/direct-download-links\/#breadcrumb"},"inLanguage":"cz-CZ","potentialAction":[{"@type":"ReadAction","target":["https:\/\/www.cegh.at\/cz\/direct-download-links\/"]}]},{"@type":"BreadcrumbList","@id":"https:\/\/www.cegh.at\/cz\/direct-download-links\/#breadcrumb","itemListElement":[{"@type":"ListItem","position":1,"name":"Home","item":"https:\/\/www.cegh.at\/cz\/"},{"@type":"ListItem","position":2,"name":"Direct Download Links"}]},{"@type":"WebSite","@id":"https:\/\/www.cegh.at\/cz\/#website","url":"https:\/\/www.cegh.at\/cz\/","name":"CEGH","description":"","publisher":{"@id":"https:\/\/www.cegh.at\/cz\/#organization"},"potentialAction":[{"@type":"SearchAction","target":{"@type":"EntryPoint","urlTemplate":"https:\/\/www.cegh.at\/cz\/?s={search_term_string}"},"query-input":{"@type":"PropertyValueSpecification","valueRequired":true,"valueName":"search_term_string"}}],"inLanguage":"cz-CZ"},{"@type":"Organization","@id":"https:\/\/www.cegh.at\/cz\/#organization","name":"CEGH","url":"https:\/\/www.cegh.at\/cz\/","logo":{"@type":"ImageObject","inLanguage":"cz-CZ","@id":"https:\/\/www.cegh.at\/cz\/#\/schema\/logo\/image\/","url":"https:\/\/www.cegh.at\/wp-content\/uploads\/2023\/05\/Hauptlogo_RGB.jpg","contentUrl":"https:\/\/www.cegh.at\/wp-content\/uploads\/2023\/05\/Hauptlogo_RGB.jpg","width":3333,"height":2500,"caption":"CEGH"},"image":{"@id":"https:\/\/www.cegh.at\/cz\/#\/schema\/logo\/image\/"}}]}},"_links":{"self":[{"href":"https:\/\/www.cegh.at\/cz\/wp-json\/wp\/v2\/pages\/167694","targetHints":{"allow":["GET"]}}],"collection":[{"href":"https:\/\/www.cegh.at\/cz\/wp-json\/wp\/v2\/pages"}],"about":[{"href":"https:\/\/www.cegh.at\/cz\/wp-json\/wp\/v2\/types\/page"}],"author":[{"embeddable":true,"href":"https:\/\/www.cegh.at\/cz\/wp-json\/wp\/v2\/users\/8"}],"replies":[{"embeddable":true,"href":"https:\/\/www.cegh.at\/cz\/wp-json\/wp\/v2\/comments?post=167694"}],"version-history":[{"count":6,"href":"https:\/\/www.cegh.at\/cz\/wp-json\/wp\/v2\/pages\/167694\/revisions"}],"predecessor-version":[{"id":550840,"href":"https:\/\/www.cegh.at\/cz\/wp-json\/wp\/v2\/pages\/167694\/revisions\/550840"}],"wp:attachment":[{"href":"https:\/\/www.cegh.at\/cz\/wp-json\/wp\/v2\/media?parent=167694"}],"curies":[{"name":"wp","href":"https:\/\/api.w.org\/{rel}","templated":true}]}}