{"id":236868,"date":"2023-08-04T08:54:56","date_gmt":"2023-08-04T06:54:56","guid":{"rendered":"https:\/\/www.cegh.at\/efet-cegh-biogas-certificates-standard-agreement\/"},"modified":"2024-03-22T12:09:45","modified_gmt":"2024-03-22T11:09:45","slug":"efet-cegh-biogas-certificates-standard-agreement","status":"publish","type":"page","link":"https:\/\/www.cegh.at\/cz\/efet-cegh-biogas-certificates-standard-agreement\/","title":{"rendered":"EFET CEGH Biogas Certificates Standard Agreement"},"content":{"rendered":"\n\n\n\n\n\n\n\n\n\n\n\n\n\n\n\n\n\n\n\n\n\n\n\n\n\n\n\n\n\n\n\n\n                    \n            <div class=\"ce ce-text pb-0\n         ce--mb-0          ce--contrast                  ce--sp-standard          ce--full\n             js-bgcontainer u-bg-cc  \"\n             id=\"block_c265220d5a48983ea5d162dbcda596d8\">\n                                <figure>\n    <picture>\n        <source media=\"(min-width: 1440px)\" srcset=\"https:\/\/www.cegh.at\/wp-content\/uploads\/2023\/05\/Greengas_iStock-1295492761-1920x0-c-default.jpg\">\n        <source media=\"(min-width: 1200px)\" srcset=\"https:\/\/www.cegh.at\/wp-content\/uploads\/2023\/05\/Greengas_iStock-1295492761-1440x0-c-default.jpg\">\n        <source media=\"(min-width: 992px)\" srcset=\"https:\/\/www.cegh.at\/wp-content\/uploads\/2023\/05\/Greengas_iStock-1295492761-1200x0-c-default.jpg\">\n        <source media=\"(min-width: 768px)\" srcset=\"https:\/\/www.cegh.at\/wp-content\/uploads\/2023\/05\/Greengas_iStock-1295492761-992x0-c-default.jpg\">\n        <source media=\"(min-width: 576px)\" srcset=\"https:\/\/www.cegh.at\/wp-content\/uploads\/2023\/05\/Greengas_iStock-1295492761-768x0-c-default.jpg\">\n        <source media=\"(min-width: 320px)\" srcset=\"https:\/\/www.cegh.at\/wp-content\/uploads\/2023\/05\/Greengas_iStock-1295492761-576x0-c-default.jpg\">\n        <source srcset=\"https:\/\/www.cegh.at\/wp-content\/uploads\/2023\/05\/Greengas_iStock-1295492761-576x0-c-default.jpg\">\n        <img loading=\"lazy\" decoding=\"async\" src=\"https:\/\/www.cegh.at\/wp-content\/uploads\/2023\/05\/Greengas_iStock-1295492761-1920x0-c-default.jpg\" width=\"5551\"\n             height=\"3700\" alt=\"\" title=\"Autumn in the Prealps, Austria\" class=\"img-fluid w-100 js-bgimage\">\n    <\/picture>\n<\/figure>\n                <div class=\"ce-text__gradient ce-text__gradient--center js-gradient\"><\/div>\n                <div class=\"ce-text__gradient--base\"><\/div>\n                                    <div class=\"container-fluid\">\n                            <div class=\"row\">\n                    <div class=\"cc-text__text col-12 col-md-12 col-xl-12 mx-auto text-left\">\n                        <div class=\"ce-textblock\" data-animation=\"true\" data-animation-duration=\"300\">\n    <div class=\"ce-textblock__text\">\n                    <p class=\"ce-textblock__topline\">Zelen\u00e9 Plyny<\/p>\n                            <h2 class=\"\"> EFET CEGH Biogas Certificates Standard Agreement <\/h2>\n                \n    <\/div>\n<\/div>\n                    <\/div>\n                <\/div>\n                        <\/div>\n                    <\/div>\n    \n        \n\n\n\n\n\n\n\n\n\n\n\n\n\n\n\n\n\n\n\n\n\n\n\n\n\n\n\n\n\n\n\n\n                    \n            <div class=\"ce ce-text pb-0\n         ce--mb-0                                 \"\n             id=\"block_cc4b0e16e121dc4b15b1f9ee5ac8b8c2\">\n                                    <div class=\"container-fluid\">\n                            <div class=\"row\">\n                    <div class=\"cc-text__text col-12 col-md-12 col-xl-12 mx-auto text-left\">\n                        <div class=\"ce-textblock\" data-animation=\"true\" data-animation-duration=\"300\">\n    <div class=\"ce-textblock__text\">\n                        <p>Uveden\u00ed standardn\u00ed dohody o certifik\u00e1tech EFET CEGH pro bioplyn pom\u00e1h\u00e1 \u00fa\u010dastn\u00edk\u016fm trhu dos\u00e1hnout ambici\u00f3zn\u00edch evropsk\u00fdch c\u00edl\u016f v oblasti ekologick\u00fdch plyn\u016f. Vytv\u00e1\u0159\u00ed podm\u00ednky pro \u00fa\u010dinn\u00e9 obchodov\u00e1n\u00ed s certifik\u00e1ty na bioplyn v r\u00e1mci vnitrost\u00e1tn\u00edch syst\u00e9m\u016f (zalo\u017een\u00fdch na pr\u00e1vn\u00edch p\u0159edpisech EU).<\/p>\n<p>V\u00fdchoz\u00edm bodem pro n\u00e1vrh obchodn\u00ed dohody o bioplynov\u00fdch certifik\u00e1tech bylo spu\u0161t\u011bn\u00ed na\u0161\u00ed platformy CEGH GreenGas a s n\u00ed spojen\u00e1 mo\u017enost obchodovat s bioplynov\u00fdmi certifik\u00e1ty. Smlouva je koncipov\u00e1na jako jednotn\u00e1 obchodn\u00ed dohoda pro Rakousko a m\u00e1 potenci\u00e1l b\u00fdt pou\u017eita na v\u0161ech kl\u00ed\u010dov\u00fdch obchodn\u00edch trz\u00edch v EU a pro r\u016fzn\u00e9 obchodn\u00ed sc\u00e9n\u00e1\u0159e.<\/p>\n<p>Spole\u010dnost CEGH je velmi hrd\u00e1 na \u00fasp\u011b\u0161nou spolupr\u00e1ci s EFET p\u0159i vytv\u00e1\u0159en\u00ed standardn\u00ed dohody o bioplynu. V dekarbonizovan\u00e9 energetice je budoucnost plyn\u00e1renstv\u00ed ve vyu\u017e\u00edv\u00e1n\u00ed biometanu a zelen\u00e9ho vod\u00edku. Zalo\u017een\u00edm platformy CEGH GreenGas se spole\u010dnost CEGH stala pr\u016fkopn\u00edkem v poskytov\u00e1n\u00ed slu\u017eeb obchodov\u00e1n\u00ed s ekologick\u00fdmi plyny, konkr\u00e9tn\u011b s biometanem. Standardn\u00ed dohoda byla vypracov\u00e1na v \u00fazk\u00e9 spolupr\u00e1ci se z\u00fa\u010dastn\u011bn\u00fdmi stranami z odv\u011btv\u00ed a \u010dleny pr\u00e1vn\u00edho v\u00fdboru EFET.<\/p>\n<p>Jsme pln\u011b odhodl\u00e1ni utv\u00e1\u0159et budoucnost zd\u016fraz\u0148ov\u00e1n\u00edm v\u00fdznamu standardizace a obchodov\u00e1n\u00ed na platform\u011b, proto\u017ee hraj\u00ed kl\u00ed\u010dovou roli v rozvoji a r\u016fstu trh\u016f se zelen\u00fdm plynem.<\/p>\n<p>Dal\u0161\u00ed informace o standardn\u00ed dohod\u011b EFET CEGH o certifik\u00e1tech pro bioplyn naleznete na <a href=\"https:\/\/www.efet.org\/home\/documents?id=42\" target=\"_blank\" rel=\"noopener\">webov\u00fdch str\u00e1nk\u00e1ch EFET<\/a>.<\/p>\n\n    <\/div>\n<\/div>\n                    <\/div>\n                <\/div>\n                        <\/div>\n                    <\/div>\n    \n        \n\n\n\n\n\n\n\n\n\n\n\n\n\n\n\n\n\n\n\n\n\n\n\n\n\n\n\n\n\n\n\n\n            <div\n            class=\"ce ce-download ce--mb-standard \"\n            id=\"block_6180b0367dc4df2278d1823f03a5ebca\">\n            <div class=\"container-fluid\">\n                <div class=\"row\">\n                    <div class=\"col-12 col-lg-10 offset-lg-1\">\n                        <div class=\"text-left\">\n                            <div class=\"ce-textblock\" data-animation=\"true\" data-animation-duration=\"300\">\n    <div class=\"ce-textblock__text\">\n                        \n    <\/div>\n<\/div>\n                        <\/div>\n                    <\/div>\n                    <div class=\"col-12 col-lg-10 offset-lg-1\">\n                        <div class=\"d-flex flex-row flex-wrap\">\n                                                    <\/div>\n                    <\/div>\n                <\/div>\n            <\/div>\n        <\/div>\n\n    \n","protected":false},"excerpt":{"rendered":"","protected":false},"author":8,"featured_media":0,"parent":0,"menu_order":0,"comment_status":"closed","ping_status":"closed","template":"","meta":{"_acf_changed":false,"content-type":"","footnotes":""},"class_list":["post-236868","page","type-page","status-publish","hentry"],"acf":[],"yoast_head":"<!-- This site is optimized with the Yoast SEO plugin v27.3 - https:\/\/yoast.com\/product\/yoast-seo-wordpress\/ -->\n<title>EFET CEGH Biogas Certificates Standard Agreement - CEGH<\/title>\n<meta name=\"description\" content=\"Prozkoumejte standardn\u00ed dohodu EFET CEGH o certifik\u00e1tech pro bioplyn, kter\u00e1 usnad\u0148uje efektivn\u00ed obchodov\u00e1n\u00ed pro evropsk\u00e9 c\u00edle v oblasti zelen\u00fdch plyn\u016f.\" \/>\n<meta name=\"robots\" content=\"index, follow, max-snippet:-1, max-image-preview:large, max-video-preview:-1\" \/>\n<link rel=\"canonical\" href=\"https:\/\/www.cegh.at\/cz\/efet-cegh-biogas-certificates-standard-agreement\/\" \/>\n<meta property=\"og:locale\" content=\"en_US\" \/>\n<meta property=\"og:type\" content=\"article\" \/>\n<meta property=\"og:title\" content=\"EFET CEGH Biogas Certificates Standard Agreement - CEGH\" \/>\n<meta property=\"og:description\" content=\"Prozkoumejte standardn\u00ed dohodu EFET CEGH o certifik\u00e1tech pro bioplyn, kter\u00e1 usnad\u0148uje efektivn\u00ed obchodov\u00e1n\u00ed pro evropsk\u00e9 c\u00edle v oblasti zelen\u00fdch plyn\u016f.\" \/>\n<meta property=\"og:url\" content=\"https:\/\/www.cegh.at\/cz\/efet-cegh-biogas-certificates-standard-agreement\/\" \/>\n<meta property=\"og:site_name\" content=\"CEGH\" \/>\n<meta property=\"article:modified_time\" content=\"2024-03-22T11:09:45+00:00\" \/>\n<meta name=\"twitter:card\" content=\"summary_large_image\" \/>\n<script type=\"application\/ld+json\" class=\"yoast-schema-graph\">{\"@context\":\"https:\\\/\\\/schema.org\",\"@graph\":[{\"@type\":\"WebPage\",\"@id\":\"https:\\\/\\\/www.cegh.at\\\/cz\\\/efet-cegh-biogas-certificates-standard-agreement\\\/\",\"url\":\"https:\\\/\\\/www.cegh.at\\\/cz\\\/efet-cegh-biogas-certificates-standard-agreement\\\/\",\"name\":\"EFET CEGH Biogas Certificates Standard Agreement - CEGH\",\"isPartOf\":{\"@id\":\"https:\\\/\\\/www.cegh.at\\\/cz\\\/#website\"},\"datePublished\":\"2023-08-04T06:54:56+00:00\",\"dateModified\":\"2024-03-22T11:09:45+00:00\",\"description\":\"Prozkoumejte standardn\u00ed dohodu EFET CEGH o certifik\u00e1tech pro bioplyn, kter\u00e1 usnad\u0148uje efektivn\u00ed obchodov\u00e1n\u00ed pro evropsk\u00e9 c\u00edle v oblasti zelen\u00fdch plyn\u016f.\",\"breadcrumb\":{\"@id\":\"https:\\\/\\\/www.cegh.at\\\/cz\\\/efet-cegh-biogas-certificates-standard-agreement\\\/#breadcrumb\"},\"inLanguage\":\"cz-CZ\",\"potentialAction\":[{\"@type\":\"ReadAction\",\"target\":[\"https:\\\/\\\/www.cegh.at\\\/cz\\\/efet-cegh-biogas-certificates-standard-agreement\\\/\"]}]},{\"@type\":\"BreadcrumbList\",\"@id\":\"https:\\\/\\\/www.cegh.at\\\/cz\\\/efet-cegh-biogas-certificates-standard-agreement\\\/#breadcrumb\",\"itemListElement\":[{\"@type\":\"ListItem\",\"position\":1,\"name\":\"Home\",\"item\":\"https:\\\/\\\/www.cegh.at\\\/cz\\\/\"},{\"@type\":\"ListItem\",\"position\":2,\"name\":\"EFET CEGH Biogas Certificates Standard Agreement\"}]},{\"@type\":\"WebSite\",\"@id\":\"https:\\\/\\\/www.cegh.at\\\/cz\\\/#website\",\"url\":\"https:\\\/\\\/www.cegh.at\\\/cz\\\/\",\"name\":\"CEGH\",\"description\":\"\",\"publisher\":{\"@id\":\"https:\\\/\\\/www.cegh.at\\\/cz\\\/#organization\"},\"potentialAction\":[{\"@type\":\"SearchAction\",\"target\":{\"@type\":\"EntryPoint\",\"urlTemplate\":\"https:\\\/\\\/www.cegh.at\\\/cz\\\/?s={search_term_string}\"},\"query-input\":{\"@type\":\"PropertyValueSpecification\",\"valueRequired\":true,\"valueName\":\"search_term_string\"}}],\"inLanguage\":\"cz-CZ\"},{\"@type\":\"Organization\",\"@id\":\"https:\\\/\\\/www.cegh.at\\\/cz\\\/#organization\",\"name\":\"CEGH\",\"url\":\"https:\\\/\\\/www.cegh.at\\\/cz\\\/\",\"logo\":{\"@type\":\"ImageObject\",\"inLanguage\":\"cz-CZ\",\"@id\":\"https:\\\/\\\/www.cegh.at\\\/cz\\\/#\\\/schema\\\/logo\\\/image\\\/\",\"url\":\"https:\\\/\\\/www.cegh.at\\\/wp-content\\\/uploads\\\/2023\\\/05\\\/Hauptlogo_RGB.jpg\",\"contentUrl\":\"https:\\\/\\\/www.cegh.at\\\/wp-content\\\/uploads\\\/2023\\\/05\\\/Hauptlogo_RGB.jpg\",\"width\":3333,\"height\":2500,\"caption\":\"CEGH\"},\"image\":{\"@id\":\"https:\\\/\\\/www.cegh.at\\\/cz\\\/#\\\/schema\\\/logo\\\/image\\\/\"}}]}<\/script>\n<!-- \/ Yoast SEO plugin. -->","yoast_head_json":{"title":"EFET CEGH Biogas Certificates Standard Agreement - CEGH","description":"Prozkoumejte standardn\u00ed dohodu EFET CEGH o certifik\u00e1tech pro bioplyn, kter\u00e1 usnad\u0148uje efektivn\u00ed obchodov\u00e1n\u00ed pro evropsk\u00e9 c\u00edle v oblasti zelen\u00fdch plyn\u016f.","robots":{"index":"index","follow":"follow","max-snippet":"max-snippet:-1","max-image-preview":"max-image-preview:large","max-video-preview":"max-video-preview:-1"},"canonical":"https:\/\/www.cegh.at\/cz\/efet-cegh-biogas-certificates-standard-agreement\/","og_locale":"en_US","og_type":"article","og_title":"EFET CEGH Biogas Certificates Standard Agreement - CEGH","og_description":"Prozkoumejte standardn\u00ed dohodu EFET CEGH o certifik\u00e1tech pro bioplyn, kter\u00e1 usnad\u0148uje efektivn\u00ed obchodov\u00e1n\u00ed pro evropsk\u00e9 c\u00edle v oblasti zelen\u00fdch plyn\u016f.","og_url":"https:\/\/www.cegh.at\/cz\/efet-cegh-biogas-certificates-standard-agreement\/","og_site_name":"CEGH","article_modified_time":"2024-03-22T11:09:45+00:00","twitter_card":"summary_large_image","schema":{"@context":"https:\/\/schema.org","@graph":[{"@type":"WebPage","@id":"https:\/\/www.cegh.at\/cz\/efet-cegh-biogas-certificates-standard-agreement\/","url":"https:\/\/www.cegh.at\/cz\/efet-cegh-biogas-certificates-standard-agreement\/","name":"EFET CEGH Biogas Certificates Standard Agreement - CEGH","isPartOf":{"@id":"https:\/\/www.cegh.at\/cz\/#website"},"datePublished":"2023-08-04T06:54:56+00:00","dateModified":"2024-03-22T11:09:45+00:00","description":"Prozkoumejte standardn\u00ed dohodu EFET CEGH o certifik\u00e1tech pro bioplyn, kter\u00e1 usnad\u0148uje efektivn\u00ed obchodov\u00e1n\u00ed pro evropsk\u00e9 c\u00edle v oblasti zelen\u00fdch plyn\u016f.","breadcrumb":{"@id":"https:\/\/www.cegh.at\/cz\/efet-cegh-biogas-certificates-standard-agreement\/#breadcrumb"},"inLanguage":"cz-CZ","potentialAction":[{"@type":"ReadAction","target":["https:\/\/www.cegh.at\/cz\/efet-cegh-biogas-certificates-standard-agreement\/"]}]},{"@type":"BreadcrumbList","@id":"https:\/\/www.cegh.at\/cz\/efet-cegh-biogas-certificates-standard-agreement\/#breadcrumb","itemListElement":[{"@type":"ListItem","position":1,"name":"Home","item":"https:\/\/www.cegh.at\/cz\/"},{"@type":"ListItem","position":2,"name":"EFET CEGH Biogas Certificates Standard Agreement"}]},{"@type":"WebSite","@id":"https:\/\/www.cegh.at\/cz\/#website","url":"https:\/\/www.cegh.at\/cz\/","name":"CEGH","description":"","publisher":{"@id":"https:\/\/www.cegh.at\/cz\/#organization"},"potentialAction":[{"@type":"SearchAction","target":{"@type":"EntryPoint","urlTemplate":"https:\/\/www.cegh.at\/cz\/?s={search_term_string}"},"query-input":{"@type":"PropertyValueSpecification","valueRequired":true,"valueName":"search_term_string"}}],"inLanguage":"cz-CZ"},{"@type":"Organization","@id":"https:\/\/www.cegh.at\/cz\/#organization","name":"CEGH","url":"https:\/\/www.cegh.at\/cz\/","logo":{"@type":"ImageObject","inLanguage":"cz-CZ","@id":"https:\/\/www.cegh.at\/cz\/#\/schema\/logo\/image\/","url":"https:\/\/www.cegh.at\/wp-content\/uploads\/2023\/05\/Hauptlogo_RGB.jpg","contentUrl":"https:\/\/www.cegh.at\/wp-content\/uploads\/2023\/05\/Hauptlogo_RGB.jpg","width":3333,"height":2500,"caption":"CEGH"},"image":{"@id":"https:\/\/www.cegh.at\/cz\/#\/schema\/logo\/image\/"}}]}},"_links":{"self":[{"href":"https:\/\/www.cegh.at\/cz\/wp-json\/wp\/v2\/pages\/236868","targetHints":{"allow":["GET"]}}],"collection":[{"href":"https:\/\/www.cegh.at\/cz\/wp-json\/wp\/v2\/pages"}],"about":[{"href":"https:\/\/www.cegh.at\/cz\/wp-json\/wp\/v2\/types\/page"}],"author":[{"embeddable":true,"href":"https:\/\/www.cegh.at\/cz\/wp-json\/wp\/v2\/users\/8"}],"replies":[{"embeddable":true,"href":"https:\/\/www.cegh.at\/cz\/wp-json\/wp\/v2\/comments?post=236868"}],"version-history":[{"count":6,"href":"https:\/\/www.cegh.at\/cz\/wp-json\/wp\/v2\/pages\/236868\/revisions"}],"predecessor-version":[{"id":531041,"href":"https:\/\/www.cegh.at\/cz\/wp-json\/wp\/v2\/pages\/236868\/revisions\/531041"}],"wp:attachment":[{"href":"https:\/\/www.cegh.at\/cz\/wp-json\/wp\/v2\/media?parent=236868"}],"curies":[{"name":"wp","href":"https:\/\/api.w.org\/{rel}","templated":true}]}}