{"id":80942,"date":"2023-03-09T11:41:30","date_gmt":"2023-03-09T10:41:30","guid":{"rendered":"https:\/\/www.cegh.at\/vtp-market\/"},"modified":"2026-03-23T10:59:47","modified_gmt":"2026-03-23T09:59:47","slug":"vtp-market","status":"publish","type":"page","link":"https:\/\/www.cegh.at\/cz\/vtp-market\/","title":{"rendered":"TRH VTP"},"content":{"rendered":"\n\n\n\n\n\n\n\n\n\n\n\n\n\n\n\n\n\n\n\n\n\n\n\n\n\n\n\n\n\n\n\n\n                    \n            <div class=\"ce ce-text pb-0\n         ce--mb-small          ce--contrast                  ce--sp-small          ce--full\n             js-bgcontainer u-bg-cc  \"\n             id=\"block_b87386b8f2d0eec765b1bb4f32e1f00b\">\n                                <figure>\n    <picture>\n        <source media=\"(min-width: 1440px)\" srcset=\"https:\/\/www.cegh.at\/wp-content\/uploads\/2023\/05\/vtp_operations_image_iStock-697536322-1920x0-c-default.jpg\">\n        <source media=\"(min-width: 1200px)\" srcset=\"https:\/\/www.cegh.at\/wp-content\/uploads\/2023\/05\/vtp_operations_image_iStock-697536322-1440x0-c-default.jpg\">\n        <source media=\"(min-width: 992px)\" srcset=\"https:\/\/www.cegh.at\/wp-content\/uploads\/2023\/05\/vtp_operations_image_iStock-697536322-1200x0-c-default.jpg\">\n        <source media=\"(min-width: 768px)\" srcset=\"https:\/\/www.cegh.at\/wp-content\/uploads\/2023\/05\/vtp_operations_image_iStock-697536322-992x0-c-default.jpg\">\n        <source media=\"(min-width: 576px)\" srcset=\"https:\/\/www.cegh.at\/wp-content\/uploads\/2023\/05\/vtp_operations_image_iStock-697536322-768x0-c-default.jpg\">\n        <source media=\"(min-width: 320px)\" srcset=\"https:\/\/www.cegh.at\/wp-content\/uploads\/2023\/05\/vtp_operations_image_iStock-697536322-576x0-c-default.jpg\">\n        <source srcset=\"https:\/\/www.cegh.at\/wp-content\/uploads\/2023\/05\/vtp_operations_image_iStock-697536322-576x0-c-default.jpg\">\n        <img loading=\"lazy\" decoding=\"async\" src=\"https:\/\/www.cegh.at\/wp-content\/uploads\/2023\/05\/vtp_operations_image_iStock-697536322-1920x0-c-default.jpg\" width=\"3864\"\n             height=\"2577\" alt=\"\" title=\"Industrial pipelines\" class=\"img-fluid w-100 js-bgimage\">\n    <\/picture>\n<\/figure>\n                <div class=\"ce-text__gradient ce-text__gradient--center js-gradient\"><\/div>\n                <div class=\"ce-text__gradient--base\"><\/div>\n                                    <div class=\"container-fluid\">\n                            <div class=\"row\">\n                    <div class=\"cc-text__text col-12 col-md-12 col-xl-12 mx-auto text-left\">\n                        <div class=\"ce-textblock\" data-animation=\"true\" data-animation-duration=\"300\">\n    <div class=\"ce-textblock__text\">\n                            <h1 class=\"\"> Multi-obchodn\u00ed syst\u00e9m pro dvoustrann\u00e9 smlouvy <\/h1>\n                \n    <\/div>\n<\/div>\n                    <\/div>\n                <\/div>\n                        <\/div>\n                    <\/div>\n    \n        \n\n\n\n\n\n\n\n\n\n\n\n\n\n\n\n\n\n\n\n\n\n\n\n\n\n\n\n\n\n\n\n\n\n\n                    \n            <div class=\"ce ce-text pb-0\n         ce--mb-standard                                 \"\n             id=\"block_5e2a91fa620d5f1e44667b6d49417c4c\">\n                                    <div class=\"container-fluid\">\n                            <div class=\"row\">\n                    <div class=\"cc-text__text col-12 col-md-12 col-xl-12 mx-auto text-left\">\n                        <div class=\"ce-textblock\" data-animation=\"true\" data-animation-duration=\"300\">\n    <div class=\"ce-textblock__text\">\n                        <h5>MIMOBURZOVN\u00cd TRH CEGH VTP<\/h5>\n<p>Mimoburzovn\u00ed Trh CEGH VTP se stal \u00fast\u0159edn\u00ed platformou modern\u00edho obchodov\u00e1n\u00ed s plynem ve st\u0159edn\u00ed Evrop\u011b. CEGH poskytuje vysoce p\u0159izp\u016fsobivou nejmodern\u011bj\u0161\u00ed on-line platformu pro \u0159e\u0161en\u00ed bilater\u00e1ln\u00edch plyn\u00e1rensk\u00fdch \u010dinnost\u00ed na rakousk\u00e9m trhu, kde je provozovatelem Virtu\u00e1ln\u00edho Obchodn\u00edho Bodu pro vstupn\u00ed\/v\u00fdstupn\u00ed tr\u017en\u00ed model (entry\/exit market model).<\/p>\n<p>Syst\u00e9m <strong>CEGH Multi Trading<\/strong> umo\u017e\u0148uje vypo\u0159\u00e1d\u00e1n\u00ed dvoustrann\u00fdch obchod\u016f skrz jejich propojen\u00ed s p\u0159\u00edvodem a odvodem plynu na n\u011bkolika vstupn\u00edch a v\u00fdstupn\u00edch rakousk\u00fdch p\u0159eshrani\u010dn\u00edch bodech, se z\u00e1sobn\u00edky plynu a s dom\u00e1c\u00ed rakouskou s\u00edt\u00ed. Z\u00e1kazn\u00edci se proto mohou spol\u00e9hat na CEGH jako\u017eto na spole\u010dnost, kter\u00e1 dohl\u00ed\u017e\u00ed na realizaci operac\u00ed, a kter\u00e1 se ve spolupr\u00e1ci se Spr\u00e1vcem tr\u017en\u00ed oblasti (MAM) star\u00e1 o skute\u010dn\u00fd fyzick\u00fd tok ve\u0161ker\u00e9ho zobchodovan\u00e9ho plynu a p\u0159esn\u00e9ho napln\u011bn\u00ed nominovan\u00fdch a sesouhlasen\u00fdch mno\u017estv\u00ed.<\/p>\n<p>Klikn\u011bte zde pro <a class=\"u-color-green\" href=\"https:\/\/www.cegh.at\/en\/application\/\">registraci<\/a> nebo <a href=\"https:\/\/www.gashub.at\/nomination\/overview.xhtml\"><span style=\"color: #99cc00;\">p\u0159ihl\u00e1\u0161en\u00ed do Multi-obchodn\u00edho syst\u00e9mu CEGH (CMT).<\/span><\/a><\/p>\n\n    <\/div>\n<\/div>\n                    <\/div>\n                <\/div>\n                        <\/div>\n                    <\/div>\n    \n        \n\n\n\n\n\n\n\n\n\n\n\n\n\n\n\n\n\n\n\n\n\n\n\n\n\n\n\n\n\n\n\n\n\n\n                \n\n    \n    \n","protected":false},"excerpt":{"rendered":"","protected":false},"author":4,"featured_media":0,"parent":0,"menu_order":0,"comment_status":"closed","ping_status":"closed","template":"","meta":{"_acf_changed":false,"content-type":"","footnotes":""},"class_list":["post-80942","page","type-page","status-publish","hentry"],"acf":[],"yoast_head":"<!-- This site is optimized with the Yoast SEO plugin v27.3 - https:\/\/yoast.com\/product\/yoast-seo-wordpress\/ -->\n<title>VTP Multi Trading System - CEGH<\/title>\n<meta name=\"description\" content=\"Prozkoumejte syst\u00e9m CEGH VTP Multi Trading System pro dvoustrann\u00e9 smlouvy o dod\u00e1vk\u00e1ch zemn\u00edho plynu, kter\u00fd pos\u00edl\u00ed obchodov\u00e1n\u00ed s plynem ve st\u0159edn\u00ed Evrop\u011b. Zaregistrujte se pro bezprobl\u00e9mov\u00e9 obchodov\u00e1n\u00ed.\" \/>\n<meta name=\"robots\" content=\"index, follow, max-snippet:-1, max-image-preview:large, max-video-preview:-1\" \/>\n<link rel=\"canonical\" href=\"https:\/\/www.cegh.at\/cz\/vtp-market\/\" \/>\n<meta property=\"og:locale\" content=\"en_US\" \/>\n<meta property=\"og:type\" content=\"article\" \/>\n<meta property=\"og:title\" content=\"VTP Multi Trading System - CEGH\" \/>\n<meta property=\"og:description\" content=\"Prozkoumejte syst\u00e9m CEGH VTP Multi Trading System pro dvoustrann\u00e9 smlouvy o dod\u00e1vk\u00e1ch zemn\u00edho plynu, kter\u00fd pos\u00edl\u00ed obchodov\u00e1n\u00ed s plynem ve st\u0159edn\u00ed Evrop\u011b. Zaregistrujte se pro bezprobl\u00e9mov\u00e9 obchodov\u00e1n\u00ed.\" \/>\n<meta property=\"og:url\" content=\"https:\/\/www.cegh.at\/cz\/vtp-market\/\" \/>\n<meta property=\"og:site_name\" content=\"CEGH\" \/>\n<meta property=\"article:modified_time\" content=\"2026-03-23T09:59:47+00:00\" \/>\n<meta name=\"twitter:card\" content=\"summary_large_image\" \/>\n<script type=\"application\/ld+json\" class=\"yoast-schema-graph\">{\"@context\":\"https:\\\/\\\/schema.org\",\"@graph\":[{\"@type\":\"WebPage\",\"@id\":\"https:\\\/\\\/www.cegh.at\\\/cz\\\/vtp-market\\\/\",\"url\":\"https:\\\/\\\/www.cegh.at\\\/cz\\\/vtp-market\\\/\",\"name\":\"VTP Multi Trading System - CEGH\",\"isPartOf\":{\"@id\":\"https:\\\/\\\/www.cegh.at\\\/cz\\\/#website\"},\"datePublished\":\"2023-03-09T10:41:30+00:00\",\"dateModified\":\"2026-03-23T09:59:47+00:00\",\"description\":\"Prozkoumejte syst\u00e9m CEGH VTP Multi Trading System pro dvoustrann\u00e9 smlouvy o dod\u00e1vk\u00e1ch zemn\u00edho plynu, kter\u00fd pos\u00edl\u00ed obchodov\u00e1n\u00ed s plynem ve st\u0159edn\u00ed Evrop\u011b. Zaregistrujte se pro bezprobl\u00e9mov\u00e9 obchodov\u00e1n\u00ed.\",\"breadcrumb\":{\"@id\":\"https:\\\/\\\/www.cegh.at\\\/cz\\\/vtp-market\\\/#breadcrumb\"},\"inLanguage\":\"cz-CZ\",\"potentialAction\":[{\"@type\":\"ReadAction\",\"target\":[\"https:\\\/\\\/www.cegh.at\\\/cz\\\/vtp-market\\\/\"]}]},{\"@type\":\"BreadcrumbList\",\"@id\":\"https:\\\/\\\/www.cegh.at\\\/cz\\\/vtp-market\\\/#breadcrumb\",\"itemListElement\":[{\"@type\":\"ListItem\",\"position\":1,\"name\":\"Home\",\"item\":\"https:\\\/\\\/www.cegh.at\\\/cz\\\/\"},{\"@type\":\"ListItem\",\"position\":2,\"name\":\"TRH VTP\"}]},{\"@type\":\"WebSite\",\"@id\":\"https:\\\/\\\/www.cegh.at\\\/cz\\\/#website\",\"url\":\"https:\\\/\\\/www.cegh.at\\\/cz\\\/\",\"name\":\"CEGH\",\"description\":\"\",\"publisher\":{\"@id\":\"https:\\\/\\\/www.cegh.at\\\/cz\\\/#organization\"},\"potentialAction\":[{\"@type\":\"SearchAction\",\"target\":{\"@type\":\"EntryPoint\",\"urlTemplate\":\"https:\\\/\\\/www.cegh.at\\\/cz\\\/?s={search_term_string}\"},\"query-input\":{\"@type\":\"PropertyValueSpecification\",\"valueRequired\":true,\"valueName\":\"search_term_string\"}}],\"inLanguage\":\"cz-CZ\"},{\"@type\":\"Organization\",\"@id\":\"https:\\\/\\\/www.cegh.at\\\/cz\\\/#organization\",\"name\":\"CEGH\",\"url\":\"https:\\\/\\\/www.cegh.at\\\/cz\\\/\",\"logo\":{\"@type\":\"ImageObject\",\"inLanguage\":\"cz-CZ\",\"@id\":\"https:\\\/\\\/www.cegh.at\\\/cz\\\/#\\\/schema\\\/logo\\\/image\\\/\",\"url\":\"https:\\\/\\\/www.cegh.at\\\/wp-content\\\/uploads\\\/2023\\\/05\\\/Hauptlogo_RGB.jpg\",\"contentUrl\":\"https:\\\/\\\/www.cegh.at\\\/wp-content\\\/uploads\\\/2023\\\/05\\\/Hauptlogo_RGB.jpg\",\"width\":3333,\"height\":2500,\"caption\":\"CEGH\"},\"image\":{\"@id\":\"https:\\\/\\\/www.cegh.at\\\/cz\\\/#\\\/schema\\\/logo\\\/image\\\/\"}}]}<\/script>\n<!-- \/ Yoast SEO plugin. -->","yoast_head_json":{"title":"VTP Multi Trading System - CEGH","description":"Prozkoumejte syst\u00e9m CEGH VTP Multi Trading System pro dvoustrann\u00e9 smlouvy o dod\u00e1vk\u00e1ch zemn\u00edho plynu, kter\u00fd pos\u00edl\u00ed obchodov\u00e1n\u00ed s plynem ve st\u0159edn\u00ed Evrop\u011b. Zaregistrujte se pro bezprobl\u00e9mov\u00e9 obchodov\u00e1n\u00ed.","robots":{"index":"index","follow":"follow","max-snippet":"max-snippet:-1","max-image-preview":"max-image-preview:large","max-video-preview":"max-video-preview:-1"},"canonical":"https:\/\/www.cegh.at\/cz\/vtp-market\/","og_locale":"en_US","og_type":"article","og_title":"VTP Multi Trading System - CEGH","og_description":"Prozkoumejte syst\u00e9m CEGH VTP Multi Trading System pro dvoustrann\u00e9 smlouvy o dod\u00e1vk\u00e1ch zemn\u00edho plynu, kter\u00fd pos\u00edl\u00ed obchodov\u00e1n\u00ed s plynem ve st\u0159edn\u00ed Evrop\u011b. Zaregistrujte se pro bezprobl\u00e9mov\u00e9 obchodov\u00e1n\u00ed.","og_url":"https:\/\/www.cegh.at\/cz\/vtp-market\/","og_site_name":"CEGH","article_modified_time":"2026-03-23T09:59:47+00:00","twitter_card":"summary_large_image","schema":{"@context":"https:\/\/schema.org","@graph":[{"@type":"WebPage","@id":"https:\/\/www.cegh.at\/cz\/vtp-market\/","url":"https:\/\/www.cegh.at\/cz\/vtp-market\/","name":"VTP Multi Trading System - CEGH","isPartOf":{"@id":"https:\/\/www.cegh.at\/cz\/#website"},"datePublished":"2023-03-09T10:41:30+00:00","dateModified":"2026-03-23T09:59:47+00:00","description":"Prozkoumejte syst\u00e9m CEGH VTP Multi Trading System pro dvoustrann\u00e9 smlouvy o dod\u00e1vk\u00e1ch zemn\u00edho plynu, kter\u00fd pos\u00edl\u00ed obchodov\u00e1n\u00ed s plynem ve st\u0159edn\u00ed Evrop\u011b. Zaregistrujte se pro bezprobl\u00e9mov\u00e9 obchodov\u00e1n\u00ed.","breadcrumb":{"@id":"https:\/\/www.cegh.at\/cz\/vtp-market\/#breadcrumb"},"inLanguage":"cz-CZ","potentialAction":[{"@type":"ReadAction","target":["https:\/\/www.cegh.at\/cz\/vtp-market\/"]}]},{"@type":"BreadcrumbList","@id":"https:\/\/www.cegh.at\/cz\/vtp-market\/#breadcrumb","itemListElement":[{"@type":"ListItem","position":1,"name":"Home","item":"https:\/\/www.cegh.at\/cz\/"},{"@type":"ListItem","position":2,"name":"TRH VTP"}]},{"@type":"WebSite","@id":"https:\/\/www.cegh.at\/cz\/#website","url":"https:\/\/www.cegh.at\/cz\/","name":"CEGH","description":"","publisher":{"@id":"https:\/\/www.cegh.at\/cz\/#organization"},"potentialAction":[{"@type":"SearchAction","target":{"@type":"EntryPoint","urlTemplate":"https:\/\/www.cegh.at\/cz\/?s={search_term_string}"},"query-input":{"@type":"PropertyValueSpecification","valueRequired":true,"valueName":"search_term_string"}}],"inLanguage":"cz-CZ"},{"@type":"Organization","@id":"https:\/\/www.cegh.at\/cz\/#organization","name":"CEGH","url":"https:\/\/www.cegh.at\/cz\/","logo":{"@type":"ImageObject","inLanguage":"cz-CZ","@id":"https:\/\/www.cegh.at\/cz\/#\/schema\/logo\/image\/","url":"https:\/\/www.cegh.at\/wp-content\/uploads\/2023\/05\/Hauptlogo_RGB.jpg","contentUrl":"https:\/\/www.cegh.at\/wp-content\/uploads\/2023\/05\/Hauptlogo_RGB.jpg","width":3333,"height":2500,"caption":"CEGH"},"image":{"@id":"https:\/\/www.cegh.at\/cz\/#\/schema\/logo\/image\/"}}]}},"_links":{"self":[{"href":"https:\/\/www.cegh.at\/cz\/wp-json\/wp\/v2\/pages\/80942","targetHints":{"allow":["GET"]}}],"collection":[{"href":"https:\/\/www.cegh.at\/cz\/wp-json\/wp\/v2\/pages"}],"about":[{"href":"https:\/\/www.cegh.at\/cz\/wp-json\/wp\/v2\/types\/page"}],"author":[{"embeddable":true,"href":"https:\/\/www.cegh.at\/cz\/wp-json\/wp\/v2\/users\/4"}],"replies":[{"embeddable":true,"href":"https:\/\/www.cegh.at\/cz\/wp-json\/wp\/v2\/comments?post=80942"}],"version-history":[{"count":12,"href":"https:\/\/www.cegh.at\/cz\/wp-json\/wp\/v2\/pages\/80942\/revisions"}],"predecessor-version":[{"id":1461401,"href":"https:\/\/www.cegh.at\/cz\/wp-json\/wp\/v2\/pages\/80942\/revisions\/1461401"}],"wp:attachment":[{"href":"https:\/\/www.cegh.at\/cz\/wp-json\/wp\/v2\/media?parent=80942"}],"curies":[{"name":"wp","href":"https:\/\/api.w.org\/{rel}","templated":true}]}}