{"id":82053,"date":"2023-03-14T10:14:54","date_gmt":"2023-03-14T09:14:54","guid":{"rendered":"https:\/\/www.cegh.at\/vtp-market\/informace-o-trhu\/"},"modified":"2024-03-21T10:49:14","modified_gmt":"2024-03-21T09:49:14","slug":"informace-o-trhu","status":"publish","type":"page","link":"https:\/\/www.cegh.at\/cz\/vtp-market\/informace-o-trhu\/","title":{"rendered":"Informace o trhu"},"content":{"rendered":"\n\n\n\n\n\n\n\n\n\n\n\n    \n\n\n\n\n\n\n\n\n\n\n\n\n\n\n\n\n\n\n\n\n                    \n            <div class=\"ce ce-text pb-0\n         ce--mb-0                          ce--sp-small          ce--full\n             u-bgColor-white \"\n             id=\"block_a78b259b5a7452d818938417c7fc13ac\">\n                                    <div class=\"container-fluid\">\n                            <div class=\"row\">\n                    <div class=\"cc-text__text col-12 col-md-12 col-xl-12 mx-auto text-left\">\n                        <div class=\"ce-textblock\" data-animation=\"true\" data-animation-duration=\"300\">\n    <div class=\"ce-textblock__text\">\n                    <p class=\"ce-textblock__topline\">TRH VTP<\/p>\n                            <h1 class=\"\"> Informace o trhu <\/h1>\n                <p>&nbsp;<\/p>\n<h5><span data-contrast=\"none\">RAKOUSK\u00dd MODEL TRHU S PLYNEM 2013<\/span><\/h5>\n<p><span data-contrast=\"none\">Zaveden\u00ed T\u0159et\u00edho energetick\u00e9ho bal\u00ed\u010dku<\/span> <span data-contrast=\"none\">EU vy\u017eadovalo implementaci nov\u00e9ho vstupn\u00edho a v\u00fdstupn\u00edho re\u017eimu<\/span> <b><span data-contrast=\"none\">(entry-exit regime)<\/span><\/b><span data-contrast=\"none\">. M\u00edsto p\u0159epravy z bodu do bodu se fyzick\u00fd pohyb plynu uskute\u010d\u0148uje p\u0159es vstupn\u00ed a v\u00fdstupn\u00ed body, nez\u00e1visle na p\u0159epravn\u00edch tras\u00e1ch. T\u00edm se oblast trhu ve v\u00fdchodn\u00ed \u010d\u00e1sti Rakouska zm\u011bnila na jednu z\u00f3nu, kter\u00e1 zahrnuje p\u0159epravn\u00ed, z\u00e1sobovac\u00ed a skladovac\u00ed aktivity. Dal\u0161\u00edm d\u016fsledkem zaveden\u00ed nov\u00e9ho re\u017eimu je p\u0159em\u011bna odd\u011blen\u00fdch obchodn\u00edch m\u00edst v cel\u00e9m Rakousku na jeden<\/span> <a class=\"u-color-green\" href=\"https:\/\/www.cegh.at\/en\/vtp-market\/\">Virtu\u00e1ln\u00ed Obchodn\u00ed Bod<\/a> <span data-contrast=\"none\">provozovan\u00fd spole\u010dnost\u00ed CEGH<\/span>.<b><span data-contrast=\"none\"> <\/span><\/b><span data-ccp-props=\"{\"201341983\":0,\"335551550\":6,\"335551620\":6,\"335559685\":370,\"335559737\":780,\"335559739\":5,\"335559740\":360,\"335559991\":10}\"> <\/span><\/p>\n\n    <\/div>\n<\/div>\n                    <\/div>\n                <\/div>\n                        <\/div>\n                    <\/div>\n    \n        \n\n\n\n\n\n\n\n\n\n\n\n\n\n\n\n\n\n\n\n\n\n\n\n\n\n\n\n\n\n\n\n    \n        \n        \n    \n                                \n                            \n                                \n    \n    \n        \n    \n                                 \n            <div class=\"ce ce-textimage\n         ce--mb-standard                                                     ce--no-bg\n        \"\n             id=\"block_c7cf1e7bb8814ef6b93c3d4786f9e27a\">\n                                    <div class=\"container-fluid\">\n                                <div class=\"row\">\n                    <div class=\"ce-textimage__text col-12 col-md-12 col-xl-8 mx-auto text-left order-1 order-md-0 d-flex flex-column justify-content-start\">\n                        <div class=\"ce-textblock\" data-animation=\"true\" data-animation-duration=\"300\">\n    <div class=\"ce-textblock__text\">\n                        <p>Vstupn\u00ed a v\u00fdstupn\u00ed re\u017eim p\u0159in\u00e1\u0161\u00ed nov\u00e1 pravidla pro z\u00fa\u010dtov\u00e1n\u00ed v dan\u00e9 tr\u017en\u00ed oblasti a vy\u017eaduje nestrann\u00e9 obchodov\u00e1n\u00ed s vyrovn\u00e1vac\u00edmi mno\u017estv\u00edmi energie. V\u0161echny nominovan\u00e9 objemy plynu jsou kontrolov\u00e1ny denn\u011b, a to po skon\u010den\u00ed ka\u017ed\u00e9 hodiny. V p\u0159\u00edpad\u011b fyzick\u00e9 nerovnov\u00e1hy v tr\u017en\u00ed oblasti v\u00fdchod vyrovn\u00e1v\u00e1 spr\u00e1vce tr\u017en\u00ed a distribu\u010dn\u00ed oblasti p\u0159\u00edslu\u0161n\u00e9 objemy jm\u00e9nem a na \u00fa\u010det subjektu bilancov\u00e1n\u00ed. Subjekt bilancov\u00e1n\u00ed pak ka\u017ed\u00fd m\u011bs\u00edc finan\u010dn\u011b vyrovn\u00e1v\u00e1 nerovnov\u00e1hu s odpov\u011bdn\u00fdmi stranami bilan\u010dn\u00ed skupiny. Spole\u010dnost CEGH proto zavedla denn\u00ed trh, kter\u00fd nab\u00edz\u00ed mo\u017enosti transparentn\u00edho obchodov\u00e1n\u00ed na z\u00e1klad\u011b burzovn\u00ed ceny. V r\u00e1mci denn\u00edho trhu umo\u017e\u0148uje spr\u00e1vci trhu a distribu\u010dn\u00ed oblasti nejen dodr\u017eovat z\u00e1kony, ale tak\u00e9 nab\u00edz\u00ed aktivn\u00edm obchodn\u00edk\u016fm mo\u017enost doplnit jejich obchodn\u00ed \u010dinnost.<\/p>\n\n    <\/div>\n<\/div>\n                    <\/div>\n                    <div class=\"ce-textimage__image col-12 col-md-12 col-xl-4 order-0 order-md-1 d-flex flex-column justify-content-start\">\n                        <figure  data-animation=\"fade-up\" data-animation-duration=\"300\" >\n                                                                                            <picture>\n                                                                            \n                                        \n                                                                                                                                                                \n                                        <source media=\"(min-width: 1600px)\" srcset=\"https:\/\/www.cegh.at\/wp-content\/uploads\/2023\/05\/circle_chart-533.33333333333x0-c-default.png\">\n                                        <source media=\"(min-width: 1200px)\" srcset=\"https:\/\/www.cegh.at\/wp-content\/uploads\/2023\/05\/circle_chart-533.33333333333x0-c-default.png\">\n                                        <source media=\"(min-width: 992px)\" srcset=\"https:\/\/www.cegh.at\/wp-content\/uploads\/2023\/05\/circle_chart-992x0-c-default.png\">\n                                        <source media=\"(min-width: 768px)\" srcset=\"https:\/\/www.cegh.at\/wp-content\/uploads\/2023\/05\/circle_chart-992x0-c-default.png\">\n                                        <source media=\"(min-width: 576px)\" srcset=\"https:\/\/www.cegh.at\/wp-content\/uploads\/2023\/05\/circle_chart-576x0-c-default.png\">\n                                        <source media=\"(min-width: 320px)\" srcset=\"https:\/\/www.cegh.at\/wp-content\/uploads\/2023\/05\/circle_chart-576x0-c-default.png\">\n                                        <source srcset=\"https:\/\/www.cegh.at\/wp-content\/uploads\/2023\/05\/circle_chart-576x0-c-default.png\">\n                                        <img loading=\"lazy\" decoding=\"async\" src=\"https:\/\/www.cegh.at\/wp-content\/uploads\/2023\/05\/circle_chart-533.33333333333x0-c-default.png\" alt=\"\" title=\"circle_chart\"\n                                             width=\"1426\" height=\"1440\"\n                                             class=\"img-fluid w-100\">\n                                                                    <\/picture>\n                            \n                                                    <\/figure>\n                    <\/div>\n                <\/div>\n                            <\/div>\n                    <\/div>\n    \n        ","protected":false},"excerpt":{"rendered":"","protected":false},"author":4,"featured_media":0,"parent":80942,"menu_order":0,"comment_status":"closed","ping_status":"closed","template":"","meta":{"_acf_changed":false,"content-type":"","footnotes":""},"class_list":["post-82053","page","type-page","status-publish","hentry"],"acf":[],"yoast_head":"<!-- This site is optimized with the Yoast SEO plugin v27.3 - https:\/\/yoast.com\/product\/yoast-seo-wordpress\/ -->\n<title>Informace o trhu - CEGH<\/title>\n<meta name=\"description\" content=\"Objevte model rakousk\u00e9ho trhu s plynem v roce 2013 po p\u0159ijet\u00ed 3. energetick\u00e9ho bal\u00ed\u010dku EU. Seznamte se s re\u017eimem vstupu\/v\u00fdstupu, VTP a informacemi o trhu.\" \/>\n<meta name=\"robots\" content=\"index, follow, max-snippet:-1, max-image-preview:large, max-video-preview:-1\" \/>\n<link rel=\"canonical\" href=\"https:\/\/www.cegh.at\/cz\/vtp-market\/informace-o-trhu\/\" \/>\n<meta property=\"og:locale\" content=\"en_US\" \/>\n<meta property=\"og:type\" content=\"article\" \/>\n<meta property=\"og:title\" content=\"Informace o trhu - CEGH\" \/>\n<meta property=\"og:description\" content=\"Objevte model rakousk\u00e9ho trhu s plynem v roce 2013 po p\u0159ijet\u00ed 3. energetick\u00e9ho bal\u00ed\u010dku EU. Seznamte se s re\u017eimem vstupu\/v\u00fdstupu, VTP a informacemi o trhu.\" \/>\n<meta property=\"og:url\" content=\"https:\/\/www.cegh.at\/cz\/vtp-market\/informace-o-trhu\/\" \/>\n<meta property=\"og:site_name\" content=\"CEGH\" \/>\n<meta property=\"article:modified_time\" content=\"2024-03-21T09:49:14+00:00\" \/>\n<meta name=\"twitter:card\" content=\"summary_large_image\" \/>\n<script type=\"application\/ld+json\" class=\"yoast-schema-graph\">{\"@context\":\"https:\\\/\\\/schema.org\",\"@graph\":[{\"@type\":\"WebPage\",\"@id\":\"https:\\\/\\\/www.cegh.at\\\/cz\\\/vtp-market\\\/informace-o-trhu\\\/\",\"url\":\"https:\\\/\\\/www.cegh.at\\\/cz\\\/vtp-market\\\/informace-o-trhu\\\/\",\"name\":\"Informace o trhu - CEGH\",\"isPartOf\":{\"@id\":\"https:\\\/\\\/www.cegh.at\\\/cz\\\/#website\"},\"datePublished\":\"2023-03-14T09:14:54+00:00\",\"dateModified\":\"2024-03-21T09:49:14+00:00\",\"description\":\"Objevte model rakousk\u00e9ho trhu s plynem v roce 2013 po p\u0159ijet\u00ed 3. energetick\u00e9ho bal\u00ed\u010dku EU. Seznamte se s re\u017eimem vstupu\\\/v\u00fdstupu, VTP a informacemi o trhu.\",\"breadcrumb\":{\"@id\":\"https:\\\/\\\/www.cegh.at\\\/cz\\\/vtp-market\\\/informace-o-trhu\\\/#breadcrumb\"},\"inLanguage\":\"cz-CZ\",\"potentialAction\":[{\"@type\":\"ReadAction\",\"target\":[\"https:\\\/\\\/www.cegh.at\\\/cz\\\/vtp-market\\\/informace-o-trhu\\\/\"]}]},{\"@type\":\"BreadcrumbList\",\"@id\":\"https:\\\/\\\/www.cegh.at\\\/cz\\\/vtp-market\\\/informace-o-trhu\\\/#breadcrumb\",\"itemListElement\":[{\"@type\":\"ListItem\",\"position\":1,\"name\":\"Home\",\"item\":\"https:\\\/\\\/www.cegh.at\\\/cz\\\/\"},{\"@type\":\"ListItem\",\"position\":2,\"name\":\"TRH VTP\",\"item\":\"https:\\\/\\\/www.cegh.at\\\/cz\\\/vtp-market\\\/\"},{\"@type\":\"ListItem\",\"position\":3,\"name\":\"Informace o trhu\"}]},{\"@type\":\"WebSite\",\"@id\":\"https:\\\/\\\/www.cegh.at\\\/cz\\\/#website\",\"url\":\"https:\\\/\\\/www.cegh.at\\\/cz\\\/\",\"name\":\"CEGH\",\"description\":\"\",\"publisher\":{\"@id\":\"https:\\\/\\\/www.cegh.at\\\/cz\\\/#organization\"},\"potentialAction\":[{\"@type\":\"SearchAction\",\"target\":{\"@type\":\"EntryPoint\",\"urlTemplate\":\"https:\\\/\\\/www.cegh.at\\\/cz\\\/?s={search_term_string}\"},\"query-input\":{\"@type\":\"PropertyValueSpecification\",\"valueRequired\":true,\"valueName\":\"search_term_string\"}}],\"inLanguage\":\"cz-CZ\"},{\"@type\":\"Organization\",\"@id\":\"https:\\\/\\\/www.cegh.at\\\/cz\\\/#organization\",\"name\":\"CEGH\",\"url\":\"https:\\\/\\\/www.cegh.at\\\/cz\\\/\",\"logo\":{\"@type\":\"ImageObject\",\"inLanguage\":\"cz-CZ\",\"@id\":\"https:\\\/\\\/www.cegh.at\\\/cz\\\/#\\\/schema\\\/logo\\\/image\\\/\",\"url\":\"https:\\\/\\\/www.cegh.at\\\/wp-content\\\/uploads\\\/2023\\\/05\\\/Hauptlogo_RGB.jpg\",\"contentUrl\":\"https:\\\/\\\/www.cegh.at\\\/wp-content\\\/uploads\\\/2023\\\/05\\\/Hauptlogo_RGB.jpg\",\"width\":3333,\"height\":2500,\"caption\":\"CEGH\"},\"image\":{\"@id\":\"https:\\\/\\\/www.cegh.at\\\/cz\\\/#\\\/schema\\\/logo\\\/image\\\/\"}}]}<\/script>\n<!-- \/ Yoast SEO plugin. -->","yoast_head_json":{"title":"Informace o trhu - CEGH","description":"Objevte model rakousk\u00e9ho trhu s plynem v roce 2013 po p\u0159ijet\u00ed 3. energetick\u00e9ho bal\u00ed\u010dku EU. Seznamte se s re\u017eimem vstupu\/v\u00fdstupu, VTP a informacemi o trhu.","robots":{"index":"index","follow":"follow","max-snippet":"max-snippet:-1","max-image-preview":"max-image-preview:large","max-video-preview":"max-video-preview:-1"},"canonical":"https:\/\/www.cegh.at\/cz\/vtp-market\/informace-o-trhu\/","og_locale":"en_US","og_type":"article","og_title":"Informace o trhu - CEGH","og_description":"Objevte model rakousk\u00e9ho trhu s plynem v roce 2013 po p\u0159ijet\u00ed 3. energetick\u00e9ho bal\u00ed\u010dku EU. Seznamte se s re\u017eimem vstupu\/v\u00fdstupu, VTP a informacemi o trhu.","og_url":"https:\/\/www.cegh.at\/cz\/vtp-market\/informace-o-trhu\/","og_site_name":"CEGH","article_modified_time":"2024-03-21T09:49:14+00:00","twitter_card":"summary_large_image","schema":{"@context":"https:\/\/schema.org","@graph":[{"@type":"WebPage","@id":"https:\/\/www.cegh.at\/cz\/vtp-market\/informace-o-trhu\/","url":"https:\/\/www.cegh.at\/cz\/vtp-market\/informace-o-trhu\/","name":"Informace o trhu - CEGH","isPartOf":{"@id":"https:\/\/www.cegh.at\/cz\/#website"},"datePublished":"2023-03-14T09:14:54+00:00","dateModified":"2024-03-21T09:49:14+00:00","description":"Objevte model rakousk\u00e9ho trhu s plynem v roce 2013 po p\u0159ijet\u00ed 3. energetick\u00e9ho bal\u00ed\u010dku EU. Seznamte se s re\u017eimem vstupu\/v\u00fdstupu, VTP a informacemi o trhu.","breadcrumb":{"@id":"https:\/\/www.cegh.at\/cz\/vtp-market\/informace-o-trhu\/#breadcrumb"},"inLanguage":"cz-CZ","potentialAction":[{"@type":"ReadAction","target":["https:\/\/www.cegh.at\/cz\/vtp-market\/informace-o-trhu\/"]}]},{"@type":"BreadcrumbList","@id":"https:\/\/www.cegh.at\/cz\/vtp-market\/informace-o-trhu\/#breadcrumb","itemListElement":[{"@type":"ListItem","position":1,"name":"Home","item":"https:\/\/www.cegh.at\/cz\/"},{"@type":"ListItem","position":2,"name":"TRH VTP","item":"https:\/\/www.cegh.at\/cz\/vtp-market\/"},{"@type":"ListItem","position":3,"name":"Informace o trhu"}]},{"@type":"WebSite","@id":"https:\/\/www.cegh.at\/cz\/#website","url":"https:\/\/www.cegh.at\/cz\/","name":"CEGH","description":"","publisher":{"@id":"https:\/\/www.cegh.at\/cz\/#organization"},"potentialAction":[{"@type":"SearchAction","target":{"@type":"EntryPoint","urlTemplate":"https:\/\/www.cegh.at\/cz\/?s={search_term_string}"},"query-input":{"@type":"PropertyValueSpecification","valueRequired":true,"valueName":"search_term_string"}}],"inLanguage":"cz-CZ"},{"@type":"Organization","@id":"https:\/\/www.cegh.at\/cz\/#organization","name":"CEGH","url":"https:\/\/www.cegh.at\/cz\/","logo":{"@type":"ImageObject","inLanguage":"cz-CZ","@id":"https:\/\/www.cegh.at\/cz\/#\/schema\/logo\/image\/","url":"https:\/\/www.cegh.at\/wp-content\/uploads\/2023\/05\/Hauptlogo_RGB.jpg","contentUrl":"https:\/\/www.cegh.at\/wp-content\/uploads\/2023\/05\/Hauptlogo_RGB.jpg","width":3333,"height":2500,"caption":"CEGH"},"image":{"@id":"https:\/\/www.cegh.at\/cz\/#\/schema\/logo\/image\/"}}]}},"_links":{"self":[{"href":"https:\/\/www.cegh.at\/cz\/wp-json\/wp\/v2\/pages\/82053","targetHints":{"allow":["GET"]}}],"collection":[{"href":"https:\/\/www.cegh.at\/cz\/wp-json\/wp\/v2\/pages"}],"about":[{"href":"https:\/\/www.cegh.at\/cz\/wp-json\/wp\/v2\/types\/page"}],"author":[{"embeddable":true,"href":"https:\/\/www.cegh.at\/cz\/wp-json\/wp\/v2\/users\/4"}],"replies":[{"embeddable":true,"href":"https:\/\/www.cegh.at\/cz\/wp-json\/wp\/v2\/comments?post=82053"}],"version-history":[{"count":9,"href":"https:\/\/www.cegh.at\/cz\/wp-json\/wp\/v2\/pages\/82053\/revisions"}],"predecessor-version":[{"id":529401,"href":"https:\/\/www.cegh.at\/cz\/wp-json\/wp\/v2\/pages\/82053\/revisions\/529401"}],"up":[{"embeddable":true,"href":"https:\/\/www.cegh.at\/cz\/wp-json\/wp\/v2\/pages\/80942"}],"wp:attachment":[{"href":"https:\/\/www.cegh.at\/cz\/wp-json\/wp\/v2\/media?parent=82053"}],"curies":[{"name":"wp","href":"https:\/\/api.w.org\/{rel}","templated":true}]}}