{"id":82080,"date":"2023-03-14T10:15:15","date_gmt":"2023-03-14T09:15:15","guid":{"rendered":"https:\/\/www.cegh.at\/vtp-market\/informace-o-trhu\/clenove\/"},"modified":"2023-09-05T11:01:49","modified_gmt":"2023-09-05T09:01:49","slug":"clenove","status":"publish","type":"page","link":"https:\/\/www.cegh.at\/cz\/vtp-market\/informace-o-trhu\/clenove\/","title":{"rendered":"\u010clenov\u00e9"},"content":{"rendered":"\n\n\n\n\n\n\n\n\n\n\n\n    \n\n\n\n\n\n\n\n\n\n\n\n\n\n\n\n\n\n\n\n\n                    \n            <div class=\"ce ce-text pb-0\n         ce--mb-small                          ce--sp-small          ce--full\n             u-bgColor-white \"\n             id=\"block_2e204a765d5aace43f2bf54d2f37ef63\">\n                                    <div class=\"container-fluid\">\n                            <div class=\"row\">\n                    <div class=\"cc-text__text col-12 col-md-12 col-xl-12 mx-auto text-left\">\n                        <div class=\"ce-textblock\" data-animation=\"true\" data-animation-duration=\"300\">\n    <div class=\"ce-textblock__text\">\n                    <p class=\"ce-textblock__topline\">TRH VTP<\/p>\n                            <h1 class=\"\"> \u010clenov\u00e9 <\/h1>\n                <p>&nbsp;<\/p>\n<p><span data-contrast=\"none\">N\u00e1sleduj\u00edc\u00ed tabulka obsahuje p\u0159ehled registrovan\u00fdch \u010dlen\u016f spole\u010dnosti CEGH. <\/span><span data-ccp-props=\"{\"201341983\":0,\"335551550\":6,\"335551620\":6,\"335559685\":370,\"335559737\":780,\"335559739\":5,\"335559740\":360,\"335559991\":10}\"> <\/span><\/p>\n<p><span data-contrast=\"none\">Tabulku lze filtrovat kliknut\u00edm na z\u00e1hlav\u00ed sloupce, kter\u00fd chcete filtrovat (aktivn\u00ed filtr se zobrazuje \u0161ipkou v p\u0159\u00edslu\u0161n\u00e9m z\u00e1hlav\u00ed sloupce). Chcete-li odstranit filtr a vr\u00e1tit se k abecedn\u00edmu po\u0159ad\u00ed, klikn\u011bte na &#8220;Company&#8221; v lev\u00e9m horn\u00edm rohu tabulky. <\/span><span data-ccp-props=\"{\"201341983\":0,\"335551550\":6,\"335551620\":6,\"335559685\":380,\"335559737\":780,\"335559739\":5,\"335559740\":360,\"335559991\":10}\"> <\/span><\/p>\n<p><span data-contrast=\"none\">Seznam v\u0161ech virtu\u00e1ln\u00edch obchodn\u00edk\u016f spole\u010dnosti CEGH v\u010detn\u011b jejich identifika\u010dn\u00edch k\u00f3d\u016f je tak\u00e9 mo\u017en\u00e9 st\u00e1hnout.<\/span><\/p>\n<p><span data-contrast=\"none\">P\u0159epravn\u00ed k\u00f3dy Zodpov\u011bdn\u00fdch entit za z\u00fa\u010dtov\u00e1n\u00ed odchylek skupin (BGRP) lze nal\u00e9zt na webov\u00fdch str\u00e1nk\u00e1ch Spr\u00e1vce tr\u017en\u00ed oblasti (MAM), <\/span> <a class=\"u-color-green\" href=\"https:\/\/www.aggm.at\/en\">AGGM<\/a><i><\/i><b><i><span data-contrast=\"none\">.<\/span><\/i><\/b><\/p>\n<p>&nbsp;<\/p>\n<p style=\"text-align: center;\"><a class=\"btn btn--primary\" href=\"https:\/\/www.cegh.at\/wp-content\/uploads\/2023\/06\/Virtual-Trader-8.pdf\" target=\"_blank\" rel=\"noopener\"><span class=\"TextRun Underlined MacChromeBold SCXW176967639 BCX0\" lang=\"EN-US\" xml:lang=\"EN-US\" data-contrast=\"none\"><span class=\"NormalTextRun SCXW176967639 BCX0\">Identifikace Virtu\u00e1ln\u00edch k\u00f3d\u016f<\/span><\/span><\/a><\/p>\n\n    <\/div>\n<\/div>\n                    <\/div>\n                <\/div>\n                        <\/div>\n                    <\/div>\n    \n        \n\n\n\n\n\n\n\n\n\n\n\n\n\n\n\n\n\n\n\n\n\n\n\n\n\n\n\n\n\n\n\n\n            <div class=\"ce ce-shortcode\n         ce--mb-standard         \"\n             id=\"block_9ca53f839dde32f0755834398ba33c2f\">\n            <div class=\"container-fluid\">\n                                <div class=\"row m-0\">\n                    <div class=\"col-12 col-md-12 col-xl-12 mx-auto m-0\">\n                        wpDataTable with provided ID not found!\n                    <\/div>\n                <\/div>\n            <\/div>\n        <\/div>\n    \n","protected":false},"excerpt":{"rendered":"","protected":false},"author":4,"featured_media":0,"parent":82053,"menu_order":0,"comment_status":"closed","ping_status":"closed","template":"","meta":{"_acf_changed":false,"content-type":"","footnotes":""},"class_list":["post-82080","page","type-page","status-publish","hentry"],"acf":[],"yoast_head":"<!-- This site is optimized with the Yoast SEO plugin v27.3 - https:\/\/yoast.com\/product\/yoast-seo-wordpress\/ -->\n<title>\u010clenov\u00e9 - CEGH<\/title>\n<meta name=\"description\" content=\"N\u00e1sleduj\u00edc\u00ed tabulka obsahuje p\u0159ehled registrovan\u00fdch \u010dlen\u016f spole\u010dnosti CEGH. Seznam v\u0161ech virtu\u00e1ln\u00edch obchodn\u00edk\u016f spole\u010dnosti CEGH v\u010detn\u011b jejich identifika\u010dn\u00edch k\u00f3d\u016f je tak\u00e9 mo\u017en\u00e9 st\u00e1hnout.\" \/>\n<meta name=\"robots\" content=\"index, follow, max-snippet:-1, max-image-preview:large, max-video-preview:-1\" \/>\n<link rel=\"canonical\" href=\"https:\/\/www.cegh.at\/cz\/vtp-market\/informace-o-trhu\/clenove\/\" \/>\n<meta property=\"og:locale\" content=\"en_US\" \/>\n<meta property=\"og:type\" content=\"article\" \/>\n<meta property=\"og:title\" content=\"\u010clenov\u00e9 - CEGH\" \/>\n<meta property=\"og:description\" content=\"N\u00e1sleduj\u00edc\u00ed tabulka obsahuje p\u0159ehled registrovan\u00fdch \u010dlen\u016f spole\u010dnosti CEGH. Seznam v\u0161ech virtu\u00e1ln\u00edch obchodn\u00edk\u016f spole\u010dnosti CEGH v\u010detn\u011b jejich identifika\u010dn\u00edch k\u00f3d\u016f je tak\u00e9 mo\u017en\u00e9 st\u00e1hnout.\" \/>\n<meta property=\"og:url\" content=\"https:\/\/www.cegh.at\/cz\/vtp-market\/informace-o-trhu\/clenove\/\" \/>\n<meta property=\"og:site_name\" content=\"CEGH\" \/>\n<meta property=\"article:modified_time\" content=\"2023-09-05T09:01:49+00:00\" \/>\n<meta name=\"twitter:card\" content=\"summary_large_image\" \/>\n<script type=\"application\/ld+json\" class=\"yoast-schema-graph\">{\"@context\":\"https:\\\/\\\/schema.org\",\"@graph\":[{\"@type\":\"WebPage\",\"@id\":\"https:\\\/\\\/www.cegh.at\\\/cz\\\/vtp-market\\\/informace-o-trhu\\\/clenove\\\/\",\"url\":\"https:\\\/\\\/www.cegh.at\\\/cz\\\/vtp-market\\\/informace-o-trhu\\\/clenove\\\/\",\"name\":\"\u010clenov\u00e9 - CEGH\",\"isPartOf\":{\"@id\":\"https:\\\/\\\/www.cegh.at\\\/cz\\\/#website\"},\"datePublished\":\"2023-03-14T09:15:15+00:00\",\"dateModified\":\"2023-09-05T09:01:49+00:00\",\"description\":\"N\u00e1sleduj\u00edc\u00ed tabulka obsahuje p\u0159ehled registrovan\u00fdch \u010dlen\u016f spole\u010dnosti CEGH. Seznam v\u0161ech virtu\u00e1ln\u00edch obchodn\u00edk\u016f spole\u010dnosti CEGH v\u010detn\u011b jejich identifika\u010dn\u00edch k\u00f3d\u016f je tak\u00e9 mo\u017en\u00e9 st\u00e1hnout.\",\"breadcrumb\":{\"@id\":\"https:\\\/\\\/www.cegh.at\\\/cz\\\/vtp-market\\\/informace-o-trhu\\\/clenove\\\/#breadcrumb\"},\"inLanguage\":\"cz-CZ\",\"potentialAction\":[{\"@type\":\"ReadAction\",\"target\":[\"https:\\\/\\\/www.cegh.at\\\/cz\\\/vtp-market\\\/informace-o-trhu\\\/clenove\\\/\"]}]},{\"@type\":\"BreadcrumbList\",\"@id\":\"https:\\\/\\\/www.cegh.at\\\/cz\\\/vtp-market\\\/informace-o-trhu\\\/clenove\\\/#breadcrumb\",\"itemListElement\":[{\"@type\":\"ListItem\",\"position\":1,\"name\":\"Home\",\"item\":\"https:\\\/\\\/www.cegh.at\\\/cz\\\/\"},{\"@type\":\"ListItem\",\"position\":2,\"name\":\"TRH VTP\",\"item\":\"https:\\\/\\\/www.cegh.at\\\/cz\\\/vtp-market\\\/\"},{\"@type\":\"ListItem\",\"position\":3,\"name\":\"Informace o trhu\",\"item\":\"https:\\\/\\\/www.cegh.at\\\/cz\\\/vtp-market\\\/informace-o-trhu\\\/\"},{\"@type\":\"ListItem\",\"position\":4,\"name\":\"\u010clenov\u00e9\"}]},{\"@type\":\"WebSite\",\"@id\":\"https:\\\/\\\/www.cegh.at\\\/cz\\\/#website\",\"url\":\"https:\\\/\\\/www.cegh.at\\\/cz\\\/\",\"name\":\"CEGH\",\"description\":\"\",\"publisher\":{\"@id\":\"https:\\\/\\\/www.cegh.at\\\/cz\\\/#organization\"},\"potentialAction\":[{\"@type\":\"SearchAction\",\"target\":{\"@type\":\"EntryPoint\",\"urlTemplate\":\"https:\\\/\\\/www.cegh.at\\\/cz\\\/?s={search_term_string}\"},\"query-input\":{\"@type\":\"PropertyValueSpecification\",\"valueRequired\":true,\"valueName\":\"search_term_string\"}}],\"inLanguage\":\"cz-CZ\"},{\"@type\":\"Organization\",\"@id\":\"https:\\\/\\\/www.cegh.at\\\/cz\\\/#organization\",\"name\":\"CEGH\",\"url\":\"https:\\\/\\\/www.cegh.at\\\/cz\\\/\",\"logo\":{\"@type\":\"ImageObject\",\"inLanguage\":\"cz-CZ\",\"@id\":\"https:\\\/\\\/www.cegh.at\\\/cz\\\/#\\\/schema\\\/logo\\\/image\\\/\",\"url\":\"https:\\\/\\\/www.cegh.at\\\/wp-content\\\/uploads\\\/2023\\\/05\\\/Hauptlogo_RGB.jpg\",\"contentUrl\":\"https:\\\/\\\/www.cegh.at\\\/wp-content\\\/uploads\\\/2023\\\/05\\\/Hauptlogo_RGB.jpg\",\"width\":3333,\"height\":2500,\"caption\":\"CEGH\"},\"image\":{\"@id\":\"https:\\\/\\\/www.cegh.at\\\/cz\\\/#\\\/schema\\\/logo\\\/image\\\/\"}}]}<\/script>\n<!-- \/ Yoast SEO plugin. -->","yoast_head_json":{"title":"\u010clenov\u00e9 - CEGH","description":"N\u00e1sleduj\u00edc\u00ed tabulka obsahuje p\u0159ehled registrovan\u00fdch \u010dlen\u016f spole\u010dnosti CEGH. Seznam v\u0161ech virtu\u00e1ln\u00edch obchodn\u00edk\u016f spole\u010dnosti CEGH v\u010detn\u011b jejich identifika\u010dn\u00edch k\u00f3d\u016f je tak\u00e9 mo\u017en\u00e9 st\u00e1hnout.","robots":{"index":"index","follow":"follow","max-snippet":"max-snippet:-1","max-image-preview":"max-image-preview:large","max-video-preview":"max-video-preview:-1"},"canonical":"https:\/\/www.cegh.at\/cz\/vtp-market\/informace-o-trhu\/clenove\/","og_locale":"en_US","og_type":"article","og_title":"\u010clenov\u00e9 - CEGH","og_description":"N\u00e1sleduj\u00edc\u00ed tabulka obsahuje p\u0159ehled registrovan\u00fdch \u010dlen\u016f spole\u010dnosti CEGH. Seznam v\u0161ech virtu\u00e1ln\u00edch obchodn\u00edk\u016f spole\u010dnosti CEGH v\u010detn\u011b jejich identifika\u010dn\u00edch k\u00f3d\u016f je tak\u00e9 mo\u017en\u00e9 st\u00e1hnout.","og_url":"https:\/\/www.cegh.at\/cz\/vtp-market\/informace-o-trhu\/clenove\/","og_site_name":"CEGH","article_modified_time":"2023-09-05T09:01:49+00:00","twitter_card":"summary_large_image","schema":{"@context":"https:\/\/schema.org","@graph":[{"@type":"WebPage","@id":"https:\/\/www.cegh.at\/cz\/vtp-market\/informace-o-trhu\/clenove\/","url":"https:\/\/www.cegh.at\/cz\/vtp-market\/informace-o-trhu\/clenove\/","name":"\u010clenov\u00e9 - CEGH","isPartOf":{"@id":"https:\/\/www.cegh.at\/cz\/#website"},"datePublished":"2023-03-14T09:15:15+00:00","dateModified":"2023-09-05T09:01:49+00:00","description":"N\u00e1sleduj\u00edc\u00ed tabulka obsahuje p\u0159ehled registrovan\u00fdch \u010dlen\u016f spole\u010dnosti CEGH. Seznam v\u0161ech virtu\u00e1ln\u00edch obchodn\u00edk\u016f spole\u010dnosti CEGH v\u010detn\u011b jejich identifika\u010dn\u00edch k\u00f3d\u016f je tak\u00e9 mo\u017en\u00e9 st\u00e1hnout.","breadcrumb":{"@id":"https:\/\/www.cegh.at\/cz\/vtp-market\/informace-o-trhu\/clenove\/#breadcrumb"},"inLanguage":"cz-CZ","potentialAction":[{"@type":"ReadAction","target":["https:\/\/www.cegh.at\/cz\/vtp-market\/informace-o-trhu\/clenove\/"]}]},{"@type":"BreadcrumbList","@id":"https:\/\/www.cegh.at\/cz\/vtp-market\/informace-o-trhu\/clenove\/#breadcrumb","itemListElement":[{"@type":"ListItem","position":1,"name":"Home","item":"https:\/\/www.cegh.at\/cz\/"},{"@type":"ListItem","position":2,"name":"TRH VTP","item":"https:\/\/www.cegh.at\/cz\/vtp-market\/"},{"@type":"ListItem","position":3,"name":"Informace o trhu","item":"https:\/\/www.cegh.at\/cz\/vtp-market\/informace-o-trhu\/"},{"@type":"ListItem","position":4,"name":"\u010clenov\u00e9"}]},{"@type":"WebSite","@id":"https:\/\/www.cegh.at\/cz\/#website","url":"https:\/\/www.cegh.at\/cz\/","name":"CEGH","description":"","publisher":{"@id":"https:\/\/www.cegh.at\/cz\/#organization"},"potentialAction":[{"@type":"SearchAction","target":{"@type":"EntryPoint","urlTemplate":"https:\/\/www.cegh.at\/cz\/?s={search_term_string}"},"query-input":{"@type":"PropertyValueSpecification","valueRequired":true,"valueName":"search_term_string"}}],"inLanguage":"cz-CZ"},{"@type":"Organization","@id":"https:\/\/www.cegh.at\/cz\/#organization","name":"CEGH","url":"https:\/\/www.cegh.at\/cz\/","logo":{"@type":"ImageObject","inLanguage":"cz-CZ","@id":"https:\/\/www.cegh.at\/cz\/#\/schema\/logo\/image\/","url":"https:\/\/www.cegh.at\/wp-content\/uploads\/2023\/05\/Hauptlogo_RGB.jpg","contentUrl":"https:\/\/www.cegh.at\/wp-content\/uploads\/2023\/05\/Hauptlogo_RGB.jpg","width":3333,"height":2500,"caption":"CEGH"},"image":{"@id":"https:\/\/www.cegh.at\/cz\/#\/schema\/logo\/image\/"}}]}},"_links":{"self":[{"href":"https:\/\/www.cegh.at\/cz\/wp-json\/wp\/v2\/pages\/82080","targetHints":{"allow":["GET"]}}],"collection":[{"href":"https:\/\/www.cegh.at\/cz\/wp-json\/wp\/v2\/pages"}],"about":[{"href":"https:\/\/www.cegh.at\/cz\/wp-json\/wp\/v2\/types\/page"}],"author":[{"embeddable":true,"href":"https:\/\/www.cegh.at\/cz\/wp-json\/wp\/v2\/users\/4"}],"replies":[{"embeddable":true,"href":"https:\/\/www.cegh.at\/cz\/wp-json\/wp\/v2\/comments?post=82080"}],"version-history":[{"count":15,"href":"https:\/\/www.cegh.at\/cz\/wp-json\/wp\/v2\/pages\/82080\/revisions"}],"predecessor-version":[{"id":274838,"href":"https:\/\/www.cegh.at\/cz\/wp-json\/wp\/v2\/pages\/82080\/revisions\/274838"}],"up":[{"embeddable":true,"href":"https:\/\/www.cegh.at\/cz\/wp-json\/wp\/v2\/pages\/82053"}],"wp:attachment":[{"href":"https:\/\/www.cegh.at\/cz\/wp-json\/wp\/v2\/media?parent=82080"}],"curies":[{"name":"wp","href":"https:\/\/api.w.org\/{rel}","templated":true}]}}