{"id":82255,"date":"2023-03-14T10:18:43","date_gmt":"2023-03-14T09:18:43","guid":{"rendered":"https:\/\/www.cegh.at\/trh-gas-exchange\/obchodni-kalendar\/"},"modified":"2026-04-01T15:40:30","modified_gmt":"2026-04-01T13:40:30","slug":"obchodni-kalendar","status":"publish","type":"page","link":"https:\/\/www.cegh.at\/cz\/trh-gas-exchange\/obchodni-kalendar\/","title":{"rendered":"Trading Calendar"},"content":{"rendered":"\n\n\n\n\n\n\n\n\n\n\n\n\n\n\n\n\n\n\n\n\n\n\n\n\n\n\n\n\n\n\n\n\n                    \n            <div class=\"ce ce-text pb-0\n         ce--mb-standard                                 \"\n             id=\"block_7011ce4a88e35499d9636a90b4482817\">\n                                    <div class=\"container-fluid\">\n                            <div class=\"row\">\n                    <div class=\"cc-text__text col-12 col-md-12 col-xl-12 mx-auto text-left\">\n                        <div class=\"ce-textblock\" data-animation=\"true\" data-animation-duration=\"300\">\n    <div class=\"ce-textblock__text\">\n                    <p class=\"ce-textblock__topline\">V\u00fdm\u011bna plyn\u016f<\/p>\n                            <h2 class=\"\"> Obchodn\u00ed kalend\u00e1\u0159 EEX  <\/h2>\n                <h6><\/h6>\n<h6><strong>2026<\/strong><\/h6>\n<p><a class=\"btn btn--primary btn--secondary \" href=\"https:\/\/www.cegh.at\/wp-content\/uploads\/2026\/04\/20260121_NaturalGasTradingCalendar2026.xlsx\">Kalend\u00e1\u0159 obchodov\u00e1n\u00ed s plynem na burze EEX na rok 2026<\/a><\/p>\n<h6><strong>2025<\/strong><\/h6>\n<p><a class=\"btn btn--secondary \" title=\"NaturalGasTradingCalendars2023.xlsx\" href=\"https:\/\/www.cegh.at\/wp-content\/uploads\/2024\/12\/20241209_NaturalGasTradingCalendar2025.xlsx\" target=\"_blank\" rel=\"noopener\" data-udi=\"umb:\/\/media\/52cc4ade00774481a2e9ab529b3117ef\">Kalend\u00e1\u0159 obchodov\u00e1n\u00ed s plynem na burze EEX pro rok 2025<\/a><\/p>\n<p>&nbsp;<\/p>\n<p>&nbsp;<\/p>\n<p>&nbsp;<\/p>\n\n    <\/div>\n<\/div>\n                    <\/div>\n                <\/div>\n                        <\/div>\n                    <\/div>\n    \n        ","protected":false},"excerpt":{"rendered":"","protected":false},"author":4,"featured_media":0,"parent":82126,"menu_order":0,"comment_status":"closed","ping_status":"closed","template":"","meta":{"_acf_changed":false,"content-type":"","footnotes":""},"class_list":["post-82255","page","type-page","status-publish","hentry"],"acf":[],"yoast_head":"<!-- This site is optimized with the Yoast SEO plugin v27.3 - https:\/\/yoast.com\/product\/yoast-seo-wordpress\/ -->\n<title>EEX Trading Holiday Calendar - CEGH<\/title>\n<meta name=\"description\" content=\"St\u00e1hn\u011bte si kalend\u00e1\u0159 obchodn\u00edch sv\u00e1tk\u016f EEX, abyste byli informov\u00e1ni o obchodn\u00edch sv\u00e1tc\u00edch a mohli si podle toho napl\u00e1novat sv\u00e9 obchodn\u00ed aktivity.\" \/>\n<meta name=\"robots\" content=\"index, follow, max-snippet:-1, max-image-preview:large, max-video-preview:-1\" \/>\n<link rel=\"canonical\" href=\"https:\/\/www.cegh.at\/cz\/trh-gas-exchange\/obchodni-kalendar\/\" \/>\n<meta property=\"og:locale\" content=\"en_US\" \/>\n<meta property=\"og:type\" content=\"article\" \/>\n<meta property=\"og:title\" content=\"EEX Trading Holiday Calendar - CEGH\" \/>\n<meta property=\"og:description\" content=\"St\u00e1hn\u011bte si kalend\u00e1\u0159 obchodn\u00edch sv\u00e1tk\u016f EEX, abyste byli informov\u00e1ni o obchodn\u00edch sv\u00e1tc\u00edch a mohli si podle toho napl\u00e1novat sv\u00e9 obchodn\u00ed aktivity.\" \/>\n<meta property=\"og:url\" content=\"https:\/\/www.cegh.at\/cz\/trh-gas-exchange\/obchodni-kalendar\/\" \/>\n<meta property=\"og:site_name\" content=\"CEGH\" \/>\n<meta property=\"article:modified_time\" content=\"2026-04-01T13:40:30+00:00\" \/>\n<meta name=\"twitter:card\" content=\"summary_large_image\" \/>\n<script type=\"application\/ld+json\" class=\"yoast-schema-graph\">{\"@context\":\"https:\\\/\\\/schema.org\",\"@graph\":[{\"@type\":\"WebPage\",\"@id\":\"https:\\\/\\\/www.cegh.at\\\/cz\\\/trh-gas-exchange\\\/obchodni-kalendar\\\/\",\"url\":\"https:\\\/\\\/www.cegh.at\\\/cz\\\/trh-gas-exchange\\\/obchodni-kalendar\\\/\",\"name\":\"EEX Trading Holiday Calendar - CEGH\",\"isPartOf\":{\"@id\":\"https:\\\/\\\/www.cegh.at\\\/cz\\\/#website\"},\"datePublished\":\"2023-03-14T09:18:43+00:00\",\"dateModified\":\"2026-04-01T13:40:30+00:00\",\"description\":\"St\u00e1hn\u011bte si kalend\u00e1\u0159 obchodn\u00edch sv\u00e1tk\u016f EEX, abyste byli informov\u00e1ni o obchodn\u00edch sv\u00e1tc\u00edch a mohli si podle toho napl\u00e1novat sv\u00e9 obchodn\u00ed aktivity.\",\"breadcrumb\":{\"@id\":\"https:\\\/\\\/www.cegh.at\\\/cz\\\/trh-gas-exchange\\\/obchodni-kalendar\\\/#breadcrumb\"},\"inLanguage\":\"cz-CZ\",\"potentialAction\":[{\"@type\":\"ReadAction\",\"target\":[\"https:\\\/\\\/www.cegh.at\\\/cz\\\/trh-gas-exchange\\\/obchodni-kalendar\\\/\"]}]},{\"@type\":\"BreadcrumbList\",\"@id\":\"https:\\\/\\\/www.cegh.at\\\/cz\\\/trh-gas-exchange\\\/obchodni-kalendar\\\/#breadcrumb\",\"itemListElement\":[{\"@type\":\"ListItem\",\"position\":1,\"name\":\"Home\",\"item\":\"https:\\\/\\\/www.cegh.at\\\/cz\\\/\"},{\"@type\":\"ListItem\",\"position\":2,\"name\":\"Trh Gas Exchange\",\"item\":\"https:\\\/\\\/www.cegh.at\\\/cz\\\/trh-gas-exchange\\\/\"},{\"@type\":\"ListItem\",\"position\":3,\"name\":\"Trading Calendar\"}]},{\"@type\":\"WebSite\",\"@id\":\"https:\\\/\\\/www.cegh.at\\\/cz\\\/#website\",\"url\":\"https:\\\/\\\/www.cegh.at\\\/cz\\\/\",\"name\":\"CEGH\",\"description\":\"\",\"publisher\":{\"@id\":\"https:\\\/\\\/www.cegh.at\\\/cz\\\/#organization\"},\"potentialAction\":[{\"@type\":\"SearchAction\",\"target\":{\"@type\":\"EntryPoint\",\"urlTemplate\":\"https:\\\/\\\/www.cegh.at\\\/cz\\\/?s={search_term_string}\"},\"query-input\":{\"@type\":\"PropertyValueSpecification\",\"valueRequired\":true,\"valueName\":\"search_term_string\"}}],\"inLanguage\":\"cz-CZ\"},{\"@type\":\"Organization\",\"@id\":\"https:\\\/\\\/www.cegh.at\\\/cz\\\/#organization\",\"name\":\"CEGH\",\"url\":\"https:\\\/\\\/www.cegh.at\\\/cz\\\/\",\"logo\":{\"@type\":\"ImageObject\",\"inLanguage\":\"cz-CZ\",\"@id\":\"https:\\\/\\\/www.cegh.at\\\/cz\\\/#\\\/schema\\\/logo\\\/image\\\/\",\"url\":\"https:\\\/\\\/www.cegh.at\\\/wp-content\\\/uploads\\\/2023\\\/05\\\/Hauptlogo_RGB.jpg\",\"contentUrl\":\"https:\\\/\\\/www.cegh.at\\\/wp-content\\\/uploads\\\/2023\\\/05\\\/Hauptlogo_RGB.jpg\",\"width\":3333,\"height\":2500,\"caption\":\"CEGH\"},\"image\":{\"@id\":\"https:\\\/\\\/www.cegh.at\\\/cz\\\/#\\\/schema\\\/logo\\\/image\\\/\"}}]}<\/script>\n<!-- \/ Yoast SEO plugin. -->","yoast_head_json":{"title":"EEX Trading Holiday Calendar - CEGH","description":"St\u00e1hn\u011bte si kalend\u00e1\u0159 obchodn\u00edch sv\u00e1tk\u016f EEX, abyste byli informov\u00e1ni o obchodn\u00edch sv\u00e1tc\u00edch a mohli si podle toho napl\u00e1novat sv\u00e9 obchodn\u00ed aktivity.","robots":{"index":"index","follow":"follow","max-snippet":"max-snippet:-1","max-image-preview":"max-image-preview:large","max-video-preview":"max-video-preview:-1"},"canonical":"https:\/\/www.cegh.at\/cz\/trh-gas-exchange\/obchodni-kalendar\/","og_locale":"en_US","og_type":"article","og_title":"EEX Trading Holiday Calendar - CEGH","og_description":"St\u00e1hn\u011bte si kalend\u00e1\u0159 obchodn\u00edch sv\u00e1tk\u016f EEX, abyste byli informov\u00e1ni o obchodn\u00edch sv\u00e1tc\u00edch a mohli si podle toho napl\u00e1novat sv\u00e9 obchodn\u00ed aktivity.","og_url":"https:\/\/www.cegh.at\/cz\/trh-gas-exchange\/obchodni-kalendar\/","og_site_name":"CEGH","article_modified_time":"2026-04-01T13:40:30+00:00","twitter_card":"summary_large_image","schema":{"@context":"https:\/\/schema.org","@graph":[{"@type":"WebPage","@id":"https:\/\/www.cegh.at\/cz\/trh-gas-exchange\/obchodni-kalendar\/","url":"https:\/\/www.cegh.at\/cz\/trh-gas-exchange\/obchodni-kalendar\/","name":"EEX Trading Holiday Calendar - CEGH","isPartOf":{"@id":"https:\/\/www.cegh.at\/cz\/#website"},"datePublished":"2023-03-14T09:18:43+00:00","dateModified":"2026-04-01T13:40:30+00:00","description":"St\u00e1hn\u011bte si kalend\u00e1\u0159 obchodn\u00edch sv\u00e1tk\u016f EEX, abyste byli informov\u00e1ni o obchodn\u00edch sv\u00e1tc\u00edch a mohli si podle toho napl\u00e1novat sv\u00e9 obchodn\u00ed aktivity.","breadcrumb":{"@id":"https:\/\/www.cegh.at\/cz\/trh-gas-exchange\/obchodni-kalendar\/#breadcrumb"},"inLanguage":"cz-CZ","potentialAction":[{"@type":"ReadAction","target":["https:\/\/www.cegh.at\/cz\/trh-gas-exchange\/obchodni-kalendar\/"]}]},{"@type":"BreadcrumbList","@id":"https:\/\/www.cegh.at\/cz\/trh-gas-exchange\/obchodni-kalendar\/#breadcrumb","itemListElement":[{"@type":"ListItem","position":1,"name":"Home","item":"https:\/\/www.cegh.at\/cz\/"},{"@type":"ListItem","position":2,"name":"Trh Gas Exchange","item":"https:\/\/www.cegh.at\/cz\/trh-gas-exchange\/"},{"@type":"ListItem","position":3,"name":"Trading Calendar"}]},{"@type":"WebSite","@id":"https:\/\/www.cegh.at\/cz\/#website","url":"https:\/\/www.cegh.at\/cz\/","name":"CEGH","description":"","publisher":{"@id":"https:\/\/www.cegh.at\/cz\/#organization"},"potentialAction":[{"@type":"SearchAction","target":{"@type":"EntryPoint","urlTemplate":"https:\/\/www.cegh.at\/cz\/?s={search_term_string}"},"query-input":{"@type":"PropertyValueSpecification","valueRequired":true,"valueName":"search_term_string"}}],"inLanguage":"cz-CZ"},{"@type":"Organization","@id":"https:\/\/www.cegh.at\/cz\/#organization","name":"CEGH","url":"https:\/\/www.cegh.at\/cz\/","logo":{"@type":"ImageObject","inLanguage":"cz-CZ","@id":"https:\/\/www.cegh.at\/cz\/#\/schema\/logo\/image\/","url":"https:\/\/www.cegh.at\/wp-content\/uploads\/2023\/05\/Hauptlogo_RGB.jpg","contentUrl":"https:\/\/www.cegh.at\/wp-content\/uploads\/2023\/05\/Hauptlogo_RGB.jpg","width":3333,"height":2500,"caption":"CEGH"},"image":{"@id":"https:\/\/www.cegh.at\/cz\/#\/schema\/logo\/image\/"}}]}},"_links":{"self":[{"href":"https:\/\/www.cegh.at\/cz\/wp-json\/wp\/v2\/pages\/82255","targetHints":{"allow":["GET"]}}],"collection":[{"href":"https:\/\/www.cegh.at\/cz\/wp-json\/wp\/v2\/pages"}],"about":[{"href":"https:\/\/www.cegh.at\/cz\/wp-json\/wp\/v2\/types\/page"}],"author":[{"embeddable":true,"href":"https:\/\/www.cegh.at\/cz\/wp-json\/wp\/v2\/users\/4"}],"replies":[{"embeddable":true,"href":"https:\/\/www.cegh.at\/cz\/wp-json\/wp\/v2\/comments?post=82255"}],"version-history":[{"count":18,"href":"https:\/\/www.cegh.at\/cz\/wp-json\/wp\/v2\/pages\/82255\/revisions"}],"predecessor-version":[{"id":1473252,"href":"https:\/\/www.cegh.at\/cz\/wp-json\/wp\/v2\/pages\/82255\/revisions\/1473252"}],"up":[{"embeddable":true,"href":"https:\/\/www.cegh.at\/cz\/wp-json\/wp\/v2\/pages\/82126"}],"wp:attachment":[{"href":"https:\/\/www.cegh.at\/cz\/wp-json\/wp\/v2\/media?parent=82255"}],"curies":[{"name":"wp","href":"https:\/\/api.w.org\/{rel}","templated":true}]}}