{"id":82348,"date":"2023-03-09T11:41:58","date_gmt":"2023-03-09T10:41:58","guid":{"rendered":"https:\/\/www.cegh.at\/greengas\/"},"modified":"2025-04-11T12:16:44","modified_gmt":"2025-04-11T10:16:44","slug":"greengas","status":"publish","type":"page","link":"https:\/\/www.cegh.at\/cz\/greengas\/","title":{"rendered":"GreenGas"},"content":{"rendered":"\n\n\n\n\n\n\n\n\n\n\n\n\n\n\n\n\n\n\n\n\n\n\n\n\n\n\n\n\n\n\n\n\n                    \n            <div class=\"ce ce-text pb-0\n         ce--mb-small          ce--contrast                  ce--sp-small          ce--full\n             js-bgcontainer u-bg-cc  \"\n             id=\"block_61850f60c0a5fc9d21b3863a486d71cd\">\n                                <figure>\n    <picture>\n        <source media=\"(min-width: 1440px)\" srcset=\"https:\/\/www.cegh.at\/wp-content\/uploads\/2023\/05\/Greengas_iStock-1295492761-1920x0-c-default.jpg\">\n        <source media=\"(min-width: 1200px)\" srcset=\"https:\/\/www.cegh.at\/wp-content\/uploads\/2023\/05\/Greengas_iStock-1295492761-1440x0-c-default.jpg\">\n        <source media=\"(min-width: 992px)\" srcset=\"https:\/\/www.cegh.at\/wp-content\/uploads\/2023\/05\/Greengas_iStock-1295492761-1200x0-c-default.jpg\">\n        <source media=\"(min-width: 768px)\" srcset=\"https:\/\/www.cegh.at\/wp-content\/uploads\/2023\/05\/Greengas_iStock-1295492761-992x0-c-default.jpg\">\n        <source media=\"(min-width: 576px)\" srcset=\"https:\/\/www.cegh.at\/wp-content\/uploads\/2023\/05\/Greengas_iStock-1295492761-768x0-c-default.jpg\">\n        <source media=\"(min-width: 320px)\" srcset=\"https:\/\/www.cegh.at\/wp-content\/uploads\/2023\/05\/Greengas_iStock-1295492761-576x0-c-default.jpg\">\n        <source srcset=\"https:\/\/www.cegh.at\/wp-content\/uploads\/2023\/05\/Greengas_iStock-1295492761-576x0-c-default.jpg\">\n        <img loading=\"lazy\" decoding=\"async\" src=\"https:\/\/www.cegh.at\/wp-content\/uploads\/2023\/05\/Greengas_iStock-1295492761-1920x0-c-default.jpg\" width=\"5551\"\n             height=\"3700\" alt=\"\" title=\"Autumn in the Prealps, Austria\" class=\"img-fluid w-100 js-bgimage\">\n    <\/picture>\n<\/figure>\n                <div class=\"ce-text__gradient ce-text__gradient--center js-gradient\"><\/div>\n                <div class=\"ce-text__gradient--base\"><\/div>\n                                    <div class=\"container-fluid\">\n                            <div class=\"row\">\n                    <div class=\"cc-text__text col-12 col-md-12 col-xl-12 mx-auto text-left\">\n                        <div class=\"ce-textblock\" data-animation=\"true\" data-animation-duration=\"300\">\n    <div class=\"ce-textblock__text\">\n                    <p class=\"ce-textblock__topline\">Zelen\u00e9 Plyny<\/p>\n                            <h1 class=\"\"> CEGH GreenGas Platform pro obchodov\u00e1n\u00ed a marketing bioplynu a vod\u00edku <\/h1>\n                \n    <\/div>\n<\/div>\n                    <\/div>\n                <\/div>\n                        <\/div>\n                    <\/div>\n    \n        \n\n\n\n\n\n\n\n\n\n\n\n\n\n\n\n\n\n\n\n\n\n\n\n\n\n\n\n\n\n\n\n\n                    \n            <div class=\"ce ce-text pb-0\n         ce--mb-small                                 \"\n             id=\"block_382518c249565dd88e4bf882a3f9c1c9\">\n                                    <div class=\"container-fluid\">\n                            <div class=\"row\">\n                    <div class=\"cc-text__text col-12 col-md-12 col-xl-12 mx-auto text-left\">\n                        <div class=\"ce-textblock\" data-animation=\"true\" data-animation-duration=\"300\">\n    <div class=\"ce-textblock__text\">\n                        <ul>\n<li>\n<p class=\"large\">St\u0159edoevropsk\u00fd plyn\u00e1rensk\u00fd uzel (CEGH) spustil platformu CEGH GreenGas pro uv\u00e1d\u011bn\u00ed zelen\u00fdch plyn\u016f, jako je bioplyn a vod\u00edk, na trh v Rakousku.<\/p>\n<\/li>\n<li>\n<p class=\"large\"><span data-contrast=\"auto\">Touto platformou nab\u00edz\u00ed spole\u010dnost CEGH prvn\u00ed obchodn\u00ed platformu pro zelen\u00fd vod\u00edk. <\/span><span data-ccp-props=\"{\"201341983\":0,\"335559740\":259}\"> <\/span><\/p>\n<\/li>\n<li>\n<p class=\"large\"><span data-contrast=\"auto\">Umo\u017e\u0148uje obchodov\u00e1n\u00ed se zelen\u00fdm vod\u00edkem a bioplynem ve v\u0161ech zem\u00edch EU a ve \u0160v\u00fdcarsku, Norsku, Turecku, na Ukrajin\u011b a ve Spojen\u00e9m kr\u00e1lovstv\u00ed. <\/span><\/p>\n<\/li>\n<\/ul>\n\n    <\/div>\n<\/div>\n                    <\/div>\n                <\/div>\n                        <\/div>\n                    <\/div>\n    \n        \n\n\n\n\n\n\n\n\n\n\n\n\n\n\n\n\n\n\n\n\n\n\n\n\n\n\n\n\n\n\n\n\n            \n        \n                    <div class=\"ce ce-cols ce-cols--2\n         ce--mb-standard                                 \"\n                 id=\"block_05361162bc296659defea1ae93c2f38a\">\n                                    <div class=\"container-fluid\">\n                                        <div class=\"row\">\n                        <div class=\"col-12 col-lg-6 \">\n                            <!--HIER DIE SCHLEIFE MIT DEM CONTENT SPALTE 1-->\n                                                                                                                            \n\n\n\n\n\n\n\n\n\n\n\n\n\n\n\n\n\n\n\n\n\n\n\n\n\n\n\n\n\n\n                                            \n        \n        \n        \n    \n\n                    \n    \n\n                    \n            <div class=\"ce ce-text pb-0\n                                        \"\n             id=\"block_05361162bc296659defea1ae93c2f38a\">\n                                        <div class=\"row\">\n                    <div class=\"cc-text__text col-12 col-md-12 col-xl-12  text-left\">\n                        <div class=\"ce-textblock\" data-animation=\"true\" data-animation-duration=\"300\">\n    <div class=\"ce-textblock__text\">\n                        <p>Zelen\u00e9 plyny, jako je bioplyn a zelen\u00fd vod\u00edk, v\u00fdznamn\u011b p\u0159isp\u011bj\u00ed k dekarbonizaci energetick\u00e9ho syst\u00e9mu. D\u00edky zelen\u00fdm plyn\u016fm lze st\u00e1vaj\u00edc\u00ed plynovou infrastrukturu vyu\u017e\u00edt pro udr\u017eiteln\u00e9 dod\u00e1vky energie. V sou\u010dasn\u00e9 dob\u011b se v Rakousku dod\u00e1v\u00e1 do s\u00edt\u011b zemn\u00edho plynu p\u0159ibli\u017en\u011b 0,1 TWh biometanu &#8211; zpracovan\u00e9ho bioplynu. Do roku 2030 by m\u011blo b\u00fdt k dispozici 5 TWh zelen\u00fdch plyn\u016f. Aby zelen\u00e9 plyny mohly \u00fa\u010dinn\u011b p\u0159isp\u011bt k dekarbonizaci, mus\u00ed b\u00fdt v Rakousku z\u0159\u00edzeno funguj\u00edc\u00ed obchodn\u00ed m\u00edsto.<\/p>\n<p><strong>Platforma CEGH GreenGas<\/strong> bude prvn\u00ed platformou na podporu dekarbonizace trh\u016f s plynem prost\u0159ednictv\u00edm obchodov\u00e1n\u00ed se zelen\u00fdmi plyny a bude tr\u017ei\u0161t\u011bm pro nab\u00eddku a popt\u00e1vku po bioplynu a zelen\u00e9m vod\u00edku.<\/p>\n<p>Platforma umo\u017e\u0148uje n\u00e1kup nebo prodej biometanu se z\u00e1rukou p\u016fvodu (GO) i biometanu s GO nebo bez GO.<\/p>\n<p>Zelen\u00fd vod\u00edk m\u016f\u017ee b\u00fdt nab\u00edzen tak\u00e9 jako souborn\u00fd produkt &#8211; certifik\u00e1t nebo z\u00e1ruky p\u016fvodu &#8211; nebo samostatn\u011b, nap\u0159\u00edklad jako nab\u00eddka certifik\u00e1t\u016f nebo z\u00e1ruk p\u016fvodu registrovan\u00fdch v n\u00e1rodn\u00edm registru.<\/p>\n\n    <\/div>\n<\/div>\n                    <\/div>\n                <\/div>\n                    <\/div>\n    \n                                                                    \n                        <\/div>\n                        <div class=\"col-12 col-lg-6 \">\n                            <!--HIER DIE SCHLEIFE MIT DEM CONTENT SPALTE 2-->\n                                                                                                                            \n\n\n\n\n\n\n\n\n\n\n\n\n\n\n\n\n\n\n\n\n\n\n\n\n\n\n\n\n\n\n                                            \n        \n        \n        \n    \n\n                    \n    \n\n                    \n            <div class=\"ce ce-text pb-0\n                                        \"\n             id=\"block_05361162bc296659defea1ae93c2f38a\">\n                                        <div class=\"row\">\n                    <div class=\"cc-text__text col-12 col-md-12 col-xl-12  text-left\">\n                        <div class=\"ce-textblock\" data-animation=\"true\" data-animation-duration=\"300\">\n    <div class=\"ce-textblock__text\">\n                        <p>To znamen\u00e1, \u017ee dodavatel\u00e9 a kupuj\u00edc\u00ed mohou poprv\u00e9 interagovat na spole\u010dn\u00e9m trhu, co\u017e zna\u010dn\u011b zjednodu\u0161\u00ed uzav\u00edr\u00e1n\u00ed obchod\u016f a zpracov\u00e1n\u00ed.<\/p>\n<p>Platforma umo\u017e\u0148uje n\u00e1kup a prodej zelen\u00e9ho vod\u00edku a bioplynu v zem\u00edch EU a sousedn\u00edch st\u00e1tech &#8211; \u0160v\u00fdcarsku, Norsku, Turecku, Velk\u00e9 Brit\u00e1nii a Ukrajin\u011b.<\/p>\n<p>Pro dosa\u017een\u00ed evropsk\u00fdch c\u00edl\u016f v oblasti klimatu je v dlouhodob\u00e9m horizontu nezbytn\u00e1 likvidn\u00ed evropsk\u00e1 burza ekologick\u00fdch plyn\u016f. CEGH podporuje sv\u00e9ho st\u00e1vaj\u00edc\u00edho koopera\u010dn\u00edho partnera EEX, kter\u00fd je nejv\u011bt\u0161\u00ed evropskou energetickou burzou, aby podpo\u0159il vizi obchodov\u00e1n\u00ed na likvidn\u00ed burze zelen\u00fdc\u00e9ho plynu a GO na EEX.<\/p>\n<p>Platforma CEGH GreenGas je vytvo\u0159ena ve dvou jazyc\u00edch, n\u011bm\u010din\u011b a angli\u010dtin\u011b, a je zdarma. Je k dispozici zde:<\/p>\n<p>&nbsp;<\/p>\n<p><a class=\"btn--primary btn btn--icon btn--icon--right\" href=\"http:\/\/www.cegh.at\/greengas\/.\">CEGH GreenGas Platform<\/a><\/p>\n\n    <\/div>\n<\/div>\n                    <\/div>\n                <\/div>\n                    <\/div>\n    \n                                                                                            <\/div>\n                    <\/div>\n                <\/div>\n            <\/div>\n                        ","protected":false},"excerpt":{"rendered":"","protected":false},"author":4,"featured_media":0,"parent":0,"menu_order":0,"comment_status":"closed","ping_status":"closed","template":"","meta":{"_acf_changed":false,"content-type":"","footnotes":""},"class_list":["post-82348","page","type-page","status-publish","hentry"],"acf":[],"yoast_head":"<!-- This site is optimized with the Yoast SEO plugin v27.3 - https:\/\/yoast.com\/product\/yoast-seo-wordpress\/ -->\n<title>Platforma GreenGas - CEGH<\/title>\n<meta name=\"description\" content=\"Objevte platformu CEGH GreenGas pro obchodov\u00e1n\u00ed s bioplynem a vod\u00edkem v Rakousku na podporu dekarbonizace trh\u016f s plynem.\" \/>\n<meta name=\"robots\" content=\"index, follow, max-snippet:-1, max-image-preview:large, max-video-preview:-1\" \/>\n<link rel=\"canonical\" href=\"https:\/\/www.cegh.at\/cz\/greengas\/\" \/>\n<meta property=\"og:locale\" content=\"en_US\" \/>\n<meta property=\"og:type\" content=\"article\" \/>\n<meta property=\"og:title\" content=\"Platforma GreenGas - CEGH\" \/>\n<meta property=\"og:description\" content=\"Objevte platformu CEGH GreenGas pro obchodov\u00e1n\u00ed s bioplynem a vod\u00edkem v Rakousku na podporu dekarbonizace trh\u016f s plynem.\" \/>\n<meta property=\"og:url\" content=\"https:\/\/www.cegh.at\/cz\/greengas\/\" \/>\n<meta property=\"og:site_name\" content=\"CEGH\" \/>\n<meta property=\"article:modified_time\" content=\"2025-04-11T10:16:44+00:00\" \/>\n<meta name=\"twitter:card\" content=\"summary_large_image\" \/>\n<script type=\"application\/ld+json\" class=\"yoast-schema-graph\">{\"@context\":\"https:\\\/\\\/schema.org\",\"@graph\":[{\"@type\":\"WebPage\",\"@id\":\"https:\\\/\\\/www.cegh.at\\\/cz\\\/greengas\\\/\",\"url\":\"https:\\\/\\\/www.cegh.at\\\/cz\\\/greengas\\\/\",\"name\":\"Platforma GreenGas - CEGH\",\"isPartOf\":{\"@id\":\"https:\\\/\\\/www.cegh.at\\\/cz\\\/#website\"},\"datePublished\":\"2023-03-09T10:41:58+00:00\",\"dateModified\":\"2025-04-11T10:16:44+00:00\",\"description\":\"Objevte platformu CEGH GreenGas pro obchodov\u00e1n\u00ed s bioplynem a vod\u00edkem v Rakousku na podporu dekarbonizace trh\u016f s plynem.\",\"breadcrumb\":{\"@id\":\"https:\\\/\\\/www.cegh.at\\\/cz\\\/greengas\\\/#breadcrumb\"},\"inLanguage\":\"cz-CZ\",\"potentialAction\":[{\"@type\":\"ReadAction\",\"target\":[\"https:\\\/\\\/www.cegh.at\\\/cz\\\/greengas\\\/\"]}]},{\"@type\":\"BreadcrumbList\",\"@id\":\"https:\\\/\\\/www.cegh.at\\\/cz\\\/greengas\\\/#breadcrumb\",\"itemListElement\":[{\"@type\":\"ListItem\",\"position\":1,\"name\":\"Home\",\"item\":\"https:\\\/\\\/www.cegh.at\\\/cz\\\/\"},{\"@type\":\"ListItem\",\"position\":2,\"name\":\"GreenGas\"}]},{\"@type\":\"WebSite\",\"@id\":\"https:\\\/\\\/www.cegh.at\\\/cz\\\/#website\",\"url\":\"https:\\\/\\\/www.cegh.at\\\/cz\\\/\",\"name\":\"CEGH\",\"description\":\"\",\"publisher\":{\"@id\":\"https:\\\/\\\/www.cegh.at\\\/cz\\\/#organization\"},\"potentialAction\":[{\"@type\":\"SearchAction\",\"target\":{\"@type\":\"EntryPoint\",\"urlTemplate\":\"https:\\\/\\\/www.cegh.at\\\/cz\\\/?s={search_term_string}\"},\"query-input\":{\"@type\":\"PropertyValueSpecification\",\"valueRequired\":true,\"valueName\":\"search_term_string\"}}],\"inLanguage\":\"cz-CZ\"},{\"@type\":\"Organization\",\"@id\":\"https:\\\/\\\/www.cegh.at\\\/cz\\\/#organization\",\"name\":\"CEGH\",\"url\":\"https:\\\/\\\/www.cegh.at\\\/cz\\\/\",\"logo\":{\"@type\":\"ImageObject\",\"inLanguage\":\"cz-CZ\",\"@id\":\"https:\\\/\\\/www.cegh.at\\\/cz\\\/#\\\/schema\\\/logo\\\/image\\\/\",\"url\":\"https:\\\/\\\/www.cegh.at\\\/wp-content\\\/uploads\\\/2023\\\/05\\\/Hauptlogo_RGB.jpg\",\"contentUrl\":\"https:\\\/\\\/www.cegh.at\\\/wp-content\\\/uploads\\\/2023\\\/05\\\/Hauptlogo_RGB.jpg\",\"width\":3333,\"height\":2500,\"caption\":\"CEGH\"},\"image\":{\"@id\":\"https:\\\/\\\/www.cegh.at\\\/cz\\\/#\\\/schema\\\/logo\\\/image\\\/\"}}]}<\/script>\n<!-- \/ Yoast SEO plugin. -->","yoast_head_json":{"title":"Platforma GreenGas - CEGH","description":"Objevte platformu CEGH GreenGas pro obchodov\u00e1n\u00ed s bioplynem a vod\u00edkem v Rakousku na podporu dekarbonizace trh\u016f s plynem.","robots":{"index":"index","follow":"follow","max-snippet":"max-snippet:-1","max-image-preview":"max-image-preview:large","max-video-preview":"max-video-preview:-1"},"canonical":"https:\/\/www.cegh.at\/cz\/greengas\/","og_locale":"en_US","og_type":"article","og_title":"Platforma GreenGas - CEGH","og_description":"Objevte platformu CEGH GreenGas pro obchodov\u00e1n\u00ed s bioplynem a vod\u00edkem v Rakousku na podporu dekarbonizace trh\u016f s plynem.","og_url":"https:\/\/www.cegh.at\/cz\/greengas\/","og_site_name":"CEGH","article_modified_time":"2025-04-11T10:16:44+00:00","twitter_card":"summary_large_image","schema":{"@context":"https:\/\/schema.org","@graph":[{"@type":"WebPage","@id":"https:\/\/www.cegh.at\/cz\/greengas\/","url":"https:\/\/www.cegh.at\/cz\/greengas\/","name":"Platforma GreenGas - CEGH","isPartOf":{"@id":"https:\/\/www.cegh.at\/cz\/#website"},"datePublished":"2023-03-09T10:41:58+00:00","dateModified":"2025-04-11T10:16:44+00:00","description":"Objevte platformu CEGH GreenGas pro obchodov\u00e1n\u00ed s bioplynem a vod\u00edkem v Rakousku na podporu dekarbonizace trh\u016f s plynem.","breadcrumb":{"@id":"https:\/\/www.cegh.at\/cz\/greengas\/#breadcrumb"},"inLanguage":"cz-CZ","potentialAction":[{"@type":"ReadAction","target":["https:\/\/www.cegh.at\/cz\/greengas\/"]}]},{"@type":"BreadcrumbList","@id":"https:\/\/www.cegh.at\/cz\/greengas\/#breadcrumb","itemListElement":[{"@type":"ListItem","position":1,"name":"Home","item":"https:\/\/www.cegh.at\/cz\/"},{"@type":"ListItem","position":2,"name":"GreenGas"}]},{"@type":"WebSite","@id":"https:\/\/www.cegh.at\/cz\/#website","url":"https:\/\/www.cegh.at\/cz\/","name":"CEGH","description":"","publisher":{"@id":"https:\/\/www.cegh.at\/cz\/#organization"},"potentialAction":[{"@type":"SearchAction","target":{"@type":"EntryPoint","urlTemplate":"https:\/\/www.cegh.at\/cz\/?s={search_term_string}"},"query-input":{"@type":"PropertyValueSpecification","valueRequired":true,"valueName":"search_term_string"}}],"inLanguage":"cz-CZ"},{"@type":"Organization","@id":"https:\/\/www.cegh.at\/cz\/#organization","name":"CEGH","url":"https:\/\/www.cegh.at\/cz\/","logo":{"@type":"ImageObject","inLanguage":"cz-CZ","@id":"https:\/\/www.cegh.at\/cz\/#\/schema\/logo\/image\/","url":"https:\/\/www.cegh.at\/wp-content\/uploads\/2023\/05\/Hauptlogo_RGB.jpg","contentUrl":"https:\/\/www.cegh.at\/wp-content\/uploads\/2023\/05\/Hauptlogo_RGB.jpg","width":3333,"height":2500,"caption":"CEGH"},"image":{"@id":"https:\/\/www.cegh.at\/cz\/#\/schema\/logo\/image\/"}}]}},"_links":{"self":[{"href":"https:\/\/www.cegh.at\/cz\/wp-json\/wp\/v2\/pages\/82348","targetHints":{"allow":["GET"]}}],"collection":[{"href":"https:\/\/www.cegh.at\/cz\/wp-json\/wp\/v2\/pages"}],"about":[{"href":"https:\/\/www.cegh.at\/cz\/wp-json\/wp\/v2\/types\/page"}],"author":[{"embeddable":true,"href":"https:\/\/www.cegh.at\/cz\/wp-json\/wp\/v2\/users\/4"}],"replies":[{"embeddable":true,"href":"https:\/\/www.cegh.at\/cz\/wp-json\/wp\/v2\/comments?post=82348"}],"version-history":[{"count":21,"href":"https:\/\/www.cegh.at\/cz\/wp-json\/wp\/v2\/pages\/82348\/revisions"}],"predecessor-version":[{"id":1034064,"href":"https:\/\/www.cegh.at\/cz\/wp-json\/wp\/v2\/pages\/82348\/revisions\/1034064"}],"wp:attachment":[{"href":"https:\/\/www.cegh.at\/cz\/wp-json\/wp\/v2\/media?parent=82348"}],"curies":[{"name":"wp","href":"https:\/\/api.w.org\/{rel}","templated":true}]}}