{"id":82409,"date":"2023-03-14T10:24:32","date_gmt":"2023-03-14T09:24:32","guid":{"rendered":"https:\/\/www.cegh.at\/greengas\/specifikace-indexu-cegh-greenhydrogen\/"},"modified":"2024-12-18T10:11:57","modified_gmt":"2024-12-18T09:11:57","slug":"specifikace-indexu-cegh-greenhydrogen","status":"publish","type":"page","link":"https:\/\/www.cegh.at\/cz\/greengas\/specifikace-indexu-cegh-greenhydrogen\/","title":{"rendered":"Specifikace indexu CEGH GreenHydrogen"},"content":{"rendered":"\n\n\n\n\n\n\n\n\n\n\n\n    \n\n\n\n\n\n\n\n\n\n\n\n\n\n\n\n\n\n\n\n\n                    \n            <div class=\"ce ce-text pb-0\n         ce--mb-small                          ce--sp-small          ce--full\n             u-bgColor-white \"\n             id=\"block_082182a2e2d27cb6c34211800b68b1ba\">\n                                    <div class=\"container-fluid\">\n                            <div class=\"row\">\n                    <div class=\"cc-text__text col-12 col-md-12 col-xl-12 mx-auto text-left\">\n                        <div class=\"ce-textblock\" data-animation=\"true\" data-animation-duration=\"300\">\n    <div class=\"ce-textblock__text\">\n                    <p class=\"ce-textblock__topline\">Zelen\u00e9 Plyny<\/p>\n                            <h1 class=\"\"> Specifikace indexu CEGH GreenHydrogen  <\/h1>\n                <p>&nbsp;<\/p>\n<ul>\n<li>\n<p class=\"large\">CEGH GreenHydrogen Index je index pro v\u00fdrobn\u00ed n\u00e1klady na zelen\u00fd vod\u00edk v Rakousku.<\/p>\n<\/li>\n<li>\n<p class=\"large\">Index Index bude slou\u017eit jako cenov\u00e1 reference pro zelen\u00fd vod\u00edk v Rakousku a ve st\u0159edn\u00ed Evrop\u011b. bude slou\u017eit jako cenov\u00e1 reference pro zelen\u00fd vod\u00edk v Rakousku a ve st\u0159edn\u00ed Evrop\u011b.<\/p>\n<\/li>\n<li>\n<p class=\"large\">T\u00edmto indexem CEGH podporuje rozvoj trhu se zelen\u00fdm vod\u00edkem.<\/p>\n<\/li>\n<li>Dne 23. \u0159\u00edjna 2023 byla aktualizov\u00e1na metodika a index byl p\u0159ejmenov\u00e1n &#8211; CEGH GreenHydrogen PPA 100 Index se nyn\u00ed jmenuje <strong>CEGH GreenHydrogen Index a je v souladu se z\u00e1konem v p\u0159enesen\u00e9 pravomoci, RED II.<\/strong><\/li>\n<\/ul>\n<p>&nbsp;<\/p>\n<p>Index CEGH GreenHydrogen Index vyu\u017e\u00edv\u00e1 potenci\u00e1ln\u00ed v\u00fdrobn\u00ed n\u00e1klady zelen\u00e9ho vod\u00edku v Rakousku a slou\u017e\u00ed jako cenov\u00e1 reference pro st\u0159edn\u00ed Evropu. Index byl vytvo\u0159en za podpory poradensk\u00e9 spole\u010dnosti PwC Austria.<\/p>\n<p>Vzhledem k prob\u00edhaj\u00edc\u00ed revizi evropsk\u00e9 sm\u011brnice o obnoviteln\u00fdch zdroj\u00edch energie se index CEGH GreenHydrogen skl\u00e1d\u00e1 ze \u010dty\u0159 cenov\u00fdch referenc\u00ed &#8211; v z\u00e1vislosti na r\u016fzn\u00fdch strategi\u00edch n\u00e1kupu elekt\u0159iny:<\/p>\n\n    <\/div>\n<\/div>\n                    <\/div>\n                <\/div>\n                        <\/div>\n                    <\/div>\n    \n        \n\n\n\n\n\n\n\n\n\n\n\n\n\n\n\n\n\n\n\n\n\n\n\n\n\n\n\n\n\n\n\n                                <div class=\"ce ce-accordion\n         ce--mb-small                         \"\n                 id=\"block_499838d0da865e762d07a46051dffddf\">\n\n                                                <div class=\"container-fluid\">\n                                                            <div class=\"row\">\n                        <div class=\"col-12 col-md-12 col-xl-12 mx-auto\">\n                                                                                                                                                            <div class=\"ce-accordion__item\" data-animation=\"fade-up\" data-animation-duration=\"300\" >\n                                    <div class=\"ce-accordion__header js-accordion__header\" id=\"accordion_block_499838d0da865e762d07a46051dffddf1\">\n                                        <div class=\"ce-accordion__clickarea  d-flex flex-row align-items-center\"\n                                             data-toggle=\"collapse\" data-target=\"#collapse_block_499838d0da865e762d07a46051dffddf1\" aria-expanded=\"true\"\n                                             aria-controls=\"collapse_block_499838d0da865e762d07a46051dffddf1\">\n                                            <header>\n                                                CEGH GreenHydrogen Index &#8211; RED II\n                                            <\/header>\n                                            <span class=\"ml-auto\">\n                                                <a class=\"ce-accordion__icon\"><\/a>\n                                            <\/span>\n                                        <\/div>\n                                    <\/div>\n                                    <div id=\"collapse_block_499838d0da865e762d07a46051dffddf1\" class=\"collapse  show \"\n                                         aria-expanded=\"false\" aria-labelledby=\"heading_block_499838d0da865e762d07a46051dffddf1\" data-parent=\"#block_499838d0da865e762d07a46051dffddf\">\n                                        <div class=\"ce-accordion__body\">\n                                                                                                                                                                                            \n\n\n\n\n\n\n\n\n\n\n\n\n\n\n\n\n\n\n\n\n\n\n\n\n\n\n\n\n\n\n                                            \n        \n        \n        \n    \n\n                    \n    \n\n                    \n            <div class=\"ce ce-text pb-0\n                                        \"\n             id=\"\">\n                                        <div class=\"row\">\n                    <div class=\"cc-text__text col-12 col-md-12 col-xl-12  text-left\">\n                        <div class=\"ce-textblock\" data-animation=\"true\" data-animation-duration=\"300\">\n    <div class=\"ce-textblock__text\">\n                        <p><span style=\"color: #99cc00;\">V souladu se z\u00e1konem v p\u0159enesen\u00e9 pravomoci, RED II.<\/span><\/p>\n<p>100% elekt\u0159iny pro v\u00fdrobu zelen\u00e9ho vod\u00edku poch\u00e1z\u00ed z fotovoltaick\u00fdch a v\u011btrn\u00fdch elektr\u00e1ren, kter\u00e9 jsou k tomuto \u00fa\u010delu k dispozici v bl\u00edzkosti z\u00e1vodu na v\u00fdrobu vod\u00edku (PPA \u2013 Power Purchase Agreement). Z\u00e1kladem je desetilet\u00e1 smlouva o n\u00e1kupu elekt\u0159iny.<\/p>\n<p>Index CEGH GreenHydrogen je zalo\u017een na 100% dod\u00e1vk\u00e1ch na z\u00e1klad\u011b smlouvy o n\u00e1kupu elekt\u0159iny (PPA), kter\u00e1 je v <span class=\"u-bold\">souladu se z\u00e1konem v p\u0159enesen\u00e9 pravomoci, RED II.<\/span><\/p>\n\n    <\/div>\n<\/div>\n                    <\/div>\n                <\/div>\n                    <\/div>\n    \n                                                                                            <\/div>\n                                    <\/div>\n                                <\/div>\n                                                                                                                                                            <div class=\"ce-accordion__item\" data-animation=\"fade-up\" data-animation-duration=\"300\" >\n                                    <div class=\"ce-accordion__header js-accordion__header\" id=\"accordion_block_499838d0da865e762d07a46051dffddf2\">\n                                        <div class=\"ce-accordion__clickarea  collapsed  d-flex flex-row align-items-center\"\n                                             data-toggle=\"collapse\" data-target=\"#collapse_block_499838d0da865e762d07a46051dffddf2\" aria-expanded=\"false\"\n                                             aria-controls=\"collapse_block_499838d0da865e762d07a46051dffddf2\">\n                                            <header>\n                                                CEGH GreenHydrogen PPA 40 Index\n                                            <\/header>\n                                            <span class=\"ml-auto\">\n                                                <a class=\"ce-accordion__icon\"><\/a>\n                                            <\/span>\n                                        <\/div>\n                                    <\/div>\n                                    <div id=\"collapse_block_499838d0da865e762d07a46051dffddf2\" class=\"collapse \"\n                                         aria-expanded=\"false\" aria-labelledby=\"heading_block_499838d0da865e762d07a46051dffddf2\" data-parent=\"#block_499838d0da865e762d07a46051dffddf\">\n                                        <div class=\"ce-accordion__body\">\n                                                                                                                                                                                            \n\n\n\n\n\n\n\n\n\n\n\n\n\n\n\n\n\n\n\n\n\n\n\n\n\n\n\n\n\n\n                                            \n        \n        \n        \n    \n\n                    \n    \n\n                    \n            <div class=\"ce ce-text pb-0\n                                        \"\n             id=\"\">\n                                        <div class=\"row\">\n                    <div class=\"cc-text__text col-12 col-md-12 col-xl-12  text-left\">\n                        <div class=\"ce-textblock\" data-animation=\"true\" data-animation-duration=\"300\">\n    <div class=\"ce-textblock__text\">\n                        <p>60 % zelen\u00e9 elekt\u0159iny se nakupuje na trhu s elekt\u0159inou, zat\u00edmco 40 % elekt\u0159iny na v\u00fdrobu zelen\u00e9ho vod\u00edku poch\u00e1z\u00ed z fotovoltaick\u00fdch a v\u011btrn\u00fdch elektr\u00e1ren, kter\u00e9 jsou k tomuto \u00fa\u010delu k dispozici v bl\u00edzkosti z\u00e1vodu na v\u00fdrobu vod\u00edku (PPA \u2013 Power Purchase Agreement). Z\u00e1kladem je rovn\u011b\u017e desetilet\u00e1 smlouva o n\u00e1kupu elekt\u0159iny.<\/p>\n\n    <\/div>\n<\/div>\n                    <\/div>\n                <\/div>\n                    <\/div>\n    \n                                                                                            <\/div>\n                                    <\/div>\n                                <\/div>\n                                                                                                                                                            <div class=\"ce-accordion__item\" data-animation=\"fade-up\" data-animation-duration=\"300\" >\n                                    <div class=\"ce-accordion__header js-accordion__header\" id=\"accordion_block_499838d0da865e762d07a46051dffddf3\">\n                                        <div class=\"ce-accordion__clickarea  collapsed  d-flex flex-row align-items-center\"\n                                             data-toggle=\"collapse\" data-target=\"#collapse_block_499838d0da865e762d07a46051dffddf3\" aria-expanded=\"false\"\n                                             aria-controls=\"collapse_block_499838d0da865e762d07a46051dffddf3\">\n                                            <header>\n                                                CEGH GreenHydrogen Spot and CEGH GreenHydrogen Forward Index\n                                            <\/header>\n                                            <span class=\"ml-auto\">\n                                                <a class=\"ce-accordion__icon\"><\/a>\n                                            <\/span>\n                                        <\/div>\n                                    <\/div>\n                                    <div id=\"collapse_block_499838d0da865e762d07a46051dffddf3\" class=\"collapse \"\n                                         aria-expanded=\"false\" aria-labelledby=\"heading_block_499838d0da865e762d07a46051dffddf3\" data-parent=\"#block_499838d0da865e762d07a46051dffddf\">\n                                        <div class=\"ce-accordion__body\">\n                                                                                                                                                                                            \n\n\n\n\n\n\n\n\n\n\n\n\n\n\n\n\n\n\n\n\n\n\n\n\n\n\n\n\n\n\n                                            \n        \n        \n        \n    \n\n                    \n    \n\n                    \n            <div class=\"ce ce-text pb-0\n                                        \"\n             id=\"\">\n                                        <div class=\"row\">\n                    <div class=\"cc-text__text col-12 col-md-12 col-xl-12  text-left\">\n                        <div class=\"ce-textblock\" data-animation=\"true\" data-animation-duration=\"300\">\n    <div class=\"ce-textblock__text\">\n                        <p>Na burzovn\u00edm trhu s elekt\u0159inou se nakupuje 100 % zelen\u00e9 elekt\u0159iny pro v\u00fdrobu zelen\u00e9ho vod\u00edku.<\/p>\n\n    <\/div>\n<\/div>\n                    <\/div>\n                <\/div>\n                    <\/div>\n    \n                                                                                            <\/div>\n                                    <\/div>\n                                <\/div>\n                                                    <\/div>\n                    <\/div>\n                                    <\/div>\n                            <\/div>\n        \n\n            \n\n\n\n\n\n\n\n\n\n\n\n\n\n\n\n\n\n\n\n\n\n\n\n\n\n\n\n\n\n\n\n\n                    \n            <div class=\"ce ce-text pb-0\n         ce--mb-standard                                 \"\n             id=\"block_7190c1e4b133562bffadfaf887fbb2bf\">\n                                    <div class=\"container-fluid\">\n                            <div class=\"row\">\n                    <div class=\"cc-text__text col-12 col-md-12 col-xl-12 mx-auto text-left\">\n                        <div class=\"ce-textblock\" data-animation=\"true\" data-animation-duration=\"300\">\n    <div class=\"ce-textblock__text\">\n                        <p>Indexy CEGH GreenHydrogen jsou pr\u016fb\u011b\u017en\u011b vyhodnocov\u00e1ny cenov\u00fdm v\u00fdborem CEGH a p\u0159izp\u016fsobov\u00e1ny zm\u011bn\u00e1m na trhu s vod\u00edkem. Je t\u0159eba zmapovat o\u010dek\u00e1van\u00e9 sn\u00ed\u017een\u00ed investi\u010dn\u00edch n\u00e1klad\u016f na v\u00fdstavbu elektrol\u00fdzn\u00edch za\u0159\u00edzen\u00ed. Jakmile bude definov\u00e1n budouc\u00ed regula\u010dn\u00ed r\u00e1mec pro v\u00fdrobu a pou\u017e\u00edv\u00e1n\u00ed zelen\u00e9ho vod\u00edku, bude podle toho upraveno i slo\u017een\u00ed index\u016f CEGH GreenHydrogen.<\/p>\n<p>Pl\u00e1nuje se, \u017ee indexy CEGH GreenHydrogen budou postupn\u011b propojeny s cenov\u00fdmi sign\u00e1ly z trhu s vod\u00edkem. Jakmile bude zavedeno funk\u010dn\u00ed obchodov\u00e1n\u00ed se zelen\u00fdm vod\u00edkem, budou indexy CEGH GreenHydrogen p\u0159evedeny z indexu zalo\u017een\u00e9ho na n\u00e1kladech na index zalo\u017een\u00fd na trhu.<\/p>\n<p>Podrobn\u00e9 informace, nap\u0159\u00edklad o metodik\u00e1ch v\u00fdpo\u010dtu r\u016fzn\u00fdch index\u016f CEGH GreenHydrogen, naleznete v <a class=\"u-color-green u-color-lightblue\" title=\"CEGH Green Hydrogen Index Specification.pdf\" href=\"https:\/\/www.cegh.at\/wp-content\/uploads\/2024\/12\/20241218_CEGH-GreenHydrogen_Index_Specification.pdf\" target=\"_blank\" rel=\"noopener\" data-udi=\"umb:\/\/media\/9ef8e573207346c3bf9ab3eb55fe6a14\">dokumentu CEGH GreenHydrogen Index v \u010dist\u00e9 verzi<\/a> nebo v <a class=\"u-color-green u-color-lightblue\" href=\"https:\/\/www.cegh.at\/wp-content\/uploads\/2024\/12\/20241218_CEGH-GreenHydrogen_Index_Specification-track-changes.pdf\" target=\"_blank\" rel=\"noopener\">dokumentu se sledovan\u00fdmi zm\u011bnami zde.<\/a><\/p>\n<p>&nbsp;<\/p>\n\n    <\/div>\n<\/div>\n                    <\/div>\n                <\/div>\n                        <\/div>\n                    <\/div>\n    \n        ","protected":false},"excerpt":{"rendered":"","protected":false},"author":4,"featured_media":0,"parent":82348,"menu_order":0,"comment_status":"closed","ping_status":"closed","template":"","meta":{"_acf_changed":false,"content-type":"","footnotes":""},"class_list":["post-82409","page","type-page","status-publish","hentry"],"acf":[],"yoast_head":"<!-- This site is optimized with the Yoast SEO plugin v27.3 - https:\/\/yoast.com\/product\/yoast-seo-wordpress\/ -->\n<title>Specifikace indexu CEGH GreenHydrogen - CEGH<\/title>\n<meta name=\"description\" content=\"Objevte specifikaci CEGH GreenHydrogen Index, cenovou referenci pro n\u00e1klady na v\u00fdrobu ekologick\u00e9ho vod\u00edku v Rakousku a st\u0159edn\u00ed Evrop\u011b.\" \/>\n<meta name=\"robots\" content=\"index, follow, max-snippet:-1, max-image-preview:large, max-video-preview:-1\" \/>\n<link rel=\"canonical\" href=\"https:\/\/www.cegh.at\/cz\/greengas\/specifikace-indexu-cegh-greenhydrogen\/\" \/>\n<meta property=\"og:locale\" content=\"en_US\" \/>\n<meta property=\"og:type\" content=\"article\" \/>\n<meta property=\"og:title\" content=\"Specifikace indexu CEGH GreenHydrogen - CEGH\" \/>\n<meta property=\"og:description\" content=\"Objevte specifikaci CEGH GreenHydrogen Index, cenovou referenci pro n\u00e1klady na v\u00fdrobu ekologick\u00e9ho vod\u00edku v Rakousku a st\u0159edn\u00ed Evrop\u011b.\" \/>\n<meta property=\"og:url\" content=\"https:\/\/www.cegh.at\/cz\/greengas\/specifikace-indexu-cegh-greenhydrogen\/\" \/>\n<meta property=\"og:site_name\" content=\"CEGH\" \/>\n<meta property=\"article:modified_time\" content=\"2024-12-18T09:11:57+00:00\" \/>\n<meta name=\"twitter:card\" content=\"summary_large_image\" \/>\n<script type=\"application\/ld+json\" class=\"yoast-schema-graph\">{\"@context\":\"https:\\\/\\\/schema.org\",\"@graph\":[{\"@type\":\"WebPage\",\"@id\":\"https:\\\/\\\/www.cegh.at\\\/cz\\\/greengas\\\/specifikace-indexu-cegh-greenhydrogen\\\/\",\"url\":\"https:\\\/\\\/www.cegh.at\\\/cz\\\/greengas\\\/specifikace-indexu-cegh-greenhydrogen\\\/\",\"name\":\"Specifikace indexu CEGH GreenHydrogen - CEGH\",\"isPartOf\":{\"@id\":\"https:\\\/\\\/www.cegh.at\\\/cz\\\/#website\"},\"datePublished\":\"2023-03-14T09:24:32+00:00\",\"dateModified\":\"2024-12-18T09:11:57+00:00\",\"description\":\"Objevte specifikaci CEGH GreenHydrogen Index, cenovou referenci pro n\u00e1klady na v\u00fdrobu ekologick\u00e9ho vod\u00edku v Rakousku a st\u0159edn\u00ed Evrop\u011b.\",\"breadcrumb\":{\"@id\":\"https:\\\/\\\/www.cegh.at\\\/cz\\\/greengas\\\/specifikace-indexu-cegh-greenhydrogen\\\/#breadcrumb\"},\"inLanguage\":\"cz-CZ\",\"potentialAction\":[{\"@type\":\"ReadAction\",\"target\":[\"https:\\\/\\\/www.cegh.at\\\/cz\\\/greengas\\\/specifikace-indexu-cegh-greenhydrogen\\\/\"]}]},{\"@type\":\"BreadcrumbList\",\"@id\":\"https:\\\/\\\/www.cegh.at\\\/cz\\\/greengas\\\/specifikace-indexu-cegh-greenhydrogen\\\/#breadcrumb\",\"itemListElement\":[{\"@type\":\"ListItem\",\"position\":1,\"name\":\"Home\",\"item\":\"https:\\\/\\\/www.cegh.at\\\/cz\\\/\"},{\"@type\":\"ListItem\",\"position\":2,\"name\":\"GreenGas\",\"item\":\"https:\\\/\\\/www.cegh.at\\\/cz\\\/greengas\\\/\"},{\"@type\":\"ListItem\",\"position\":3,\"name\":\"Specifikace indexu CEGH GreenHydrogen\"}]},{\"@type\":\"WebSite\",\"@id\":\"https:\\\/\\\/www.cegh.at\\\/cz\\\/#website\",\"url\":\"https:\\\/\\\/www.cegh.at\\\/cz\\\/\",\"name\":\"CEGH\",\"description\":\"\",\"publisher\":{\"@id\":\"https:\\\/\\\/www.cegh.at\\\/cz\\\/#organization\"},\"potentialAction\":[{\"@type\":\"SearchAction\",\"target\":{\"@type\":\"EntryPoint\",\"urlTemplate\":\"https:\\\/\\\/www.cegh.at\\\/cz\\\/?s={search_term_string}\"},\"query-input\":{\"@type\":\"PropertyValueSpecification\",\"valueRequired\":true,\"valueName\":\"search_term_string\"}}],\"inLanguage\":\"cz-CZ\"},{\"@type\":\"Organization\",\"@id\":\"https:\\\/\\\/www.cegh.at\\\/cz\\\/#organization\",\"name\":\"CEGH\",\"url\":\"https:\\\/\\\/www.cegh.at\\\/cz\\\/\",\"logo\":{\"@type\":\"ImageObject\",\"inLanguage\":\"cz-CZ\",\"@id\":\"https:\\\/\\\/www.cegh.at\\\/cz\\\/#\\\/schema\\\/logo\\\/image\\\/\",\"url\":\"https:\\\/\\\/www.cegh.at\\\/wp-content\\\/uploads\\\/2023\\\/05\\\/Hauptlogo_RGB.jpg\",\"contentUrl\":\"https:\\\/\\\/www.cegh.at\\\/wp-content\\\/uploads\\\/2023\\\/05\\\/Hauptlogo_RGB.jpg\",\"width\":3333,\"height\":2500,\"caption\":\"CEGH\"},\"image\":{\"@id\":\"https:\\\/\\\/www.cegh.at\\\/cz\\\/#\\\/schema\\\/logo\\\/image\\\/\"}}]}<\/script>\n<!-- \/ Yoast SEO plugin. -->","yoast_head_json":{"title":"Specifikace indexu CEGH GreenHydrogen - CEGH","description":"Objevte specifikaci CEGH GreenHydrogen Index, cenovou referenci pro n\u00e1klady na v\u00fdrobu ekologick\u00e9ho vod\u00edku v Rakousku a st\u0159edn\u00ed Evrop\u011b.","robots":{"index":"index","follow":"follow","max-snippet":"max-snippet:-1","max-image-preview":"max-image-preview:large","max-video-preview":"max-video-preview:-1"},"canonical":"https:\/\/www.cegh.at\/cz\/greengas\/specifikace-indexu-cegh-greenhydrogen\/","og_locale":"en_US","og_type":"article","og_title":"Specifikace indexu CEGH GreenHydrogen - CEGH","og_description":"Objevte specifikaci CEGH GreenHydrogen Index, cenovou referenci pro n\u00e1klady na v\u00fdrobu ekologick\u00e9ho vod\u00edku v Rakousku a st\u0159edn\u00ed Evrop\u011b.","og_url":"https:\/\/www.cegh.at\/cz\/greengas\/specifikace-indexu-cegh-greenhydrogen\/","og_site_name":"CEGH","article_modified_time":"2024-12-18T09:11:57+00:00","twitter_card":"summary_large_image","schema":{"@context":"https:\/\/schema.org","@graph":[{"@type":"WebPage","@id":"https:\/\/www.cegh.at\/cz\/greengas\/specifikace-indexu-cegh-greenhydrogen\/","url":"https:\/\/www.cegh.at\/cz\/greengas\/specifikace-indexu-cegh-greenhydrogen\/","name":"Specifikace indexu CEGH GreenHydrogen - CEGH","isPartOf":{"@id":"https:\/\/www.cegh.at\/cz\/#website"},"datePublished":"2023-03-14T09:24:32+00:00","dateModified":"2024-12-18T09:11:57+00:00","description":"Objevte specifikaci CEGH GreenHydrogen Index, cenovou referenci pro n\u00e1klady na v\u00fdrobu ekologick\u00e9ho vod\u00edku v Rakousku a st\u0159edn\u00ed Evrop\u011b.","breadcrumb":{"@id":"https:\/\/www.cegh.at\/cz\/greengas\/specifikace-indexu-cegh-greenhydrogen\/#breadcrumb"},"inLanguage":"cz-CZ","potentialAction":[{"@type":"ReadAction","target":["https:\/\/www.cegh.at\/cz\/greengas\/specifikace-indexu-cegh-greenhydrogen\/"]}]},{"@type":"BreadcrumbList","@id":"https:\/\/www.cegh.at\/cz\/greengas\/specifikace-indexu-cegh-greenhydrogen\/#breadcrumb","itemListElement":[{"@type":"ListItem","position":1,"name":"Home","item":"https:\/\/www.cegh.at\/cz\/"},{"@type":"ListItem","position":2,"name":"GreenGas","item":"https:\/\/www.cegh.at\/cz\/greengas\/"},{"@type":"ListItem","position":3,"name":"Specifikace indexu CEGH GreenHydrogen"}]},{"@type":"WebSite","@id":"https:\/\/www.cegh.at\/cz\/#website","url":"https:\/\/www.cegh.at\/cz\/","name":"CEGH","description":"","publisher":{"@id":"https:\/\/www.cegh.at\/cz\/#organization"},"potentialAction":[{"@type":"SearchAction","target":{"@type":"EntryPoint","urlTemplate":"https:\/\/www.cegh.at\/cz\/?s={search_term_string}"},"query-input":{"@type":"PropertyValueSpecification","valueRequired":true,"valueName":"search_term_string"}}],"inLanguage":"cz-CZ"},{"@type":"Organization","@id":"https:\/\/www.cegh.at\/cz\/#organization","name":"CEGH","url":"https:\/\/www.cegh.at\/cz\/","logo":{"@type":"ImageObject","inLanguage":"cz-CZ","@id":"https:\/\/www.cegh.at\/cz\/#\/schema\/logo\/image\/","url":"https:\/\/www.cegh.at\/wp-content\/uploads\/2023\/05\/Hauptlogo_RGB.jpg","contentUrl":"https:\/\/www.cegh.at\/wp-content\/uploads\/2023\/05\/Hauptlogo_RGB.jpg","width":3333,"height":2500,"caption":"CEGH"},"image":{"@id":"https:\/\/www.cegh.at\/cz\/#\/schema\/logo\/image\/"}}]}},"_links":{"self":[{"href":"https:\/\/www.cegh.at\/cz\/wp-json\/wp\/v2\/pages\/82409","targetHints":{"allow":["GET"]}}],"collection":[{"href":"https:\/\/www.cegh.at\/cz\/wp-json\/wp\/v2\/pages"}],"about":[{"href":"https:\/\/www.cegh.at\/cz\/wp-json\/wp\/v2\/types\/page"}],"author":[{"embeddable":true,"href":"https:\/\/www.cegh.at\/cz\/wp-json\/wp\/v2\/users\/4"}],"replies":[{"embeddable":true,"href":"https:\/\/www.cegh.at\/cz\/wp-json\/wp\/v2\/comments?post=82409"}],"version-history":[{"count":18,"href":"https:\/\/www.cegh.at\/cz\/wp-json\/wp\/v2\/pages\/82409\/revisions"}],"predecessor-version":[{"id":885141,"href":"https:\/\/www.cegh.at\/cz\/wp-json\/wp\/v2\/pages\/82409\/revisions\/885141"}],"up":[{"embeddable":true,"href":"https:\/\/www.cegh.at\/cz\/wp-json\/wp\/v2\/pages\/82348"}],"wp:attachment":[{"href":"https:\/\/www.cegh.at\/cz\/wp-json\/wp\/v2\/media?parent=82409"}],"curies":[{"name":"wp","href":"https:\/\/api.w.org\/{rel}","templated":true}]}}