{"id":82449,"date":"2023-03-09T11:42:08","date_gmt":"2023-03-09T10:42:08","guid":{"rendered":"https:\/\/www.cegh.at\/registrace\/"},"modified":"2025-04-11T12:17:31","modified_gmt":"2025-04-11T10:17:31","slug":"registrace","status":"publish","type":"page","link":"https:\/\/www.cegh.at\/cz\/registrace\/","title":{"rendered":"St\u00e1t Se \u010clenem"},"content":{"rendered":"\n\n\n\n\n\n\n\n\n\n\n\n\n\n\n\n\n\n\n\n\n\n\n\n\n\n\n\n\n\n\n\n\n                    \n            <div class=\"ce ce-text pb-0\n         ce--mb-small          ce--contrast                  ce--sp-small          ce--full\n             js-bgcontainer u-bg-cc  \"\n             id=\"block_c7a6485215b89ae25276c42e999be89a\">\n                                <figure>\n    <picture>\n        <source media=\"(min-width: 1440px)\" srcset=\"https:\/\/www.cegh.at\/wp-content\/uploads\/2023\/05\/MicrosoftTeams-image-3-1920x0-c-default.jpg\">\n        <source media=\"(min-width: 1200px)\" srcset=\"https:\/\/www.cegh.at\/wp-content\/uploads\/2023\/05\/MicrosoftTeams-image-3-1440x0-c-default.jpg\">\n        <source media=\"(min-width: 992px)\" srcset=\"https:\/\/www.cegh.at\/wp-content\/uploads\/2023\/05\/MicrosoftTeams-image-3-1200x0-c-default.jpg\">\n        <source media=\"(min-width: 768px)\" srcset=\"https:\/\/www.cegh.at\/wp-content\/uploads\/2023\/05\/MicrosoftTeams-image-3-992x0-c-default.jpg\">\n        <source media=\"(min-width: 576px)\" srcset=\"https:\/\/www.cegh.at\/wp-content\/uploads\/2023\/05\/MicrosoftTeams-image-3-768x0-c-default.jpg\">\n        <source media=\"(min-width: 320px)\" srcset=\"https:\/\/www.cegh.at\/wp-content\/uploads\/2023\/05\/MicrosoftTeams-image-3-576x0-c-default.jpg\">\n        <source srcset=\"https:\/\/www.cegh.at\/wp-content\/uploads\/2023\/05\/MicrosoftTeams-image-3-576x0-c-default.jpg\">\n        <img loading=\"lazy\" decoding=\"async\" src=\"https:\/\/www.cegh.at\/wp-content\/uploads\/2023\/05\/MicrosoftTeams-image-3-1920x0-c-default.jpg\" width=\"4000\"\n             height=\"3000\" alt=\"\" title=\"Man stands inside spiral abstraction on dark toned background\" class=\"img-fluid w-100 js-bgimage\">\n    <\/picture>\n<\/figure>\n                <div class=\"ce-text__gradient ce-text__gradient--center js-gradient\"><\/div>\n                <div class=\"ce-text__gradient--base\"><\/div>\n                                    <div class=\"container-fluid\">\n                            <div class=\"row\">\n                    <div class=\"cc-text__text col-12 col-md-12 col-xl-12 mx-auto text-left\">\n                        <div class=\"ce-textblock\" data-animation=\"true\" data-animation-duration=\"300\">\n    <div class=\"ce-textblock__text\">\n                            <h1 class=\"\"> St\u00e1t se \u010dlenem <\/h1>\n                \n    <\/div>\n<\/div>\n                    <\/div>\n                <\/div>\n                        <\/div>\n                    <\/div>\n    \n        \n\n\n\n\n\n\n\n\n\n\n\n\n\n\n\n\n\n\n\n\n\n\n\n\n\n\n\n\n\n\n\n\n            \n        \n                    <div class=\"ce ce-cols ce-cols--2\n         ce--mb-small                                 \"\n                 id=\"block_62a4ceea973e8ec8eef842a63f61256d\">\n                                    <div class=\"container-fluid\">\n                                        <div class=\"row\">\n                        <div class=\"col-12 col-lg-6 \">\n                            <!--HIER DIE SCHLEIFE MIT DEM CONTENT SPALTE 1-->\n                                                                                                                            \n\n\n\n\n\n\n\n\n\n\n\n\n\n\n\n\n\n\n\n\n\n\n\n\n\n\n\n\n\n\n                                            \n        \n        \n        \n    \n\n                    \n    \n\n                    \n            <div class=\"ce ce-text pb-0\n                                        \"\n             id=\"block_62a4ceea973e8ec8eef842a63f61256d\">\n                                        <div class=\"row\">\n                    <div class=\"cc-text__text col-12 col-md-12 col-xl-12  text-justify\">\n                        <div class=\"ce-textblock\" data-animation=\"true\" data-animation-duration=\"300\">\n    <div class=\"ce-textblock__text\">\n                            <h5 class=\"\"> VIRTU\u00c1LN\u00cd OBCHODN\u00cdK  <\/h5>\n                <p class=\"p1\">Virtu\u00e1ln\u00ed obchodn\u00edci nemohou m\u00edt \u017e\u00e1dnou fyzickou pozici v s\u00edti, nebude mo\u017en\u00e1 \u017e\u00e1dn\u00e1 fyzick\u00e1 dod\u00e1vka ani p\u0159\u00edstup k vyrovn\u00e1vac\u00ed energii) nebo obchodovat na burze s plynem. Pro tyto slu\u017eby mus\u00ed Virtu\u00e1ln\u00ed obchodn\u00edk vstoupit do Z\u00fa\u010dtovac\u00ed skupiny (Balance Group).<\/p>\n<ul class=\"ul1\">\n<li class=\"li2\"><b>Registrace jako virtu\u00e1ln\u00ed obchodn\u00edk<\/b><\/li>\n<\/ul>\n<p class=\"p2\" style=\"padding-left: 40px;\">Chcete-li po\u017e\u00e1dat o \u010dlenstv\u00ed, klikn\u011bte na tla\u010d\u00edtko n\u00ed\u017ee a postupujte podle pokyn\u016f.<\/p>\n<p>&nbsp;<\/p>\n<p><span class=\"s1\"><a class=\"btn--secondary btn--large btn btn--primary\" href=\"https:\/\/www.cegh.at\/en\/form\/\"><b>\u017d\u00c1DOST O \u010cLENSTV\u00cd<\/b><\/a><\/span><\/p>\n<p>&nbsp;<\/p>\n<p class=\"p1\"><span class=\"s1\"><a class=\"btn btn--primary\" href=\"https:\/\/www.cegh.at\/cz\/registrace\/vseobecne-obchodni-podminky-spolecnosti-cegh-vop\/\"><b>V\u0161eobecn\u00e9 podm\u00ednky<\/b><\/a><\/span><\/p>\n<p><span class=\"s1\"><a class=\"btn--primary btn\" href=\"https:\/\/www.cegh.at\/wp-content\/uploads\/2023\/11\/CEGH_AB-B-VHP_How-to-become-an-OTC-member_1.8-v2.pdf\"><b>P\u0159\u00edru\u010dka &#8220;Jak se st\u00e1t \u010dlenem CEGH&#8221;<\/b><\/a><\/span><\/p>\n<p>&nbsp;<\/p>\n\n    <\/div>\n<\/div>\n                    <\/div>\n                <\/div>\n                    <\/div>\n    \n                                                                    \n                        <\/div>\n                        <div class=\"col-12 col-lg-6 \">\n                            <!--HIER DIE SCHLEIFE MIT DEM CONTENT SPALTE 2-->\n                                                                                                                            \n\n\n\n\n\n\n\n\n\n\n\n\n\n\n\n\n\n\n\n\n\n\n\n\n\n\n\n\n\n\n                                            \n        \n        \n        \n    \n\n                    \n    \n\n                    \n            <div class=\"ce ce-text pb-0\n                                        \"\n             id=\"block_62a4ceea973e8ec8eef842a63f61256d\">\n                                        <div class=\"row\">\n                    <div class=\"cc-text__text col-12 col-md-12 col-xl-12  text-justify\">\n                        <div class=\"ce-textblock\" data-animation=\"true\" data-animation-duration=\"300\">\n    <div class=\"ce-textblock__text\">\n                            <h5 class=\"\"> SUBJEKT Z\u00daCTOV\u00c1NI <br \/>\n(BALANCE GROUP RESPONSIBLE PARTY)  <\/h5>\n                <p class=\"p1\">Aby byly spole\u010dnosti opr\u00e1vn\u011bny fyzicky p\u0159epravovat zemn\u00ed plyn v r\u00e1mci Rakouska nebo p\u0159es jeho \u00fazem\u00ed, maj\u00ed na v\u00fdb\u011br dv\u011b mo\u017enosti: registraci jako BGRP nebo vyu\u017eit\u00ed slu\u017eeb bilan\u010dn\u00ed skupiny (BG). Ob\u011b mo\u017enosti jsou podrobn\u011b vysv\u011btleny na specializovan\u00fdch internetov\u00fdch str\u00e1nk\u00e1ch AGGM. AGGM je spr\u00e1vcem tr\u017en\u00ed oblasti a distribu\u010dn\u00ed oblasti na rakousk\u00e9m trhu a slou\u017e\u00ed jako jednotn\u00e9 kontaktn\u00ed m\u00edsto pro registraci BGRP.<\/p>\n<p class=\"p1\">V\u0161echny <b>BGRP<\/b> mus\u00ed spl\u0148ovat platn\u00e9 regula\u010dn\u00ed po\u017eadavky (GMMO-VO 2020). Upozor\u0148ujeme, \u017ee je mimo jin\u00e9 vy\u017eadov\u00e1n smluvn\u00ed vztah se subjektem bilancov\u00e1n\u00ed AGCS. \u017dadatel\u00e9 se obracejte p\u0159\u00edmo na AGGM, kontaktn\u00ed \u00fadaje jsou uvedeny zde: <a class=\"u-color-green\" href=\"http:\/\/www.aggm.at\/en\"><span class=\"s1\">AGGM (Austrian Gas Grid Management AG)<\/span><\/a>.<\/p>\n<p>&nbsp;<\/p>\n<p class=\"p1\">M\u00e1te-li z\u00e1jem o <b>\u010dlenstv\u00ed na burze EEX CEGH Gas Exchange<\/b>, klikn\u011bte na tla\u010d\u00edtko <a class=\"u-color-green\" href=\"https:\/\/www.cegh.at\/cz\/trh-gas-exchange\/\"><span class=\"s1\">zde<\/span><\/a>.<\/p>\n\n    <\/div>\n<\/div>\n                    <\/div>\n                <\/div>\n                    <\/div>\n    \n                                                                                            <\/div>\n                    <\/div>\n                <\/div>\n            <\/div>\n                        \n\n\n\n\n\n\n\n\n\n\n\n\n\n\n\n\n\n\n\n\n\n\n\n\n\n\n\n\n\n\n\n\n                    \n    \n            <div class=\"ce ce-infocards\n         ce--mb-standard                                  ce--full\"  id=\"block_8e2a4bb70327cf9a8b24c3708829fc4f\">\n                        <div class=\"container-fluid\">\n                                            <div class=\"ce-infocards__container\">\n                                                                                                                                                                    <div class=\"ce-infocards__item ce-infocards__item--profile\">\n                                <figure class=\"\">\n                                    <picture>\n                                        <source srcset=\"https:\/\/www.cegh.at\/wp-content\/uploads\/2023\/06\/Susanne-106_uberarbeitet-140x0-c-default.jpg,  2x\" \/>\n                                        <img decoding=\"async\" class=\"ce-infocards__profilePicture\" src=\"https:\/\/www.cegh.at\/wp-content\/uploads\/2023\/06\/Susanne-106_uberarbeitet-140x0-c-default.jpg\" alt=\"\" title=\"\">\n                                    <\/picture>\n                                <\/figure>\n                                <div class=\"ce-infocards__content\">\n                                                                        <p class=\"ce-infocards__contentName u-small u-color-text-theme-blue\">\n                                        Susanne Neunteufl\n                                    <\/p>\n                                                                                                            <p class=\"ce-infocards__contentPosition u-small u-color-grey-text\">\n                                        Paralegal\n                                    <\/p>\n                                                                                                            <a class=\"ce-infocards__contentTel\" href=\"tel:+43 1 270 2700 28516\">\n                                        Tel.: +43 1 270 2700 28516\n                                    <\/a>\n                                                                                                            <a class=\"ce-infocards__contentEmail\" href=\"mailto:susanne.neunteufl@cegh.at\">\n                                        E-mail: susanne.neunteufl@cegh.at\n                                    <\/a>\n                                                                    <\/div>\n                            <\/div>\n                                    <\/div>\n                            <\/div>\n                    <\/div>\n    \n        ","protected":false},"excerpt":{"rendered":"","protected":false},"author":4,"featured_media":0,"parent":0,"menu_order":0,"comment_status":"closed","ping_status":"closed","template":"","meta":{"_acf_changed":false,"content-type":"","footnotes":""},"class_list":["post-82449","page","type-page","status-publish","hentry"],"acf":[],"yoast_head":"<!-- This site is optimized with the Yoast SEO plugin v27.3 - https:\/\/yoast.com\/product\/yoast-seo-wordpress\/ -->\n<title>Pou\u017eit\u00ed: Jak se st\u00e1t \u010dlenem CEGH a virtu\u00e1ln\u00edm - CEGH str\u00e1nky<\/title>\n<meta name=\"description\" content=\"Zjist\u011bte, jak\u00e9 jsou po\u017eadavky na z\u00edsk\u00e1n\u00ed statusu virtu\u00e1ln\u00edho obchodn\u00edka a na vstup do bilan\u010dn\u00ed skupiny pro obchodov\u00e1n\u00ed s plynem. Snadn\u00e9 pod\u00e1n\u00ed \u017e\u00e1dosti o \u010dlenstv\u00ed.\" \/>\n<meta name=\"robots\" content=\"index, follow, max-snippet:-1, max-image-preview:large, max-video-preview:-1\" \/>\n<link rel=\"canonical\" href=\"https:\/\/www.cegh.at\/cz\/registrace\/\" \/>\n<meta property=\"og:locale\" content=\"en_US\" \/>\n<meta property=\"og:type\" content=\"article\" \/>\n<meta property=\"og:title\" content=\"Pou\u017eit\u00ed: Jak se st\u00e1t \u010dlenem CEGH a virtu\u00e1ln\u00edm - CEGH str\u00e1nky\" \/>\n<meta property=\"og:description\" content=\"Zjist\u011bte, jak\u00e9 jsou po\u017eadavky na z\u00edsk\u00e1n\u00ed statusu virtu\u00e1ln\u00edho obchodn\u00edka a na vstup do bilan\u010dn\u00ed skupiny pro obchodov\u00e1n\u00ed s plynem. Snadn\u00e9 pod\u00e1n\u00ed \u017e\u00e1dosti o \u010dlenstv\u00ed.\" \/>\n<meta property=\"og:url\" content=\"https:\/\/www.cegh.at\/cz\/registrace\/\" \/>\n<meta property=\"og:site_name\" content=\"CEGH\" \/>\n<meta property=\"article:modified_time\" content=\"2025-04-11T10:17:31+00:00\" \/>\n<meta name=\"twitter:card\" content=\"summary_large_image\" \/>\n<script type=\"application\/ld+json\" class=\"yoast-schema-graph\">{\"@context\":\"https:\\\/\\\/schema.org\",\"@graph\":[{\"@type\":\"WebPage\",\"@id\":\"https:\\\/\\\/www.cegh.at\\\/cz\\\/registrace\\\/\",\"url\":\"https:\\\/\\\/www.cegh.at\\\/cz\\\/registrace\\\/\",\"name\":\"Pou\u017eit\u00ed: Jak se st\u00e1t \u010dlenem CEGH a virtu\u00e1ln\u00edm - CEGH str\u00e1nky\",\"isPartOf\":{\"@id\":\"https:\\\/\\\/www.cegh.at\\\/cz\\\/#website\"},\"datePublished\":\"2023-03-09T10:42:08+00:00\",\"dateModified\":\"2025-04-11T10:17:31+00:00\",\"description\":\"Zjist\u011bte, jak\u00e9 jsou po\u017eadavky na z\u00edsk\u00e1n\u00ed statusu virtu\u00e1ln\u00edho obchodn\u00edka a na vstup do bilan\u010dn\u00ed skupiny pro obchodov\u00e1n\u00ed s plynem. Snadn\u00e9 pod\u00e1n\u00ed \u017e\u00e1dosti o \u010dlenstv\u00ed.\",\"breadcrumb\":{\"@id\":\"https:\\\/\\\/www.cegh.at\\\/cz\\\/registrace\\\/#breadcrumb\"},\"inLanguage\":\"cz-CZ\",\"potentialAction\":[{\"@type\":\"ReadAction\",\"target\":[\"https:\\\/\\\/www.cegh.at\\\/cz\\\/registrace\\\/\"]}]},{\"@type\":\"BreadcrumbList\",\"@id\":\"https:\\\/\\\/www.cegh.at\\\/cz\\\/registrace\\\/#breadcrumb\",\"itemListElement\":[{\"@type\":\"ListItem\",\"position\":1,\"name\":\"Home\",\"item\":\"https:\\\/\\\/www.cegh.at\\\/cz\\\/\"},{\"@type\":\"ListItem\",\"position\":2,\"name\":\"St\u00e1t Se \u010clenem\"}]},{\"@type\":\"WebSite\",\"@id\":\"https:\\\/\\\/www.cegh.at\\\/cz\\\/#website\",\"url\":\"https:\\\/\\\/www.cegh.at\\\/cz\\\/\",\"name\":\"CEGH\",\"description\":\"\",\"publisher\":{\"@id\":\"https:\\\/\\\/www.cegh.at\\\/cz\\\/#organization\"},\"potentialAction\":[{\"@type\":\"SearchAction\",\"target\":{\"@type\":\"EntryPoint\",\"urlTemplate\":\"https:\\\/\\\/www.cegh.at\\\/cz\\\/?s={search_term_string}\"},\"query-input\":{\"@type\":\"PropertyValueSpecification\",\"valueRequired\":true,\"valueName\":\"search_term_string\"}}],\"inLanguage\":\"cz-CZ\"},{\"@type\":\"Organization\",\"@id\":\"https:\\\/\\\/www.cegh.at\\\/cz\\\/#organization\",\"name\":\"CEGH\",\"url\":\"https:\\\/\\\/www.cegh.at\\\/cz\\\/\",\"logo\":{\"@type\":\"ImageObject\",\"inLanguage\":\"cz-CZ\",\"@id\":\"https:\\\/\\\/www.cegh.at\\\/cz\\\/#\\\/schema\\\/logo\\\/image\\\/\",\"url\":\"https:\\\/\\\/www.cegh.at\\\/wp-content\\\/uploads\\\/2023\\\/05\\\/Hauptlogo_RGB.jpg\",\"contentUrl\":\"https:\\\/\\\/www.cegh.at\\\/wp-content\\\/uploads\\\/2023\\\/05\\\/Hauptlogo_RGB.jpg\",\"width\":3333,\"height\":2500,\"caption\":\"CEGH\"},\"image\":{\"@id\":\"https:\\\/\\\/www.cegh.at\\\/cz\\\/#\\\/schema\\\/logo\\\/image\\\/\"}}]}<\/script>\n<!-- \/ Yoast SEO plugin. -->","yoast_head_json":{"title":"Pou\u017eit\u00ed: Jak se st\u00e1t \u010dlenem CEGH a virtu\u00e1ln\u00edm - CEGH str\u00e1nky","description":"Zjist\u011bte, jak\u00e9 jsou po\u017eadavky na z\u00edsk\u00e1n\u00ed statusu virtu\u00e1ln\u00edho obchodn\u00edka a na vstup do bilan\u010dn\u00ed skupiny pro obchodov\u00e1n\u00ed s plynem. Snadn\u00e9 pod\u00e1n\u00ed \u017e\u00e1dosti o \u010dlenstv\u00ed.","robots":{"index":"index","follow":"follow","max-snippet":"max-snippet:-1","max-image-preview":"max-image-preview:large","max-video-preview":"max-video-preview:-1"},"canonical":"https:\/\/www.cegh.at\/cz\/registrace\/","og_locale":"en_US","og_type":"article","og_title":"Pou\u017eit\u00ed: Jak se st\u00e1t \u010dlenem CEGH a virtu\u00e1ln\u00edm - CEGH str\u00e1nky","og_description":"Zjist\u011bte, jak\u00e9 jsou po\u017eadavky na z\u00edsk\u00e1n\u00ed statusu virtu\u00e1ln\u00edho obchodn\u00edka a na vstup do bilan\u010dn\u00ed skupiny pro obchodov\u00e1n\u00ed s plynem. Snadn\u00e9 pod\u00e1n\u00ed \u017e\u00e1dosti o \u010dlenstv\u00ed.","og_url":"https:\/\/www.cegh.at\/cz\/registrace\/","og_site_name":"CEGH","article_modified_time":"2025-04-11T10:17:31+00:00","twitter_card":"summary_large_image","schema":{"@context":"https:\/\/schema.org","@graph":[{"@type":"WebPage","@id":"https:\/\/www.cegh.at\/cz\/registrace\/","url":"https:\/\/www.cegh.at\/cz\/registrace\/","name":"Pou\u017eit\u00ed: Jak se st\u00e1t \u010dlenem CEGH a virtu\u00e1ln\u00edm - CEGH str\u00e1nky","isPartOf":{"@id":"https:\/\/www.cegh.at\/cz\/#website"},"datePublished":"2023-03-09T10:42:08+00:00","dateModified":"2025-04-11T10:17:31+00:00","description":"Zjist\u011bte, jak\u00e9 jsou po\u017eadavky na z\u00edsk\u00e1n\u00ed statusu virtu\u00e1ln\u00edho obchodn\u00edka a na vstup do bilan\u010dn\u00ed skupiny pro obchodov\u00e1n\u00ed s plynem. Snadn\u00e9 pod\u00e1n\u00ed \u017e\u00e1dosti o \u010dlenstv\u00ed.","breadcrumb":{"@id":"https:\/\/www.cegh.at\/cz\/registrace\/#breadcrumb"},"inLanguage":"cz-CZ","potentialAction":[{"@type":"ReadAction","target":["https:\/\/www.cegh.at\/cz\/registrace\/"]}]},{"@type":"BreadcrumbList","@id":"https:\/\/www.cegh.at\/cz\/registrace\/#breadcrumb","itemListElement":[{"@type":"ListItem","position":1,"name":"Home","item":"https:\/\/www.cegh.at\/cz\/"},{"@type":"ListItem","position":2,"name":"St\u00e1t Se \u010clenem"}]},{"@type":"WebSite","@id":"https:\/\/www.cegh.at\/cz\/#website","url":"https:\/\/www.cegh.at\/cz\/","name":"CEGH","description":"","publisher":{"@id":"https:\/\/www.cegh.at\/cz\/#organization"},"potentialAction":[{"@type":"SearchAction","target":{"@type":"EntryPoint","urlTemplate":"https:\/\/www.cegh.at\/cz\/?s={search_term_string}"},"query-input":{"@type":"PropertyValueSpecification","valueRequired":true,"valueName":"search_term_string"}}],"inLanguage":"cz-CZ"},{"@type":"Organization","@id":"https:\/\/www.cegh.at\/cz\/#organization","name":"CEGH","url":"https:\/\/www.cegh.at\/cz\/","logo":{"@type":"ImageObject","inLanguage":"cz-CZ","@id":"https:\/\/www.cegh.at\/cz\/#\/schema\/logo\/image\/","url":"https:\/\/www.cegh.at\/wp-content\/uploads\/2023\/05\/Hauptlogo_RGB.jpg","contentUrl":"https:\/\/www.cegh.at\/wp-content\/uploads\/2023\/05\/Hauptlogo_RGB.jpg","width":3333,"height":2500,"caption":"CEGH"},"image":{"@id":"https:\/\/www.cegh.at\/cz\/#\/schema\/logo\/image\/"}}]}},"_links":{"self":[{"href":"https:\/\/www.cegh.at\/cz\/wp-json\/wp\/v2\/pages\/82449","targetHints":{"allow":["GET"]}}],"collection":[{"href":"https:\/\/www.cegh.at\/cz\/wp-json\/wp\/v2\/pages"}],"about":[{"href":"https:\/\/www.cegh.at\/cz\/wp-json\/wp\/v2\/types\/page"}],"author":[{"embeddable":true,"href":"https:\/\/www.cegh.at\/cz\/wp-json\/wp\/v2\/users\/4"}],"replies":[{"embeddable":true,"href":"https:\/\/www.cegh.at\/cz\/wp-json\/wp\/v2\/comments?post=82449"}],"version-history":[{"count":26,"href":"https:\/\/www.cegh.at\/cz\/wp-json\/wp\/v2\/pages\/82449\/revisions"}],"predecessor-version":[{"id":1034066,"href":"https:\/\/www.cegh.at\/cz\/wp-json\/wp\/v2\/pages\/82449\/revisions\/1034066"}],"wp:attachment":[{"href":"https:\/\/www.cegh.at\/cz\/wp-json\/wp\/v2\/media?parent=82449"}],"curies":[{"name":"wp","href":"https:\/\/api.w.org\/{rel}","templated":true}]}}