{"id":82888,"date":"2023-03-14T10:25:53","date_gmt":"2023-03-14T09:25:53","guid":{"rendered":"https:\/\/www.cegh.at\/registrace\/vseobecne-obchodni-podminky-spolecnosti-cegh-vop\/"},"modified":"2025-03-25T15:31:56","modified_gmt":"2025-03-25T14:31:56","slug":"vseobecne-obchodni-podminky-spolecnosti-cegh-vop","status":"publish","type":"page","link":"https:\/\/www.cegh.at\/cz\/registrace\/vseobecne-obchodni-podminky-spolecnosti-cegh-vop\/","title":{"rendered":"V\u0161eobecn\u00e9 obchodn\u00ed podm\u00ednky spole\u010dnosti CEGH (VOP)"},"content":{"rendered":"\n\n\n\n\n\n\n\n\n\n\n\n    \n\n\n\n\n\n\n\n\n\n\n\n\n\n\n\n\n\n\n\n\n                    \n            <div class=\"ce ce-text pb-0\n         ce--mb-0                          ce--sp-small          ce--full\n             u-bgColor-white \"\n             id=\"block_1c5a78ce3a6dcf89f67d8d38f1c35996\">\n                                    <div class=\"container-fluid\">\n                            <div class=\"row\">\n                    <div class=\"cc-text__text col-12 col-md-12 col-xl-12 mx-auto text-left\">\n                        <div class=\"ce-textblock\" data-animation=\"true\" data-animation-duration=\"300\">\n    <div class=\"ce-textblock__text\">\n                    <p class=\"ce-textblock__topline\">P\u0159ihl\u00e1\u0161ka \/ \u010clenstv\u00ed v CEGH<\/p>\n                            <h1 class=\"\"> V\u0161eobecn\u00e9 obchodn\u00ed podm\u00ednky spole\u010dnosti CEGH (VOP) <\/h1>\n                <p>&nbsp;<\/p>\n<p>Aktu\u00e1ln\u011b platn\u00e1 verze V\u0161eobecn\u00fdch obchodn\u00edch podm\u00ednek CEGH je ke sta\u017een\u00ed zde:<\/p>\n<p><a class=\"btn btn--primary\" href=\"https:\/\/www.cegh.at\/wp-content\/uploads\/2025\/03\/CEGH-AB-EN-2025.zip\"><strong>Anglick\u00e1 verze V 1.8<\/strong><\/a> (Pouze pohodln\u00fd p\u0159eklad; pr\u00e1vn\u011b nez\u00e1vazn\u00e9)<\/p>\n<p><a class=\"btn btn--primary\" href=\"https:\/\/www.cegh.at\/wp-content\/uploads\/2025\/03\/CEGH-AB-DE-2025.zip\"><strong>N\u011bmeck\u00e1 verze V <\/strong><strong>1.8<\/strong><\/a><\/p>\n<p>V p\u0159\u00edpad\u011b jak\u00fdchkoli dotaz\u016f se pros\u00edm obra\u0165te na<\/p>\n\n    <\/div>\n<\/div>\n                    <\/div>\n                <\/div>\n                        <\/div>\n                    <\/div>\n    \n        \n\n\n\n\n\n\n\n\n\n\n\n\n\n\n\n\n\n\n\n\n\n\n\n\n\n\n\n\n\n\n\n\n                    \n    \n            <div class=\"ce ce-infocards\n         ce--mb-standard                                  ce--full\"  id=\"block_2497506191a7074d2f15d1b941d22658\">\n                        <div class=\"container-fluid\">\n                                            <div class=\"ce-infocards__container\">\n                                                                                                                                                                    <div class=\"ce-infocards__item ce-infocards__item--profile\">\n                                <figure class=\"\">\n                                    <picture>\n                                        <source srcset=\"https:\/\/www.cegh.at\/wp-content\/uploads\/2023\/06\/Susanne-106_uberarbeitet-140x0-c-default.jpg,  2x\" \/>\n                                        <img decoding=\"async\" class=\"ce-infocards__profilePicture\" src=\"https:\/\/www.cegh.at\/wp-content\/uploads\/2023\/06\/Susanne-106_uberarbeitet-140x0-c-default.jpg\" alt=\"\" title=\"\">\n                                    <\/picture>\n                                <\/figure>\n                                <div class=\"ce-infocards__content\">\n                                                                        <p class=\"ce-infocards__contentName u-small u-color-text-theme-blue\">\n                                        Susanne Neunteufl\n                                    <\/p>\n                                                                                                            <p class=\"ce-infocards__contentPosition u-small u-color-grey-text\">\n                                        Paralegal\n                                    <\/p>\n                                                                                                            <a class=\"ce-infocards__contentTel\" href=\"tel:+43 1 270 2700 28516\">\n                                        Tel.: +43 1 270 2700 28516\n                                    <\/a>\n                                                                                                            <a class=\"ce-infocards__contentEmail\" href=\"mailto:susanne.neunteufl@cegh.at\">\n                                        E-mail: susanne.neunteufl@cegh.at\n                                    <\/a>\n                                                                    <\/div>\n                            <\/div>\n                                    <\/div>\n                            <\/div>\n                    <\/div>\n    \n        ","protected":false},"excerpt":{"rendered":"","protected":false},"author":4,"featured_media":0,"parent":82449,"menu_order":0,"comment_status":"closed","ping_status":"closed","template":"","meta":{"_acf_changed":false,"content-type":"","footnotes":""},"class_list":["post-82888","page","type-page","status-publish","hentry"],"acf":[],"yoast_head":"<!-- This site is optimized with the Yoast SEO plugin v27.3 - https:\/\/yoast.com\/product\/yoast-seo-wordpress\/ -->\n<title>V\u0161eobecn\u00e9 obchodn\u00ed podm\u00ednky CEGH - CEGH<\/title>\n<meta name=\"description\" content=\"Prozkoumejte v\u0161eobecn\u00e9 obchodn\u00ed podm\u00ednky CEGH, kter\u00fdmi se \u0159\u00edd\u00ed operace a \u010dinnosti spojen\u00e9 s obchodov\u00e1n\u00edm s plynem. Z\u016fsta\u0148te informov\u00e1ni a zajist\u011bte dodr\u017eov\u00e1n\u00ed p\u0159edpis\u016f.\" \/>\n<meta name=\"robots\" content=\"index, follow, max-snippet:-1, max-image-preview:large, max-video-preview:-1\" \/>\n<link rel=\"canonical\" href=\"https:\/\/www.cegh.at\/cz\/registrace\/vseobecne-obchodni-podminky-spolecnosti-cegh-vop\/\" \/>\n<meta property=\"og:locale\" content=\"en_US\" \/>\n<meta property=\"og:type\" content=\"article\" \/>\n<meta property=\"og:title\" content=\"V\u0161eobecn\u00e9 obchodn\u00ed podm\u00ednky CEGH - CEGH\" \/>\n<meta property=\"og:description\" content=\"Prozkoumejte v\u0161eobecn\u00e9 obchodn\u00ed podm\u00ednky CEGH, kter\u00fdmi se \u0159\u00edd\u00ed operace a \u010dinnosti spojen\u00e9 s obchodov\u00e1n\u00edm s plynem. Z\u016fsta\u0148te informov\u00e1ni a zajist\u011bte dodr\u017eov\u00e1n\u00ed p\u0159edpis\u016f.\" \/>\n<meta property=\"og:url\" content=\"https:\/\/www.cegh.at\/cz\/registrace\/vseobecne-obchodni-podminky-spolecnosti-cegh-vop\/\" \/>\n<meta property=\"og:site_name\" content=\"CEGH\" \/>\n<meta property=\"article:modified_time\" content=\"2025-03-25T14:31:56+00:00\" \/>\n<meta name=\"twitter:card\" content=\"summary_large_image\" \/>\n<script type=\"application\/ld+json\" class=\"yoast-schema-graph\">{\"@context\":\"https:\\\/\\\/schema.org\",\"@graph\":[{\"@type\":\"WebPage\",\"@id\":\"https:\\\/\\\/www.cegh.at\\\/cz\\\/registrace\\\/vseobecne-obchodni-podminky-spolecnosti-cegh-vop\\\/\",\"url\":\"https:\\\/\\\/www.cegh.at\\\/cz\\\/registrace\\\/vseobecne-obchodni-podminky-spolecnosti-cegh-vop\\\/\",\"name\":\"V\u0161eobecn\u00e9 obchodn\u00ed podm\u00ednky CEGH - CEGH\",\"isPartOf\":{\"@id\":\"https:\\\/\\\/www.cegh.at\\\/cz\\\/#website\"},\"datePublished\":\"2023-03-14T09:25:53+00:00\",\"dateModified\":\"2025-03-25T14:31:56+00:00\",\"description\":\"Prozkoumejte v\u0161eobecn\u00e9 obchodn\u00ed podm\u00ednky CEGH, kter\u00fdmi se \u0159\u00edd\u00ed operace a \u010dinnosti spojen\u00e9 s obchodov\u00e1n\u00edm s plynem. Z\u016fsta\u0148te informov\u00e1ni a zajist\u011bte dodr\u017eov\u00e1n\u00ed p\u0159edpis\u016f.\",\"breadcrumb\":{\"@id\":\"https:\\\/\\\/www.cegh.at\\\/cz\\\/registrace\\\/vseobecne-obchodni-podminky-spolecnosti-cegh-vop\\\/#breadcrumb\"},\"inLanguage\":\"cz-CZ\",\"potentialAction\":[{\"@type\":\"ReadAction\",\"target\":[\"https:\\\/\\\/www.cegh.at\\\/cz\\\/registrace\\\/vseobecne-obchodni-podminky-spolecnosti-cegh-vop\\\/\"]}]},{\"@type\":\"BreadcrumbList\",\"@id\":\"https:\\\/\\\/www.cegh.at\\\/cz\\\/registrace\\\/vseobecne-obchodni-podminky-spolecnosti-cegh-vop\\\/#breadcrumb\",\"itemListElement\":[{\"@type\":\"ListItem\",\"position\":1,\"name\":\"Home\",\"item\":\"https:\\\/\\\/www.cegh.at\\\/cz\\\/\"},{\"@type\":\"ListItem\",\"position\":2,\"name\":\"St\u00e1t Se \u010clenem\",\"item\":\"https:\\\/\\\/www.cegh.at\\\/cz\\\/registrace\\\/\"},{\"@type\":\"ListItem\",\"position\":3,\"name\":\"V\u0161eobecn\u00e9 obchodn\u00ed podm\u00ednky spole\u010dnosti CEGH (VOP)\"}]},{\"@type\":\"WebSite\",\"@id\":\"https:\\\/\\\/www.cegh.at\\\/cz\\\/#website\",\"url\":\"https:\\\/\\\/www.cegh.at\\\/cz\\\/\",\"name\":\"CEGH\",\"description\":\"\",\"publisher\":{\"@id\":\"https:\\\/\\\/www.cegh.at\\\/cz\\\/#organization\"},\"potentialAction\":[{\"@type\":\"SearchAction\",\"target\":{\"@type\":\"EntryPoint\",\"urlTemplate\":\"https:\\\/\\\/www.cegh.at\\\/cz\\\/?s={search_term_string}\"},\"query-input\":{\"@type\":\"PropertyValueSpecification\",\"valueRequired\":true,\"valueName\":\"search_term_string\"}}],\"inLanguage\":\"cz-CZ\"},{\"@type\":\"Organization\",\"@id\":\"https:\\\/\\\/www.cegh.at\\\/cz\\\/#organization\",\"name\":\"CEGH\",\"url\":\"https:\\\/\\\/www.cegh.at\\\/cz\\\/\",\"logo\":{\"@type\":\"ImageObject\",\"inLanguage\":\"cz-CZ\",\"@id\":\"https:\\\/\\\/www.cegh.at\\\/cz\\\/#\\\/schema\\\/logo\\\/image\\\/\",\"url\":\"https:\\\/\\\/www.cegh.at\\\/wp-content\\\/uploads\\\/2023\\\/05\\\/Hauptlogo_RGB.jpg\",\"contentUrl\":\"https:\\\/\\\/www.cegh.at\\\/wp-content\\\/uploads\\\/2023\\\/05\\\/Hauptlogo_RGB.jpg\",\"width\":3333,\"height\":2500,\"caption\":\"CEGH\"},\"image\":{\"@id\":\"https:\\\/\\\/www.cegh.at\\\/cz\\\/#\\\/schema\\\/logo\\\/image\\\/\"}}]}<\/script>\n<!-- \/ Yoast SEO plugin. -->","yoast_head_json":{"title":"V\u0161eobecn\u00e9 obchodn\u00ed podm\u00ednky CEGH - CEGH","description":"Prozkoumejte v\u0161eobecn\u00e9 obchodn\u00ed podm\u00ednky CEGH, kter\u00fdmi se \u0159\u00edd\u00ed operace a \u010dinnosti spojen\u00e9 s obchodov\u00e1n\u00edm s plynem. Z\u016fsta\u0148te informov\u00e1ni a zajist\u011bte dodr\u017eov\u00e1n\u00ed p\u0159edpis\u016f.","robots":{"index":"index","follow":"follow","max-snippet":"max-snippet:-1","max-image-preview":"max-image-preview:large","max-video-preview":"max-video-preview:-1"},"canonical":"https:\/\/www.cegh.at\/cz\/registrace\/vseobecne-obchodni-podminky-spolecnosti-cegh-vop\/","og_locale":"en_US","og_type":"article","og_title":"V\u0161eobecn\u00e9 obchodn\u00ed podm\u00ednky CEGH - CEGH","og_description":"Prozkoumejte v\u0161eobecn\u00e9 obchodn\u00ed podm\u00ednky CEGH, kter\u00fdmi se \u0159\u00edd\u00ed operace a \u010dinnosti spojen\u00e9 s obchodov\u00e1n\u00edm s plynem. Z\u016fsta\u0148te informov\u00e1ni a zajist\u011bte dodr\u017eov\u00e1n\u00ed p\u0159edpis\u016f.","og_url":"https:\/\/www.cegh.at\/cz\/registrace\/vseobecne-obchodni-podminky-spolecnosti-cegh-vop\/","og_site_name":"CEGH","article_modified_time":"2025-03-25T14:31:56+00:00","twitter_card":"summary_large_image","schema":{"@context":"https:\/\/schema.org","@graph":[{"@type":"WebPage","@id":"https:\/\/www.cegh.at\/cz\/registrace\/vseobecne-obchodni-podminky-spolecnosti-cegh-vop\/","url":"https:\/\/www.cegh.at\/cz\/registrace\/vseobecne-obchodni-podminky-spolecnosti-cegh-vop\/","name":"V\u0161eobecn\u00e9 obchodn\u00ed podm\u00ednky CEGH - CEGH","isPartOf":{"@id":"https:\/\/www.cegh.at\/cz\/#website"},"datePublished":"2023-03-14T09:25:53+00:00","dateModified":"2025-03-25T14:31:56+00:00","description":"Prozkoumejte v\u0161eobecn\u00e9 obchodn\u00ed podm\u00ednky CEGH, kter\u00fdmi se \u0159\u00edd\u00ed operace a \u010dinnosti spojen\u00e9 s obchodov\u00e1n\u00edm s plynem. Z\u016fsta\u0148te informov\u00e1ni a zajist\u011bte dodr\u017eov\u00e1n\u00ed p\u0159edpis\u016f.","breadcrumb":{"@id":"https:\/\/www.cegh.at\/cz\/registrace\/vseobecne-obchodni-podminky-spolecnosti-cegh-vop\/#breadcrumb"},"inLanguage":"cz-CZ","potentialAction":[{"@type":"ReadAction","target":["https:\/\/www.cegh.at\/cz\/registrace\/vseobecne-obchodni-podminky-spolecnosti-cegh-vop\/"]}]},{"@type":"BreadcrumbList","@id":"https:\/\/www.cegh.at\/cz\/registrace\/vseobecne-obchodni-podminky-spolecnosti-cegh-vop\/#breadcrumb","itemListElement":[{"@type":"ListItem","position":1,"name":"Home","item":"https:\/\/www.cegh.at\/cz\/"},{"@type":"ListItem","position":2,"name":"St\u00e1t Se \u010clenem","item":"https:\/\/www.cegh.at\/cz\/registrace\/"},{"@type":"ListItem","position":3,"name":"V\u0161eobecn\u00e9 obchodn\u00ed podm\u00ednky spole\u010dnosti CEGH (VOP)"}]},{"@type":"WebSite","@id":"https:\/\/www.cegh.at\/cz\/#website","url":"https:\/\/www.cegh.at\/cz\/","name":"CEGH","description":"","publisher":{"@id":"https:\/\/www.cegh.at\/cz\/#organization"},"potentialAction":[{"@type":"SearchAction","target":{"@type":"EntryPoint","urlTemplate":"https:\/\/www.cegh.at\/cz\/?s={search_term_string}"},"query-input":{"@type":"PropertyValueSpecification","valueRequired":true,"valueName":"search_term_string"}}],"inLanguage":"cz-CZ"},{"@type":"Organization","@id":"https:\/\/www.cegh.at\/cz\/#organization","name":"CEGH","url":"https:\/\/www.cegh.at\/cz\/","logo":{"@type":"ImageObject","inLanguage":"cz-CZ","@id":"https:\/\/www.cegh.at\/cz\/#\/schema\/logo\/image\/","url":"https:\/\/www.cegh.at\/wp-content\/uploads\/2023\/05\/Hauptlogo_RGB.jpg","contentUrl":"https:\/\/www.cegh.at\/wp-content\/uploads\/2023\/05\/Hauptlogo_RGB.jpg","width":3333,"height":2500,"caption":"CEGH"},"image":{"@id":"https:\/\/www.cegh.at\/cz\/#\/schema\/logo\/image\/"}}]}},"_links":{"self":[{"href":"https:\/\/www.cegh.at\/cz\/wp-json\/wp\/v2\/pages\/82888","targetHints":{"allow":["GET"]}}],"collection":[{"href":"https:\/\/www.cegh.at\/cz\/wp-json\/wp\/v2\/pages"}],"about":[{"href":"https:\/\/www.cegh.at\/cz\/wp-json\/wp\/v2\/types\/page"}],"author":[{"embeddable":true,"href":"https:\/\/www.cegh.at\/cz\/wp-json\/wp\/v2\/users\/4"}],"replies":[{"embeddable":true,"href":"https:\/\/www.cegh.at\/cz\/wp-json\/wp\/v2\/comments?post=82888"}],"version-history":[{"count":14,"href":"https:\/\/www.cegh.at\/cz\/wp-json\/wp\/v2\/pages\/82888\/revisions"}],"predecessor-version":[{"id":1004154,"href":"https:\/\/www.cegh.at\/cz\/wp-json\/wp\/v2\/pages\/82888\/revisions\/1004154"}],"up":[{"embeddable":true,"href":"https:\/\/www.cegh.at\/cz\/wp-json\/wp\/v2\/pages\/82449"}],"wp:attachment":[{"href":"https:\/\/www.cegh.at\/cz\/wp-json\/wp\/v2\/media?parent=82888"}],"curies":[{"name":"wp","href":"https:\/\/api.w.org\/{rel}","templated":true}]}}