{"id":82892,"date":"2023-03-14T10:26:10","date_gmt":"2023-03-14T09:26:10","guid":{"rendered":"https:\/\/www.cegh.at\/registrace\/poplatky\/"},"modified":"2025-05-23T11:58:56","modified_gmt":"2025-05-23T09:58:56","slug":"poplatky","status":"publish","type":"page","link":"https:\/\/www.cegh.at\/cz\/registrace\/poplatky\/","title":{"rendered":"Poplatky"},"content":{"rendered":"\n\n\n\n\n\n\n\n\n\n\n\n    \n\n\n\n\n\n\n\n\n\n\n\n\n\n\n\n\n\n\n\n\n                    \n            <div class=\"ce ce-text pb-0\n         ce--mb-small                          ce--sp-small          ce--full\n             u-bgColor-white \"\n             id=\"block_a68a9fbd3f0da4a6791eb11386b16795\">\n                                    <div class=\"container-fluid\">\n                            <div class=\"row\">\n                    <div class=\"cc-text__text col-12 col-md-12 col-xl-12 mx-auto text-left\">\n                        <div class=\"ce-textblock\" data-animation=\"true\" data-animation-duration=\"300\">\n    <div class=\"ce-textblock__text\">\n                    <p class=\"ce-textblock__topline\">\u010clenstv\u00ed<\/p>\n                            <h1 class=\"\"> P\u0159ehled poplatk\u016f Trhu CEGH-VTP <\/h1>\n                \n    <\/div>\n<\/div>\n                    <\/div>\n                <\/div>\n                        <\/div>\n                    <\/div>\n    \n        \n\n\n\n\n\n\n\n\n\n\n\n\n\n\n\n\n\n\n\n\n\n\n\n\n\n\n\n\n\n\n\n\n\n\n            <div class=\"ce ce-shortcode\n         ce--mb-0         \"\n             id=\"block_031838d122a9ce5d721b07c14d455c22\">\n            <div class=\"container-fluid\">\n                                <div class=\"row m-0\">\n                    <div class=\"col-12 col-md-12 col-xl-8 mr-auto m-0\">\n                        \n<div class=\"wpdt-c row wpDataTableContainerSimpleTable wpDataTables wpDataTablesWrapper\n\"\n    >\n        <table id=\"wpdtSimpleTable-9\"\n           style=\"border-collapse:collapse;\n                   border-spacing:0px;\"\n           class=\"wpdtSimpleTable wpDataTable\"\n           data-column=\"2\"\n           data-rows=\"3\"\n           data-wpID=\"9\"\n           data-responsive=\"0\"\n           data-has-header=\"1\">\n\n                    <thead>        <tr class=\"wpdt-cell-row  remove-borders \" >\n                                <th class=\"wpdt-cell wpdt-bold wpdt-align-left wpdt-ff-000000 wpdt-fs-000016 wpdt-bc-053860 wpdt-tc-FFFFFF wpdt-merged-cell  remove-borders \"\n                     colspan=\"2\"  rowspan=\"1\"                     data-cell-id=\"A1\"\n                    data-col-index=\"0\"\n                    data-row-index=\"0\"\n                    style=\" width:85.352622061483%;                    padding:10px;\n                    \"\n                    >\n                                        Pricing Model as of 1. April 2025                    <\/th>\n                                                    <\/tr>\n                    <tbody>        <tr class=\"wpdt-cell-row odd remove-borders \" >\n                                <td class=\"wpdt-cell wpdt-align-left wpdt-ff-000000 wpdt-fs-000016 remove-borders \"\n                                            data-cell-id=\"A2\"\n                    data-col-index=\"0\"\n                    data-row-index=\"1\"\n                    style=\"                    padding:10px;\n                    \"\n                    >\n                                        One time CEGH VTP registration fee                    <\/td>\n                                                <td class=\"wpdt-cell wpdt-align-right wpdt-ff-000000 wpdt-fs-000016 remove-borders \"\n                                            data-cell-id=\"B2\"\n                    data-col-index=\"1\"\n                    data-row-index=\"1\"\n                    style=\"                    padding:10px;\n                    \"\n                    >\n                                        \u20ac 1,258.52                    <\/td>\n                                        <\/tr>\n                            <tr class=\"wpdt-cell-row even remove-borders \" >\n                                <td class=\"wpdt-cell wpdt-align-left wpdt-ff-000000 wpdt-fs-000016 remove-borders \"\n                                            data-cell-id=\"A3\"\n                    data-col-index=\"0\"\n                    data-row-index=\"2\"\n                    style=\"                    padding:10px;\n                    \"\n                    >\n                                        Flat fee for title transfer (only in months with trading activity, including 21,900 MWh of free trading volume per active month)                    <\/td>\n                                                <td class=\"wpdt-cell wpdt-align-right wpdt-ff-000000 wpdt-fs-000016 remove-borders \"\n                                            data-cell-id=\"B3\"\n                    data-col-index=\"1\"\n                    data-row-index=\"2\"\n                    style=\"                    padding:10px;\n                    \"\n                    >\n                                        \u20ac p.m. 1,258.52                    <\/td>\n                                        <\/tr>\n                    <\/table>\n<\/div><style id='wpdt-custom-style-9'>\n.wpdt-ff-000000 { font-family: inherit !important;}\n.wpdt-fs-000016 { font-size: 16px !important;}\n.wpdt-bc-053860 { background-color: #053860 !important;}\n.wpdt-tc-FFFFFF { color: #FFFFFF !important;}\n<\/style>\n\n                    <\/div>\n                <\/div>\n            <\/div>\n        <\/div>\n    \n\n\n\n\n\n\n\n\n\n\n\n\n\n\n\n\n\n\n\n\n\n\n\n\n\n\n\n\n\n\n\n\n\n\n\n                    \n            <div class=\"ce ce-text pb-0\n         ce--mb-0                                 \"\n             id=\"block_24e0a384001109b9a130793a749e7fa8\">\n                                    <div class=\"container-fluid\">\n                            <div class=\"row\">\n                    <div class=\"cc-text__text col-12 col-md-12 col-xl-12 mx-auto text-left\">\n                        <div class=\"ce-textblock\" data-animation=\"true\" data-animation-duration=\"300\">\n    <div class=\"ce-textblock__text\">\n                        <p>&nbsp;<\/p>\n<p style=\"text-align: left;\">a<\/p>\n\n    <\/div>\n<\/div>\n                    <\/div>\n                <\/div>\n                        <\/div>\n                    <\/div>\n    \n        \n\n\n\n\n\n\n\n\n\n\n\n\n\n\n\n\n\n\n\n\n\n\n\n\n\n\n\n\n\n\n\n\n\n\n            <div class=\"ce ce-shortcode\n         ce--mb-0         \"\n             id=\"block_c922b07dcb85c53d1ec01ad3ecb04c5d\">\n            <div class=\"container-fluid\">\n                                <div class=\"row m-0\">\n                    <div class=\"col-12 col-md-12 col-xl-8 mr-auto m-0\">\n                        \n<div class=\"wpdt-c row wpDataTableContainerSimpleTable wpDataTables wpDataTablesWrapper\n\"\n    >\n        <table id=\"wpdtSimpleTable-10\"\n           style=\"border-collapse:collapse;\n                   border-spacing:0px;\"\n           class=\"wpdtSimpleTable wpDataTable\"\n           data-column=\"2\"\n           data-rows=\"3\"\n           data-wpID=\"10\"\n           data-responsive=\"0\"\n           data-has-header=\"1\">\n\n                    <thead>        <tr class=\"wpdt-cell-row  remove-borders \" >\n                                <th class=\"wpdt-cell wpdt-align-left wpdt-ff-000000 wpdt-fs-000016 wpdt-bc-053860 wpdt-tc-FFFFFF wpdt-bold wpdt-merged-cell  remove-borders \"\n                     colspan=\"2\"  rowspan=\"1\"                     data-cell-id=\"A1\"\n                    data-col-index=\"0\"\n                    data-row-index=\"0\"\n                    style=\" width:68.604651162791%;                    padding:10px;\n                    \"\n                    >\n                                        Variable title transfer service fee                    <\/th>\n                                                    <\/tr>\n                    <tbody>        <tr class=\"wpdt-cell-row odd remove-borders \" >\n                                <td class=\"wpdt-cell wpdt-align-left wpdt-ff-000000 wpdt-fs-000016 remove-borders \"\n                                            data-cell-id=\"A2\"\n                    data-col-index=\"0\"\n                    data-row-index=\"1\"\n                    style=\"                    padding:10px;\n                    \"\n                    >\n                                        MWh 0 \u2013 10,000,000.000*                    <\/td>\n                                                <td class=\"wpdt-cell wpdt-align-right wpdt-ff-000000 wpdt-fs-000016 remove-borders \"\n                                            data-cell-id=\"B2\"\n                    data-col-index=\"1\"\n                    data-row-index=\"1\"\n                    style=\"                    padding:10px;\n                    \"\n                    >\n                                        \u20ac\/MWh 0.01259                    <\/td>\n                                        <\/tr>\n                            <tr class=\"wpdt-cell-row even remove-borders \" >\n                                <td class=\"wpdt-cell wpdt-align-left wpdt-ff-000000 wpdt-fs-000016 remove-borders \"\n                                            data-cell-id=\"A3\"\n                    data-col-index=\"0\"\n                    data-row-index=\"2\"\n                    style=\"                    padding:10px;\n                    \"\n                    >\n                                        MWh > 10,000,000.000*                    <\/td>\n                                                <td class=\"wpdt-cell wpdt-align-right wpdt-ff-000000 wpdt-fs-000016 remove-borders \"\n                                            data-cell-id=\"B3\"\n                    data-col-index=\"1\"\n                    data-row-index=\"2\"\n                    style=\"                    padding:10px;\n                    \"\n                    >\n                                        \u20ac\/MWh 0.00630                    <\/td>\n                                        <\/tr>\n                    <\/table>\n<\/div><style id='wpdt-custom-style-10'>\n.wpdt-ff-000000 { font-family: inherit !important;}\n.wpdt-fs-000016 { font-size: 16px !important;}\n.wpdt-bc-053860 { background-color: #053860 !important;}\n.wpdt-tc-FFFFFF { color: #FFFFFF !important;}\n<\/style>\n\n                    <\/div>\n                <\/div>\n            <\/div>\n        <\/div>\n    \n\n\n\n\n\n\n\n\n\n\n\n\n\n\n\n\n\n\n\n\n\n\n\n\n\n\n\n\n\n\n\n\n\n\n\n                    \n            <div class=\"ce ce-text pb-0\n         ce--mb-0                                 \"\n             id=\"block_436e7c77b128bd1969464eab83f49142\">\n                                    <div class=\"container-fluid\">\n                            <div class=\"row\">\n                    <div class=\"cc-text__text col-12 col-md-12 col-xl-12 mx-auto text-left\">\n                        <div class=\"ce-textblock\" data-animation=\"true\" data-animation-duration=\"300\">\n    <div class=\"ce-textblock__text\">\n                        <p class=\"small\">*) of total aggregated volume during each full 12 month period<\/p>\n<p>&nbsp;<\/p>\n<p>Indexation of CEGH Hub Fees 01\/2024 &#8211; 01\/2025, applies as of 1 April 2025: <strong><a class=\"u-color-green\" href=\"https:\/\/www.cegh.at\/wp-content\/uploads\/2025\/03\/Note-CEGH-Hub-Fees-Indexation-Calculation-2024-2025.pdf\">Calculation Sheet<\/a><\/strong> (Version 2025).<\/p>\n<p><a class=\"u-color-green\" href=\"https:\/\/www.cegh.at\/wp-content\/uploads\/2025\/03\/CEGH-APPENDIX-C-Tariff-and-Fee-Schedule-1.8-2025-EN.pdf\"><strong>Appendix C<\/strong><\/a>\u00a0of the\u00a0CEGH General Terms and Conditions<\/p>\n<p>&nbsp;<\/p>\n<p>&nbsp;<\/p>\n\n    <\/div>\n<\/div>\n                    <\/div>\n                <\/div>\n                        <\/div>\n                    <\/div>\n    \n        ","protected":false},"excerpt":{"rendered":"","protected":false},"author":4,"featured_media":0,"parent":82449,"menu_order":0,"comment_status":"closed","ping_status":"closed","template":"","meta":{"_acf_changed":false,"content-type":"","footnotes":""},"class_list":["post-82892","page","type-page","status-publish","hentry"],"acf":[],"yoast_head":"<!-- This site is optimized with the Yoast SEO plugin v27.3 - https:\/\/yoast.com\/product\/yoast-seo-wordpress\/ -->\n<title>Sazebn\u00edk a poplatk\u016f<\/title>\n<meta name=\"description\" content=\"Z\u00edskejte p\u0159ehled o tarifu a sazebn\u00edku poplatk\u016f za slu\u017eby Hubu a st\u00e1hn\u011bte si celou p\u0159\u00edlohu, abyste byli pln\u011b informov\u00e1ni.\" \/>\n<meta name=\"robots\" content=\"index, follow, max-snippet:-1, max-image-preview:large, max-video-preview:-1\" \/>\n<link rel=\"canonical\" href=\"https:\/\/www.cegh.at\/cz\/registrace\/poplatky\/\" \/>\n<meta property=\"og:locale\" content=\"en_US\" \/>\n<meta property=\"og:type\" content=\"article\" \/>\n<meta property=\"og:title\" content=\"Sazebn\u00edk a poplatk\u016f\" \/>\n<meta property=\"og:description\" content=\"Z\u00edskejte p\u0159ehled o tarifu a sazebn\u00edku poplatk\u016f za slu\u017eby Hubu a st\u00e1hn\u011bte si celou p\u0159\u00edlohu, abyste byli pln\u011b informov\u00e1ni.\" \/>\n<meta property=\"og:url\" content=\"https:\/\/www.cegh.at\/cz\/registrace\/poplatky\/\" \/>\n<meta property=\"og:site_name\" content=\"CEGH\" \/>\n<meta property=\"article:modified_time\" content=\"2025-05-23T09:58:56+00:00\" \/>\n<meta name=\"twitter:card\" content=\"summary_large_image\" \/>\n<script type=\"application\/ld+json\" class=\"yoast-schema-graph\">{\"@context\":\"https:\\\/\\\/schema.org\",\"@graph\":[{\"@type\":\"WebPage\",\"@id\":\"https:\\\/\\\/www.cegh.at\\\/cz\\\/registrace\\\/poplatky\\\/\",\"url\":\"https:\\\/\\\/www.cegh.at\\\/cz\\\/registrace\\\/poplatky\\\/\",\"name\":\"Sazebn\u00edk a poplatk\u016f\",\"isPartOf\":{\"@id\":\"https:\\\/\\\/www.cegh.at\\\/cz\\\/#website\"},\"datePublished\":\"2023-03-14T09:26:10+00:00\",\"dateModified\":\"2025-05-23T09:58:56+00:00\",\"description\":\"Z\u00edskejte p\u0159ehled o tarifu a sazebn\u00edku poplatk\u016f za slu\u017eby Hubu a st\u00e1hn\u011bte si celou p\u0159\u00edlohu, abyste byli pln\u011b informov\u00e1ni.\",\"breadcrumb\":{\"@id\":\"https:\\\/\\\/www.cegh.at\\\/cz\\\/registrace\\\/poplatky\\\/#breadcrumb\"},\"inLanguage\":\"cz-CZ\",\"potentialAction\":[{\"@type\":\"ReadAction\",\"target\":[\"https:\\\/\\\/www.cegh.at\\\/cz\\\/registrace\\\/poplatky\\\/\"]}]},{\"@type\":\"BreadcrumbList\",\"@id\":\"https:\\\/\\\/www.cegh.at\\\/cz\\\/registrace\\\/poplatky\\\/#breadcrumb\",\"itemListElement\":[{\"@type\":\"ListItem\",\"position\":1,\"name\":\"Home\",\"item\":\"https:\\\/\\\/www.cegh.at\\\/cz\\\/\"},{\"@type\":\"ListItem\",\"position\":2,\"name\":\"St\u00e1t Se \u010clenem\",\"item\":\"https:\\\/\\\/www.cegh.at\\\/cz\\\/registrace\\\/\"},{\"@type\":\"ListItem\",\"position\":3,\"name\":\"Poplatky\"}]},{\"@type\":\"WebSite\",\"@id\":\"https:\\\/\\\/www.cegh.at\\\/cz\\\/#website\",\"url\":\"https:\\\/\\\/www.cegh.at\\\/cz\\\/\",\"name\":\"CEGH\",\"description\":\"\",\"publisher\":{\"@id\":\"https:\\\/\\\/www.cegh.at\\\/cz\\\/#organization\"},\"potentialAction\":[{\"@type\":\"SearchAction\",\"target\":{\"@type\":\"EntryPoint\",\"urlTemplate\":\"https:\\\/\\\/www.cegh.at\\\/cz\\\/?s={search_term_string}\"},\"query-input\":{\"@type\":\"PropertyValueSpecification\",\"valueRequired\":true,\"valueName\":\"search_term_string\"}}],\"inLanguage\":\"cz-CZ\"},{\"@type\":\"Organization\",\"@id\":\"https:\\\/\\\/www.cegh.at\\\/cz\\\/#organization\",\"name\":\"CEGH\",\"url\":\"https:\\\/\\\/www.cegh.at\\\/cz\\\/\",\"logo\":{\"@type\":\"ImageObject\",\"inLanguage\":\"cz-CZ\",\"@id\":\"https:\\\/\\\/www.cegh.at\\\/cz\\\/#\\\/schema\\\/logo\\\/image\\\/\",\"url\":\"https:\\\/\\\/www.cegh.at\\\/wp-content\\\/uploads\\\/2023\\\/05\\\/Hauptlogo_RGB.jpg\",\"contentUrl\":\"https:\\\/\\\/www.cegh.at\\\/wp-content\\\/uploads\\\/2023\\\/05\\\/Hauptlogo_RGB.jpg\",\"width\":3333,\"height\":2500,\"caption\":\"CEGH\"},\"image\":{\"@id\":\"https:\\\/\\\/www.cegh.at\\\/cz\\\/#\\\/schema\\\/logo\\\/image\\\/\"}}]}<\/script>\n<!-- \/ Yoast SEO plugin. -->","yoast_head_json":{"title":"Sazebn\u00edk a poplatk\u016f","description":"Z\u00edskejte p\u0159ehled o tarifu a sazebn\u00edku poplatk\u016f za slu\u017eby Hubu a st\u00e1hn\u011bte si celou p\u0159\u00edlohu, abyste byli pln\u011b informov\u00e1ni.","robots":{"index":"index","follow":"follow","max-snippet":"max-snippet:-1","max-image-preview":"max-image-preview:large","max-video-preview":"max-video-preview:-1"},"canonical":"https:\/\/www.cegh.at\/cz\/registrace\/poplatky\/","og_locale":"en_US","og_type":"article","og_title":"Sazebn\u00edk a poplatk\u016f","og_description":"Z\u00edskejte p\u0159ehled o tarifu a sazebn\u00edku poplatk\u016f za slu\u017eby Hubu a st\u00e1hn\u011bte si celou p\u0159\u00edlohu, abyste byli pln\u011b informov\u00e1ni.","og_url":"https:\/\/www.cegh.at\/cz\/registrace\/poplatky\/","og_site_name":"CEGH","article_modified_time":"2025-05-23T09:58:56+00:00","twitter_card":"summary_large_image","schema":{"@context":"https:\/\/schema.org","@graph":[{"@type":"WebPage","@id":"https:\/\/www.cegh.at\/cz\/registrace\/poplatky\/","url":"https:\/\/www.cegh.at\/cz\/registrace\/poplatky\/","name":"Sazebn\u00edk a poplatk\u016f","isPartOf":{"@id":"https:\/\/www.cegh.at\/cz\/#website"},"datePublished":"2023-03-14T09:26:10+00:00","dateModified":"2025-05-23T09:58:56+00:00","description":"Z\u00edskejte p\u0159ehled o tarifu a sazebn\u00edku poplatk\u016f za slu\u017eby Hubu a st\u00e1hn\u011bte si celou p\u0159\u00edlohu, abyste byli pln\u011b informov\u00e1ni.","breadcrumb":{"@id":"https:\/\/www.cegh.at\/cz\/registrace\/poplatky\/#breadcrumb"},"inLanguage":"cz-CZ","potentialAction":[{"@type":"ReadAction","target":["https:\/\/www.cegh.at\/cz\/registrace\/poplatky\/"]}]},{"@type":"BreadcrumbList","@id":"https:\/\/www.cegh.at\/cz\/registrace\/poplatky\/#breadcrumb","itemListElement":[{"@type":"ListItem","position":1,"name":"Home","item":"https:\/\/www.cegh.at\/cz\/"},{"@type":"ListItem","position":2,"name":"St\u00e1t Se \u010clenem","item":"https:\/\/www.cegh.at\/cz\/registrace\/"},{"@type":"ListItem","position":3,"name":"Poplatky"}]},{"@type":"WebSite","@id":"https:\/\/www.cegh.at\/cz\/#website","url":"https:\/\/www.cegh.at\/cz\/","name":"CEGH","description":"","publisher":{"@id":"https:\/\/www.cegh.at\/cz\/#organization"},"potentialAction":[{"@type":"SearchAction","target":{"@type":"EntryPoint","urlTemplate":"https:\/\/www.cegh.at\/cz\/?s={search_term_string}"},"query-input":{"@type":"PropertyValueSpecification","valueRequired":true,"valueName":"search_term_string"}}],"inLanguage":"cz-CZ"},{"@type":"Organization","@id":"https:\/\/www.cegh.at\/cz\/#organization","name":"CEGH","url":"https:\/\/www.cegh.at\/cz\/","logo":{"@type":"ImageObject","inLanguage":"cz-CZ","@id":"https:\/\/www.cegh.at\/cz\/#\/schema\/logo\/image\/","url":"https:\/\/www.cegh.at\/wp-content\/uploads\/2023\/05\/Hauptlogo_RGB.jpg","contentUrl":"https:\/\/www.cegh.at\/wp-content\/uploads\/2023\/05\/Hauptlogo_RGB.jpg","width":3333,"height":2500,"caption":"CEGH"},"image":{"@id":"https:\/\/www.cegh.at\/cz\/#\/schema\/logo\/image\/"}}]}},"_links":{"self":[{"href":"https:\/\/www.cegh.at\/cz\/wp-json\/wp\/v2\/pages\/82892","targetHints":{"allow":["GET"]}}],"collection":[{"href":"https:\/\/www.cegh.at\/cz\/wp-json\/wp\/v2\/pages"}],"about":[{"href":"https:\/\/www.cegh.at\/cz\/wp-json\/wp\/v2\/types\/page"}],"author":[{"embeddable":true,"href":"https:\/\/www.cegh.at\/cz\/wp-json\/wp\/v2\/users\/4"}],"replies":[{"embeddable":true,"href":"https:\/\/www.cegh.at\/cz\/wp-json\/wp\/v2\/comments?post=82892"}],"version-history":[{"count":29,"href":"https:\/\/www.cegh.at\/cz\/wp-json\/wp\/v2\/pages\/82892\/revisions"}],"predecessor-version":[{"id":1092041,"href":"https:\/\/www.cegh.at\/cz\/wp-json\/wp\/v2\/pages\/82892\/revisions\/1092041"}],"up":[{"embeddable":true,"href":"https:\/\/www.cegh.at\/cz\/wp-json\/wp\/v2\/pages\/82449"}],"wp:attachment":[{"href":"https:\/\/www.cegh.at\/cz\/wp-json\/wp\/v2\/media?parent=82892"}],"curies":[{"name":"wp","href":"https:\/\/api.w.org\/{rel}","templated":true}]}}