{"id":82896,"date":"2023-03-09T11:43:30","date_gmt":"2023-03-09T10:43:30","guid":{"rendered":"https:\/\/www.cegh.at\/sluzby\/"},"modified":"2024-03-21T11:09:05","modified_gmt":"2024-03-21T10:09:05","slug":"sluzby","status":"publish","type":"page","link":"https:\/\/www.cegh.at\/cz\/sluzby\/","title":{"rendered":"Slu\u017eby"},"content":{"rendered":"\n\n\n\n\n\n\n\n\n\n\n\n\n\n\n\n\n\n\n\n\n\n\n\n\n\n\n\n\n\n\n\n\n                    \n            <div class=\"ce ce-text pb-0\n         ce--mb-small          ce--contrast                  ce--sp-small          ce--full\n             js-bgcontainer u-bg-cc  \"\n             id=\"block_a83e6ba50d1b11cd78e67c2b5b52b04e\">\n                                <figure>\n    <picture>\n        <source media=\"(min-width: 1440px)\" srcset=\"https:\/\/www.cegh.at\/wp-content\/uploads\/2023\/05\/MicrosoftTeams-image-3-1920x0-c-default.jpg\">\n        <source media=\"(min-width: 1200px)\" srcset=\"https:\/\/www.cegh.at\/wp-content\/uploads\/2023\/05\/MicrosoftTeams-image-3-1440x0-c-default.jpg\">\n        <source media=\"(min-width: 992px)\" srcset=\"https:\/\/www.cegh.at\/wp-content\/uploads\/2023\/05\/MicrosoftTeams-image-3-1200x0-c-default.jpg\">\n        <source media=\"(min-width: 768px)\" srcset=\"https:\/\/www.cegh.at\/wp-content\/uploads\/2023\/05\/MicrosoftTeams-image-3-992x0-c-default.jpg\">\n        <source media=\"(min-width: 576px)\" srcset=\"https:\/\/www.cegh.at\/wp-content\/uploads\/2023\/05\/MicrosoftTeams-image-3-768x0-c-default.jpg\">\n        <source media=\"(min-width: 320px)\" srcset=\"https:\/\/www.cegh.at\/wp-content\/uploads\/2023\/05\/MicrosoftTeams-image-3-576x0-c-default.jpg\">\n        <source srcset=\"https:\/\/www.cegh.at\/wp-content\/uploads\/2023\/05\/MicrosoftTeams-image-3-576x0-c-default.jpg\">\n        <img loading=\"lazy\" decoding=\"async\" src=\"https:\/\/www.cegh.at\/wp-content\/uploads\/2023\/05\/MicrosoftTeams-image-3-1920x0-c-default.jpg\" width=\"4000\"\n             height=\"3000\" alt=\"\" title=\"Man stands inside spiral abstraction on dark toned background\" class=\"img-fluid w-100 js-bgimage\">\n    <\/picture>\n<\/figure>\n                <div class=\"ce-text__gradient ce-text__gradient--center js-gradient\"><\/div>\n                <div class=\"ce-text__gradient--base\"><\/div>\n                                    <div class=\"container-fluid\">\n                            <div class=\"row\">\n                    <div class=\"cc-text__text col-12 col-md-12 col-xl-12 mx-auto text-left\">\n                        <div class=\"ce-textblock\" data-animation=\"true\" data-animation-duration=\"300\">\n    <div class=\"ce-textblock__text\">\n                            <h1 class=\"\"> Slu\u017eby <\/h1>\n                \n    <\/div>\n<\/div>\n                    <\/div>\n                <\/div>\n                        <\/div>\n                    <\/div>\n    \n        \n\n\n\n\n\n\n\n\n\n\n\n\n\n\n\n\n\n\n\n\n\n\n\n\n\n\n\n\n\n\n\n\n                    \n            <div class=\"ce ce-text pb-0\n         ce--mb-standard                                 \"\n             id=\"block_05116d70a8372e0c7ad3d4a9e4060d04\">\n                                    <div class=\"container-fluid\">\n                            <div class=\"row\">\n                    <div class=\"cc-text__text col-12 col-md-12 col-xl-12 mx-auto text-left\">\n                        <div class=\"ce-textblock\" data-animation=\"true\" data-animation-duration=\"300\">\n    <div class=\"ce-textblock__text\">\n                        <p>Central European Gas Hub poskytuje mno\u017estv\u00ed slu\u017eeb, kter\u00e9 pln\u011b podporuj\u00ed trh a z\u00e1kazn\u00edky v jejich podnik\u00e1n\u00ed.<\/p>\n<p><a class=\"u-color-green\" href=\"https:\/\/www.cegh.at\/cz\/sluzby\/platformy-cegh\/marketingova-platforma-pro-zasobnik-plynu-cegh\/\">Marketingov\u00e1 platforma pro z\u00e1sobn\u00edk plynu CEGH<\/a> umo\u017e\u0148uje provozovatel\u016fm z\u00e1sobn\u00edku plynu zve\u0159ej\u0148ovat sv\u00e9 dostupn\u00e9 kapacity a vyz\u00fdvat k p\u0159edkl\u00e1d\u00e1n\u00ed nab\u00eddek v p\u0159edem stanoven\u00e9m \u010dasov\u00e9m okn\u011b. Skladovac\u00ed kapacity jsou pro obchodn\u00edky s plynem d\u016fle\u017eit\u00fdm faktorem pro optimalizaci jejich portfolia a pro rozv\u00edjen\u00ed obchodn\u00edch p\u0159\u00edle\u017eitost\u00ed.<\/p>\n<p><a class=\"u-color-green\" href=\"https:\/\/www.cegh.at\/cz\/sluzby\/platformy-cegh\/platforma-cegh-remit\/\">Platforma CEGH REMIT<\/a> umo\u017e\u0148uje \u00fa\u010dastn\u00edk\u016fm trhu zve\u0159ej\u0148ovat intern\u00ed informace na transparentn\u00ed a nez\u00e1visl\u00e9 webov\u00e9 platform\u011b. REMIT \u010cl\u00e1nek 4 vy\u017eaduje od \u00fa\u010dastn\u00edk\u016f trhu zve\u0159ej\u0148ov\u00e1n\u00ed d\u016fv\u011brn\u00fdch informac\u00ed efektivn\u00edm a v\u010dasn\u00fdm zp\u016fsobem. Platforma CEGH REMIT je doporu\u010dena rakousk\u00fdm energetick\u00fdm regul\u00e1torem E-Control a spl\u0148uje nejnov\u011bj\u0161\u00ed po\u017eadavky ACER.<\/p>\n\n    <\/div>\n<\/div>\n                    <\/div>\n                <\/div>\n                        <\/div>\n                    <\/div>\n    \n        ","protected":false},"excerpt":{"rendered":"","protected":false},"author":4,"featured_media":0,"parent":0,"menu_order":0,"comment_status":"closed","ping_status":"closed","template":"","meta":{"_acf_changed":false,"content-type":"","footnotes":""},"class_list":["post-82896","page","type-page","status-publish","hentry"],"acf":[],"yoast_head":"<!-- This site is optimized with the Yoast SEO plugin v27.3 - https:\/\/yoast.com\/product\/yoast-seo-wordpress\/ -->\n<title>Slu\u017eby - CEGH<\/title>\n<meta name=\"description\" content=\"Seznamte se s nab\u00eddkou slu\u017eeb, kter\u00e9 spole\u010dnost CEGH poskytuje na podporu z\u00e1kazn\u00edk\u016f a usnadn\u011bn\u00ed obchodn\u00edch operac\u00ed na trhu.\" \/>\n<meta name=\"robots\" content=\"index, follow, max-snippet:-1, max-image-preview:large, max-video-preview:-1\" \/>\n<link rel=\"canonical\" href=\"https:\/\/www.cegh.at\/cz\/sluzby\/\" \/>\n<meta property=\"og:locale\" content=\"en_US\" \/>\n<meta property=\"og:type\" content=\"article\" \/>\n<meta property=\"og:title\" content=\"Slu\u017eby - CEGH\" \/>\n<meta property=\"og:description\" content=\"Seznamte se s nab\u00eddkou slu\u017eeb, kter\u00e9 spole\u010dnost CEGH poskytuje na podporu z\u00e1kazn\u00edk\u016f a usnadn\u011bn\u00ed obchodn\u00edch operac\u00ed na trhu.\" \/>\n<meta property=\"og:url\" content=\"https:\/\/www.cegh.at\/cz\/sluzby\/\" \/>\n<meta property=\"og:site_name\" content=\"CEGH\" \/>\n<meta property=\"article:modified_time\" content=\"2024-03-21T10:09:05+00:00\" \/>\n<meta name=\"twitter:card\" content=\"summary_large_image\" \/>\n<script type=\"application\/ld+json\" class=\"yoast-schema-graph\">{\"@context\":\"https:\\\/\\\/schema.org\",\"@graph\":[{\"@type\":\"WebPage\",\"@id\":\"https:\\\/\\\/www.cegh.at\\\/cz\\\/sluzby\\\/\",\"url\":\"https:\\\/\\\/www.cegh.at\\\/cz\\\/sluzby\\\/\",\"name\":\"Slu\u017eby - CEGH\",\"isPartOf\":{\"@id\":\"https:\\\/\\\/www.cegh.at\\\/cz\\\/#website\"},\"datePublished\":\"2023-03-09T10:43:30+00:00\",\"dateModified\":\"2024-03-21T10:09:05+00:00\",\"description\":\"Seznamte se s nab\u00eddkou slu\u017eeb, kter\u00e9 spole\u010dnost CEGH poskytuje na podporu z\u00e1kazn\u00edk\u016f a usnadn\u011bn\u00ed obchodn\u00edch operac\u00ed na trhu.\",\"breadcrumb\":{\"@id\":\"https:\\\/\\\/www.cegh.at\\\/cz\\\/sluzby\\\/#breadcrumb\"},\"inLanguage\":\"cz-CZ\",\"potentialAction\":[{\"@type\":\"ReadAction\",\"target\":[\"https:\\\/\\\/www.cegh.at\\\/cz\\\/sluzby\\\/\"]}]},{\"@type\":\"BreadcrumbList\",\"@id\":\"https:\\\/\\\/www.cegh.at\\\/cz\\\/sluzby\\\/#breadcrumb\",\"itemListElement\":[{\"@type\":\"ListItem\",\"position\":1,\"name\":\"Home\",\"item\":\"https:\\\/\\\/www.cegh.at\\\/cz\\\/\"},{\"@type\":\"ListItem\",\"position\":2,\"name\":\"Slu\u017eby\"}]},{\"@type\":\"WebSite\",\"@id\":\"https:\\\/\\\/www.cegh.at\\\/cz\\\/#website\",\"url\":\"https:\\\/\\\/www.cegh.at\\\/cz\\\/\",\"name\":\"CEGH\",\"description\":\"\",\"publisher\":{\"@id\":\"https:\\\/\\\/www.cegh.at\\\/cz\\\/#organization\"},\"potentialAction\":[{\"@type\":\"SearchAction\",\"target\":{\"@type\":\"EntryPoint\",\"urlTemplate\":\"https:\\\/\\\/www.cegh.at\\\/cz\\\/?s={search_term_string}\"},\"query-input\":{\"@type\":\"PropertyValueSpecification\",\"valueRequired\":true,\"valueName\":\"search_term_string\"}}],\"inLanguage\":\"cz-CZ\"},{\"@type\":\"Organization\",\"@id\":\"https:\\\/\\\/www.cegh.at\\\/cz\\\/#organization\",\"name\":\"CEGH\",\"url\":\"https:\\\/\\\/www.cegh.at\\\/cz\\\/\",\"logo\":{\"@type\":\"ImageObject\",\"inLanguage\":\"cz-CZ\",\"@id\":\"https:\\\/\\\/www.cegh.at\\\/cz\\\/#\\\/schema\\\/logo\\\/image\\\/\",\"url\":\"https:\\\/\\\/www.cegh.at\\\/wp-content\\\/uploads\\\/2023\\\/05\\\/Hauptlogo_RGB.jpg\",\"contentUrl\":\"https:\\\/\\\/www.cegh.at\\\/wp-content\\\/uploads\\\/2023\\\/05\\\/Hauptlogo_RGB.jpg\",\"width\":3333,\"height\":2500,\"caption\":\"CEGH\"},\"image\":{\"@id\":\"https:\\\/\\\/www.cegh.at\\\/cz\\\/#\\\/schema\\\/logo\\\/image\\\/\"}}]}<\/script>\n<!-- \/ Yoast SEO plugin. -->","yoast_head_json":{"title":"Slu\u017eby - CEGH","description":"Seznamte se s nab\u00eddkou slu\u017eeb, kter\u00e9 spole\u010dnost CEGH poskytuje na podporu z\u00e1kazn\u00edk\u016f a usnadn\u011bn\u00ed obchodn\u00edch operac\u00ed na trhu.","robots":{"index":"index","follow":"follow","max-snippet":"max-snippet:-1","max-image-preview":"max-image-preview:large","max-video-preview":"max-video-preview:-1"},"canonical":"https:\/\/www.cegh.at\/cz\/sluzby\/","og_locale":"en_US","og_type":"article","og_title":"Slu\u017eby - CEGH","og_description":"Seznamte se s nab\u00eddkou slu\u017eeb, kter\u00e9 spole\u010dnost CEGH poskytuje na podporu z\u00e1kazn\u00edk\u016f a usnadn\u011bn\u00ed obchodn\u00edch operac\u00ed na trhu.","og_url":"https:\/\/www.cegh.at\/cz\/sluzby\/","og_site_name":"CEGH","article_modified_time":"2024-03-21T10:09:05+00:00","twitter_card":"summary_large_image","schema":{"@context":"https:\/\/schema.org","@graph":[{"@type":"WebPage","@id":"https:\/\/www.cegh.at\/cz\/sluzby\/","url":"https:\/\/www.cegh.at\/cz\/sluzby\/","name":"Slu\u017eby - CEGH","isPartOf":{"@id":"https:\/\/www.cegh.at\/cz\/#website"},"datePublished":"2023-03-09T10:43:30+00:00","dateModified":"2024-03-21T10:09:05+00:00","description":"Seznamte se s nab\u00eddkou slu\u017eeb, kter\u00e9 spole\u010dnost CEGH poskytuje na podporu z\u00e1kazn\u00edk\u016f a usnadn\u011bn\u00ed obchodn\u00edch operac\u00ed na trhu.","breadcrumb":{"@id":"https:\/\/www.cegh.at\/cz\/sluzby\/#breadcrumb"},"inLanguage":"cz-CZ","potentialAction":[{"@type":"ReadAction","target":["https:\/\/www.cegh.at\/cz\/sluzby\/"]}]},{"@type":"BreadcrumbList","@id":"https:\/\/www.cegh.at\/cz\/sluzby\/#breadcrumb","itemListElement":[{"@type":"ListItem","position":1,"name":"Home","item":"https:\/\/www.cegh.at\/cz\/"},{"@type":"ListItem","position":2,"name":"Slu\u017eby"}]},{"@type":"WebSite","@id":"https:\/\/www.cegh.at\/cz\/#website","url":"https:\/\/www.cegh.at\/cz\/","name":"CEGH","description":"","publisher":{"@id":"https:\/\/www.cegh.at\/cz\/#organization"},"potentialAction":[{"@type":"SearchAction","target":{"@type":"EntryPoint","urlTemplate":"https:\/\/www.cegh.at\/cz\/?s={search_term_string}"},"query-input":{"@type":"PropertyValueSpecification","valueRequired":true,"valueName":"search_term_string"}}],"inLanguage":"cz-CZ"},{"@type":"Organization","@id":"https:\/\/www.cegh.at\/cz\/#organization","name":"CEGH","url":"https:\/\/www.cegh.at\/cz\/","logo":{"@type":"ImageObject","inLanguage":"cz-CZ","@id":"https:\/\/www.cegh.at\/cz\/#\/schema\/logo\/image\/","url":"https:\/\/www.cegh.at\/wp-content\/uploads\/2023\/05\/Hauptlogo_RGB.jpg","contentUrl":"https:\/\/www.cegh.at\/wp-content\/uploads\/2023\/05\/Hauptlogo_RGB.jpg","width":3333,"height":2500,"caption":"CEGH"},"image":{"@id":"https:\/\/www.cegh.at\/cz\/#\/schema\/logo\/image\/"}}]}},"_links":{"self":[{"href":"https:\/\/www.cegh.at\/cz\/wp-json\/wp\/v2\/pages\/82896","targetHints":{"allow":["GET"]}}],"collection":[{"href":"https:\/\/www.cegh.at\/cz\/wp-json\/wp\/v2\/pages"}],"about":[{"href":"https:\/\/www.cegh.at\/cz\/wp-json\/wp\/v2\/types\/page"}],"author":[{"embeddable":true,"href":"https:\/\/www.cegh.at\/cz\/wp-json\/wp\/v2\/users\/4"}],"replies":[{"embeddable":true,"href":"https:\/\/www.cegh.at\/cz\/wp-json\/wp\/v2\/comments?post=82896"}],"version-history":[{"count":8,"href":"https:\/\/www.cegh.at\/cz\/wp-json\/wp\/v2\/pages\/82896\/revisions"}],"predecessor-version":[{"id":529464,"href":"https:\/\/www.cegh.at\/cz\/wp-json\/wp\/v2\/pages\/82896\/revisions\/529464"}],"wp:attachment":[{"href":"https:\/\/www.cegh.at\/cz\/wp-json\/wp\/v2\/media?parent=82896"}],"curies":[{"name":"wp","href":"https:\/\/api.w.org\/{rel}","templated":true}]}}