{"id":82902,"date":"2023-03-14T10:27:13","date_gmt":"2023-03-14T09:27:13","guid":{"rendered":"https:\/\/www.cegh.at\/sluzby\/cegh-app\/"},"modified":"2024-03-21T11:10:59","modified_gmt":"2024-03-21T10:10:59","slug":"cegh-app","status":"publish","type":"page","link":"https:\/\/www.cegh.at\/cz\/sluzby\/cegh-app\/","title":{"rendered":"CEGH App"},"content":{"rendered":"\n\n\n\n\n\n\n\n\n\n\n\n    \n\n\n\n\n\n\n\n\n\n\n\n\n\n\n\n\n\n\n\n\n                    \n            <div class=\"ce ce-text pb-0\n         ce--mb-0                          ce--sp-small          ce--full\n             u-bgColor-white \"\n             id=\"block_3477136ff85529999fc608fb575d2137\">\n                                    <div class=\"container-fluid\">\n                            <div class=\"row\">\n                    <div class=\"cc-text__text col-12 col-md-12 col-xl-12 mx-auto text-left\">\n                        <div class=\"ce-textblock\" data-animation=\"true\" data-animation-duration=\"300\">\n    <div class=\"ce-textblock__text\">\n                    <p class=\"ce-textblock__topline\">Slu\u017eby<\/p>\n                            <h1 class=\"\"> Pod\u00edvejte se na v\u00fdhody CEGH App <\/h1>\n                <p>&nbsp;<\/p>\n<h5 class=\"p1\"><b>Aplikace CEGH pro va\u0161e chytr\u00e9 telefony<\/b><\/h5>\n<p class=\"p1\">Jako jedna z prvn\u00edch spole\u010dnost\u00ed v oblasti obchodov\u00e1n\u00ed s plynem zve\u0159ejnila spole\u010dnost CEGH platformu pro co nejtransparentn\u011bj\u0161\u00ed p\u0159\u00edstup ke v\u0161em pot\u0159ebn\u00fdm \u00fadaj\u016fm. Aplikace CEGH pro mobiln\u00ed telefony, kter\u00e1 byla spu\u0161t\u011bna v prosinci 2020, v\u00e1m nab\u00edz\u00ed aktu\u00e1ln\u00ed informace, proto\u017ee v\u00e1m umo\u017en\u00ed p\u0159\u00edstup ke v\u0161em tr\u017en\u00edm \u00fadaj\u016fm CEGH a publikac\u00edm REMIT, jako\u017e i k denn\u00edmu CEGHIXu.<\/p>\n<p class=\"p1\">P\u0159\u00edstup ke v\u0161em cen\u00e1m a objem\u016fm na burze plynu EEX CEGH p\u0159\u00edmo v aplikaci. Spolu s p\u0159ehlednou strukturou, snadnou orientac\u00ed a vysokou pou\u017eitelnost\u00ed je k dispozici ke sta\u017een\u00ed zdarma v App Store a Google Play.<\/p>\n<p>&nbsp;<\/p>\n\n    <\/div>\n<\/div>\n                    <\/div>\n                <\/div>\n                        <\/div>\n                    <\/div>\n    \n        \n\n\n\n\n\n\n\n\n\n\n\n    \n\n\n\n\n\n\n\n\n\n\n\n\n\n\n\n\n\n\n\n\n                    \n            <div class=\"ce ce-text pb-0\n         ce--mb-small          ce--contrast                  ce--sp-xsmall          ce--full\n             u-bgColor-lightblue \"\n             id=\"block_a12d859b40e4a854180d1ba2e977e361\">\n                                    <div class=\"container-fluid\">\n                            <div class=\"row\">\n                    <div class=\"cc-text__text col-12 col-md-12 col-xl-12 ml-auto text-left\">\n                        <div class=\"ce-textblock\" data-animation=\"true\" data-animation-duration=\"300\">\n    <div class=\"ce-textblock__text\">\n                            <h3 class=\"\"> FUNKCE APLIKACE CEGH <\/h3>\n                <div class=\"w-leadin editor-output\">\n<p class=\"large\">Ve\u0161ker\u00e1 data z burzy EEX CEGH p\u0159\u00edmo v aplikaci<\/p>\n<p class=\"large\">Kontrola denn\u00edch nominovan\u00fdch objem\u016f CEGH VTP<\/p>\n<p class=\"large\">Aktu\u00e1ln\u00ed informace o nejnov\u011bj\u0161\u00edch publikac\u00edch REMIT<\/p>\n<p class=\"large\">Grafick\u00fd pohled na v\u00fdvoj cen<\/p>\n<p>&nbsp;<\/p>\n<\/div>\n\n    <\/div>\n<\/div>\n                    <\/div>\n                <\/div>\n                        <\/div>\n                    <\/div>\n    \n        \n\n\n\n\n\n\n\n\n\n\n\n\n\n\n\n\n\n\n\n\n\n\n\n\n\n\n\n\n\n\n\n\n            \n        \n                    <div class=\"ce ce-cols ce-cols--2\n         ce--mb-0                                 \"\n                 id=\"block_5cdee53b4f27ea9128c71c7147a712fa\">\n                                    <div class=\"container-fluid\">\n                                        <div class=\"row\">\n                        <div class=\"col-12 col-lg-6 \">\n                            <!--HIER DIE SCHLEIFE MIT DEM CONTENT SPALTE 1-->\n                                                                                                                            \n\n\n\n\n\n\n\n\n\n\n\n\n\n\n\n\n\n\n\n\n\n\n\n\n\n\n\n\n\n\n                                            \n        \n        \n        \n    \n\n                    \n    \n\n                    \n            <div class=\"ce ce-text pb-0\n                                        \"\n             id=\"block_5cdee53b4f27ea9128c71c7147a712fa\">\n                                        <div class=\"row\">\n                    <div class=\"cc-text__text col-12 col-md-12 col-xl-12  text-left\">\n                        <div class=\"ce-textblock\" data-animation=\"true\" data-animation-duration=\"300\">\n    <div class=\"ce-textblock__text\">\n                        <h5 class=\"large\"><strong>Sledujte nejnov\u011bj\u0161\u00ed informace o cen\u00e1ch na burze EEX CEGH!<\/strong><\/h5>\n<p>Vyu\u017eijte praktick\u00e9 funkce nov\u00e9 aplikace CEGH, jako je sledov\u00e1n\u00ed cen na trz\u00edch burzy s plynem EEX CEGH v AT a CZ t\u00e9m\u011b\u0159 v re\u00e1ln\u00e9m \u010dase (nejlep\u0161\u00ed nab\u00eddka\/popt\u00e1vka, posledn\u00ed cena, otev\u0159en\u00e1 cena, nejvy\u0161\u0161\u00ed, nejni\u017e\u0161\u00ed a pr\u016fm\u011brn\u00e1 cena za den).<\/p>\n<p>P\u0159ij\u00edmejte cenov\u00e1 ozn\u00e1men\u00ed prost\u0159ednictv\u00edm aplikace ihned po proveden\u00ed obchodu nebo zad\u00e1n\u00ed p\u0159\u00edkazu k n\u00e1kupu\/prodeji: Aplikace CEGH v\u00e1s v pr\u016fb\u011bhu dne upozorn\u00ed, jakmile byl uzav\u0159en obchod na v\u00e1mi zvolen\u00e9 cenov\u00e9 hranici: Nastavte si cenov\u00e9 limity (&#8220;na nebo nad&#8221; a &#8220;na nebo pod&#8221;). M\u016f\u017eete tak\u00e9 nastavit \u010dasov\u00e9 obdob\u00ed, ve kter\u00e9m chcete dost\u00e1vat pouze ozn\u00e1men\u00ed.<\/p>\n\n    <\/div>\n<\/div>\n                    <\/div>\n                <\/div>\n                    <\/div>\n    \n                                                                    \n                        <\/div>\n                        <div class=\"col-12 col-lg-6 \">\n                            <!--HIER DIE SCHLEIFE MIT DEM CONTENT SPALTE 2-->\n                                                                                                                            \n\n\n\n\n\n\n\n\n\n\n\n\n\n\n\n\n\n\n\n\n\n\n\n\n\n\n\n\n\n\n                                            \n        \n        \n        \n    \n\n                    \n    \n\n                    \n            <div class=\"ce ce-text pb-0\n                                        \"\n             id=\"block_5cdee53b4f27ea9128c71c7147a712fa\">\n                                        <div class=\"row\">\n                    <div class=\"cc-text__text col-12 col-md-12 col-xl-12  text-left\">\n                        <div class=\"ce-textblock\" data-animation=\"true\" data-animation-duration=\"300\">\n    <div class=\"ce-textblock__text\">\n                        <p>Z\u016fsta\u0148te ve spojen\u00ed prost\u0159ednictv\u00edm chytr\u00e9ho push-ozn\u00e1men\u00ed denn\u00edho CEGHIX, kter\u00e9 je zve\u0159ejn\u011bno na konci obchodn\u00edho dne.<\/p>\n<p><span style=\"color: #003366;\"><strong>Zkontrolujte nominovan\u00e9 objemy v CEGH VTP p\u0159\u00edmo v aplikaci!<\/strong><\/span><\/p>\n<p>Ka\u017ed\u00fd dal\u0161\u00ed den r\u00e1no jsou nominovan\u00e9 svazky zve\u0159ejn\u011bny p\u0159\u00edmo v aplikaci.<\/p>\n<p><span style=\"color: #003366;\"><strong>REMIT: V\u017edy aktu\u00e1ln\u00ed s novou aplikac\u00ed CEGH!<\/strong><\/span><\/p>\n<p>P\u0159\u00edmo v aplikaci m\u016f\u017eete kontrolovat d\u016fv\u011brn\u00e9 informace zve\u0159ejn\u011bn\u00e9 na platform\u011b CEGH REMIT a dost\u00e1vat upozorn\u011bn\u00ed na nov\u00e9 p\u0159\u00edsp\u011bvky.<\/p>\n\n    <\/div>\n<\/div>\n                    <\/div>\n                <\/div>\n                    <\/div>\n    \n                                                                                            <\/div>\n                    <\/div>\n                <\/div>\n            <\/div>\n                        \n\n\n\n\n\n\n\n\n\n\n\n    \n\n\n\n\n\n\n\n\n\n\n\n\n\n\n\n\n\n\n\n                                                                    \n                    <div class=\"ce ce-cols ce-cols--4\n                 ce--mb-small                                                  ce--sp-standard                  ce--full\n                 u-bgColor-white  \" id=\"block_5ee64f7e36a3502bc0e2497eefe2f1e5\">\n                                <div class=\"container-fluid\">\n                    \n    <div class=\"row\">\n        <div class=\"col-12 col-md-12 col-xl-12 ml-auto text-center\">\n            <div class=\"ce-textblock__text\">\n                                    <h4 class=\"\">Ke sta\u017een\u00ed na adrese:<br \/>\n<br \/>\n <\/ h4 >\n                        <\/div>\n        <\/div>\n    <\/div>\n\n                    <div class=\"row\">\n                        <div class=\"col-12 col-lg-3 \">\n                            <!--HIER DIE SCHLEIFE MIT DEM CONTENT SPALTE 1-->\n                                                                                                                            \n\n\n\n\n\n\n\n\n\n\n\n\n\n\n\n\n\n\n\n\n\n\n\n\n\n\n\n\n\n\n                                            \n        \n        \n        \n    \n\n                    \n    \n\n                \n\n            <div class=\"ce ce-image\n                                                 ce--no-bg \"\n             id=\"block_5ee64f7e36a3502bc0e2497eefe2f1e5\">\n                                                        <div class=\"row\">\n                                                                                                                                    <div class=\"col-8 col-md-8 col-xl-9  text-left \">\n                        <figure class=\"\"  data-aos=\"fade\" data-aos-duration=\"500\" >\n                                                                                                                                    <a href=\" https:\/\/play.google.com\/store\/apps\/details?id=at.co.kraftwerk.cegh \" >\n                                                                <picture>\n                                    <source media=\"(min-width: 1440px)\" srcset=\"\">\n                                    <source media=\"(min-width: 1200px)\" srcset=\"\">\n                                    <source media=\"(min-width: 992px)\" srcset=\"\">\n                                    <source media=\"(min-width: 768px)\" srcset=\"\">\n                                    <source media=\"(min-width: 576px)\" srcset=\"\">\n                                    <source media=\"(min-width: 320px)\" srcset=\"\">\n                                    <source srcset=\"\">\n                                    <img decoding=\"async\" src=\"\" alt=\"\" title=\"\"\n                                         class=\"img-fluid w-100\">\n                                <\/picture>\n                                 <\/a>                             \n                                                    <\/figure>\n                    <\/div>\n                <\/div>\n                        <\/div>\n    \n    \n                                                            \n                        <\/div>\n                        <div class=\"col-12 col-lg-3 \">\n                            <!--HIER DIE SCHLEIFE MIT DEM CONTENT SPALTE 2-->\n                                                                                                                            \n\n\n\n\n\n\n\n\n\n\n\n\n\n\n\n\n\n\n\n\n\n\n\n\n\n\n\n\n\n\n                                            \n        \n        \n        \n    \n\n                    \n    \n\n                \n\n            <div class=\"ce ce-image\n                                                 ce--no-bg \"\n             id=\"block_5ee64f7e36a3502bc0e2497eefe2f1e5\">\n                                                        <div class=\"row\">\n                                                                                                                                    <div class=\"col-8 col-md-8 col-xl-9  text-right \">\n                        <figure class=\"\"  data-aos=\"fade\" data-aos-duration=\"500\" >\n                                                                                                                                    <a href=\" https:\/\/play.google.com\/store\/apps\/details?id=at.co.kraftwerk.cegh \" >\n                                                                <picture>\n                                    <source media=\"(min-width: 1440px)\" srcset=\"https:\/\/www.cegh.at\/wp-content\/uploads\/2023\/05\/google-play-1-1920x0-c-default.jpg\">\n                                    <source media=\"(min-width: 1200px)\" srcset=\"https:\/\/www.cegh.at\/wp-content\/uploads\/2023\/05\/google-play-1-1440x0-c-default.jpg\">\n                                    <source media=\"(min-width: 992px)\" srcset=\"https:\/\/www.cegh.at\/wp-content\/uploads\/2023\/05\/google-play-1-1200x0-c-default.jpg\">\n                                    <source media=\"(min-width: 768px)\" srcset=\"https:\/\/www.cegh.at\/wp-content\/uploads\/2023\/05\/google-play-1-992x0-c-default.jpg\">\n                                    <source media=\"(min-width: 576px)\" srcset=\"https:\/\/www.cegh.at\/wp-content\/uploads\/2023\/05\/google-play-1-768x0-c-default.jpg\">\n                                    <source media=\"(min-width: 320px)\" srcset=\"https:\/\/www.cegh.at\/wp-content\/uploads\/2023\/05\/google-play-1-576x0-c-default.jpg\">\n                                    <source srcset=\"https:\/\/www.cegh.at\/wp-content\/uploads\/2023\/05\/google-play-1-320x0-c-default.jpg\">\n                                    <img decoding=\"async\" src=\"https:\/\/www.cegh.at\/wp-content\/uploads\/2023\/05\/google-play-1-1440x0-c-default.jpg\" alt=\"\" title=\"\"\n                                         class=\"img-fluid w-100\">\n                                <\/picture>\n                                 <\/a>                             \n                                                    <\/figure>\n                    <\/div>\n                <\/div>\n                        <\/div>\n    \n    \n                                                                                    <\/div>\n                        <div class=\"col-12 col-lg-3 \">\n                            <!--HIER DIE SCHLEIFE MIT DEM CONTENT SPALTE 3-->\n                                                                                                                            \n\n\n\n\n\n\n\n\n\n\n\n\n\n\n\n\n\n\n\n\n\n\n\n\n\n\n\n\n\n\n                                            \n        \n        \n        \n    \n\n                    \n    \n\n                \n\n            <div class=\"ce ce-image\n                                                 ce--no-bg \"\n             id=\"block_5ee64f7e36a3502bc0e2497eefe2f1e5\">\n                                                        <div class=\"row\">\n                                                                                                                                    <div class=\"col-8 col-md-8 col-xl-9  text-left \">\n                        <figure class=\"\"  data-aos=\"fade\" data-aos-duration=\"500\" >\n                                                                                                                                    <a href=\" https:\/\/apps.apple.com\/at\/app\/central-european-gas-hub\/id1542757352 \" >\n                                                                <picture>\n                                    <source media=\"(min-width: 1440px)\" srcset=\"https:\/\/www.cegh.at\/wp-content\/uploads\/2023\/05\/app-store-1-1920x0-c-default.jpg\">\n                                    <source media=\"(min-width: 1200px)\" srcset=\"https:\/\/www.cegh.at\/wp-content\/uploads\/2023\/05\/app-store-1-1440x0-c-default.jpg\">\n                                    <source media=\"(min-width: 992px)\" srcset=\"https:\/\/www.cegh.at\/wp-content\/uploads\/2023\/05\/app-store-1-1200x0-c-default.jpg\">\n                                    <source media=\"(min-width: 768px)\" srcset=\"https:\/\/www.cegh.at\/wp-content\/uploads\/2023\/05\/app-store-1-992x0-c-default.jpg\">\n                                    <source media=\"(min-width: 576px)\" srcset=\"https:\/\/www.cegh.at\/wp-content\/uploads\/2023\/05\/app-store-1-768x0-c-default.jpg\">\n                                    <source media=\"(min-width: 320px)\" srcset=\"https:\/\/www.cegh.at\/wp-content\/uploads\/2023\/05\/app-store-1-576x0-c-default.jpg\">\n                                    <source srcset=\"https:\/\/www.cegh.at\/wp-content\/uploads\/2023\/05\/app-store-1-320x0-c-default.jpg\">\n                                    <img decoding=\"async\" src=\"https:\/\/www.cegh.at\/wp-content\/uploads\/2023\/05\/app-store-1-1440x0-c-default.jpg\" alt=\"\" title=\"\"\n                                         class=\"img-fluid w-100\">\n                                <\/picture>\n                                 <\/a>                             \n                                                    <\/figure>\n                    <\/div>\n                <\/div>\n                        <\/div>\n    \n    \n                                                                                    <\/div>\n                        <div class=\"col-12 col-lg-3 \">\n                            <!--HIER DIE SCHLEIFE MIT DEM CONTENT SPALTE 4-->\n                                                                                                                                            <\/div>\n                    <\/div>\n                <\/div>\n            <\/div>\n                    ","protected":false},"excerpt":{"rendered":"","protected":false},"author":4,"featured_media":0,"parent":82896,"menu_order":0,"comment_status":"closed","ping_status":"closed","template":"","meta":{"_acf_changed":false,"content-type":"","footnotes":""},"class_list":["post-82902","page","type-page","status-publish","hentry"],"acf":[],"yoast_head":"<!-- This site is optimized with the Yoast SEO plugin v27.3 - https:\/\/yoast.com\/product\/yoast-seo-wordpress\/ -->\n<title>CEGH App - CEGH<\/title>\n<meta name=\"description\" content=\"Objevte v\u00fdhody aplikace CEGH, mobiln\u00ed aplikace, kter\u00e1 poskytuje snadn\u00fd p\u0159\u00edstup ke v\u0161em pot\u0159ebn\u00fdm \u00fadaj\u016fm v odv\u011btv\u00ed obchodu s plynem.\" \/>\n<meta name=\"robots\" content=\"index, follow, max-snippet:-1, max-image-preview:large, max-video-preview:-1\" \/>\n<link rel=\"canonical\" href=\"https:\/\/www.cegh.at\/cz\/sluzby\/cegh-app\/\" \/>\n<meta property=\"og:locale\" content=\"en_US\" \/>\n<meta property=\"og:type\" content=\"article\" \/>\n<meta property=\"og:title\" content=\"CEGH App - CEGH\" \/>\n<meta property=\"og:description\" content=\"Objevte v\u00fdhody aplikace CEGH, mobiln\u00ed aplikace, kter\u00e1 poskytuje snadn\u00fd p\u0159\u00edstup ke v\u0161em pot\u0159ebn\u00fdm \u00fadaj\u016fm v odv\u011btv\u00ed obchodu s plynem.\" \/>\n<meta property=\"og:url\" content=\"https:\/\/www.cegh.at\/cz\/sluzby\/cegh-app\/\" \/>\n<meta property=\"og:site_name\" content=\"CEGH\" \/>\n<meta property=\"article:modified_time\" content=\"2024-03-21T10:10:59+00:00\" \/>\n<meta name=\"twitter:card\" content=\"summary_large_image\" \/>\n<script type=\"application\/ld+json\" class=\"yoast-schema-graph\">{\"@context\":\"https:\\\/\\\/schema.org\",\"@graph\":[{\"@type\":\"WebPage\",\"@id\":\"https:\\\/\\\/www.cegh.at\\\/cz\\\/sluzby\\\/cegh-app\\\/\",\"url\":\"https:\\\/\\\/www.cegh.at\\\/cz\\\/sluzby\\\/cegh-app\\\/\",\"name\":\"CEGH App - CEGH\",\"isPartOf\":{\"@id\":\"https:\\\/\\\/www.cegh.at\\\/cz\\\/#website\"},\"datePublished\":\"2023-03-14T09:27:13+00:00\",\"dateModified\":\"2024-03-21T10:10:59+00:00\",\"description\":\"Objevte v\u00fdhody aplikace CEGH, mobiln\u00ed aplikace, kter\u00e1 poskytuje snadn\u00fd p\u0159\u00edstup ke v\u0161em pot\u0159ebn\u00fdm \u00fadaj\u016fm v odv\u011btv\u00ed obchodu s plynem.\",\"breadcrumb\":{\"@id\":\"https:\\\/\\\/www.cegh.at\\\/cz\\\/sluzby\\\/cegh-app\\\/#breadcrumb\"},\"inLanguage\":\"cz-CZ\",\"potentialAction\":[{\"@type\":\"ReadAction\",\"target\":[\"https:\\\/\\\/www.cegh.at\\\/cz\\\/sluzby\\\/cegh-app\\\/\"]}]},{\"@type\":\"BreadcrumbList\",\"@id\":\"https:\\\/\\\/www.cegh.at\\\/cz\\\/sluzby\\\/cegh-app\\\/#breadcrumb\",\"itemListElement\":[{\"@type\":\"ListItem\",\"position\":1,\"name\":\"Home\",\"item\":\"https:\\\/\\\/www.cegh.at\\\/cz\\\/\"},{\"@type\":\"ListItem\",\"position\":2,\"name\":\"Slu\u017eby\",\"item\":\"https:\\\/\\\/www.cegh.at\\\/cz\\\/sluzby\\\/\"},{\"@type\":\"ListItem\",\"position\":3,\"name\":\"CEGH App\"}]},{\"@type\":\"WebSite\",\"@id\":\"https:\\\/\\\/www.cegh.at\\\/cz\\\/#website\",\"url\":\"https:\\\/\\\/www.cegh.at\\\/cz\\\/\",\"name\":\"CEGH\",\"description\":\"\",\"publisher\":{\"@id\":\"https:\\\/\\\/www.cegh.at\\\/cz\\\/#organization\"},\"potentialAction\":[{\"@type\":\"SearchAction\",\"target\":{\"@type\":\"EntryPoint\",\"urlTemplate\":\"https:\\\/\\\/www.cegh.at\\\/cz\\\/?s={search_term_string}\"},\"query-input\":{\"@type\":\"PropertyValueSpecification\",\"valueRequired\":true,\"valueName\":\"search_term_string\"}}],\"inLanguage\":\"cz-CZ\"},{\"@type\":\"Organization\",\"@id\":\"https:\\\/\\\/www.cegh.at\\\/cz\\\/#organization\",\"name\":\"CEGH\",\"url\":\"https:\\\/\\\/www.cegh.at\\\/cz\\\/\",\"logo\":{\"@type\":\"ImageObject\",\"inLanguage\":\"cz-CZ\",\"@id\":\"https:\\\/\\\/www.cegh.at\\\/cz\\\/#\\\/schema\\\/logo\\\/image\\\/\",\"url\":\"https:\\\/\\\/www.cegh.at\\\/wp-content\\\/uploads\\\/2023\\\/05\\\/Hauptlogo_RGB.jpg\",\"contentUrl\":\"https:\\\/\\\/www.cegh.at\\\/wp-content\\\/uploads\\\/2023\\\/05\\\/Hauptlogo_RGB.jpg\",\"width\":3333,\"height\":2500,\"caption\":\"CEGH\"},\"image\":{\"@id\":\"https:\\\/\\\/www.cegh.at\\\/cz\\\/#\\\/schema\\\/logo\\\/image\\\/\"}}]}<\/script>\n<!-- \/ Yoast SEO plugin. -->","yoast_head_json":{"title":"CEGH App - CEGH","description":"Objevte v\u00fdhody aplikace CEGH, mobiln\u00ed aplikace, kter\u00e1 poskytuje snadn\u00fd p\u0159\u00edstup ke v\u0161em pot\u0159ebn\u00fdm \u00fadaj\u016fm v odv\u011btv\u00ed obchodu s plynem.","robots":{"index":"index","follow":"follow","max-snippet":"max-snippet:-1","max-image-preview":"max-image-preview:large","max-video-preview":"max-video-preview:-1"},"canonical":"https:\/\/www.cegh.at\/cz\/sluzby\/cegh-app\/","og_locale":"en_US","og_type":"article","og_title":"CEGH App - CEGH","og_description":"Objevte v\u00fdhody aplikace CEGH, mobiln\u00ed aplikace, kter\u00e1 poskytuje snadn\u00fd p\u0159\u00edstup ke v\u0161em pot\u0159ebn\u00fdm \u00fadaj\u016fm v odv\u011btv\u00ed obchodu s plynem.","og_url":"https:\/\/www.cegh.at\/cz\/sluzby\/cegh-app\/","og_site_name":"CEGH","article_modified_time":"2024-03-21T10:10:59+00:00","twitter_card":"summary_large_image","schema":{"@context":"https:\/\/schema.org","@graph":[{"@type":"WebPage","@id":"https:\/\/www.cegh.at\/cz\/sluzby\/cegh-app\/","url":"https:\/\/www.cegh.at\/cz\/sluzby\/cegh-app\/","name":"CEGH App - CEGH","isPartOf":{"@id":"https:\/\/www.cegh.at\/cz\/#website"},"datePublished":"2023-03-14T09:27:13+00:00","dateModified":"2024-03-21T10:10:59+00:00","description":"Objevte v\u00fdhody aplikace CEGH, mobiln\u00ed aplikace, kter\u00e1 poskytuje snadn\u00fd p\u0159\u00edstup ke v\u0161em pot\u0159ebn\u00fdm \u00fadaj\u016fm v odv\u011btv\u00ed obchodu s plynem.","breadcrumb":{"@id":"https:\/\/www.cegh.at\/cz\/sluzby\/cegh-app\/#breadcrumb"},"inLanguage":"cz-CZ","potentialAction":[{"@type":"ReadAction","target":["https:\/\/www.cegh.at\/cz\/sluzby\/cegh-app\/"]}]},{"@type":"BreadcrumbList","@id":"https:\/\/www.cegh.at\/cz\/sluzby\/cegh-app\/#breadcrumb","itemListElement":[{"@type":"ListItem","position":1,"name":"Home","item":"https:\/\/www.cegh.at\/cz\/"},{"@type":"ListItem","position":2,"name":"Slu\u017eby","item":"https:\/\/www.cegh.at\/cz\/sluzby\/"},{"@type":"ListItem","position":3,"name":"CEGH App"}]},{"@type":"WebSite","@id":"https:\/\/www.cegh.at\/cz\/#website","url":"https:\/\/www.cegh.at\/cz\/","name":"CEGH","description":"","publisher":{"@id":"https:\/\/www.cegh.at\/cz\/#organization"},"potentialAction":[{"@type":"SearchAction","target":{"@type":"EntryPoint","urlTemplate":"https:\/\/www.cegh.at\/cz\/?s={search_term_string}"},"query-input":{"@type":"PropertyValueSpecification","valueRequired":true,"valueName":"search_term_string"}}],"inLanguage":"cz-CZ"},{"@type":"Organization","@id":"https:\/\/www.cegh.at\/cz\/#organization","name":"CEGH","url":"https:\/\/www.cegh.at\/cz\/","logo":{"@type":"ImageObject","inLanguage":"cz-CZ","@id":"https:\/\/www.cegh.at\/cz\/#\/schema\/logo\/image\/","url":"https:\/\/www.cegh.at\/wp-content\/uploads\/2023\/05\/Hauptlogo_RGB.jpg","contentUrl":"https:\/\/www.cegh.at\/wp-content\/uploads\/2023\/05\/Hauptlogo_RGB.jpg","width":3333,"height":2500,"caption":"CEGH"},"image":{"@id":"https:\/\/www.cegh.at\/cz\/#\/schema\/logo\/image\/"}}]}},"_links":{"self":[{"href":"https:\/\/www.cegh.at\/cz\/wp-json\/wp\/v2\/pages\/82902","targetHints":{"allow":["GET"]}}],"collection":[{"href":"https:\/\/www.cegh.at\/cz\/wp-json\/wp\/v2\/pages"}],"about":[{"href":"https:\/\/www.cegh.at\/cz\/wp-json\/wp\/v2\/types\/page"}],"author":[{"embeddable":true,"href":"https:\/\/www.cegh.at\/cz\/wp-json\/wp\/v2\/users\/4"}],"replies":[{"embeddable":true,"href":"https:\/\/www.cegh.at\/cz\/wp-json\/wp\/v2\/comments?post=82902"}],"version-history":[{"count":10,"href":"https:\/\/www.cegh.at\/cz\/wp-json\/wp\/v2\/pages\/82902\/revisions"}],"predecessor-version":[{"id":529470,"href":"https:\/\/www.cegh.at\/cz\/wp-json\/wp\/v2\/pages\/82902\/revisions\/529470"}],"up":[{"embeddable":true,"href":"https:\/\/www.cegh.at\/cz\/wp-json\/wp\/v2\/pages\/82896"}],"wp:attachment":[{"href":"https:\/\/www.cegh.at\/cz\/wp-json\/wp\/v2\/media?parent=82902"}],"curies":[{"name":"wp","href":"https:\/\/api.w.org\/{rel}","templated":true}]}}