{"id":82906,"date":"2023-03-14T10:27:32","date_gmt":"2023-03-14T09:27:32","guid":{"rendered":"https:\/\/www.cegh.at\/sluzby\/platformy-cegh\/"},"modified":"2025-07-29T12:59:50","modified_gmt":"2025-07-29T10:59:50","slug":"platformy-cegh","status":"publish","type":"page","link":"https:\/\/www.cegh.at\/cz\/sluzby\/platformy-cegh\/","title":{"rendered":"Platformy CEGH"},"content":{"rendered":"\n\n\n\n\n\n\n\n\n\n\n\n\n\n\n\n\n\n\n\n\n\n\n\n\n\n\n\n\n\n\n\n        <div class=\"ce ce-services ce--mb- ce--sp-standard ce--full  ce--mb-medium        \" id=\"block_0d905c7a62bcd825c0a0e36abffa9f22\">\n        <div class=\"container-fluid\">\n            <div class=\"ce-services__container d-flex justify-content-center\">\n                <div class=\"col-12 col-lg-4\">\n                                            <h2 class=\"text-uppercase \">Platformy CEGH <\/h2>\n                                    <\/div>\n                <div class=\"ce-services__itemContainer col-12 col-lg-6\">\n                                        <div class=\"ce-services__item\">\n                        <a href=\"https:\/\/www.gashub.at\/nomination\/overview.xhtml\" target=\"_blank\" class=\"ce-services__link\"><\/a>\n                        <div class=\"ce-services__textContainer\">\n                            <p class=\"ce-services__text ce-news__text--primary mb-0 u-color-blue u-bold\">\n                                CEGH Nomination Platform\n                            <\/p>\n                        <\/div>\n                    <\/div>\n                                        <div class=\"ce-services__item\">\n                        <a href=\"https:\/\/www.gashub.at\/storagemarketing\/overview.xhtml\" target=\"_blank\" class=\"ce-services__link\"><\/a>\n                        <div class=\"ce-services__textContainer\">\n                            <p class=\"ce-services__text ce-news__text--primary mb-0 u-color-blue u-bold\">\n                                CEGH Gas Storage Marketing Platform\n                            <\/p>\n                        <\/div>\n                    <\/div>\n                                        <div class=\"ce-services__item\">\n                        <a href=\"https:\/\/www.gashub.at\/remit\/postings.xhtml\" target=\"_blank\" class=\"ce-services__link\"><\/a>\n                        <div class=\"ce-services__textContainer\">\n                            <p class=\"ce-services__text ce-news__text--primary mb-0 u-color-blue u-bold\">\n                                CEGH REMIT Platform\n                            <\/p>\n                        <\/div>\n                    <\/div>\n                                        <div class=\"ce-services__item\">\n                        <a href=\"https:\/\/www.gashub.at\/greengas\/overview.xhtml\" target=\"_blank\" class=\"ce-services__link\"><\/a>\n                        <div class=\"ce-services__textContainer\">\n                            <p class=\"ce-services__text ce-news__text--primary mb-0 u-color-blue u-bold\">\n                                CEGH GreenGas Platform\n                            <\/p>\n                        <\/div>\n                    <\/div>\n                                    <\/div>\n            <\/div>\n        <\/div>\n    <\/div>\n    ","protected":false},"excerpt":{"rendered":"","protected":false},"author":4,"featured_media":0,"parent":82896,"menu_order":0,"comment_status":"closed","ping_status":"closed","template":"","meta":{"_acf_changed":false,"content-type":"","footnotes":""},"class_list":["post-82906","page","type-page","status-publish","hentry"],"acf":[],"yoast_head":"<!-- This site is optimized with the Yoast SEO plugin v27.3 - https:\/\/yoast.com\/product\/yoast-seo-wordpress\/ -->\n<title>Platformy CEGH - CEGH<\/title>\n<meta name=\"description\" content=\"Prozkoumejte a p\u0159ihlaste se k platform\u00e1m CEGH, kter\u00e9 nab\u00edzej\u00ed inovativn\u00ed \u0159e\u0161en\u00ed pro obchodov\u00e1n\u00ed s plynem a transparentnost trhu.\" \/>\n<meta name=\"robots\" content=\"index, follow, max-snippet:-1, max-image-preview:large, max-video-preview:-1\" \/>\n<link rel=\"canonical\" href=\"https:\/\/www.cegh.at\/cz\/sluzby\/platformy-cegh\/\" \/>\n<meta property=\"og:locale\" content=\"en_US\" \/>\n<meta property=\"og:type\" content=\"article\" \/>\n<meta property=\"og:title\" content=\"Platformy CEGH - CEGH\" \/>\n<meta property=\"og:description\" content=\"Prozkoumejte a p\u0159ihlaste se k platform\u00e1m CEGH, kter\u00e9 nab\u00edzej\u00ed inovativn\u00ed \u0159e\u0161en\u00ed pro obchodov\u00e1n\u00ed s plynem a transparentnost trhu.\" \/>\n<meta property=\"og:url\" content=\"https:\/\/www.cegh.at\/cz\/sluzby\/platformy-cegh\/\" \/>\n<meta property=\"og:site_name\" content=\"CEGH\" \/>\n<meta property=\"article:modified_time\" content=\"2025-07-29T10:59:50+00:00\" \/>\n<meta name=\"twitter:card\" content=\"summary_large_image\" \/>\n<script type=\"application\/ld+json\" class=\"yoast-schema-graph\">{\"@context\":\"https:\\\/\\\/schema.org\",\"@graph\":[{\"@type\":\"WebPage\",\"@id\":\"https:\\\/\\\/www.cegh.at\\\/cz\\\/sluzby\\\/platformy-cegh\\\/\",\"url\":\"https:\\\/\\\/www.cegh.at\\\/cz\\\/sluzby\\\/platformy-cegh\\\/\",\"name\":\"Platformy CEGH - CEGH\",\"isPartOf\":{\"@id\":\"https:\\\/\\\/www.cegh.at\\\/cz\\\/#website\"},\"datePublished\":\"2023-03-14T09:27:32+00:00\",\"dateModified\":\"2025-07-29T10:59:50+00:00\",\"description\":\"Prozkoumejte a p\u0159ihlaste se k platform\u00e1m CEGH, kter\u00e9 nab\u00edzej\u00ed inovativn\u00ed \u0159e\u0161en\u00ed pro obchodov\u00e1n\u00ed s plynem a transparentnost trhu.\",\"breadcrumb\":{\"@id\":\"https:\\\/\\\/www.cegh.at\\\/cz\\\/sluzby\\\/platformy-cegh\\\/#breadcrumb\"},\"inLanguage\":\"cz-CZ\",\"potentialAction\":[{\"@type\":\"ReadAction\",\"target\":[\"https:\\\/\\\/www.cegh.at\\\/cz\\\/sluzby\\\/platformy-cegh\\\/\"]}]},{\"@type\":\"BreadcrumbList\",\"@id\":\"https:\\\/\\\/www.cegh.at\\\/cz\\\/sluzby\\\/platformy-cegh\\\/#breadcrumb\",\"itemListElement\":[{\"@type\":\"ListItem\",\"position\":1,\"name\":\"Home\",\"item\":\"https:\\\/\\\/www.cegh.at\\\/cz\\\/\"},{\"@type\":\"ListItem\",\"position\":2,\"name\":\"Slu\u017eby\",\"item\":\"https:\\\/\\\/www.cegh.at\\\/cz\\\/sluzby\\\/\"},{\"@type\":\"ListItem\",\"position\":3,\"name\":\"Platformy CEGH\"}]},{\"@type\":\"WebSite\",\"@id\":\"https:\\\/\\\/www.cegh.at\\\/cz\\\/#website\",\"url\":\"https:\\\/\\\/www.cegh.at\\\/cz\\\/\",\"name\":\"CEGH\",\"description\":\"\",\"publisher\":{\"@id\":\"https:\\\/\\\/www.cegh.at\\\/cz\\\/#organization\"},\"potentialAction\":[{\"@type\":\"SearchAction\",\"target\":{\"@type\":\"EntryPoint\",\"urlTemplate\":\"https:\\\/\\\/www.cegh.at\\\/cz\\\/?s={search_term_string}\"},\"query-input\":{\"@type\":\"PropertyValueSpecification\",\"valueRequired\":true,\"valueName\":\"search_term_string\"}}],\"inLanguage\":\"cz-CZ\"},{\"@type\":\"Organization\",\"@id\":\"https:\\\/\\\/www.cegh.at\\\/cz\\\/#organization\",\"name\":\"CEGH\",\"url\":\"https:\\\/\\\/www.cegh.at\\\/cz\\\/\",\"logo\":{\"@type\":\"ImageObject\",\"inLanguage\":\"cz-CZ\",\"@id\":\"https:\\\/\\\/www.cegh.at\\\/cz\\\/#\\\/schema\\\/logo\\\/image\\\/\",\"url\":\"https:\\\/\\\/www.cegh.at\\\/wp-content\\\/uploads\\\/2023\\\/05\\\/Hauptlogo_RGB.jpg\",\"contentUrl\":\"https:\\\/\\\/www.cegh.at\\\/wp-content\\\/uploads\\\/2023\\\/05\\\/Hauptlogo_RGB.jpg\",\"width\":3333,\"height\":2500,\"caption\":\"CEGH\"},\"image\":{\"@id\":\"https:\\\/\\\/www.cegh.at\\\/cz\\\/#\\\/schema\\\/logo\\\/image\\\/\"}}]}<\/script>\n<!-- \/ Yoast SEO plugin. -->","yoast_head_json":{"title":"Platformy CEGH - CEGH","description":"Prozkoumejte a p\u0159ihlaste se k platform\u00e1m CEGH, kter\u00e9 nab\u00edzej\u00ed inovativn\u00ed \u0159e\u0161en\u00ed pro obchodov\u00e1n\u00ed s plynem a transparentnost trhu.","robots":{"index":"index","follow":"follow","max-snippet":"max-snippet:-1","max-image-preview":"max-image-preview:large","max-video-preview":"max-video-preview:-1"},"canonical":"https:\/\/www.cegh.at\/cz\/sluzby\/platformy-cegh\/","og_locale":"en_US","og_type":"article","og_title":"Platformy CEGH - CEGH","og_description":"Prozkoumejte a p\u0159ihlaste se k platform\u00e1m CEGH, kter\u00e9 nab\u00edzej\u00ed inovativn\u00ed \u0159e\u0161en\u00ed pro obchodov\u00e1n\u00ed s plynem a transparentnost trhu.","og_url":"https:\/\/www.cegh.at\/cz\/sluzby\/platformy-cegh\/","og_site_name":"CEGH","article_modified_time":"2025-07-29T10:59:50+00:00","twitter_card":"summary_large_image","schema":{"@context":"https:\/\/schema.org","@graph":[{"@type":"WebPage","@id":"https:\/\/www.cegh.at\/cz\/sluzby\/platformy-cegh\/","url":"https:\/\/www.cegh.at\/cz\/sluzby\/platformy-cegh\/","name":"Platformy CEGH - CEGH","isPartOf":{"@id":"https:\/\/www.cegh.at\/cz\/#website"},"datePublished":"2023-03-14T09:27:32+00:00","dateModified":"2025-07-29T10:59:50+00:00","description":"Prozkoumejte a p\u0159ihlaste se k platform\u00e1m CEGH, kter\u00e9 nab\u00edzej\u00ed inovativn\u00ed \u0159e\u0161en\u00ed pro obchodov\u00e1n\u00ed s plynem a transparentnost trhu.","breadcrumb":{"@id":"https:\/\/www.cegh.at\/cz\/sluzby\/platformy-cegh\/#breadcrumb"},"inLanguage":"cz-CZ","potentialAction":[{"@type":"ReadAction","target":["https:\/\/www.cegh.at\/cz\/sluzby\/platformy-cegh\/"]}]},{"@type":"BreadcrumbList","@id":"https:\/\/www.cegh.at\/cz\/sluzby\/platformy-cegh\/#breadcrumb","itemListElement":[{"@type":"ListItem","position":1,"name":"Home","item":"https:\/\/www.cegh.at\/cz\/"},{"@type":"ListItem","position":2,"name":"Slu\u017eby","item":"https:\/\/www.cegh.at\/cz\/sluzby\/"},{"@type":"ListItem","position":3,"name":"Platformy CEGH"}]},{"@type":"WebSite","@id":"https:\/\/www.cegh.at\/cz\/#website","url":"https:\/\/www.cegh.at\/cz\/","name":"CEGH","description":"","publisher":{"@id":"https:\/\/www.cegh.at\/cz\/#organization"},"potentialAction":[{"@type":"SearchAction","target":{"@type":"EntryPoint","urlTemplate":"https:\/\/www.cegh.at\/cz\/?s={search_term_string}"},"query-input":{"@type":"PropertyValueSpecification","valueRequired":true,"valueName":"search_term_string"}}],"inLanguage":"cz-CZ"},{"@type":"Organization","@id":"https:\/\/www.cegh.at\/cz\/#organization","name":"CEGH","url":"https:\/\/www.cegh.at\/cz\/","logo":{"@type":"ImageObject","inLanguage":"cz-CZ","@id":"https:\/\/www.cegh.at\/cz\/#\/schema\/logo\/image\/","url":"https:\/\/www.cegh.at\/wp-content\/uploads\/2023\/05\/Hauptlogo_RGB.jpg","contentUrl":"https:\/\/www.cegh.at\/wp-content\/uploads\/2023\/05\/Hauptlogo_RGB.jpg","width":3333,"height":2500,"caption":"CEGH"},"image":{"@id":"https:\/\/www.cegh.at\/cz\/#\/schema\/logo\/image\/"}}]}},"_links":{"self":[{"href":"https:\/\/www.cegh.at\/cz\/wp-json\/wp\/v2\/pages\/82906","targetHints":{"allow":["GET"]}}],"collection":[{"href":"https:\/\/www.cegh.at\/cz\/wp-json\/wp\/v2\/pages"}],"about":[{"href":"https:\/\/www.cegh.at\/cz\/wp-json\/wp\/v2\/types\/page"}],"author":[{"embeddable":true,"href":"https:\/\/www.cegh.at\/cz\/wp-json\/wp\/v2\/users\/4"}],"replies":[{"embeddable":true,"href":"https:\/\/www.cegh.at\/cz\/wp-json\/wp\/v2\/comments?post=82906"}],"version-history":[{"count":8,"href":"https:\/\/www.cegh.at\/cz\/wp-json\/wp\/v2\/pages\/82906\/revisions"}],"predecessor-version":[{"id":1173324,"href":"https:\/\/www.cegh.at\/cz\/wp-json\/wp\/v2\/pages\/82906\/revisions\/1173324"}],"up":[{"embeddable":true,"href":"https:\/\/www.cegh.at\/cz\/wp-json\/wp\/v2\/pages\/82896"}],"wp:attachment":[{"href":"https:\/\/www.cegh.at\/cz\/wp-json\/wp\/v2\/media?parent=82906"}],"curies":[{"name":"wp","href":"https:\/\/api.w.org\/{rel}","templated":true}]}}