{"id":82910,"date":"2023-03-14T10:29:28","date_gmt":"2023-03-14T09:29:28","guid":{"rendered":"https:\/\/www.cegh.at\/sluzby\/platformy-cegh\/nominacni-platforma-cegh-cmt\/"},"modified":"2025-02-04T12:34:07","modified_gmt":"2025-02-04T11:34:07","slug":"nominacni-platforma-cegh-cmt","status":"publish","type":"page","link":"https:\/\/www.cegh.at\/cz\/sluzby\/platformy-cegh\/nominacni-platforma-cegh-cmt\/","title":{"rendered":"CEGH Nomination Platform"},"content":{"rendered":"\n\n\n\n\n\n\n\n\n\n\n\n    \n\n\n\n\n\n\n\n\n\n\n\n\n\n\n\n\n\n\n\n\n                    \n            <div class=\"ce ce-text pb-0\n         ce--mb-small                          ce--sp-small          ce--full\n             u-bgColor-white \"\n             id=\"block_db8e3970f619d23a77804f85abcfa7f7\">\n                                    <div class=\"container-fluid\">\n                            <div class=\"row\">\n                    <div class=\"cc-text__text col-12 col-md-12 col-xl-12 mx-auto text-left\">\n                        <div class=\"ce-textblock\" data-animation=\"true\" data-animation-duration=\"300\">\n    <div class=\"ce-textblock__text\">\n                    <p class=\"ce-textblock__topline\">Slu\u017eby<\/p>\n                            <h1 class=\"\"> CEGH Nomination Platform <\/h1>\n                <p>&nbsp;<\/p>\n<p>Chcete-li se p\u0159ihl\u00e1sit k platform\u011b CEGH Nomination Platform (CMT), klikn\u011bte <a class=\"u-color-green\" href=\"http:\/\/gashub.at\/nomination\">sem<\/a>.<\/p>\n\n    <\/div>\n<\/div>\n                    <\/div>\n                <\/div>\n                        <\/div>\n                    <\/div>\n    \n        \n\n\n\n\n\n\n\n\n\n\n\n\n\n\n\n\n\n\n\n\n\n\n\n\n\n\n\n\n\n\n\n\n\n\n            \n        \n                    <div class=\"ce ce-cols ce-cols--2\n         ce--mb-small                                 \"\n                 id=\"block_b483b818b674055c1b974e2b0f4b0a31\">\n                                    <div class=\"container-fluid\">\n                    \n    <div class=\"row\">\n        <div class=\"col-12 col-md-12 col-xl-12 mx-auto text-justify\">\n            <div class=\"ce-textblock__text\">\n                                    <h4 class=\"\">Technick\u00e9 informace <\/ h4 >\n                        <\/div>\n        <\/div>\n    <\/div>\n\n                    <div class=\"row\">\n                        <div class=\"col-12 col-lg-6 \">\n                            <!--HIER DIE SCHLEIFE MIT DEM CONTENT SPALTE 1-->\n                                                                                                                            \n\n\n\n\n\n\n\n\n\n\n\n\n\n\n\n\n\n\n\n\n\n\n\n\n\n\n\n\n\n\n                                            \n        \n        \n        \n    \n\n                    \n    \n\n                    \n            <div class=\"ce ce-text pb-0\n                                        \"\n             id=\"block_b483b818b674055c1b974e2b0f4b0a31\">\n                                        <div class=\"row\">\n                    <div class=\"cc-text__text col-12 col-md-12 col-xl-12  text-justify\">\n                        <div class=\"ce-textblock\" data-animation=\"true\" data-animation-duration=\"300\">\n    <div class=\"ce-textblock__text\">\n                            <h6 class=\"\"> \u0160ABLONA P\u0158IPOJEN\u00cd <\/h6>\n                <p>Od 1. \u00fanora 2018 lze nominace pro VTP zas\u00edlat pouze jako soubory Edig@s XML (4.0 a 5.1) prost\u0159ednictv\u00edm p\u0159ipojen\u00ed AS4 nebo prost\u0159ednictv\u00edm na\u0161\u00ed webov\u00e9 nomina\u010dn\u00ed platformy.<\/p>\n<p>N\u00ed\u017ee naleznete \u0161ablonu p\u0159ipojen\u00ed CEGH pro poskytnut\u00ed informac\u00ed o typu komunikace v procesu nominace s CEGH.<\/p>\n<p>&nbsp;<\/p>\n<p><a class=\"btn btn--primary\" href=\"https:\/\/www.cegh.at\/wp-content\/uploads\/2024\/08\/CEGH-Connection-Template_2024_v1.pdf\">\u0160ablona p\u0159ipojen\u00ed<\/a> CEGH.<\/p>\n<p>&nbsp;<\/p>\n\n    <\/div>\n<\/div>\n                    <\/div>\n                <\/div>\n                    <\/div>\n    \n                                                                    \n                        <\/div>\n                        <div class=\"col-12 col-lg-6 \">\n                            <!--HIER DIE SCHLEIFE MIT DEM CONTENT SPALTE 2-->\n                                                                                                                            \n\n\n\n\n\n\n\n\n\n\n\n\n\n\n\n\n\n\n\n\n\n\n\n\n\n\n\n\n\n\n                                            \n        \n        \n        \n    \n\n                    \n    \n\n                    \n            <div class=\"ce ce-text pb-0\n                                        \"\n             id=\"block_b483b818b674055c1b974e2b0f4b0a31\">\n                                        <div class=\"row\">\n                    <div class=\"cc-text__text col-12 col-md-12 col-xl-12  text-justify\">\n                        <div class=\"ce-textblock\" data-animation=\"true\" data-animation-duration=\"300\">\n    <div class=\"ce-textblock__text\">\n                            <h6 class=\"\"> FORM\u00c1TY NOMINAC\u00cd <\/h6>\n                <p class=\"x_MsoNormal\"><span lang=\"EN-US\">Od 1. \u00fanora 2018 lze nominace pro VTP zas\u00edlat pouze jako soubory Edig@s XML (4.0 a 5.1) prost\u0159ednictv\u00edm p\u0159ipojen\u00ed k AS4 nebo prost\u0159ednictv\u00edm na\u0161\u00ed webov\u00e9 nomina\u010dn\u00ed platformy<\/span> (ru\u010dn\u00ed zad\u00e1v\u00e1n\u00ed i nahr\u00e1v\u00e1n\u00ed KissA  Edig@s)<span lang=\"EN-US\">.<\/span><\/p>\n<p class=\"x_MsoNormal\">Pro dal\u0161\u00ed informace a testovac\u00ed soubory kontaktujte t\u00fdm VTP<span lang=\"EN-US\">:<\/span><\/p>\n<p class=\"p3\"><span class=\"s1\">E-mail: <a class=\"u-color-text-theme-blue\" href=\"mailto:dispatching@cegh.at\">dispatching@cegh.at<\/a><\/span><\/p>\n<p class=\"p2\">Tel: <a class=\"u-color-text-theme-blue\" href=\"tel:+431270270028520\">+43 1 270270028520<\/a><\/p>\n\n    <\/div>\n<\/div>\n                    <\/div>\n                <\/div>\n                    <\/div>\n    \n                                                                                            <\/div>\n                    <\/div>\n                <\/div>\n            <\/div>\n                        \n\n\n\n\n\n\n\n\n\n\n\n\n\n\n\n\n\n\n\n\n\n\n\n\n\n\n\n\n\n\n\n\n\n\n            \n        \n                    <div class=\"ce ce-cols ce-cols--2\n         ce--mb-standard                                 \"\n                 id=\"block_3aad836059dcf22c94a7ae2d1d37e6e9\">\n                                    <div class=\"container-fluid\">\n                                        <div class=\"row\">\n                        <div class=\"col-12 col-lg-6 \">\n                            <!--HIER DIE SCHLEIFE MIT DEM CONTENT SPALTE 1-->\n                                                                                                                            \n\n\n\n\n\n\n\n\n\n\n\n\n\n\n\n\n\n\n\n\n\n\n\n\n\n\n\n\n\n\n                                            \n        \n        \n        \n    \n\n                    \n    \n\n                    \n            <div class=\"ce ce-text pb-0\n                                        \"\n             id=\"block_3aad836059dcf22c94a7ae2d1d37e6e9\">\n                                        <div class=\"row\">\n                    <div class=\"cc-text__text col-12 col-md-12 col-xl-12  text-justify\">\n                        <div class=\"ce-textblock\" data-animation=\"true\" data-animation-duration=\"300\">\n    <div class=\"ce-textblock__text\">\n                            <h6 class=\"\"> INFORMACE O K\u00d3DU EIC  <\/h6>\n                <p class=\"p2\">Nov\u00e1 vyhl\u00e1\u0161ka o modelu trhu s plynem 2012 definuje, \u017ee od 1. ledna 2013 budou k\u00f3dy EIC vyu\u017e\u00edv\u00e1ny v cel\u00e9 rakousk\u00e9 tr\u017en\u00ed oblasti.<\/p>\n<p class=\"p2\">K\u00f3dy EIC CEGH jsou:<\/p>\n<ul class=\"ul1\">\n<li class=\"li2\">K\u00f3d EIC pro identifikaci CEGH jako strany: 21X000000001062J<\/li>\n<li class=\"li2\">K\u00f3d EIC pro virtu\u00e1ln\u00ed obchodn\u00ed m\u00edsto: <code style=\"color: #000; font-family: Sofia W03 Regular, Arial, sans-serif; font-weight: normal; font-size: 100%;\">25Z-VTP-CEGH---5<\/code><\/li>\n<\/ul>\n<p class=\"p1\"><a class=\"u-color-green\" href=\"https:\/\/aggm.at\/en\/mp-information\/q-a\/aggm-platform\"><span class=\"s1\">Popis platformy AGGM a k\u00f3du EIC MADAM<\/span><\/a><\/p>\n<p class=\"p1\"><a class=\"u-color-green\" href=\"https:\/\/platform.aggm.at\/portal\/eic\/assignment\/public\/form\">Formul\u00e1\u0159 \u017e\u00e1dosti o k\u00f3dy EIC na MADAM<\/a><\/p>\n<p class=\"p1\"><span class=\"s1\"><a class=\"u-color-green\" href=\"https:\/\/platform.aggm.at\/portal\/publication\/eic-list\">Zve\u0159ejn\u011bn\u00e9 k\u00f3dy EIC MADAM<\/a><br \/>\n<\/span><\/p>\n<p class=\"p2\"><a class=\"u-color-green\" href=\"https:\/\/www.entsoe.eu\/data\/energy-identification-codes-eic\/\" target=\"_blank\" rel=\"noopener\">Obecn\u00e9 informace o k\u00f3du EIC (p\u0159\u00edru\u010dka, zve\u0159ejn\u011bn\u00e9 k\u00f3dy atd.) ENTSOE a ENTSOG<\/a><\/p>\n\n    <\/div>\n<\/div>\n                    <\/div>\n                <\/div>\n                    <\/div>\n    \n                                                                    \n                        <\/div>\n                        <div class=\"col-12 col-lg-6 \">\n                            <!--HIER DIE SCHLEIFE MIT DEM CONTENT SPALTE 2-->\n                                                                                                                            \n\n\n\n\n\n\n\n\n\n\n\n\n\n\n\n\n\n\n\n\n\n\n\n\n\n\n\n\n\n\n                                            \n        \n        \n        \n    \n\n                    \n    \n\n                    \n            <div class=\"ce ce-text pb-0\n                                        \"\n             id=\"block_3aad836059dcf22c94a7ae2d1d37e6e9\">\n                                        <div class=\"row\">\n                    <div class=\"cc-text__text col-12 col-md-12 col-xl-12  text-justify\">\n                        <div class=\"ce-textblock\" data-animation=\"true\" data-animation-duration=\"300\">\n    <div class=\"ce-textblock__text\">\n                            <h6 class=\"\"> EEX CEGH GAS EXCHANGE TRADING GATEWAY MAPPING <\/h6>\n                <p class=\"p2\">N\u00ed\u017ee naleznete Excelov\u00fd soubor s mapov\u00e1n\u00edm obchodn\u00ed br\u00e1ny EEX (smlouvy EEX CEGH jsou uvedeny na platform\u011b EEX):<\/p>\n<p>&nbsp;<\/p>\n<p class=\"p3\"><a class=\"btn btn--primary\" href=\"https:\/\/www.cegh.at\/wp-content\/uploads\/2023\/05\/Global_Vision_mapping_file_for_EEX_Gas_Spot_instruments-3.xlsx\">EEX mapovac\u00ed soubor<\/a><\/p>\n\n    <\/div>\n<\/div>\n                    <\/div>\n                <\/div>\n                    <\/div>\n    \n                                                                                            <\/div>\n                    <\/div>\n                <\/div>\n            <\/div>\n                        ","protected":false},"excerpt":{"rendered":"","protected":false},"author":4,"featured_media":0,"parent":82906,"menu_order":0,"comment_status":"closed","ping_status":"closed","template":"","meta":{"_acf_changed":false,"content-type":"","footnotes":""},"class_list":["post-82910","page","type-page","status-publish","hentry"],"acf":[],"yoast_head":"<!-- This site is optimized with the Yoast SEO plugin v27.3 - https:\/\/yoast.com\/product\/yoast-seo-wordpress\/ -->\n<title>CEGH Nomination Platform - CEGH<\/title>\n<meta name=\"description\" content=\"Objevte a p\u0159ihlaste se do nomina\u010dn\u00ed platformy CEGH, v\u00fdkonn\u00e9ho n\u00e1stroje pro spr\u00e1vu nominac\u00ed plynu a zaji\u0161t\u011bn\u00ed efektivn\u00ed p\u0159epravy.\" \/>\n<meta name=\"robots\" content=\"index, follow, max-snippet:-1, max-image-preview:large, max-video-preview:-1\" \/>\n<link rel=\"canonical\" href=\"https:\/\/www.cegh.at\/cz\/sluzby\/platformy-cegh\/nominacni-platforma-cegh-cmt\/\" \/>\n<meta property=\"og:locale\" content=\"en_US\" \/>\n<meta property=\"og:type\" content=\"article\" \/>\n<meta property=\"og:title\" content=\"CEGH Nomination Platform - CEGH\" \/>\n<meta property=\"og:description\" content=\"Objevte a p\u0159ihlaste se do nomina\u010dn\u00ed platformy CEGH, v\u00fdkonn\u00e9ho n\u00e1stroje pro spr\u00e1vu nominac\u00ed plynu a zaji\u0161t\u011bn\u00ed efektivn\u00ed p\u0159epravy.\" \/>\n<meta property=\"og:url\" content=\"https:\/\/www.cegh.at\/cz\/sluzby\/platformy-cegh\/nominacni-platforma-cegh-cmt\/\" \/>\n<meta property=\"og:site_name\" content=\"CEGH\" \/>\n<meta property=\"article:modified_time\" content=\"2025-02-04T11:34:07+00:00\" \/>\n<meta name=\"twitter:card\" content=\"summary_large_image\" \/>\n<script type=\"application\/ld+json\" class=\"yoast-schema-graph\">{\"@context\":\"https:\\\/\\\/schema.org\",\"@graph\":[{\"@type\":\"WebPage\",\"@id\":\"https:\\\/\\\/www.cegh.at\\\/cz\\\/sluzby\\\/platformy-cegh\\\/nominacni-platforma-cegh-cmt\\\/\",\"url\":\"https:\\\/\\\/www.cegh.at\\\/cz\\\/sluzby\\\/platformy-cegh\\\/nominacni-platforma-cegh-cmt\\\/\",\"name\":\"CEGH Nomination Platform - CEGH\",\"isPartOf\":{\"@id\":\"https:\\\/\\\/www.cegh.at\\\/cz\\\/#website\"},\"datePublished\":\"2023-03-14T09:29:28+00:00\",\"dateModified\":\"2025-02-04T11:34:07+00:00\",\"description\":\"Objevte a p\u0159ihlaste se do nomina\u010dn\u00ed platformy CEGH, v\u00fdkonn\u00e9ho n\u00e1stroje pro spr\u00e1vu nominac\u00ed plynu a zaji\u0161t\u011bn\u00ed efektivn\u00ed p\u0159epravy.\",\"breadcrumb\":{\"@id\":\"https:\\\/\\\/www.cegh.at\\\/cz\\\/sluzby\\\/platformy-cegh\\\/nominacni-platforma-cegh-cmt\\\/#breadcrumb\"},\"inLanguage\":\"cz-CZ\",\"potentialAction\":[{\"@type\":\"ReadAction\",\"target\":[\"https:\\\/\\\/www.cegh.at\\\/cz\\\/sluzby\\\/platformy-cegh\\\/nominacni-platforma-cegh-cmt\\\/\"]}]},{\"@type\":\"BreadcrumbList\",\"@id\":\"https:\\\/\\\/www.cegh.at\\\/cz\\\/sluzby\\\/platformy-cegh\\\/nominacni-platforma-cegh-cmt\\\/#breadcrumb\",\"itemListElement\":[{\"@type\":\"ListItem\",\"position\":1,\"name\":\"Home\",\"item\":\"https:\\\/\\\/www.cegh.at\\\/cz\\\/\"},{\"@type\":\"ListItem\",\"position\":2,\"name\":\"Slu\u017eby\",\"item\":\"https:\\\/\\\/www.cegh.at\\\/cz\\\/sluzby\\\/\"},{\"@type\":\"ListItem\",\"position\":3,\"name\":\"Platformy CEGH\",\"item\":\"https:\\\/\\\/www.cegh.at\\\/cz\\\/sluzby\\\/platformy-cegh\\\/\"},{\"@type\":\"ListItem\",\"position\":4,\"name\":\"CEGH Nomination Platform\"}]},{\"@type\":\"WebSite\",\"@id\":\"https:\\\/\\\/www.cegh.at\\\/cz\\\/#website\",\"url\":\"https:\\\/\\\/www.cegh.at\\\/cz\\\/\",\"name\":\"CEGH\",\"description\":\"\",\"publisher\":{\"@id\":\"https:\\\/\\\/www.cegh.at\\\/cz\\\/#organization\"},\"potentialAction\":[{\"@type\":\"SearchAction\",\"target\":{\"@type\":\"EntryPoint\",\"urlTemplate\":\"https:\\\/\\\/www.cegh.at\\\/cz\\\/?s={search_term_string}\"},\"query-input\":{\"@type\":\"PropertyValueSpecification\",\"valueRequired\":true,\"valueName\":\"search_term_string\"}}],\"inLanguage\":\"cz-CZ\"},{\"@type\":\"Organization\",\"@id\":\"https:\\\/\\\/www.cegh.at\\\/cz\\\/#organization\",\"name\":\"CEGH\",\"url\":\"https:\\\/\\\/www.cegh.at\\\/cz\\\/\",\"logo\":{\"@type\":\"ImageObject\",\"inLanguage\":\"cz-CZ\",\"@id\":\"https:\\\/\\\/www.cegh.at\\\/cz\\\/#\\\/schema\\\/logo\\\/image\\\/\",\"url\":\"https:\\\/\\\/www.cegh.at\\\/wp-content\\\/uploads\\\/2023\\\/05\\\/Hauptlogo_RGB.jpg\",\"contentUrl\":\"https:\\\/\\\/www.cegh.at\\\/wp-content\\\/uploads\\\/2023\\\/05\\\/Hauptlogo_RGB.jpg\",\"width\":3333,\"height\":2500,\"caption\":\"CEGH\"},\"image\":{\"@id\":\"https:\\\/\\\/www.cegh.at\\\/cz\\\/#\\\/schema\\\/logo\\\/image\\\/\"}}]}<\/script>\n<!-- \/ Yoast SEO plugin. -->","yoast_head_json":{"title":"CEGH Nomination Platform - CEGH","description":"Objevte a p\u0159ihlaste se do nomina\u010dn\u00ed platformy CEGH, v\u00fdkonn\u00e9ho n\u00e1stroje pro spr\u00e1vu nominac\u00ed plynu a zaji\u0161t\u011bn\u00ed efektivn\u00ed p\u0159epravy.","robots":{"index":"index","follow":"follow","max-snippet":"max-snippet:-1","max-image-preview":"max-image-preview:large","max-video-preview":"max-video-preview:-1"},"canonical":"https:\/\/www.cegh.at\/cz\/sluzby\/platformy-cegh\/nominacni-platforma-cegh-cmt\/","og_locale":"en_US","og_type":"article","og_title":"CEGH Nomination Platform - CEGH","og_description":"Objevte a p\u0159ihlaste se do nomina\u010dn\u00ed platformy CEGH, v\u00fdkonn\u00e9ho n\u00e1stroje pro spr\u00e1vu nominac\u00ed plynu a zaji\u0161t\u011bn\u00ed efektivn\u00ed p\u0159epravy.","og_url":"https:\/\/www.cegh.at\/cz\/sluzby\/platformy-cegh\/nominacni-platforma-cegh-cmt\/","og_site_name":"CEGH","article_modified_time":"2025-02-04T11:34:07+00:00","twitter_card":"summary_large_image","schema":{"@context":"https:\/\/schema.org","@graph":[{"@type":"WebPage","@id":"https:\/\/www.cegh.at\/cz\/sluzby\/platformy-cegh\/nominacni-platforma-cegh-cmt\/","url":"https:\/\/www.cegh.at\/cz\/sluzby\/platformy-cegh\/nominacni-platforma-cegh-cmt\/","name":"CEGH Nomination Platform - CEGH","isPartOf":{"@id":"https:\/\/www.cegh.at\/cz\/#website"},"datePublished":"2023-03-14T09:29:28+00:00","dateModified":"2025-02-04T11:34:07+00:00","description":"Objevte a p\u0159ihlaste se do nomina\u010dn\u00ed platformy CEGH, v\u00fdkonn\u00e9ho n\u00e1stroje pro spr\u00e1vu nominac\u00ed plynu a zaji\u0161t\u011bn\u00ed efektivn\u00ed p\u0159epravy.","breadcrumb":{"@id":"https:\/\/www.cegh.at\/cz\/sluzby\/platformy-cegh\/nominacni-platforma-cegh-cmt\/#breadcrumb"},"inLanguage":"cz-CZ","potentialAction":[{"@type":"ReadAction","target":["https:\/\/www.cegh.at\/cz\/sluzby\/platformy-cegh\/nominacni-platforma-cegh-cmt\/"]}]},{"@type":"BreadcrumbList","@id":"https:\/\/www.cegh.at\/cz\/sluzby\/platformy-cegh\/nominacni-platforma-cegh-cmt\/#breadcrumb","itemListElement":[{"@type":"ListItem","position":1,"name":"Home","item":"https:\/\/www.cegh.at\/cz\/"},{"@type":"ListItem","position":2,"name":"Slu\u017eby","item":"https:\/\/www.cegh.at\/cz\/sluzby\/"},{"@type":"ListItem","position":3,"name":"Platformy CEGH","item":"https:\/\/www.cegh.at\/cz\/sluzby\/platformy-cegh\/"},{"@type":"ListItem","position":4,"name":"CEGH Nomination Platform"}]},{"@type":"WebSite","@id":"https:\/\/www.cegh.at\/cz\/#website","url":"https:\/\/www.cegh.at\/cz\/","name":"CEGH","description":"","publisher":{"@id":"https:\/\/www.cegh.at\/cz\/#organization"},"potentialAction":[{"@type":"SearchAction","target":{"@type":"EntryPoint","urlTemplate":"https:\/\/www.cegh.at\/cz\/?s={search_term_string}"},"query-input":{"@type":"PropertyValueSpecification","valueRequired":true,"valueName":"search_term_string"}}],"inLanguage":"cz-CZ"},{"@type":"Organization","@id":"https:\/\/www.cegh.at\/cz\/#organization","name":"CEGH","url":"https:\/\/www.cegh.at\/cz\/","logo":{"@type":"ImageObject","inLanguage":"cz-CZ","@id":"https:\/\/www.cegh.at\/cz\/#\/schema\/logo\/image\/","url":"https:\/\/www.cegh.at\/wp-content\/uploads\/2023\/05\/Hauptlogo_RGB.jpg","contentUrl":"https:\/\/www.cegh.at\/wp-content\/uploads\/2023\/05\/Hauptlogo_RGB.jpg","width":3333,"height":2500,"caption":"CEGH"},"image":{"@id":"https:\/\/www.cegh.at\/cz\/#\/schema\/logo\/image\/"}}]}},"_links":{"self":[{"href":"https:\/\/www.cegh.at\/cz\/wp-json\/wp\/v2\/pages\/82910","targetHints":{"allow":["GET"]}}],"collection":[{"href":"https:\/\/www.cegh.at\/cz\/wp-json\/wp\/v2\/pages"}],"about":[{"href":"https:\/\/www.cegh.at\/cz\/wp-json\/wp\/v2\/types\/page"}],"author":[{"embeddable":true,"href":"https:\/\/www.cegh.at\/cz\/wp-json\/wp\/v2\/users\/4"}],"replies":[{"embeddable":true,"href":"https:\/\/www.cegh.at\/cz\/wp-json\/wp\/v2\/comments?post=82910"}],"version-history":[{"count":21,"href":"https:\/\/www.cegh.at\/cz\/wp-json\/wp\/v2\/pages\/82910\/revisions"}],"predecessor-version":[{"id":940195,"href":"https:\/\/www.cegh.at\/cz\/wp-json\/wp\/v2\/pages\/82910\/revisions\/940195"}],"up":[{"embeddable":true,"href":"https:\/\/www.cegh.at\/cz\/wp-json\/wp\/v2\/pages\/82906"}],"wp:attachment":[{"href":"https:\/\/www.cegh.at\/cz\/wp-json\/wp\/v2\/media?parent=82910"}],"curies":[{"name":"wp","href":"https:\/\/api.w.org\/{rel}","templated":true}]}}