{"id":82914,"date":"2023-03-14T10:29:49","date_gmt":"2023-03-14T09:29:49","guid":{"rendered":"https:\/\/www.cegh.at\/sluzby\/platformy-cegh\/platforma-cegh-remit\/"},"modified":"2024-03-21T10:59:38","modified_gmt":"2024-03-21T09:59:38","slug":"platforma-cegh-remit","status":"publish","type":"page","link":"https:\/\/www.cegh.at\/cz\/sluzby\/platformy-cegh\/platforma-cegh-remit\/","title":{"rendered":"Platforma CEGH REMIT"},"content":{"rendered":"\n\n\n\n\n\n\n\n\n\n\n\n    \n\n\n\n\n\n\n\n\n\n\n\n\n\n\n\n\n\n\n\n\n                    \n            <div class=\"ce ce-text pb-0\n         ce--mb-small                          ce--sp-small          ce--full\n             u-bgColor-white \"\n             id=\"block_7adabc74e3daec72bcda0ec715cf13ee\">\n                                    <div class=\"container-fluid\">\n                            <div class=\"row\">\n                    <div class=\"cc-text__text col-12 col-md-12 col-xl-12 mx-auto text-left\">\n                        <div class=\"ce-textblock\" data-animation=\"true\" data-animation-duration=\"300\">\n    <div class=\"ce-textblock__text\">\n                    <p class=\"ce-textblock__topline\">Slu\u017eby<\/p>\n                            <h1 class=\"\"> Platforma CEGH REMIT <\/h1>\n                <p>&nbsp;<\/p>\n<p class=\"large\">Jako dal\u0161\u00ed slu\u017ebu nab\u00edz\u00ed spole\u010dnost CEGH webovou platformu pro zve\u0159ej\u0148ov\u00e1n\u00ed intern\u00edch informac\u00ed. Obchodn\u00edci t\u00edm z\u00edsk\u00e1vaj\u00ed snadn\u00fd n\u00e1stroj k bezplatn\u00e9mu zve\u0159ej\u0148ov\u00e1n\u00ed informac\u00ed v re\u00e1ln\u00e9m \u010dase v souladu s p\u0159edpisy EU REMIT.<\/p>\n\n    <\/div>\n<\/div>\n                    <\/div>\n                <\/div>\n                        <\/div>\n                    <\/div>\n    \n        \n\n\n\n\n\n\n\n\n\n\n\n\n\n\n\n\n\n\n\n\n\n\n\n\n\n\n\n\n\n\n\n\n            \n        \n                    <div class=\"ce ce-cols ce-cols--2\n         ce--mb-small                                 \"\n                 id=\"block_5c35372d78d40eeae664a993bc523792\">\n                                    <div class=\"container-fluid\">\n                                        <div class=\"row\">\n                        <div class=\"col-12 col-lg-6 \">\n                            <!--HIER DIE SCHLEIFE MIT DEM CONTENT SPALTE 1-->\n                                                                                                                            \n\n\n\n\n\n\n\n\n\n\n\n\n\n\n\n\n\n\n\n\n\n\n\n\n\n\n\n\n\n\n                                            \n        \n        \n        \n    \n\n                    \n    \n\n                    \n            <div class=\"ce ce-text pb-0\n                                        \"\n             id=\"block_5c35372d78d40eeae664a993bc523792\">\n                                        <div class=\"row\">\n                    <div class=\"cc-text__text col-12 col-md-12 col-xl-12  text-justify\">\n                        <div class=\"ce-textblock\" data-animation=\"true\" data-animation-duration=\"300\">\n    <div class=\"ce-textblock__text\">\n                        <p>REMIT je zkratkou pro Regulation on Wholesale Energy Market Integrity and Transparency neboli Sm\u011brnice o Integrit\u011b a Transparentnosti Velkoobchodn\u00edho Trhu s Energi\u00ed. Jde o iniciativu EU pro v\u011bt\u0161\u00ed transparentnost na trhu s plynem. REMIT \u010cl\u00e1nek 4 vy\u017eaduje od \u00fa\u010dastn\u00edk\u016f trhu zve\u0159ej\u0148ov\u00e1n\u00ed d\u016fv\u011brn\u00fdch informac\u00ed efektivn\u00edm a v\u010dasn\u00fdm zp\u016fsobem. V opa\u010dn\u00e9m p\u0159\u00edpad\u011b mohou obchodn\u00edci podl\u00e9hat obchodn\u00edm omezen\u00edm \u010di trestn\u00edmu st\u00edh\u00e1n\u00ed.<\/p>\n<p>Platforma CEGH REMIT je projekt podporovan\u00fd a schv\u00e1len\u00fd rakousk\u00fdm energetick\u00fdm regul\u00e1torem &#8220;Energie-Control Austria (E-Control)&#8221; a zahrnuje nejnov\u011bj\u0161\u00ed po\u017eadavky ACER.<\/p>\n<p>Registrace a pou\u017e\u00edv\u00e1n\u00ed platformy je zdarma.<\/p>\n\n    <\/div>\n<\/div>\n                    <\/div>\n                <\/div>\n                    <\/div>\n    \n                                                                    \n                        <\/div>\n                        <div class=\"col-12 col-lg-6 \">\n                            <!--HIER DIE SCHLEIFE MIT DEM CONTENT SPALTE 2-->\n                                                                                                                            \n\n\n\n\n\n\n\n\n\n\n\n\n\n\n\n\n\n\n\n\n\n\n\n\n\n\n\n\n\n\n                                            \n        \n        \n        \n    \n\n                    \n    \n\n                    \n            <div class=\"ce ce-text pb-0\n                                        \"\n             id=\"block_5c35372d78d40eeae664a993bc523792\">\n                                        <div class=\"row\">\n                    <div class=\"cc-text__text col-12 col-md-12 col-xl-12  text-justify\">\n                        <div class=\"ce-textblock\" data-animation=\"true\" data-animation-duration=\"300\">\n    <div class=\"ce-textblock__text\">\n                        <p>Po registraci mohou v\u0161ichni \u00fa\u010dastn\u00edci trhu zve\u0159ej\u0148ovat informace. Neregistrovan\u00ed z\u00e1kazn\u00edci disponuj\u00ed pouze tzv. \u010dtec\u00edm re\u017eimem na platform\u011b CEGH REMIT, co\u017e jim umo\u017e\u0148uje shroma\u017e\u010fovat informace.<\/p>\n<p class=\"p1\">C\u00edlem je podporovat \u00fa\u010dinn\u00fd a transparentn\u00ed trh s energi\u00ed a nab\u00eddnout \u00fa\u010dastn\u00edk\u016fm trhu centr\u00e1ln\u00ed platformu pro efektivn\u00ed zve\u0159ej\u0148ov\u00e1n\u00ed a vyhled\u00e1v\u00e1n\u00ed d\u016fv\u011brn\u00fdch informac\u00ed o zemn\u00edm plynu ve st\u0159edn\u00ed a v\u00fdchodn\u00ed Evrop\u011b.<\/p>\n<p class=\"p1\">C\u00edlem CEGH je poskytovat tuto platformu REMIT v Evrop\u011b jako centr\u00e1ln\u00ed m\u00edsto pro zasv\u011bcen\u00e9 informace a vytvo\u0159it slu\u017ebu, kter\u00e1 bude p\u0159\u00ednosem pro \u00fa\u010dastn\u00edky trhu.<\/p>\n\n    <\/div>\n<\/div>\n                    <\/div>\n                <\/div>\n                    <\/div>\n    \n                                                                                            <\/div>\n                    <\/div>\n                <\/div>\n            <\/div>\n                        \n\n\n\n\n\n\n\n\n\n\n\n\n\n\n\n\n\n\n\n\n\n\n\n\n\n\n\n\n\n\n\n\n                    \n            <div class=\"ce ce-text pb-0\n         ce--mb-standard                                 \"\n             id=\"block_7d4c8034976c9f799ce0ce2ee668af8e\">\n                                    <div class=\"container-fluid\">\n                            <div class=\"row\">\n                    <div class=\"cc-text__text col-12 col-md-12 col-xl-12 mx-auto text-left\">\n                        <div class=\"ce-textblock\" data-animation=\"true\" data-animation-duration=\"300\">\n    <div class=\"ce-textblock__text\">\n                        <p>&nbsp;<\/p>\n<p style=\"text-align: center;\">V\u0161echny informace t\u00fdkaj\u00edc\u00ed se centr\u00e1ln\u00ed platformy REMIT spole\u010dnosti CEGH najdete na<\/p>\n<p>&nbsp;<\/p>\n<p style=\"text-align: center;\"><a class=\"btn btn--secondary btn--icon btn--icon--right btn--large\" href=\"https:\/\/www.gashub.at\/remit\"><span class=\"s1\"><b>Platforma REMIT<\/b><\/span><\/a><\/p>\n\n    <\/div>\n<\/div>\n                    <\/div>\n                <\/div>\n                        <\/div>\n                    <\/div>\n    \n        ","protected":false},"excerpt":{"rendered":"","protected":false},"author":4,"featured_media":0,"parent":82906,"menu_order":0,"comment_status":"closed","ping_status":"closed","template":"","meta":{"_acf_changed":false,"content-type":"","footnotes":""},"class_list":["post-82914","page","type-page","status-publish","hentry"],"acf":[],"yoast_head":"<!-- This site is optimized with the Yoast SEO plugin v27.3 - https:\/\/yoast.com\/product\/yoast-seo-wordpress\/ -->\n<title>Platforma CEGH REMIT - CEGH<\/title>\n<meta name=\"description\" content=\"Objevte platformu CEGH REMIT, transparentn\u00ed platformu pro zve\u0159ej\u0148ov\u00e1n\u00ed informac\u00ed v souladu s p\u0159edpisy REMIT.\" \/>\n<meta name=\"robots\" content=\"index, follow, max-snippet:-1, max-image-preview:large, max-video-preview:-1\" \/>\n<link rel=\"canonical\" href=\"https:\/\/www.cegh.at\/cz\/sluzby\/platformy-cegh\/platforma-cegh-remit\/\" \/>\n<meta property=\"og:locale\" content=\"en_US\" \/>\n<meta property=\"og:type\" content=\"article\" \/>\n<meta property=\"og:title\" content=\"Platforma CEGH REMIT - CEGH\" \/>\n<meta property=\"og:description\" content=\"Objevte platformu CEGH REMIT, transparentn\u00ed platformu pro zve\u0159ej\u0148ov\u00e1n\u00ed informac\u00ed v souladu s p\u0159edpisy REMIT.\" \/>\n<meta property=\"og:url\" content=\"https:\/\/www.cegh.at\/cz\/sluzby\/platformy-cegh\/platforma-cegh-remit\/\" \/>\n<meta property=\"og:site_name\" content=\"CEGH\" \/>\n<meta property=\"article:modified_time\" content=\"2024-03-21T09:59:38+00:00\" \/>\n<meta name=\"twitter:card\" content=\"summary_large_image\" \/>\n<script type=\"application\/ld+json\" class=\"yoast-schema-graph\">{\"@context\":\"https:\\\/\\\/schema.org\",\"@graph\":[{\"@type\":\"WebPage\",\"@id\":\"https:\\\/\\\/www.cegh.at\\\/cz\\\/sluzby\\\/platformy-cegh\\\/platforma-cegh-remit\\\/\",\"url\":\"https:\\\/\\\/www.cegh.at\\\/cz\\\/sluzby\\\/platformy-cegh\\\/platforma-cegh-remit\\\/\",\"name\":\"Platforma CEGH REMIT - CEGH\",\"isPartOf\":{\"@id\":\"https:\\\/\\\/www.cegh.at\\\/cz\\\/#website\"},\"datePublished\":\"2023-03-14T09:29:49+00:00\",\"dateModified\":\"2024-03-21T09:59:38+00:00\",\"description\":\"Objevte platformu CEGH REMIT, transparentn\u00ed platformu pro zve\u0159ej\u0148ov\u00e1n\u00ed informac\u00ed v souladu s p\u0159edpisy REMIT.\",\"breadcrumb\":{\"@id\":\"https:\\\/\\\/www.cegh.at\\\/cz\\\/sluzby\\\/platformy-cegh\\\/platforma-cegh-remit\\\/#breadcrumb\"},\"inLanguage\":\"cz-CZ\",\"potentialAction\":[{\"@type\":\"ReadAction\",\"target\":[\"https:\\\/\\\/www.cegh.at\\\/cz\\\/sluzby\\\/platformy-cegh\\\/platforma-cegh-remit\\\/\"]}]},{\"@type\":\"BreadcrumbList\",\"@id\":\"https:\\\/\\\/www.cegh.at\\\/cz\\\/sluzby\\\/platformy-cegh\\\/platforma-cegh-remit\\\/#breadcrumb\",\"itemListElement\":[{\"@type\":\"ListItem\",\"position\":1,\"name\":\"Home\",\"item\":\"https:\\\/\\\/www.cegh.at\\\/cz\\\/\"},{\"@type\":\"ListItem\",\"position\":2,\"name\":\"Slu\u017eby\",\"item\":\"https:\\\/\\\/www.cegh.at\\\/cz\\\/sluzby\\\/\"},{\"@type\":\"ListItem\",\"position\":3,\"name\":\"Platformy CEGH\",\"item\":\"https:\\\/\\\/www.cegh.at\\\/cz\\\/sluzby\\\/platformy-cegh\\\/\"},{\"@type\":\"ListItem\",\"position\":4,\"name\":\"Platforma CEGH REMIT\"}]},{\"@type\":\"WebSite\",\"@id\":\"https:\\\/\\\/www.cegh.at\\\/cz\\\/#website\",\"url\":\"https:\\\/\\\/www.cegh.at\\\/cz\\\/\",\"name\":\"CEGH\",\"description\":\"\",\"publisher\":{\"@id\":\"https:\\\/\\\/www.cegh.at\\\/cz\\\/#organization\"},\"potentialAction\":[{\"@type\":\"SearchAction\",\"target\":{\"@type\":\"EntryPoint\",\"urlTemplate\":\"https:\\\/\\\/www.cegh.at\\\/cz\\\/?s={search_term_string}\"},\"query-input\":{\"@type\":\"PropertyValueSpecification\",\"valueRequired\":true,\"valueName\":\"search_term_string\"}}],\"inLanguage\":\"cz-CZ\"},{\"@type\":\"Organization\",\"@id\":\"https:\\\/\\\/www.cegh.at\\\/cz\\\/#organization\",\"name\":\"CEGH\",\"url\":\"https:\\\/\\\/www.cegh.at\\\/cz\\\/\",\"logo\":{\"@type\":\"ImageObject\",\"inLanguage\":\"cz-CZ\",\"@id\":\"https:\\\/\\\/www.cegh.at\\\/cz\\\/#\\\/schema\\\/logo\\\/image\\\/\",\"url\":\"https:\\\/\\\/www.cegh.at\\\/wp-content\\\/uploads\\\/2023\\\/05\\\/Hauptlogo_RGB.jpg\",\"contentUrl\":\"https:\\\/\\\/www.cegh.at\\\/wp-content\\\/uploads\\\/2023\\\/05\\\/Hauptlogo_RGB.jpg\",\"width\":3333,\"height\":2500,\"caption\":\"CEGH\"},\"image\":{\"@id\":\"https:\\\/\\\/www.cegh.at\\\/cz\\\/#\\\/schema\\\/logo\\\/image\\\/\"}}]}<\/script>\n<!-- \/ Yoast SEO plugin. -->","yoast_head_json":{"title":"Platforma CEGH REMIT - CEGH","description":"Objevte platformu CEGH REMIT, transparentn\u00ed platformu pro zve\u0159ej\u0148ov\u00e1n\u00ed informac\u00ed v souladu s p\u0159edpisy REMIT.","robots":{"index":"index","follow":"follow","max-snippet":"max-snippet:-1","max-image-preview":"max-image-preview:large","max-video-preview":"max-video-preview:-1"},"canonical":"https:\/\/www.cegh.at\/cz\/sluzby\/platformy-cegh\/platforma-cegh-remit\/","og_locale":"en_US","og_type":"article","og_title":"Platforma CEGH REMIT - CEGH","og_description":"Objevte platformu CEGH REMIT, transparentn\u00ed platformu pro zve\u0159ej\u0148ov\u00e1n\u00ed informac\u00ed v souladu s p\u0159edpisy REMIT.","og_url":"https:\/\/www.cegh.at\/cz\/sluzby\/platformy-cegh\/platforma-cegh-remit\/","og_site_name":"CEGH","article_modified_time":"2024-03-21T09:59:38+00:00","twitter_card":"summary_large_image","schema":{"@context":"https:\/\/schema.org","@graph":[{"@type":"WebPage","@id":"https:\/\/www.cegh.at\/cz\/sluzby\/platformy-cegh\/platforma-cegh-remit\/","url":"https:\/\/www.cegh.at\/cz\/sluzby\/platformy-cegh\/platforma-cegh-remit\/","name":"Platforma CEGH REMIT - CEGH","isPartOf":{"@id":"https:\/\/www.cegh.at\/cz\/#website"},"datePublished":"2023-03-14T09:29:49+00:00","dateModified":"2024-03-21T09:59:38+00:00","description":"Objevte platformu CEGH REMIT, transparentn\u00ed platformu pro zve\u0159ej\u0148ov\u00e1n\u00ed informac\u00ed v souladu s p\u0159edpisy REMIT.","breadcrumb":{"@id":"https:\/\/www.cegh.at\/cz\/sluzby\/platformy-cegh\/platforma-cegh-remit\/#breadcrumb"},"inLanguage":"cz-CZ","potentialAction":[{"@type":"ReadAction","target":["https:\/\/www.cegh.at\/cz\/sluzby\/platformy-cegh\/platforma-cegh-remit\/"]}]},{"@type":"BreadcrumbList","@id":"https:\/\/www.cegh.at\/cz\/sluzby\/platformy-cegh\/platforma-cegh-remit\/#breadcrumb","itemListElement":[{"@type":"ListItem","position":1,"name":"Home","item":"https:\/\/www.cegh.at\/cz\/"},{"@type":"ListItem","position":2,"name":"Slu\u017eby","item":"https:\/\/www.cegh.at\/cz\/sluzby\/"},{"@type":"ListItem","position":3,"name":"Platformy CEGH","item":"https:\/\/www.cegh.at\/cz\/sluzby\/platformy-cegh\/"},{"@type":"ListItem","position":4,"name":"Platforma CEGH REMIT"}]},{"@type":"WebSite","@id":"https:\/\/www.cegh.at\/cz\/#website","url":"https:\/\/www.cegh.at\/cz\/","name":"CEGH","description":"","publisher":{"@id":"https:\/\/www.cegh.at\/cz\/#organization"},"potentialAction":[{"@type":"SearchAction","target":{"@type":"EntryPoint","urlTemplate":"https:\/\/www.cegh.at\/cz\/?s={search_term_string}"},"query-input":{"@type":"PropertyValueSpecification","valueRequired":true,"valueName":"search_term_string"}}],"inLanguage":"cz-CZ"},{"@type":"Organization","@id":"https:\/\/www.cegh.at\/cz\/#organization","name":"CEGH","url":"https:\/\/www.cegh.at\/cz\/","logo":{"@type":"ImageObject","inLanguage":"cz-CZ","@id":"https:\/\/www.cegh.at\/cz\/#\/schema\/logo\/image\/","url":"https:\/\/www.cegh.at\/wp-content\/uploads\/2023\/05\/Hauptlogo_RGB.jpg","contentUrl":"https:\/\/www.cegh.at\/wp-content\/uploads\/2023\/05\/Hauptlogo_RGB.jpg","width":3333,"height":2500,"caption":"CEGH"},"image":{"@id":"https:\/\/www.cegh.at\/cz\/#\/schema\/logo\/image\/"}}]}},"_links":{"self":[{"href":"https:\/\/www.cegh.at\/cz\/wp-json\/wp\/v2\/pages\/82914","targetHints":{"allow":["GET"]}}],"collection":[{"href":"https:\/\/www.cegh.at\/cz\/wp-json\/wp\/v2\/pages"}],"about":[{"href":"https:\/\/www.cegh.at\/cz\/wp-json\/wp\/v2\/types\/page"}],"author":[{"embeddable":true,"href":"https:\/\/www.cegh.at\/cz\/wp-json\/wp\/v2\/users\/4"}],"replies":[{"embeddable":true,"href":"https:\/\/www.cegh.at\/cz\/wp-json\/wp\/v2\/comments?post=82914"}],"version-history":[{"count":6,"href":"https:\/\/www.cegh.at\/cz\/wp-json\/wp\/v2\/pages\/82914\/revisions"}],"predecessor-version":[{"id":529434,"href":"https:\/\/www.cegh.at\/cz\/wp-json\/wp\/v2\/pages\/82914\/revisions\/529434"}],"up":[{"embeddable":true,"href":"https:\/\/www.cegh.at\/cz\/wp-json\/wp\/v2\/pages\/82906"}],"wp:attachment":[{"href":"https:\/\/www.cegh.at\/cz\/wp-json\/wp\/v2\/media?parent=82914"}],"curies":[{"name":"wp","href":"https:\/\/api.w.org\/{rel}","templated":true}]}}