{"id":82918,"date":"2023-03-14T10:30:13","date_gmt":"2023-03-14T09:30:13","guid":{"rendered":"https:\/\/www.cegh.at\/sluzby\/platformy-cegh\/marketingova-platforma-pro-zasobnik-plynu-cegh\/"},"modified":"2025-04-17T15:40:24","modified_gmt":"2025-04-17T13:40:24","slug":"marketingova-platforma-pro-zasobnik-plynu-cegh","status":"publish","type":"page","link":"https:\/\/www.cegh.at\/cz\/sluzby\/platformy-cegh\/marketingova-platforma-pro-zasobnik-plynu-cegh\/","title":{"rendered":"Marketingov\u00e1 platforma pro z\u00e1sobn\u00edk plynu CEGH"},"content":{"rendered":"\n\n\n\n\n\n\n\n\n\n\n\n    \n\n\n\n\n\n\n\n\n\n\n\n\n\n\n\n\n\n\n\n\n                    \n            <div class=\"ce ce-text pb-0\n         ce--mb-small                          ce--sp-small          ce--full\n             u-bgColor-white \"\n             id=\"block_cf030f0c9cacf7e5762cb8fab5ca5cef\">\n                                    <div class=\"container-fluid\">\n                            <div class=\"row\">\n                    <div class=\"cc-text__text col-12 col-md-12 col-xl-12 mx-auto text-left\">\n                        <div class=\"ce-textblock\" data-animation=\"true\" data-animation-duration=\"300\">\n    <div class=\"ce-textblock__text\">\n                    <p class=\"ce-textblock__topline\">Slu\u017eby<\/p>\n                            <h1 class=\"\"> CEGH Gas Storage Marketing Platform <\/h1>\n                <p>&nbsp;<\/p>\n<p><strong>SLU\u017dBY PRO MARKETINGOVOU PLATFORMU PRO SKLADOV\u00c1N\u00cd PLYNU CEGH:<\/strong><\/p>\n<p>Spole\u010dnost CEGH nab\u00edz\u00ed marketingovou platformu pro skladov\u00e1n\u00ed plynu CEGH, kter\u00e1 podporuje bezpe\u010dnost dod\u00e1vek v Rakousku a poskytuje spole\u010dnostem platformu pro zve\u0159ej\u0148ov\u00e1n\u00ed nab\u00eddek a popt\u00e1vek na skladov\u00e1n\u00ed.<br \/>\nD\u00edky z\u00e1konn\u00e9 \u00faprav\u011b si mohou pr\u016fmyslov\u00ed z\u00e1kazn\u00edci zajistit dod\u00e1vky plynu vyu\u017eit\u00edm z\u00e1sobn\u00edk\u016f plynu a\u017e do v\u00fd\u0161e 50 % sv\u00e9 ro\u010dn\u00ed spot\u0159eby v dom\u00e1cnostech.<\/p>\n<p>Pr\u016fmyslov\u00ed z\u00e1kazn\u00edci, dodavatel\u00e9 a dal\u0161\u00ed spole\u010dnosti mohou zve\u0159ej\u0148ovat po\u017eadavky na skladovac\u00ed kapacity prost\u0159ednictv\u00edm marketingov\u00e9 platformy pro skladov\u00e1n\u00ed plynu spole\u010dnosti CEGH. Tyto po\u017eadavky jsou p\u0159ed\u00e1v\u00e1ny v\u0161em registrovan\u00fdm \u010dlen\u016fm. \u010clenov\u00e9, kte\u0159\u00ed mohou poskytnout vhodn\u00e9 nab\u00eddky, na po\u017eadavek reaguj\u00ed p\u0159\u00edmo na platform\u011b. Smlouva se v\u0161ak uzav\u00edr\u00e1 dvoustrann\u011b a mimo platformu mezi z\u00fa\u010dastn\u011bn\u00fdmi stranami.   <\/p>\n<p>Nab\u00eddka CEGH je pro v\u0161echny \u00fa\u010dastn\u00edky trhu s plynem d\u016fle\u017eit\u00fdm n\u00e1strojem pro zabezpe\u010den\u00ed dod\u00e1vek v mimo\u0159\u00e1dn\u00fdch situac\u00edch nebo p\u0159i p\u0159eru\u0161en\u00ed dod\u00e1vek a slou\u017e\u00ed jako u\u017eite\u010dn\u00fd dopln\u011bk standardn\u00edch funkc\u00ed uv\u00e1d\u011bn\u00ed kapacit prim\u00e1rn\u00edch a sekund\u00e1rn\u00edch z\u00e1sobn\u00edk\u016f plynu na trh.<\/p>\n<p>Marketingov\u00e1 platforma pro skladov\u00e1n\u00ed plynu CEGH poskytuje dal\u0161\u00ed podporu, zejm\u00e9na pr\u016fmyslov\u00fdm z\u00e1kazn\u00edk\u016fm, aby mohli vyu\u017e\u00edt v\u00fdhod novely z\u00e1kona, a to i bez hlub\u0161\u00edch znalost\u00ed trhu s plynem nebo vlastn\u00ed registrace na velkoobchodn\u00edm trhu s plynem. Krom\u011b skladovac\u00ed kapacity je mo\u017en\u00e9 pod\u00e1vat tak\u00e9 n\u00e1sleduj\u00edc\u00ed \u017e\u00e1dosti: <\/p>\n<ul>\n<li>Po\u017eadavky na skladovan\u00fd plyn (nejen na skladovac\u00ed kapacitu)<\/li>\n<li>Slu\u017eba pro snadn\u00e9 vyu\u017eit\u00ed skladovac\u00ed kapacity (&#8220;slu\u017eba vyrovn\u00e1vac\u00ed skupiny&#8221;)<\/li>\n<\/ul>\n\n    <\/div>\n<\/div>\n                    <\/div>\n                <\/div>\n                        <\/div>\n                    <\/div>\n    \n        \n\n\n\n\n\n\n\n\n\n\n\n    \n\n\n\n\n\n\n\n\n\n\n\n\n\n\n\n\n\n\n\n\n                    \n            <div class=\"ce ce-text pb-0\n         ce--mb-small          ce--contrast                  ce--sp-xsmall          ce--full\n             u-bgColor-text-theme-blue \"\n             id=\"block_22ab76a006e597a552fab8139497a566\">\n                                    <div class=\"container-fluid\">\n                            <div class=\"row\">\n                    <div class=\"cc-text__text col-12 col-md-12 col-xl-12 mx-auto text-left\">\n                        <div class=\"ce-textblock\" data-animation=\"true\" data-animation-duration=\"300\">\n    <div class=\"ce-textblock__text\">\n                            <h6 class=\"\"> REGISTRACE A POU\u017d\u00cdV\u00c1N\u00cd: <\/h6>\n                <p>Spole\u010dnosti, kter\u00e9 cht\u011bj\u00ed zve\u0159ej\u0148ovat nab\u00eddky nebo popt\u00e1vky, mus\u00ed tuto skute\u010dnost uv\u00e9st p\u0159i registraci, aby se funkce aktivovala. Ji\u017e registrovan\u00e9 spole\u010dnosti, kter\u00e9 si rovn\u011b\u017e p\u0159ej\u00ed zve\u0159ej\u0148ovat nab\u00eddky nebo \u017e\u00e1dosti, by m\u011bly kontaktovat p\u0159\u00edmo spole\u010dnost CEGH, aby tuto funkci aktivovala. <\/p>\n<p>Touto slu\u017ebou chce spole\u010dnost CEGH podpo\u0159it trh a pr\u016fmysl v n\u00e1ro\u010dn\u00fdch obdob\u00edch. \u017d\u00e1dosti o skladovac\u00ed kapacitu a uskladn\u011bn\u00fd plyn mohou b\u00fdt a\u017e do odvol\u00e1n\u00ed zve\u0159ej\u0148ov\u00e1ny bezplatn\u011b. Upozor\u0148ujeme, \u017ee toto osvobozen\u00ed od poplatk\u016f se nevztahuje na zve\u0159ej\u0148ov\u00e1n\u00ed nab\u00eddek skladovac\u00ed kapacity nebo uskladn\u011bn\u00e9ho plynu na platform\u011b.  <\/p>\n\n    <\/div>\n<\/div>\n                    <\/div>\n                <\/div>\n                        <\/div>\n                    <\/div>\n    \n        \n\n\n\n\n\n\n\n\n\n\n\n\n\n\n\n\n\n\n\n\n\n\n\n\n\n\n\n\n\n\n\n\n                    \n            <div class=\"ce ce-text pb-0\n         ce--mb-small                                 \"\n             id=\"block_2313dbab2c4fe581936e7024988a06f7\">\n                                    <div class=\"container-fluid\">\n                            <div class=\"row\">\n                    <div class=\"cc-text__text col-12 col-md-12 col-xl-12 mx-auto text-left\">\n                        <div class=\"ce-textblock\" data-animation=\"true\" data-animation-duration=\"300\">\n    <div class=\"ce-textblock__text\">\n                            <h6 class=\"\"> CO JE MARKETINGOV\u00c1 PLATFORMA PRO SKLADOV\u00c1N\u00cd PLYNU CEGH? <\/h6>\n                <p>CEGH poskytuje provozovatel\u016fm z\u00e1sobn\u00edk\u016f plynu a z\u00e1kazn\u00edk\u016fm se skladovac\u00ed kapacitou platformu pro zve\u0159ej\u0148ov\u00e1n\u00ed jejich kapacit (prim\u00e1rn\u00edch a sekund\u00e1rn\u00edch). Provozovatel\u00e9 z\u00e1sobn\u00edk\u016f plynu a jejich z\u00e1kazn\u00edci mohou zve\u0159ej\u0148ovat sv\u00e9 dostupn\u00e9 kapacity a z\u00e1kazn\u00edci, kte\u0159\u00ed maj\u00ed z\u00e1jem o skladov\u00e1n\u00ed, mohou zve\u0159ej\u0148ovat sv\u00e9 nab\u00eddky prost\u0159ednictv\u00edm marketingov\u00e9 platformy CEGH pro skladov\u00e1n\u00ed plynu. <\/p>\n<p>P\u0159id\u011blov\u00e1n\u00ed kapacity prov\u00e1d\u011bj\u00ed provozovatel\u00e9 z\u00e1sobn\u00edk\u016f plynu nebo spole\u010dnost, kter\u00e1 nab\u00eddku vytvo\u0159ila. Smlouva se uzav\u00edr\u00e1 dvoustrann\u011b mezi smluvn\u00edmi stranami mimo platformu. <\/p>\n<p class=\"p1\"><span style=\"color: #003366;\"><b>Provozovatel\u00e9 sklad\u016f <span class=\"NormalTextRun TrackChangeHoverSelectHighlightOlive SCXW100762863 BCX0\">a z\u00e1kazn\u00edci se skladovac\u00ed <\/span><span class=\"NormalTextRun TrackChangeHoverSelectHighlightOlive SCXW100762863 BCX0\">kapacitou<\/span>:<\/b><\/span><\/p>\n<ul>\n<li>M\u016f\u017ee zve\u0159ejnit voln\u00e9 kapacity s podrobn\u00fdm popisem (v\u010detn\u011b nahr\u00e1n\u00ed dokumentu) nab\u00edzen\u00e9ho produktu pro ukl\u00e1d\u00e1n\u00ed, jako\u017e i datum a \u010das zve\u0159ejn\u011bn\u00ed nab\u00eddek, s mo\u017enost\u00ed povolit nab\u00eddky odli\u0161n\u00e9 od zve\u0159ejn\u011bn\u00fdch specifikac\u00ed.<\/li>\n<li>shroma\u017e\u010fov\u00e1n\u00ed nab\u00eddek od registrovan\u00fdch z\u00e1kazn\u00edk\u016f, kte\u0159\u00ed se \u00fa\u010dastn\u00ed \u010dlensk\u00e9 z\u00f3ny marketingov\u00e9 platformy pro skladov\u00e1n\u00ed plynu CEGH.<\/li>\n<li>Pot\u00e9 uzav\u0159ete smlouvu oboustrann\u011b mimo platformu.<\/li>\n<\/ul>\n<p class=\"p1\"><span style=\"color: #003366;\"><b>Z\u00e1kazn\u00edci\/u\u017eivatel\u00e9 platformy:<\/b><\/span><\/p>\n<ul>\n<li>Mohou se p\u0159ihl\u00e1sit k odb\u011bru upozorn\u011bn\u00ed na zve\u0159ejn\u011bn\u00ed: obdr\u017e\u00ed e-mail, jakmile provozovatel \u00falo\u017ei\u0161t\u011b nebo spole\u010dnost zve\u0159ejn\u00ed na platform\u011b novou nab\u00eddku nebo popt\u00e1vku.<\/li>\n<li>Pro zad\u00e1v\u00e1n\u00ed nab\u00eddek na platform\u011b se mus\u00edte zaregistrovat.<\/li>\n<li>Tyto slu\u017eby m\u016f\u017eete vyu\u017e\u00edvat bezplatn\u011b.<\/li>\n<\/ul>\n<p><span style=\"color: #003366;\"><strong>V\u00fdhody:<\/strong><\/span><\/p>\n<ul>\n<li>Platforma se snadn\u00fdm p\u0159\u00edstupem ke v\u0161em \u00fa\u010dastn\u00edk\u016fm trhu<\/li>\n<li>Jednoduch\u00fd p\u0159\u00edstup pro v\u0161echny zainteresovan\u00e9 spole\u010dnosti<\/li>\n<li>CEGH jako spolehliv\u00fd, d\u016fv\u011bryhodn\u00fd a zn\u00e1m\u00fd partner.<\/li>\n<li>Zdarma pro z\u00e1kazn\u00edky \u00fa\u010dastn\u00edc\u00ed se nab\u00eddek nebo popt\u00e1vek<\/li>\n<\/ul>\n\n    <\/div>\n<\/div>\n                    <\/div>\n                <\/div>\n                        <\/div>\n                    <\/div>\n    \n        \n\n\n\n\n\n\n\n\n\n\n\n\n\n\n\n\n\n\n\n\n\n\n\n\n\n\n\n\n\n\n\n\n                    \n            <div class=\"ce ce-text pb-0\n         ce--mb-standard                                 \"\n             id=\"block_83ac4a2863ad40a5ec8d45a20409baae\">\n                                    <div class=\"container-fluid\">\n                            <div class=\"row\">\n                    <div class=\"cc-text__text col-12 col-md-12 col-xl-12 mx-auto text-left\">\n                        <div class=\"ce-textblock\" data-animation=\"true\" data-animation-duration=\"300\">\n    <div class=\"ce-textblock__text\">\n                        <p class=\"p1\" style=\"text-align: left;\">Dal\u0161\u00ed informace nebo registraci naleznete na str\u00e1nk\u00e1ch <a href=\"http:\/\/www.gashub.at\/storagemarketing\"><strong>Marketingov\u00e1 platforma pro skladov\u00e1n\u00ed plynu<\/strong><\/a> p\u0159\u00edmo<\/p>\n<p class=\"p1\" style=\"text-align: left;\">nebo n\u00e1s kontaktujte na tel.: <a class=\"u-color-text-theme-blue\" href=\"tel:%20+43%201%20270%202700%2028520\">+43 1 270270028520<\/a> nebo e-mailem: <a class=\"u-color-text-theme-blue\" href=\"mailto:storageplatform@cegh.at\"><span class=\"s2\">storageplatform@cegh.at<\/span><\/a><\/p>\n<p class=\"p2\" style=\"text-align: left;\"><span class=\"s3\"><br \/>\n<a class=\"btn btn--secondary btn--icon btn--icon--right btn--large\" href=\"http:\/\/www.gashub.at\/storagemarketing\"><b>CEGH Gas Storage Marketing Platform<\/b><\/a><\/span><\/p>\n\n    <\/div>\n<\/div>\n                    <\/div>\n                <\/div>\n                        <\/div>\n                    <\/div>\n    \n        ","protected":false},"excerpt":{"rendered":"","protected":false},"author":4,"featured_media":0,"parent":82906,"menu_order":0,"comment_status":"closed","ping_status":"closed","template":"","meta":{"_acf_changed":false,"content-type":"","footnotes":""},"class_list":["post-82918","page","type-page","status-publish","hentry"],"acf":[],"yoast_head":"<!-- This site is optimized with the Yoast SEO plugin v27.3 - https:\/\/yoast.com\/product\/yoast-seo-wordpress\/ -->\n<title>Marketingov\u00e1 platforma pro z\u00e1sobn\u00edk plynu CEGH - CEGH<\/title>\n<meta name=\"description\" content=\"Objevte roz\u0161\u00ed\u0159en\u00e9 slu\u017eby platformy pro skladov\u00e1n\u00ed plynu CEGH. \u017d\u00e1dat a nakupovat skladovac\u00ed kapacity a p\u0159\u00edstupov\u00e9 manipula\u010dn\u00ed slu\u017eby.\" \/>\n<meta name=\"robots\" content=\"index, follow, max-snippet:-1, max-image-preview:large, max-video-preview:-1\" \/>\n<link rel=\"canonical\" href=\"https:\/\/www.cegh.at\/cz\/sluzby\/platformy-cegh\/marketingova-platforma-pro-zasobnik-plynu-cegh\/\" \/>\n<meta property=\"og:locale\" content=\"en_US\" \/>\n<meta property=\"og:type\" content=\"article\" \/>\n<meta property=\"og:title\" content=\"Marketingov\u00e1 platforma pro z\u00e1sobn\u00edk plynu CEGH - CEGH\" \/>\n<meta property=\"og:description\" content=\"Objevte roz\u0161\u00ed\u0159en\u00e9 slu\u017eby platformy pro skladov\u00e1n\u00ed plynu CEGH. \u017d\u00e1dat a nakupovat skladovac\u00ed kapacity a p\u0159\u00edstupov\u00e9 manipula\u010dn\u00ed slu\u017eby.\" \/>\n<meta property=\"og:url\" content=\"https:\/\/www.cegh.at\/cz\/sluzby\/platformy-cegh\/marketingova-platforma-pro-zasobnik-plynu-cegh\/\" \/>\n<meta property=\"og:site_name\" content=\"CEGH\" \/>\n<meta property=\"article:modified_time\" content=\"2025-04-17T13:40:24+00:00\" \/>\n<meta name=\"twitter:card\" content=\"summary_large_image\" \/>\n<script type=\"application\/ld+json\" class=\"yoast-schema-graph\">{\"@context\":\"https:\\\/\\\/schema.org\",\"@graph\":[{\"@type\":\"WebPage\",\"@id\":\"https:\\\/\\\/www.cegh.at\\\/cz\\\/sluzby\\\/platformy-cegh\\\/marketingova-platforma-pro-zasobnik-plynu-cegh\\\/\",\"url\":\"https:\\\/\\\/www.cegh.at\\\/cz\\\/sluzby\\\/platformy-cegh\\\/marketingova-platforma-pro-zasobnik-plynu-cegh\\\/\",\"name\":\"Marketingov\u00e1 platforma pro z\u00e1sobn\u00edk plynu CEGH - CEGH\",\"isPartOf\":{\"@id\":\"https:\\\/\\\/www.cegh.at\\\/cz\\\/#website\"},\"datePublished\":\"2023-03-14T09:30:13+00:00\",\"dateModified\":\"2025-04-17T13:40:24+00:00\",\"description\":\"Objevte roz\u0161\u00ed\u0159en\u00e9 slu\u017eby platformy pro skladov\u00e1n\u00ed plynu CEGH. \u017d\u00e1dat a nakupovat skladovac\u00ed kapacity a p\u0159\u00edstupov\u00e9 manipula\u010dn\u00ed slu\u017eby.\",\"breadcrumb\":{\"@id\":\"https:\\\/\\\/www.cegh.at\\\/cz\\\/sluzby\\\/platformy-cegh\\\/marketingova-platforma-pro-zasobnik-plynu-cegh\\\/#breadcrumb\"},\"inLanguage\":\"cz-CZ\",\"potentialAction\":[{\"@type\":\"ReadAction\",\"target\":[\"https:\\\/\\\/www.cegh.at\\\/cz\\\/sluzby\\\/platformy-cegh\\\/marketingova-platforma-pro-zasobnik-plynu-cegh\\\/\"]}]},{\"@type\":\"BreadcrumbList\",\"@id\":\"https:\\\/\\\/www.cegh.at\\\/cz\\\/sluzby\\\/platformy-cegh\\\/marketingova-platforma-pro-zasobnik-plynu-cegh\\\/#breadcrumb\",\"itemListElement\":[{\"@type\":\"ListItem\",\"position\":1,\"name\":\"Home\",\"item\":\"https:\\\/\\\/www.cegh.at\\\/cz\\\/\"},{\"@type\":\"ListItem\",\"position\":2,\"name\":\"Slu\u017eby\",\"item\":\"https:\\\/\\\/www.cegh.at\\\/cz\\\/sluzby\\\/\"},{\"@type\":\"ListItem\",\"position\":3,\"name\":\"Platformy CEGH\",\"item\":\"https:\\\/\\\/www.cegh.at\\\/cz\\\/sluzby\\\/platformy-cegh\\\/\"},{\"@type\":\"ListItem\",\"position\":4,\"name\":\"Marketingov\u00e1 platforma pro z\u00e1sobn\u00edk plynu CEGH\"}]},{\"@type\":\"WebSite\",\"@id\":\"https:\\\/\\\/www.cegh.at\\\/cz\\\/#website\",\"url\":\"https:\\\/\\\/www.cegh.at\\\/cz\\\/\",\"name\":\"CEGH\",\"description\":\"\",\"publisher\":{\"@id\":\"https:\\\/\\\/www.cegh.at\\\/cz\\\/#organization\"},\"potentialAction\":[{\"@type\":\"SearchAction\",\"target\":{\"@type\":\"EntryPoint\",\"urlTemplate\":\"https:\\\/\\\/www.cegh.at\\\/cz\\\/?s={search_term_string}\"},\"query-input\":{\"@type\":\"PropertyValueSpecification\",\"valueRequired\":true,\"valueName\":\"search_term_string\"}}],\"inLanguage\":\"cz-CZ\"},{\"@type\":\"Organization\",\"@id\":\"https:\\\/\\\/www.cegh.at\\\/cz\\\/#organization\",\"name\":\"CEGH\",\"url\":\"https:\\\/\\\/www.cegh.at\\\/cz\\\/\",\"logo\":{\"@type\":\"ImageObject\",\"inLanguage\":\"cz-CZ\",\"@id\":\"https:\\\/\\\/www.cegh.at\\\/cz\\\/#\\\/schema\\\/logo\\\/image\\\/\",\"url\":\"https:\\\/\\\/www.cegh.at\\\/wp-content\\\/uploads\\\/2023\\\/05\\\/Hauptlogo_RGB.jpg\",\"contentUrl\":\"https:\\\/\\\/www.cegh.at\\\/wp-content\\\/uploads\\\/2023\\\/05\\\/Hauptlogo_RGB.jpg\",\"width\":3333,\"height\":2500,\"caption\":\"CEGH\"},\"image\":{\"@id\":\"https:\\\/\\\/www.cegh.at\\\/cz\\\/#\\\/schema\\\/logo\\\/image\\\/\"}}]}<\/script>\n<!-- \/ Yoast SEO plugin. -->","yoast_head_json":{"title":"Marketingov\u00e1 platforma pro z\u00e1sobn\u00edk plynu CEGH - CEGH","description":"Objevte roz\u0161\u00ed\u0159en\u00e9 slu\u017eby platformy pro skladov\u00e1n\u00ed plynu CEGH. \u017d\u00e1dat a nakupovat skladovac\u00ed kapacity a p\u0159\u00edstupov\u00e9 manipula\u010dn\u00ed slu\u017eby.","robots":{"index":"index","follow":"follow","max-snippet":"max-snippet:-1","max-image-preview":"max-image-preview:large","max-video-preview":"max-video-preview:-1"},"canonical":"https:\/\/www.cegh.at\/cz\/sluzby\/platformy-cegh\/marketingova-platforma-pro-zasobnik-plynu-cegh\/","og_locale":"en_US","og_type":"article","og_title":"Marketingov\u00e1 platforma pro z\u00e1sobn\u00edk plynu CEGH - CEGH","og_description":"Objevte roz\u0161\u00ed\u0159en\u00e9 slu\u017eby platformy pro skladov\u00e1n\u00ed plynu CEGH. \u017d\u00e1dat a nakupovat skladovac\u00ed kapacity a p\u0159\u00edstupov\u00e9 manipula\u010dn\u00ed slu\u017eby.","og_url":"https:\/\/www.cegh.at\/cz\/sluzby\/platformy-cegh\/marketingova-platforma-pro-zasobnik-plynu-cegh\/","og_site_name":"CEGH","article_modified_time":"2025-04-17T13:40:24+00:00","twitter_card":"summary_large_image","schema":{"@context":"https:\/\/schema.org","@graph":[{"@type":"WebPage","@id":"https:\/\/www.cegh.at\/cz\/sluzby\/platformy-cegh\/marketingova-platforma-pro-zasobnik-plynu-cegh\/","url":"https:\/\/www.cegh.at\/cz\/sluzby\/platformy-cegh\/marketingova-platforma-pro-zasobnik-plynu-cegh\/","name":"Marketingov\u00e1 platforma pro z\u00e1sobn\u00edk plynu CEGH - CEGH","isPartOf":{"@id":"https:\/\/www.cegh.at\/cz\/#website"},"datePublished":"2023-03-14T09:30:13+00:00","dateModified":"2025-04-17T13:40:24+00:00","description":"Objevte roz\u0161\u00ed\u0159en\u00e9 slu\u017eby platformy pro skladov\u00e1n\u00ed plynu CEGH. \u017d\u00e1dat a nakupovat skladovac\u00ed kapacity a p\u0159\u00edstupov\u00e9 manipula\u010dn\u00ed slu\u017eby.","breadcrumb":{"@id":"https:\/\/www.cegh.at\/cz\/sluzby\/platformy-cegh\/marketingova-platforma-pro-zasobnik-plynu-cegh\/#breadcrumb"},"inLanguage":"cz-CZ","potentialAction":[{"@type":"ReadAction","target":["https:\/\/www.cegh.at\/cz\/sluzby\/platformy-cegh\/marketingova-platforma-pro-zasobnik-plynu-cegh\/"]}]},{"@type":"BreadcrumbList","@id":"https:\/\/www.cegh.at\/cz\/sluzby\/platformy-cegh\/marketingova-platforma-pro-zasobnik-plynu-cegh\/#breadcrumb","itemListElement":[{"@type":"ListItem","position":1,"name":"Home","item":"https:\/\/www.cegh.at\/cz\/"},{"@type":"ListItem","position":2,"name":"Slu\u017eby","item":"https:\/\/www.cegh.at\/cz\/sluzby\/"},{"@type":"ListItem","position":3,"name":"Platformy CEGH","item":"https:\/\/www.cegh.at\/cz\/sluzby\/platformy-cegh\/"},{"@type":"ListItem","position":4,"name":"Marketingov\u00e1 platforma pro z\u00e1sobn\u00edk plynu CEGH"}]},{"@type":"WebSite","@id":"https:\/\/www.cegh.at\/cz\/#website","url":"https:\/\/www.cegh.at\/cz\/","name":"CEGH","description":"","publisher":{"@id":"https:\/\/www.cegh.at\/cz\/#organization"},"potentialAction":[{"@type":"SearchAction","target":{"@type":"EntryPoint","urlTemplate":"https:\/\/www.cegh.at\/cz\/?s={search_term_string}"},"query-input":{"@type":"PropertyValueSpecification","valueRequired":true,"valueName":"search_term_string"}}],"inLanguage":"cz-CZ"},{"@type":"Organization","@id":"https:\/\/www.cegh.at\/cz\/#organization","name":"CEGH","url":"https:\/\/www.cegh.at\/cz\/","logo":{"@type":"ImageObject","inLanguage":"cz-CZ","@id":"https:\/\/www.cegh.at\/cz\/#\/schema\/logo\/image\/","url":"https:\/\/www.cegh.at\/wp-content\/uploads\/2023\/05\/Hauptlogo_RGB.jpg","contentUrl":"https:\/\/www.cegh.at\/wp-content\/uploads\/2023\/05\/Hauptlogo_RGB.jpg","width":3333,"height":2500,"caption":"CEGH"},"image":{"@id":"https:\/\/www.cegh.at\/cz\/#\/schema\/logo\/image\/"}}]}},"_links":{"self":[{"href":"https:\/\/www.cegh.at\/cz\/wp-json\/wp\/v2\/pages\/82918","targetHints":{"allow":["GET"]}}],"collection":[{"href":"https:\/\/www.cegh.at\/cz\/wp-json\/wp\/v2\/pages"}],"about":[{"href":"https:\/\/www.cegh.at\/cz\/wp-json\/wp\/v2\/types\/page"}],"author":[{"embeddable":true,"href":"https:\/\/www.cegh.at\/cz\/wp-json\/wp\/v2\/users\/4"}],"replies":[{"embeddable":true,"href":"https:\/\/www.cegh.at\/cz\/wp-json\/wp\/v2\/comments?post=82918"}],"version-history":[{"count":7,"href":"https:\/\/www.cegh.at\/cz\/wp-json\/wp\/v2\/pages\/82918\/revisions"}],"predecessor-version":[{"id":1043120,"href":"https:\/\/www.cegh.at\/cz\/wp-json\/wp\/v2\/pages\/82918\/revisions\/1043120"}],"up":[{"embeddable":true,"href":"https:\/\/www.cegh.at\/cz\/wp-json\/wp\/v2\/pages\/82906"}],"wp:attachment":[{"href":"https:\/\/www.cegh.at\/cz\/wp-json\/wp\/v2\/media?parent=82918"}],"curies":[{"name":"wp","href":"https:\/\/api.w.org\/{rel}","templated":true}]}}