{"id":82941,"date":"2023-03-14T10:31:59","date_gmt":"2023-03-14T09:31:59","guid":{"rendered":"https:\/\/www.cegh.at\/sluzby\/prezentace\/videa\/"},"modified":"2024-03-21T11:08:37","modified_gmt":"2024-03-21T10:08:37","slug":"videa","status":"publish","type":"page","link":"https:\/\/www.cegh.at\/cz\/sluzby\/prezentace\/videa\/","title":{"rendered":"Videa"},"content":{"rendered":"\n\n\n\n\n\n\n\n\n\n\n\n\n\n\n\n\n\n\n\n\n\n\n\n\n\n\n\n\n\n\n\n\n                    \n            <div class=\"ce ce-text pb-0\n         ce--mb-small          ce--contrast                  ce--sp-xsmall          ce--full\n             js-bgcontainer u-bg-cc  \"\n             id=\"block_833a111d11636d8f16e1c7dac0588492\">\n                                <figure>\n    <picture>\n        <source media=\"(min-width: 1440px)\" srcset=\"https:\/\/www.cegh.at\/wp-content\/uploads\/2023\/05\/MicrosoftTeams-image-3-1920x0-c-default.jpg\">\n        <source media=\"(min-width: 1200px)\" srcset=\"https:\/\/www.cegh.at\/wp-content\/uploads\/2023\/05\/MicrosoftTeams-image-3-1440x0-c-default.jpg\">\n        <source media=\"(min-width: 992px)\" srcset=\"https:\/\/www.cegh.at\/wp-content\/uploads\/2023\/05\/MicrosoftTeams-image-3-1200x0-c-default.jpg\">\n        <source media=\"(min-width: 768px)\" srcset=\"https:\/\/www.cegh.at\/wp-content\/uploads\/2023\/05\/MicrosoftTeams-image-3-992x0-c-default.jpg\">\n        <source media=\"(min-width: 576px)\" srcset=\"https:\/\/www.cegh.at\/wp-content\/uploads\/2023\/05\/MicrosoftTeams-image-3-768x0-c-default.jpg\">\n        <source media=\"(min-width: 320px)\" srcset=\"https:\/\/www.cegh.at\/wp-content\/uploads\/2023\/05\/MicrosoftTeams-image-3-576x0-c-default.jpg\">\n        <source srcset=\"https:\/\/www.cegh.at\/wp-content\/uploads\/2023\/05\/MicrosoftTeams-image-3-576x0-c-default.jpg\">\n        <img loading=\"lazy\" decoding=\"async\" src=\"https:\/\/www.cegh.at\/wp-content\/uploads\/2023\/05\/MicrosoftTeams-image-3-1920x0-c-default.jpg\" width=\"4000\"\n             height=\"3000\" alt=\"\" title=\"Man stands inside spiral abstraction on dark toned background\" class=\"img-fluid w-100 js-bgimage\">\n    <\/picture>\n<\/figure>\n                <div class=\"ce-text__gradient ce-text__gradient--center js-gradient\"><\/div>\n                <div class=\"ce-text__gradient--base\"><\/div>\n                                    <div class=\"container-fluid\">\n                            <div class=\"row\">\n                    <div class=\"cc-text__text col-12 col-md-12 col-xl-12 mx-auto text-left\">\n                        <div class=\"ce-textblock\" data-animation=\"true\" data-animation-duration=\"300\">\n    <div class=\"ce-textblock__text\">\n                    <p class=\"ce-textblock__topline\">Prezentace<\/p>\n                            <h1 class=\"\"> Videa <\/h1>\n                \n    <\/div>\n<\/div>\n                    <\/div>\n                <\/div>\n                        <\/div>\n                    <\/div>\n    \n        \n\n\n\n\n\n\n\n\n\n\n\n    \n\n\n\n\n\n\n\n\n\n\n\n\n\n\n\n\n\n\n\n            \n                                                        \n    \n        \n    \n                                                                             \n\n            <div class=\"ce ce-textvideo\n         ce--mb-small                  ce--contrast          ce--sp-0        ce--fullcontent                     ce--full\n                            u-bgColor-text-theme-blue\n                    \"\n             id=\"block_bf0bbe09d220b4ef98a660458669968b\">\n                                    <div class=\"container-fluid\">\n                                <div class=\"row\">\n                    <div\n                        class=\"ce-textvideo__text col-12 col-md-5 col-xl-5 mx-auto text-left order-1 offset-md-1 ce-textimage__text--right d-flex flex-column justify-content-center\">\n                        <div class=\"ce-textblock\" data-animation=\"true\" data-animation-duration=\"300\">\n    <div class=\"ce-textblock__text\">\n                        <h5 class=\"p1\">Video 15 let CEGH<\/h5>\n<p class=\"p1\">D\u011bkujeme, \u017ee jste sou\u010d\u00e1st\u00ed na\u0161\u00ed cesty od roku 2005.<\/p>\n<p class=\"p1\">Jsme hrd\u00ed na to, \u017ee slav\u00edme 15 let jako jedno z p\u0159edn\u00edch evropsk\u00fdch m\u00edst na trhu se zemn\u00edm plynem. Up\u0159\u00edmn\u011b se t\u011b\u0161\u00edme na z\u00e1\u0159nou budoucnost se spoustou nov\u00fdch slu\u017eeb a n\u00e1pad\u016f, d\u00edky kter\u00fdm bude obchodov\u00e1n\u00ed je\u0161t\u011b pohodln\u011bj\u0161\u00ed.<\/p>\n<p class=\"p1\">Pod\u00edvejte se na na\u0161e v\u00fdro\u010dn\u00ed video.<\/p>\n\n    <\/div>\n<\/div>\n                    <\/div>\n                    <div\n                        class=\"ce-textvideo__video col-12 col-md-6 col-xl-6 order-0 pr-0 pl-0 d-flex flex-column justify-content-center\"\n                        data-animation=\"fade-up\" data-animation-duration=\"300\">\n                        <div class=\"embed-responsive embed-responsive-16by9\">\n                                                             <div class=\"brlbs-cmpnt-container brlbs-cmpnt-content-blocker brlbs-cmpnt-with-individual-styles\" data-borlabs-cookie-content-blocker-id=\"youtube-content-blocker\" data-borlabs-cookie-content=\"PGlmcmFtZSBjbGFzcz0iZW1iZWQtcmVzcG9uc2l2ZS1pdGVtIiBpZD0iIgogICAgICAgICAgICAgICAgICAgICAgICAgICAgICAgICAgICAgICAgc3JjPSJodHRwczovL3d3dy55b3V0dWJlLW5vY29va2llLmNvbS9lbWJlZC9ZLXlkaXRaelVkOD9yZWw9MCIKICAgICAgICAgICAgICAgICAgICAgICAgICAgICAgICAgICAgICAgIGZyYW1lYm9yZGVyPSIwIiBhbGxvd2Z1bGxzY3JlZW49IiI+PC9pZnJhbWU+\"><div class=\"brlbs-cmpnt-cb-preset-c brlbs-cmpnt-cb-youtube\"> <div class=\"brlbs-cmpnt-cb-thumbnail\" style=\"background-image: url('https:\/\/www.cegh.at\/wp-content\/uploads\/borlabs-cookie\/1\/yt_Y-yditZzUd8_hqdefault.jpg')\"><\/div> <div class=\"brlbs-cmpnt-cb-main\"> <div class=\"brlbs-cmpnt-cb-play-button\"><\/div> <div class=\"brlbs-cmpnt-cb-content\"> <p class=\"brlbs-cmpnt-cb-description\">You are currently viewing a placeholder content from <strong>YouTube<\/strong>. To access the actual content, click the button below. Please note that doing so will share data with third-party providers.<\/p> <a class=\"brlbs-cmpnt-cb-provider-toggle\" href=\"#\" data-borlabs-cookie-show-provider-information role=\"button\">More Information<\/a> <\/div> <div class=\"brlbs-cmpnt-cb-buttons\"> <a class=\"brlbs-cmpnt-cb-btn\" href=\"#\" data-borlabs-cookie-unblock role=\"button\">Unblock content<\/a> <a class=\"brlbs-cmpnt-cb-btn\" href=\"#\" data-borlabs-cookie-accept-service role=\"button\" style=\"display: inherit\">Accept required service and unblock content<\/a> <\/div> <\/div> <\/div><\/div>\n                                                    <\/div>\n                    <\/div>\n                <\/div>\n                            <\/div>\n                    <\/div>\n    \n        \n\n\n\n\n\n\n\n\n\n\n\n    \n\n\n\n\n\n\n\n\n\n\n\n\n\n\n\n\n\n\n\n            \n                                                        \n    \n        \n    \n                                        \n\n            <div class=\"ce ce-textvideo\n         ce--mb-small                  ce--contrast          ce--sp-0        ce--fullcontent                     ce--full\n                            u-bgColor-lightblue\n                    \"\n             id=\"block_e8b4e6c2cda3fccc66b331d399be71bf\">\n                                    <div class=\"container-fluid\">\n                                <div class=\"row\">\n                    <div\n                        class=\"ce-textvideo__text col-12 col-md-5 col-xl-5 mx-auto text-left  d-flex flex-column justify-content-center\">\n                        <div class=\"ce-textblock\" data-animation=\"true\" data-animation-duration=\"300\">\n    <div class=\"ce-textblock__text\">\n                        <h6><\/h6>\n<h5 class=\"p1\" style=\"text-align: left; padding-left: 40px;\"><b>Video 10 let v\u00fdm\u011bny plynu<\/b><\/h5>\n<p class=\"p2\" style=\"text-align: left; padding-left: 40px;\">Dne 11. prosince 2009 byl ve spolupr\u00e1ci s Wiener B\u00f6rse zah\u00e1jen burzovn\u00ed trh s plynem v Rakousku pod n\u00e1zvem CEGH Gas Exchange. V roce 2016 byl trh p\u0159eveden na platformu PEGAS spole\u010dnosti Powernext se s\u00eddlem ve Francii, co\u017e p\u0159ineslo dal\u0161\u00ed impuls pro rozvoj objemu.<\/p>\n<p style=\"text-align: left; padding-left: 40px;\">B\u011bhem t\u011bchto deseti let se objemy v\u00fdm\u011bny skv\u011ble vyv\u00edjely a dos\u00e1hnou \u00farovn\u011b app. 160 TWh v roce 2019. Burzovn\u00ed trh s plynem PEGAS CEGH se etabloval jako hlavn\u00ed burzovn\u00ed trh pro region st\u0159edn\u00ed a v\u00fdchodn\u00ed Evropy.<\/p>\n\n    <\/div>\n<\/div>\n                    <\/div>\n                    <div\n                        class=\"ce-textvideo__video col-12 col-md-6 col-xl-6  offset-md-1 pr-0 pl-0 d-flex flex-column justify-content-center\"\n                        data-animation=\"fade-up\" data-animation-duration=\"300\">\n                        <div class=\"embed-responsive embed-responsive-16by9\">\n                                                             <div class=\"brlbs-cmpnt-container brlbs-cmpnt-content-blocker brlbs-cmpnt-with-individual-styles\" data-borlabs-cookie-content-blocker-id=\"youtube-content-blocker\" data-borlabs-cookie-content=\"PGlmcmFtZSBjbGFzcz0iZW1iZWQtcmVzcG9uc2l2ZS1pdGVtIiBpZD0iIgogICAgICAgICAgICAgICAgICAgICAgICAgICAgICAgICAgICAgICAgc3JjPSJodHRwczovL3d3dy55b3V0dWJlLW5vY29va2llLmNvbS9lbWJlZC84d3NwRnlMOXFlbz9yZWw9MCIKICAgICAgICAgICAgICAgICAgICAgICAgICAgICAgICAgICAgICAgIGZyYW1lYm9yZGVyPSIwIiBhbGxvd2Z1bGxzY3JlZW49IiI+PC9pZnJhbWU+\"><div class=\"brlbs-cmpnt-cb-preset-c brlbs-cmpnt-cb-youtube\"> <div class=\"brlbs-cmpnt-cb-thumbnail\" style=\"background-image: url('https:\/\/www.cegh.at\/wp-content\/uploads\/borlabs-cookie\/1\/yt_8wspFyL9qeo_hqdefault.jpg')\"><\/div> <div class=\"brlbs-cmpnt-cb-main\"> <div class=\"brlbs-cmpnt-cb-play-button\"><\/div> <div class=\"brlbs-cmpnt-cb-content\"> <p class=\"brlbs-cmpnt-cb-description\">You are currently viewing a placeholder content from <strong>YouTube<\/strong>. To access the actual content, click the button below. Please note that doing so will share data with third-party providers.<\/p> <a class=\"brlbs-cmpnt-cb-provider-toggle\" href=\"#\" data-borlabs-cookie-show-provider-information role=\"button\">More Information<\/a> <\/div> <div class=\"brlbs-cmpnt-cb-buttons\"> <a class=\"brlbs-cmpnt-cb-btn\" href=\"#\" data-borlabs-cookie-unblock role=\"button\">Unblock content<\/a> <a class=\"brlbs-cmpnt-cb-btn\" href=\"#\" data-borlabs-cookie-accept-service role=\"button\" style=\"display: inherit\">Accept required service and unblock content<\/a> <\/div> <\/div> <\/div><\/div>\n                                                    <\/div>\n                    <\/div>\n                <\/div>\n                            <\/div>\n                    <\/div>\n    \n        ","protected":false},"excerpt":{"rendered":"","protected":false},"author":4,"featured_media":0,"parent":82930,"menu_order":0,"comment_status":"closed","ping_status":"closed","template":"","meta":{"_acf_changed":false,"content-type":"","footnotes":""},"class_list":["post-82941","page","type-page","status-publish","hentry"],"acf":[],"yoast_head":"<!-- This site is optimized with the Yoast SEO plugin v27.3 - https:\/\/yoast.com\/product\/yoast-seo-wordpress\/ -->\n<title>Videa - CEGH<\/title>\n<meta name=\"description\" content=\"Zlep\u0161ete sv\u00e9 znalosti o trhu s plynem prost\u0159ednictv\u00edm na\u0161ich poutav\u00fdch vide\u00ed, kter\u00e1 nab\u00edzej\u00ed cenn\u00e9 zdroje a vzd\u011bl\u00e1vac\u00ed obsah.\" \/>\n<meta name=\"robots\" content=\"index, follow, max-snippet:-1, max-image-preview:large, max-video-preview:-1\" \/>\n<link rel=\"canonical\" href=\"https:\/\/www.cegh.at\/cz\/sluzby\/prezentace\/videa\/\" \/>\n<meta property=\"og:locale\" content=\"en_US\" \/>\n<meta property=\"og:type\" content=\"article\" \/>\n<meta property=\"og:title\" content=\"Videa - CEGH\" \/>\n<meta property=\"og:description\" content=\"Zlep\u0161ete sv\u00e9 znalosti o trhu s plynem prost\u0159ednictv\u00edm na\u0161ich poutav\u00fdch vide\u00ed, kter\u00e1 nab\u00edzej\u00ed cenn\u00e9 zdroje a vzd\u011bl\u00e1vac\u00ed obsah.\" \/>\n<meta property=\"og:url\" content=\"https:\/\/www.cegh.at\/cz\/sluzby\/prezentace\/videa\/\" \/>\n<meta property=\"og:site_name\" content=\"CEGH\" \/>\n<meta property=\"article:modified_time\" content=\"2024-03-21T10:08:37+00:00\" \/>\n<meta name=\"twitter:card\" content=\"summary_large_image\" \/>\n<script type=\"application\/ld+json\" class=\"yoast-schema-graph\">{\"@context\":\"https:\\\/\\\/schema.org\",\"@graph\":[{\"@type\":\"WebPage\",\"@id\":\"https:\\\/\\\/www.cegh.at\\\/cz\\\/sluzby\\\/prezentace\\\/videa\\\/\",\"url\":\"https:\\\/\\\/www.cegh.at\\\/cz\\\/sluzby\\\/prezentace\\\/videa\\\/\",\"name\":\"Videa - CEGH\",\"isPartOf\":{\"@id\":\"https:\\\/\\\/www.cegh.at\\\/cz\\\/#website\"},\"datePublished\":\"2023-03-14T09:31:59+00:00\",\"dateModified\":\"2024-03-21T10:08:37+00:00\",\"description\":\"Zlep\u0161ete sv\u00e9 znalosti o trhu s plynem prost\u0159ednictv\u00edm na\u0161ich poutav\u00fdch vide\u00ed, kter\u00e1 nab\u00edzej\u00ed cenn\u00e9 zdroje a vzd\u011bl\u00e1vac\u00ed obsah.\",\"breadcrumb\":{\"@id\":\"https:\\\/\\\/www.cegh.at\\\/cz\\\/sluzby\\\/prezentace\\\/videa\\\/#breadcrumb\"},\"inLanguage\":\"cz-CZ\",\"potentialAction\":[{\"@type\":\"ReadAction\",\"target\":[\"https:\\\/\\\/www.cegh.at\\\/cz\\\/sluzby\\\/prezentace\\\/videa\\\/\"]}]},{\"@type\":\"BreadcrumbList\",\"@id\":\"https:\\\/\\\/www.cegh.at\\\/cz\\\/sluzby\\\/prezentace\\\/videa\\\/#breadcrumb\",\"itemListElement\":[{\"@type\":\"ListItem\",\"position\":1,\"name\":\"Home\",\"item\":\"https:\\\/\\\/www.cegh.at\\\/cz\\\/\"},{\"@type\":\"ListItem\",\"position\":2,\"name\":\"Slu\u017eby\",\"item\":\"https:\\\/\\\/www.cegh.at\\\/cz\\\/sluzby\\\/\"},{\"@type\":\"ListItem\",\"position\":3,\"name\":\"Prezentace\",\"item\":\"https:\\\/\\\/www.cegh.at\\\/cz\\\/sluzby\\\/prezentace\\\/\"},{\"@type\":\"ListItem\",\"position\":4,\"name\":\"Videa\"}]},{\"@type\":\"WebSite\",\"@id\":\"https:\\\/\\\/www.cegh.at\\\/cz\\\/#website\",\"url\":\"https:\\\/\\\/www.cegh.at\\\/cz\\\/\",\"name\":\"CEGH\",\"description\":\"\",\"publisher\":{\"@id\":\"https:\\\/\\\/www.cegh.at\\\/cz\\\/#organization\"},\"potentialAction\":[{\"@type\":\"SearchAction\",\"target\":{\"@type\":\"EntryPoint\",\"urlTemplate\":\"https:\\\/\\\/www.cegh.at\\\/cz\\\/?s={search_term_string}\"},\"query-input\":{\"@type\":\"PropertyValueSpecification\",\"valueRequired\":true,\"valueName\":\"search_term_string\"}}],\"inLanguage\":\"cz-CZ\"},{\"@type\":\"Organization\",\"@id\":\"https:\\\/\\\/www.cegh.at\\\/cz\\\/#organization\",\"name\":\"CEGH\",\"url\":\"https:\\\/\\\/www.cegh.at\\\/cz\\\/\",\"logo\":{\"@type\":\"ImageObject\",\"inLanguage\":\"cz-CZ\",\"@id\":\"https:\\\/\\\/www.cegh.at\\\/cz\\\/#\\\/schema\\\/logo\\\/image\\\/\",\"url\":\"https:\\\/\\\/www.cegh.at\\\/wp-content\\\/uploads\\\/2023\\\/05\\\/Hauptlogo_RGB.jpg\",\"contentUrl\":\"https:\\\/\\\/www.cegh.at\\\/wp-content\\\/uploads\\\/2023\\\/05\\\/Hauptlogo_RGB.jpg\",\"width\":3333,\"height\":2500,\"caption\":\"CEGH\"},\"image\":{\"@id\":\"https:\\\/\\\/www.cegh.at\\\/cz\\\/#\\\/schema\\\/logo\\\/image\\\/\"}}]}<\/script>\n<!-- \/ Yoast SEO plugin. -->","yoast_head_json":{"title":"Videa - CEGH","description":"Zlep\u0161ete sv\u00e9 znalosti o trhu s plynem prost\u0159ednictv\u00edm na\u0161ich poutav\u00fdch vide\u00ed, kter\u00e1 nab\u00edzej\u00ed cenn\u00e9 zdroje a vzd\u011bl\u00e1vac\u00ed obsah.","robots":{"index":"index","follow":"follow","max-snippet":"max-snippet:-1","max-image-preview":"max-image-preview:large","max-video-preview":"max-video-preview:-1"},"canonical":"https:\/\/www.cegh.at\/cz\/sluzby\/prezentace\/videa\/","og_locale":"en_US","og_type":"article","og_title":"Videa - CEGH","og_description":"Zlep\u0161ete sv\u00e9 znalosti o trhu s plynem prost\u0159ednictv\u00edm na\u0161ich poutav\u00fdch vide\u00ed, kter\u00e1 nab\u00edzej\u00ed cenn\u00e9 zdroje a vzd\u011bl\u00e1vac\u00ed obsah.","og_url":"https:\/\/www.cegh.at\/cz\/sluzby\/prezentace\/videa\/","og_site_name":"CEGH","article_modified_time":"2024-03-21T10:08:37+00:00","twitter_card":"summary_large_image","schema":{"@context":"https:\/\/schema.org","@graph":[{"@type":"WebPage","@id":"https:\/\/www.cegh.at\/cz\/sluzby\/prezentace\/videa\/","url":"https:\/\/www.cegh.at\/cz\/sluzby\/prezentace\/videa\/","name":"Videa - CEGH","isPartOf":{"@id":"https:\/\/www.cegh.at\/cz\/#website"},"datePublished":"2023-03-14T09:31:59+00:00","dateModified":"2024-03-21T10:08:37+00:00","description":"Zlep\u0161ete sv\u00e9 znalosti o trhu s plynem prost\u0159ednictv\u00edm na\u0161ich poutav\u00fdch vide\u00ed, kter\u00e1 nab\u00edzej\u00ed cenn\u00e9 zdroje a vzd\u011bl\u00e1vac\u00ed obsah.","breadcrumb":{"@id":"https:\/\/www.cegh.at\/cz\/sluzby\/prezentace\/videa\/#breadcrumb"},"inLanguage":"cz-CZ","potentialAction":[{"@type":"ReadAction","target":["https:\/\/www.cegh.at\/cz\/sluzby\/prezentace\/videa\/"]}]},{"@type":"BreadcrumbList","@id":"https:\/\/www.cegh.at\/cz\/sluzby\/prezentace\/videa\/#breadcrumb","itemListElement":[{"@type":"ListItem","position":1,"name":"Home","item":"https:\/\/www.cegh.at\/cz\/"},{"@type":"ListItem","position":2,"name":"Slu\u017eby","item":"https:\/\/www.cegh.at\/cz\/sluzby\/"},{"@type":"ListItem","position":3,"name":"Prezentace","item":"https:\/\/www.cegh.at\/cz\/sluzby\/prezentace\/"},{"@type":"ListItem","position":4,"name":"Videa"}]},{"@type":"WebSite","@id":"https:\/\/www.cegh.at\/cz\/#website","url":"https:\/\/www.cegh.at\/cz\/","name":"CEGH","description":"","publisher":{"@id":"https:\/\/www.cegh.at\/cz\/#organization"},"potentialAction":[{"@type":"SearchAction","target":{"@type":"EntryPoint","urlTemplate":"https:\/\/www.cegh.at\/cz\/?s={search_term_string}"},"query-input":{"@type":"PropertyValueSpecification","valueRequired":true,"valueName":"search_term_string"}}],"inLanguage":"cz-CZ"},{"@type":"Organization","@id":"https:\/\/www.cegh.at\/cz\/#organization","name":"CEGH","url":"https:\/\/www.cegh.at\/cz\/","logo":{"@type":"ImageObject","inLanguage":"cz-CZ","@id":"https:\/\/www.cegh.at\/cz\/#\/schema\/logo\/image\/","url":"https:\/\/www.cegh.at\/wp-content\/uploads\/2023\/05\/Hauptlogo_RGB.jpg","contentUrl":"https:\/\/www.cegh.at\/wp-content\/uploads\/2023\/05\/Hauptlogo_RGB.jpg","width":3333,"height":2500,"caption":"CEGH"},"image":{"@id":"https:\/\/www.cegh.at\/cz\/#\/schema\/logo\/image\/"}}]}},"_links":{"self":[{"href":"https:\/\/www.cegh.at\/cz\/wp-json\/wp\/v2\/pages\/82941","targetHints":{"allow":["GET"]}}],"collection":[{"href":"https:\/\/www.cegh.at\/cz\/wp-json\/wp\/v2\/pages"}],"about":[{"href":"https:\/\/www.cegh.at\/cz\/wp-json\/wp\/v2\/types\/page"}],"author":[{"embeddable":true,"href":"https:\/\/www.cegh.at\/cz\/wp-json\/wp\/v2\/users\/4"}],"replies":[{"embeddable":true,"href":"https:\/\/www.cegh.at\/cz\/wp-json\/wp\/v2\/comments?post=82941"}],"version-history":[{"count":7,"href":"https:\/\/www.cegh.at\/cz\/wp-json\/wp\/v2\/pages\/82941\/revisions"}],"predecessor-version":[{"id":529462,"href":"https:\/\/www.cegh.at\/cz\/wp-json\/wp\/v2\/pages\/82941\/revisions\/529462"}],"up":[{"embeddable":true,"href":"https:\/\/www.cegh.at\/cz\/wp-json\/wp\/v2\/pages\/82930"}],"wp:attachment":[{"href":"https:\/\/www.cegh.at\/cz\/wp-json\/wp\/v2\/media?parent=82941"}],"curies":[{"name":"wp","href":"https:\/\/api.w.org\/{rel}","templated":true}]}}