{"id":82945,"date":"2023-03-14T10:32:21","date_gmt":"2023-03-14T09:32:21","guid":{"rendered":"https:\/\/www.cegh.at\/sluzby\/prezentace\/informacni-slozka-cegh\/"},"modified":"2024-03-21T11:10:01","modified_gmt":"2024-03-21T10:10:01","slug":"informacni-slozka-cegh","status":"publish","type":"page","link":"https:\/\/www.cegh.at\/cz\/sluzby\/prezentace\/informacni-slozka-cegh\/","title":{"rendered":"Informa\u010dn\u00ed slo\u017eka CEGH"},"content":{"rendered":"\n\n\n\n\n\n\n\n\n\n\n\n\n\n\n\n\n\n\n\n\n\n\n\n\n\n\n\n\n\n\n\n\n                    \n            <div class=\"ce ce-text pb-0\n         ce--mb-small          ce--contrast                  ce--sp-standard          ce--full\n             js-bgcontainer u-bg-cc  \"\n             id=\"block_c0a80813d51910b7f5456ea93a8ccbd9\">\n                                <figure>\n    <picture>\n        <source media=\"(min-width: 1440px)\" srcset=\"https:\/\/www.cegh.at\/wp-content\/uploads\/2023\/05\/MicrosoftTeams-image-3-1920x0-c-default.jpg\">\n        <source media=\"(min-width: 1200px)\" srcset=\"https:\/\/www.cegh.at\/wp-content\/uploads\/2023\/05\/MicrosoftTeams-image-3-1440x0-c-default.jpg\">\n        <source media=\"(min-width: 992px)\" srcset=\"https:\/\/www.cegh.at\/wp-content\/uploads\/2023\/05\/MicrosoftTeams-image-3-1200x0-c-default.jpg\">\n        <source media=\"(min-width: 768px)\" srcset=\"https:\/\/www.cegh.at\/wp-content\/uploads\/2023\/05\/MicrosoftTeams-image-3-992x0-c-default.jpg\">\n        <source media=\"(min-width: 576px)\" srcset=\"https:\/\/www.cegh.at\/wp-content\/uploads\/2023\/05\/MicrosoftTeams-image-3-768x0-c-default.jpg\">\n        <source media=\"(min-width: 320px)\" srcset=\"https:\/\/www.cegh.at\/wp-content\/uploads\/2023\/05\/MicrosoftTeams-image-3-576x0-c-default.jpg\">\n        <source srcset=\"https:\/\/www.cegh.at\/wp-content\/uploads\/2023\/05\/MicrosoftTeams-image-3-576x0-c-default.jpg\">\n        <img loading=\"lazy\" decoding=\"async\" src=\"https:\/\/www.cegh.at\/wp-content\/uploads\/2023\/05\/MicrosoftTeams-image-3-1920x0-c-default.jpg\" width=\"4000\"\n             height=\"3000\" alt=\"\" title=\"Man stands inside spiral abstraction on dark toned background\" class=\"img-fluid w-100 js-bgimage\">\n    <\/picture>\n<\/figure>\n                <div class=\"ce-text__gradient ce-text__gradient--center js-gradient\"><\/div>\n                <div class=\"ce-text__gradient--base\"><\/div>\n                                    <div class=\"container-fluid\">\n                            <div class=\"row\">\n                    <div class=\"cc-text__text col-12 col-md-12 col-xl-12 mx-auto text-left\">\n                        <div class=\"ce-textblock\" data-animation=\"true\" data-animation-duration=\"300\">\n    <div class=\"ce-textblock__text\">\n                    <p class=\"ce-textblock__topline\">Prezentace<\/p>\n                            <h1 class=\"\"> Slo\u017eka CEGH <\/h1>\n                <p class=\"p1 large\">St\u0159edoevropsk\u00fd plyn\u00e1rensk\u00fd uzel AG (CEGH) je od roku 2005 spolehlivou sou\u010d\u00e1st\u00ed obchodov\u00e1n\u00ed s plynem.<\/p>\n<p class=\"p1 large\">Jako provozovatel virtu\u00e1ln\u00edho obchodn\u00edho m\u00edsta (VTP) nab\u00edz\u00ed spole\u010dnost CEGH mezin\u00e1rodn\u00edm obchodn\u00edk\u016fm s plynem br\u00e1nu pro obchodov\u00e1n\u00ed ve vstupn\u00ed\/v\u00fdstupn\u00ed z\u00f3n\u011b rakousk\u00e9ho trhu.<\/p>\n<p class=\"p1 large\">V t\u00e9to informa\u010dn\u00ed slo\u017ece se chceme pod\u011blit o kl\u00ed\u010dov\u00e9 informace, kter\u00e9 ukazuj\u00ed r\u016fzn\u00e9 v\u00fdhody spolupr\u00e1ce s CEGH.<\/p>\n<p>&nbsp;<\/p>\n<p class=\"p2\" style=\"text-align: center;\"><a class=\"btn btn--secondary btn--icon btn--icon--right btn--large\" href=\"https:\/\/www.cegh.at\/wp-content\/uploads\/2023\/05\/WEB_Doppelseiten_CEGH-W22010_Jahresbericht_A4_RZ.pdf\"><b>Zpr\u00e1va CEGH 2023<\/b><\/a><\/p>\n\n    <\/div>\n<\/div>\n                    <\/div>\n                <\/div>\n                        <\/div>\n                    <\/div>\n    \n        ","protected":false},"excerpt":{"rendered":"","protected":false},"author":4,"featured_media":0,"parent":82930,"menu_order":0,"comment_status":"closed","ping_status":"closed","template":"","meta":{"_acf_changed":false,"content-type":"","footnotes":""},"class_list":["post-82945","page","type-page","status-publish","hentry"],"acf":[],"yoast_head":"<!-- This site is optimized with the Yoast SEO plugin v27.3 - https:\/\/yoast.com\/product\/yoast-seo-wordpress\/ -->\n<title>Informa\u010dn\u00ed slo\u017eka - CEGH<\/title>\n<meta name=\"description\" content=\"Odhalte potenci\u00e1l rakousk\u00e9ho trhu a objevte v\u00fdhody spolupr\u00e1ce s CEGH prost\u0159ednictv\u00edm na\u0161\u00ed informa\u010dn\u00ed slo\u017eky.\" \/>\n<meta name=\"robots\" content=\"index, follow, max-snippet:-1, max-image-preview:large, max-video-preview:-1\" \/>\n<link rel=\"canonical\" href=\"https:\/\/www.cegh.at\/cz\/sluzby\/prezentace\/informacni-slozka-cegh\/\" \/>\n<meta property=\"og:locale\" content=\"en_US\" \/>\n<meta property=\"og:type\" content=\"article\" \/>\n<meta property=\"og:title\" content=\"Informa\u010dn\u00ed slo\u017eka - CEGH\" \/>\n<meta property=\"og:description\" content=\"Odhalte potenci\u00e1l rakousk\u00e9ho trhu a objevte v\u00fdhody spolupr\u00e1ce s CEGH prost\u0159ednictv\u00edm na\u0161\u00ed informa\u010dn\u00ed slo\u017eky.\" \/>\n<meta property=\"og:url\" content=\"https:\/\/www.cegh.at\/cz\/sluzby\/prezentace\/informacni-slozka-cegh\/\" \/>\n<meta property=\"og:site_name\" content=\"CEGH\" \/>\n<meta property=\"article:modified_time\" content=\"2024-03-21T10:10:01+00:00\" \/>\n<meta name=\"twitter:card\" content=\"summary_large_image\" \/>\n<script type=\"application\/ld+json\" class=\"yoast-schema-graph\">{\"@context\":\"https:\\\/\\\/schema.org\",\"@graph\":[{\"@type\":\"WebPage\",\"@id\":\"https:\\\/\\\/www.cegh.at\\\/cz\\\/sluzby\\\/prezentace\\\/informacni-slozka-cegh\\\/\",\"url\":\"https:\\\/\\\/www.cegh.at\\\/cz\\\/sluzby\\\/prezentace\\\/informacni-slozka-cegh\\\/\",\"name\":\"Informa\u010dn\u00ed slo\u017eka - CEGH\",\"isPartOf\":{\"@id\":\"https:\\\/\\\/www.cegh.at\\\/cz\\\/#website\"},\"datePublished\":\"2023-03-14T09:32:21+00:00\",\"dateModified\":\"2024-03-21T10:10:01+00:00\",\"description\":\"Odhalte potenci\u00e1l rakousk\u00e9ho trhu a objevte v\u00fdhody spolupr\u00e1ce s CEGH prost\u0159ednictv\u00edm na\u0161\u00ed informa\u010dn\u00ed slo\u017eky.\",\"breadcrumb\":{\"@id\":\"https:\\\/\\\/www.cegh.at\\\/cz\\\/sluzby\\\/prezentace\\\/informacni-slozka-cegh\\\/#breadcrumb\"},\"inLanguage\":\"cz-CZ\",\"potentialAction\":[{\"@type\":\"ReadAction\",\"target\":[\"https:\\\/\\\/www.cegh.at\\\/cz\\\/sluzby\\\/prezentace\\\/informacni-slozka-cegh\\\/\"]}]},{\"@type\":\"BreadcrumbList\",\"@id\":\"https:\\\/\\\/www.cegh.at\\\/cz\\\/sluzby\\\/prezentace\\\/informacni-slozka-cegh\\\/#breadcrumb\",\"itemListElement\":[{\"@type\":\"ListItem\",\"position\":1,\"name\":\"Home\",\"item\":\"https:\\\/\\\/www.cegh.at\\\/cz\\\/\"},{\"@type\":\"ListItem\",\"position\":2,\"name\":\"Slu\u017eby\",\"item\":\"https:\\\/\\\/www.cegh.at\\\/cz\\\/sluzby\\\/\"},{\"@type\":\"ListItem\",\"position\":3,\"name\":\"Prezentace\",\"item\":\"https:\\\/\\\/www.cegh.at\\\/cz\\\/sluzby\\\/prezentace\\\/\"},{\"@type\":\"ListItem\",\"position\":4,\"name\":\"Informa\u010dn\u00ed slo\u017eka CEGH\"}]},{\"@type\":\"WebSite\",\"@id\":\"https:\\\/\\\/www.cegh.at\\\/cz\\\/#website\",\"url\":\"https:\\\/\\\/www.cegh.at\\\/cz\\\/\",\"name\":\"CEGH\",\"description\":\"\",\"publisher\":{\"@id\":\"https:\\\/\\\/www.cegh.at\\\/cz\\\/#organization\"},\"potentialAction\":[{\"@type\":\"SearchAction\",\"target\":{\"@type\":\"EntryPoint\",\"urlTemplate\":\"https:\\\/\\\/www.cegh.at\\\/cz\\\/?s={search_term_string}\"},\"query-input\":{\"@type\":\"PropertyValueSpecification\",\"valueRequired\":true,\"valueName\":\"search_term_string\"}}],\"inLanguage\":\"cz-CZ\"},{\"@type\":\"Organization\",\"@id\":\"https:\\\/\\\/www.cegh.at\\\/cz\\\/#organization\",\"name\":\"CEGH\",\"url\":\"https:\\\/\\\/www.cegh.at\\\/cz\\\/\",\"logo\":{\"@type\":\"ImageObject\",\"inLanguage\":\"cz-CZ\",\"@id\":\"https:\\\/\\\/www.cegh.at\\\/cz\\\/#\\\/schema\\\/logo\\\/image\\\/\",\"url\":\"https:\\\/\\\/www.cegh.at\\\/wp-content\\\/uploads\\\/2023\\\/05\\\/Hauptlogo_RGB.jpg\",\"contentUrl\":\"https:\\\/\\\/www.cegh.at\\\/wp-content\\\/uploads\\\/2023\\\/05\\\/Hauptlogo_RGB.jpg\",\"width\":3333,\"height\":2500,\"caption\":\"CEGH\"},\"image\":{\"@id\":\"https:\\\/\\\/www.cegh.at\\\/cz\\\/#\\\/schema\\\/logo\\\/image\\\/\"}}]}<\/script>\n<!-- \/ Yoast SEO plugin. -->","yoast_head_json":{"title":"Informa\u010dn\u00ed slo\u017eka - CEGH","description":"Odhalte potenci\u00e1l rakousk\u00e9ho trhu a objevte v\u00fdhody spolupr\u00e1ce s CEGH prost\u0159ednictv\u00edm na\u0161\u00ed informa\u010dn\u00ed slo\u017eky.","robots":{"index":"index","follow":"follow","max-snippet":"max-snippet:-1","max-image-preview":"max-image-preview:large","max-video-preview":"max-video-preview:-1"},"canonical":"https:\/\/www.cegh.at\/cz\/sluzby\/prezentace\/informacni-slozka-cegh\/","og_locale":"en_US","og_type":"article","og_title":"Informa\u010dn\u00ed slo\u017eka - CEGH","og_description":"Odhalte potenci\u00e1l rakousk\u00e9ho trhu a objevte v\u00fdhody spolupr\u00e1ce s CEGH prost\u0159ednictv\u00edm na\u0161\u00ed informa\u010dn\u00ed slo\u017eky.","og_url":"https:\/\/www.cegh.at\/cz\/sluzby\/prezentace\/informacni-slozka-cegh\/","og_site_name":"CEGH","article_modified_time":"2024-03-21T10:10:01+00:00","twitter_card":"summary_large_image","schema":{"@context":"https:\/\/schema.org","@graph":[{"@type":"WebPage","@id":"https:\/\/www.cegh.at\/cz\/sluzby\/prezentace\/informacni-slozka-cegh\/","url":"https:\/\/www.cegh.at\/cz\/sluzby\/prezentace\/informacni-slozka-cegh\/","name":"Informa\u010dn\u00ed slo\u017eka - CEGH","isPartOf":{"@id":"https:\/\/www.cegh.at\/cz\/#website"},"datePublished":"2023-03-14T09:32:21+00:00","dateModified":"2024-03-21T10:10:01+00:00","description":"Odhalte potenci\u00e1l rakousk\u00e9ho trhu a objevte v\u00fdhody spolupr\u00e1ce s CEGH prost\u0159ednictv\u00edm na\u0161\u00ed informa\u010dn\u00ed slo\u017eky.","breadcrumb":{"@id":"https:\/\/www.cegh.at\/cz\/sluzby\/prezentace\/informacni-slozka-cegh\/#breadcrumb"},"inLanguage":"cz-CZ","potentialAction":[{"@type":"ReadAction","target":["https:\/\/www.cegh.at\/cz\/sluzby\/prezentace\/informacni-slozka-cegh\/"]}]},{"@type":"BreadcrumbList","@id":"https:\/\/www.cegh.at\/cz\/sluzby\/prezentace\/informacni-slozka-cegh\/#breadcrumb","itemListElement":[{"@type":"ListItem","position":1,"name":"Home","item":"https:\/\/www.cegh.at\/cz\/"},{"@type":"ListItem","position":2,"name":"Slu\u017eby","item":"https:\/\/www.cegh.at\/cz\/sluzby\/"},{"@type":"ListItem","position":3,"name":"Prezentace","item":"https:\/\/www.cegh.at\/cz\/sluzby\/prezentace\/"},{"@type":"ListItem","position":4,"name":"Informa\u010dn\u00ed slo\u017eka CEGH"}]},{"@type":"WebSite","@id":"https:\/\/www.cegh.at\/cz\/#website","url":"https:\/\/www.cegh.at\/cz\/","name":"CEGH","description":"","publisher":{"@id":"https:\/\/www.cegh.at\/cz\/#organization"},"potentialAction":[{"@type":"SearchAction","target":{"@type":"EntryPoint","urlTemplate":"https:\/\/www.cegh.at\/cz\/?s={search_term_string}"},"query-input":{"@type":"PropertyValueSpecification","valueRequired":true,"valueName":"search_term_string"}}],"inLanguage":"cz-CZ"},{"@type":"Organization","@id":"https:\/\/www.cegh.at\/cz\/#organization","name":"CEGH","url":"https:\/\/www.cegh.at\/cz\/","logo":{"@type":"ImageObject","inLanguage":"cz-CZ","@id":"https:\/\/www.cegh.at\/cz\/#\/schema\/logo\/image\/","url":"https:\/\/www.cegh.at\/wp-content\/uploads\/2023\/05\/Hauptlogo_RGB.jpg","contentUrl":"https:\/\/www.cegh.at\/wp-content\/uploads\/2023\/05\/Hauptlogo_RGB.jpg","width":3333,"height":2500,"caption":"CEGH"},"image":{"@id":"https:\/\/www.cegh.at\/cz\/#\/schema\/logo\/image\/"}}]}},"_links":{"self":[{"href":"https:\/\/www.cegh.at\/cz\/wp-json\/wp\/v2\/pages\/82945","targetHints":{"allow":["GET"]}}],"collection":[{"href":"https:\/\/www.cegh.at\/cz\/wp-json\/wp\/v2\/pages"}],"about":[{"href":"https:\/\/www.cegh.at\/cz\/wp-json\/wp\/v2\/types\/page"}],"author":[{"embeddable":true,"href":"https:\/\/www.cegh.at\/cz\/wp-json\/wp\/v2\/users\/4"}],"replies":[{"embeddable":true,"href":"https:\/\/www.cegh.at\/cz\/wp-json\/wp\/v2\/comments?post=82945"}],"version-history":[{"count":7,"href":"https:\/\/www.cegh.at\/cz\/wp-json\/wp\/v2\/pages\/82945\/revisions"}],"predecessor-version":[{"id":529466,"href":"https:\/\/www.cegh.at\/cz\/wp-json\/wp\/v2\/pages\/82945\/revisions\/529466"}],"up":[{"embeddable":true,"href":"https:\/\/www.cegh.at\/cz\/wp-json\/wp\/v2\/pages\/82930"}],"wp:attachment":[{"href":"https:\/\/www.cegh.at\/cz\/wp-json\/wp\/v2\/media?parent=82945"}],"curies":[{"name":"wp","href":"https:\/\/api.w.org\/{rel}","templated":true}]}}