{"id":82952,"date":"2023-03-09T11:42:30","date_gmt":"2023-03-09T10:42:30","guid":{"rendered":"https:\/\/www.cegh.at\/o-nas\/"},"modified":"2024-07-04T10:15:57","modified_gmt":"2024-07-04T08:15:57","slug":"o-nas","status":"publish","type":"page","link":"https:\/\/www.cegh.at\/cz\/o-nas\/","title":{"rendered":"O n\u00e1s"},"content":{"rendered":"\n\n\n\n\n\n\n\n\n\n\n\n\n\n\n\n\n\n\n\n\n\n\n\n\n\n\n\n\n\n\n\n\n                    \n            <div class=\"ce ce-text pb-0\n         ce--mb-small          ce--contrast                  ce--sp-small          ce--full\n             js-bgcontainer u-bg-cc  \"\n             id=\"block_9ab1d2f2483fdd5794db6495640f1cad\">\n                                <figure>\n    <picture>\n        <source media=\"(min-width: 1440px)\" srcset=\"https:\/\/www.cegh.at\/wp-content\/uploads\/2023\/05\/MicrosoftTeams-image-3-1920x0-c-default.jpg\">\n        <source media=\"(min-width: 1200px)\" srcset=\"https:\/\/www.cegh.at\/wp-content\/uploads\/2023\/05\/MicrosoftTeams-image-3-1440x0-c-default.jpg\">\n        <source media=\"(min-width: 992px)\" srcset=\"https:\/\/www.cegh.at\/wp-content\/uploads\/2023\/05\/MicrosoftTeams-image-3-1200x0-c-default.jpg\">\n        <source media=\"(min-width: 768px)\" srcset=\"https:\/\/www.cegh.at\/wp-content\/uploads\/2023\/05\/MicrosoftTeams-image-3-992x0-c-default.jpg\">\n        <source media=\"(min-width: 576px)\" srcset=\"https:\/\/www.cegh.at\/wp-content\/uploads\/2023\/05\/MicrosoftTeams-image-3-768x0-c-default.jpg\">\n        <source media=\"(min-width: 320px)\" srcset=\"https:\/\/www.cegh.at\/wp-content\/uploads\/2023\/05\/MicrosoftTeams-image-3-576x0-c-default.jpg\">\n        <source srcset=\"https:\/\/www.cegh.at\/wp-content\/uploads\/2023\/05\/MicrosoftTeams-image-3-576x0-c-default.jpg\">\n        <img loading=\"lazy\" decoding=\"async\" src=\"https:\/\/www.cegh.at\/wp-content\/uploads\/2023\/05\/MicrosoftTeams-image-3-1920x0-c-default.jpg\" width=\"4000\"\n             height=\"3000\" alt=\"\" title=\"Man stands inside spiral abstraction on dark toned background\" class=\"img-fluid w-100 js-bgimage\">\n    <\/picture>\n<\/figure>\n                <div class=\"ce-text__gradient ce-text__gradient--center js-gradient\"><\/div>\n                <div class=\"ce-text__gradient--base\"><\/div>\n                                    <div class=\"container-fluid\">\n                            <div class=\"row\">\n                    <div class=\"cc-text__text col-12 col-md-12 col-xl-12 mx-auto text-left\">\n                        <div class=\"ce-textblock\" data-animation=\"true\" data-animation-duration=\"300\">\n    <div class=\"ce-textblock__text\">\n                    <p class=\"ce-textblock__topline\">O n\u00e1s<\/p>\n                            <h1 class=\"\"> Transparentn\u00ed obchodov\u00e1n\u00ed s prvot\u0159\u00eddn\u00edmi slu\u017ebami <\/h1>\n                \n    <\/div>\n<\/div>\n                    <\/div>\n                <\/div>\n                        <\/div>\n                    <\/div>\n    \n        \n\n\n\n\n\n\n\n\n\n\n\n\n\n\n\n\n\n\n\n\n\n\n\n\n\n\n\n\n\n\n\n\n            \n        \n                    <div class=\"ce ce-cols ce-cols--2\n         ce--mb-small                                 \"\n                 id=\"block_56633595b7d02bee8e110177ac232ee6\">\n                                    <div class=\"container-fluid\">\n                                        <div class=\"row\">\n                        <div class=\"col-12 col-lg-4 \">\n                            <!--HIER DIE SCHLEIFE MIT DEM CONTENT SPALTE 1-->\n                                                                                                                            \n\n\n\n\n\n\n\n\n\n\n\n\n\n\n\n\n\n\n\n\n\n\n\n\n\n\n\n\n\n\n                                            \n        \n        \n        \n    \n\n                    \n    \n\n                    \n            <div class=\"ce ce-text pb-0\n                                        \"\n             id=\"block_56633595b7d02bee8e110177ac232ee6\">\n                                        <div class=\"row\">\n                    <div class=\"cc-text__text col-12 col-md-12 col-xl-12  text-left\">\n                        <div class=\"ce-textblock\" data-animation=\"true\" data-animation-duration=\"300\">\n    <div class=\"ce-textblock__text\">\n                            <h5 class=\"\"> CEGH <\/h5>\n                <p class=\"large\"><span class=\"selectable-text copyable-text\">Spole\u010dnost Central European Gas Hub AG (CEGH) se s\u00eddlem ve V\u00eddni v Rakousku je p\u0159edn\u00edm uzlem pro obchodov\u00e1n\u00ed s plynem ve st\u0159edn\u00ed a v\u00fdchodn\u00ed Evrop\u011b. Jako provozovatel virtu\u00e1ln\u00edho obchodn\u00edho m\u00edsta otev\u00edr\u00e1 spole\u010dnost CEGH mezin\u00e1rodn\u00edm obchodn\u00edk\u016fm s plynem br\u00e1nu pro obchodov\u00e1n\u00ed ve vstupn\u00ed\/v\u00fdstupn\u00ed z\u00f3n\u011b rakousk\u00e9ho trhu. V roce 2023 dos\u00e1hla spole\u010dnost CEGH celkov\u00e9ho objemu obchod\u016f se zemn\u00edm plynem 575 TWh na trhu VTP a 394 TWh na burze plynu. D\u00edky tomuto vynikaj\u00edc\u00edmu rozvoji je CEGH leaderem mezi plyn\u00e1rensk\u00fdmi huby ve st\u0159edn\u00ed a v\u00fdchodn\u00ed Evrop\u011b.<\/span><\/p>\n\n    <\/div>\n<\/div>\n                    <\/div>\n                <\/div>\n                    <\/div>\n    \n                                                                    \n                        <\/div>\n                        <div class=\"col-12 col-lg-8 \">\n                            <!--HIER DIE SCHLEIFE MIT DEM CONTENT SPALTE 2-->\n                                                                                                                            \n\n\n\n\n\n\n\n\n\n\n\n\n\n\n\n\n\n\n\n\n\n\n\n\n\n\n\n\n\n\n                                            \n        \n        \n        \n    \n\n                    \n    \n\n                    \n            <div class=\"ce ce-text pb-0\n                                        \"\n             id=\"block_56633595b7d02bee8e110177ac232ee6\">\n                                        <div class=\"row\">\n                    <div class=\"cc-text__text col-12 col-md-12 col-xl-12  text-left\">\n                        <div class=\"ce-textblock\" data-animation=\"true\" data-animation-duration=\"300\">\n    <div class=\"ce-textblock__text\">\n                    <p class=\"ce-textblock__topline\">  <\/p>\n                            <h2 class=\"\">   <\/h2>\n                <p>CEGH funguje jako nadregion\u00e1ln\u00ed vyva\u017eovac\u00ed platforma t\u00edm, \u017ee nab\u00edz\u00ed obchodn\u00ed aktivity a slu\u017eby pro r\u016fzn\u00e9 trhy:<\/p>\n<ul>\n<li><strong>Virtu\u00e1ln\u00ed Obchodn\u00ed Bod CEGH (VTP)<\/strong><\/li>\n<li><strong>Burzovn\u00ed produkty EEX CEGH s dod\u00e1vkou na rakousk\u00e9m VTP nab\u00edzen\u00e9 prost\u0159ednictv\u00edm celoevropsk\u00e9 platformy EEX<\/strong><\/li>\n<li><strong>\u010cesk\u00e1 burza se zemn\u00edm plynem EEX CEGH Gas Exchange s dod\u00e1vkou na \u010desk\u00e9m VTP ve spolupr\u00e1ci s EEX<\/strong><\/li>\n<\/ul>\n<p>Jedine\u010dn\u00e1 kombinace mimoburzovn\u00edch (VTP) a burzovn\u00edch slu\u017eeb (Gas Exchange) \u010din\u00ed ze spole\u010dnost CEGH jednotn\u00e9 kontaktn\u00ed m\u00edsto pro obchodn\u00edky se zemn\u00edm plynem a p\u0159edn\u00ed plyn\u00e1rensk\u00fd hub ve st\u0159edn\u00ed a v\u00fdchodn\u00ed Evrop\u011b. Kl\u00ed\u010dov\u00fdm faktorem \u00fasp\u011bchu spole\u010dnosti CEGH je spolehlivost, flexibilita a znalost liberalizovan\u00fdch trh\u016f s plynem spolu s t\u011b\u017ece p\u0159ekonatelnou, na m\u00edru nastavitelnou, technologi\u00ed.<\/p>\n<p>CEGH je dynamick\u00e1 spole\u010dnost, kter\u00e1 p\u0159izp\u016fsobuje sv\u00e9 podnikatelsk\u00e9 aktivity pot\u0159eb\u00e1m sv\u00fdch z\u00e1kazn\u00edk\u016f a rychle rozv\u00edjej\u00edc\u00edmu se trhu. Na\u0161\u00edm c\u00edlem je neust\u00e1l\u00e9 roz\u0161\u00ed\u0159ov\u00e1n\u00ed na\u0161eho sortimentu tak, aby bylo prvot\u0159\u00eddn\u00ed obchodov\u00e1n\u00ed s plynem pro na\u0161e \u010dleny snadn\u011bj\u0161\u00ed a p\u0159ita\u017eliv\u011bj\u0161\u00ed.<\/p>\n<p>&nbsp;<\/p>\n\n    <\/div>\n<\/div>\n                    <\/div>\n                <\/div>\n                    <\/div>\n    \n                                                                                            <\/div>\n                    <\/div>\n                <\/div>\n            <\/div>\n                        \n\n\n\n\n\n\n\n\n\n\n\n\n\n\n\n\n\n\n\n\n\n\n\n\n\n\n\n\n\n\n\n\n                    \n            <div class=\"ce ce-text pb-0\n         ce--mb-medium                                 \"\n             id=\"block_87f094a3b5b63a498e1fa46904114bab\">\n                                    <div class=\"container-fluid\">\n                            <div class=\"row\">\n                    <div class=\"cc-text__text col-12 col-md-12 col-xl-12 mx-auto text-center\">\n                        <div class=\"ce-textblock\" data-animation=\"true\" data-animation-duration=\"300\">\n    <div class=\"ce-textblock__text\">\n                        <p style=\"text-align: center;\"><a class=\"btn--large btn btn--secondary btn--icon btn--icon--right\" title=\"cegh report_150120 WEB.pdf\" href=\"https:\/\/www.cegh.at\/wp-content\/uploads\/2023\/05\/WEB_Doppelseiten_CEGH-W22010_Jahresbericht_A4_RZ.pdf\" target=\"_blank\" rel=\"noopener\" data-udi=\"umb:\/\/media\/302c70f085b0440d81f79443edfa9a25\">Slo\u017eka CEGH 2023<\/a><\/p>\n\n    <\/div>\n<\/div>\n                    <\/div>\n                <\/div>\n                        <\/div>\n                    <\/div>\n    \n        ","protected":false},"excerpt":{"rendered":"","protected":false},"author":4,"featured_media":0,"parent":0,"menu_order":0,"comment_status":"closed","ping_status":"closed","template":"","meta":{"_acf_changed":false,"content-type":"","footnotes":""},"class_list":["post-82952","page","type-page","status-publish","hentry"],"acf":[],"yoast_head":"<!-- This site is optimized with the Yoast SEO plugin v27.3 - https:\/\/yoast.com\/product\/yoast-seo-wordpress\/ -->\n<title>V\u0161e o spole\u010dnosti CEGH<\/title>\n<meta name=\"description\" content=\"Seznamte se s CEGH, nejv\u00fdznamn\u011bj\u0161\u00edm centrem pro obchodov\u00e1n\u00ed se zemn\u00edm plynem ve st\u0159edn\u00ed a v\u00fdchodn\u00ed Evrop\u011b, kter\u00e9 usnad\u0148uje obchodov\u00e1n\u00ed se zemn\u00edm plynem v cel\u00e9 Evrop\u011b.\" \/>\n<meta name=\"robots\" content=\"index, follow, max-snippet:-1, max-image-preview:large, max-video-preview:-1\" \/>\n<link rel=\"canonical\" href=\"https:\/\/www.cegh.at\/cz\/o-nas\/\" \/>\n<meta property=\"og:locale\" content=\"en_US\" \/>\n<meta property=\"og:type\" content=\"article\" \/>\n<meta property=\"og:title\" content=\"V\u0161e o spole\u010dnosti CEGH\" \/>\n<meta property=\"og:description\" content=\"Seznamte se s CEGH, nejv\u00fdznamn\u011bj\u0161\u00edm centrem pro obchodov\u00e1n\u00ed se zemn\u00edm plynem ve st\u0159edn\u00ed a v\u00fdchodn\u00ed Evrop\u011b, kter\u00e9 usnad\u0148uje obchodov\u00e1n\u00ed se zemn\u00edm plynem v cel\u00e9 Evrop\u011b.\" \/>\n<meta property=\"og:url\" content=\"https:\/\/www.cegh.at\/cz\/o-nas\/\" \/>\n<meta property=\"og:site_name\" content=\"CEGH\" \/>\n<meta property=\"article:modified_time\" content=\"2024-07-04T08:15:57+00:00\" \/>\n<meta name=\"twitter:card\" content=\"summary_large_image\" \/>\n<script type=\"application\/ld+json\" class=\"yoast-schema-graph\">{\"@context\":\"https:\\\/\\\/schema.org\",\"@graph\":[{\"@type\":\"WebPage\",\"@id\":\"https:\\\/\\\/www.cegh.at\\\/cz\\\/o-nas\\\/\",\"url\":\"https:\\\/\\\/www.cegh.at\\\/cz\\\/o-nas\\\/\",\"name\":\"V\u0161e o spole\u010dnosti CEGH\",\"isPartOf\":{\"@id\":\"https:\\\/\\\/www.cegh.at\\\/cz\\\/#website\"},\"datePublished\":\"2023-03-09T10:42:30+00:00\",\"dateModified\":\"2024-07-04T08:15:57+00:00\",\"description\":\"Seznamte se s CEGH, nejv\u00fdznamn\u011bj\u0161\u00edm centrem pro obchodov\u00e1n\u00ed se zemn\u00edm plynem ve st\u0159edn\u00ed a v\u00fdchodn\u00ed Evrop\u011b, kter\u00e9 usnad\u0148uje obchodov\u00e1n\u00ed se zemn\u00edm plynem v cel\u00e9 Evrop\u011b.\",\"breadcrumb\":{\"@id\":\"https:\\\/\\\/www.cegh.at\\\/cz\\\/o-nas\\\/#breadcrumb\"},\"inLanguage\":\"cz-CZ\",\"potentialAction\":[{\"@type\":\"ReadAction\",\"target\":[\"https:\\\/\\\/www.cegh.at\\\/cz\\\/o-nas\\\/\"]}]},{\"@type\":\"BreadcrumbList\",\"@id\":\"https:\\\/\\\/www.cegh.at\\\/cz\\\/o-nas\\\/#breadcrumb\",\"itemListElement\":[{\"@type\":\"ListItem\",\"position\":1,\"name\":\"Home\",\"item\":\"https:\\\/\\\/www.cegh.at\\\/cz\\\/\"},{\"@type\":\"ListItem\",\"position\":2,\"name\":\"O n\u00e1s\"}]},{\"@type\":\"WebSite\",\"@id\":\"https:\\\/\\\/www.cegh.at\\\/cz\\\/#website\",\"url\":\"https:\\\/\\\/www.cegh.at\\\/cz\\\/\",\"name\":\"CEGH\",\"description\":\"\",\"publisher\":{\"@id\":\"https:\\\/\\\/www.cegh.at\\\/cz\\\/#organization\"},\"potentialAction\":[{\"@type\":\"SearchAction\",\"target\":{\"@type\":\"EntryPoint\",\"urlTemplate\":\"https:\\\/\\\/www.cegh.at\\\/cz\\\/?s={search_term_string}\"},\"query-input\":{\"@type\":\"PropertyValueSpecification\",\"valueRequired\":true,\"valueName\":\"search_term_string\"}}],\"inLanguage\":\"cz-CZ\"},{\"@type\":\"Organization\",\"@id\":\"https:\\\/\\\/www.cegh.at\\\/cz\\\/#organization\",\"name\":\"CEGH\",\"url\":\"https:\\\/\\\/www.cegh.at\\\/cz\\\/\",\"logo\":{\"@type\":\"ImageObject\",\"inLanguage\":\"cz-CZ\",\"@id\":\"https:\\\/\\\/www.cegh.at\\\/cz\\\/#\\\/schema\\\/logo\\\/image\\\/\",\"url\":\"https:\\\/\\\/www.cegh.at\\\/wp-content\\\/uploads\\\/2023\\\/05\\\/Hauptlogo_RGB.jpg\",\"contentUrl\":\"https:\\\/\\\/www.cegh.at\\\/wp-content\\\/uploads\\\/2023\\\/05\\\/Hauptlogo_RGB.jpg\",\"width\":3333,\"height\":2500,\"caption\":\"CEGH\"},\"image\":{\"@id\":\"https:\\\/\\\/www.cegh.at\\\/cz\\\/#\\\/schema\\\/logo\\\/image\\\/\"}}]}<\/script>\n<!-- \/ Yoast SEO plugin. -->","yoast_head_json":{"title":"V\u0161e o spole\u010dnosti CEGH","description":"Seznamte se s CEGH, nejv\u00fdznamn\u011bj\u0161\u00edm centrem pro obchodov\u00e1n\u00ed se zemn\u00edm plynem ve st\u0159edn\u00ed a v\u00fdchodn\u00ed Evrop\u011b, kter\u00e9 usnad\u0148uje obchodov\u00e1n\u00ed se zemn\u00edm plynem v cel\u00e9 Evrop\u011b.","robots":{"index":"index","follow":"follow","max-snippet":"max-snippet:-1","max-image-preview":"max-image-preview:large","max-video-preview":"max-video-preview:-1"},"canonical":"https:\/\/www.cegh.at\/cz\/o-nas\/","og_locale":"en_US","og_type":"article","og_title":"V\u0161e o spole\u010dnosti CEGH","og_description":"Seznamte se s CEGH, nejv\u00fdznamn\u011bj\u0161\u00edm centrem pro obchodov\u00e1n\u00ed se zemn\u00edm plynem ve st\u0159edn\u00ed a v\u00fdchodn\u00ed Evrop\u011b, kter\u00e9 usnad\u0148uje obchodov\u00e1n\u00ed se zemn\u00edm plynem v cel\u00e9 Evrop\u011b.","og_url":"https:\/\/www.cegh.at\/cz\/o-nas\/","og_site_name":"CEGH","article_modified_time":"2024-07-04T08:15:57+00:00","twitter_card":"summary_large_image","schema":{"@context":"https:\/\/schema.org","@graph":[{"@type":"WebPage","@id":"https:\/\/www.cegh.at\/cz\/o-nas\/","url":"https:\/\/www.cegh.at\/cz\/o-nas\/","name":"V\u0161e o spole\u010dnosti CEGH","isPartOf":{"@id":"https:\/\/www.cegh.at\/cz\/#website"},"datePublished":"2023-03-09T10:42:30+00:00","dateModified":"2024-07-04T08:15:57+00:00","description":"Seznamte se s CEGH, nejv\u00fdznamn\u011bj\u0161\u00edm centrem pro obchodov\u00e1n\u00ed se zemn\u00edm plynem ve st\u0159edn\u00ed a v\u00fdchodn\u00ed Evrop\u011b, kter\u00e9 usnad\u0148uje obchodov\u00e1n\u00ed se zemn\u00edm plynem v cel\u00e9 Evrop\u011b.","breadcrumb":{"@id":"https:\/\/www.cegh.at\/cz\/o-nas\/#breadcrumb"},"inLanguage":"cz-CZ","potentialAction":[{"@type":"ReadAction","target":["https:\/\/www.cegh.at\/cz\/o-nas\/"]}]},{"@type":"BreadcrumbList","@id":"https:\/\/www.cegh.at\/cz\/o-nas\/#breadcrumb","itemListElement":[{"@type":"ListItem","position":1,"name":"Home","item":"https:\/\/www.cegh.at\/cz\/"},{"@type":"ListItem","position":2,"name":"O n\u00e1s"}]},{"@type":"WebSite","@id":"https:\/\/www.cegh.at\/cz\/#website","url":"https:\/\/www.cegh.at\/cz\/","name":"CEGH","description":"","publisher":{"@id":"https:\/\/www.cegh.at\/cz\/#organization"},"potentialAction":[{"@type":"SearchAction","target":{"@type":"EntryPoint","urlTemplate":"https:\/\/www.cegh.at\/cz\/?s={search_term_string}"},"query-input":{"@type":"PropertyValueSpecification","valueRequired":true,"valueName":"search_term_string"}}],"inLanguage":"cz-CZ"},{"@type":"Organization","@id":"https:\/\/www.cegh.at\/cz\/#organization","name":"CEGH","url":"https:\/\/www.cegh.at\/cz\/","logo":{"@type":"ImageObject","inLanguage":"cz-CZ","@id":"https:\/\/www.cegh.at\/cz\/#\/schema\/logo\/image\/","url":"https:\/\/www.cegh.at\/wp-content\/uploads\/2023\/05\/Hauptlogo_RGB.jpg","contentUrl":"https:\/\/www.cegh.at\/wp-content\/uploads\/2023\/05\/Hauptlogo_RGB.jpg","width":3333,"height":2500,"caption":"CEGH"},"image":{"@id":"https:\/\/www.cegh.at\/cz\/#\/schema\/logo\/image\/"}}]}},"_links":{"self":[{"href":"https:\/\/www.cegh.at\/cz\/wp-json\/wp\/v2\/pages\/82952","targetHints":{"allow":["GET"]}}],"collection":[{"href":"https:\/\/www.cegh.at\/cz\/wp-json\/wp\/v2\/pages"}],"about":[{"href":"https:\/\/www.cegh.at\/cz\/wp-json\/wp\/v2\/types\/page"}],"author":[{"embeddable":true,"href":"https:\/\/www.cegh.at\/cz\/wp-json\/wp\/v2\/users\/4"}],"replies":[{"embeddable":true,"href":"https:\/\/www.cegh.at\/cz\/wp-json\/wp\/v2\/comments?post=82952"}],"version-history":[{"count":8,"href":"https:\/\/www.cegh.at\/cz\/wp-json\/wp\/v2\/pages\/82952\/revisions"}],"predecessor-version":[{"id":577077,"href":"https:\/\/www.cegh.at\/cz\/wp-json\/wp\/v2\/pages\/82952\/revisions\/577077"}],"wp:attachment":[{"href":"https:\/\/www.cegh.at\/cz\/wp-json\/wp\/v2\/media?parent=82952"}],"curies":[{"name":"wp","href":"https:\/\/api.w.org\/{rel}","templated":true}]}}