{"id":82958,"date":"2023-03-14T10:34:36","date_gmt":"2023-03-14T09:34:36","guid":{"rendered":"https:\/\/www.cegh.at\/o-nas\/organizace\/"},"modified":"2024-03-21T11:11:24","modified_gmt":"2024-03-21T10:11:24","slug":"organizace","status":"publish","type":"page","link":"https:\/\/www.cegh.at\/cz\/o-nas\/organizace\/","title":{"rendered":"Organizace"},"content":{"rendered":"\n\n\n\n\n\n\n\n\n\n\n\n    \n\n\n\n\n\n\n\n\n\n\n\n\n\n\n\n\n\n\n\n\n                    \n            <div class=\"ce ce-text pb-0\n         ce--mb-0                          ce--sp-small          ce--full\n             u-bgColor-white \"\n             id=\"block_16671e0417bee43291abfa63bbec91b7\">\n                                    <div class=\"container-fluid\">\n                            <div class=\"row\">\n                    <div class=\"cc-text__text col-12 col-md-12 col-xl-12 mx-auto text-left\">\n                        <div class=\"ce-textblock\" data-animation=\"true\" data-animation-duration=\"300\">\n    <div class=\"ce-textblock__text\">\n                    <p class=\"ce-textblock__topline\">Organizace<\/p>\n                            <h1 class=\"\"> Struktura akcion\u00e1\u0159\u016f <\/h1>\n                \n    <\/div>\n<\/div>\n                    <\/div>\n                <\/div>\n                        <\/div>\n                    <\/div>\n    \n        \n\n\n\n\n\n\n\n\n\n\n\n\n\n\n\n\n\n\n\n\n\n\n\n\n\n\n\n\n\n\n\n    \n        \n        \n    \n                                \n                            \n                                \n    \n    \n        \n    \n                                 \n            <div class=\"ce ce-textimage\n         ce--mb-standard                                                     ce--no-bg\n        \"\n             id=\"block_eb0bd01b14902b34dc0d4af4c351c09d\">\n                                    <div class=\"container-fluid\">\n                                <div class=\"row\">\n                    <div class=\"ce-textimage__text col-12 col-md-12 col-xl-8 mx-auto text-justify order-1 order-md-0 d-flex flex-column justify-content-center\">\n                        <div class=\"ce-textblock\" data-animation=\"true\" data-animation-duration=\"300\">\n    <div class=\"ce-textblock__text\">\n                        <p>&nbsp;<\/p>\n<p class=\"large\">Po zah\u00e1jen\u00ed spole\u010dn\u00e9 burzy plynu CEGH spole\u010dnosti Wiener Boerse na konci roku 2009 z\u00edskala Wiener Boerse AG 20% pod\u00edl ve spole\u010dnosti Central European Gas Hub AG, jak bylo ozn\u00e1meno 17. \u010dervna 2010. Pokra\u010duje tak \u00fasp\u011b\u0161n\u00e1 spolupr\u00e1ce mezi OMV a Wiener Boerse AG. V z\u00e1\u0159\u00ed 2012 z\u00edskala 15 % pod\u00edl slovensk\u00e1 spole\u010dnost Eustream, co\u017e je dal\u0161\u00ed impuls k pos\u00edlen\u00ed v\u00fdznamu pro st\u0159edn\u00ed a jihov\u00fdchodn\u00ed Evropu. To vytv\u00e1\u0159\u00ed nov\u00e9 p\u0159\u00edle\u017eitosti pro dal\u0161\u00ed tr\u017en\u00ed aktivity v regionu.<\/p>\n<p class=\"large\">Akcion\u00e1\u0159i spole\u010dnosti CEGH AG jsou OMV Gas Logistics Holding GmbH s pod\u00edlem 65%, Wiener Boerse AG s pod\u00edlem 20% a slovensk\u00fd Eustream a.s. s pod\u00edlem 15%.<\/p>\n\n    <\/div>\n<\/div>\n                    <\/div>\n                    <div class=\"ce-textimage__image col-12 col-md-12 col-xl-4 order-0 order-md-1 d-flex flex-column justify-content-center\">\n                        <figure  data-animation=\"fade-up\" data-animation-duration=\"300\" >\n                                                                                            <picture>\n                                                                            \n                                        \n                                                                                                                                                                \n                                        <source media=\"(min-width: 1600px)\" srcset=\"https:\/\/www.cegh.at\/wp-content\/uploads\/2023\/05\/graph-organization-533.33333333333x0-c-default.png\">\n                                        <source media=\"(min-width: 1200px)\" srcset=\"https:\/\/www.cegh.at\/wp-content\/uploads\/2023\/05\/graph-organization-533.33333333333x0-c-default.png\">\n                                        <source media=\"(min-width: 992px)\" srcset=\"https:\/\/www.cegh.at\/wp-content\/uploads\/2023\/05\/graph-organization-992x0-c-default.png\">\n                                        <source media=\"(min-width: 768px)\" srcset=\"https:\/\/www.cegh.at\/wp-content\/uploads\/2023\/05\/graph-organization-992x0-c-default.png\">\n                                        <source media=\"(min-width: 576px)\" srcset=\"https:\/\/www.cegh.at\/wp-content\/uploads\/2023\/05\/graph-organization-576x0-c-default.png\">\n                                        <source media=\"(min-width: 320px)\" srcset=\"https:\/\/www.cegh.at\/wp-content\/uploads\/2023\/05\/graph-organization-576x0-c-default.png\">\n                                        <source srcset=\"https:\/\/www.cegh.at\/wp-content\/uploads\/2023\/05\/graph-organization-576x0-c-default.png\">\n                                        <img loading=\"lazy\" decoding=\"async\" src=\"https:\/\/www.cegh.at\/wp-content\/uploads\/2023\/05\/graph-organization-533.33333333333x0-c-default.png\" alt=\"\" title=\"graph-organization\"\n                                             width=\"584\" height=\"584\"\n                                             class=\"img-fluid w-100\">\n                                                                    <\/picture>\n                            \n                                                    <\/figure>\n                    <\/div>\n                <\/div>\n                            <\/div>\n                    <\/div>\n    \n        ","protected":false},"excerpt":{"rendered":"","protected":false},"author":4,"featured_media":0,"parent":82952,"menu_order":0,"comment_status":"closed","ping_status":"closed","template":"","meta":{"_acf_changed":false,"content-type":"","footnotes":""},"class_list":["post-82958","page","type-page","status-publish","hentry"],"acf":[],"yoast_head":"<!-- This site is optimized with the Yoast SEO plugin v27.5 - https:\/\/yoast.com\/product\/yoast-seo-wordpress\/ -->\n<title>Organizace - CEGH<\/title>\n<meta name=\"description\" content=\"Seznamte se se strategick\u00fdmi partnerstv\u00edmi a vlastnickou strukturou spole\u010dnosti CEGH a s t\u00edm, jak na\u0161e organizace posiluje aktivity na trhu.\" \/>\n<meta name=\"robots\" content=\"index, follow, max-snippet:-1, max-image-preview:large, max-video-preview:-1\" \/>\n<link rel=\"canonical\" href=\"https:\/\/www.cegh.at\/cz\/o-nas\/organizace\/\" \/>\n<meta property=\"og:locale\" content=\"en_US\" \/>\n<meta property=\"og:type\" content=\"article\" \/>\n<meta property=\"og:title\" content=\"Organizace - CEGH\" \/>\n<meta property=\"og:description\" content=\"Seznamte se se strategick\u00fdmi partnerstv\u00edmi a vlastnickou strukturou spole\u010dnosti CEGH a s t\u00edm, jak na\u0161e organizace posiluje aktivity na trhu.\" \/>\n<meta property=\"og:url\" content=\"https:\/\/www.cegh.at\/cz\/o-nas\/organizace\/\" \/>\n<meta property=\"og:site_name\" content=\"CEGH\" \/>\n<meta property=\"article:modified_time\" content=\"2024-03-21T10:11:24+00:00\" \/>\n<meta name=\"twitter:card\" content=\"summary_large_image\" \/>\n<script type=\"application\/ld+json\" class=\"yoast-schema-graph\">{\"@context\":\"https:\\\/\\\/schema.org\",\"@graph\":[{\"@type\":\"WebPage\",\"@id\":\"https:\\\/\\\/www.cegh.at\\\/cz\\\/o-nas\\\/organizace\\\/\",\"url\":\"https:\\\/\\\/www.cegh.at\\\/cz\\\/o-nas\\\/organizace\\\/\",\"name\":\"Organizace - CEGH\",\"isPartOf\":{\"@id\":\"https:\\\/\\\/www.cegh.at\\\/cz\\\/#website\"},\"datePublished\":\"2023-03-14T09:34:36+00:00\",\"dateModified\":\"2024-03-21T10:11:24+00:00\",\"description\":\"Seznamte se se strategick\u00fdmi partnerstv\u00edmi a vlastnickou strukturou spole\u010dnosti CEGH a s t\u00edm, jak na\u0161e organizace posiluje aktivity na trhu.\",\"breadcrumb\":{\"@id\":\"https:\\\/\\\/www.cegh.at\\\/cz\\\/o-nas\\\/organizace\\\/#breadcrumb\"},\"inLanguage\":\"cz-CZ\",\"potentialAction\":[{\"@type\":\"ReadAction\",\"target\":[\"https:\\\/\\\/www.cegh.at\\\/cz\\\/o-nas\\\/organizace\\\/\"]}]},{\"@type\":\"BreadcrumbList\",\"@id\":\"https:\\\/\\\/www.cegh.at\\\/cz\\\/o-nas\\\/organizace\\\/#breadcrumb\",\"itemListElement\":[{\"@type\":\"ListItem\",\"position\":1,\"name\":\"Home\",\"item\":\"https:\\\/\\\/www.cegh.at\\\/cz\\\/\"},{\"@type\":\"ListItem\",\"position\":2,\"name\":\"O n\u00e1s\",\"item\":\"https:\\\/\\\/www.cegh.at\\\/cz\\\/o-nas\\\/\"},{\"@type\":\"ListItem\",\"position\":3,\"name\":\"Organizace\"}]},{\"@type\":\"WebSite\",\"@id\":\"https:\\\/\\\/www.cegh.at\\\/cz\\\/#website\",\"url\":\"https:\\\/\\\/www.cegh.at\\\/cz\\\/\",\"name\":\"CEGH\",\"description\":\"\",\"publisher\":{\"@id\":\"https:\\\/\\\/www.cegh.at\\\/cz\\\/#organization\"},\"potentialAction\":[{\"@type\":\"SearchAction\",\"target\":{\"@type\":\"EntryPoint\",\"urlTemplate\":\"https:\\\/\\\/www.cegh.at\\\/cz\\\/?s={search_term_string}\"},\"query-input\":{\"@type\":\"PropertyValueSpecification\",\"valueRequired\":true,\"valueName\":\"search_term_string\"}}],\"inLanguage\":\"cz-CZ\"},{\"@type\":\"Organization\",\"@id\":\"https:\\\/\\\/www.cegh.at\\\/cz\\\/#organization\",\"name\":\"CEGH\",\"url\":\"https:\\\/\\\/www.cegh.at\\\/cz\\\/\",\"logo\":{\"@type\":\"ImageObject\",\"inLanguage\":\"cz-CZ\",\"@id\":\"https:\\\/\\\/www.cegh.at\\\/cz\\\/#\\\/schema\\\/logo\\\/image\\\/\",\"url\":\"https:\\\/\\\/www.cegh.at\\\/wp-content\\\/uploads\\\/2023\\\/05\\\/Hauptlogo_RGB.jpg\",\"contentUrl\":\"https:\\\/\\\/www.cegh.at\\\/wp-content\\\/uploads\\\/2023\\\/05\\\/Hauptlogo_RGB.jpg\",\"width\":3333,\"height\":2500,\"caption\":\"CEGH\"},\"image\":{\"@id\":\"https:\\\/\\\/www.cegh.at\\\/cz\\\/#\\\/schema\\\/logo\\\/image\\\/\"}}]}<\/script>\n<!-- \/ Yoast SEO plugin. -->","yoast_head_json":{"title":"Organizace - CEGH","description":"Seznamte se se strategick\u00fdmi partnerstv\u00edmi a vlastnickou strukturou spole\u010dnosti CEGH a s t\u00edm, jak na\u0161e organizace posiluje aktivity na trhu.","robots":{"index":"index","follow":"follow","max-snippet":"max-snippet:-1","max-image-preview":"max-image-preview:large","max-video-preview":"max-video-preview:-1"},"canonical":"https:\/\/www.cegh.at\/cz\/o-nas\/organizace\/","og_locale":"en_US","og_type":"article","og_title":"Organizace - CEGH","og_description":"Seznamte se se strategick\u00fdmi partnerstv\u00edmi a vlastnickou strukturou spole\u010dnosti CEGH a s t\u00edm, jak na\u0161e organizace posiluje aktivity na trhu.","og_url":"https:\/\/www.cegh.at\/cz\/o-nas\/organizace\/","og_site_name":"CEGH","article_modified_time":"2024-03-21T10:11:24+00:00","twitter_card":"summary_large_image","schema":{"@context":"https:\/\/schema.org","@graph":[{"@type":"WebPage","@id":"https:\/\/www.cegh.at\/cz\/o-nas\/organizace\/","url":"https:\/\/www.cegh.at\/cz\/o-nas\/organizace\/","name":"Organizace - CEGH","isPartOf":{"@id":"https:\/\/www.cegh.at\/cz\/#website"},"datePublished":"2023-03-14T09:34:36+00:00","dateModified":"2024-03-21T10:11:24+00:00","description":"Seznamte se se strategick\u00fdmi partnerstv\u00edmi a vlastnickou strukturou spole\u010dnosti CEGH a s t\u00edm, jak na\u0161e organizace posiluje aktivity na trhu.","breadcrumb":{"@id":"https:\/\/www.cegh.at\/cz\/o-nas\/organizace\/#breadcrumb"},"inLanguage":"cz-CZ","potentialAction":[{"@type":"ReadAction","target":["https:\/\/www.cegh.at\/cz\/o-nas\/organizace\/"]}]},{"@type":"BreadcrumbList","@id":"https:\/\/www.cegh.at\/cz\/o-nas\/organizace\/#breadcrumb","itemListElement":[{"@type":"ListItem","position":1,"name":"Home","item":"https:\/\/www.cegh.at\/cz\/"},{"@type":"ListItem","position":2,"name":"O n\u00e1s","item":"https:\/\/www.cegh.at\/cz\/o-nas\/"},{"@type":"ListItem","position":3,"name":"Organizace"}]},{"@type":"WebSite","@id":"https:\/\/www.cegh.at\/cz\/#website","url":"https:\/\/www.cegh.at\/cz\/","name":"CEGH","description":"","publisher":{"@id":"https:\/\/www.cegh.at\/cz\/#organization"},"potentialAction":[{"@type":"SearchAction","target":{"@type":"EntryPoint","urlTemplate":"https:\/\/www.cegh.at\/cz\/?s={search_term_string}"},"query-input":{"@type":"PropertyValueSpecification","valueRequired":true,"valueName":"search_term_string"}}],"inLanguage":"cz-CZ"},{"@type":"Organization","@id":"https:\/\/www.cegh.at\/cz\/#organization","name":"CEGH","url":"https:\/\/www.cegh.at\/cz\/","logo":{"@type":"ImageObject","inLanguage":"cz-CZ","@id":"https:\/\/www.cegh.at\/cz\/#\/schema\/logo\/image\/","url":"https:\/\/www.cegh.at\/wp-content\/uploads\/2023\/05\/Hauptlogo_RGB.jpg","contentUrl":"https:\/\/www.cegh.at\/wp-content\/uploads\/2023\/05\/Hauptlogo_RGB.jpg","width":3333,"height":2500,"caption":"CEGH"},"image":{"@id":"https:\/\/www.cegh.at\/cz\/#\/schema\/logo\/image\/"}}]}},"_links":{"self":[{"href":"https:\/\/www.cegh.at\/cz\/wp-json\/wp\/v2\/pages\/82958","targetHints":{"allow":["GET"]}}],"collection":[{"href":"https:\/\/www.cegh.at\/cz\/wp-json\/wp\/v2\/pages"}],"about":[{"href":"https:\/\/www.cegh.at\/cz\/wp-json\/wp\/v2\/types\/page"}],"author":[{"embeddable":true,"href":"https:\/\/www.cegh.at\/cz\/wp-json\/wp\/v2\/users\/4"}],"replies":[{"embeddable":true,"href":"https:\/\/www.cegh.at\/cz\/wp-json\/wp\/v2\/comments?post=82958"}],"version-history":[{"count":10,"href":"https:\/\/www.cegh.at\/cz\/wp-json\/wp\/v2\/pages\/82958\/revisions"}],"predecessor-version":[{"id":529471,"href":"https:\/\/www.cegh.at\/cz\/wp-json\/wp\/v2\/pages\/82958\/revisions\/529471"}],"up":[{"embeddable":true,"href":"https:\/\/www.cegh.at\/cz\/wp-json\/wp\/v2\/pages\/82952"}],"wp:attachment":[{"href":"https:\/\/www.cegh.at\/cz\/wp-json\/wp\/v2\/media?parent=82958"}],"curies":[{"name":"wp","href":"https:\/\/api.w.org\/{rel}","templated":true}]}}