{"id":82963,"date":"2023-03-14T10:36:46","date_gmt":"2023-03-14T09:36:46","guid":{"rendered":"https:\/\/www.cegh.at\/o-nas\/organizace\/vykonna-rada\/"},"modified":"2024-03-21T10:45:52","modified_gmt":"2024-03-21T09:45:52","slug":"vykonna-rada","status":"publish","type":"page","link":"https:\/\/www.cegh.at\/cz\/o-nas\/organizace\/vykonna-rada\/","title":{"rendered":"V\u00fdkonn\u00e1 rada"},"content":{"rendered":"\n\n\n\n\n\n\n\n\n\n\n\n    \n\n\n\n\n\n\n\n\n\n\n\n\n\n\n\n\n\n\n\n\n                    \n            <div class=\"ce ce-text pb-0\n         ce--mb-0                          ce--sp-small          ce--full\n             u-bgColor-white \"\n             id=\"block_244c79812fba4cafcd2ba19129ab758c\">\n                                    <div class=\"container-fluid\">\n                            <div class=\"row\">\n                    <div class=\"cc-text__text col-12 col-md-12 col-xl-12 mx-auto text-left\">\n                        <div class=\"ce-textblock\" data-animation=\"true\" data-animation-duration=\"300\">\n    <div class=\"ce-textblock__text\">\n                    <p class=\"ce-textblock__topline\">Organizace<\/p>\n                            <h1 class=\"\"> V\u00fdkonn\u00e1 rada <\/h1>\n                \n    <\/div>\n<\/div>\n                    <\/div>\n                <\/div>\n                        <\/div>\n                    <\/div>\n    \n        \n\n\n\n\n\n\n\n\n\n\n\n\n\n\n\n\n\n\n\n\n\n\n\n\n\n\n\n\n\n\n\n\n                    \n    \n            <div class=\"ce ce-infocards\n         ce--mb-standard                                  ce--full\"  id=\"block_81a2b3a8e9b28f9be6e526626b12f7b2\">\n                        <div class=\"container-fluid\">\n                                            <div class=\"ce-infocards__container\">\n                                                                                                                                                                    <div class=\"ce-infocards__item ce-infocards__item--profile\">\n                                <figure class=\"\">\n                                    <picture>\n                                        <source srcset=\"https:\/\/www.cegh.at\/wp-content\/uploads\/2023\/05\/CEGH-Gottfried-Steiner-140x0-c-default.png,  2x\" \/>\n                                        <img decoding=\"async\" class=\"ce-infocards__profilePicture\" src=\"https:\/\/www.cegh.at\/wp-content\/uploads\/2023\/05\/CEGH-Gottfried-Steiner-140x0-c-default.png\" alt=\"\" title=\"\">\n                                    <\/picture>\n                                <\/figure>\n                                <div class=\"ce-infocards__content\">\n                                                                        <p class=\"ce-infocards__contentName u-small u-color-text-theme-blue\">\n                                        Gottfried Steiner\n                                    <\/p>\n                                                                                                            <p class=\"ce-infocards__contentPosition u-small u-color-grey-text\">\n                                        Chief Executive Officer\n                                    <\/p>\n                                                                                                            <a class=\"ce-infocards__contentTel\" href=\"tel:+43 1 270 2700 28501\">\n                                        Tel.: +43 1 270 2700 28501\n                                    <\/a>\n                                                                                                            <a class=\"ce-infocards__contentEmail\" href=\"mailto:gottfried.steiner@cegh.at\">\n                                        E-mail: gottfried.steiner@cegh.at\n                                    <\/a>\n                                                                    <\/div>\n                            <\/div>\n                                                                                                                                                                    <div class=\"ce-infocards__item ce-infocards__item--profile\">\n                                <figure class=\"\">\n                                    <picture>\n                                        <source srcset=\"https:\/\/www.cegh.at\/wp-content\/uploads\/2023\/05\/CEGH-Christine-140x0-c-default.png,  2x\" \/>\n                                        <img decoding=\"async\" class=\"ce-infocards__profilePicture\" src=\"https:\/\/www.cegh.at\/wp-content\/uploads\/2023\/05\/CEGH-Christine-140x0-c-default.png\" alt=\"\" title=\"\">\n                                    <\/picture>\n                                <\/figure>\n                                <div class=\"ce-infocards__content\">\n                                                                        <p class=\"ce-infocards__contentName u-small u-color-text-theme-blue\">\n                                        Christine Lahovnik\n                                    <\/p>\n                                                                                                            <p class=\"ce-infocards__contentPosition u-small u-color-grey-text\">\n                                        Assistant to the CEO\n                                    <\/p>\n                                                                                                            <a class=\"ce-infocards__contentTel\" href=\"tel:+43 1 270 2700 28501\">\n                                        Tel.: +43 1 270 2700 28501\n                                    <\/a>\n                                                                                                            <a class=\"ce-infocards__contentEmail\" href=\"mailto:christine.lahovnik@cegh.at\">\n                                        E-mail: christine.lahovnik@cegh.at\n                                    <\/a>\n                                                                    <\/div>\n                            <\/div>\n                                    <\/div>\n                            <\/div>\n                    <\/div>\n    \n        ","protected":false},"excerpt":{"rendered":"","protected":false},"author":4,"featured_media":0,"parent":82958,"menu_order":0,"comment_status":"closed","ping_status":"closed","template":"","meta":{"_acf_changed":false,"content-type":"","footnotes":""},"class_list":["post-82963","page","type-page","status-publish","hentry"],"acf":[],"yoast_head":"<!-- This site is optimized with the Yoast SEO plugin v27.3 - https:\/\/yoast.com\/product\/yoast-seo-wordpress\/ -->\n<title>V\u00fdkonn\u00e1 rada - CEGH<\/title>\n<meta name=\"description\" content=\"Prozkoumejte a seznamte se s lidmi, kte\u0159\u00ed tvo\u0159\u00ed na\u0161i v\u00fdkonnou radu: Gottfried Steiner a Christine Lahovnikov\u00e1.\" \/>\n<meta name=\"robots\" content=\"index, follow, max-snippet:-1, max-image-preview:large, max-video-preview:-1\" \/>\n<link rel=\"canonical\" href=\"https:\/\/www.cegh.at\/cz\/o-nas\/organizace\/vykonna-rada\/\" \/>\n<meta property=\"og:locale\" content=\"en_US\" \/>\n<meta property=\"og:type\" content=\"article\" \/>\n<meta property=\"og:title\" content=\"V\u00fdkonn\u00e1 rada - CEGH\" \/>\n<meta property=\"og:description\" content=\"Prozkoumejte a seznamte se s lidmi, kte\u0159\u00ed tvo\u0159\u00ed na\u0161i v\u00fdkonnou radu: Gottfried Steiner a Christine Lahovnikov\u00e1.\" \/>\n<meta property=\"og:url\" content=\"https:\/\/www.cegh.at\/cz\/o-nas\/organizace\/vykonna-rada\/\" \/>\n<meta property=\"og:site_name\" content=\"CEGH\" \/>\n<meta property=\"article:modified_time\" content=\"2024-03-21T09:45:52+00:00\" \/>\n<meta name=\"twitter:card\" content=\"summary_large_image\" \/>\n<script type=\"application\/ld+json\" class=\"yoast-schema-graph\">{\"@context\":\"https:\\\/\\\/schema.org\",\"@graph\":[{\"@type\":\"WebPage\",\"@id\":\"https:\\\/\\\/www.cegh.at\\\/cz\\\/o-nas\\\/organizace\\\/vykonna-rada\\\/\",\"url\":\"https:\\\/\\\/www.cegh.at\\\/cz\\\/o-nas\\\/organizace\\\/vykonna-rada\\\/\",\"name\":\"V\u00fdkonn\u00e1 rada - CEGH\",\"isPartOf\":{\"@id\":\"https:\\\/\\\/www.cegh.at\\\/cz\\\/#website\"},\"datePublished\":\"2023-03-14T09:36:46+00:00\",\"dateModified\":\"2024-03-21T09:45:52+00:00\",\"description\":\"Prozkoumejte a seznamte se s lidmi, kte\u0159\u00ed tvo\u0159\u00ed na\u0161i v\u00fdkonnou radu: Gottfried Steiner a Christine Lahovnikov\u00e1.\",\"breadcrumb\":{\"@id\":\"https:\\\/\\\/www.cegh.at\\\/cz\\\/o-nas\\\/organizace\\\/vykonna-rada\\\/#breadcrumb\"},\"inLanguage\":\"cz-CZ\",\"potentialAction\":[{\"@type\":\"ReadAction\",\"target\":[\"https:\\\/\\\/www.cegh.at\\\/cz\\\/o-nas\\\/organizace\\\/vykonna-rada\\\/\"]}]},{\"@type\":\"BreadcrumbList\",\"@id\":\"https:\\\/\\\/www.cegh.at\\\/cz\\\/o-nas\\\/organizace\\\/vykonna-rada\\\/#breadcrumb\",\"itemListElement\":[{\"@type\":\"ListItem\",\"position\":1,\"name\":\"Home\",\"item\":\"https:\\\/\\\/www.cegh.at\\\/cz\\\/\"},{\"@type\":\"ListItem\",\"position\":2,\"name\":\"O n\u00e1s\",\"item\":\"https:\\\/\\\/www.cegh.at\\\/cz\\\/o-nas\\\/\"},{\"@type\":\"ListItem\",\"position\":3,\"name\":\"Organizace\",\"item\":\"https:\\\/\\\/www.cegh.at\\\/cz\\\/o-nas\\\/organizace\\\/\"},{\"@type\":\"ListItem\",\"position\":4,\"name\":\"V\u00fdkonn\u00e1 rada\"}]},{\"@type\":\"WebSite\",\"@id\":\"https:\\\/\\\/www.cegh.at\\\/cz\\\/#website\",\"url\":\"https:\\\/\\\/www.cegh.at\\\/cz\\\/\",\"name\":\"CEGH\",\"description\":\"\",\"publisher\":{\"@id\":\"https:\\\/\\\/www.cegh.at\\\/cz\\\/#organization\"},\"potentialAction\":[{\"@type\":\"SearchAction\",\"target\":{\"@type\":\"EntryPoint\",\"urlTemplate\":\"https:\\\/\\\/www.cegh.at\\\/cz\\\/?s={search_term_string}\"},\"query-input\":{\"@type\":\"PropertyValueSpecification\",\"valueRequired\":true,\"valueName\":\"search_term_string\"}}],\"inLanguage\":\"cz-CZ\"},{\"@type\":\"Organization\",\"@id\":\"https:\\\/\\\/www.cegh.at\\\/cz\\\/#organization\",\"name\":\"CEGH\",\"url\":\"https:\\\/\\\/www.cegh.at\\\/cz\\\/\",\"logo\":{\"@type\":\"ImageObject\",\"inLanguage\":\"cz-CZ\",\"@id\":\"https:\\\/\\\/www.cegh.at\\\/cz\\\/#\\\/schema\\\/logo\\\/image\\\/\",\"url\":\"https:\\\/\\\/www.cegh.at\\\/wp-content\\\/uploads\\\/2023\\\/05\\\/Hauptlogo_RGB.jpg\",\"contentUrl\":\"https:\\\/\\\/www.cegh.at\\\/wp-content\\\/uploads\\\/2023\\\/05\\\/Hauptlogo_RGB.jpg\",\"width\":3333,\"height\":2500,\"caption\":\"CEGH\"},\"image\":{\"@id\":\"https:\\\/\\\/www.cegh.at\\\/cz\\\/#\\\/schema\\\/logo\\\/image\\\/\"}}]}<\/script>\n<!-- \/ Yoast SEO plugin. -->","yoast_head_json":{"title":"V\u00fdkonn\u00e1 rada - CEGH","description":"Prozkoumejte a seznamte se s lidmi, kte\u0159\u00ed tvo\u0159\u00ed na\u0161i v\u00fdkonnou radu: Gottfried Steiner a Christine Lahovnikov\u00e1.","robots":{"index":"index","follow":"follow","max-snippet":"max-snippet:-1","max-image-preview":"max-image-preview:large","max-video-preview":"max-video-preview:-1"},"canonical":"https:\/\/www.cegh.at\/cz\/o-nas\/organizace\/vykonna-rada\/","og_locale":"en_US","og_type":"article","og_title":"V\u00fdkonn\u00e1 rada - CEGH","og_description":"Prozkoumejte a seznamte se s lidmi, kte\u0159\u00ed tvo\u0159\u00ed na\u0161i v\u00fdkonnou radu: Gottfried Steiner a Christine Lahovnikov\u00e1.","og_url":"https:\/\/www.cegh.at\/cz\/o-nas\/organizace\/vykonna-rada\/","og_site_name":"CEGH","article_modified_time":"2024-03-21T09:45:52+00:00","twitter_card":"summary_large_image","schema":{"@context":"https:\/\/schema.org","@graph":[{"@type":"WebPage","@id":"https:\/\/www.cegh.at\/cz\/o-nas\/organizace\/vykonna-rada\/","url":"https:\/\/www.cegh.at\/cz\/o-nas\/organizace\/vykonna-rada\/","name":"V\u00fdkonn\u00e1 rada - CEGH","isPartOf":{"@id":"https:\/\/www.cegh.at\/cz\/#website"},"datePublished":"2023-03-14T09:36:46+00:00","dateModified":"2024-03-21T09:45:52+00:00","description":"Prozkoumejte a seznamte se s lidmi, kte\u0159\u00ed tvo\u0159\u00ed na\u0161i v\u00fdkonnou radu: Gottfried Steiner a Christine Lahovnikov\u00e1.","breadcrumb":{"@id":"https:\/\/www.cegh.at\/cz\/o-nas\/organizace\/vykonna-rada\/#breadcrumb"},"inLanguage":"cz-CZ","potentialAction":[{"@type":"ReadAction","target":["https:\/\/www.cegh.at\/cz\/o-nas\/organizace\/vykonna-rada\/"]}]},{"@type":"BreadcrumbList","@id":"https:\/\/www.cegh.at\/cz\/o-nas\/organizace\/vykonna-rada\/#breadcrumb","itemListElement":[{"@type":"ListItem","position":1,"name":"Home","item":"https:\/\/www.cegh.at\/cz\/"},{"@type":"ListItem","position":2,"name":"O n\u00e1s","item":"https:\/\/www.cegh.at\/cz\/o-nas\/"},{"@type":"ListItem","position":3,"name":"Organizace","item":"https:\/\/www.cegh.at\/cz\/o-nas\/organizace\/"},{"@type":"ListItem","position":4,"name":"V\u00fdkonn\u00e1 rada"}]},{"@type":"WebSite","@id":"https:\/\/www.cegh.at\/cz\/#website","url":"https:\/\/www.cegh.at\/cz\/","name":"CEGH","description":"","publisher":{"@id":"https:\/\/www.cegh.at\/cz\/#organization"},"potentialAction":[{"@type":"SearchAction","target":{"@type":"EntryPoint","urlTemplate":"https:\/\/www.cegh.at\/cz\/?s={search_term_string}"},"query-input":{"@type":"PropertyValueSpecification","valueRequired":true,"valueName":"search_term_string"}}],"inLanguage":"cz-CZ"},{"@type":"Organization","@id":"https:\/\/www.cegh.at\/cz\/#organization","name":"CEGH","url":"https:\/\/www.cegh.at\/cz\/","logo":{"@type":"ImageObject","inLanguage":"cz-CZ","@id":"https:\/\/www.cegh.at\/cz\/#\/schema\/logo\/image\/","url":"https:\/\/www.cegh.at\/wp-content\/uploads\/2023\/05\/Hauptlogo_RGB.jpg","contentUrl":"https:\/\/www.cegh.at\/wp-content\/uploads\/2023\/05\/Hauptlogo_RGB.jpg","width":3333,"height":2500,"caption":"CEGH"},"image":{"@id":"https:\/\/www.cegh.at\/cz\/#\/schema\/logo\/image\/"}}]}},"_links":{"self":[{"href":"https:\/\/www.cegh.at\/cz\/wp-json\/wp\/v2\/pages\/82963","targetHints":{"allow":["GET"]}}],"collection":[{"href":"https:\/\/www.cegh.at\/cz\/wp-json\/wp\/v2\/pages"}],"about":[{"href":"https:\/\/www.cegh.at\/cz\/wp-json\/wp\/v2\/types\/page"}],"author":[{"embeddable":true,"href":"https:\/\/www.cegh.at\/cz\/wp-json\/wp\/v2\/users\/4"}],"replies":[{"embeddable":true,"href":"https:\/\/www.cegh.at\/cz\/wp-json\/wp\/v2\/comments?post=82963"}],"version-history":[{"count":12,"href":"https:\/\/www.cegh.at\/cz\/wp-json\/wp\/v2\/pages\/82963\/revisions"}],"predecessor-version":[{"id":529383,"href":"https:\/\/www.cegh.at\/cz\/wp-json\/wp\/v2\/pages\/82963\/revisions\/529383"}],"up":[{"embeddable":true,"href":"https:\/\/www.cegh.at\/cz\/wp-json\/wp\/v2\/pages\/82958"}],"wp:attachment":[{"href":"https:\/\/www.cegh.at\/cz\/wp-json\/wp\/v2\/media?parent=82963"}],"curies":[{"name":"wp","href":"https:\/\/api.w.org\/{rel}","templated":true}]}}