{"id":82978,"date":"2023-03-14T10:37:35","date_gmt":"2023-03-14T09:37:35","guid":{"rendered":"https:\/\/www.cegh.at\/o-nas\/organizace\/finance-a-sluzby\/"},"modified":"2024-07-04T10:10:17","modified_gmt":"2024-07-04T08:10:17","slug":"finance-a-sluzby","status":"publish","type":"page","link":"https:\/\/www.cegh.at\/cz\/o-nas\/organizace\/finance-a-sluzby\/","title":{"rendered":"GreenGas &amp; Services"},"content":{"rendered":"\n\n\n\n\n\n\n\n\n\n\n\n    \n\n\n\n\n\n\n\n\n\n\n\n\n\n\n\n\n\n\n\n\n                    \n            <div class=\"ce ce-text pb-0\n         ce--mb-small                          ce--sp-small          ce--full\n             u-bgColor-white \"\n             id=\"block_a6a8bb4c051a168bac20bb6765bd6e03\">\n                                    <div class=\"container-fluid\">\n                            <div class=\"row\">\n                    <div class=\"cc-text__text col-12 col-md-12 col-xl-12 mx-auto text-left\">\n                        <div class=\"ce-textblock\" data-animation=\"true\" data-animation-duration=\"300\">\n    <div class=\"ce-textblock__text\">\n                    <p class=\"ce-textblock__topline\">Organizace<\/p>\n                            <h1 class=\"\"> GreenGas &amp; Services <\/h1>\n                \n    <\/div>\n<\/div>\n                    <\/div>\n                <\/div>\n                        <\/div>\n                    <\/div>\n    \n        \n\n\n\n\n\n\n\n\n\n\n\n\n\n\n\n\n\n\n\n\n\n\n\n\n\n\n\n\n\n\n\n\n                    \n    \n            <div class=\"ce ce-infocards\n         ce--mb-standard                                  ce--full\"  id=\"block_b72866b9d6dde0956f0635af076f9a17\">\n                        <div class=\"container-fluid\">\n                                            <div class=\"ce-infocards__container\">\n                                                                                                                                                                    <div class=\"ce-infocards__item ce-infocards__item--profile\">\n                                <figure class=\"\">\n                                    <picture>\n                                        <source srcset=\"https:\/\/www.cegh.at\/wp-content\/uploads\/2023\/05\/CEGH-Heinz-140x0-c-default.png,  2x\" \/>\n                                        <img decoding=\"async\" class=\"ce-infocards__profilePicture\" src=\"https:\/\/www.cegh.at\/wp-content\/uploads\/2023\/05\/CEGH-Heinz-140x0-c-default.png\" alt=\"\" title=\"\">\n                                    <\/picture>\n                                <\/figure>\n                                <div class=\"ce-infocards__content\">\n                                                                        <p class=\"ce-infocards__contentName u-small u-color-text-theme-blue\">\n                                        Heinz Reiter\n                                    <\/p>\n                                                                                                            <p class=\"ce-infocards__contentPosition u-small u-color-grey-text\">\n                                        Head of Green Gas &#038; Services\n                                    <\/p>\n                                                                                                            <a class=\"ce-infocards__contentTel\" href=\"tel:+43 1 270 2700 28533\">\n                                        Tel.: +43 1 270 2700 28533\n                                    <\/a>\n                                                                                                            <a class=\"ce-infocards__contentEmail\" href=\"mailto:heinz.reiter@cegh.at\">\n                                        E-mail: heinz.reiter@cegh.at\n                                    <\/a>\n                                                                    <\/div>\n                            <\/div>\n                                                                                                                                                                    <div class=\"ce-infocards__item ce-infocards__item--profile\">\n                                <figure class=\"\">\n                                    <picture>\n                                        <source srcset=\"https:\/\/www.cegh.at\/wp-content\/uploads\/2023\/05\/CEGH-Daniela-140x0-c-default.png,  2x\" \/>\n                                        <img decoding=\"async\" class=\"ce-infocards__profilePicture\" src=\"https:\/\/www.cegh.at\/wp-content\/uploads\/2023\/05\/CEGH-Daniela-140x0-c-default.png\" alt=\"\" title=\"\">\n                                    <\/picture>\n                                <\/figure>\n                                <div class=\"ce-infocards__content\">\n                                                                        <p class=\"ce-infocards__contentName u-small u-color-text-theme-blue\">\n                                        Daniela Sprengnagel\n                                    <\/p>\n                                                                                                            <p class=\"ce-infocards__contentPosition u-small u-color-grey-text\">\n                                        Finance &#038; Services Specialist\n                                    <\/p>\n                                                                                                            <a class=\"ce-infocards__contentTel\" href=\"tel:+43 1 270 2700 28507\">\n                                        Tel.: +43 1 270 2700 28507\n                                    <\/a>\n                                                                                                            <a class=\"ce-infocards__contentEmail\" href=\"mailto:daniela.sprengnagel@cegh.at\">\n                                        E-mail: daniela.sprengnagel@cegh.at\n                                    <\/a>\n                                                                    <\/div>\n                            <\/div>\n                                                                                                                                                                    <div class=\"ce-infocards__item ce-infocards__item--profile\">\n                                <figure class=\"\">\n                                    <picture>\n                                        <source srcset=\"https:\/\/www.cegh.at\/wp-content\/uploads\/2023\/05\/CEGH-Tamas-140x0-c-default.png,  2x\" \/>\n                                        <img decoding=\"async\" class=\"ce-infocards__profilePicture\" src=\"https:\/\/www.cegh.at\/wp-content\/uploads\/2023\/05\/CEGH-Tamas-140x0-c-default.png\" alt=\"\" title=\"\">\n                                    <\/picture>\n                                <\/figure>\n                                <div class=\"ce-infocards__content\">\n                                                                        <p class=\"ce-infocards__contentName u-small u-color-text-theme-blue\">\n                                        Tam\u00e1s Kov\u00e1cs\n                                    <\/p>\n                                                                                                            <p class=\"ce-infocards__contentPosition u-small u-color-grey-text\">\n                                        Professional Commercial Analyst\n                                    <\/p>\n                                                                                                            <a class=\"ce-infocards__contentTel\" href=\"tel:+43 664 6120 622\">\n                                        Tel.: +43 664 6120 622\n                                    <\/a>\n                                                                                                            <a class=\"ce-infocards__contentEmail\" href=\"mailto:tamas.kovacs@cegh.at\">\n                                        E-mail: tamas.kovacs@cegh.at\n                                    <\/a>\n                                                                    <\/div>\n                            <\/div>\n                                    <\/div>\n                            <\/div>\n                    <\/div>\n    \n        \n\n\n\n\n\n\n\n\n\n\n\n\n\n\n\n\n\n\n\n\n\n\n\n\n\n\n\n\n\n\n\n\n                    \n            <div class=\"ce ce-text pb-0\n         ce--mb-standard                                 \"\n             id=\"block_267692d90c2dbe318bdd52ed18f73935\">\n                                    <div class=\"container-fluid\">\n                            <div class=\"row\">\n                    <div class=\"cc-text__text col-12 col-md-12 col-xl-12 mx-auto text-left\">\n                        <div class=\"ce-textblock\" data-animation=\"true\" data-animation-duration=\"300\">\n    <div class=\"ce-textblock__text\">\n                        <p class=\"p1\">Pokud m\u00e1te jak\u00e9koli dotazy t\u00fdkaj\u00edc\u00ed se faktur, nev\u00e1hejte kontaktovat n\u00e1\u0161 finan\u010dn\u00ed t\u00fdm prost\u0159ednictv\u00edm <a href=\"mailto:finance@cegh.at\">finance@cegh.at<\/a>.<\/p>\n<p>&nbsp;<\/p>\n\n    <\/div>\n<\/div>\n                    <\/div>\n                <\/div>\n                        <\/div>\n                    <\/div>\n    \n        ","protected":false},"excerpt":{"rendered":"","protected":false},"author":4,"featured_media":0,"parent":82958,"menu_order":0,"comment_status":"closed","ping_status":"closed","template":"","meta":{"_acf_changed":false,"content-type":"","footnotes":""},"class_list":["post-82978","page","type-page","status-publish","hentry"],"acf":[],"yoast_head":"<!-- This site is optimized with the Yoast SEO plugin v27.3 - https:\/\/yoast.com\/product\/yoast-seo-wordpress\/ -->\n<title>GreenGas &amp; Services - CEGH<\/title>\n<meta name=\"robots\" content=\"index, follow, max-snippet:-1, max-image-preview:large, max-video-preview:-1\" \/>\n<link rel=\"canonical\" href=\"https:\/\/www.cegh.at\/cz\/o-nas\/organizace\/finance-a-sluzby\/\" \/>\n<meta property=\"og:locale\" content=\"en_US\" \/>\n<meta property=\"og:type\" content=\"article\" \/>\n<meta property=\"og:title\" content=\"GreenGas &amp; Services - CEGH\" \/>\n<meta property=\"og:url\" content=\"https:\/\/www.cegh.at\/cz\/o-nas\/organizace\/finance-a-sluzby\/\" \/>\n<meta property=\"og:site_name\" content=\"CEGH\" \/>\n<meta property=\"article:modified_time\" content=\"2024-07-04T08:10:17+00:00\" \/>\n<meta name=\"twitter:card\" content=\"summary_large_image\" \/>\n<script type=\"application\/ld+json\" class=\"yoast-schema-graph\">{\"@context\":\"https:\\\/\\\/schema.org\",\"@graph\":[{\"@type\":\"WebPage\",\"@id\":\"https:\\\/\\\/www.cegh.at\\\/cz\\\/o-nas\\\/organizace\\\/finance-a-sluzby\\\/\",\"url\":\"https:\\\/\\\/www.cegh.at\\\/cz\\\/o-nas\\\/organizace\\\/finance-a-sluzby\\\/\",\"name\":\"GreenGas &amp; Services - CEGH\",\"isPartOf\":{\"@id\":\"https:\\\/\\\/www.cegh.at\\\/cz\\\/#website\"},\"datePublished\":\"2023-03-14T09:37:35+00:00\",\"dateModified\":\"2024-07-04T08:10:17+00:00\",\"breadcrumb\":{\"@id\":\"https:\\\/\\\/www.cegh.at\\\/cz\\\/o-nas\\\/organizace\\\/finance-a-sluzby\\\/#breadcrumb\"},\"inLanguage\":\"cz-CZ\",\"potentialAction\":[{\"@type\":\"ReadAction\",\"target\":[\"https:\\\/\\\/www.cegh.at\\\/cz\\\/o-nas\\\/organizace\\\/finance-a-sluzby\\\/\"]}]},{\"@type\":\"BreadcrumbList\",\"@id\":\"https:\\\/\\\/www.cegh.at\\\/cz\\\/o-nas\\\/organizace\\\/finance-a-sluzby\\\/#breadcrumb\",\"itemListElement\":[{\"@type\":\"ListItem\",\"position\":1,\"name\":\"Home\",\"item\":\"https:\\\/\\\/www.cegh.at\\\/cz\\\/\"},{\"@type\":\"ListItem\",\"position\":2,\"name\":\"O n\u00e1s\",\"item\":\"https:\\\/\\\/www.cegh.at\\\/cz\\\/o-nas\\\/\"},{\"@type\":\"ListItem\",\"position\":3,\"name\":\"Organizace\",\"item\":\"https:\\\/\\\/www.cegh.at\\\/cz\\\/o-nas\\\/organizace\\\/\"},{\"@type\":\"ListItem\",\"position\":4,\"name\":\"GreenGas &amp; Services\"}]},{\"@type\":\"WebSite\",\"@id\":\"https:\\\/\\\/www.cegh.at\\\/cz\\\/#website\",\"url\":\"https:\\\/\\\/www.cegh.at\\\/cz\\\/\",\"name\":\"CEGH\",\"description\":\"\",\"publisher\":{\"@id\":\"https:\\\/\\\/www.cegh.at\\\/cz\\\/#organization\"},\"potentialAction\":[{\"@type\":\"SearchAction\",\"target\":{\"@type\":\"EntryPoint\",\"urlTemplate\":\"https:\\\/\\\/www.cegh.at\\\/cz\\\/?s={search_term_string}\"},\"query-input\":{\"@type\":\"PropertyValueSpecification\",\"valueRequired\":true,\"valueName\":\"search_term_string\"}}],\"inLanguage\":\"cz-CZ\"},{\"@type\":\"Organization\",\"@id\":\"https:\\\/\\\/www.cegh.at\\\/cz\\\/#organization\",\"name\":\"CEGH\",\"url\":\"https:\\\/\\\/www.cegh.at\\\/cz\\\/\",\"logo\":{\"@type\":\"ImageObject\",\"inLanguage\":\"cz-CZ\",\"@id\":\"https:\\\/\\\/www.cegh.at\\\/cz\\\/#\\\/schema\\\/logo\\\/image\\\/\",\"url\":\"https:\\\/\\\/www.cegh.at\\\/wp-content\\\/uploads\\\/2023\\\/05\\\/Hauptlogo_RGB.jpg\",\"contentUrl\":\"https:\\\/\\\/www.cegh.at\\\/wp-content\\\/uploads\\\/2023\\\/05\\\/Hauptlogo_RGB.jpg\",\"width\":3333,\"height\":2500,\"caption\":\"CEGH\"},\"image\":{\"@id\":\"https:\\\/\\\/www.cegh.at\\\/cz\\\/#\\\/schema\\\/logo\\\/image\\\/\"}}]}<\/script>\n<!-- \/ Yoast SEO plugin. -->","yoast_head_json":{"title":"GreenGas &amp; Services - CEGH","robots":{"index":"index","follow":"follow","max-snippet":"max-snippet:-1","max-image-preview":"max-image-preview:large","max-video-preview":"max-video-preview:-1"},"canonical":"https:\/\/www.cegh.at\/cz\/o-nas\/organizace\/finance-a-sluzby\/","og_locale":"en_US","og_type":"article","og_title":"GreenGas &amp; Services - CEGH","og_url":"https:\/\/www.cegh.at\/cz\/o-nas\/organizace\/finance-a-sluzby\/","og_site_name":"CEGH","article_modified_time":"2024-07-04T08:10:17+00:00","twitter_card":"summary_large_image","schema":{"@context":"https:\/\/schema.org","@graph":[{"@type":"WebPage","@id":"https:\/\/www.cegh.at\/cz\/o-nas\/organizace\/finance-a-sluzby\/","url":"https:\/\/www.cegh.at\/cz\/o-nas\/organizace\/finance-a-sluzby\/","name":"GreenGas &amp; Services - CEGH","isPartOf":{"@id":"https:\/\/www.cegh.at\/cz\/#website"},"datePublished":"2023-03-14T09:37:35+00:00","dateModified":"2024-07-04T08:10:17+00:00","breadcrumb":{"@id":"https:\/\/www.cegh.at\/cz\/o-nas\/organizace\/finance-a-sluzby\/#breadcrumb"},"inLanguage":"cz-CZ","potentialAction":[{"@type":"ReadAction","target":["https:\/\/www.cegh.at\/cz\/o-nas\/organizace\/finance-a-sluzby\/"]}]},{"@type":"BreadcrumbList","@id":"https:\/\/www.cegh.at\/cz\/o-nas\/organizace\/finance-a-sluzby\/#breadcrumb","itemListElement":[{"@type":"ListItem","position":1,"name":"Home","item":"https:\/\/www.cegh.at\/cz\/"},{"@type":"ListItem","position":2,"name":"O n\u00e1s","item":"https:\/\/www.cegh.at\/cz\/o-nas\/"},{"@type":"ListItem","position":3,"name":"Organizace","item":"https:\/\/www.cegh.at\/cz\/o-nas\/organizace\/"},{"@type":"ListItem","position":4,"name":"GreenGas &amp; Services"}]},{"@type":"WebSite","@id":"https:\/\/www.cegh.at\/cz\/#website","url":"https:\/\/www.cegh.at\/cz\/","name":"CEGH","description":"","publisher":{"@id":"https:\/\/www.cegh.at\/cz\/#organization"},"potentialAction":[{"@type":"SearchAction","target":{"@type":"EntryPoint","urlTemplate":"https:\/\/www.cegh.at\/cz\/?s={search_term_string}"},"query-input":{"@type":"PropertyValueSpecification","valueRequired":true,"valueName":"search_term_string"}}],"inLanguage":"cz-CZ"},{"@type":"Organization","@id":"https:\/\/www.cegh.at\/cz\/#organization","name":"CEGH","url":"https:\/\/www.cegh.at\/cz\/","logo":{"@type":"ImageObject","inLanguage":"cz-CZ","@id":"https:\/\/www.cegh.at\/cz\/#\/schema\/logo\/image\/","url":"https:\/\/www.cegh.at\/wp-content\/uploads\/2023\/05\/Hauptlogo_RGB.jpg","contentUrl":"https:\/\/www.cegh.at\/wp-content\/uploads\/2023\/05\/Hauptlogo_RGB.jpg","width":3333,"height":2500,"caption":"CEGH"},"image":{"@id":"https:\/\/www.cegh.at\/cz\/#\/schema\/logo\/image\/"}}]}},"_links":{"self":[{"href":"https:\/\/www.cegh.at\/cz\/wp-json\/wp\/v2\/pages\/82978","targetHints":{"allow":["GET"]}}],"collection":[{"href":"https:\/\/www.cegh.at\/cz\/wp-json\/wp\/v2\/pages"}],"about":[{"href":"https:\/\/www.cegh.at\/cz\/wp-json\/wp\/v2\/types\/page"}],"author":[{"embeddable":true,"href":"https:\/\/www.cegh.at\/cz\/wp-json\/wp\/v2\/users\/4"}],"replies":[{"embeddable":true,"href":"https:\/\/www.cegh.at\/cz\/wp-json\/wp\/v2\/comments?post=82978"}],"version-history":[{"count":12,"href":"https:\/\/www.cegh.at\/cz\/wp-json\/wp\/v2\/pages\/82978\/revisions"}],"predecessor-version":[{"id":237661,"href":"https:\/\/www.cegh.at\/cz\/wp-json\/wp\/v2\/pages\/82978\/revisions\/237661"}],"up":[{"embeddable":true,"href":"https:\/\/www.cegh.at\/cz\/wp-json\/wp\/v2\/pages\/82958"}],"wp:attachment":[{"href":"https:\/\/www.cegh.at\/cz\/wp-json\/wp\/v2\/media?parent=82978"}],"curies":[{"name":"wp","href":"https:\/\/api.w.org\/{rel}","templated":true}]}}