{"id":86206,"date":"2023-03-14T10:17:58","date_gmt":"2023-03-14T09:17:58","guid":{"rendered":"https:\/\/www.cegh.at\/trh-gas-exchange\/market-data\/"},"modified":"2025-03-17T09:38:27","modified_gmt":"2025-03-17T08:38:27","slug":"market-data","status":"publish","type":"page","link":"https:\/\/www.cegh.at\/cz\/trh-gas-exchange\/market-data\/","title":{"rendered":"\u00dadaje o trhu"},"content":{"rendered":"","protected":false},"excerpt":{"rendered":"","protected":false},"author":4,"featured_media":0,"parent":82126,"menu_order":0,"comment_status":"closed","ping_status":"closed","template":"page_marketdata.php","meta":{"_acf_changed":false,"content-type":"","footnotes":""},"class_list":["post-86206","page","type-page","status-publish","hentry"],"acf":[],"yoast_head":"<!-- This site is optimized with the Yoast SEO plugin v27.3 - https:\/\/yoast.com\/product\/yoast-seo-wordpress\/ -->\n<title>\u00dadaje o trhu - CEGH<\/title>\n<meta name=\"description\" content=\"Z\u00edskejte p\u0159\u00edstup k nejnov\u011bj\u0161\u00edm tr\u017en\u00edm \u00fadaj\u016fm o produktech EEX CEGH, v\u010detn\u011b aktu\u00e1ln\u00edch informac\u00ed o tr\u017en\u00edch trendech, cen\u00e1ch a obchodn\u00ed aktivit\u011b.\" \/>\n<meta name=\"robots\" content=\"index, follow, max-snippet:-1, max-image-preview:large, max-video-preview:-1\" \/>\n<link rel=\"canonical\" href=\"https:\/\/www.cegh.at\/cz\/trh-gas-exchange\/market-data\/\" \/>\n<meta property=\"og:locale\" content=\"en_US\" \/>\n<meta property=\"og:type\" content=\"article\" \/>\n<meta property=\"og:title\" content=\"\u00dadaje o trhu - CEGH\" \/>\n<meta property=\"og:description\" content=\"Z\u00edskejte p\u0159\u00edstup k nejnov\u011bj\u0161\u00edm tr\u017en\u00edm \u00fadaj\u016fm o produktech EEX CEGH, v\u010detn\u011b aktu\u00e1ln\u00edch informac\u00ed o tr\u017en\u00edch trendech, cen\u00e1ch a obchodn\u00ed aktivit\u011b.\" \/>\n<meta property=\"og:url\" content=\"https:\/\/www.cegh.at\/cz\/trh-gas-exchange\/market-data\/\" \/>\n<meta property=\"og:site_name\" content=\"CEGH\" \/>\n<meta property=\"article:modified_time\" content=\"2025-03-17T08:38:27+00:00\" \/>\n<meta name=\"twitter:card\" content=\"summary_large_image\" \/>\n<script type=\"application\/ld+json\" class=\"yoast-schema-graph\">{\"@context\":\"https:\\\/\\\/schema.org\",\"@graph\":[{\"@type\":\"WebPage\",\"@id\":\"https:\\\/\\\/www.cegh.at\\\/cz\\\/trh-gas-exchange\\\/market-data\\\/\",\"url\":\"https:\\\/\\\/www.cegh.at\\\/cz\\\/trh-gas-exchange\\\/market-data\\\/\",\"name\":\"\u00dadaje o trhu - CEGH\",\"isPartOf\":{\"@id\":\"https:\\\/\\\/www.cegh.at\\\/cz\\\/#website\"},\"datePublished\":\"2023-03-14T09:17:58+00:00\",\"dateModified\":\"2025-03-17T08:38:27+00:00\",\"description\":\"Z\u00edskejte p\u0159\u00edstup k nejnov\u011bj\u0161\u00edm tr\u017en\u00edm \u00fadaj\u016fm o produktech EEX CEGH, v\u010detn\u011b aktu\u00e1ln\u00edch informac\u00ed o tr\u017en\u00edch trendech, cen\u00e1ch a obchodn\u00ed aktivit\u011b.\",\"breadcrumb\":{\"@id\":\"https:\\\/\\\/www.cegh.at\\\/cz\\\/trh-gas-exchange\\\/market-data\\\/#breadcrumb\"},\"inLanguage\":\"cz-CZ\",\"potentialAction\":[{\"@type\":\"ReadAction\",\"target\":[\"https:\\\/\\\/www.cegh.at\\\/cz\\\/trh-gas-exchange\\\/market-data\\\/\"]}]},{\"@type\":\"BreadcrumbList\",\"@id\":\"https:\\\/\\\/www.cegh.at\\\/cz\\\/trh-gas-exchange\\\/market-data\\\/#breadcrumb\",\"itemListElement\":[{\"@type\":\"ListItem\",\"position\":1,\"name\":\"Home\",\"item\":\"https:\\\/\\\/www.cegh.at\\\/cz\\\/\"},{\"@type\":\"ListItem\",\"position\":2,\"name\":\"Trh Gas Exchange\",\"item\":\"https:\\\/\\\/www.cegh.at\\\/cz\\\/trh-gas-exchange\\\/\"},{\"@type\":\"ListItem\",\"position\":3,\"name\":\"\u00dadaje o trhu\"}]},{\"@type\":\"WebSite\",\"@id\":\"https:\\\/\\\/www.cegh.at\\\/cz\\\/#website\",\"url\":\"https:\\\/\\\/www.cegh.at\\\/cz\\\/\",\"name\":\"CEGH\",\"description\":\"\",\"publisher\":{\"@id\":\"https:\\\/\\\/www.cegh.at\\\/cz\\\/#organization\"},\"potentialAction\":[{\"@type\":\"SearchAction\",\"target\":{\"@type\":\"EntryPoint\",\"urlTemplate\":\"https:\\\/\\\/www.cegh.at\\\/cz\\\/?s={search_term_string}\"},\"query-input\":{\"@type\":\"PropertyValueSpecification\",\"valueRequired\":true,\"valueName\":\"search_term_string\"}}],\"inLanguage\":\"cz-CZ\"},{\"@type\":\"Organization\",\"@id\":\"https:\\\/\\\/www.cegh.at\\\/cz\\\/#organization\",\"name\":\"CEGH\",\"url\":\"https:\\\/\\\/www.cegh.at\\\/cz\\\/\",\"logo\":{\"@type\":\"ImageObject\",\"inLanguage\":\"cz-CZ\",\"@id\":\"https:\\\/\\\/www.cegh.at\\\/cz\\\/#\\\/schema\\\/logo\\\/image\\\/\",\"url\":\"https:\\\/\\\/www.cegh.at\\\/wp-content\\\/uploads\\\/2023\\\/05\\\/Hauptlogo_RGB.jpg\",\"contentUrl\":\"https:\\\/\\\/www.cegh.at\\\/wp-content\\\/uploads\\\/2023\\\/05\\\/Hauptlogo_RGB.jpg\",\"width\":3333,\"height\":2500,\"caption\":\"CEGH\"},\"image\":{\"@id\":\"https:\\\/\\\/www.cegh.at\\\/cz\\\/#\\\/schema\\\/logo\\\/image\\\/\"}}]}<\/script>\n<!-- \/ Yoast SEO plugin. -->","yoast_head_json":{"title":"\u00dadaje o trhu - CEGH","description":"Z\u00edskejte p\u0159\u00edstup k nejnov\u011bj\u0161\u00edm tr\u017en\u00edm \u00fadaj\u016fm o produktech EEX CEGH, v\u010detn\u011b aktu\u00e1ln\u00edch informac\u00ed o tr\u017en\u00edch trendech, cen\u00e1ch a obchodn\u00ed aktivit\u011b.","robots":{"index":"index","follow":"follow","max-snippet":"max-snippet:-1","max-image-preview":"max-image-preview:large","max-video-preview":"max-video-preview:-1"},"canonical":"https:\/\/www.cegh.at\/cz\/trh-gas-exchange\/market-data\/","og_locale":"en_US","og_type":"article","og_title":"\u00dadaje o trhu - CEGH","og_description":"Z\u00edskejte p\u0159\u00edstup k nejnov\u011bj\u0161\u00edm tr\u017en\u00edm \u00fadaj\u016fm o produktech EEX CEGH, v\u010detn\u011b aktu\u00e1ln\u00edch informac\u00ed o tr\u017en\u00edch trendech, cen\u00e1ch a obchodn\u00ed aktivit\u011b.","og_url":"https:\/\/www.cegh.at\/cz\/trh-gas-exchange\/market-data\/","og_site_name":"CEGH","article_modified_time":"2025-03-17T08:38:27+00:00","twitter_card":"summary_large_image","schema":{"@context":"https:\/\/schema.org","@graph":[{"@type":"WebPage","@id":"https:\/\/www.cegh.at\/cz\/trh-gas-exchange\/market-data\/","url":"https:\/\/www.cegh.at\/cz\/trh-gas-exchange\/market-data\/","name":"\u00dadaje o trhu - CEGH","isPartOf":{"@id":"https:\/\/www.cegh.at\/cz\/#website"},"datePublished":"2023-03-14T09:17:58+00:00","dateModified":"2025-03-17T08:38:27+00:00","description":"Z\u00edskejte p\u0159\u00edstup k nejnov\u011bj\u0161\u00edm tr\u017en\u00edm \u00fadaj\u016fm o produktech EEX CEGH, v\u010detn\u011b aktu\u00e1ln\u00edch informac\u00ed o tr\u017en\u00edch trendech, cen\u00e1ch a obchodn\u00ed aktivit\u011b.","breadcrumb":{"@id":"https:\/\/www.cegh.at\/cz\/trh-gas-exchange\/market-data\/#breadcrumb"},"inLanguage":"cz-CZ","potentialAction":[{"@type":"ReadAction","target":["https:\/\/www.cegh.at\/cz\/trh-gas-exchange\/market-data\/"]}]},{"@type":"BreadcrumbList","@id":"https:\/\/www.cegh.at\/cz\/trh-gas-exchange\/market-data\/#breadcrumb","itemListElement":[{"@type":"ListItem","position":1,"name":"Home","item":"https:\/\/www.cegh.at\/cz\/"},{"@type":"ListItem","position":2,"name":"Trh Gas Exchange","item":"https:\/\/www.cegh.at\/cz\/trh-gas-exchange\/"},{"@type":"ListItem","position":3,"name":"\u00dadaje o trhu"}]},{"@type":"WebSite","@id":"https:\/\/www.cegh.at\/cz\/#website","url":"https:\/\/www.cegh.at\/cz\/","name":"CEGH","description":"","publisher":{"@id":"https:\/\/www.cegh.at\/cz\/#organization"},"potentialAction":[{"@type":"SearchAction","target":{"@type":"EntryPoint","urlTemplate":"https:\/\/www.cegh.at\/cz\/?s={search_term_string}"},"query-input":{"@type":"PropertyValueSpecification","valueRequired":true,"valueName":"search_term_string"}}],"inLanguage":"cz-CZ"},{"@type":"Organization","@id":"https:\/\/www.cegh.at\/cz\/#organization","name":"CEGH","url":"https:\/\/www.cegh.at\/cz\/","logo":{"@type":"ImageObject","inLanguage":"cz-CZ","@id":"https:\/\/www.cegh.at\/cz\/#\/schema\/logo\/image\/","url":"https:\/\/www.cegh.at\/wp-content\/uploads\/2023\/05\/Hauptlogo_RGB.jpg","contentUrl":"https:\/\/www.cegh.at\/wp-content\/uploads\/2023\/05\/Hauptlogo_RGB.jpg","width":3333,"height":2500,"caption":"CEGH"},"image":{"@id":"https:\/\/www.cegh.at\/cz\/#\/schema\/logo\/image\/"}}]}},"_links":{"self":[{"href":"https:\/\/www.cegh.at\/cz\/wp-json\/wp\/v2\/pages\/86206","targetHints":{"allow":["GET"]}}],"collection":[{"href":"https:\/\/www.cegh.at\/cz\/wp-json\/wp\/v2\/pages"}],"about":[{"href":"https:\/\/www.cegh.at\/cz\/wp-json\/wp\/v2\/types\/page"}],"author":[{"embeddable":true,"href":"https:\/\/www.cegh.at\/cz\/wp-json\/wp\/v2\/users\/4"}],"replies":[{"embeddable":true,"href":"https:\/\/www.cegh.at\/cz\/wp-json\/wp\/v2\/comments?post=86206"}],"version-history":[{"count":9,"href":"https:\/\/www.cegh.at\/cz\/wp-json\/wp\/v2\/pages\/86206\/revisions"}],"predecessor-version":[{"id":516960,"href":"https:\/\/www.cegh.at\/cz\/wp-json\/wp\/v2\/pages\/86206\/revisions\/516960"}],"up":[{"embeddable":true,"href":"https:\/\/www.cegh.at\/cz\/wp-json\/wp\/v2\/pages\/82126"}],"wp:attachment":[{"href":"https:\/\/www.cegh.at\/cz\/wp-json\/wp\/v2\/media?parent=86206"}],"curies":[{"name":"wp","href":"https:\/\/api.w.org\/{rel}","templated":true}]}}