{"id":86280,"date":"2023-03-14T10:23:59","date_gmt":"2023-03-14T09:23:59","guid":{"rendered":"https:\/\/www.cegh.at\/greengas\/cegh-hydrogen-index\/"},"modified":"2026-03-18T11:42:44","modified_gmt":"2026-03-18T10:42:44","slug":"cegh-hydrogen-index","status":"publish","type":"page","link":"https:\/\/www.cegh.at\/cz\/greengas\/cegh-hydrogen-index\/","title":{"rendered":"CEGH GreenHydrogen Index"},"content":{"rendered":"\n\n\n\n\n\n\n\n\n\n\n\n\n\n\n\n\n\n\n\n\n\n\n\n\n\n\n\n\n\n\n\n\n                    \n            <div class=\"ce ce-text pb-0\n         ce--mb-small          ce--contrast                  ce--sp-small          ce--full\n             js-bgcontainer u-bg-cc  \"\n             id=\"block_72b79af3338eb701377dff2a117894e2\">\n                                <figure>\n    <picture>\n        <source media=\"(min-width: 1440px)\" srcset=\"https:\/\/www.cegh.at\/wp-content\/uploads\/2023\/04\/hero_01-1920x0-c-default.png\">\n        <source media=\"(min-width: 1200px)\" srcset=\"https:\/\/www.cegh.at\/wp-content\/uploads\/2023\/04\/hero_01-1440x0-c-default.png\">\n        <source media=\"(min-width: 992px)\" srcset=\"https:\/\/www.cegh.at\/wp-content\/uploads\/2023\/04\/hero_01-1200x0-c-default.png\">\n        <source media=\"(min-width: 768px)\" srcset=\"https:\/\/www.cegh.at\/wp-content\/uploads\/2023\/04\/hero_01-992x0-c-default.png\">\n        <source media=\"(min-width: 576px)\" srcset=\"https:\/\/www.cegh.at\/wp-content\/uploads\/2023\/04\/hero_01-768x0-c-default.png\">\n        <source media=\"(min-width: 320px)\" srcset=\"https:\/\/www.cegh.at\/wp-content\/uploads\/2023\/04\/hero_01-576x0-c-default.png\">\n        <source srcset=\"https:\/\/www.cegh.at\/wp-content\/uploads\/2023\/04\/hero_01-576x0-c-default.png\">\n        <img loading=\"lazy\" decoding=\"async\" src=\"https:\/\/www.cegh.at\/wp-content\/uploads\/2023\/04\/hero_01-1920x0-c-default.png\" width=\"1920\"\n             height=\"920\" alt=\"\" title=\"Hero 01\" class=\"img-fluid w-100 js-bgimage\">\n    <\/picture>\n<\/figure>\n                <div class=\"ce-text__gradient ce-text__gradient--center js-gradient\"><\/div>\n                <div class=\"ce-text__gradient--base\"><\/div>\n                                    <div class=\"container-fluid\">\n                            <div class=\"row\">\n                    <div class=\"cc-text__text col-12 col-md-12 col-xl-12 mx-auto text-left\">\n                        <div class=\"ce-textblock\" data-animation=\"true\" data-animation-duration=\"300\">\n    <div class=\"ce-textblock__text\">\n                    <p class=\"ce-textblock__topline\">Zelen\u00e9 Plyny<\/p>\n                            <h1 class=\"\"> CEGH GreenHydrogen Index <\/h1>\n                <h5><strong>Z technick\u00fdch d\u016fvod\u016f nen\u00ed index CEGH GreenHydrogen Index nyn\u00ed k dispozici. V p\u0159\u00edpad\u011b jak\u00fdchkoli dotaz\u016f se obra\u0165te na na\u0161e odd\u011blen\u00ed Green Gas: <\/strong><\/h5>\n<h4><strong><a class=\"btn btn--secondary btn--icon btn--icon--right\" href=\"https:\/\/www.cegh.at\/cz\/o-nas\/organizace\/finance-a-sluzby\/\" target=\"_blank\" rel=\"noopener\">Green Gas &amp; Services Department<\/a><\/strong><\/h4>\n\n    <\/div>\n<\/div>\n                    <\/div>\n                <\/div>\n                        <\/div>\n                    <\/div>\n    \n        \n\n\n\n\n\n\n\n\n\n\n\n\n\n\n\n\n\n\n\n\n\n\n\n\n\n\n\n\n\n\n\n\n                <div class=\"ce ce-text\n         ce--mb-0                  ce--sp-0 \"\n             id=\"block_31083cfa97921e239c2c345263ecf2e6\">\n            <div class=\"container-fluid\">\n                <div class=\"row\">\n                                                                                                <div class=\"col-12 d-flex ce-switch justify-content-end mb-3\">\n            <label class=\"ce-switch__switch order-1 mb-4\">\n                <input id=\"indexUnitSelect\" type=\"checkbox\">\n                <span class=\"ce-switch__slider\"><\/span>\n            <\/label>\n            <p class=\"ce-switch__text order-0\">EUR\/MWh<\/p>\n            <p class=\"ce-switch__text ce-switch__text--right order-2\">EUR\/kg<\/p>\n<\/div>\n<div class=\"col-12\">\n    <div class=\"ce-textblock__text d-flex justify-content-between\">\n        <h3 class=\"h6\">Publication date: 27.02.2026<\/h3>\n        <a href=\"\"\n           class=\"ce-table__button btn btn--secondary btn--icon btn--icon--download exportButton mr-0\"\n           data-type=\"green-hydrogen-index\" data-front=\"\" data-period=\"\">download.CSV<\/a>\n    <\/div>\n<\/div>\n<div class=\"col-12 col-lg-11\">\n    <div class=\"ce-textblock__text\">\n        <h2 class=\"ce-table__headline u-color-lightblue\">CEGH GreenHydrogen Index<\/h2>\n    <\/div>\n<\/div>\n<div class=\"ce-table cc-text__text col-12 col-lg-11\">\n    <table class=\"ce-table__table cell-border\" data-table=\"true\" id=\"ppa100\" data-id=\"redII\">\n        <thead>\n        <tr>\n            <th class=\"text-left\">\n                Delivery Period\n            <\/th>\n            <th class=\"text-right\">\n                EUR\/MWh\n            <\/th>\n        <\/tr>\n        <\/thead>\n        <tr>\n            <td class=\"text-left\">\n                10-Year PPA Pay-as-Produced\n            <\/td>\n            <td class=\"text-right\">\n                143.889\n            <\/td>\n        <\/tr>\n    <\/table>\n    <p class=\"u-color-black\">Based on 100% power purchase agreement (PPA) supply\n        , <span class=\"u-bold\">compliant with the Delegated Act, RED II.<\/span>\n    <\/p>\n            <p class=\"u-color-black\">MWh High Heating Value<\/p>\n    <\/div>\n<div class=\"col-12 col-lg-11\">\n    <div class=\"ce-textblock__text\">\n        <h2 class=\"ce-table__headline h4\">CEGH GreenHydrogen PPA 40 Index<\/h2>\n    <\/div>\n<\/div>\n<div class=\"ce-table cc-text__text col-12 col-lg-11\">\n    <table class=\"ce-table__table cell-border\" data-table=\"true\" id=\"ppa40\">\n        <thead>\n        <tr>\n            <th class=\"text-left\">\n                Delivery Period\n            <\/th>\n            <th class=\"text-right\">\n                EUR\/MWh\n            <\/th>\n        <\/tr>\n        <\/thead>\n        <tr>\n            <td class=\"text-left\">\n                10-Year Pay-as-Produced\n            <\/td>\n            <td class=\"text-right\">\n                153.011\n            <\/td>\n        <\/tr>\n    <\/table>\n    <p class=\"u-color-black\">Based on power supply, not compliant with the Delegated Act, RED II.<\/p>\n            <p class=\"u-color-black\">MWh High Heating Value<\/p>\n    <\/div>\n<div class=\"col-12 col-lg-11\">\n    <div class=\"ce-textblock__text\">\n        <h2 class=\"ce-table__headline h4\">CEGH GreenHydrogen Spot Index<\/h2>\n    <\/div>\n<\/div>\n<div class=\"ce-table cc-text__text col-12 col-lg-11\">\n    <table class=\"ce-table__table cell-border\" data-table=\"true\" id=\"spot\">\n        <thead>\n        <tr>\n            <th class=\"text-left\">\n                Delivery Period\n            <\/th>\n            <th class=\"text-right\">\n                EUR\/MWh\n            <\/th>\n        <\/tr>\n        <\/thead>\n        <tr>\n            <td class=\"text-left\">\n                27-Feb-2026\n            <\/td>\n            <td class=\"text-right\">\n                153.485\n            <\/td>\n        <\/tr>\n    <\/table>\n    <p class=\"u-color-black\">Based on power supply, not compliant with the Delegated Act, RED II.<\/p>\n            <p class=\"u-color-black\">MWh High Heating Value<\/p>\n    <\/div>\n<div class=\"col-12 col-lg-11\">\n    <div class=\"ce-textblock__text\">\n        <h2 class=\"ce-table__headline h4\">CEGH GreenHydrogen Forward Index<\/h2>\n    <\/div>\n<\/div>\n<div class=\"ce-table cc-text__text col-12 col-lg-11\">\n    <table class=\"ce-table__table cell-border\" data-table=\"true\" id=\"GreenHydrogenForward\">\n        <thead>\n        <tr>\n            <th class=\"text-left\">\n                Delivery Period\n            <\/th>\n            <th class=\"text-left\">\n                Maturity\n            <\/th>\n            <th class=\"text-right\">\n                EUR\/MWh\n            <\/th>\n        <\/tr>\n        <\/thead>\n\n                                    <tr>\n                    <td class=\"text-left\">\n                        March 2026\n                    <\/td>\n                    <td class=\"text-left\">\n                        Month +1\n                    <\/td>\n                    <td class=\"text-right\">\n                        151.035\n                    <\/td>\n                <\/tr>\n                            <tr>\n                    <td class=\"text-left\">\n                        April 2026\n                    <\/td>\n                    <td class=\"text-left\">\n                        Month +2\n                    <\/td>\n                    <td class=\"text-right\">\n                        132.605\n                    <\/td>\n                <\/tr>\n                            <tr>\n                    <td class=\"text-left\">\n                        Q2 2026\n                    <\/td>\n                    <td class=\"text-left\">\n                        Quarter +1\n                    <\/td>\n                    <td class=\"text-right\">\n                        122.798\n                    <\/td>\n                <\/tr>\n                            <tr>\n                    <td class=\"text-left\">\n                        Summer 2026\n                    <\/td>\n                    <td class=\"text-left\">\n                        Season +1\n                    <\/td>\n                    <td class=\"text-right\">\n                        132.670\n                    <\/td>\n                <\/tr>\n                            <tr>\n                    <td class=\"text-left\">\n                        Winter 2026\n                    <\/td>\n                    <td class=\"text-left\">\n                        Season +2\n                    <\/td>\n                    <td class=\"text-right\">\n                        178.215\n                    <\/td>\n                <\/tr>\n                            <tr>\n                    <td class=\"text-left\">\n                        Calendar 2027\n                    <\/td>\n                    <td class=\"text-left\">\n                        Calendar +1\n                    <\/td>\n                    <td class=\"text-right\">\n                        143.997\n                    <\/td>\n                <\/tr>\n                            <tr>\n                    <td class=\"text-left\">\n                        Calendar 2028\n                    <\/td>\n                    <td class=\"text-left\">\n                        Calendar +2\n                    <\/td>\n                    <td class=\"text-right\">\n                        134.882\n                    <\/td>\n                <\/tr>\n                            <tr>\n                    <td class=\"text-left\">\n                        Calendar 2029\n                    <\/td>\n                    <td class=\"text-left\">\n                        Calendar +3\n                    <\/td>\n                    <td class=\"text-right\">\n                        125.625\n                    <\/td>\n                <\/tr>\n                        <\/table>\n    <p class=\"u-color-black\">Based on power supply, not compliant with the Delegated Act, RED II.<\/p>\n            <p class=\"u-color-black\">MWh High Heating Value<\/p>\n    <\/div>                                    <\/div>\n            <\/div>\n        <\/div>\n        \n\n\n\n\n\n\n\n\n\n\n\n\n\n\n\n\n\n\n\n\n\n\n\n\n\n\n\n\n\n\n\n\n                <div class=\"ce ce-text\n         ce--mb-0                  ce--sp-standard \"\n             id=\"block_106e73d8b396fb95d233407f29b95579\">\n            <div class=\"container-fluid\">\n                <div class=\"row\">\n                                                                                    <div class=\"w-100\">\n    <div class=\"ce-highchart ce--mb-standard\">\n        <div class=\"ce-highchart__container col-12 col-lg-10 offset-lg-1\">\n            <h4>\n                Graph View\n            <\/h4>\n            <div class=\"ce-highchart__datepickerContainer\">\n                <div class=\"form-group col-8 col-md-6 col-lg-4 col-xl-4 ce-highchart__datepicker ce-highchart__datepicker--primary\">\n                    <label class=\"ontop\" for=\"apply_date_min\">Datum zah\u00e1jen\u00ed<\/label>\n                    <div class=\"input-group datetimepicker js-datetimepicker\" id=\"apply_date_min\" data-target-input=\"#apply_date_min\" data-locale=\"de\" data-type=\"date\" data-picker-mode=\"\" data-range=\"true\">\n                        <div class=\"input-group-append position-absolute datetimepicker__calendar\" data-target=\"#apply_date_min\" data-toggle=\"datetimepicker\">\n                            <div class=\"input-group-text p-0\">\n                                <figure class=\"mb-0\">\n                                    <picture><img decoding=\"async\" src=\"\/wp-content\/themes\/rup\/svg\/solid\/calendar.svg\" alt=\"\" title=\"\" width=\"XXX\" height=\"XXX\" class=\"svg datetimepicker__icon\" loading=\"eager\"><\/picture>\n                                <\/figure>\n                            <\/div>\n                        <\/div>\n                        <input type=\"text\" class=\"form-control datetimepicker-input w-100\" data-target=\"#apply_date_min\" aria-describedby=\"help_apply_date_min\" placeholder=\"04.04.2026\" value=\"04.04.2026\" data-parsley-errors-container=\"#form-error__apply_date_min\" data-parsley-trigger=\"focusout\" data-parsley-required-message=\"Bitte dieses Feld nicht leer lassen!\">\n                    <\/div>\n                    <div id=\"form-error__apply_date_min\"><\/div>\n                <\/div>\n                <div class=\"form-group col-8 col-md-6 col-lg-4 col-xl-4 ce-highchart__datepicker ce-highchart__datepicker--secondary\">\n                    <label class=\"ontop\" for=\"apply_date_max\">Datum zah\u00e1jen\u00ed<\/label>\n                    <div class=\"input-group datetimepicker js-datetimepicker\" id=\"apply_date_max\" data-target-input=\"#apply_date_max\" data-locale=\"de\" data-type=\"date\" data-picker-mode=\"\" data-range=\"true\">\n                        <div class=\"input-group-append position-absolute datetimepicker__calendar\" data-target=\"#apply_date_max\" data-toggle=\"datetimepicker\">\n                            <div class=\"input-group-text p-0\">\n                                <figure class=\"mb-0\">\n                                    <picture><img decoding=\"async\" src=\"\/wp-content\/themes\/rup\/svg\/solid\/calendar.svg\" alt=\"\" title=\"\" width=\"XXX\" height=\"XXX\" class=\"svg datetimepicker__icon\" loading=\"eager\"><\/picture>\n                                <\/figure>\n                            <\/div>\n                        <\/div><input type=\"text\" class=\"form-control datetimepicker-input w-100\" data-target=\"#apply_date_max\" aria-describedby=\"help_apply_date_max\" placeholder=\"11.04.2026\"  value=\"11.04.2026\" data-parsley-errors-container=\"#form-error__apply_date_max\" data-parsley-trigger=\"focusout\" data-parsley-required-message=\"Bitte dieses Feld nicht leer lassen!\">\n                    <\/div>\n                    <div id=\"form-error__apply_date_max\"><\/div>\n                <\/div>\n                <div class=\"ce_table__buttonContainer\">\n                    <a href=\"#!\" class=\"ce_table__button btn btn--primary btn-applyDates\">Pou\u017e\u00edt<\/a>\n                <\/div>\n            <\/div>\n            <figure class=\"highcharts-figure\">\n                <div id=\"greengaschart\"><\/div>\n            <\/figure>\n                            <div class=\"ce-textblock__text\">\n                    <p class=\"u-small\">\n                        CEGHIX is shown per delivery day\n                    <\/p>\n                <\/div>\n                    <\/div>\n    <\/div>\n<\/div>\n                                    <\/div>\n            <\/div>\n        <\/div>\n        ","protected":false},"excerpt":{"rendered":"","protected":false},"author":4,"featured_media":0,"parent":82348,"menu_order":0,"comment_status":"closed","ping_status":"closed","template":"","meta":{"_acf_changed":false,"content-type":"","footnotes":""},"class_list":["post-86280","page","type-page","status-publish","hentry"],"acf":[],"yoast_head":"<!-- This site is optimized with the Yoast SEO plugin v27.3 - https:\/\/yoast.com\/product\/yoast-seo-wordpress\/ -->\n<title>CEGH GreenHydrogen Index - CEGH<\/title>\n<meta name=\"description\" content=\"Prozkoumejte indexy CEGH GreenHydrogen, zjist\u011bte dodac\u00ed lh\u016fty a ceny a z\u00edskejte p\u0159\u00edstup k informac\u00edm o budouc\u00edch indexech, abyste mohli \u010dinit informovan\u00e1 rozhodnut\u00ed.\" \/>\n<meta name=\"robots\" content=\"index, follow, max-snippet:-1, max-image-preview:large, max-video-preview:-1\" \/>\n<link rel=\"canonical\" href=\"https:\/\/www.cegh.at\/cz\/greengas\/cegh-hydrogen-index\/\" \/>\n<meta property=\"og:locale\" content=\"en_US\" \/>\n<meta property=\"og:type\" content=\"article\" \/>\n<meta property=\"og:title\" content=\"CEGH GreenHydrogen Index - CEGH\" \/>\n<meta property=\"og:description\" content=\"Prozkoumejte indexy CEGH GreenHydrogen, zjist\u011bte dodac\u00ed lh\u016fty a ceny a z\u00edskejte p\u0159\u00edstup k informac\u00edm o budouc\u00edch indexech, abyste mohli \u010dinit informovan\u00e1 rozhodnut\u00ed.\" \/>\n<meta property=\"og:url\" content=\"https:\/\/www.cegh.at\/cz\/greengas\/cegh-hydrogen-index\/\" \/>\n<meta property=\"og:site_name\" content=\"CEGH\" \/>\n<meta property=\"article:modified_time\" content=\"2026-03-18T10:42:44+00:00\" \/>\n<meta name=\"twitter:card\" content=\"summary_large_image\" \/>\n<script type=\"application\/ld+json\" class=\"yoast-schema-graph\">{\"@context\":\"https:\\\/\\\/schema.org\",\"@graph\":[{\"@type\":\"WebPage\",\"@id\":\"https:\\\/\\\/www.cegh.at\\\/cz\\\/greengas\\\/cegh-hydrogen-index\\\/\",\"url\":\"https:\\\/\\\/www.cegh.at\\\/cz\\\/greengas\\\/cegh-hydrogen-index\\\/\",\"name\":\"CEGH GreenHydrogen Index - CEGH\",\"isPartOf\":{\"@id\":\"https:\\\/\\\/www.cegh.at\\\/cz\\\/#website\"},\"datePublished\":\"2023-03-14T09:23:59+00:00\",\"dateModified\":\"2026-03-18T10:42:44+00:00\",\"description\":\"Prozkoumejte indexy CEGH GreenHydrogen, zjist\u011bte dodac\u00ed lh\u016fty a ceny a z\u00edskejte p\u0159\u00edstup k informac\u00edm o budouc\u00edch indexech, abyste mohli \u010dinit informovan\u00e1 rozhodnut\u00ed.\",\"breadcrumb\":{\"@id\":\"https:\\\/\\\/www.cegh.at\\\/cz\\\/greengas\\\/cegh-hydrogen-index\\\/#breadcrumb\"},\"inLanguage\":\"cz-CZ\",\"potentialAction\":[{\"@type\":\"ReadAction\",\"target\":[\"https:\\\/\\\/www.cegh.at\\\/cz\\\/greengas\\\/cegh-hydrogen-index\\\/\"]}]},{\"@type\":\"BreadcrumbList\",\"@id\":\"https:\\\/\\\/www.cegh.at\\\/cz\\\/greengas\\\/cegh-hydrogen-index\\\/#breadcrumb\",\"itemListElement\":[{\"@type\":\"ListItem\",\"position\":1,\"name\":\"Home\",\"item\":\"https:\\\/\\\/www.cegh.at\\\/cz\\\/\"},{\"@type\":\"ListItem\",\"position\":2,\"name\":\"GreenGas\",\"item\":\"https:\\\/\\\/www.cegh.at\\\/cz\\\/greengas\\\/\"},{\"@type\":\"ListItem\",\"position\":3,\"name\":\"CEGH GreenHydrogen Index\"}]},{\"@type\":\"WebSite\",\"@id\":\"https:\\\/\\\/www.cegh.at\\\/cz\\\/#website\",\"url\":\"https:\\\/\\\/www.cegh.at\\\/cz\\\/\",\"name\":\"CEGH\",\"description\":\"\",\"publisher\":{\"@id\":\"https:\\\/\\\/www.cegh.at\\\/cz\\\/#organization\"},\"potentialAction\":[{\"@type\":\"SearchAction\",\"target\":{\"@type\":\"EntryPoint\",\"urlTemplate\":\"https:\\\/\\\/www.cegh.at\\\/cz\\\/?s={search_term_string}\"},\"query-input\":{\"@type\":\"PropertyValueSpecification\",\"valueRequired\":true,\"valueName\":\"search_term_string\"}}],\"inLanguage\":\"cz-CZ\"},{\"@type\":\"Organization\",\"@id\":\"https:\\\/\\\/www.cegh.at\\\/cz\\\/#organization\",\"name\":\"CEGH\",\"url\":\"https:\\\/\\\/www.cegh.at\\\/cz\\\/\",\"logo\":{\"@type\":\"ImageObject\",\"inLanguage\":\"cz-CZ\",\"@id\":\"https:\\\/\\\/www.cegh.at\\\/cz\\\/#\\\/schema\\\/logo\\\/image\\\/\",\"url\":\"https:\\\/\\\/www.cegh.at\\\/wp-content\\\/uploads\\\/2023\\\/05\\\/Hauptlogo_RGB.jpg\",\"contentUrl\":\"https:\\\/\\\/www.cegh.at\\\/wp-content\\\/uploads\\\/2023\\\/05\\\/Hauptlogo_RGB.jpg\",\"width\":3333,\"height\":2500,\"caption\":\"CEGH\"},\"image\":{\"@id\":\"https:\\\/\\\/www.cegh.at\\\/cz\\\/#\\\/schema\\\/logo\\\/image\\\/\"}}]}<\/script>\n<!-- \/ Yoast SEO plugin. -->","yoast_head_json":{"title":"CEGH GreenHydrogen Index - CEGH","description":"Prozkoumejte indexy CEGH GreenHydrogen, zjist\u011bte dodac\u00ed lh\u016fty a ceny a z\u00edskejte p\u0159\u00edstup k informac\u00edm o budouc\u00edch indexech, abyste mohli \u010dinit informovan\u00e1 rozhodnut\u00ed.","robots":{"index":"index","follow":"follow","max-snippet":"max-snippet:-1","max-image-preview":"max-image-preview:large","max-video-preview":"max-video-preview:-1"},"canonical":"https:\/\/www.cegh.at\/cz\/greengas\/cegh-hydrogen-index\/","og_locale":"en_US","og_type":"article","og_title":"CEGH GreenHydrogen Index - CEGH","og_description":"Prozkoumejte indexy CEGH GreenHydrogen, zjist\u011bte dodac\u00ed lh\u016fty a ceny a z\u00edskejte p\u0159\u00edstup k informac\u00edm o budouc\u00edch indexech, abyste mohli \u010dinit informovan\u00e1 rozhodnut\u00ed.","og_url":"https:\/\/www.cegh.at\/cz\/greengas\/cegh-hydrogen-index\/","og_site_name":"CEGH","article_modified_time":"2026-03-18T10:42:44+00:00","twitter_card":"summary_large_image","schema":{"@context":"https:\/\/schema.org","@graph":[{"@type":"WebPage","@id":"https:\/\/www.cegh.at\/cz\/greengas\/cegh-hydrogen-index\/","url":"https:\/\/www.cegh.at\/cz\/greengas\/cegh-hydrogen-index\/","name":"CEGH GreenHydrogen Index - CEGH","isPartOf":{"@id":"https:\/\/www.cegh.at\/cz\/#website"},"datePublished":"2023-03-14T09:23:59+00:00","dateModified":"2026-03-18T10:42:44+00:00","description":"Prozkoumejte indexy CEGH GreenHydrogen, zjist\u011bte dodac\u00ed lh\u016fty a ceny a z\u00edskejte p\u0159\u00edstup k informac\u00edm o budouc\u00edch indexech, abyste mohli \u010dinit informovan\u00e1 rozhodnut\u00ed.","breadcrumb":{"@id":"https:\/\/www.cegh.at\/cz\/greengas\/cegh-hydrogen-index\/#breadcrumb"},"inLanguage":"cz-CZ","potentialAction":[{"@type":"ReadAction","target":["https:\/\/www.cegh.at\/cz\/greengas\/cegh-hydrogen-index\/"]}]},{"@type":"BreadcrumbList","@id":"https:\/\/www.cegh.at\/cz\/greengas\/cegh-hydrogen-index\/#breadcrumb","itemListElement":[{"@type":"ListItem","position":1,"name":"Home","item":"https:\/\/www.cegh.at\/cz\/"},{"@type":"ListItem","position":2,"name":"GreenGas","item":"https:\/\/www.cegh.at\/cz\/greengas\/"},{"@type":"ListItem","position":3,"name":"CEGH GreenHydrogen Index"}]},{"@type":"WebSite","@id":"https:\/\/www.cegh.at\/cz\/#website","url":"https:\/\/www.cegh.at\/cz\/","name":"CEGH","description":"","publisher":{"@id":"https:\/\/www.cegh.at\/cz\/#organization"},"potentialAction":[{"@type":"SearchAction","target":{"@type":"EntryPoint","urlTemplate":"https:\/\/www.cegh.at\/cz\/?s={search_term_string}"},"query-input":{"@type":"PropertyValueSpecification","valueRequired":true,"valueName":"search_term_string"}}],"inLanguage":"cz-CZ"},{"@type":"Organization","@id":"https:\/\/www.cegh.at\/cz\/#organization","name":"CEGH","url":"https:\/\/www.cegh.at\/cz\/","logo":{"@type":"ImageObject","inLanguage":"cz-CZ","@id":"https:\/\/www.cegh.at\/cz\/#\/schema\/logo\/image\/","url":"https:\/\/www.cegh.at\/wp-content\/uploads\/2023\/05\/Hauptlogo_RGB.jpg","contentUrl":"https:\/\/www.cegh.at\/wp-content\/uploads\/2023\/05\/Hauptlogo_RGB.jpg","width":3333,"height":2500,"caption":"CEGH"},"image":{"@id":"https:\/\/www.cegh.at\/cz\/#\/schema\/logo\/image\/"}}]}},"_links":{"self":[{"href":"https:\/\/www.cegh.at\/cz\/wp-json\/wp\/v2\/pages\/86280","targetHints":{"allow":["GET"]}}],"collection":[{"href":"https:\/\/www.cegh.at\/cz\/wp-json\/wp\/v2\/pages"}],"about":[{"href":"https:\/\/www.cegh.at\/cz\/wp-json\/wp\/v2\/types\/page"}],"author":[{"embeddable":true,"href":"https:\/\/www.cegh.at\/cz\/wp-json\/wp\/v2\/users\/4"}],"replies":[{"embeddable":true,"href":"https:\/\/www.cegh.at\/cz\/wp-json\/wp\/v2\/comments?post=86280"}],"version-history":[{"count":18,"href":"https:\/\/www.cegh.at\/cz\/wp-json\/wp\/v2\/pages\/86280\/revisions"}],"predecessor-version":[{"id":1455465,"href":"https:\/\/www.cegh.at\/cz\/wp-json\/wp\/v2\/pages\/86280\/revisions\/1455465"}],"up":[{"embeddable":true,"href":"https:\/\/www.cegh.at\/cz\/wp-json\/wp\/v2\/pages\/82348"}],"wp:attachment":[{"href":"https:\/\/www.cegh.at\/cz\/wp-json\/wp\/v2\/media?parent=86280"}],"curies":[{"name":"wp","href":"https:\/\/api.w.org\/{rel}","templated":true}]}}