{"id":98082,"date":"2023-03-09T11:50:13","date_gmt":"2023-03-09T10:50:13","guid":{"rendered":"https:\/\/www.cegh.at\/otisk\/"},"modified":"2024-07-04T10:06:29","modified_gmt":"2024-07-04T08:06:29","slug":"otisk","status":"publish","type":"page","link":"https:\/\/www.cegh.at\/cz\/otisk\/","title":{"rendered":"Otisk"},"content":{"rendered":"\n\n\n\n\n\n\n\n\n\n\n\n\n\n\n\n\n\n\n\n\n\n\n\n\n\n\n\n\n\n\n\n\n                    \n            <div class=\"ce ce-text pb-0\n         ce--mb-standard                                 \"\n             id=\"block_837a64abafbac490411e7ac6187b04b1\">\n                                    <div class=\"container-fluid\">\n                            <div class=\"row\">\n                    <div class=\"cc-text__text col-12 col-md-12 col-xl-12 mx-auto text-left\">\n                        <div class=\"ce-textblock\" data-animation=\"true\" data-animation-duration=\"300\">\n    <div class=\"ce-textblock__text\">\n                    <p class=\"ce-textblock__topline\"> Otisk<\/p>\n                            <h2 class=\"h2\">  Odm\u00edtnut\u00ed odpov\u011bdnosti <\/h2>\n                <div class=\"container-full-width padding--top-sm padding--bottom-md\">\n<div class=\"container\">\n<div class=\"w-leadin editor-output\">\n<h1 class=\"leadin-headline h1\"><\/h1>\n<\/div>\n<\/div>\n<\/div>\n<div class=\"container margin--bottom-md\">\n<div class=\"row print-block\">\n<div class=\"col-md-12\">\n<div class=\"editor-output\">\n<div class=\"background\">\n<div id=\"page\" class=\"page\">\n<div id=\"main\" class=\"clearfix\">\n<div id=\"content-area\">\n<div class=\"region region-content\">\n<div id=\"block-system-main\" class=\"block block-system block-even last clearfix\">\n<div class=\"block-inner\">\n<div class=\"content\">\n<div class=\"content Neutral\">\n<div class=\"field field-name-body field-type-text-with-summary field-label-hidden\">\n<div class=\"field-items\">\n<div class=\"field-item even\">\n<p><strong>Informace podle z\u00e1kona o elektronick\u00e9m obchodu, \u00a7 5<\/strong><\/p>\n<p>St\u0159edoevropsk\u00fd plyn\u00e1rensk\u00fd uzel AG (<strong><em>&#8220;CEGH&#8221;<\/em><\/strong>)<br \/>\nA-1210 Wien, Floridsdorfer Hauptstra\u00dfe 1<\/p>\n<p>Tel: +43-1-2702700-28501<br \/>\nFax: +43-1-2702700-181<br \/>\nE-mail: <u><a href=\"mailto:info@cegh.at\">info@cegh.at<\/a><\/u><br \/>\nInternet: <u><a href=\"http:\/\/www.cegh.at\/\">www.cegh.at<\/a><\/u><\/p>\n<p>Zaps\u00e1no u Obchodn\u00edho soudu ve V\u00eddni: FN203485v<br \/>\nIdentifika\u010dn\u00ed \u010d\u00edslo pro DPH: ATU50735307<\/p>\n<p>\u010clenstv\u00ed: Hospod\u00e1\u0159sk\u00e1 komora Rakouska, Hospod\u00e1\u0159sk\u00e1 komora V\u00edde\u0148<\/p>\n<p>Regula\u010dn\u00ed org\u00e1n: E-Control GmbH<\/p>\n<p>Pr\u00e1vn\u00ed z\u00e1klad: Rakousk\u00fd obchodn\u00ed z\u00e1kon\u00edk (&#8220;Unternehmensgesetzbuch&#8221;)<\/p>\n<p>Webov\u00e9 str\u00e1nky by Reichl und Partner <a href=\"https:\/\/www.reichlundpartner.com\/digitalagentur\/\">www.rup.at<\/a><\/p>\n<p>&nbsp;<\/p>\n<p><strong>Pr\u00e1vn\u00ed upozorn\u011bn\u00ed: Podm\u00ednky pou\u017e\u00edv\u00e1n\u00ed<\/strong><\/p>\n<p><strong>Obecn\u00e9<\/strong><\/p>\n<p>&#8220;U\u017eivatel&#8221; (tj. v\u0161ichni n\u00e1v\u0161t\u011bvn\u00edci t\u011bchto webov\u00fdch str\u00e1nek, mimo jin\u00e9 v\u010detn\u011b registrovan\u00fdch z\u00e1kazn\u00edk\u016f spole\u010dnosti CEGH) informac\u00ed a slu\u017eeb zve\u0159ejn\u011bn\u00fdch na t\u011bchto webov\u00fdch str\u00e1nk\u00e1ch souhlas\u00ed s t\u011bmito ustanoven\u00edmi (d\u00e1le jen &#8220;Podm\u00ednky&#8221;) a bere je na v\u011bdom\u00ed &#8211; s t\u00edm, \u017ee jak\u00e9koli protich\u016fdn\u00e9 podm\u00ednky smlouvy CEGH (v\u010detn\u011b jej\u00edch p\u0159\u00edloh nebo zm\u011bn) uzav\u0159en\u00e9 mezi spole\u010dnost\u00ed CEGH a jej\u00edmi z\u00e1kazn\u00edky maj\u00ed p\u0159ednost p\u0159ed t\u011bmito Podm\u00ednkami. T\u00edmto p\u0159ijet\u00edm se u\u017eivatel a spole\u010dnost CEGH st\u00e1vaj\u00ed smluvn\u00edmi stranami t\u011bchto podm\u00ednek (d\u00e1le spole\u010dn\u011b jen &#8220;strany&#8221;).<\/p>\n<p><strong>1. Z\u0159eknut\u00ed se odpov\u011bdnosti a vylou\u010den\u00ed z\u00e1ruky<\/strong><\/p>\n<p>Informace\/slu\u017eby poskytovan\u00e9 spole\u010dnost\u00ed CEGH na t\u011bchto webov\u00fdch str\u00e1nk\u00e1ch jsou ur\u010deny pouze pro informaci a k dispozici u\u017eivatel\u016fm. Spole\u010dnost CEGH vynakl\u00e1d\u00e1 p\u0159im\u011b\u0159en\u00e9 \u00fasil\u00ed, aby zajistila spr\u00e1vnost, \u00faplnost a aktu\u00e1lnost zde poskytovan\u00fdch informac\u00ed\/slu\u017eeb.<\/p>\n<p>V rozsahu p\u0159\u00edpustn\u00e9m podle platn\u00fdch pr\u00e1vn\u00edch p\u0159edpis\u016f a pokud nen\u00ed v\u00fdslovn\u011b dohodnuto jinak (viz zejm\u00e9na bod 1 v\u00fd\u0161e):<\/p>\n<ul class=\"rteindent1\">\n<li>Ve\u0161ker\u00e9 informace\/slu\u017eby jsou poskytov\u00e1ny bez z\u00e1ruky a neobsahuj\u00ed \u017e\u00e1dn\u00e9 z\u00e1vazn\u00e9 z\u00e1vazky spole\u010dnosti CEGH. Informace\/slu\u017eby byly pe\u010dliv\u011b zkontrolov\u00e1ny, jsou pravideln\u011b aktualizov\u00e1ny a mohou b\u00fdt zm\u011bn\u011bny, odstran\u011bny nebo dopln\u011bny bez p\u0159edchoz\u00edho upozorn\u011bn\u00ed.<\/li>\n<li>Spole\u010dnost CEGH nep\u0159eb\u00edr\u00e1 \u017e\u00e1dnou z\u00e1ruku ani odpov\u011bdnost za spr\u00e1vnost a \u00faplnost informac\u00ed\/slu\u017eeb a z\u00e1znam\u016f ani za zp\u016fsob jejich prezentace. U\u017eivatel proto nese v\u00fdhradn\u00ed odpov\u011bdnost za ve\u0161ker\u00e1 rozhodnut\u00ed u\u010din\u011bn\u00e1 na z\u00e1klad\u011b informac\u00ed\/slu\u017eeb poskytovan\u00fdch na t\u011bchto webov\u00fdch str\u00e1nk\u00e1ch. Spole\u010dnost CEGH zejm\u00e9na nenese \u017e\u00e1dnou odpov\u011bdnost za p\u0159\u00edm\u00e9 nebo nep\u0159\u00edm\u00e9 \u0161kody, n\u00e1sledn\u00e9 \u0161kody nebo jak\u00e9koli jin\u00e9 \u0161kody vznikl\u00e9 z jak\u00e9hokoli d\u016fvodu v souvislosti s p\u0159\u00edm\u00fdm nebo nep\u0159\u00edm\u00fdm pou\u017e\u00edv\u00e1n\u00edm informac\u00ed\/slu\u017eeb, v\u010detn\u011b odkaz\u016f, uveden\u00fdch na t\u011bchto webov\u00fdch str\u00e1nk\u00e1ch.<\/li>\n<li>Spole\u010dnost CEGH nep\u0159eb\u00edr\u00e1 \u017e\u00e1dnou z\u00e1ruku ani odpov\u011bdnost za nep\u0159etr\u017eitou dostupnost jak\u00e9hokoli obsahu\/slu\u017eeb t\u011bchto webov\u00fdch str\u00e1nek; nep\u0159eb\u00edr\u00e1 \u017e\u00e1dnou z\u00e1ruku ani odpov\u011bdnost za to, \u017ee tyto webov\u00e9 str\u00e1nky nebo n\u00e1stroje (nap\u0159. server) neobsahuj\u00ed viry nebo jin\u00e9 nebezpe\u010dn\u00e9 prvky.<\/li>\n<li>Hypertextov\u00e9 odkazy na jin\u00e9 internetov\u00e9 str\u00e1nky neznamenaj\u00ed \u017e\u00e1dnou z\u00e1ruku nebo odpov\u011bdnost spole\u010dnosti CEGH v\u016f\u010di u\u017eivatel\u016fm.<\/li>\n<\/ul>\n<p><strong>2. Vlastnick\u00e1 pr\u00e1va<\/strong><\/p>\n<p>Pokud nen\u00ed uvedeno jinak, spole\u010dnost CEGH si ponech\u00e1v\u00e1 pln\u00e1 a v\u00fdlu\u010dn\u00e1 vlastnick\u00e1 pr\u00e1va (nap\u0159. vlastnick\u00e1 pr\u00e1va, pr\u00e1va pr\u016fmyslov\u00e9ho vlastnictv\u00ed, autorsk\u00e1 pr\u00e1va) k dokument\u016fm a dal\u0161\u00edm materi\u00e1l\u016fm zve\u0159ejn\u011bn\u00fdm na t\u011bchto webov\u00fdch str\u00e1nk\u00e1ch. Zve\u0159ejn\u011bn\u00ed dokument\u016f a materi\u00e1l\u016f na internetu nelze ch\u00e1pat jako poskytnut\u00ed jin\u00e9 licence, ne\u017e je licence k u\u017e\u00edv\u00e1n\u00ed podle t\u011bchto podm\u00ednek, ani jako poskytnut\u00ed jak\u00e9hokoli jin\u00e9ho pr\u00e1va kter\u00e9mukoli u\u017eivateli. Zp\u0159\u00edstupn\u011bn\u00e9 dokumenty a dal\u0161\u00ed materi\u00e1ly jsou ur\u010deny pouze pro osobn\u00ed pot\u0159ebu u\u017eivatele a nesm\u00ed b\u00fdt komer\u010dn\u011b reprodukov\u00e1ny, prezentov\u00e1ny, distribuov\u00e1ny nebo pou\u017e\u00edv\u00e1ny v jin\u00e9 form\u011b, ne\u017e jakou p\u0159edpokl\u00e1d\u00e1 spole\u010dnost CEGH podle t\u011bchto podm\u00ednek, pokud k tomu nebyl z\u00edsk\u00e1n p\u0159edchoz\u00ed p\u00edsemn\u00fd souhlas spole\u010dnosti CEGH. Pou\u017e\u00edv\u00e1n\u00ed ochrann\u00fdch zn\u00e1mek (nap\u0159. zna\u010dek, log) bez ohledu na to, zda je pou\u017eit symbol \u00ae nebo TM, je v\u00fdslovn\u011b zak\u00e1z\u00e1no. Zejm\u00e9na zna\u010dka CEGH &#8220;gashub.at&#8221; je chr\u00e1n\u011bna z\u00e1konem.<\/p>\n<p>V\u00fd\u0161e uveden\u00e1 ustanoven\u00ed se vztahuj\u00ed tak\u00e9 na software, kter\u00fd lze p\u0159\u00edmo nebo nep\u0159\u00edmo zp\u0159\u00edstupnit nebo pou\u017e\u00edvat na t\u011bchto webov\u00fdch str\u00e1nk\u00e1ch. Pokud je prost\u0159ednictv\u00edm odkaz\u016f umo\u017en\u011bn p\u0159\u00edstup k softwaru t\u0159et\u00edch stran, plat\u00ed p\u0159edpisy t\u011bchto t\u0159et\u00edch stran a jejich pr\u00e1va mus\u00ed b\u00fdt chr\u00e1n\u011bna.<\/p>\n<p><strong>3. Ochrana \u00fadaj\u016f<\/strong><\/p>\n<p>Aby spole\u010dnost CEGH mohla optim\u00e1ln\u011b vyhov\u011bt pot\u0159eb\u00e1m sv\u00fdch u\u017eivatel\u016f, nab\u00edz\u00ed ka\u017ed\u00e9mu u\u017eivateli, aby se stal registrovan\u00fdm z\u00e1kazn\u00edkem spole\u010dnosti CEGH, p\u0159i\u010dem\u017e podm\u00ednkou je spln\u011bn\u00ed ur\u010dit\u00fdch po\u017eadavk\u016f, v\u010detn\u011b poskytnut\u00ed ur\u010dit\u00fdch \u00fadaj\u016f a uzav\u0159en\u00ed smlouvy se spole\u010dnost\u00ed CEGH.<\/p>\n<p>Ka\u017ed\u00fd u\u017eivatel t\u011bchto webov\u00fdch str\u00e1nek, kter\u00fd v souvislosti s procesem registrace poskytne spole\u010dnosti CEGH takov\u00e9 informace, ud\u011bluje spole\u010dnosti CEGH pr\u00e1vo tyto informace pou\u017e\u00edvat a zmoc\u0148uje spole\u010dnost CEGH k ukl\u00e1d\u00e1n\u00ed a zpracov\u00e1n\u00ed t\u011bchto informac\u00ed v jak\u00e9koli po\u017eadovan\u00e9 form\u011b, jakkoli omezen\u00e9, za \u00fa\u010delem poskytov\u00e1n\u00ed slu\u017eeb podle smlouvy CEGH. Informace poskytnut\u00e9 u\u017eivatelem jsou pova\u017eov\u00e1ny za ned\u016fv\u011brn\u00e9.<\/p>\n<p>\u00dadaje o u\u017eivatel\u00edch souvisej\u00edc\u00ed s osobou podl\u00e9haj\u00ed z\u00e1konu o ochran\u011b osobn\u00edch \u00fadaj\u016f z roku 2000; spole\u010dnost CEGH bude tyto informace vyu\u017e\u00edvat pouze v rozsahu nezbytn\u00e9m pro osobn\u00ed konzultace nebo pro veden\u00ed hlavn\u00ed slo\u017eky z\u00e1kazn\u00edk\u016f.<\/p>\n<p><strong>4. R\u016fzn\u00e9<\/strong><\/p>\n<p><strong>a. Rozhodn\u00e9 pr\u00e1vo a \u0159e\u0161en\u00ed spor\u016f<\/strong><\/p>\n<p>Tyto podm\u00ednky se \u0159\u00edd\u00ed rakousk\u00fdm pr\u00e1vem a jsou vykl\u00e1d\u00e1ny v souladu s n\u00edm, s v\u00fdjimkou kolizn\u00edch norem a p\u0159edpis\u016f, jako\u017e i \u00damluvy OSN o pr\u00e1vu prodeje.<\/p>\n<p>V\u0161echny p\u0159\u00edpadn\u00e9 spory, kter\u00e9 mohou vzniknout z t\u011bchto podm\u00ednek, budou strany \u0159e\u0161it sm\u00edrn\u011b. Ve\u0161ker\u00e9 nevy\u0159e\u0161en\u00e9 spory, rozpory nebo n\u00e1roky, kter\u00e9 mohou vzniknout z t\u011bchto Podm\u00ednek nebo v souvislosti s nimi, jejich poru\u0161en\u00edm, ukon\u010den\u00edm nebo neplatnost\u00ed, budou \u0159e\u0161eny obecn\u00fdmi soudy, kter\u00e9 maj\u00ed v t\u00e9to v\u011bci pravomoc.<\/p>\n<p><strong>b. Odd\u011blitelnost<\/strong><\/p>\n<p>Pokud je nebo se stane kter\u00e9koli ustanoven\u00ed t\u00e9to smlouvy v jak\u00e9mkoli ohledu nez\u00e1konn\u00e9, neplatn\u00e9 nebo nevymahateln\u00e9, nebude t\u00edm nijak dot\u010dena ani naru\u0161ena z\u00e1konnost, platnost ani vymahatelnost ostatn\u00edch ustanoven\u00ed t\u00e9to smlouvy. Pokud je n\u011bkter\u00e9 ustanoven\u00ed nez\u00e1konn\u00e9 nebo nevymahateln\u00e9, je z\u00e1m\u011brem spole\u010dnosti CEGH i u\u017eivatele, aby takov\u00e9 ustanoven\u00ed nezaniklo, ale aby bylo zm\u011bn\u011bno v rozsahu nezbytn\u00e9m pro jeho platnost a vymahatelnost.<\/p>\n<\/div>\n<\/div>\n<\/div>\n<\/div>\n<\/div>\n<\/div>\n<\/div>\n<\/div>\n<\/div>\n<\/div>\n<\/div>\n<\/div>\n<\/div>\n<\/div>\n<\/div>\n<\/div>\n\n    <\/div>\n<\/div>\n                    <\/div>\n                <\/div>\n                        <\/div>\n                    <\/div>\n    \n        ","protected":false},"excerpt":{"rendered":"","protected":false},"author":4,"featured_media":0,"parent":0,"menu_order":0,"comment_status":"closed","ping_status":"closed","template":"","meta":{"_acf_changed":false,"content-type":"","footnotes":""},"class_list":["post-98082","page","type-page","status-publish","hentry"],"acf":[],"yoast_head":"<!-- This site is optimized with the Yoast SEO plugin v27.3 - https:\/\/yoast.com\/product\/yoast-seo-wordpress\/ -->\n<title>Otisk - CEGH<\/title>\n<meta name=\"robots\" content=\"index, follow, max-snippet:-1, max-image-preview:large, max-video-preview:-1\" \/>\n<link rel=\"canonical\" href=\"https:\/\/www.cegh.at\/cz\/otisk\/\" \/>\n<meta property=\"og:locale\" content=\"en_US\" \/>\n<meta property=\"og:type\" content=\"article\" \/>\n<meta property=\"og:title\" content=\"Otisk - CEGH\" \/>\n<meta property=\"og:url\" content=\"https:\/\/www.cegh.at\/cz\/otisk\/\" \/>\n<meta property=\"og:site_name\" content=\"CEGH\" \/>\n<meta property=\"article:modified_time\" content=\"2024-07-04T08:06:29+00:00\" \/>\n<meta name=\"twitter:card\" content=\"summary_large_image\" \/>\n<script type=\"application\/ld+json\" class=\"yoast-schema-graph\">{\"@context\":\"https:\\\/\\\/schema.org\",\"@graph\":[{\"@type\":\"WebPage\",\"@id\":\"https:\\\/\\\/www.cegh.at\\\/cz\\\/otisk\\\/\",\"url\":\"https:\\\/\\\/www.cegh.at\\\/cz\\\/otisk\\\/\",\"name\":\"Otisk - CEGH\",\"isPartOf\":{\"@id\":\"https:\\\/\\\/www.cegh.at\\\/cz\\\/#website\"},\"datePublished\":\"2023-03-09T10:50:13+00:00\",\"dateModified\":\"2024-07-04T08:06:29+00:00\",\"breadcrumb\":{\"@id\":\"https:\\\/\\\/www.cegh.at\\\/cz\\\/otisk\\\/#breadcrumb\"},\"inLanguage\":\"cz-CZ\",\"potentialAction\":[{\"@type\":\"ReadAction\",\"target\":[\"https:\\\/\\\/www.cegh.at\\\/cz\\\/otisk\\\/\"]}]},{\"@type\":\"BreadcrumbList\",\"@id\":\"https:\\\/\\\/www.cegh.at\\\/cz\\\/otisk\\\/#breadcrumb\",\"itemListElement\":[{\"@type\":\"ListItem\",\"position\":1,\"name\":\"Home\",\"item\":\"https:\\\/\\\/www.cegh.at\\\/cz\\\/\"},{\"@type\":\"ListItem\",\"position\":2,\"name\":\"Otisk\"}]},{\"@type\":\"WebSite\",\"@id\":\"https:\\\/\\\/www.cegh.at\\\/cz\\\/#website\",\"url\":\"https:\\\/\\\/www.cegh.at\\\/cz\\\/\",\"name\":\"CEGH\",\"description\":\"\",\"publisher\":{\"@id\":\"https:\\\/\\\/www.cegh.at\\\/cz\\\/#organization\"},\"potentialAction\":[{\"@type\":\"SearchAction\",\"target\":{\"@type\":\"EntryPoint\",\"urlTemplate\":\"https:\\\/\\\/www.cegh.at\\\/cz\\\/?s={search_term_string}\"},\"query-input\":{\"@type\":\"PropertyValueSpecification\",\"valueRequired\":true,\"valueName\":\"search_term_string\"}}],\"inLanguage\":\"cz-CZ\"},{\"@type\":\"Organization\",\"@id\":\"https:\\\/\\\/www.cegh.at\\\/cz\\\/#organization\",\"name\":\"CEGH\",\"url\":\"https:\\\/\\\/www.cegh.at\\\/cz\\\/\",\"logo\":{\"@type\":\"ImageObject\",\"inLanguage\":\"cz-CZ\",\"@id\":\"https:\\\/\\\/www.cegh.at\\\/cz\\\/#\\\/schema\\\/logo\\\/image\\\/\",\"url\":\"https:\\\/\\\/www.cegh.at\\\/wp-content\\\/uploads\\\/2023\\\/05\\\/Hauptlogo_RGB.jpg\",\"contentUrl\":\"https:\\\/\\\/www.cegh.at\\\/wp-content\\\/uploads\\\/2023\\\/05\\\/Hauptlogo_RGB.jpg\",\"width\":3333,\"height\":2500,\"caption\":\"CEGH\"},\"image\":{\"@id\":\"https:\\\/\\\/www.cegh.at\\\/cz\\\/#\\\/schema\\\/logo\\\/image\\\/\"}}]}<\/script>\n<!-- \/ Yoast SEO plugin. -->","yoast_head_json":{"title":"Otisk - CEGH","robots":{"index":"index","follow":"follow","max-snippet":"max-snippet:-1","max-image-preview":"max-image-preview:large","max-video-preview":"max-video-preview:-1"},"canonical":"https:\/\/www.cegh.at\/cz\/otisk\/","og_locale":"en_US","og_type":"article","og_title":"Otisk - CEGH","og_url":"https:\/\/www.cegh.at\/cz\/otisk\/","og_site_name":"CEGH","article_modified_time":"2024-07-04T08:06:29+00:00","twitter_card":"summary_large_image","schema":{"@context":"https:\/\/schema.org","@graph":[{"@type":"WebPage","@id":"https:\/\/www.cegh.at\/cz\/otisk\/","url":"https:\/\/www.cegh.at\/cz\/otisk\/","name":"Otisk - CEGH","isPartOf":{"@id":"https:\/\/www.cegh.at\/cz\/#website"},"datePublished":"2023-03-09T10:50:13+00:00","dateModified":"2024-07-04T08:06:29+00:00","breadcrumb":{"@id":"https:\/\/www.cegh.at\/cz\/otisk\/#breadcrumb"},"inLanguage":"cz-CZ","potentialAction":[{"@type":"ReadAction","target":["https:\/\/www.cegh.at\/cz\/otisk\/"]}]},{"@type":"BreadcrumbList","@id":"https:\/\/www.cegh.at\/cz\/otisk\/#breadcrumb","itemListElement":[{"@type":"ListItem","position":1,"name":"Home","item":"https:\/\/www.cegh.at\/cz\/"},{"@type":"ListItem","position":2,"name":"Otisk"}]},{"@type":"WebSite","@id":"https:\/\/www.cegh.at\/cz\/#website","url":"https:\/\/www.cegh.at\/cz\/","name":"CEGH","description":"","publisher":{"@id":"https:\/\/www.cegh.at\/cz\/#organization"},"potentialAction":[{"@type":"SearchAction","target":{"@type":"EntryPoint","urlTemplate":"https:\/\/www.cegh.at\/cz\/?s={search_term_string}"},"query-input":{"@type":"PropertyValueSpecification","valueRequired":true,"valueName":"search_term_string"}}],"inLanguage":"cz-CZ"},{"@type":"Organization","@id":"https:\/\/www.cegh.at\/cz\/#organization","name":"CEGH","url":"https:\/\/www.cegh.at\/cz\/","logo":{"@type":"ImageObject","inLanguage":"cz-CZ","@id":"https:\/\/www.cegh.at\/cz\/#\/schema\/logo\/image\/","url":"https:\/\/www.cegh.at\/wp-content\/uploads\/2023\/05\/Hauptlogo_RGB.jpg","contentUrl":"https:\/\/www.cegh.at\/wp-content\/uploads\/2023\/05\/Hauptlogo_RGB.jpg","width":3333,"height":2500,"caption":"CEGH"},"image":{"@id":"https:\/\/www.cegh.at\/cz\/#\/schema\/logo\/image\/"}}]}},"_links":{"self":[{"href":"https:\/\/www.cegh.at\/cz\/wp-json\/wp\/v2\/pages\/98082","targetHints":{"allow":["GET"]}}],"collection":[{"href":"https:\/\/www.cegh.at\/cz\/wp-json\/wp\/v2\/pages"}],"about":[{"href":"https:\/\/www.cegh.at\/cz\/wp-json\/wp\/v2\/types\/page"}],"author":[{"embeddable":true,"href":"https:\/\/www.cegh.at\/cz\/wp-json\/wp\/v2\/users\/4"}],"replies":[{"embeddable":true,"href":"https:\/\/www.cegh.at\/cz\/wp-json\/wp\/v2\/comments?post=98082"}],"version-history":[{"count":4,"href":"https:\/\/www.cegh.at\/cz\/wp-json\/wp\/v2\/pages\/98082\/revisions"}],"predecessor-version":[{"id":663374,"href":"https:\/\/www.cegh.at\/cz\/wp-json\/wp\/v2\/pages\/98082\/revisions\/663374"}],"wp:attachment":[{"href":"https:\/\/www.cegh.at\/cz\/wp-json\/wp\/v2\/media?parent=98082"}],"curies":[{"name":"wp","href":"https:\/\/api.w.org\/{rel}","templated":true}]}}