{"id":233487,"date":"2023-08-04T08:54:56","date_gmt":"2023-08-04T06:54:56","guid":{"rendered":"https:\/\/www.cegh.at\/efet-cegh-biogas-certificates-standard-agreement\/"},"modified":"2024-03-22T12:10:27","modified_gmt":"2024-03-22T11:10:27","slug":"efet-cegh-biogas-certificates-standard-agreement","status":"publish","type":"page","link":"https:\/\/www.cegh.at\/de\/efet-cegh-biogas-certificates-standard-agreement\/","title":{"rendered":"EFET CEGH Biogas Certificates Standard Agreement"},"content":{"rendered":"\n\n\n\n\n\n\n\n\n\n\n\n\n\n\n\n\n\n\n\n\n\n\n\n\n\n\n\n\n\n\n\n\n                    \n            <div class=\"ce ce-text pb-0\n         ce--mb-0          ce--contrast                  ce--sp-standard          ce--full\n             js-bgcontainer u-bg-cc  \"\n             id=\"block_ef343b3bc8f32f3dc972a37a03c3784e\">\n                                <figure>\n    <picture>\n        <source media=\"(min-width: 1440px)\" srcset=\"https:\/\/www.cegh.at\/wp-content\/uploads\/2023\/05\/Greengas_iStock-1295492761-1920x0-c-default.jpg\">\n        <source media=\"(min-width: 1200px)\" srcset=\"https:\/\/www.cegh.at\/wp-content\/uploads\/2023\/05\/Greengas_iStock-1295492761-1440x0-c-default.jpg\">\n        <source media=\"(min-width: 992px)\" srcset=\"https:\/\/www.cegh.at\/wp-content\/uploads\/2023\/05\/Greengas_iStock-1295492761-1200x0-c-default.jpg\">\n        <source media=\"(min-width: 768px)\" srcset=\"https:\/\/www.cegh.at\/wp-content\/uploads\/2023\/05\/Greengas_iStock-1295492761-992x0-c-default.jpg\">\n        <source media=\"(min-width: 576px)\" srcset=\"https:\/\/www.cegh.at\/wp-content\/uploads\/2023\/05\/Greengas_iStock-1295492761-768x0-c-default.jpg\">\n        <source media=\"(min-width: 320px)\" srcset=\"https:\/\/www.cegh.at\/wp-content\/uploads\/2023\/05\/Greengas_iStock-1295492761-576x0-c-default.jpg\">\n        <source srcset=\"https:\/\/www.cegh.at\/wp-content\/uploads\/2023\/05\/Greengas_iStock-1295492761-576x0-c-default.jpg\">\n        <img loading=\"lazy\" decoding=\"async\" src=\"https:\/\/www.cegh.at\/wp-content\/uploads\/2023\/05\/Greengas_iStock-1295492761-1920x0-c-default.jpg\" width=\"5551\"\n             height=\"3700\" alt=\"\" title=\"Autumn in the Prealps, Austria\" class=\"img-fluid w-100 js-bgimage\">\n    <\/picture>\n<\/figure>\n                <div class=\"ce-text__gradient ce-text__gradient--center js-gradient\"><\/div>\n                <div class=\"ce-text__gradient--base\"><\/div>\n                                    <div class=\"container-fluid\">\n                            <div class=\"row\">\n                    <div class=\"cc-text__text col-12 col-md-12 col-xl-12 mx-auto text-left\">\n                        <div class=\"ce-textblock\" data-animation=\"true\" data-animation-duration=\"300\">\n    <div class=\"ce-textblock__text\">\n                    <p class=\"ce-textblock__topline\">Gr\u00fcnGas Markt<\/p>\n                            <h2 class=\"\"> EFET CEGH Biogas Certificates Standard Agreement <\/h2>\n                \n    <\/div>\n<\/div>\n                    <\/div>\n                <\/div>\n                        <\/div>\n                    <\/div>\n    \n        \n\n\n\n\n\n\n\n\n\n\n\n\n\n\n\n\n\n\n\n\n\n\n\n\n\n\n\n\n\n\n\n\n                    \n            <div class=\"ce ce-text pb-0\n         ce--mb-0                                 \"\n             id=\"block_894729322dac02f8277825ffd2954510\">\n                                    <div class=\"container-fluid\">\n                            <div class=\"row\">\n                    <div class=\"cc-text__text col-12 col-md-12 col-xl-12 mx-auto text-left\">\n                        <div class=\"ce-textblock\" data-animation=\"true\" data-animation-duration=\"300\">\n    <div class=\"ce-textblock__text\">\n                        <p>Die Einf\u00fchrung der EFET CEGH Biogas Certificates Standard Agreement hilft den Marktteilnehmern, die ehrgeizigen europ\u00e4ischen Ziele f\u00fcr gr\u00fcne Gase zu erreichen. Sie schafft die Voraussetzungen f\u00fcr einen effizienten Handel mit Biogaszertifikaten im Rahmen nationaler (auf EU-Recht basierender) Systeme.<\/p>\n<p>Ausgangspunkt f\u00fcr die Ausgestaltung des Biogas-Zertifikate-Handelsabkommens war der Start unserer CEGH GreenGas Plattform und damit die M\u00f6glichkeit, Biogas-Zertifikate zu handeln. Der Vertrag, der als einheitliches Handelsabkommen f\u00fcr \u00d6sterreich konzipiert ist, kann auf allen wichtigen Handelsm\u00e4rkten in der EU und f\u00fcr eine Vielzahl von Handelsszenarien eingesetzt werden.<\/p>\n<p>Der CEGH ist sehr stolz auf die erfolgreiche Zusammenarbeit mit EFET bei der Entwicklung der Biogas-Standardvereinbarung. In einer dekarbonisierten Energielandschaft liegt die Zukunft der Gasindustrie in der Nutzung von Biomethan und gr\u00fcnem Wasserstoff. Durch die Einrichtung der CEGH GreenGas Platform hat sich der CEGH zu einem Pionier im Handel mit gr\u00fcnen Gasen, insbesondere Biomethan, entwickelt. Die Standardvereinbarung wurde in enger Zusammenarbeit mit Interessenvertretern der Industrie und Mitgliedern des EFET-Rechtsausschusses ausgearbeitet.<\/p>\n<p>Wir sind fest entschlossen, die Zukunft zu gestalten, indem wir die Bedeutung der Standardisierung und des plattformbasierten Handels betonen, da sie eine entscheidende Rolle bei der Entwicklung und dem Wachstum der M\u00e4rkte f\u00fcr gr\u00fcne Gase spielen.<\/p>\n<p>Weitere Informationen \u00fcber die EFET CEGH Biogas Certificates Standard Agreement finden Sie auf der <a href=\"https:\/\/www.efet.org\/home\/documents?id=42\" target=\"_blank\" rel=\"noopener\">EFET-Website.<\/a><\/p>\n\n    <\/div>\n<\/div>\n                    <\/div>\n                <\/div>\n                        <\/div>\n                    <\/div>\n    \n        \n\n\n\n\n\n\n\n\n\n\n\n\n\n\n\n\n\n\n\n\n\n\n\n\n\n\n\n\n\n\n\n\n            <div\n            class=\"ce ce-download ce--mb-standard \"\n            id=\"block_6b869b7e8c8038c4c350ba44dcf65ddc\">\n            <div class=\"container-fluid\">\n                <div class=\"row\">\n                    <div class=\"col-12 col-lg-10 offset-lg-1\">\n                        <div class=\"text-left\">\n                            <div class=\"ce-textblock\" data-animation=\"true\" data-animation-duration=\"300\">\n    <div class=\"ce-textblock__text\">\n                        \n    <\/div>\n<\/div>\n                        <\/div>\n                    <\/div>\n                    <div class=\"col-12 col-lg-10 offset-lg-1\">\n                        <div class=\"d-flex flex-row flex-wrap\">\n                                                                                                                                    <div class=\"ce-download__item ce-download__item--nopreview\">\n                                        <a href=\"https:\/\/www.cegh.at\/de\/efet-cegh-biogas-certificates-standard-agreement\/efet-bcsa-2\/\" data-filetype=\"zip\"\n                                           target=\"_blank\" class=\"ce-download__link ce-download__link--nopreview\">\n                                            <p class=\"ce-download__title ce-download__title--nopreview\">\n                                                EFET BCSA Documents <br>\n                                                <span class=\"ce-download__date\">15.07.2023<\/span>\n                                            <\/p>\n                                        <\/a>\n                                    <\/div>\n                                                                                    <\/div>\n                    <\/div>\n                <\/div>\n            <\/div>\n        <\/div>\n\n    \n","protected":false},"excerpt":{"rendered":"","protected":false},"author":8,"featured_media":0,"parent":0,"menu_order":0,"comment_status":"closed","ping_status":"closed","template":"","meta":{"_acf_changed":false,"content-type":"","footnotes":""},"class_list":["post-233487","page","type-page","status-publish","hentry"],"acf":[],"yoast_head":"<!-- This site is optimized with the Yoast SEO plugin v27.3 - https:\/\/yoast.com\/product\/yoast-seo-wordpress\/ -->\n<title>EFET CEGH Biogas Certificates Standard Agreement - CEGH<\/title>\n<meta name=\"description\" content=\"Erkundung der EFET CEGH-Standardvereinbarung f\u00fcr Biogas-Zertifikate, die einen effizienten Handel f\u00fcr die europ\u00e4ischen Treibhausgasziele erm\u00f6glicht.\" \/>\n<meta name=\"robots\" content=\"index, follow, max-snippet:-1, max-image-preview:large, max-video-preview:-1\" \/>\n<link rel=\"canonical\" href=\"https:\/\/www.cegh.at\/de\/efet-cegh-biogas-certificates-standard-agreement\/\" \/>\n<meta property=\"og:locale\" content=\"de_DE\" \/>\n<meta property=\"og:type\" content=\"article\" \/>\n<meta property=\"og:title\" content=\"EFET CEGH Biogas Certificates Standard Agreement - CEGH\" \/>\n<meta property=\"og:description\" content=\"Erkundung der EFET CEGH-Standardvereinbarung f\u00fcr Biogas-Zertifikate, die einen effizienten Handel f\u00fcr die europ\u00e4ischen Treibhausgasziele erm\u00f6glicht.\" \/>\n<meta property=\"og:url\" content=\"https:\/\/www.cegh.at\/de\/efet-cegh-biogas-certificates-standard-agreement\/\" \/>\n<meta property=\"og:site_name\" content=\"CEGH\" \/>\n<meta property=\"article:modified_time\" content=\"2024-03-22T11:10:27+00:00\" \/>\n<meta name=\"twitter:card\" content=\"summary_large_image\" \/>\n<script type=\"application\/ld+json\" class=\"yoast-schema-graph\">{\"@context\":\"https:\\\/\\\/schema.org\",\"@graph\":[{\"@type\":\"WebPage\",\"@id\":\"https:\\\/\\\/www.cegh.at\\\/de\\\/efet-cegh-biogas-certificates-standard-agreement\\\/\",\"url\":\"https:\\\/\\\/www.cegh.at\\\/de\\\/efet-cegh-biogas-certificates-standard-agreement\\\/\",\"name\":\"EFET CEGH Biogas Certificates Standard Agreement - CEGH\",\"isPartOf\":{\"@id\":\"https:\\\/\\\/www.cegh.at\\\/de\\\/#website\"},\"datePublished\":\"2023-08-04T06:54:56+00:00\",\"dateModified\":\"2024-03-22T11:10:27+00:00\",\"description\":\"Erkundung der EFET CEGH-Standardvereinbarung f\u00fcr Biogas-Zertifikate, die einen effizienten Handel f\u00fcr die europ\u00e4ischen Treibhausgasziele erm\u00f6glicht.\",\"breadcrumb\":{\"@id\":\"https:\\\/\\\/www.cegh.at\\\/de\\\/efet-cegh-biogas-certificates-standard-agreement\\\/#breadcrumb\"},\"inLanguage\":\"de\",\"potentialAction\":[{\"@type\":\"ReadAction\",\"target\":[\"https:\\\/\\\/www.cegh.at\\\/de\\\/efet-cegh-biogas-certificates-standard-agreement\\\/\"]}]},{\"@type\":\"BreadcrumbList\",\"@id\":\"https:\\\/\\\/www.cegh.at\\\/de\\\/efet-cegh-biogas-certificates-standard-agreement\\\/#breadcrumb\",\"itemListElement\":[{\"@type\":\"ListItem\",\"position\":1,\"name\":\"Home\",\"item\":\"https:\\\/\\\/www.cegh.at\\\/de\\\/\"},{\"@type\":\"ListItem\",\"position\":2,\"name\":\"EFET CEGH Biogas Certificates Standard Agreement\"}]},{\"@type\":\"WebSite\",\"@id\":\"https:\\\/\\\/www.cegh.at\\\/de\\\/#website\",\"url\":\"https:\\\/\\\/www.cegh.at\\\/de\\\/\",\"name\":\"CEGH\",\"description\":\"\",\"publisher\":{\"@id\":\"https:\\\/\\\/www.cegh.at\\\/de\\\/#organization\"},\"potentialAction\":[{\"@type\":\"SearchAction\",\"target\":{\"@type\":\"EntryPoint\",\"urlTemplate\":\"https:\\\/\\\/www.cegh.at\\\/de\\\/?s={search_term_string}\"},\"query-input\":{\"@type\":\"PropertyValueSpecification\",\"valueRequired\":true,\"valueName\":\"search_term_string\"}}],\"inLanguage\":\"de\"},{\"@type\":\"Organization\",\"@id\":\"https:\\\/\\\/www.cegh.at\\\/de\\\/#organization\",\"name\":\"CEGH\",\"url\":\"https:\\\/\\\/www.cegh.at\\\/de\\\/\",\"logo\":{\"@type\":\"ImageObject\",\"inLanguage\":\"de\",\"@id\":\"https:\\\/\\\/www.cegh.at\\\/de\\\/#\\\/schema\\\/logo\\\/image\\\/\",\"url\":\"https:\\\/\\\/www.cegh.at\\\/wp-content\\\/uploads\\\/2023\\\/05\\\/Hauptlogo_RGB.jpg\",\"contentUrl\":\"https:\\\/\\\/www.cegh.at\\\/wp-content\\\/uploads\\\/2023\\\/05\\\/Hauptlogo_RGB.jpg\",\"width\":3333,\"height\":2500,\"caption\":\"CEGH\"},\"image\":{\"@id\":\"https:\\\/\\\/www.cegh.at\\\/de\\\/#\\\/schema\\\/logo\\\/image\\\/\"}}]}<\/script>\n<!-- \/ Yoast SEO plugin. -->","yoast_head_json":{"title":"EFET CEGH Biogas Certificates Standard Agreement - CEGH","description":"Erkundung der EFET CEGH-Standardvereinbarung f\u00fcr Biogas-Zertifikate, die einen effizienten Handel f\u00fcr die europ\u00e4ischen Treibhausgasziele erm\u00f6glicht.","robots":{"index":"index","follow":"follow","max-snippet":"max-snippet:-1","max-image-preview":"max-image-preview:large","max-video-preview":"max-video-preview:-1"},"canonical":"https:\/\/www.cegh.at\/de\/efet-cegh-biogas-certificates-standard-agreement\/","og_locale":"de_DE","og_type":"article","og_title":"EFET CEGH Biogas Certificates Standard Agreement - CEGH","og_description":"Erkundung der EFET CEGH-Standardvereinbarung f\u00fcr Biogas-Zertifikate, die einen effizienten Handel f\u00fcr die europ\u00e4ischen Treibhausgasziele erm\u00f6glicht.","og_url":"https:\/\/www.cegh.at\/de\/efet-cegh-biogas-certificates-standard-agreement\/","og_site_name":"CEGH","article_modified_time":"2024-03-22T11:10:27+00:00","twitter_card":"summary_large_image","schema":{"@context":"https:\/\/schema.org","@graph":[{"@type":"WebPage","@id":"https:\/\/www.cegh.at\/de\/efet-cegh-biogas-certificates-standard-agreement\/","url":"https:\/\/www.cegh.at\/de\/efet-cegh-biogas-certificates-standard-agreement\/","name":"EFET CEGH Biogas Certificates Standard Agreement - CEGH","isPartOf":{"@id":"https:\/\/www.cegh.at\/de\/#website"},"datePublished":"2023-08-04T06:54:56+00:00","dateModified":"2024-03-22T11:10:27+00:00","description":"Erkundung der EFET CEGH-Standardvereinbarung f\u00fcr Biogas-Zertifikate, die einen effizienten Handel f\u00fcr die europ\u00e4ischen Treibhausgasziele erm\u00f6glicht.","breadcrumb":{"@id":"https:\/\/www.cegh.at\/de\/efet-cegh-biogas-certificates-standard-agreement\/#breadcrumb"},"inLanguage":"de","potentialAction":[{"@type":"ReadAction","target":["https:\/\/www.cegh.at\/de\/efet-cegh-biogas-certificates-standard-agreement\/"]}]},{"@type":"BreadcrumbList","@id":"https:\/\/www.cegh.at\/de\/efet-cegh-biogas-certificates-standard-agreement\/#breadcrumb","itemListElement":[{"@type":"ListItem","position":1,"name":"Home","item":"https:\/\/www.cegh.at\/de\/"},{"@type":"ListItem","position":2,"name":"EFET CEGH Biogas Certificates Standard Agreement"}]},{"@type":"WebSite","@id":"https:\/\/www.cegh.at\/de\/#website","url":"https:\/\/www.cegh.at\/de\/","name":"CEGH","description":"","publisher":{"@id":"https:\/\/www.cegh.at\/de\/#organization"},"potentialAction":[{"@type":"SearchAction","target":{"@type":"EntryPoint","urlTemplate":"https:\/\/www.cegh.at\/de\/?s={search_term_string}"},"query-input":{"@type":"PropertyValueSpecification","valueRequired":true,"valueName":"search_term_string"}}],"inLanguage":"de"},{"@type":"Organization","@id":"https:\/\/www.cegh.at\/de\/#organization","name":"CEGH","url":"https:\/\/www.cegh.at\/de\/","logo":{"@type":"ImageObject","inLanguage":"de","@id":"https:\/\/www.cegh.at\/de\/#\/schema\/logo\/image\/","url":"https:\/\/www.cegh.at\/wp-content\/uploads\/2023\/05\/Hauptlogo_RGB.jpg","contentUrl":"https:\/\/www.cegh.at\/wp-content\/uploads\/2023\/05\/Hauptlogo_RGB.jpg","width":3333,"height":2500,"caption":"CEGH"},"image":{"@id":"https:\/\/www.cegh.at\/de\/#\/schema\/logo\/image\/"}}]}},"_links":{"self":[{"href":"https:\/\/www.cegh.at\/de\/wp-json\/wp\/v2\/pages\/233487","targetHints":{"allow":["GET"]}}],"collection":[{"href":"https:\/\/www.cegh.at\/de\/wp-json\/wp\/v2\/pages"}],"about":[{"href":"https:\/\/www.cegh.at\/de\/wp-json\/wp\/v2\/types\/page"}],"author":[{"embeddable":true,"href":"https:\/\/www.cegh.at\/de\/wp-json\/wp\/v2\/users\/8"}],"replies":[{"embeddable":true,"href":"https:\/\/www.cegh.at\/de\/wp-json\/wp\/v2\/comments?post=233487"}],"version-history":[{"count":6,"href":"https:\/\/www.cegh.at\/de\/wp-json\/wp\/v2\/pages\/233487\/revisions"}],"predecessor-version":[{"id":342965,"href":"https:\/\/www.cegh.at\/de\/wp-json\/wp\/v2\/pages\/233487\/revisions\/342965"}],"wp:attachment":[{"href":"https:\/\/www.cegh.at\/de\/wp-json\/wp\/v2\/media?parent=233487"}],"curies":[{"name":"wp","href":"https:\/\/api.w.org\/{rel}","templated":true}]}}