{"id":42949,"date":"2023-03-09T11:41:58","date_gmt":"2023-03-09T10:41:58","guid":{"rendered":"https:\/\/www.cegh.at\/gruenes-gas\/"},"modified":"2025-04-11T12:15:30","modified_gmt":"2025-04-11T10:15:30","slug":"gruenes-gas","status":"publish","type":"page","link":"https:\/\/www.cegh.at\/de\/gruenes-gas\/","title":{"rendered":"Gr\u00fcnGas"},"content":{"rendered":"\n\n\n\n\n\n\n\n\n\n\n\n\n\n\n\n\n\n\n\n\n\n\n\n\n\n\n\n\n\n\n\n\n                    \n            <div class=\"ce ce-text pb-0\n         ce--mb-small          ce--contrast                  ce--sp-small          ce--full\n             js-bgcontainer u-bg-cc  \"\n             id=\"block_30dfa316f8750d9660df2931ca445aab\">\n                                <figure>\n    <picture>\n        <source media=\"(min-width: 1440px)\" srcset=\"https:\/\/www.cegh.at\/wp-content\/uploads\/2023\/05\/Greengas_iStock-1295492761-1920x0-c-default.jpg\">\n        <source media=\"(min-width: 1200px)\" srcset=\"https:\/\/www.cegh.at\/wp-content\/uploads\/2023\/05\/Greengas_iStock-1295492761-1440x0-c-default.jpg\">\n        <source media=\"(min-width: 992px)\" srcset=\"https:\/\/www.cegh.at\/wp-content\/uploads\/2023\/05\/Greengas_iStock-1295492761-1200x0-c-default.jpg\">\n        <source media=\"(min-width: 768px)\" srcset=\"https:\/\/www.cegh.at\/wp-content\/uploads\/2023\/05\/Greengas_iStock-1295492761-992x0-c-default.jpg\">\n        <source media=\"(min-width: 576px)\" srcset=\"https:\/\/www.cegh.at\/wp-content\/uploads\/2023\/05\/Greengas_iStock-1295492761-768x0-c-default.jpg\">\n        <source media=\"(min-width: 320px)\" srcset=\"https:\/\/www.cegh.at\/wp-content\/uploads\/2023\/05\/Greengas_iStock-1295492761-576x0-c-default.jpg\">\n        <source srcset=\"https:\/\/www.cegh.at\/wp-content\/uploads\/2023\/05\/Greengas_iStock-1295492761-576x0-c-default.jpg\">\n        <img loading=\"lazy\" decoding=\"async\" src=\"https:\/\/www.cegh.at\/wp-content\/uploads\/2023\/05\/Greengas_iStock-1295492761-1920x0-c-default.jpg\" width=\"5551\"\n             height=\"3700\" alt=\"\" title=\"Autumn in the Prealps, Austria\" class=\"img-fluid w-100 js-bgimage\">\n    <\/picture>\n<\/figure>\n                <div class=\"ce-text__gradient ce-text__gradient--center js-gradient\"><\/div>\n                <div class=\"ce-text__gradient--base\"><\/div>\n                                    <div class=\"container-fluid\">\n                            <div class=\"row\">\n                    <div class=\"cc-text__text col-12 col-md-12 col-xl-12 mx-auto text-left\">\n                        <div class=\"ce-textblock\" data-animation=\"true\" data-animation-duration=\"300\">\n    <div class=\"ce-textblock__text\">\n                    <p class=\"ce-textblock__topline\">Gr\u00fcnGas Markt<\/p>\n                            <h1 class=\"\"> CEGH GreenGas Platform f\u00fcr Handel und Vermarktung von Biogas und Wasserstoff <\/h1>\n                \n    <\/div>\n<\/div>\n                    <\/div>\n                <\/div>\n                        <\/div>\n                    <\/div>\n    \n        \n\n\n\n\n\n\n\n\n\n\n\n\n\n\n\n\n\n\n\n\n\n\n\n\n\n\n\n\n\n\n\n\n\n\n                    \n            <div class=\"ce ce-text pb-0\n         ce--mb-small                                 \"\n             id=\"block_d9a0155d27c406487d23ff1c22a36dc2\">\n                                    <div class=\"container-fluid\">\n                            <div class=\"row\">\n                    <div class=\"cc-text__text col-12 col-md-12 col-xl-12 mx-auto text-left\">\n                        <div class=\"ce-textblock\" data-animation=\"true\" data-animation-duration=\"300\">\n    <div class=\"ce-textblock__text\">\n                        <ul>\n<li>Central European Gas Hub (CEGH) startet die CEGH GreenGas Platform f\u00fcr die Vermarktung von gr\u00fcnen Gasen, wie Biogas und Wasserstoff, in \u00d6sterreich.<\/li>\n<li>\n<p class=\"\" data-start=\"271\" data-end=\"359\">Mit dieser Plattform bietet CEGH die erste Handelsplattform f\u00fcr gr\u00fcnen Wasserstoff an.<\/p>\n<\/li>\n<li>\n<p class=\"\" data-start=\"271\" data-end=\"359\">Sie erm\u00f6glicht den Handel mit gr\u00fcnem Wasserstoff und Biogas in allen EU-L\u00e4ndern sowie in der Schweiz, Norwegen, T\u00fcrkei, Ukraine und dem Vereinigten K\u00f6nigreich.<\/p>\n<\/li>\n<\/ul>\n\n    <\/div>\n<\/div>\n                    <\/div>\n                <\/div>\n                        <\/div>\n                    <\/div>\n    \n        \n\n\n\n\n\n\n\n\n\n\n\n\n\n\n\n\n\n\n\n\n\n\n\n\n\n\n\n\n\n\n\n\n\n\n            \n        \n                    <div class=\"ce ce-cols ce-cols--2\n         ce--mb-standard                                 \"\n                 id=\"block_9c92232eec67d81fdb510df02fbf3e8f\">\n                                    <div class=\"container-fluid\">\n                                        <div class=\"row\">\n                        <div class=\"col-12 col-lg-6 \">\n                            <!--HIER DIE SCHLEIFE MIT DEM CONTENT SPALTE 1-->\n                                                                                                                            \n\n\n\n\n\n\n\n\n\n\n\n\n\n\n\n\n\n\n\n\n\n\n\n\n\n\n\n\n\n\n                                            \n        \n        \n        \n    \n\n                    \n    \n\n                    \n            <div class=\"ce ce-text pb-0\n                                        \"\n             id=\"block_9c92232eec67d81fdb510df02fbf3e8f\">\n                                        <div class=\"row\">\n                    <div class=\"cc-text__text col-12 col-md-12 col-xl-12  text-justify\">\n                        <div class=\"ce-textblock\" data-animation=\"true\" data-animation-duration=\"300\">\n    <div class=\"ce-textblock__text\">\n                        <p>Gr\u00fcne Gase wie Biogas und gr\u00fcner Wasserstoff werden einen wesentlichen Beitrag zur Dekarbonisierung des Energiesystems leisten. Mit gr\u00fcnen Gasen kann die bestehende Gasinfrastruktur f\u00fcr eine nachhaltige Energieversorgung genutzt werden. Derzeit werden in \u00d6sterreich rund 0,1 TWh Biomethan &#8211; aufbereitetes Biogas &#8211; in das Erdgasnetz eingespeist. Bis 2030 sollen 5 TWh an gr\u00fcnen Gasen zur Verf\u00fcgung stehen. Damit gr\u00fcne Gase einen wirksamen Beitrag zur Dekarbonisierung leisten k\u00f6nnen, muss in \u00d6sterreich ein funktionierender Handelsplatz etabliert werden<strong>.<\/strong><\/p>\n<p>Die <strong>CEGH GreenGas Platform<\/strong> ist die erste Plattform, die durch den Handel mit Gr\u00fcnen Gasen die Dekarbonisierung der Gasm\u00e4rkte unterst\u00fctzt. Sie wird der Marktplatz f\u00fcr Angebot und Nachfrage von Biogas sowie von gr\u00fcnem Wasserstoff werden.<\/p>\n<p>Die Plattform erm\u00f6glicht den Kauf oder Verkauf von Biomethan-Herkunftsnachweisen (GOs) sowie von Biomethan mit oder ohne Herkunftsnachweis.<br data-start=\"1038\" data-end=\"1041\" \/>Gr\u00fcner Wasserstoff kann ebenfalls als geb\u00fcndeltes Produkt \u2013 Zertifikat oder Herkunftsnachweis \u2013 oder separat angeboten werden, beispielsweise als in einem nationalen Register registrierte Zertifikate oder Herkunftsnachweise.<\/p>\n\n    <\/div>\n<\/div>\n                    <\/div>\n                <\/div>\n                    <\/div>\n    \n                                                                    \n                        <\/div>\n                        <div class=\"col-12 col-lg-6 \">\n                            <!--HIER DIE SCHLEIFE MIT DEM CONTENT SPALTE 2-->\n                                                                                                                            \n\n\n\n\n\n\n\n\n\n\n\n\n\n\n\n\n\n\n\n\n\n\n\n\n\n\n\n\n\n\n                                            \n        \n        \n        \n    \n\n                    \n    \n\n                    \n            <div class=\"ce ce-text pb-0\n                                        \"\n             id=\"block_9c92232eec67d81fdb510df02fbf3e8f\">\n                                        <div class=\"row\">\n                    <div class=\"cc-text__text col-12 col-md-12 col-xl-12  text-justify\">\n                        <div class=\"ce-textblock\" data-animation=\"true\" data-animation-duration=\"300\">\n    <div class=\"ce-textblock__text\">\n                        <p>Das bedeutet, dass Lieferanten und K\u00e4ufer erstmals auf einem gemeinsamen Marktplatz interagieren k\u00f6nnen, was den Handelsabschluss und die Abwicklung erheblich vereinfacht.<br data-start=\"268\" data-end=\"271\" \/>Die Plattform erm\u00f6glicht den Kauf und Verkauf von gr\u00fcnem Wasserstoff und Biogas \u00fcber L\u00e4ndergrenzen hinweg \u2013 in europ\u00e4ischen L\u00e4ndern sowie in den Nachbarstaaten Schweiz, Norwegen, T\u00fcrkei, Vereinigtes K\u00f6nigreich und Ukraine.<\/p>\n<p>Um die europ\u00e4ischen Klimaziele zu erreichen, ist langfristig ein liquider europ\u00e4ischer Handelsplatz f\u00fcr gr\u00fcne Gase notwendig.<\/p>\n<p>CEGH unterst\u00fctzt seinen bestehenden Kooperationspartner EEX, die gr\u00f6\u00dfte europ\u00e4ische Energieb\u00f6rse, bei der Vision eines liquiden B\u00f6rsenhandels mit gr\u00fcnen Gasen und Herkunftsnachweisen auf der EEX.<\/p>\n<p>Die CEGH GreenGas Platform ist in zwei Sprachen \u2013 Deutsch und Englisch \u2013 verf\u00fcgbar und kostenlos. Sie kann hier aufgerufen werden:<\/p>\n<p>&nbsp;<\/p>\n<p><a class=\"btn btn--secondary btn--icon btn--icon--right\" href=\"http:\/\/www.cegh.at\/greengas\/.\">CEGH GreenGas Plattform<\/a><\/p>\n\n    <\/div>\n<\/div>\n                    <\/div>\n                <\/div>\n                    <\/div>\n    \n                                                                                            <\/div>\n                    <\/div>\n                <\/div>\n            <\/div>\n                        ","protected":false},"excerpt":{"rendered":"","protected":false},"author":4,"featured_media":0,"parent":0,"menu_order":0,"comment_status":"closed","ping_status":"closed","template":"","meta":{"_acf_changed":false,"content-type":"","footnotes":""},"class_list":["post-42949","page","type-page","status-publish","hentry"],"acf":[],"yoast_head":"<!-- This site is optimized with the Yoast SEO plugin v27.3 - https:\/\/yoast.com\/product\/yoast-seo-wordpress\/ -->\n<title>GreenGas Plattform -<\/title>\n<meta name=\"description\" content=\"Entdecken Sie die CEGH GreenGas Plattform f\u00fcr den Handel mit Biogas und Wasserstoff in \u00d6sterreich, um die Dekarbonisierung der Gasm\u00e4rkte zu unterst\u00fctzen\" \/>\n<meta name=\"robots\" content=\"index, follow, max-snippet:-1, max-image-preview:large, max-video-preview:-1\" \/>\n<link rel=\"canonical\" href=\"https:\/\/www.cegh.at\/de\/gruenes-gas\/\" \/>\n<meta property=\"og:locale\" content=\"de_DE\" \/>\n<meta property=\"og:type\" content=\"article\" \/>\n<meta property=\"og:title\" content=\"GreenGas Plattform -\" \/>\n<meta property=\"og:description\" content=\"Entdecken Sie die CEGH GreenGas Plattform f\u00fcr den Handel mit Biogas und Wasserstoff in \u00d6sterreich, um die Dekarbonisierung der Gasm\u00e4rkte zu unterst\u00fctzen\" \/>\n<meta property=\"og:url\" content=\"https:\/\/www.cegh.at\/de\/gruenes-gas\/\" \/>\n<meta property=\"og:site_name\" content=\"CEGH\" \/>\n<meta property=\"article:modified_time\" content=\"2025-04-11T10:15:30+00:00\" \/>\n<meta name=\"twitter:card\" content=\"summary_large_image\" \/>\n<script type=\"application\/ld+json\" class=\"yoast-schema-graph\">{\"@context\":\"https:\\\/\\\/schema.org\",\"@graph\":[{\"@type\":\"WebPage\",\"@id\":\"https:\\\/\\\/www.cegh.at\\\/de\\\/gruenes-gas\\\/\",\"url\":\"https:\\\/\\\/www.cegh.at\\\/de\\\/gruenes-gas\\\/\",\"name\":\"GreenGas Plattform -\",\"isPartOf\":{\"@id\":\"https:\\\/\\\/www.cegh.at\\\/de\\\/#website\"},\"datePublished\":\"2023-03-09T10:41:58+00:00\",\"dateModified\":\"2025-04-11T10:15:30+00:00\",\"description\":\"Entdecken Sie die CEGH GreenGas Plattform f\u00fcr den Handel mit Biogas und Wasserstoff in \u00d6sterreich, um die Dekarbonisierung der Gasm\u00e4rkte zu unterst\u00fctzen\",\"breadcrumb\":{\"@id\":\"https:\\\/\\\/www.cegh.at\\\/de\\\/gruenes-gas\\\/#breadcrumb\"},\"inLanguage\":\"de\",\"potentialAction\":[{\"@type\":\"ReadAction\",\"target\":[\"https:\\\/\\\/www.cegh.at\\\/de\\\/gruenes-gas\\\/\"]}]},{\"@type\":\"BreadcrumbList\",\"@id\":\"https:\\\/\\\/www.cegh.at\\\/de\\\/gruenes-gas\\\/#breadcrumb\",\"itemListElement\":[{\"@type\":\"ListItem\",\"position\":1,\"name\":\"Home\",\"item\":\"https:\\\/\\\/www.cegh.at\\\/de\\\/\"},{\"@type\":\"ListItem\",\"position\":2,\"name\":\"Gr\u00fcnGas\"}]},{\"@type\":\"WebSite\",\"@id\":\"https:\\\/\\\/www.cegh.at\\\/de\\\/#website\",\"url\":\"https:\\\/\\\/www.cegh.at\\\/de\\\/\",\"name\":\"CEGH\",\"description\":\"\",\"publisher\":{\"@id\":\"https:\\\/\\\/www.cegh.at\\\/de\\\/#organization\"},\"potentialAction\":[{\"@type\":\"SearchAction\",\"target\":{\"@type\":\"EntryPoint\",\"urlTemplate\":\"https:\\\/\\\/www.cegh.at\\\/de\\\/?s={search_term_string}\"},\"query-input\":{\"@type\":\"PropertyValueSpecification\",\"valueRequired\":true,\"valueName\":\"search_term_string\"}}],\"inLanguage\":\"de\"},{\"@type\":\"Organization\",\"@id\":\"https:\\\/\\\/www.cegh.at\\\/de\\\/#organization\",\"name\":\"CEGH\",\"url\":\"https:\\\/\\\/www.cegh.at\\\/de\\\/\",\"logo\":{\"@type\":\"ImageObject\",\"inLanguage\":\"de\",\"@id\":\"https:\\\/\\\/www.cegh.at\\\/de\\\/#\\\/schema\\\/logo\\\/image\\\/\",\"url\":\"https:\\\/\\\/www.cegh.at\\\/wp-content\\\/uploads\\\/2023\\\/05\\\/Hauptlogo_RGB.jpg\",\"contentUrl\":\"https:\\\/\\\/www.cegh.at\\\/wp-content\\\/uploads\\\/2023\\\/05\\\/Hauptlogo_RGB.jpg\",\"width\":3333,\"height\":2500,\"caption\":\"CEGH\"},\"image\":{\"@id\":\"https:\\\/\\\/www.cegh.at\\\/de\\\/#\\\/schema\\\/logo\\\/image\\\/\"}}]}<\/script>\n<!-- \/ Yoast SEO plugin. -->","yoast_head_json":{"title":"GreenGas Plattform -","description":"Entdecken Sie die CEGH GreenGas Plattform f\u00fcr den Handel mit Biogas und Wasserstoff in \u00d6sterreich, um die Dekarbonisierung der Gasm\u00e4rkte zu unterst\u00fctzen","robots":{"index":"index","follow":"follow","max-snippet":"max-snippet:-1","max-image-preview":"max-image-preview:large","max-video-preview":"max-video-preview:-1"},"canonical":"https:\/\/www.cegh.at\/de\/gruenes-gas\/","og_locale":"de_DE","og_type":"article","og_title":"GreenGas Plattform -","og_description":"Entdecken Sie die CEGH GreenGas Plattform f\u00fcr den Handel mit Biogas und Wasserstoff in \u00d6sterreich, um die Dekarbonisierung der Gasm\u00e4rkte zu unterst\u00fctzen","og_url":"https:\/\/www.cegh.at\/de\/gruenes-gas\/","og_site_name":"CEGH","article_modified_time":"2025-04-11T10:15:30+00:00","twitter_card":"summary_large_image","schema":{"@context":"https:\/\/schema.org","@graph":[{"@type":"WebPage","@id":"https:\/\/www.cegh.at\/de\/gruenes-gas\/","url":"https:\/\/www.cegh.at\/de\/gruenes-gas\/","name":"GreenGas Plattform -","isPartOf":{"@id":"https:\/\/www.cegh.at\/de\/#website"},"datePublished":"2023-03-09T10:41:58+00:00","dateModified":"2025-04-11T10:15:30+00:00","description":"Entdecken Sie die CEGH GreenGas Plattform f\u00fcr den Handel mit Biogas und Wasserstoff in \u00d6sterreich, um die Dekarbonisierung der Gasm\u00e4rkte zu unterst\u00fctzen","breadcrumb":{"@id":"https:\/\/www.cegh.at\/de\/gruenes-gas\/#breadcrumb"},"inLanguage":"de","potentialAction":[{"@type":"ReadAction","target":["https:\/\/www.cegh.at\/de\/gruenes-gas\/"]}]},{"@type":"BreadcrumbList","@id":"https:\/\/www.cegh.at\/de\/gruenes-gas\/#breadcrumb","itemListElement":[{"@type":"ListItem","position":1,"name":"Home","item":"https:\/\/www.cegh.at\/de\/"},{"@type":"ListItem","position":2,"name":"Gr\u00fcnGas"}]},{"@type":"WebSite","@id":"https:\/\/www.cegh.at\/de\/#website","url":"https:\/\/www.cegh.at\/de\/","name":"CEGH","description":"","publisher":{"@id":"https:\/\/www.cegh.at\/de\/#organization"},"potentialAction":[{"@type":"SearchAction","target":{"@type":"EntryPoint","urlTemplate":"https:\/\/www.cegh.at\/de\/?s={search_term_string}"},"query-input":{"@type":"PropertyValueSpecification","valueRequired":true,"valueName":"search_term_string"}}],"inLanguage":"de"},{"@type":"Organization","@id":"https:\/\/www.cegh.at\/de\/#organization","name":"CEGH","url":"https:\/\/www.cegh.at\/de\/","logo":{"@type":"ImageObject","inLanguage":"de","@id":"https:\/\/www.cegh.at\/de\/#\/schema\/logo\/image\/","url":"https:\/\/www.cegh.at\/wp-content\/uploads\/2023\/05\/Hauptlogo_RGB.jpg","contentUrl":"https:\/\/www.cegh.at\/wp-content\/uploads\/2023\/05\/Hauptlogo_RGB.jpg","width":3333,"height":2500,"caption":"CEGH"},"image":{"@id":"https:\/\/www.cegh.at\/de\/#\/schema\/logo\/image\/"}}]}},"_links":{"self":[{"href":"https:\/\/www.cegh.at\/de\/wp-json\/wp\/v2\/pages\/42949","targetHints":{"allow":["GET"]}}],"collection":[{"href":"https:\/\/www.cegh.at\/de\/wp-json\/wp\/v2\/pages"}],"about":[{"href":"https:\/\/www.cegh.at\/de\/wp-json\/wp\/v2\/types\/page"}],"author":[{"embeddable":true,"href":"https:\/\/www.cegh.at\/de\/wp-json\/wp\/v2\/users\/4"}],"replies":[{"embeddable":true,"href":"https:\/\/www.cegh.at\/de\/wp-json\/wp\/v2\/comments?post=42949"}],"version-history":[{"count":34,"href":"https:\/\/www.cegh.at\/de\/wp-json\/wp\/v2\/pages\/42949\/revisions"}],"predecessor-version":[{"id":1034040,"href":"https:\/\/www.cegh.at\/de\/wp-json\/wp\/v2\/pages\/42949\/revisions\/1034040"}],"wp:attachment":[{"href":"https:\/\/www.cegh.at\/de\/wp-json\/wp\/v2\/media?parent=42949"}],"curies":[{"name":"wp","href":"https:\/\/api.w.org\/{rel}","templated":true}]}}