{"id":45559,"date":"2023-03-09T11:41:30","date_gmt":"2023-03-09T10:41:30","guid":{"rendered":"https:\/\/www.cegh.at\/vtp-markt\/"},"modified":"2026-03-23T11:00:52","modified_gmt":"2026-03-23T10:00:52","slug":"vtp-markt","status":"publish","type":"page","link":"https:\/\/www.cegh.at\/de\/vtp-markt\/","title":{"rendered":"VHP Markt"},"content":{"rendered":"\n\n\n\n\n\n\n\n\n\n\n\n\n\n\n\n\n\n\n\n\n\n\n\n\n\n\n\n\n\n\n\n\n                    \n            <div class=\"ce ce-text pb-0\n         ce--mb-small          ce--contrast                  ce--sp-small          ce--full\n             js-bgcontainer u-bg-cc  \"\n             id=\"block_c235039e070fd32adb2e9c3500536ec5\">\n                                <figure>\n    <picture>\n        <source media=\"(min-width: 1440px)\" srcset=\"https:\/\/www.cegh.at\/wp-content\/uploads\/2023\/05\/vtp_operations_image_iStock-697536322-1920x0-c-default.jpg\">\n        <source media=\"(min-width: 1200px)\" srcset=\"https:\/\/www.cegh.at\/wp-content\/uploads\/2023\/05\/vtp_operations_image_iStock-697536322-1440x0-c-default.jpg\">\n        <source media=\"(min-width: 992px)\" srcset=\"https:\/\/www.cegh.at\/wp-content\/uploads\/2023\/05\/vtp_operations_image_iStock-697536322-1200x0-c-default.jpg\">\n        <source media=\"(min-width: 768px)\" srcset=\"https:\/\/www.cegh.at\/wp-content\/uploads\/2023\/05\/vtp_operations_image_iStock-697536322-992x0-c-default.jpg\">\n        <source media=\"(min-width: 576px)\" srcset=\"https:\/\/www.cegh.at\/wp-content\/uploads\/2023\/05\/vtp_operations_image_iStock-697536322-768x0-c-default.jpg\">\n        <source media=\"(min-width: 320px)\" srcset=\"https:\/\/www.cegh.at\/wp-content\/uploads\/2023\/05\/vtp_operations_image_iStock-697536322-576x0-c-default.jpg\">\n        <source srcset=\"https:\/\/www.cegh.at\/wp-content\/uploads\/2023\/05\/vtp_operations_image_iStock-697536322-576x0-c-default.jpg\">\n        <img loading=\"lazy\" decoding=\"async\" src=\"https:\/\/www.cegh.at\/wp-content\/uploads\/2023\/05\/vtp_operations_image_iStock-697536322-1920x0-c-default.jpg\" width=\"3864\"\n             height=\"2577\" alt=\"\" title=\"Industrial pipelines\" class=\"img-fluid w-100 js-bgimage\">\n    <\/picture>\n<\/figure>\n                <div class=\"ce-text__gradient ce-text__gradient--center js-gradient\"><\/div>\n                <div class=\"ce-text__gradient--base\"><\/div>\n                                    <div class=\"container-fluid\">\n                            <div class=\"row\">\n                    <div class=\"cc-text__text col-12 col-md-12 col-xl-12 mx-auto text-left\">\n                        <div class=\"ce-textblock\" data-animation=\"true\" data-animation-duration=\"300\">\n    <div class=\"ce-textblock__text\">\n                            <h1 class=\"\"> Multi-Trading-System f\u00fcr bilaterale Kontrakte <\/h1>\n                \n    <\/div>\n<\/div>\n                    <\/div>\n                <\/div>\n                        <\/div>\n                    <\/div>\n    \n        \n\n\n\n\n\n\n\n\n\n\n\n\n\n\n\n\n\n\n\n\n\n\n\n\n\n\n\n\n\n\n\n\n\n\n                    \n            <div class=\"ce ce-text pb-0\n         ce--mb-standard                                 \"\n             id=\"block_b87de440171b2db4bf1a8d54250b84d6\">\n                                    <div class=\"container-fluid\">\n                            <div class=\"row\">\n                    <div class=\"cc-text__text col-12 col-md-12 col-xl-12 mx-auto text-left\">\n                        <div class=\"ce-textblock\" data-animation=\"true\" data-animation-duration=\"300\">\n    <div class=\"ce-textblock__text\">\n                        <h5>VHP &#8211; VIRTUELLER HANDELSPUNKT<\/h5>\n<p>Der CEGH VHP-Markt hat sich zur bedeutendsten Plattform f\u00fcr den modernen Gashandel in Zentraleuropa entwickelt. CEGH bietet eine ma\u00dfgeschneiderte Online-Plattform am neuesten Stand der Technik zur Abwicklung bilateraler Erdgashandelsgesch\u00e4fte am \u00f6sterreichischen Markt, wo CEGH den Virtuellen Handelspunkt f\u00fcr das Entry\/Exit-Marktmodell betreibt.<\/p>\n<p>Das <strong>CEGH Multi Trading System (CMT)<\/strong> erm\u00f6glicht die Abwicklung bilateraler Handelsgesch\u00e4fte im \u00f6sterreichischen Entry\/Exit-System durch Verkn\u00fcpfung von Handel und Ein- bzw. Ausspeisung an verschiedenen Entry- und Exit-Punkten an der \u00f6sterreichischen Grenze, den Speicherst\u00e4tten und dem nationalen \u00f6sterreichischen Verteilnetz. Unsere Kunden k\u00f6nnen sich darauf verlassen, dass CEGH die operative Durchf\u00fchrung \u00fcberwacht und gemeinsam mit dem Marktgebietsmanager den tats\u00e4chlichen physischen Gasfluss gem\u00e4\u00df der nominierten und gematchten Mengen korrekt abwickelt.<\/p>\n<p>Bitte klicken Sie hier um sich am CEGH Multitrading System (CMT) zu <a class=\"u-color-green\" href=\"https:\/\/www.cegh.at\/en\/application\/\">registrieren<\/a> oder <a href=\"https:\/\/www.gashub.at\/nomination\/overview.xhtml\"><span style=\"color: #99cc00;\">einzuloggen<\/span><\/a>.<\/p>\n\n    <\/div>\n<\/div>\n                    <\/div>\n                <\/div>\n                        <\/div>\n                    <\/div>\n    \n        \n\n\n\n\n\n\n\n\n\n\n\n\n\n\n\n\n\n\n\n\n\n\n\n\n\n\n\n\n\n\n\n\n\n\n                \n\n    \n    \n","protected":false},"excerpt":{"rendered":"","protected":false},"author":4,"featured_media":0,"parent":0,"menu_order":0,"comment_status":"closed","ping_status":"closed","template":"","meta":{"_acf_changed":false,"content-type":"","footnotes":""},"class_list":["post-45559","page","type-page","status-publish","hentry"],"acf":[],"yoast_head":"<!-- This site is optimized with the Yoast SEO plugin v27.3 - https:\/\/yoast.com\/product\/yoast-seo-wordpress\/ -->\n<title>VTP Multi Trading System -<\/title>\n<meta name=\"description\" content=\"Erkundung des CEGH-VTP-Multi-Handelssystems f\u00fcr bilaterale Gasvertr\u00e4ge zur Verbesserung des Gashandels in Mitteleuropa. Registrieren Sie sich f\u00fcr den nahtlosen Handel.\" \/>\n<meta name=\"robots\" content=\"index, follow, max-snippet:-1, max-image-preview:large, max-video-preview:-1\" \/>\n<link rel=\"canonical\" href=\"https:\/\/www.cegh.at\/de\/vtp-markt\/\" \/>\n<meta property=\"og:locale\" content=\"de_DE\" \/>\n<meta property=\"og:type\" content=\"article\" \/>\n<meta property=\"og:title\" content=\"VTP Multi Trading System -\" \/>\n<meta property=\"og:description\" content=\"Erkundung des CEGH-VTP-Multi-Handelssystems f\u00fcr bilaterale Gasvertr\u00e4ge zur Verbesserung des Gashandels in Mitteleuropa. Registrieren Sie sich f\u00fcr den nahtlosen Handel.\" \/>\n<meta property=\"og:url\" content=\"https:\/\/www.cegh.at\/de\/vtp-markt\/\" \/>\n<meta property=\"og:site_name\" content=\"CEGH\" \/>\n<meta property=\"article:modified_time\" content=\"2026-03-23T10:00:52+00:00\" \/>\n<meta name=\"twitter:card\" content=\"summary_large_image\" \/>\n<script type=\"application\/ld+json\" class=\"yoast-schema-graph\">{\"@context\":\"https:\\\/\\\/schema.org\",\"@graph\":[{\"@type\":\"WebPage\",\"@id\":\"https:\\\/\\\/www.cegh.at\\\/de\\\/vtp-markt\\\/\",\"url\":\"https:\\\/\\\/www.cegh.at\\\/de\\\/vtp-markt\\\/\",\"name\":\"VTP Multi Trading System -\",\"isPartOf\":{\"@id\":\"https:\\\/\\\/www.cegh.at\\\/de\\\/#website\"},\"datePublished\":\"2023-03-09T10:41:30+00:00\",\"dateModified\":\"2026-03-23T10:00:52+00:00\",\"description\":\"Erkundung des CEGH-VTP-Multi-Handelssystems f\u00fcr bilaterale Gasvertr\u00e4ge zur Verbesserung des Gashandels in Mitteleuropa. Registrieren Sie sich f\u00fcr den nahtlosen Handel.\",\"breadcrumb\":{\"@id\":\"https:\\\/\\\/www.cegh.at\\\/de\\\/vtp-markt\\\/#breadcrumb\"},\"inLanguage\":\"de\",\"potentialAction\":[{\"@type\":\"ReadAction\",\"target\":[\"https:\\\/\\\/www.cegh.at\\\/de\\\/vtp-markt\\\/\"]}]},{\"@type\":\"BreadcrumbList\",\"@id\":\"https:\\\/\\\/www.cegh.at\\\/de\\\/vtp-markt\\\/#breadcrumb\",\"itemListElement\":[{\"@type\":\"ListItem\",\"position\":1,\"name\":\"Home\",\"item\":\"https:\\\/\\\/www.cegh.at\\\/de\\\/\"},{\"@type\":\"ListItem\",\"position\":2,\"name\":\"VHP Markt\"}]},{\"@type\":\"WebSite\",\"@id\":\"https:\\\/\\\/www.cegh.at\\\/de\\\/#website\",\"url\":\"https:\\\/\\\/www.cegh.at\\\/de\\\/\",\"name\":\"CEGH\",\"description\":\"\",\"publisher\":{\"@id\":\"https:\\\/\\\/www.cegh.at\\\/de\\\/#organization\"},\"potentialAction\":[{\"@type\":\"SearchAction\",\"target\":{\"@type\":\"EntryPoint\",\"urlTemplate\":\"https:\\\/\\\/www.cegh.at\\\/de\\\/?s={search_term_string}\"},\"query-input\":{\"@type\":\"PropertyValueSpecification\",\"valueRequired\":true,\"valueName\":\"search_term_string\"}}],\"inLanguage\":\"de\"},{\"@type\":\"Organization\",\"@id\":\"https:\\\/\\\/www.cegh.at\\\/de\\\/#organization\",\"name\":\"CEGH\",\"url\":\"https:\\\/\\\/www.cegh.at\\\/de\\\/\",\"logo\":{\"@type\":\"ImageObject\",\"inLanguage\":\"de\",\"@id\":\"https:\\\/\\\/www.cegh.at\\\/de\\\/#\\\/schema\\\/logo\\\/image\\\/\",\"url\":\"https:\\\/\\\/www.cegh.at\\\/wp-content\\\/uploads\\\/2023\\\/05\\\/Hauptlogo_RGB.jpg\",\"contentUrl\":\"https:\\\/\\\/www.cegh.at\\\/wp-content\\\/uploads\\\/2023\\\/05\\\/Hauptlogo_RGB.jpg\",\"width\":3333,\"height\":2500,\"caption\":\"CEGH\"},\"image\":{\"@id\":\"https:\\\/\\\/www.cegh.at\\\/de\\\/#\\\/schema\\\/logo\\\/image\\\/\"}}]}<\/script>\n<!-- \/ Yoast SEO plugin. -->","yoast_head_json":{"title":"VTP Multi Trading System -","description":"Erkundung des CEGH-VTP-Multi-Handelssystems f\u00fcr bilaterale Gasvertr\u00e4ge zur Verbesserung des Gashandels in Mitteleuropa. Registrieren Sie sich f\u00fcr den nahtlosen Handel.","robots":{"index":"index","follow":"follow","max-snippet":"max-snippet:-1","max-image-preview":"max-image-preview:large","max-video-preview":"max-video-preview:-1"},"canonical":"https:\/\/www.cegh.at\/de\/vtp-markt\/","og_locale":"de_DE","og_type":"article","og_title":"VTP Multi Trading System -","og_description":"Erkundung des CEGH-VTP-Multi-Handelssystems f\u00fcr bilaterale Gasvertr\u00e4ge zur Verbesserung des Gashandels in Mitteleuropa. Registrieren Sie sich f\u00fcr den nahtlosen Handel.","og_url":"https:\/\/www.cegh.at\/de\/vtp-markt\/","og_site_name":"CEGH","article_modified_time":"2026-03-23T10:00:52+00:00","twitter_card":"summary_large_image","schema":{"@context":"https:\/\/schema.org","@graph":[{"@type":"WebPage","@id":"https:\/\/www.cegh.at\/de\/vtp-markt\/","url":"https:\/\/www.cegh.at\/de\/vtp-markt\/","name":"VTP Multi Trading System -","isPartOf":{"@id":"https:\/\/www.cegh.at\/de\/#website"},"datePublished":"2023-03-09T10:41:30+00:00","dateModified":"2026-03-23T10:00:52+00:00","description":"Erkundung des CEGH-VTP-Multi-Handelssystems f\u00fcr bilaterale Gasvertr\u00e4ge zur Verbesserung des Gashandels in Mitteleuropa. Registrieren Sie sich f\u00fcr den nahtlosen Handel.","breadcrumb":{"@id":"https:\/\/www.cegh.at\/de\/vtp-markt\/#breadcrumb"},"inLanguage":"de","potentialAction":[{"@type":"ReadAction","target":["https:\/\/www.cegh.at\/de\/vtp-markt\/"]}]},{"@type":"BreadcrumbList","@id":"https:\/\/www.cegh.at\/de\/vtp-markt\/#breadcrumb","itemListElement":[{"@type":"ListItem","position":1,"name":"Home","item":"https:\/\/www.cegh.at\/de\/"},{"@type":"ListItem","position":2,"name":"VHP Markt"}]},{"@type":"WebSite","@id":"https:\/\/www.cegh.at\/de\/#website","url":"https:\/\/www.cegh.at\/de\/","name":"CEGH","description":"","publisher":{"@id":"https:\/\/www.cegh.at\/de\/#organization"},"potentialAction":[{"@type":"SearchAction","target":{"@type":"EntryPoint","urlTemplate":"https:\/\/www.cegh.at\/de\/?s={search_term_string}"},"query-input":{"@type":"PropertyValueSpecification","valueRequired":true,"valueName":"search_term_string"}}],"inLanguage":"de"},{"@type":"Organization","@id":"https:\/\/www.cegh.at\/de\/#organization","name":"CEGH","url":"https:\/\/www.cegh.at\/de\/","logo":{"@type":"ImageObject","inLanguage":"de","@id":"https:\/\/www.cegh.at\/de\/#\/schema\/logo\/image\/","url":"https:\/\/www.cegh.at\/wp-content\/uploads\/2023\/05\/Hauptlogo_RGB.jpg","contentUrl":"https:\/\/www.cegh.at\/wp-content\/uploads\/2023\/05\/Hauptlogo_RGB.jpg","width":3333,"height":2500,"caption":"CEGH"},"image":{"@id":"https:\/\/www.cegh.at\/de\/#\/schema\/logo\/image\/"}}]}},"_links":{"self":[{"href":"https:\/\/www.cegh.at\/de\/wp-json\/wp\/v2\/pages\/45559","targetHints":{"allow":["GET"]}}],"collection":[{"href":"https:\/\/www.cegh.at\/de\/wp-json\/wp\/v2\/pages"}],"about":[{"href":"https:\/\/www.cegh.at\/de\/wp-json\/wp\/v2\/types\/page"}],"author":[{"embeddable":true,"href":"https:\/\/www.cegh.at\/de\/wp-json\/wp\/v2\/users\/4"}],"replies":[{"embeddable":true,"href":"https:\/\/www.cegh.at\/de\/wp-json\/wp\/v2\/comments?post=45559"}],"version-history":[{"count":30,"href":"https:\/\/www.cegh.at\/de\/wp-json\/wp\/v2\/pages\/45559\/revisions"}],"predecessor-version":[{"id":1461402,"href":"https:\/\/www.cegh.at\/de\/wp-json\/wp\/v2\/pages\/45559\/revisions\/1461402"}],"wp:attachment":[{"href":"https:\/\/www.cegh.at\/de\/wp-json\/wp\/v2\/media?parent=45559"}],"curies":[{"name":"wp","href":"https:\/\/api.w.org\/{rel}","templated":true}]}}