{"id":82019,"date":"2023-03-14T10:14:25","date_gmt":"2023-03-14T09:14:25","guid":{"rendered":"https:\/\/www.cegh.at\/vtp-markt\/hub-services\/"},"modified":"2024-03-21T10:46:44","modified_gmt":"2024-03-21T09:46:44","slug":"hub-services","status":"publish","type":"page","link":"https:\/\/www.cegh.at\/de\/vtp-markt\/hub-services\/","title":{"rendered":"Hub Services"},"content":{"rendered":"\n\n\n\n\n\n\n\n\n\n\n\n    \n\n\n\n\n\n\n\n\n\n\n\n\n\n\n\n\n\n\n\n\n                    \n            <div class=\"ce ce-text pb-0\n         ce--mb-0                          ce--sp-small          ce--full\n             u-bgColor-white \"\n             id=\"block_a142fe9e5568ad524d94d6940f938109\">\n                                    <div class=\"container-fluid\">\n                            <div class=\"row\">\n                    <div class=\"cc-text__text col-12 col-md-12 col-xl-12 mx-auto text-left\">\n                        <div class=\"ce-textblock\" data-animation=\"true\" data-animation-duration=\"300\">\n    <div class=\"ce-textblock__text\">\n                    <p class=\"ce-textblock__topline\">VHP Markt<\/p>\n                            <h1 class=\"\"> Hub Services <\/h1>\n                <p>&nbsp;<\/p>\n<p class=\"large\"><span data-contrast=\"none\">Der CEGH<\/span> <span data-contrast=\"none\">VH<\/span><span data-contrast=\"none\">P<\/span> <span data-contrast=\"none\">bietet seinen Kunden verschiedenste Dienstleistungen:<\/span><\/p>\n<ul>\n<li class=\"u-large\"><strong>Title Transfer Service <\/strong><\/li>\n<li class=\"u-large\"><strong>Ver\u00f6ffentlichung von Ausschreibungsunterlagen der FNB<\/strong><\/li>\n<li class=\"u-large\"><strong>Sofortige Alarmierung bei Mismatch <\/strong><\/li>\n<li class=\"u-large\"><strong>24\/7 Kundenservice f\u00fcr alle Aspekte des \u00d6sterreichischen Marktmodells <\/strong><\/li>\n<li class=\"u-large\"><strong>Individuelle L\u00f6sungen auf Anfrage <\/strong><\/li>\n<\/ul>\n<p>&nbsp;<\/p>\n<p>&nbsp;<\/p>\n\n    <\/div>\n<\/div>\n                    <\/div>\n                <\/div>\n                        <\/div>\n                    <\/div>\n    \n        \n\n\n\n\n\n\n\n\n\n\n\n\n\n\n\n\n\n\n\n\n\n\n\n\n\n\n\n\n\n\n\n                                <div class=\"ce ce-accordion\n         ce--mb-small                         \"\n                 id=\"block_256f34ea4c5a485ca3419777ed9bbf11\">\n\n                                                <div class=\"container-fluid\">\n                                                            <div class=\"row\">\n                        <div class=\"col-12 col-md-12 col-xl-12 mx-auto\">\n                                                                                                                                                            <div class=\"ce-accordion__item\" data-animation=\"fade-up\" data-animation-duration=\"300\" >\n                                    <div class=\"ce-accordion__header js-accordion__header\" id=\"accordion_block_256f34ea4c5a485ca3419777ed9bbf111\">\n                                        <div class=\"ce-accordion__clickarea  collapsed  d-flex flex-row align-items-center\"\n                                             data-toggle=\"collapse\" data-target=\"#collapse_block_256f34ea4c5a485ca3419777ed9bbf111\" aria-expanded=\"false\"\n                                             aria-controls=\"collapse_block_256f34ea4c5a485ca3419777ed9bbf111\">\n                                            <header>\n                                                Title Transfer Service\n                                            <\/header>\n                                            <span class=\"ml-auto\">\n                                                <a class=\"ce-accordion__icon\"><\/a>\n                                            <\/span>\n                                        <\/div>\n                                    <\/div>\n                                    <div id=\"collapse_block_256f34ea4c5a485ca3419777ed9bbf111\" class=\"collapse \"\n                                         aria-expanded=\"false\" aria-labelledby=\"heading_block_256f34ea4c5a485ca3419777ed9bbf111\" data-parent=\"#block_256f34ea4c5a485ca3419777ed9bbf11\">\n                                        <div class=\"ce-accordion__body\">\n                                                                                                                                                                                            \n\n\n\n\n\n\n\n\n\n\n\n\n\n\n\n\n\n\n\n\n\n\n\n\n\n\n\n\n\n\n                                            \n        \n        \n        \n    \n\n                    \n    \n\n                    \n            <div class=\"ce ce-text pb-0\n                                        \"\n             id=\"\">\n                                        <div class=\"row\">\n                    <div class=\"cc-text__text col-12 col-md-12 col-xl-12  text-left\">\n                        <div class=\"ce-textblock\" data-animation=\"true\" data-animation-duration=\"300\">\n    <div class=\"ce-textblock__text\">\n                        <p><span data-contrast=\"none\">Dieser Service betreut den Eigentums\u00fcbergang von Gasmengen zwischen verschiedenen Parteien am CEGH VHP. Im Rahmen dessen k\u00fcmmert sich CEGH um die dazugeh\u00f6rigen Nominierungen des H\u00e4ndlers, der Lieferanten und der Kunden, sowie den Matchingprozess und die \u00dcberwachung bzw. Meldung der entsprechenden Gasmengen. Zus\u00e4tzlich werden Mismatch Berichte erstellt und an die jeweiligen Kunden \u00fcbermittelt, die dadurch die M\u00f6glichkeit haben noch zu reagieren bevor es zu einer Einschr\u00e4nkung kommt. <\/span><span data-ccp-props=\"{\"201341983\":0,\"335551550\":1,\"335551620\":1,\"335559685\":10,\"335559737\":279,\"335559739\":136,\"335559740\":360,\"335559991\":10}\"> <\/span><\/p>\n<p><span data-contrast=\"none\">Kunden k\u00f6nnen Nominierungen<\/span> <span data-contrast=\"none\">mit<\/span> <span data-contrast=\"none\">einer Vorlaufzeit<\/span><span data-contrast=\"none\"> von 1 Stunde jederzeit \u00e4ndern. Nach dem Matchingprozess wird an alle Kunden eine Best\u00e4tigung \u00fcbermittelt. <\/span><span data-ccp-props=\"{\"201341983\":0,\"335551550\":6,\"335551620\":6,\"335559685\":20,\"335559737\":780,\"335559739\":5,\"335559740\":360,\"335559991\":10}\"> <\/span><\/p>\n\n    <\/div>\n<\/div>\n                    <\/div>\n                <\/div>\n                    <\/div>\n    \n                                                                                            <\/div>\n                                    <\/div>\n                                <\/div>\n                                                                                                                                                            <div class=\"ce-accordion__item\" data-animation=\"fade-up\" data-animation-duration=\"300\" >\n                                    <div class=\"ce-accordion__header js-accordion__header\" id=\"accordion_block_256f34ea4c5a485ca3419777ed9bbf112\">\n                                        <div class=\"ce-accordion__clickarea  collapsed  d-flex flex-row align-items-center\"\n                                             data-toggle=\"collapse\" data-target=\"#collapse_block_256f34ea4c5a485ca3419777ed9bbf112\" aria-expanded=\"false\"\n                                             aria-controls=\"collapse_block_256f34ea4c5a485ca3419777ed9bbf112\">\n                                            <header>\n                                                Mismatch Service \n                                            <\/header>\n                                            <span class=\"ml-auto\">\n                                                <a class=\"ce-accordion__icon\"><\/a>\n                                            <\/span>\n                                        <\/div>\n                                    <\/div>\n                                    <div id=\"collapse_block_256f34ea4c5a485ca3419777ed9bbf112\" class=\"collapse \"\n                                         aria-expanded=\"false\" aria-labelledby=\"heading_block_256f34ea4c5a485ca3419777ed9bbf112\" data-parent=\"#block_256f34ea4c5a485ca3419777ed9bbf11\">\n                                        <div class=\"ce-accordion__body\">\n                                                                                                                                                                                            \n\n\n\n\n\n\n\n\n\n\n\n\n\n\n\n\n\n\n\n\n\n\n\n\n\n\n\n\n\n\n                                            \n        \n        \n        \n    \n\n                    \n    \n\n                    \n            <div class=\"ce ce-text pb-0\n                                        \"\n             id=\"\">\n                                        <div class=\"row\">\n                    <div class=\"cc-text__text col-12 col-md-12 col-xl-12  text-left\">\n                        <div class=\"ce-textblock\" data-animation=\"true\" data-animation-duration=\"300\">\n    <div class=\"ce-textblock__text\">\n                        <p><span data-contrast=\"none\">Firmen, die f\u00fcr den n\u00e4chsten Gastag noch nicht vollst\u00e4ndig gematcht sind, erhalten automatisch zwischen 17:00 und 24:00 (CET) st\u00fcndlich einen Mismatch Bericht. <\/span><span data-ccp-props=\"{\"201341983\":0,\"335551550\":6,\"335551620\":6,\"335559685\":40,\"335559737\":780,\"335559739\":5,\"335559740\":360,\"335559991\":10}\"> <\/span><\/p>\n<p><span data-contrast=\"none\">Sollten Sie in dieser Zeit keine Nachricht erhalten, sind alle Ihre Nominierungen bereits gematcht. F\u00fcr jede Intraday-Fehlanpassung wird die entsprechende Fehlanpassungsmitteilung wie angefordert versandt. <\/span><span data-ccp-props=\"{\"201341983\":0,\"335551550\":6,\"335551620\":6,\"335559685\":50,\"335559737\":780,\"335559739\":5,\"335559740\":360,\"335559991\":10}\"> <\/span><\/p>\n\n    <\/div>\n<\/div>\n                    <\/div>\n                <\/div>\n                    <\/div>\n    \n                                                                                            <\/div>\n                                    <\/div>\n                                <\/div>\n                                                                                                                                                            <div class=\"ce-accordion__item\" data-animation=\"fade-up\" data-animation-duration=\"300\" >\n                                    <div class=\"ce-accordion__header js-accordion__header\" id=\"accordion_block_256f34ea4c5a485ca3419777ed9bbf113\">\n                                        <div class=\"ce-accordion__clickarea  collapsed  d-flex flex-row align-items-center\"\n                                             data-toggle=\"collapse\" data-target=\"#collapse_block_256f34ea4c5a485ca3419777ed9bbf113\" aria-expanded=\"false\"\n                                             aria-controls=\"collapse_block_256f34ea4c5a485ca3419777ed9bbf113\">\n                                            <header>\n                                                Ma\u00dfgeschneidertes VHP Service \n                                            <\/header>\n                                            <span class=\"ml-auto\">\n                                                <a class=\"ce-accordion__icon\"><\/a>\n                                            <\/span>\n                                        <\/div>\n                                    <\/div>\n                                    <div id=\"collapse_block_256f34ea4c5a485ca3419777ed9bbf113\" class=\"collapse \"\n                                         aria-expanded=\"false\" aria-labelledby=\"heading_block_256f34ea4c5a485ca3419777ed9bbf113\" data-parent=\"#block_256f34ea4c5a485ca3419777ed9bbf11\">\n                                        <div class=\"ce-accordion__body\">\n                                                                                                                                                                                            \n\n\n\n\n\n\n\n\n\n\n\n\n\n\n\n\n\n\n\n\n\n\n\n\n\n\n\n\n\n\n                                            \n        \n        \n        \n    \n\n                    \n    \n\n                    \n            <div class=\"ce ce-text pb-0\n                                        \"\n             id=\"\">\n                                        <div class=\"row\">\n                    <div class=\"cc-text__text col-12 col-md-12 col-xl-12  text-left\">\n                        <div class=\"ce-textblock\" data-animation=\"true\" data-animation-duration=\"300\">\n    <div class=\"ce-textblock__text\">\n                        <p><span data-contrast=\"none\">CEGH bietet ma\u00dfgeschneiderten 24\/7 Dispatching Service f\u00fcr Handel, Transport und Speicher. Dieser Service wird individuell an die W\u00fcnsche und Bed\u00fcrfnisse der Kunden angepasst. <\/span><span data-ccp-props=\"{\"201341983\":0,\"335551550\":6,\"335551620\":6,\"335559685\":50,\"335559737\":780,\"335559739\":5,\"335559740\":360,\"335559991\":10}\"> <\/span><\/p>\n\n    <\/div>\n<\/div>\n                    <\/div>\n                <\/div>\n                    <\/div>\n    \n                                                                                            <\/div>\n                                    <\/div>\n                                <\/div>\n                                                                                                                                                            <div class=\"ce-accordion__item\" data-animation=\"fade-up\" data-animation-duration=\"300\" >\n                                    <div class=\"ce-accordion__header js-accordion__header\" id=\"accordion_block_256f34ea4c5a485ca3419777ed9bbf114\">\n                                        <div class=\"ce-accordion__clickarea  collapsed  d-flex flex-row align-items-center\"\n                                             data-toggle=\"collapse\" data-target=\"#collapse_block_256f34ea4c5a485ca3419777ed9bbf114\" aria-expanded=\"false\"\n                                             aria-controls=\"collapse_block_256f34ea4c5a485ca3419777ed9bbf114\">\n                                            <header>\n                                                Nomination-Service \n                                            <\/header>\n                                            <span class=\"ml-auto\">\n                                                <a class=\"ce-accordion__icon\"><\/a>\n                                            <\/span>\n                                        <\/div>\n                                    <\/div>\n                                    <div id=\"collapse_block_256f34ea4c5a485ca3419777ed9bbf114\" class=\"collapse \"\n                                         aria-expanded=\"false\" aria-labelledby=\"heading_block_256f34ea4c5a485ca3419777ed9bbf114\" data-parent=\"#block_256f34ea4c5a485ca3419777ed9bbf11\">\n                                        <div class=\"ce-accordion__body\">\n                                                                                                                                                                                            \n\n\n\n\n\n\n\n\n\n\n\n\n\n\n\n\n\n\n\n\n\n\n\n\n\n\n\n\n\n\n                                            \n        \n        \n        \n    \n\n                    \n    \n\n                    \n            <div class=\"ce ce-text pb-0\n                                        \"\n             id=\"\">\n                                        <div class=\"row\">\n                    <div class=\"cc-text__text col-12 col-md-12 col-xl-12  text-left\">\n                        <div class=\"ce-textblock\" data-animation=\"true\" data-animation-duration=\"300\">\n    <div class=\"ce-textblock__text\">\n                        <p><span data-contrast=\"none\">Der CEGH bietet einen &#8222;Nomination-Service&#8220; an, der es Kunden ohne 24\/7-Betrieb erm\u00f6glicht, ihre Auftr\u00e4ge im Orderbuch des <\/span><span data-contrast=\"none\">EEX <\/span> <span data-contrast=\"none\">CEGH Gas Exchange Within Day Market auch w\u00e4hrend der Nachtstunden zu behalten. Wenn ein Gesch\u00e4ft auf dem Within Day Markt w\u00e4hrend der Nacht ausgef\u00fchrt werden soll, nominiert CEGH die entsprechenden Mengen im Namen des Kunden bei einem beliebigen Systembetreiber (z.B. Ein- und Ausspeicherung), oder CEGH kann VHP<\/span> <span data-contrast=\"none\">Gesch\u00e4fte mit Gegenparteien auf einer vordefinierten Basis anpassen<\/span><span data-contrast=\"none\">.<\/span><\/p>\n\n    <\/div>\n<\/div>\n                    <\/div>\n                <\/div>\n                    <\/div>\n    \n                                                                                            <\/div>\n                                    <\/div>\n                                <\/div>\n                                                    <\/div>\n                    <\/div>\n                                    <\/div>\n                            <\/div>\n        \n\n            \n\n\n\n\n\n\n\n\n\n\n\n\n\n\n\n\n\n\n\n\n\n\n\n\n\n\n\n\n\n\n\n\n                    \n            <div class=\"ce ce-text pb-0\n         ce--mb-standard                                 \"\n             id=\"block_70fa3cb1048e874357b288ed46cacf07\">\n                                    <div class=\"container-fluid\">\n                            <div class=\"row\">\n                    <div class=\"cc-text__text col-12 col-md-12 col-xl-12 mx-auto text-left\">\n                        <div class=\"ce-textblock\" data-animation=\"true\" data-animation-duration=\"300\">\n    <div class=\"ce-textblock__text\">\n                        <p><span data-contrast=\"none\">Weitere operative Details finden Sie unter dem folgenden Links<\/span><\/p>\n<p><a class=\"u-color-green\" href=\"https:\/\/www.cegh.at\/de\/dienstleistungen\/cegh-plattformen\/cegh-nominierungsplattform\/\"> Nominierungsformate &amp; EIC-Code-Informationen<\/a><\/p>\n\n    <\/div>\n<\/div>\n                    <\/div>\n                <\/div>\n                        <\/div>\n                    <\/div>\n    \n        ","protected":false},"excerpt":{"rendered":"","protected":false},"author":4,"featured_media":0,"parent":45559,"menu_order":0,"comment_status":"closed","ping_status":"closed","template":"","meta":{"_acf_changed":false,"content-type":"","footnotes":""},"class_list":["post-82019","page","type-page","status-publish","hentry"],"acf":[],"yoast_head":"<!-- This site is optimized with the Yoast SEO plugin v27.3 - https:\/\/yoast.com\/product\/yoast-seo-wordpress\/ -->\n<title>Hub Services - CEGH<\/title>\n<meta name=\"description\" content=\"Entdecken Sie die verschiedenen Hub-Services, die der VTP-Betrieb des CEGH seinen Kunden anbietet, mit umfassender Kundenbetreuung und individueller Anpassung.\" \/>\n<meta name=\"robots\" content=\"index, follow, max-snippet:-1, max-image-preview:large, max-video-preview:-1\" \/>\n<link rel=\"canonical\" href=\"https:\/\/www.cegh.at\/de\/vtp-markt\/hub-services\/\" \/>\n<meta property=\"og:locale\" content=\"de_DE\" \/>\n<meta property=\"og:type\" content=\"article\" \/>\n<meta property=\"og:title\" content=\"Hub Services - CEGH\" \/>\n<meta property=\"og:description\" content=\"Entdecken Sie die verschiedenen Hub-Services, die der VTP-Betrieb des CEGH seinen Kunden anbietet, mit umfassender Kundenbetreuung und individueller Anpassung.\" \/>\n<meta property=\"og:url\" content=\"https:\/\/www.cegh.at\/de\/vtp-markt\/hub-services\/\" \/>\n<meta property=\"og:site_name\" content=\"CEGH\" \/>\n<meta property=\"article:modified_time\" content=\"2024-03-21T09:46:44+00:00\" \/>\n<meta name=\"twitter:card\" content=\"summary_large_image\" \/>\n<script type=\"application\/ld+json\" class=\"yoast-schema-graph\">{\"@context\":\"https:\\\/\\\/schema.org\",\"@graph\":[{\"@type\":\"WebPage\",\"@id\":\"https:\\\/\\\/www.cegh.at\\\/de\\\/vtp-markt\\\/hub-services\\\/\",\"url\":\"https:\\\/\\\/www.cegh.at\\\/de\\\/vtp-markt\\\/hub-services\\\/\",\"name\":\"Hub Services - CEGH\",\"isPartOf\":{\"@id\":\"https:\\\/\\\/www.cegh.at\\\/de\\\/#website\"},\"datePublished\":\"2023-03-14T09:14:25+00:00\",\"dateModified\":\"2024-03-21T09:46:44+00:00\",\"description\":\"Entdecken Sie die verschiedenen Hub-Services, die der VTP-Betrieb des CEGH seinen Kunden anbietet, mit umfassender Kundenbetreuung und individueller Anpassung.\",\"breadcrumb\":{\"@id\":\"https:\\\/\\\/www.cegh.at\\\/de\\\/vtp-markt\\\/hub-services\\\/#breadcrumb\"},\"inLanguage\":\"de\",\"potentialAction\":[{\"@type\":\"ReadAction\",\"target\":[\"https:\\\/\\\/www.cegh.at\\\/de\\\/vtp-markt\\\/hub-services\\\/\"]}]},{\"@type\":\"BreadcrumbList\",\"@id\":\"https:\\\/\\\/www.cegh.at\\\/de\\\/vtp-markt\\\/hub-services\\\/#breadcrumb\",\"itemListElement\":[{\"@type\":\"ListItem\",\"position\":1,\"name\":\"Home\",\"item\":\"https:\\\/\\\/www.cegh.at\\\/de\\\/\"},{\"@type\":\"ListItem\",\"position\":2,\"name\":\"VHP Markt\",\"item\":\"https:\\\/\\\/www.cegh.at\\\/de\\\/vtp-markt\\\/\"},{\"@type\":\"ListItem\",\"position\":3,\"name\":\"Hub Services\"}]},{\"@type\":\"WebSite\",\"@id\":\"https:\\\/\\\/www.cegh.at\\\/de\\\/#website\",\"url\":\"https:\\\/\\\/www.cegh.at\\\/de\\\/\",\"name\":\"CEGH\",\"description\":\"\",\"publisher\":{\"@id\":\"https:\\\/\\\/www.cegh.at\\\/de\\\/#organization\"},\"potentialAction\":[{\"@type\":\"SearchAction\",\"target\":{\"@type\":\"EntryPoint\",\"urlTemplate\":\"https:\\\/\\\/www.cegh.at\\\/de\\\/?s={search_term_string}\"},\"query-input\":{\"@type\":\"PropertyValueSpecification\",\"valueRequired\":true,\"valueName\":\"search_term_string\"}}],\"inLanguage\":\"de\"},{\"@type\":\"Organization\",\"@id\":\"https:\\\/\\\/www.cegh.at\\\/de\\\/#organization\",\"name\":\"CEGH\",\"url\":\"https:\\\/\\\/www.cegh.at\\\/de\\\/\",\"logo\":{\"@type\":\"ImageObject\",\"inLanguage\":\"de\",\"@id\":\"https:\\\/\\\/www.cegh.at\\\/de\\\/#\\\/schema\\\/logo\\\/image\\\/\",\"url\":\"https:\\\/\\\/www.cegh.at\\\/wp-content\\\/uploads\\\/2023\\\/05\\\/Hauptlogo_RGB.jpg\",\"contentUrl\":\"https:\\\/\\\/www.cegh.at\\\/wp-content\\\/uploads\\\/2023\\\/05\\\/Hauptlogo_RGB.jpg\",\"width\":3333,\"height\":2500,\"caption\":\"CEGH\"},\"image\":{\"@id\":\"https:\\\/\\\/www.cegh.at\\\/de\\\/#\\\/schema\\\/logo\\\/image\\\/\"}}]}<\/script>\n<!-- \/ Yoast SEO plugin. -->","yoast_head_json":{"title":"Hub Services - CEGH","description":"Entdecken Sie die verschiedenen Hub-Services, die der VTP-Betrieb des CEGH seinen Kunden anbietet, mit umfassender Kundenbetreuung und individueller Anpassung.","robots":{"index":"index","follow":"follow","max-snippet":"max-snippet:-1","max-image-preview":"max-image-preview:large","max-video-preview":"max-video-preview:-1"},"canonical":"https:\/\/www.cegh.at\/de\/vtp-markt\/hub-services\/","og_locale":"de_DE","og_type":"article","og_title":"Hub Services - CEGH","og_description":"Entdecken Sie die verschiedenen Hub-Services, die der VTP-Betrieb des CEGH seinen Kunden anbietet, mit umfassender Kundenbetreuung und individueller Anpassung.","og_url":"https:\/\/www.cegh.at\/de\/vtp-markt\/hub-services\/","og_site_name":"CEGH","article_modified_time":"2024-03-21T09:46:44+00:00","twitter_card":"summary_large_image","schema":{"@context":"https:\/\/schema.org","@graph":[{"@type":"WebPage","@id":"https:\/\/www.cegh.at\/de\/vtp-markt\/hub-services\/","url":"https:\/\/www.cegh.at\/de\/vtp-markt\/hub-services\/","name":"Hub Services - CEGH","isPartOf":{"@id":"https:\/\/www.cegh.at\/de\/#website"},"datePublished":"2023-03-14T09:14:25+00:00","dateModified":"2024-03-21T09:46:44+00:00","description":"Entdecken Sie die verschiedenen Hub-Services, die der VTP-Betrieb des CEGH seinen Kunden anbietet, mit umfassender Kundenbetreuung und individueller Anpassung.","breadcrumb":{"@id":"https:\/\/www.cegh.at\/de\/vtp-markt\/hub-services\/#breadcrumb"},"inLanguage":"de","potentialAction":[{"@type":"ReadAction","target":["https:\/\/www.cegh.at\/de\/vtp-markt\/hub-services\/"]}]},{"@type":"BreadcrumbList","@id":"https:\/\/www.cegh.at\/de\/vtp-markt\/hub-services\/#breadcrumb","itemListElement":[{"@type":"ListItem","position":1,"name":"Home","item":"https:\/\/www.cegh.at\/de\/"},{"@type":"ListItem","position":2,"name":"VHP Markt","item":"https:\/\/www.cegh.at\/de\/vtp-markt\/"},{"@type":"ListItem","position":3,"name":"Hub Services"}]},{"@type":"WebSite","@id":"https:\/\/www.cegh.at\/de\/#website","url":"https:\/\/www.cegh.at\/de\/","name":"CEGH","description":"","publisher":{"@id":"https:\/\/www.cegh.at\/de\/#organization"},"potentialAction":[{"@type":"SearchAction","target":{"@type":"EntryPoint","urlTemplate":"https:\/\/www.cegh.at\/de\/?s={search_term_string}"},"query-input":{"@type":"PropertyValueSpecification","valueRequired":true,"valueName":"search_term_string"}}],"inLanguage":"de"},{"@type":"Organization","@id":"https:\/\/www.cegh.at\/de\/#organization","name":"CEGH","url":"https:\/\/www.cegh.at\/de\/","logo":{"@type":"ImageObject","inLanguage":"de","@id":"https:\/\/www.cegh.at\/de\/#\/schema\/logo\/image\/","url":"https:\/\/www.cegh.at\/wp-content\/uploads\/2023\/05\/Hauptlogo_RGB.jpg","contentUrl":"https:\/\/www.cegh.at\/wp-content\/uploads\/2023\/05\/Hauptlogo_RGB.jpg","width":3333,"height":2500,"caption":"CEGH"},"image":{"@id":"https:\/\/www.cegh.at\/de\/#\/schema\/logo\/image\/"}}]}},"_links":{"self":[{"href":"https:\/\/www.cegh.at\/de\/wp-json\/wp\/v2\/pages\/82019","targetHints":{"allow":["GET"]}}],"collection":[{"href":"https:\/\/www.cegh.at\/de\/wp-json\/wp\/v2\/pages"}],"about":[{"href":"https:\/\/www.cegh.at\/de\/wp-json\/wp\/v2\/types\/page"}],"author":[{"embeddable":true,"href":"https:\/\/www.cegh.at\/de\/wp-json\/wp\/v2\/users\/4"}],"replies":[{"embeddable":true,"href":"https:\/\/www.cegh.at\/de\/wp-json\/wp\/v2\/comments?post=82019"}],"version-history":[{"count":30,"href":"https:\/\/www.cegh.at\/de\/wp-json\/wp\/v2\/pages\/82019\/revisions"}],"predecessor-version":[{"id":529385,"href":"https:\/\/www.cegh.at\/de\/wp-json\/wp\/v2\/pages\/82019\/revisions\/529385"}],"up":[{"embeddable":true,"href":"https:\/\/www.cegh.at\/de\/wp-json\/wp\/v2\/pages\/45559"}],"wp:attachment":[{"href":"https:\/\/www.cegh.at\/de\/wp-json\/wp\/v2\/media?parent=82019"}],"curies":[{"name":"wp","href":"https:\/\/api.w.org\/{rel}","templated":true}]}}