{"id":82069,"date":"2023-03-14T10:14:54","date_gmt":"2023-03-14T09:14:54","guid":{"rendered":"https:\/\/www.cegh.at\/vtp-markt\/marktinformation\/"},"modified":"2024-03-21T10:49:34","modified_gmt":"2024-03-21T09:49:34","slug":"marktinformation","status":"publish","type":"page","link":"https:\/\/www.cegh.at\/de\/vtp-markt\/marktinformation\/","title":{"rendered":"Marktinformation"},"content":{"rendered":"\n\n\n\n\n\n\n\n\n\n\n\n    \n\n\n\n\n\n\n\n\n\n\n\n\n\n\n\n\n\n\n\n\n                    \n            <div class=\"ce ce-text pb-0\n         ce--mb-0                          ce--sp-small          ce--full\n             u-bgColor-white \"\n             id=\"block_b981c4be6f0069d196cd9700262a427d\">\n                                    <div class=\"container-fluid\">\n                            <div class=\"row\">\n                    <div class=\"cc-text__text col-12 col-md-12 col-xl-12 mx-auto text-left\">\n                        <div class=\"ce-textblock\" data-animation=\"true\" data-animation-duration=\"300\">\n    <div class=\"ce-textblock__text\">\n                    <p class=\"ce-textblock__topline\">VHP Markt<\/p>\n                            <h1 class=\"\"> Marktinformation <\/h1>\n                <p>&nbsp;<\/p>\n<h5><span data-contrast=\"none\">\u00d6STERREICHISCHES GASMARKTMODELL 2013<\/span><\/h5>\n<p><span data-contrast=\"none\">Die Implementierung des dritten<\/span> <span data-contrast=\"none\">EU Energiepakets machte die Entwicklung eines neuen<\/span> <b><span data-contrast=\"none\">Entry-Exit-Systems in \u00d6sterreich<\/span><\/b> notwendig<span data-contrast=\"none\">. Anstelle des Punkt-zu-Punkt-Transports werden die physischen Gasbewegungen \u00fcber Ein- und Ausspeisepunkte unabh\u00e4ngig von den Transportwegen durchgef\u00fchrt. Das Marktgebiet im Osten \u00d6sterreichs wurde dadurch zu einer integrierten Zone zusammengeschlossen, welche Transport, Versorgung und Speicher vereint. Au\u00dferdem wurden die bislang in ganz \u00d6sterreich verteilten separaten Handelsorte zu einem<\/span> <a class=\"u-color-green\" href=\"https:\/\/www.cegh.at\/en\/vtp-market\/\">Virtuellen Handelspunkt vereint, <\/a><span data-contrast=\"none\">der vom CEGH betrieben wird.<\/span><b><span data-contrast=\"none\"> <\/span><\/b><span data-ccp-props=\"{\"201341983\":0,\"335551550\":6,\"335551620\":6,\"335559685\":370,\"335559737\":780,\"335559739\":5,\"335559740\":360,\"335559991\":10}\"> <\/span><\/p>\n\n    <\/div>\n<\/div>\n                    <\/div>\n                <\/div>\n                        <\/div>\n                    <\/div>\n    \n        \n\n\n\n\n\n\n\n\n\n\n\n\n\n\n\n\n\n\n\n\n\n\n\n\n\n\n\n\n\n\n\n    \n        \n        \n    \n                                \n                            \n                                \n    \n    \n        \n    \n                                 \n            <div class=\"ce ce-textimage\n         ce--mb-standard                                                     ce--no-bg\n        \"\n             id=\"block_9c3233a58745b615d0a507509eb3a92f\">\n                                    <div class=\"container-fluid\">\n                                <div class=\"row\">\n                    <div class=\"ce-textimage__text col-12 col-md-12 col-xl-8 mx-auto text-left order-1 order-md-0 d-flex flex-column justify-content-start\">\n                        <div class=\"ce-textblock\" data-animation=\"true\" data-animation-duration=\"300\">\n    <div class=\"ce-textblock__text\">\n                        <p>Mit dem neuen Entry-Exit-System traten auch neue Bilanzierungsregelungen in Kraft, welche eine diskriminierungsfreie Beschaffung von Ausgleichsenergie festlegen. Alle nominierten Gasvolumina werden auf Stunden- und Tagesbasis betrachtet. Bei physischen Ungleichgewichten im Marktgebiet Ost saldiert der Markt- und Verteilergebietsmanager die entsprechenden Mengen im Namen und zugunsten der Bilanzierungsstelle. Die Bilanzierungsstelle rechnet dann jeden Monat die Ungleichgewichte mit den Bilanzgruppenverantwortlichen finanziell ab. Daher hat der CEGH einen Within Day Market eingerichtet, der M\u00f6glichkeiten f\u00fcr einen transparenten Handel auf der Grundlage eines B\u00f6rsenpreises bietet. Der Within Day Market erm\u00f6glicht dem Markt- und Vertriebsgebietsleiter nicht nur die Einhaltung der gesetzlichen Bestimmungen, sondern bietet auch aktiven H\u00e4ndlern eine M\u00f6glichkeit, ihre Handelsaktivit\u00e4ten zu erg\u00e4nzen.<\/p>\n\n    <\/div>\n<\/div>\n                    <\/div>\n                    <div class=\"ce-textimage__image col-12 col-md-12 col-xl-4 order-0 order-md-1 d-flex flex-column justify-content-start\">\n                        <figure  data-animation=\"fade-up\" data-animation-duration=\"300\" >\n                                                                                            <picture>\n                                                                            \n                                        \n                                                                                                                                                                \n                                        <source media=\"(min-width: 1600px)\" srcset=\"https:\/\/www.cegh.at\/wp-content\/uploads\/2023\/05\/circle_chart-533.33333333333x0-c-default.png\">\n                                        <source media=\"(min-width: 1200px)\" srcset=\"https:\/\/www.cegh.at\/wp-content\/uploads\/2023\/05\/circle_chart-533.33333333333x0-c-default.png\">\n                                        <source media=\"(min-width: 992px)\" srcset=\"https:\/\/www.cegh.at\/wp-content\/uploads\/2023\/05\/circle_chart-992x0-c-default.png\">\n                                        <source media=\"(min-width: 768px)\" srcset=\"https:\/\/www.cegh.at\/wp-content\/uploads\/2023\/05\/circle_chart-992x0-c-default.png\">\n                                        <source media=\"(min-width: 576px)\" srcset=\"https:\/\/www.cegh.at\/wp-content\/uploads\/2023\/05\/circle_chart-576x0-c-default.png\">\n                                        <source media=\"(min-width: 320px)\" srcset=\"https:\/\/www.cegh.at\/wp-content\/uploads\/2023\/05\/circle_chart-576x0-c-default.png\">\n                                        <source srcset=\"https:\/\/www.cegh.at\/wp-content\/uploads\/2023\/05\/circle_chart-576x0-c-default.png\">\n                                        <img loading=\"lazy\" decoding=\"async\" src=\"https:\/\/www.cegh.at\/wp-content\/uploads\/2023\/05\/circle_chart-533.33333333333x0-c-default.png\" alt=\"\" title=\"circle_chart\"\n                                             width=\"1426\" height=\"1440\"\n                                             class=\"img-fluid w-100\">\n                                                                    <\/picture>\n                            \n                                                    <\/figure>\n                    <\/div>\n                <\/div>\n                            <\/div>\n                    <\/div>\n    \n        ","protected":false},"excerpt":{"rendered":"","protected":false},"author":4,"featured_media":0,"parent":45559,"menu_order":0,"comment_status":"closed","ping_status":"closed","template":"","meta":{"_acf_changed":false,"content-type":"","footnotes":""},"class_list":["post-82069","page","type-page","status-publish","hentry"],"acf":[],"yoast_head":"<!-- This site is optimized with the Yoast SEO plugin v27.3 - https:\/\/yoast.com\/product\/yoast-seo-wordpress\/ -->\n<title>Marktinformation - CEGH<\/title>\n<meta name=\"description\" content=\"Entdecken Sie das \u00f6sterreichische Gasmarktmodell 2013 nach dem 3. EU-Energiepaket. Informieren Sie sich \u00fcber die Zugangs-\/Abgangsregelung, den VHP und Marktinformationen.\" \/>\n<meta name=\"robots\" content=\"index, follow, max-snippet:-1, max-image-preview:large, max-video-preview:-1\" \/>\n<link rel=\"canonical\" href=\"https:\/\/www.cegh.at\/de\/vtp-markt\/marktinformation\/\" \/>\n<meta property=\"og:locale\" content=\"de_DE\" \/>\n<meta property=\"og:type\" content=\"article\" \/>\n<meta property=\"og:title\" content=\"Marktinformation - CEGH\" \/>\n<meta property=\"og:description\" content=\"Entdecken Sie das \u00f6sterreichische Gasmarktmodell 2013 nach dem 3. EU-Energiepaket. Informieren Sie sich \u00fcber die Zugangs-\/Abgangsregelung, den VHP und Marktinformationen.\" \/>\n<meta property=\"og:url\" content=\"https:\/\/www.cegh.at\/de\/vtp-markt\/marktinformation\/\" \/>\n<meta property=\"og:site_name\" content=\"CEGH\" \/>\n<meta property=\"article:modified_time\" content=\"2024-03-21T09:49:34+00:00\" \/>\n<meta name=\"twitter:card\" content=\"summary_large_image\" \/>\n<script type=\"application\/ld+json\" class=\"yoast-schema-graph\">{\"@context\":\"https:\\\/\\\/schema.org\",\"@graph\":[{\"@type\":\"WebPage\",\"@id\":\"https:\\\/\\\/www.cegh.at\\\/de\\\/vtp-markt\\\/marktinformation\\\/\",\"url\":\"https:\\\/\\\/www.cegh.at\\\/de\\\/vtp-markt\\\/marktinformation\\\/\",\"name\":\"Marktinformation - CEGH\",\"isPartOf\":{\"@id\":\"https:\\\/\\\/www.cegh.at\\\/de\\\/#website\"},\"datePublished\":\"2023-03-14T09:14:54+00:00\",\"dateModified\":\"2024-03-21T09:49:34+00:00\",\"description\":\"Entdecken Sie das \u00f6sterreichische Gasmarktmodell 2013 nach dem 3. EU-Energiepaket. Informieren Sie sich \u00fcber die Zugangs-\\\/Abgangsregelung, den VHP und Marktinformationen.\",\"breadcrumb\":{\"@id\":\"https:\\\/\\\/www.cegh.at\\\/de\\\/vtp-markt\\\/marktinformation\\\/#breadcrumb\"},\"inLanguage\":\"de\",\"potentialAction\":[{\"@type\":\"ReadAction\",\"target\":[\"https:\\\/\\\/www.cegh.at\\\/de\\\/vtp-markt\\\/marktinformation\\\/\"]}]},{\"@type\":\"BreadcrumbList\",\"@id\":\"https:\\\/\\\/www.cegh.at\\\/de\\\/vtp-markt\\\/marktinformation\\\/#breadcrumb\",\"itemListElement\":[{\"@type\":\"ListItem\",\"position\":1,\"name\":\"Home\",\"item\":\"https:\\\/\\\/www.cegh.at\\\/de\\\/\"},{\"@type\":\"ListItem\",\"position\":2,\"name\":\"VHP Markt\",\"item\":\"https:\\\/\\\/www.cegh.at\\\/de\\\/vtp-markt\\\/\"},{\"@type\":\"ListItem\",\"position\":3,\"name\":\"Marktinformation\"}]},{\"@type\":\"WebSite\",\"@id\":\"https:\\\/\\\/www.cegh.at\\\/de\\\/#website\",\"url\":\"https:\\\/\\\/www.cegh.at\\\/de\\\/\",\"name\":\"CEGH\",\"description\":\"\",\"publisher\":{\"@id\":\"https:\\\/\\\/www.cegh.at\\\/de\\\/#organization\"},\"potentialAction\":[{\"@type\":\"SearchAction\",\"target\":{\"@type\":\"EntryPoint\",\"urlTemplate\":\"https:\\\/\\\/www.cegh.at\\\/de\\\/?s={search_term_string}\"},\"query-input\":{\"@type\":\"PropertyValueSpecification\",\"valueRequired\":true,\"valueName\":\"search_term_string\"}}],\"inLanguage\":\"de\"},{\"@type\":\"Organization\",\"@id\":\"https:\\\/\\\/www.cegh.at\\\/de\\\/#organization\",\"name\":\"CEGH\",\"url\":\"https:\\\/\\\/www.cegh.at\\\/de\\\/\",\"logo\":{\"@type\":\"ImageObject\",\"inLanguage\":\"de\",\"@id\":\"https:\\\/\\\/www.cegh.at\\\/de\\\/#\\\/schema\\\/logo\\\/image\\\/\",\"url\":\"https:\\\/\\\/www.cegh.at\\\/wp-content\\\/uploads\\\/2023\\\/05\\\/Hauptlogo_RGB.jpg\",\"contentUrl\":\"https:\\\/\\\/www.cegh.at\\\/wp-content\\\/uploads\\\/2023\\\/05\\\/Hauptlogo_RGB.jpg\",\"width\":3333,\"height\":2500,\"caption\":\"CEGH\"},\"image\":{\"@id\":\"https:\\\/\\\/www.cegh.at\\\/de\\\/#\\\/schema\\\/logo\\\/image\\\/\"}}]}<\/script>\n<!-- \/ Yoast SEO plugin. -->","yoast_head_json":{"title":"Marktinformation - CEGH","description":"Entdecken Sie das \u00f6sterreichische Gasmarktmodell 2013 nach dem 3. EU-Energiepaket. Informieren Sie sich \u00fcber die Zugangs-\/Abgangsregelung, den VHP und Marktinformationen.","robots":{"index":"index","follow":"follow","max-snippet":"max-snippet:-1","max-image-preview":"max-image-preview:large","max-video-preview":"max-video-preview:-1"},"canonical":"https:\/\/www.cegh.at\/de\/vtp-markt\/marktinformation\/","og_locale":"de_DE","og_type":"article","og_title":"Marktinformation - CEGH","og_description":"Entdecken Sie das \u00f6sterreichische Gasmarktmodell 2013 nach dem 3. EU-Energiepaket. Informieren Sie sich \u00fcber die Zugangs-\/Abgangsregelung, den VHP und Marktinformationen.","og_url":"https:\/\/www.cegh.at\/de\/vtp-markt\/marktinformation\/","og_site_name":"CEGH","article_modified_time":"2024-03-21T09:49:34+00:00","twitter_card":"summary_large_image","schema":{"@context":"https:\/\/schema.org","@graph":[{"@type":"WebPage","@id":"https:\/\/www.cegh.at\/de\/vtp-markt\/marktinformation\/","url":"https:\/\/www.cegh.at\/de\/vtp-markt\/marktinformation\/","name":"Marktinformation - CEGH","isPartOf":{"@id":"https:\/\/www.cegh.at\/de\/#website"},"datePublished":"2023-03-14T09:14:54+00:00","dateModified":"2024-03-21T09:49:34+00:00","description":"Entdecken Sie das \u00f6sterreichische Gasmarktmodell 2013 nach dem 3. EU-Energiepaket. Informieren Sie sich \u00fcber die Zugangs-\/Abgangsregelung, den VHP und Marktinformationen.","breadcrumb":{"@id":"https:\/\/www.cegh.at\/de\/vtp-markt\/marktinformation\/#breadcrumb"},"inLanguage":"de","potentialAction":[{"@type":"ReadAction","target":["https:\/\/www.cegh.at\/de\/vtp-markt\/marktinformation\/"]}]},{"@type":"BreadcrumbList","@id":"https:\/\/www.cegh.at\/de\/vtp-markt\/marktinformation\/#breadcrumb","itemListElement":[{"@type":"ListItem","position":1,"name":"Home","item":"https:\/\/www.cegh.at\/de\/"},{"@type":"ListItem","position":2,"name":"VHP Markt","item":"https:\/\/www.cegh.at\/de\/vtp-markt\/"},{"@type":"ListItem","position":3,"name":"Marktinformation"}]},{"@type":"WebSite","@id":"https:\/\/www.cegh.at\/de\/#website","url":"https:\/\/www.cegh.at\/de\/","name":"CEGH","description":"","publisher":{"@id":"https:\/\/www.cegh.at\/de\/#organization"},"potentialAction":[{"@type":"SearchAction","target":{"@type":"EntryPoint","urlTemplate":"https:\/\/www.cegh.at\/de\/?s={search_term_string}"},"query-input":{"@type":"PropertyValueSpecification","valueRequired":true,"valueName":"search_term_string"}}],"inLanguage":"de"},{"@type":"Organization","@id":"https:\/\/www.cegh.at\/de\/#organization","name":"CEGH","url":"https:\/\/www.cegh.at\/de\/","logo":{"@type":"ImageObject","inLanguage":"de","@id":"https:\/\/www.cegh.at\/de\/#\/schema\/logo\/image\/","url":"https:\/\/www.cegh.at\/wp-content\/uploads\/2023\/05\/Hauptlogo_RGB.jpg","contentUrl":"https:\/\/www.cegh.at\/wp-content\/uploads\/2023\/05\/Hauptlogo_RGB.jpg","width":3333,"height":2500,"caption":"CEGH"},"image":{"@id":"https:\/\/www.cegh.at\/de\/#\/schema\/logo\/image\/"}}]}},"_links":{"self":[{"href":"https:\/\/www.cegh.at\/de\/wp-json\/wp\/v2\/pages\/82069","targetHints":{"allow":["GET"]}}],"collection":[{"href":"https:\/\/www.cegh.at\/de\/wp-json\/wp\/v2\/pages"}],"about":[{"href":"https:\/\/www.cegh.at\/de\/wp-json\/wp\/v2\/types\/page"}],"author":[{"embeddable":true,"href":"https:\/\/www.cegh.at\/de\/wp-json\/wp\/v2\/users\/4"}],"replies":[{"embeddable":true,"href":"https:\/\/www.cegh.at\/de\/wp-json\/wp\/v2\/comments?post=82069"}],"version-history":[{"count":15,"href":"https:\/\/www.cegh.at\/de\/wp-json\/wp\/v2\/pages\/82069\/revisions"}],"predecessor-version":[{"id":529402,"href":"https:\/\/www.cegh.at\/de\/wp-json\/wp\/v2\/pages\/82069\/revisions\/529402"}],"up":[{"embeddable":true,"href":"https:\/\/www.cegh.at\/de\/wp-json\/wp\/v2\/pages\/45559"}],"wp:attachment":[{"href":"https:\/\/www.cegh.at\/de\/wp-json\/wp\/v2\/media?parent=82069"}],"curies":[{"name":"wp","href":"https:\/\/api.w.org\/{rel}","templated":true}]}}