{"id":82082,"date":"2023-03-14T10:15:15","date_gmt":"2023-03-14T09:15:15","guid":{"rendered":"https:\/\/www.cegh.at\/vtp-markt\/marktinformation\/mitglieder\/"},"modified":"2023-09-05T11:00:24","modified_gmt":"2023-09-05T09:00:24","slug":"mitglieder","status":"publish","type":"page","link":"https:\/\/www.cegh.at\/de\/vtp-markt\/marktinformation\/mitglieder\/","title":{"rendered":"Mitglieder"},"content":{"rendered":"\n\n\n\n\n\n\n\n\n\n\n\n    \n\n\n\n\n\n\n\n\n\n\n\n\n\n\n\n\n\n\n\n\n                    \n            <div class=\"ce ce-text pb-0\n         ce--mb-small                          ce--sp-small          ce--full\n             u-bgColor-white \"\n             id=\"block_92ed69e80ef351f7881c8e7f4d1f1a20\">\n                                    <div class=\"container-fluid\">\n                            <div class=\"row\">\n                    <div class=\"cc-text__text col-12 col-md-12 col-xl-12 mx-auto text-left\">\n                        <div class=\"ce-textblock\" data-animation=\"true\" data-animation-duration=\"300\">\n    <div class=\"ce-textblock__text\">\n                    <p class=\"ce-textblock__topline\">VHP Markt<\/p>\n                            <h1 class=\"\"> Mitglieder <\/h1>\n                <p>&nbsp;<\/p>\n<p><span data-contrast=\"none\">Die nachstehende Tabelle zeigt die am Central European Gas Hub registrierten Mitglieder. <\/span><span data-ccp-props=\"{\"201341983\":0,\"335551550\":6,\"335551620\":6,\"335559685\":370,\"335559737\":780,\"335559739\":5,\"335559740\":360,\"335559991\":10}\"> <\/span><\/p>\n<p><span data-contrast=\"none\">Sie k\u00f6nnen in der Tabelle filtern, indem Sie in den Spalten die \u00dcberschriften anklicken (aktive Filter werden durch einen Pfeil bei der Spalten\u00fcberschrift angezeigt). Um den Filter zu l\u00f6schen, klicken Sie in der ersten Spalte auf die \u00dcberschrift &#8222;Company&#8220;. <\/span><span data-ccp-props=\"{\"201341983\":0,\"335551550\":6,\"335551620\":6,\"335559685\":380,\"335559737\":780,\"335559739\":5,\"335559740\":360,\"335559991\":10}\"> <\/span><\/p>\n<p><span data-contrast=\"none\">Sie k\u00f6nnen auch die Liste der Virtuellen H\u00e4ndler (Virtual Trader) mit deren Identification Codes als pdf file herunterladen.<\/span><\/p>\n<p><span data-contrast=\"none\">Um die Shipper Codes von BGV Firmen zu sehen, besuchen Sie bitte die Webiste des Marktgebietsmanagers <\/span> <a class=\"u-color-green\" href=\"https:\/\/www.aggm.at\/en\">AGGM.<\/a><i><\/i><b><i><span data-contrast=\"none\">.<\/span><\/i><\/b><\/p>\n<p>&nbsp;<\/p>\n<p style=\"text-align: center;\"><a class=\"btn btn--primary\" href=\"https:\/\/www.cegh.at\/wp-content\/uploads\/2023\/06\/Virtual-Trader-8.pdf\" target=\"_blank\" rel=\"noopener\"><span class=\"TextRun Underlined MacChromeBold SCXW176967639 BCX0\" lang=\"EN-US\" xml:lang=\"EN-US\" data-contrast=\"none\"><span class=\"NormalTextRun SCXW176967639 BCX0\">Liste der Virtuellen H\u00e4ndler am CEGH<\/span><\/span><\/a><\/p>\n\n    <\/div>\n<\/div>\n                    <\/div>\n                <\/div>\n                        <\/div>\n                    <\/div>\n    \n        \n\n\n\n\n\n\n\n\n\n\n\n\n\n\n\n\n\n\n\n\n\n\n\n\n\n\n\n\n\n\n\n\n            <div class=\"ce ce-shortcode\n         ce--mb-standard         \"\n             id=\"block_667df9e91e3e315e8731dafff88e7428\">\n            <div class=\"container-fluid\">\n                                <div class=\"row m-0\">\n                    <div class=\"col-12 col-md-12 col-xl-12 mx-auto m-0\">\n                        wpDataTable with provided ID not found!\n                    <\/div>\n                <\/div>\n            <\/div>\n        <\/div>\n    \n","protected":false},"excerpt":{"rendered":"","protected":false},"author":4,"featured_media":0,"parent":82069,"menu_order":0,"comment_status":"closed","ping_status":"closed","template":"","meta":{"_acf_changed":false,"content-type":"","footnotes":""},"class_list":["post-82082","page","type-page","status-publish","hentry"],"acf":[],"yoast_head":"<!-- This site is optimized with the Yoast SEO plugin v27.3 - https:\/\/yoast.com\/product\/yoast-seo-wordpress\/ -->\n<title>Mitglieder - CEGH<\/title>\n<meta name=\"description\" content=\"Die nachstehende Tabelle zeigt die am Central European Gas Hub registrierten Mitglieder. Sie k\u00f6nnen auch die Liste der Virtuellen H\u00e4ndler (Virtual Trader) mit deren Identification Codes als pdf file herunterladen.\" \/>\n<meta name=\"robots\" content=\"index, follow, max-snippet:-1, max-image-preview:large, max-video-preview:-1\" \/>\n<link rel=\"canonical\" href=\"https:\/\/www.cegh.at\/de\/vtp-markt\/marktinformation\/mitglieder\/\" \/>\n<meta property=\"og:locale\" content=\"de_DE\" \/>\n<meta property=\"og:type\" content=\"article\" \/>\n<meta property=\"og:title\" content=\"Mitglieder - CEGH\" \/>\n<meta property=\"og:description\" content=\"Die nachstehende Tabelle zeigt die am Central European Gas Hub registrierten Mitglieder. Sie k\u00f6nnen auch die Liste der Virtuellen H\u00e4ndler (Virtual Trader) mit deren Identification Codes als pdf file herunterladen.\" \/>\n<meta property=\"og:url\" content=\"https:\/\/www.cegh.at\/de\/vtp-markt\/marktinformation\/mitglieder\/\" \/>\n<meta property=\"og:site_name\" content=\"CEGH\" \/>\n<meta property=\"article:modified_time\" content=\"2023-09-05T09:00:24+00:00\" \/>\n<meta name=\"twitter:card\" content=\"summary_large_image\" \/>\n<script type=\"application\/ld+json\" class=\"yoast-schema-graph\">{\"@context\":\"https:\\\/\\\/schema.org\",\"@graph\":[{\"@type\":\"WebPage\",\"@id\":\"https:\\\/\\\/www.cegh.at\\\/de\\\/vtp-markt\\\/marktinformation\\\/mitglieder\\\/\",\"url\":\"https:\\\/\\\/www.cegh.at\\\/de\\\/vtp-markt\\\/marktinformation\\\/mitglieder\\\/\",\"name\":\"Mitglieder - CEGH\",\"isPartOf\":{\"@id\":\"https:\\\/\\\/www.cegh.at\\\/de\\\/#website\"},\"datePublished\":\"2023-03-14T09:15:15+00:00\",\"dateModified\":\"2023-09-05T09:00:24+00:00\",\"description\":\"Die nachstehende Tabelle zeigt die am Central European Gas Hub registrierten Mitglieder. Sie k\u00f6nnen auch die Liste der Virtuellen H\u00e4ndler (Virtual Trader) mit deren Identification Codes als pdf file herunterladen.\",\"breadcrumb\":{\"@id\":\"https:\\\/\\\/www.cegh.at\\\/de\\\/vtp-markt\\\/marktinformation\\\/mitglieder\\\/#breadcrumb\"},\"inLanguage\":\"de\",\"potentialAction\":[{\"@type\":\"ReadAction\",\"target\":[\"https:\\\/\\\/www.cegh.at\\\/de\\\/vtp-markt\\\/marktinformation\\\/mitglieder\\\/\"]}]},{\"@type\":\"BreadcrumbList\",\"@id\":\"https:\\\/\\\/www.cegh.at\\\/de\\\/vtp-markt\\\/marktinformation\\\/mitglieder\\\/#breadcrumb\",\"itemListElement\":[{\"@type\":\"ListItem\",\"position\":1,\"name\":\"Home\",\"item\":\"https:\\\/\\\/www.cegh.at\\\/de\\\/\"},{\"@type\":\"ListItem\",\"position\":2,\"name\":\"VHP Markt\",\"item\":\"https:\\\/\\\/www.cegh.at\\\/de\\\/vtp-markt\\\/\"},{\"@type\":\"ListItem\",\"position\":3,\"name\":\"Marktinformation\",\"item\":\"https:\\\/\\\/www.cegh.at\\\/de\\\/vtp-markt\\\/marktinformation\\\/\"},{\"@type\":\"ListItem\",\"position\":4,\"name\":\"Mitglieder\"}]},{\"@type\":\"WebSite\",\"@id\":\"https:\\\/\\\/www.cegh.at\\\/de\\\/#website\",\"url\":\"https:\\\/\\\/www.cegh.at\\\/de\\\/\",\"name\":\"CEGH\",\"description\":\"\",\"publisher\":{\"@id\":\"https:\\\/\\\/www.cegh.at\\\/de\\\/#organization\"},\"potentialAction\":[{\"@type\":\"SearchAction\",\"target\":{\"@type\":\"EntryPoint\",\"urlTemplate\":\"https:\\\/\\\/www.cegh.at\\\/de\\\/?s={search_term_string}\"},\"query-input\":{\"@type\":\"PropertyValueSpecification\",\"valueRequired\":true,\"valueName\":\"search_term_string\"}}],\"inLanguage\":\"de\"},{\"@type\":\"Organization\",\"@id\":\"https:\\\/\\\/www.cegh.at\\\/de\\\/#organization\",\"name\":\"CEGH\",\"url\":\"https:\\\/\\\/www.cegh.at\\\/de\\\/\",\"logo\":{\"@type\":\"ImageObject\",\"inLanguage\":\"de\",\"@id\":\"https:\\\/\\\/www.cegh.at\\\/de\\\/#\\\/schema\\\/logo\\\/image\\\/\",\"url\":\"https:\\\/\\\/www.cegh.at\\\/wp-content\\\/uploads\\\/2023\\\/05\\\/Hauptlogo_RGB.jpg\",\"contentUrl\":\"https:\\\/\\\/www.cegh.at\\\/wp-content\\\/uploads\\\/2023\\\/05\\\/Hauptlogo_RGB.jpg\",\"width\":3333,\"height\":2500,\"caption\":\"CEGH\"},\"image\":{\"@id\":\"https:\\\/\\\/www.cegh.at\\\/de\\\/#\\\/schema\\\/logo\\\/image\\\/\"}}]}<\/script>\n<!-- \/ Yoast SEO plugin. -->","yoast_head_json":{"title":"Mitglieder - CEGH","description":"Die nachstehende Tabelle zeigt die am Central European Gas Hub registrierten Mitglieder. Sie k\u00f6nnen auch die Liste der Virtuellen H\u00e4ndler (Virtual Trader) mit deren Identification Codes als pdf file herunterladen.","robots":{"index":"index","follow":"follow","max-snippet":"max-snippet:-1","max-image-preview":"max-image-preview:large","max-video-preview":"max-video-preview:-1"},"canonical":"https:\/\/www.cegh.at\/de\/vtp-markt\/marktinformation\/mitglieder\/","og_locale":"de_DE","og_type":"article","og_title":"Mitglieder - CEGH","og_description":"Die nachstehende Tabelle zeigt die am Central European Gas Hub registrierten Mitglieder. Sie k\u00f6nnen auch die Liste der Virtuellen H\u00e4ndler (Virtual Trader) mit deren Identification Codes als pdf file herunterladen.","og_url":"https:\/\/www.cegh.at\/de\/vtp-markt\/marktinformation\/mitglieder\/","og_site_name":"CEGH","article_modified_time":"2023-09-05T09:00:24+00:00","twitter_card":"summary_large_image","schema":{"@context":"https:\/\/schema.org","@graph":[{"@type":"WebPage","@id":"https:\/\/www.cegh.at\/de\/vtp-markt\/marktinformation\/mitglieder\/","url":"https:\/\/www.cegh.at\/de\/vtp-markt\/marktinformation\/mitglieder\/","name":"Mitglieder - CEGH","isPartOf":{"@id":"https:\/\/www.cegh.at\/de\/#website"},"datePublished":"2023-03-14T09:15:15+00:00","dateModified":"2023-09-05T09:00:24+00:00","description":"Die nachstehende Tabelle zeigt die am Central European Gas Hub registrierten Mitglieder. Sie k\u00f6nnen auch die Liste der Virtuellen H\u00e4ndler (Virtual Trader) mit deren Identification Codes als pdf file herunterladen.","breadcrumb":{"@id":"https:\/\/www.cegh.at\/de\/vtp-markt\/marktinformation\/mitglieder\/#breadcrumb"},"inLanguage":"de","potentialAction":[{"@type":"ReadAction","target":["https:\/\/www.cegh.at\/de\/vtp-markt\/marktinformation\/mitglieder\/"]}]},{"@type":"BreadcrumbList","@id":"https:\/\/www.cegh.at\/de\/vtp-markt\/marktinformation\/mitglieder\/#breadcrumb","itemListElement":[{"@type":"ListItem","position":1,"name":"Home","item":"https:\/\/www.cegh.at\/de\/"},{"@type":"ListItem","position":2,"name":"VHP Markt","item":"https:\/\/www.cegh.at\/de\/vtp-markt\/"},{"@type":"ListItem","position":3,"name":"Marktinformation","item":"https:\/\/www.cegh.at\/de\/vtp-markt\/marktinformation\/"},{"@type":"ListItem","position":4,"name":"Mitglieder"}]},{"@type":"WebSite","@id":"https:\/\/www.cegh.at\/de\/#website","url":"https:\/\/www.cegh.at\/de\/","name":"CEGH","description":"","publisher":{"@id":"https:\/\/www.cegh.at\/de\/#organization"},"potentialAction":[{"@type":"SearchAction","target":{"@type":"EntryPoint","urlTemplate":"https:\/\/www.cegh.at\/de\/?s={search_term_string}"},"query-input":{"@type":"PropertyValueSpecification","valueRequired":true,"valueName":"search_term_string"}}],"inLanguage":"de"},{"@type":"Organization","@id":"https:\/\/www.cegh.at\/de\/#organization","name":"CEGH","url":"https:\/\/www.cegh.at\/de\/","logo":{"@type":"ImageObject","inLanguage":"de","@id":"https:\/\/www.cegh.at\/de\/#\/schema\/logo\/image\/","url":"https:\/\/www.cegh.at\/wp-content\/uploads\/2023\/05\/Hauptlogo_RGB.jpg","contentUrl":"https:\/\/www.cegh.at\/wp-content\/uploads\/2023\/05\/Hauptlogo_RGB.jpg","width":3333,"height":2500,"caption":"CEGH"},"image":{"@id":"https:\/\/www.cegh.at\/de\/#\/schema\/logo\/image\/"}}]}},"_links":{"self":[{"href":"https:\/\/www.cegh.at\/de\/wp-json\/wp\/v2\/pages\/82082","targetHints":{"allow":["GET"]}}],"collection":[{"href":"https:\/\/www.cegh.at\/de\/wp-json\/wp\/v2\/pages"}],"about":[{"href":"https:\/\/www.cegh.at\/de\/wp-json\/wp\/v2\/types\/page"}],"author":[{"embeddable":true,"href":"https:\/\/www.cegh.at\/de\/wp-json\/wp\/v2\/users\/4"}],"replies":[{"embeddable":true,"href":"https:\/\/www.cegh.at\/de\/wp-json\/wp\/v2\/comments?post=82082"}],"version-history":[{"count":17,"href":"https:\/\/www.cegh.at\/de\/wp-json\/wp\/v2\/pages\/82082\/revisions"}],"predecessor-version":[{"id":274826,"href":"https:\/\/www.cegh.at\/de\/wp-json\/wp\/v2\/pages\/82082\/revisions\/274826"}],"up":[{"embeddable":true,"href":"https:\/\/www.cegh.at\/de\/wp-json\/wp\/v2\/pages\/82069"}],"wp:attachment":[{"href":"https:\/\/www.cegh.at\/de\/wp-json\/wp\/v2\/media?parent=82082"}],"curies":[{"name":"wp","href":"https:\/\/api.w.org\/{rel}","templated":true}]}}