{"id":82105,"date":"2023-03-14T10:15:35","date_gmt":"2023-03-14T09:15:35","guid":{"rendered":"https:\/\/www.cegh.at\/vtp-markt\/marktinformation\/gebuehren\/"},"modified":"2025-06-30T15:18:44","modified_gmt":"2025-06-30T13:18:44","slug":"gebuehren","status":"publish","type":"page","link":"https:\/\/www.cegh.at\/de\/vtp-markt\/marktinformation\/gebuehren\/","title":{"rendered":"Geb\u00fchren"},"content":{"rendered":"\n\n\n\n\n\n\n\n\n\n\n\n    \n\n\n\n\n\n\n\n\n\n\n\n\n\n\n\n\n\n\n\n\n                    \n            <div class=\"ce ce-text pb-0\n         ce--mb-small                          ce--sp-small          ce--full\n             u-bgColor-white \"\n             id=\"block_6c0c8b35f0a8dfe4bbff536001403911\">\n                                    <div class=\"container-fluid\">\n                            <div class=\"row\">\n                    <div class=\"cc-text__text col-12 col-md-12 col-xl-12 mx-auto text-left\">\n                        <div class=\"ce-textblock\" data-animation=\"true\" data-animation-duration=\"300\">\n    <div class=\"ce-textblock__text\">\n                    <p class=\"ce-textblock__topline\">VHP Markt<\/p>\n                            <h1 class=\"\"> Geb\u00fchren\u00fcberblick CEGH VHP Markt <\/h1>\n                \n    <\/div>\n<\/div>\n                    <\/div>\n                <\/div>\n                        <\/div>\n                    <\/div>\n    \n        \n\n\n\n\n\n\n\n\n\n\n\n\n\n\n\n\n\n\n\n\n\n\n\n\n\n\n\n\n\n\n\n\n\n\n            <div class=\"ce ce-shortcode\n         ce--mb-0         \"\n             id=\"block_9677103e4aae99d892ad79280b47ede6\">\n            <div class=\"container-fluid\">\n                                <div class=\"row m-0\">\n                    <div class=\"col-12 col-md-12 col-xl-11 mr-auto m-0\">\n                        \n<div class=\"wpdt-c row wpDataTableContainerSimpleTable wpDataTables wpDataTablesWrapper\n\"\n    >\n        <table id=\"wpdtSimpleTable-9\"\n           style=\"border-collapse:collapse;\n                   border-spacing:0px;\"\n           class=\"wpdtSimpleTable wpDataTable\"\n           data-column=\"2\"\n           data-rows=\"3\"\n           data-wpID=\"9\"\n           data-responsive=\"0\"\n           data-has-header=\"1\">\n\n                    <thead>        <tr class=\"wpdt-cell-row  remove-borders \" >\n                                <th class=\"wpdt-cell wpdt-bold wpdt-align-left wpdt-ff-000000 wpdt-fs-000016 wpdt-bc-053860 wpdt-tc-FFFFFF wpdt-merged-cell  remove-borders \"\n                     colspan=\"2\"  rowspan=\"1\"                     data-cell-id=\"A1\"\n                    data-col-index=\"0\"\n                    data-row-index=\"0\"\n                    style=\" width:85.352622061483%;                    padding:10px;\n                    \"\n                    >\n                                        Pricing Model as of 1. April 2025                    <\/th>\n                                                    <\/tr>\n                    <tbody>        <tr class=\"wpdt-cell-row odd remove-borders \" >\n                                <td class=\"wpdt-cell wpdt-align-left wpdt-ff-000000 wpdt-fs-000016 remove-borders \"\n                                            data-cell-id=\"A2\"\n                    data-col-index=\"0\"\n                    data-row-index=\"1\"\n                    style=\"                    padding:10px;\n                    \"\n                    >\n                                        One time CEGH VTP registration fee                    <\/td>\n                                                <td class=\"wpdt-cell wpdt-align-right wpdt-ff-000000 wpdt-fs-000016 remove-borders \"\n                                            data-cell-id=\"B2\"\n                    data-col-index=\"1\"\n                    data-row-index=\"1\"\n                    style=\"                    padding:10px;\n                    \"\n                    >\n                                        \u20ac 1,258.52                    <\/td>\n                                        <\/tr>\n                            <tr class=\"wpdt-cell-row even remove-borders \" >\n                                <td class=\"wpdt-cell wpdt-align-left wpdt-ff-000000 wpdt-fs-000016 remove-borders \"\n                                            data-cell-id=\"A3\"\n                    data-col-index=\"0\"\n                    data-row-index=\"2\"\n                    style=\"                    padding:10px;\n                    \"\n                    >\n                                        Flat fee for title transfer (only in months with trading activity, including 21,900 MWh of free trading volume per active month)                    <\/td>\n                                                <td class=\"wpdt-cell wpdt-align-right wpdt-ff-000000 wpdt-fs-000016 remove-borders \"\n                                            data-cell-id=\"B3\"\n                    data-col-index=\"1\"\n                    data-row-index=\"2\"\n                    style=\"                    padding:10px;\n                    \"\n                    >\n                                        \u20ac p.m. 1,258.52                    <\/td>\n                                        <\/tr>\n                    <\/table>\n<\/div><style id='wpdt-custom-style-9'>\n.wpdt-ff-000000 { font-family: inherit !important;}\n.wpdt-fs-000016 { font-size: 16px !important;}\n.wpdt-bc-053860 { background-color: #053860 !important;}\n.wpdt-tc-FFFFFF { color: #FFFFFF !important;}\n<\/style>\n\n                    <\/div>\n                <\/div>\n            <\/div>\n        <\/div>\n    \n\n\n\n\n\n\n\n\n\n\n\n\n\n\n\n\n\n\n\n\n\n\n\n\n\n\n\n\n\n\n\n\n\n\n\n                    \n            <div class=\"ce ce-text pb-0\n         ce--mb-0                                 \"\n             id=\"block_76784ee9d3f01ac67662b93d58c78cd2\">\n                                    <div class=\"container-fluid\">\n                            <div class=\"row\">\n                    <div class=\"cc-text__text col-12 col-md-12 col-xl-12 mx-auto text-left\">\n                        <div class=\"ce-textblock\" data-animation=\"true\" data-animation-duration=\"300\">\n    <div class=\"ce-textblock__text\">\n                        <p style=\"text-align: center;\">und<\/p>\n\n    <\/div>\n<\/div>\n                    <\/div>\n                <\/div>\n                        <\/div>\n                    <\/div>\n    \n        \n\n\n\n\n\n\n\n\n\n\n\n\n\n\n\n\n\n\n\n\n\n\n\n\n\n\n\n\n\n\n\n\n\n\n            <div class=\"ce ce-shortcode\n         ce--mb-0         \"\n             id=\"block_04f0a867964bfe60be841921cc87c7e7\">\n            <div class=\"container-fluid\">\n                                <div class=\"row m-0\">\n                    <div class=\"col-12 col-md-12 col-xl-11 mr-auto m-0\">\n                        \n<div class=\"wpdt-c row wpDataTableContainerSimpleTable wpDataTables wpDataTablesWrapper\n\"\n    >\n        <table id=\"wpdtSimpleTable-10\"\n           style=\"border-collapse:collapse;\n                   border-spacing:0px;\"\n           class=\"wpdtSimpleTable wpDataTable\"\n           data-column=\"2\"\n           data-rows=\"3\"\n           data-wpID=\"10\"\n           data-responsive=\"0\"\n           data-has-header=\"1\">\n\n                    <thead>        <tr class=\"wpdt-cell-row  remove-borders \" >\n                                <th class=\"wpdt-cell wpdt-align-left wpdt-ff-000000 wpdt-fs-000016 wpdt-bc-053860 wpdt-tc-FFFFFF wpdt-bold wpdt-merged-cell  remove-borders \"\n                     colspan=\"2\"  rowspan=\"1\"                     data-cell-id=\"A1\"\n                    data-col-index=\"0\"\n                    data-row-index=\"0\"\n                    style=\" width:68.604651162791%;                    padding:10px;\n                    \"\n                    >\n                                        Variable title transfer service fee                    <\/th>\n                                                    <\/tr>\n                    <tbody>        <tr class=\"wpdt-cell-row odd remove-borders \" >\n                                <td class=\"wpdt-cell wpdt-align-left wpdt-ff-000000 wpdt-fs-000016 remove-borders \"\n                                            data-cell-id=\"A2\"\n                    data-col-index=\"0\"\n                    data-row-index=\"1\"\n                    style=\"                    padding:10px;\n                    \"\n                    >\n                                        MWh 0 \u2013 10,000,000.000*                    <\/td>\n                                                <td class=\"wpdt-cell wpdt-align-right wpdt-ff-000000 wpdt-fs-000016 remove-borders \"\n                                            data-cell-id=\"B2\"\n                    data-col-index=\"1\"\n                    data-row-index=\"1\"\n                    style=\"                    padding:10px;\n                    \"\n                    >\n                                        \u20ac\/MWh 0.01259                    <\/td>\n                                        <\/tr>\n                            <tr class=\"wpdt-cell-row even remove-borders \" >\n                                <td class=\"wpdt-cell wpdt-align-left wpdt-ff-000000 wpdt-fs-000016 remove-borders \"\n                                            data-cell-id=\"A3\"\n                    data-col-index=\"0\"\n                    data-row-index=\"2\"\n                    style=\"                    padding:10px;\n                    \"\n                    >\n                                        MWh > 10,000,000.000*                    <\/td>\n                                                <td class=\"wpdt-cell wpdt-align-right wpdt-ff-000000 wpdt-fs-000016 remove-borders \"\n                                            data-cell-id=\"B3\"\n                    data-col-index=\"1\"\n                    data-row-index=\"2\"\n                    style=\"                    padding:10px;\n                    \"\n                    >\n                                        \u20ac\/MWh 0.00630                    <\/td>\n                                        <\/tr>\n                    <\/table>\n<\/div><style id='wpdt-custom-style-10'>\n.wpdt-ff-000000 { font-family: inherit !important;}\n.wpdt-fs-000016 { font-size: 16px !important;}\n.wpdt-bc-053860 { background-color: #053860 !important;}\n.wpdt-tc-FFFFFF { color: #FFFFFF !important;}\n<\/style>\n\n                    <\/div>\n                <\/div>\n            <\/div>\n        <\/div>\n    \n\n\n\n\n\n\n\n\n\n\n\n\n\n\n\n\n\n\n\n\n\n\n\n\n\n\n\n\n\n\n\n\n\n\n\n                    \n            <div class=\"ce ce-text pb-0\n         ce--mb-0                                 \"\n             id=\"block_f034fe69a8864d8750308017a6be0cd2\">\n                                    <div class=\"container-fluid\">\n                            <div class=\"row\">\n                    <div class=\"cc-text__text col-12 col-md-12 col-xl-12 mx-auto text-left\">\n                        <div class=\"ce-textblock\" data-animation=\"true\" data-animation-duration=\"300\">\n    <div class=\"ce-textblock__text\">\n                        <p class=\"small\">*) des kumulierten Volumens in einem Zeitraum von vollen 12 Monaten<\/p>\n<p>&nbsp;<\/p>\n<p>Indexierung der CEGH-Hub-Geb\u00fchren 01\/2024 &#8211; 01\/2025, gilt ab dem 1. April 2025: Anhang C (Version 2025).<\/p>\n<p><a class=\"u-color-green\" href=\"https:\/\/www.cegh.at\/wp-content\/uploads\/2024\/03\/CEGH-Appendix-C-as-of-April-2024-.zip\"><strong>Anhang C<\/strong><\/a> der Allgemeinen Gesch\u00e4ftsbedingungen des CEGH<\/p>\n\n    <\/div>\n<\/div>\n                    <\/div>\n                <\/div>\n                        <\/div>\n                    <\/div>\n    \n        ","protected":false},"excerpt":{"rendered":"","protected":false},"author":4,"featured_media":0,"parent":82069,"menu_order":0,"comment_status":"closed","ping_status":"closed","template":"","meta":{"_acf_changed":false,"content-type":"","footnotes":""},"class_list":["post-82105","page","type-page","status-publish","hentry"],"acf":[],"yoast_head":"<!-- This site is optimized with the Yoast SEO plugin v27.3 - https:\/\/yoast.com\/product\/yoast-seo-wordpress\/ -->\n<title>Tarif- und Geb\u00fchrenordnung<\/title>\n<meta name=\"description\" content=\"Verschaffen Sie sich einen \u00dcberblick \u00fcber den Tarif und die Geb\u00fchrenordnung f\u00fcr Hub Services und laden Sie den vollst\u00e4ndigen Anhang herunter, um umfassend informiert zu sein\" \/>\n<meta name=\"robots\" content=\"index, follow, max-snippet:-1, max-image-preview:large, max-video-preview:-1\" \/>\n<link rel=\"canonical\" href=\"https:\/\/www.cegh.at\/de\/vtp-markt\/marktinformation\/gebuehren\/\" \/>\n<meta property=\"og:locale\" content=\"de_DE\" \/>\n<meta property=\"og:type\" content=\"article\" \/>\n<meta property=\"og:title\" content=\"Tarif- und Geb\u00fchrenordnung\" \/>\n<meta property=\"og:description\" content=\"Verschaffen Sie sich einen \u00dcberblick \u00fcber den Tarif und die Geb\u00fchrenordnung f\u00fcr Hub Services und laden Sie den vollst\u00e4ndigen Anhang herunter, um umfassend informiert zu sein\" \/>\n<meta property=\"og:url\" content=\"https:\/\/www.cegh.at\/de\/vtp-markt\/marktinformation\/gebuehren\/\" \/>\n<meta property=\"og:site_name\" content=\"CEGH\" \/>\n<meta property=\"article:modified_time\" content=\"2025-06-30T13:18:44+00:00\" \/>\n<meta name=\"twitter:card\" content=\"summary_large_image\" \/>\n<script type=\"application\/ld+json\" class=\"yoast-schema-graph\">{\"@context\":\"https:\\\/\\\/schema.org\",\"@graph\":[{\"@type\":\"WebPage\",\"@id\":\"https:\\\/\\\/www.cegh.at\\\/de\\\/vtp-markt\\\/marktinformation\\\/gebuehren\\\/\",\"url\":\"https:\\\/\\\/www.cegh.at\\\/de\\\/vtp-markt\\\/marktinformation\\\/gebuehren\\\/\",\"name\":\"Tarif- und Geb\u00fchrenordnung\",\"isPartOf\":{\"@id\":\"https:\\\/\\\/www.cegh.at\\\/de\\\/#website\"},\"datePublished\":\"2023-03-14T09:15:35+00:00\",\"dateModified\":\"2025-06-30T13:18:44+00:00\",\"description\":\"Verschaffen Sie sich einen \u00dcberblick \u00fcber den Tarif und die Geb\u00fchrenordnung f\u00fcr Hub Services und laden Sie den vollst\u00e4ndigen Anhang herunter, um umfassend informiert zu sein\",\"breadcrumb\":{\"@id\":\"https:\\\/\\\/www.cegh.at\\\/de\\\/vtp-markt\\\/marktinformation\\\/gebuehren\\\/#breadcrumb\"},\"inLanguage\":\"de\",\"potentialAction\":[{\"@type\":\"ReadAction\",\"target\":[\"https:\\\/\\\/www.cegh.at\\\/de\\\/vtp-markt\\\/marktinformation\\\/gebuehren\\\/\"]}]},{\"@type\":\"BreadcrumbList\",\"@id\":\"https:\\\/\\\/www.cegh.at\\\/de\\\/vtp-markt\\\/marktinformation\\\/gebuehren\\\/#breadcrumb\",\"itemListElement\":[{\"@type\":\"ListItem\",\"position\":1,\"name\":\"Home\",\"item\":\"https:\\\/\\\/www.cegh.at\\\/de\\\/\"},{\"@type\":\"ListItem\",\"position\":2,\"name\":\"VHP Markt\",\"item\":\"https:\\\/\\\/www.cegh.at\\\/de\\\/vtp-markt\\\/\"},{\"@type\":\"ListItem\",\"position\":3,\"name\":\"Marktinformation\",\"item\":\"https:\\\/\\\/www.cegh.at\\\/de\\\/vtp-markt\\\/marktinformation\\\/\"},{\"@type\":\"ListItem\",\"position\":4,\"name\":\"Geb\u00fchren\"}]},{\"@type\":\"WebSite\",\"@id\":\"https:\\\/\\\/www.cegh.at\\\/de\\\/#website\",\"url\":\"https:\\\/\\\/www.cegh.at\\\/de\\\/\",\"name\":\"CEGH\",\"description\":\"\",\"publisher\":{\"@id\":\"https:\\\/\\\/www.cegh.at\\\/de\\\/#organization\"},\"potentialAction\":[{\"@type\":\"SearchAction\",\"target\":{\"@type\":\"EntryPoint\",\"urlTemplate\":\"https:\\\/\\\/www.cegh.at\\\/de\\\/?s={search_term_string}\"},\"query-input\":{\"@type\":\"PropertyValueSpecification\",\"valueRequired\":true,\"valueName\":\"search_term_string\"}}],\"inLanguage\":\"de\"},{\"@type\":\"Organization\",\"@id\":\"https:\\\/\\\/www.cegh.at\\\/de\\\/#organization\",\"name\":\"CEGH\",\"url\":\"https:\\\/\\\/www.cegh.at\\\/de\\\/\",\"logo\":{\"@type\":\"ImageObject\",\"inLanguage\":\"de\",\"@id\":\"https:\\\/\\\/www.cegh.at\\\/de\\\/#\\\/schema\\\/logo\\\/image\\\/\",\"url\":\"https:\\\/\\\/www.cegh.at\\\/wp-content\\\/uploads\\\/2023\\\/05\\\/Hauptlogo_RGB.jpg\",\"contentUrl\":\"https:\\\/\\\/www.cegh.at\\\/wp-content\\\/uploads\\\/2023\\\/05\\\/Hauptlogo_RGB.jpg\",\"width\":3333,\"height\":2500,\"caption\":\"CEGH\"},\"image\":{\"@id\":\"https:\\\/\\\/www.cegh.at\\\/de\\\/#\\\/schema\\\/logo\\\/image\\\/\"}}]}<\/script>\n<!-- \/ Yoast SEO plugin. -->","yoast_head_json":{"title":"Tarif- und Geb\u00fchrenordnung","description":"Verschaffen Sie sich einen \u00dcberblick \u00fcber den Tarif und die Geb\u00fchrenordnung f\u00fcr Hub Services und laden Sie den vollst\u00e4ndigen Anhang herunter, um umfassend informiert zu sein","robots":{"index":"index","follow":"follow","max-snippet":"max-snippet:-1","max-image-preview":"max-image-preview:large","max-video-preview":"max-video-preview:-1"},"canonical":"https:\/\/www.cegh.at\/de\/vtp-markt\/marktinformation\/gebuehren\/","og_locale":"de_DE","og_type":"article","og_title":"Tarif- und Geb\u00fchrenordnung","og_description":"Verschaffen Sie sich einen \u00dcberblick \u00fcber den Tarif und die Geb\u00fchrenordnung f\u00fcr Hub Services und laden Sie den vollst\u00e4ndigen Anhang herunter, um umfassend informiert zu sein","og_url":"https:\/\/www.cegh.at\/de\/vtp-markt\/marktinformation\/gebuehren\/","og_site_name":"CEGH","article_modified_time":"2025-06-30T13:18:44+00:00","twitter_card":"summary_large_image","schema":{"@context":"https:\/\/schema.org","@graph":[{"@type":"WebPage","@id":"https:\/\/www.cegh.at\/de\/vtp-markt\/marktinformation\/gebuehren\/","url":"https:\/\/www.cegh.at\/de\/vtp-markt\/marktinformation\/gebuehren\/","name":"Tarif- und Geb\u00fchrenordnung","isPartOf":{"@id":"https:\/\/www.cegh.at\/de\/#website"},"datePublished":"2023-03-14T09:15:35+00:00","dateModified":"2025-06-30T13:18:44+00:00","description":"Verschaffen Sie sich einen \u00dcberblick \u00fcber den Tarif und die Geb\u00fchrenordnung f\u00fcr Hub Services und laden Sie den vollst\u00e4ndigen Anhang herunter, um umfassend informiert zu sein","breadcrumb":{"@id":"https:\/\/www.cegh.at\/de\/vtp-markt\/marktinformation\/gebuehren\/#breadcrumb"},"inLanguage":"de","potentialAction":[{"@type":"ReadAction","target":["https:\/\/www.cegh.at\/de\/vtp-markt\/marktinformation\/gebuehren\/"]}]},{"@type":"BreadcrumbList","@id":"https:\/\/www.cegh.at\/de\/vtp-markt\/marktinformation\/gebuehren\/#breadcrumb","itemListElement":[{"@type":"ListItem","position":1,"name":"Home","item":"https:\/\/www.cegh.at\/de\/"},{"@type":"ListItem","position":2,"name":"VHP Markt","item":"https:\/\/www.cegh.at\/de\/vtp-markt\/"},{"@type":"ListItem","position":3,"name":"Marktinformation","item":"https:\/\/www.cegh.at\/de\/vtp-markt\/marktinformation\/"},{"@type":"ListItem","position":4,"name":"Geb\u00fchren"}]},{"@type":"WebSite","@id":"https:\/\/www.cegh.at\/de\/#website","url":"https:\/\/www.cegh.at\/de\/","name":"CEGH","description":"","publisher":{"@id":"https:\/\/www.cegh.at\/de\/#organization"},"potentialAction":[{"@type":"SearchAction","target":{"@type":"EntryPoint","urlTemplate":"https:\/\/www.cegh.at\/de\/?s={search_term_string}"},"query-input":{"@type":"PropertyValueSpecification","valueRequired":true,"valueName":"search_term_string"}}],"inLanguage":"de"},{"@type":"Organization","@id":"https:\/\/www.cegh.at\/de\/#organization","name":"CEGH","url":"https:\/\/www.cegh.at\/de\/","logo":{"@type":"ImageObject","inLanguage":"de","@id":"https:\/\/www.cegh.at\/de\/#\/schema\/logo\/image\/","url":"https:\/\/www.cegh.at\/wp-content\/uploads\/2023\/05\/Hauptlogo_RGB.jpg","contentUrl":"https:\/\/www.cegh.at\/wp-content\/uploads\/2023\/05\/Hauptlogo_RGB.jpg","width":3333,"height":2500,"caption":"CEGH"},"image":{"@id":"https:\/\/www.cegh.at\/de\/#\/schema\/logo\/image\/"}}]}},"_links":{"self":[{"href":"https:\/\/www.cegh.at\/de\/wp-json\/wp\/v2\/pages\/82105","targetHints":{"allow":["GET"]}}],"collection":[{"href":"https:\/\/www.cegh.at\/de\/wp-json\/wp\/v2\/pages"}],"about":[{"href":"https:\/\/www.cegh.at\/de\/wp-json\/wp\/v2\/types\/page"}],"author":[{"embeddable":true,"href":"https:\/\/www.cegh.at\/de\/wp-json\/wp\/v2\/users\/4"}],"replies":[{"embeddable":true,"href":"https:\/\/www.cegh.at\/de\/wp-json\/wp\/v2\/comments?post=82105"}],"version-history":[{"count":22,"href":"https:\/\/www.cegh.at\/de\/wp-json\/wp\/v2\/pages\/82105\/revisions"}],"predecessor-version":[{"id":1140251,"href":"https:\/\/www.cegh.at\/de\/wp-json\/wp\/v2\/pages\/82105\/revisions\/1140251"}],"up":[{"embeddable":true,"href":"https:\/\/www.cegh.at\/de\/wp-json\/wp\/v2\/pages\/82069"}],"wp:attachment":[{"href":"https:\/\/www.cegh.at\/de\/wp-json\/wp\/v2\/media?parent=82105"}],"curies":[{"name":"wp","href":"https:\/\/api.w.org\/{rel}","templated":true}]}}