{"id":82434,"date":"2023-03-14T10:24:32","date_gmt":"2023-03-14T09:24:32","guid":{"rendered":"https:\/\/www.cegh.at\/gruenes-gas\/cegh-greenhydrogen-index-spezifikationen\/"},"modified":"2024-12-18T10:10:58","modified_gmt":"2024-12-18T09:10:58","slug":"cegh-greenhydrogen-index-spezifikationen","status":"publish","type":"page","link":"https:\/\/www.cegh.at\/de\/gruenes-gas\/cegh-greenhydrogen-index-spezifikationen\/","title":{"rendered":"CEGH GreenHydrogen Index Spezifikationen"},"content":{"rendered":"\n\n\n\n\n\n\n\n\n\n\n\n    \n\n\n\n\n\n\n\n\n\n\n\n\n\n\n\n\n\n\n\n\n                    \n            <div class=\"ce ce-text pb-0\n         ce--mb-small                          ce--sp-small          ce--full\n             u-bgColor-white \"\n             id=\"block_02c81654473bc170c6426e8b0b316b4b\">\n                                    <div class=\"container-fluid\">\n                            <div class=\"row\">\n                    <div class=\"cc-text__text col-12 col-md-12 col-xl-12 mx-auto text-left\">\n                        <div class=\"ce-textblock\" data-animation=\"true\" data-animation-duration=\"300\">\n    <div class=\"ce-textblock__text\">\n                    <p class=\"ce-textblock__topline\">Gr\u00fcnGas Markt<\/p>\n                            <h1 class=\"\"> CEGH GreenHydrogen Index Spezifikationen  <\/h1>\n                <p>&nbsp;<\/p>\n<ul>\n<li>\n<p class=\"large\">Der CEGH GreenHydrogen Index ist ein Index f\u00fcr die Produktionskosten von gr\u00fcnem Wasserstoff in \u00d6sterreich.<\/p>\n<\/li>\n<li>\n<p class=\"large\">Der Index wird als Preisreferenz f\u00fcr gr\u00fcnen Wasserstoff in \u00d6sterreich und in Mitteleuropa dienen.<\/p>\n<\/li>\n<li>\n<p class=\"large\">Mit diesem Index unterst\u00fctzt der CEGH die Entwicklung eines Marktes f\u00fcr gr\u00fcnen Wasserstoff.<\/p>\n<\/li>\n<li>Am 23. Oktober 2023 wurde die Methodik aktualisiert und der Index umbenannt &#8211; der CEGH GreenHydrogen PPA 100 Index hei\u00dft jetzt <span style=\"color: #6ab1cd;\"><strong>CEGH GreenHydrogen Index und entspricht dem Deiegated Act, RED II.<\/strong><\/span><\/li>\n<\/ul>\n<p>&nbsp;<\/p>\n<p>Der CEGH GreenHydrogen Index verwendet die potenziellen Produktionskosten von gr\u00fcnem Wasserstoff in \u00d6sterreich und dient als Preisreferenz f\u00fcr Mitteleuropa. Der Index wurde zusammen mit dem Beratungsunternehmen PwC \u00d6sterreich entwickelt.<\/p>\n<p>Der CEGH GreenHydrogen Index besteht auf Grund der laufenden \u00dcberarbeitung der europ\u00e4ischen Erneuerbaren Richtlinie aus vier Preisreferenzen &#8211; abh\u00e4ngig von den unterschiedlichen Strombeschaffungsstrategien:<\/p>\n\n    <\/div>\n<\/div>\n                    <\/div>\n                <\/div>\n                        <\/div>\n                    <\/div>\n    \n        \n\n\n\n\n\n\n\n\n\n\n\n\n\n\n\n\n\n\n\n\n\n\n\n\n\n\n\n\n\n\n\n\n\n                                <div class=\"ce ce-accordion\n         ce--mb-small                         \"\n                 id=\"block_1446fc7d5141dc2f22c0db223f5119f8\">\n\n                                                <div class=\"container-fluid\">\n                                                            <div class=\"row\">\n                        <div class=\"col-12 col-md-12 col-xl-12 mx-auto\">\n                                                                                                                                                            <div class=\"ce-accordion__item\" data-animation=\"fade-up\" data-animation-duration=\"300\" >\n                                    <div class=\"ce-accordion__header js-accordion__header\" id=\"accordion_block_1446fc7d5141dc2f22c0db223f5119f81\">\n                                        <div class=\"ce-accordion__clickarea  d-flex flex-row align-items-center\"\n                                             data-toggle=\"collapse\" data-target=\"#collapse_block_1446fc7d5141dc2f22c0db223f5119f81\" aria-expanded=\"true\"\n                                             aria-controls=\"collapse_block_1446fc7d5141dc2f22c0db223f5119f81\">\n                                            <header>\n                                                CEGH GreenHydrogen Index &#8211; RED II\n                                            <\/header>\n                                            <span class=\"ml-auto\">\n                                                <a class=\"ce-accordion__icon\"><\/a>\n                                            <\/span>\n                                        <\/div>\n                                    <\/div>\n                                    <div id=\"collapse_block_1446fc7d5141dc2f22c0db223f5119f81\" class=\"collapse  show \"\n                                         aria-expanded=\"false\" aria-labelledby=\"heading_block_1446fc7d5141dc2f22c0db223f5119f81\" data-parent=\"#block_1446fc7d5141dc2f22c0db223f5119f8\">\n                                        <div class=\"ce-accordion__body\">\n                                                                                                                                                                                            \n\n\n\n\n\n\n\n\n\n\n\n\n\n\n\n\n\n\n\n\n\n\n\n\n\n\n\n\n\n\n                                            \n        \n        \n        \n    \n\n                    \n    \n\n                    \n            <div class=\"ce ce-text pb-0\n                                        \"\n             id=\"\">\n                                        <div class=\"row\">\n                    <div class=\"cc-text__text col-12 col-md-12 col-xl-12  text-left\">\n                        <div class=\"ce-textblock\" data-animation=\"true\" data-animation-duration=\"300\">\n    <div class=\"ce-textblock__text\">\n                        <p><span style=\"color: #6ab1cd;\"><strong>Entspricht dem Delegated Act, RED II.<\/strong><\/span><\/p>\n<p>Der Strom f\u00fcr die Produktion von gr\u00fcnem Wasserstoff stammt zu 100 % aus Photovoltaik- und Windkraftanlagen, die in der N\u00e4he der Wasserstoffproduktionsanlage f\u00fcr diesen Zweck zur Verf\u00fcgung stehen (PPA &#8211; Power Purchase Agreement). Basis daf\u00fcr ist ein 10-j\u00e4hriger Strom-Bezugsvertrag.<\/p>\n<p>Der CEGH GreenHydrogen Index basiert auf einer 100%igen Versorgung aus Stromabnahmevertr\u00e4gen (PPA), die dem <span class=\"u-bold\">Delegated Act, RED II entsprechen.<\/span><\/p>\n\n    <\/div>\n<\/div>\n                    <\/div>\n                <\/div>\n                    <\/div>\n    \n                                                                                            <\/div>\n                                    <\/div>\n                                <\/div>\n                                                                                                                                                            <div class=\"ce-accordion__item\" data-animation=\"fade-up\" data-animation-duration=\"300\" >\n                                    <div class=\"ce-accordion__header js-accordion__header\" id=\"accordion_block_1446fc7d5141dc2f22c0db223f5119f82\">\n                                        <div class=\"ce-accordion__clickarea  collapsed  d-flex flex-row align-items-center\"\n                                             data-toggle=\"collapse\" data-target=\"#collapse_block_1446fc7d5141dc2f22c0db223f5119f82\" aria-expanded=\"false\"\n                                             aria-controls=\"collapse_block_1446fc7d5141dc2f22c0db223f5119f82\">\n                                            <header>\n                                                CEGH GreenHydrogen PPA 40 Index\n                                            <\/header>\n                                            <span class=\"ml-auto\">\n                                                <a class=\"ce-accordion__icon\"><\/a>\n                                            <\/span>\n                                        <\/div>\n                                    <\/div>\n                                    <div id=\"collapse_block_1446fc7d5141dc2f22c0db223f5119f82\" class=\"collapse \"\n                                         aria-expanded=\"false\" aria-labelledby=\"heading_block_1446fc7d5141dc2f22c0db223f5119f82\" data-parent=\"#block_1446fc7d5141dc2f22c0db223f5119f8\">\n                                        <div class=\"ce-accordion__body\">\n                                                                                                                                                                                            \n\n\n\n\n\n\n\n\n\n\n\n\n\n\n\n\n\n\n\n\n\n\n\n\n\n\n\n\n\n\n                                            \n        \n        \n        \n    \n\n                    \n    \n\n                    \n            <div class=\"ce ce-text pb-0\n                                        \"\n             id=\"\">\n                                        <div class=\"row\">\n                    <div class=\"cc-text__text col-12 col-md-12 col-xl-12  text-left\">\n                        <div class=\"ce-textblock\" data-animation=\"true\" data-animation-duration=\"300\">\n    <div class=\"ce-textblock__text\">\n                        <p>60 % des gr\u00fcnen Stroms werden auf dem Strommarkt eingekauft, w\u00e4hrend 40 % des Stroms f\u00fcr die Produktion von gr\u00fcnem Wasserstoff aus Photovoltaik- und Windkraftanlagen stammen, die in der N\u00e4he der Wasserstoffproduktionsanlage f\u00fcr diesen Zweck zur Verf\u00fcgung stehen (PPA &#8211; Power Purchase Agreement). Basis daf\u00fcr ist ein 10-j\u00e4hriger Strom-Bezugsvertrag.<\/p>\n\n    <\/div>\n<\/div>\n                    <\/div>\n                <\/div>\n                    <\/div>\n    \n                                                                                            <\/div>\n                                    <\/div>\n                                <\/div>\n                                                                                                                                                            <div class=\"ce-accordion__item\" data-animation=\"fade-up\" data-animation-duration=\"300\" >\n                                    <div class=\"ce-accordion__header js-accordion__header\" id=\"accordion_block_1446fc7d5141dc2f22c0db223f5119f83\">\n                                        <div class=\"ce-accordion__clickarea  collapsed  d-flex flex-row align-items-center\"\n                                             data-toggle=\"collapse\" data-target=\"#collapse_block_1446fc7d5141dc2f22c0db223f5119f83\" aria-expanded=\"false\"\n                                             aria-controls=\"collapse_block_1446fc7d5141dc2f22c0db223f5119f83\">\n                                            <header>\n                                                CEGH GreenHydrogen Spot and CEGH GreenHydrogen Forward Index\n                                            <\/header>\n                                            <span class=\"ml-auto\">\n                                                <a class=\"ce-accordion__icon\"><\/a>\n                                            <\/span>\n                                        <\/div>\n                                    <\/div>\n                                    <div id=\"collapse_block_1446fc7d5141dc2f22c0db223f5119f83\" class=\"collapse \"\n                                         aria-expanded=\"false\" aria-labelledby=\"heading_block_1446fc7d5141dc2f22c0db223f5119f83\" data-parent=\"#block_1446fc7d5141dc2f22c0db223f5119f8\">\n                                        <div class=\"ce-accordion__body\">\n                                                                                                                                                                                            \n\n\n\n\n\n\n\n\n\n\n\n\n\n\n\n\n\n\n\n\n\n\n\n\n\n\n\n\n\n\n                                            \n        \n        \n        \n    \n\n                    \n    \n\n                    \n            <div class=\"ce ce-text pb-0\n                                        \"\n             id=\"\">\n                                        <div class=\"row\">\n                    <div class=\"cc-text__text col-12 col-md-12 col-xl-12  text-left\">\n                        <div class=\"ce-textblock\" data-animation=\"true\" data-animation-duration=\"300\">\n    <div class=\"ce-textblock__text\">\n                        <p>Der Strom und die Herkunftsnachweise f\u00fcr die Erzeugung von gr\u00fcnem Wasserstoff werden zu 100 % an Handelspl\u00e4tzen bezogen.<\/p>\n\n    <\/div>\n<\/div>\n                    <\/div>\n                <\/div>\n                    <\/div>\n    \n                                                                                            <\/div>\n                                    <\/div>\n                                <\/div>\n                                                    <\/div>\n                    <\/div>\n                                    <\/div>\n                            <\/div>\n        \n\n            \n\n\n\n\n\n\n\n\n\n\n\n\n\n\n\n\n\n\n\n\n\n\n\n\n\n\n\n\n\n\n\n\n\n\n                    \n            <div class=\"ce ce-text pb-0\n         ce--mb-standard                                 \"\n             id=\"block_e731947b623522704ab99ca88a66b10a\">\n                                    <div class=\"container-fluid\">\n                            <div class=\"row\">\n                    <div class=\"cc-text__text col-12 col-md-12 col-xl-12 mx-auto text-left\">\n                        <div class=\"ce-textblock\" data-animation=\"true\" data-animation-duration=\"300\">\n    <div class=\"ce-textblock__text\">\n                        <p>Die CEGH GreenHydrogen Indizes werden in einem CEGH Preiskomitee laufend evaluiert und an Ver\u00e4nderungen auf dem Wasserstoffmarkt angepasst. Dabei soll insbesondere die zu erwartende Reduktion der Investitionskosten f\u00fcr den Bau von Elektrolyseanlagen abgebildet werden. Sobald der k\u00fcnftige Rechtsrahmen f\u00fcr die Erzeugung und Verwendung von gr\u00fcnem Wasserstoff festgelegt ist, wird auch die Zusammensetzung der CEGH GreenHydrogen-Indizes entsprechend angepasst werden.<\/p>\n<p>Es ist geplant, die CEGH GreenHydrogen-Indizes schrittweise mit Preissignalen eines Wasserstoffmarktes zu verkn\u00fcpfen. Sobald ein funktionierender Handel mit gr\u00fcnem Wasserstoff etabliert ist, werden die CEGH GreenHydrogen Indizes von einem kostenbasierten zu einem marktbasierten Index umgewandelt.<\/p>\n<p>F\u00fcr detaillierte Informationen, wie z.B. die Berechnungsmethoden der verschiedenen CEGH GreenHydrogen Indizes, finden Sie das <a class=\"u-color-green u-color-lightblue\" title=\"CEGH Green Hydrogen Index Specification.pdf\" href=\"https:\/\/www.cegh.at\/wp-content\/uploads\/2024\/12\/20241218_CEGH-GreenHydrogen_Index_Specification.pdf\" target=\"_blank\" rel=\"noopener\" data-udi=\"umb:\/\/media\/9ef8e573207346c3bf9ab3eb55fe6a14\">CEGH GreenHydrogen Index Spezifikationsdokument hier<\/a>, oder das <a class=\"u-color-green u-color-lightblue\" href=\"https:\/\/www.cegh.at\/wp-content\/uploads\/2024\/12\/20241218_CEGH-GreenHydrogen_Index_Specification-track-changes.pdf\" target=\"_blank\" rel=\"noopener\">Dokument mit nachverfolbaren \u00c4nderungen hier.<\/a><\/p>\n<p>&nbsp;<\/p>\n\n    <\/div>\n<\/div>\n                    <\/div>\n                <\/div>\n                        <\/div>\n                    <\/div>\n    \n        ","protected":false},"excerpt":{"rendered":"","protected":false},"author":4,"featured_media":0,"parent":42949,"menu_order":0,"comment_status":"closed","ping_status":"closed","template":"","meta":{"_acf_changed":false,"content-type":"","footnotes":""},"class_list":["post-82434","page","type-page","status-publish","hentry"],"acf":[],"yoast_head":"<!-- This site is optimized with the Yoast SEO plugin v27.3 - https:\/\/yoast.com\/product\/yoast-seo-wordpress\/ -->\n<title>CEGH GreenHydrogen Index Spezifikationen - CEGH<\/title>\n<meta name=\"description\" content=\"Entdecken Sie die CEGH GreenHydrogen Index Spezifikation, die Preisreferenz f\u00fcr die Produktionskosten von gr\u00fcnem Wasserstoff in \u00d6sterreich und Mitteleuropa.\" \/>\n<meta name=\"robots\" content=\"index, follow, max-snippet:-1, max-image-preview:large, max-video-preview:-1\" \/>\n<link rel=\"canonical\" href=\"https:\/\/www.cegh.at\/de\/gruenes-gas\/cegh-greenhydrogen-index-spezifikationen\/\" \/>\n<meta property=\"og:locale\" content=\"de_DE\" \/>\n<meta property=\"og:type\" content=\"article\" \/>\n<meta property=\"og:title\" content=\"CEGH GreenHydrogen Index Spezifikationen - CEGH\" \/>\n<meta property=\"og:description\" content=\"Entdecken Sie die CEGH GreenHydrogen Index Spezifikation, die Preisreferenz f\u00fcr die Produktionskosten von gr\u00fcnem Wasserstoff in \u00d6sterreich und Mitteleuropa.\" \/>\n<meta property=\"og:url\" content=\"https:\/\/www.cegh.at\/de\/gruenes-gas\/cegh-greenhydrogen-index-spezifikationen\/\" \/>\n<meta property=\"og:site_name\" content=\"CEGH\" \/>\n<meta property=\"article:modified_time\" content=\"2024-12-18T09:10:58+00:00\" \/>\n<meta name=\"twitter:card\" content=\"summary_large_image\" \/>\n<script type=\"application\/ld+json\" class=\"yoast-schema-graph\">{\"@context\":\"https:\\\/\\\/schema.org\",\"@graph\":[{\"@type\":\"WebPage\",\"@id\":\"https:\\\/\\\/www.cegh.at\\\/de\\\/gruenes-gas\\\/cegh-greenhydrogen-index-spezifikationen\\\/\",\"url\":\"https:\\\/\\\/www.cegh.at\\\/de\\\/gruenes-gas\\\/cegh-greenhydrogen-index-spezifikationen\\\/\",\"name\":\"CEGH GreenHydrogen Index Spezifikationen - CEGH\",\"isPartOf\":{\"@id\":\"https:\\\/\\\/www.cegh.at\\\/de\\\/#website\"},\"datePublished\":\"2023-03-14T09:24:32+00:00\",\"dateModified\":\"2024-12-18T09:10:58+00:00\",\"description\":\"Entdecken Sie die CEGH GreenHydrogen Index Spezifikation, die Preisreferenz f\u00fcr die Produktionskosten von gr\u00fcnem Wasserstoff in \u00d6sterreich und Mitteleuropa.\",\"breadcrumb\":{\"@id\":\"https:\\\/\\\/www.cegh.at\\\/de\\\/gruenes-gas\\\/cegh-greenhydrogen-index-spezifikationen\\\/#breadcrumb\"},\"inLanguage\":\"de\",\"potentialAction\":[{\"@type\":\"ReadAction\",\"target\":[\"https:\\\/\\\/www.cegh.at\\\/de\\\/gruenes-gas\\\/cegh-greenhydrogen-index-spezifikationen\\\/\"]}]},{\"@type\":\"BreadcrumbList\",\"@id\":\"https:\\\/\\\/www.cegh.at\\\/de\\\/gruenes-gas\\\/cegh-greenhydrogen-index-spezifikationen\\\/#breadcrumb\",\"itemListElement\":[{\"@type\":\"ListItem\",\"position\":1,\"name\":\"Home\",\"item\":\"https:\\\/\\\/www.cegh.at\\\/de\\\/\"},{\"@type\":\"ListItem\",\"position\":2,\"name\":\"Gr\u00fcnGas\",\"item\":\"https:\\\/\\\/www.cegh.at\\\/de\\\/gruenes-gas\\\/\"},{\"@type\":\"ListItem\",\"position\":3,\"name\":\"CEGH GreenHydrogen Index Spezifikationen\"}]},{\"@type\":\"WebSite\",\"@id\":\"https:\\\/\\\/www.cegh.at\\\/de\\\/#website\",\"url\":\"https:\\\/\\\/www.cegh.at\\\/de\\\/\",\"name\":\"CEGH\",\"description\":\"\",\"publisher\":{\"@id\":\"https:\\\/\\\/www.cegh.at\\\/de\\\/#organization\"},\"potentialAction\":[{\"@type\":\"SearchAction\",\"target\":{\"@type\":\"EntryPoint\",\"urlTemplate\":\"https:\\\/\\\/www.cegh.at\\\/de\\\/?s={search_term_string}\"},\"query-input\":{\"@type\":\"PropertyValueSpecification\",\"valueRequired\":true,\"valueName\":\"search_term_string\"}}],\"inLanguage\":\"de\"},{\"@type\":\"Organization\",\"@id\":\"https:\\\/\\\/www.cegh.at\\\/de\\\/#organization\",\"name\":\"CEGH\",\"url\":\"https:\\\/\\\/www.cegh.at\\\/de\\\/\",\"logo\":{\"@type\":\"ImageObject\",\"inLanguage\":\"de\",\"@id\":\"https:\\\/\\\/www.cegh.at\\\/de\\\/#\\\/schema\\\/logo\\\/image\\\/\",\"url\":\"https:\\\/\\\/www.cegh.at\\\/wp-content\\\/uploads\\\/2023\\\/05\\\/Hauptlogo_RGB.jpg\",\"contentUrl\":\"https:\\\/\\\/www.cegh.at\\\/wp-content\\\/uploads\\\/2023\\\/05\\\/Hauptlogo_RGB.jpg\",\"width\":3333,\"height\":2500,\"caption\":\"CEGH\"},\"image\":{\"@id\":\"https:\\\/\\\/www.cegh.at\\\/de\\\/#\\\/schema\\\/logo\\\/image\\\/\"}}]}<\/script>\n<!-- \/ Yoast SEO plugin. -->","yoast_head_json":{"title":"CEGH GreenHydrogen Index Spezifikationen - CEGH","description":"Entdecken Sie die CEGH GreenHydrogen Index Spezifikation, die Preisreferenz f\u00fcr die Produktionskosten von gr\u00fcnem Wasserstoff in \u00d6sterreich und Mitteleuropa.","robots":{"index":"index","follow":"follow","max-snippet":"max-snippet:-1","max-image-preview":"max-image-preview:large","max-video-preview":"max-video-preview:-1"},"canonical":"https:\/\/www.cegh.at\/de\/gruenes-gas\/cegh-greenhydrogen-index-spezifikationen\/","og_locale":"de_DE","og_type":"article","og_title":"CEGH GreenHydrogen Index Spezifikationen - CEGH","og_description":"Entdecken Sie die CEGH GreenHydrogen Index Spezifikation, die Preisreferenz f\u00fcr die Produktionskosten von gr\u00fcnem Wasserstoff in \u00d6sterreich und Mitteleuropa.","og_url":"https:\/\/www.cegh.at\/de\/gruenes-gas\/cegh-greenhydrogen-index-spezifikationen\/","og_site_name":"CEGH","article_modified_time":"2024-12-18T09:10:58+00:00","twitter_card":"summary_large_image","schema":{"@context":"https:\/\/schema.org","@graph":[{"@type":"WebPage","@id":"https:\/\/www.cegh.at\/de\/gruenes-gas\/cegh-greenhydrogen-index-spezifikationen\/","url":"https:\/\/www.cegh.at\/de\/gruenes-gas\/cegh-greenhydrogen-index-spezifikationen\/","name":"CEGH GreenHydrogen Index Spezifikationen - CEGH","isPartOf":{"@id":"https:\/\/www.cegh.at\/de\/#website"},"datePublished":"2023-03-14T09:24:32+00:00","dateModified":"2024-12-18T09:10:58+00:00","description":"Entdecken Sie die CEGH GreenHydrogen Index Spezifikation, die Preisreferenz f\u00fcr die Produktionskosten von gr\u00fcnem Wasserstoff in \u00d6sterreich und Mitteleuropa.","breadcrumb":{"@id":"https:\/\/www.cegh.at\/de\/gruenes-gas\/cegh-greenhydrogen-index-spezifikationen\/#breadcrumb"},"inLanguage":"de","potentialAction":[{"@type":"ReadAction","target":["https:\/\/www.cegh.at\/de\/gruenes-gas\/cegh-greenhydrogen-index-spezifikationen\/"]}]},{"@type":"BreadcrumbList","@id":"https:\/\/www.cegh.at\/de\/gruenes-gas\/cegh-greenhydrogen-index-spezifikationen\/#breadcrumb","itemListElement":[{"@type":"ListItem","position":1,"name":"Home","item":"https:\/\/www.cegh.at\/de\/"},{"@type":"ListItem","position":2,"name":"Gr\u00fcnGas","item":"https:\/\/www.cegh.at\/de\/gruenes-gas\/"},{"@type":"ListItem","position":3,"name":"CEGH GreenHydrogen Index Spezifikationen"}]},{"@type":"WebSite","@id":"https:\/\/www.cegh.at\/de\/#website","url":"https:\/\/www.cegh.at\/de\/","name":"CEGH","description":"","publisher":{"@id":"https:\/\/www.cegh.at\/de\/#organization"},"potentialAction":[{"@type":"SearchAction","target":{"@type":"EntryPoint","urlTemplate":"https:\/\/www.cegh.at\/de\/?s={search_term_string}"},"query-input":{"@type":"PropertyValueSpecification","valueRequired":true,"valueName":"search_term_string"}}],"inLanguage":"de"},{"@type":"Organization","@id":"https:\/\/www.cegh.at\/de\/#organization","name":"CEGH","url":"https:\/\/www.cegh.at\/de\/","logo":{"@type":"ImageObject","inLanguage":"de","@id":"https:\/\/www.cegh.at\/de\/#\/schema\/logo\/image\/","url":"https:\/\/www.cegh.at\/wp-content\/uploads\/2023\/05\/Hauptlogo_RGB.jpg","contentUrl":"https:\/\/www.cegh.at\/wp-content\/uploads\/2023\/05\/Hauptlogo_RGB.jpg","width":3333,"height":2500,"caption":"CEGH"},"image":{"@id":"https:\/\/www.cegh.at\/de\/#\/schema\/logo\/image\/"}}]}},"_links":{"self":[{"href":"https:\/\/www.cegh.at\/de\/wp-json\/wp\/v2\/pages\/82434","targetHints":{"allow":["GET"]}}],"collection":[{"href":"https:\/\/www.cegh.at\/de\/wp-json\/wp\/v2\/pages"}],"about":[{"href":"https:\/\/www.cegh.at\/de\/wp-json\/wp\/v2\/types\/page"}],"author":[{"embeddable":true,"href":"https:\/\/www.cegh.at\/de\/wp-json\/wp\/v2\/users\/4"}],"replies":[{"embeddable":true,"href":"https:\/\/www.cegh.at\/de\/wp-json\/wp\/v2\/comments?post=82434"}],"version-history":[{"count":19,"href":"https:\/\/www.cegh.at\/de\/wp-json\/wp\/v2\/pages\/82434\/revisions"}],"predecessor-version":[{"id":885140,"href":"https:\/\/www.cegh.at\/de\/wp-json\/wp\/v2\/pages\/82434\/revisions\/885140"}],"up":[{"embeddable":true,"href":"https:\/\/www.cegh.at\/de\/wp-json\/wp\/v2\/pages\/42949"}],"wp:attachment":[{"href":"https:\/\/www.cegh.at\/de\/wp-json\/wp\/v2\/media?parent=82434"}],"curies":[{"name":"wp","href":"https:\/\/api.w.org\/{rel}","templated":true}]}}