{"id":82885,"date":"2023-03-09T11:42:08","date_gmt":"2023-03-09T10:42:08","guid":{"rendered":"https:\/\/www.cegh.at\/anmeldung\/"},"modified":"2024-06-06T13:59:11","modified_gmt":"2024-06-06T11:59:11","slug":"mitgliedschaft","status":"publish","type":"page","link":"https:\/\/www.cegh.at\/de\/mitgliedschaft\/","title":{"rendered":"Mitgliedschaft"},"content":{"rendered":"\n\n\n\n\n\n\n\n\n\n\n\n\n\n\n\n\n\n\n\n\n\n\n\n\n\n\n\n\n\n\n\n\n                    \n            <div class=\"ce ce-text pb-0\n         ce--mb-small          ce--contrast                  ce--sp-small          ce--full\n             js-bgcontainer u-bg-cc  \"\n             id=\"block_81797c2b67c4df9a03595d0d76a16c0a\">\n                                <figure>\n    <picture>\n        <source media=\"(min-width: 1440px)\" srcset=\"https:\/\/www.cegh.at\/wp-content\/uploads\/2023\/05\/MicrosoftTeams-image-3-1920x0-c-default.jpg\">\n        <source media=\"(min-width: 1200px)\" srcset=\"https:\/\/www.cegh.at\/wp-content\/uploads\/2023\/05\/MicrosoftTeams-image-3-1440x0-c-default.jpg\">\n        <source media=\"(min-width: 992px)\" srcset=\"https:\/\/www.cegh.at\/wp-content\/uploads\/2023\/05\/MicrosoftTeams-image-3-1200x0-c-default.jpg\">\n        <source media=\"(min-width: 768px)\" srcset=\"https:\/\/www.cegh.at\/wp-content\/uploads\/2023\/05\/MicrosoftTeams-image-3-992x0-c-default.jpg\">\n        <source media=\"(min-width: 576px)\" srcset=\"https:\/\/www.cegh.at\/wp-content\/uploads\/2023\/05\/MicrosoftTeams-image-3-768x0-c-default.jpg\">\n        <source media=\"(min-width: 320px)\" srcset=\"https:\/\/www.cegh.at\/wp-content\/uploads\/2023\/05\/MicrosoftTeams-image-3-576x0-c-default.jpg\">\n        <source srcset=\"https:\/\/www.cegh.at\/wp-content\/uploads\/2023\/05\/MicrosoftTeams-image-3-576x0-c-default.jpg\">\n        <img loading=\"lazy\" decoding=\"async\" src=\"https:\/\/www.cegh.at\/wp-content\/uploads\/2023\/05\/MicrosoftTeams-image-3-1920x0-c-default.jpg\" width=\"4000\"\n             height=\"3000\" alt=\"\" title=\"Man stands inside spiral abstraction on dark toned background\" class=\"img-fluid w-100 js-bgimage\">\n    <\/picture>\n<\/figure>\n                <div class=\"ce-text__gradient ce-text__gradient--center js-gradient\"><\/div>\n                <div class=\"ce-text__gradient--base\"><\/div>\n                                    <div class=\"container-fluid\">\n                            <div class=\"row\">\n                    <div class=\"cc-text__text col-12 col-md-12 col-xl-12 mx-auto text-left\">\n                        <div class=\"ce-textblock\" data-animation=\"true\" data-animation-duration=\"300\">\n    <div class=\"ce-textblock__text\">\n                            <h1 class=\"\"> Mitgliedschaft <\/h1>\n                \n    <\/div>\n<\/div>\n                    <\/div>\n                <\/div>\n                        <\/div>\n                    <\/div>\n    \n        \n\n\n\n\n\n\n\n\n\n\n\n\n\n\n\n\n\n\n\n\n\n\n\n\n\n\n\n\n\n\n\n\n            \n        \n                    <div class=\"ce ce-cols ce-cols--2\n         ce--mb-small                                 \"\n                 id=\"block_23b315aa5f1eaecc59d0792f2c6547a7\">\n                                    <div class=\"container-fluid\">\n                                        <div class=\"row\">\n                        <div class=\"col-12 col-lg-6 \">\n                            <!--HIER DIE SCHLEIFE MIT DEM CONTENT SPALTE 1-->\n                                                                                                                            \n\n\n\n\n\n\n\n\n\n\n\n\n\n\n\n\n\n\n\n\n\n\n\n\n\n\n\n\n\n\n                                            \n        \n        \n        \n    \n\n                    \n    \n\n                    \n            <div class=\"ce ce-text pb-0\n                                        \"\n             id=\"block_23b315aa5f1eaecc59d0792f2c6547a7\">\n                                        <div class=\"row\">\n                    <div class=\"cc-text__text col-12 col-md-12 col-xl-12  text-justify\">\n                        <div class=\"ce-textblock\" data-animation=\"true\" data-animation-duration=\"300\">\n    <div class=\"ce-textblock__text\">\n                            <h5 class=\"\"> VIRTUELLER H\u00c4NDLER  <\/h5>\n                <p class=\"p1\">Virtuelle H\u00e4ndler k\u00f6nnen keine physische Netznutzung, keine physische Lieferung und keinen Zugang zu Ausgleichsenergie haben) oder an der Gasb\u00f6rse handeln. F\u00fcr diese Dienste muss sich ein virtueller H\u00e4ndler einer Bilanzgruppe anschlie\u00dfen.<\/p>\n<ul class=\"ul1\">\n<li class=\"li2\"><b>Bewerbung f\u00fcr die CEGH-Mitgliedschaft als virtueller H\u00e4ndler:<\/b><\/li>\n<\/ul>\n<p class=\"p2\" style=\"padding-left: 40px;\">Um eine Mitgliedschaft zu beantragen, klicken Sie bitte auf die Schaltfl\u00e4che unten und folgen Sie den Anweisungen.<\/p>\n<p>&nbsp;<\/p>\n<p><span class=\"s1\"><a class=\"btn--secondary btn--large btn btn--primary\" href=\"https:\/\/www.cegh.at\/en\/form\/\"><b>ANTRAG AUF MITGLIEDSCHAFT<\/b><\/a><\/span><\/p>\n<p>&nbsp;<\/p>\n<p class=\"p1\"><span class=\"s1\"><a class=\"btn btn--primary\" href=\"https:\/\/www.cegh.at\/de\/mitgliedschaft\/cegh-bedingungen-und-konditionen\/\"><b>Allgemeine Gesch\u00e4ftsbedingungen<\/b><\/a><\/span><\/p>\n<p><span class=\"s1\"><a class=\"btn--primary btn\" href=\"https:\/\/www.cegh.at\/wp-content\/uploads\/2023\/11\/CEGH_AB-B-VHP_How-to-become-an-OTC-member_1.8-v2.pdf\"><b>Leitfaden \u201cSo werden Sie CEGH-<br \/>\n-Mitglied\u201d (nur in Englisch verf\u00fcgbar)<\/b><\/a><\/span><\/p>\n<p>&nbsp;<\/p>\n\n    <\/div>\n<\/div>\n                    <\/div>\n                <\/div>\n                    <\/div>\n    \n                                                                    \n                        <\/div>\n                        <div class=\"col-12 col-lg-6 \">\n                            <!--HIER DIE SCHLEIFE MIT DEM CONTENT SPALTE 2-->\n                                                                                                                            \n\n\n\n\n\n\n\n\n\n\n\n\n\n\n\n\n\n\n\n\n\n\n\n\n\n\n\n\n\n\n                                            \n        \n        \n        \n    \n\n                    \n    \n\n                    \n            <div class=\"ce ce-text pb-0\n                                        \"\n             id=\"block_23b315aa5f1eaecc59d0792f2c6547a7\">\n                                        <div class=\"row\">\n                    <div class=\"cc-text__text col-12 col-md-12 col-xl-12  text-justify\">\n                        <div class=\"ce-textblock\" data-animation=\"true\" data-animation-duration=\"300\">\n    <div class=\"ce-textblock__text\">\n                            <h5 class=\"\"> BILANZGRUPPENVERANTWORTLICHE <br \/>\n(BGV)  <\/h5>\n                <p class=\"p1\">Um berechtigt zu sein, Erdgas physisch innerhalb \u00d6sterreichs oder durch \u00d6sterreich zu transportieren, haben Unternehmen zwei M\u00f6glichkeiten: eine Registrierung als BGV oder die Inanspruchnahme von Dienstleistungen der Bilanzgruppe (BG). Beide M\u00f6glichkeiten werden auf speziellen AGGM-Webseiten ausf\u00fchrlich erl\u00e4utert. AGGM ist der Marktgebiets- und Verteilergebietsmanager auf dem \u00f6sterreichischen Markt und dient als zentrale Anlaufstelle f\u00fcr die BGV-Anmeldung.<\/p>\n<p class=\"p1\">Alle <b>BGVs<\/b> m\u00fcssen den geltenden gesetzlichen Anforderungen entsprechen (GMMO-VO 2020). Bitte beachten Sie, dass u.a. ein Vertragsverh\u00e4ltnis mit dem Bilanzkreis AGCS erforderlich ist. Antragsteller wenden sich bitte direkt an den Markgebietsmanager und Verteilergebietsmanager AGGM, die Kontaktdaten finden Sie hier: <a class=\"u-color-green\" href=\"http:\/\/www.aggm.at\/en\"><span class=\"s1\">AGGM (Austrian Gas Grid Management AG)<\/span><\/a>.<\/p>\n<p>&nbsp;<\/p>\n<p class=\"p1\">Sollten Sie an einer <b>Mitgliedschaft an der EEX CEGH Gasb\u00f6rse<\/b> interessiert sein, finden Sie <a class=\"u-color-green\" href=\"https:\/\/www.cegh.at\/de\/gasboerse\/\"><span class=\"s1\">hier<\/span><\/a> n\u00e4here Informationen.<\/p>\n\n    <\/div>\n<\/div>\n                    <\/div>\n                <\/div>\n                    <\/div>\n    \n                                                                                            <\/div>\n                    <\/div>\n                <\/div>\n            <\/div>\n                        \n\n\n\n\n\n\n\n\n\n\n\n\n\n\n\n\n\n\n\n\n\n\n\n\n\n\n\n\n\n\n\n\n                    \n    \n            <div class=\"ce ce-infocards\n         ce--mb-standard                                  ce--full\"  id=\"block_967167eda400e58e75d6c326c551fd55\">\n                        <div class=\"container-fluid\">\n                                            <div class=\"ce-infocards__container\">\n                                                                                                                                                                    <div class=\"ce-infocards__item ce-infocards__item--profile\">\n                                <figure class=\"\">\n                                    <picture>\n                                        <source srcset=\"https:\/\/www.cegh.at\/wp-content\/uploads\/2023\/06\/Susanne-106_uberarbeitet-140x0-c-default.jpg,  2x\" \/>\n                                        <img decoding=\"async\" class=\"ce-infocards__profilePicture\" src=\"https:\/\/www.cegh.at\/wp-content\/uploads\/2023\/06\/Susanne-106_uberarbeitet-140x0-c-default.jpg\" alt=\"\" title=\"\">\n                                    <\/picture>\n                                <\/figure>\n                                <div class=\"ce-infocards__content\">\n                                                                        <p class=\"ce-infocards__contentName u-small u-color-text-theme-blue\">\n                                        Susanne Neunteufl\n                                    <\/p>\n                                                                                                            <p class=\"ce-infocards__contentPosition u-small u-color-grey-text\">\n                                        Paralegal\n                                    <\/p>\n                                                                                                            <a class=\"ce-infocards__contentTel\" href=\"tel:+43 1 270 2700 28516\">\n                                        Tel.: +43 1 270 2700 28516\n                                    <\/a>\n                                                                                                            <a class=\"ce-infocards__contentEmail\" href=\"mailto:susanne.neunteufl@cegh.at\">\n                                        E-mail: susanne.neunteufl@cegh.at\n                                    <\/a>\n                                                                    <\/div>\n                            <\/div>\n                                    <\/div>\n                            <\/div>\n                    <\/div>\n    \n        ","protected":false},"excerpt":{"rendered":"","protected":false},"author":4,"featured_media":0,"parent":0,"menu_order":0,"comment_status":"closed","ping_status":"closed","template":"","meta":{"_acf_changed":false,"content-type":"","footnotes":""},"class_list":["post-82885","page","type-page","status-publish","hentry"],"acf":[],"yoast_head":"<!-- This site is optimized with the Yoast SEO plugin v27.3 - https:\/\/yoast.com\/product\/yoast-seo-wordpress\/ -->\n<title>Mitgliedschaft: Wie man CEGH-Mitglied und virtueller H\u00e4ndler wird - CEGH<\/title>\n<meta name=\"description\" content=\"Erfahren Sie, welche Voraussetzungen erf\u00fcllt sein m\u00fcssen, um ein virtueller H\u00e4ndler zu werden und einer Bilanzgruppe f\u00fcr den Gashandel beizutreten. Beantragen Sie ganz einfach Ihre Mitgliedschaft.\" \/>\n<meta name=\"robots\" content=\"index, follow, max-snippet:-1, max-image-preview:large, max-video-preview:-1\" \/>\n<link rel=\"canonical\" href=\"https:\/\/www.cegh.at\/de\/mitgliedschaft\/\" \/>\n<meta property=\"og:locale\" content=\"de_DE\" \/>\n<meta property=\"og:type\" content=\"article\" \/>\n<meta property=\"og:title\" content=\"Mitgliedschaft: Wie man CEGH-Mitglied und virtueller H\u00e4ndler wird - CEGH\" \/>\n<meta property=\"og:description\" content=\"Erfahren Sie, welche Voraussetzungen erf\u00fcllt sein m\u00fcssen, um ein virtueller H\u00e4ndler zu werden und einer Bilanzgruppe f\u00fcr den Gashandel beizutreten. Beantragen Sie ganz einfach Ihre Mitgliedschaft.\" \/>\n<meta property=\"og:url\" content=\"https:\/\/www.cegh.at\/de\/mitgliedschaft\/\" \/>\n<meta property=\"og:site_name\" content=\"CEGH\" \/>\n<meta property=\"article:modified_time\" content=\"2024-06-06T11:59:11+00:00\" \/>\n<meta name=\"twitter:card\" content=\"summary_large_image\" \/>\n<script type=\"application\/ld+json\" class=\"yoast-schema-graph\">{\"@context\":\"https:\\\/\\\/schema.org\",\"@graph\":[{\"@type\":\"WebPage\",\"@id\":\"https:\\\/\\\/www.cegh.at\\\/de\\\/mitgliedschaft\\\/\",\"url\":\"https:\\\/\\\/www.cegh.at\\\/de\\\/mitgliedschaft\\\/\",\"name\":\"Mitgliedschaft: Wie man CEGH-Mitglied und virtueller H\u00e4ndler wird - CEGH\",\"isPartOf\":{\"@id\":\"https:\\\/\\\/www.cegh.at\\\/de\\\/#website\"},\"datePublished\":\"2023-03-09T10:42:08+00:00\",\"dateModified\":\"2024-06-06T11:59:11+00:00\",\"description\":\"Erfahren Sie, welche Voraussetzungen erf\u00fcllt sein m\u00fcssen, um ein virtueller H\u00e4ndler zu werden und einer Bilanzgruppe f\u00fcr den Gashandel beizutreten. Beantragen Sie ganz einfach Ihre Mitgliedschaft.\",\"breadcrumb\":{\"@id\":\"https:\\\/\\\/www.cegh.at\\\/de\\\/mitgliedschaft\\\/#breadcrumb\"},\"inLanguage\":\"de\",\"potentialAction\":[{\"@type\":\"ReadAction\",\"target\":[\"https:\\\/\\\/www.cegh.at\\\/de\\\/mitgliedschaft\\\/\"]}]},{\"@type\":\"BreadcrumbList\",\"@id\":\"https:\\\/\\\/www.cegh.at\\\/de\\\/mitgliedschaft\\\/#breadcrumb\",\"itemListElement\":[{\"@type\":\"ListItem\",\"position\":1,\"name\":\"Home\",\"item\":\"https:\\\/\\\/www.cegh.at\\\/de\\\/\"},{\"@type\":\"ListItem\",\"position\":2,\"name\":\"Mitgliedschaft\"}]},{\"@type\":\"WebSite\",\"@id\":\"https:\\\/\\\/www.cegh.at\\\/de\\\/#website\",\"url\":\"https:\\\/\\\/www.cegh.at\\\/de\\\/\",\"name\":\"CEGH\",\"description\":\"\",\"publisher\":{\"@id\":\"https:\\\/\\\/www.cegh.at\\\/de\\\/#organization\"},\"potentialAction\":[{\"@type\":\"SearchAction\",\"target\":{\"@type\":\"EntryPoint\",\"urlTemplate\":\"https:\\\/\\\/www.cegh.at\\\/de\\\/?s={search_term_string}\"},\"query-input\":{\"@type\":\"PropertyValueSpecification\",\"valueRequired\":true,\"valueName\":\"search_term_string\"}}],\"inLanguage\":\"de\"},{\"@type\":\"Organization\",\"@id\":\"https:\\\/\\\/www.cegh.at\\\/de\\\/#organization\",\"name\":\"CEGH\",\"url\":\"https:\\\/\\\/www.cegh.at\\\/de\\\/\",\"logo\":{\"@type\":\"ImageObject\",\"inLanguage\":\"de\",\"@id\":\"https:\\\/\\\/www.cegh.at\\\/de\\\/#\\\/schema\\\/logo\\\/image\\\/\",\"url\":\"https:\\\/\\\/www.cegh.at\\\/wp-content\\\/uploads\\\/2023\\\/05\\\/Hauptlogo_RGB.jpg\",\"contentUrl\":\"https:\\\/\\\/www.cegh.at\\\/wp-content\\\/uploads\\\/2023\\\/05\\\/Hauptlogo_RGB.jpg\",\"width\":3333,\"height\":2500,\"caption\":\"CEGH\"},\"image\":{\"@id\":\"https:\\\/\\\/www.cegh.at\\\/de\\\/#\\\/schema\\\/logo\\\/image\\\/\"}}]}<\/script>\n<!-- \/ Yoast SEO plugin. -->","yoast_head_json":{"title":"Mitgliedschaft: Wie man CEGH-Mitglied und virtueller H\u00e4ndler wird - CEGH","description":"Erfahren Sie, welche Voraussetzungen erf\u00fcllt sein m\u00fcssen, um ein virtueller H\u00e4ndler zu werden und einer Bilanzgruppe f\u00fcr den Gashandel beizutreten. Beantragen Sie ganz einfach Ihre Mitgliedschaft.","robots":{"index":"index","follow":"follow","max-snippet":"max-snippet:-1","max-image-preview":"max-image-preview:large","max-video-preview":"max-video-preview:-1"},"canonical":"https:\/\/www.cegh.at\/de\/mitgliedschaft\/","og_locale":"de_DE","og_type":"article","og_title":"Mitgliedschaft: Wie man CEGH-Mitglied und virtueller H\u00e4ndler wird - CEGH","og_description":"Erfahren Sie, welche Voraussetzungen erf\u00fcllt sein m\u00fcssen, um ein virtueller H\u00e4ndler zu werden und einer Bilanzgruppe f\u00fcr den Gashandel beizutreten. Beantragen Sie ganz einfach Ihre Mitgliedschaft.","og_url":"https:\/\/www.cegh.at\/de\/mitgliedschaft\/","og_site_name":"CEGH","article_modified_time":"2024-06-06T11:59:11+00:00","twitter_card":"summary_large_image","schema":{"@context":"https:\/\/schema.org","@graph":[{"@type":"WebPage","@id":"https:\/\/www.cegh.at\/de\/mitgliedschaft\/","url":"https:\/\/www.cegh.at\/de\/mitgliedschaft\/","name":"Mitgliedschaft: Wie man CEGH-Mitglied und virtueller H\u00e4ndler wird - CEGH","isPartOf":{"@id":"https:\/\/www.cegh.at\/de\/#website"},"datePublished":"2023-03-09T10:42:08+00:00","dateModified":"2024-06-06T11:59:11+00:00","description":"Erfahren Sie, welche Voraussetzungen erf\u00fcllt sein m\u00fcssen, um ein virtueller H\u00e4ndler zu werden und einer Bilanzgruppe f\u00fcr den Gashandel beizutreten. Beantragen Sie ganz einfach Ihre Mitgliedschaft.","breadcrumb":{"@id":"https:\/\/www.cegh.at\/de\/mitgliedschaft\/#breadcrumb"},"inLanguage":"de","potentialAction":[{"@type":"ReadAction","target":["https:\/\/www.cegh.at\/de\/mitgliedschaft\/"]}]},{"@type":"BreadcrumbList","@id":"https:\/\/www.cegh.at\/de\/mitgliedschaft\/#breadcrumb","itemListElement":[{"@type":"ListItem","position":1,"name":"Home","item":"https:\/\/www.cegh.at\/de\/"},{"@type":"ListItem","position":2,"name":"Mitgliedschaft"}]},{"@type":"WebSite","@id":"https:\/\/www.cegh.at\/de\/#website","url":"https:\/\/www.cegh.at\/de\/","name":"CEGH","description":"","publisher":{"@id":"https:\/\/www.cegh.at\/de\/#organization"},"potentialAction":[{"@type":"SearchAction","target":{"@type":"EntryPoint","urlTemplate":"https:\/\/www.cegh.at\/de\/?s={search_term_string}"},"query-input":{"@type":"PropertyValueSpecification","valueRequired":true,"valueName":"search_term_string"}}],"inLanguage":"de"},{"@type":"Organization","@id":"https:\/\/www.cegh.at\/de\/#organization","name":"CEGH","url":"https:\/\/www.cegh.at\/de\/","logo":{"@type":"ImageObject","inLanguage":"de","@id":"https:\/\/www.cegh.at\/de\/#\/schema\/logo\/image\/","url":"https:\/\/www.cegh.at\/wp-content\/uploads\/2023\/05\/Hauptlogo_RGB.jpg","contentUrl":"https:\/\/www.cegh.at\/wp-content\/uploads\/2023\/05\/Hauptlogo_RGB.jpg","width":3333,"height":2500,"caption":"CEGH"},"image":{"@id":"https:\/\/www.cegh.at\/de\/#\/schema\/logo\/image\/"}}]}},"_links":{"self":[{"href":"https:\/\/www.cegh.at\/de\/wp-json\/wp\/v2\/pages\/82885","targetHints":{"allow":["GET"]}}],"collection":[{"href":"https:\/\/www.cegh.at\/de\/wp-json\/wp\/v2\/pages"}],"about":[{"href":"https:\/\/www.cegh.at\/de\/wp-json\/wp\/v2\/types\/page"}],"author":[{"embeddable":true,"href":"https:\/\/www.cegh.at\/de\/wp-json\/wp\/v2\/users\/4"}],"replies":[{"embeddable":true,"href":"https:\/\/www.cegh.at\/de\/wp-json\/wp\/v2\/comments?post=82885"}],"version-history":[{"count":44,"href":"https:\/\/www.cegh.at\/de\/wp-json\/wp\/v2\/pages\/82885\/revisions"}],"predecessor-version":[{"id":530988,"href":"https:\/\/www.cegh.at\/de\/wp-json\/wp\/v2\/pages\/82885\/revisions\/530988"}],"wp:attachment":[{"href":"https:\/\/www.cegh.at\/de\/wp-json\/wp\/v2\/media?parent=82885"}],"curies":[{"name":"wp","href":"https:\/\/api.w.org\/{rel}","templated":true}]}}