{"id":82890,"date":"2023-03-14T10:25:53","date_gmt":"2023-03-14T09:25:53","guid":{"rendered":"https:\/\/www.cegh.at\/anmeldung\/cegh-bedingungen-und-konditionen\/"},"modified":"2025-03-25T15:30:34","modified_gmt":"2025-03-25T14:30:34","slug":"cegh-bedingungen-und-konditionen","status":"publish","type":"page","link":"https:\/\/www.cegh.at\/de\/mitgliedschaft\/cegh-bedingungen-und-konditionen\/","title":{"rendered":"CEGH Bedingungen und Konditionen"},"content":{"rendered":"\n\n\n\n\n\n\n\n\n\n\n\n    \n\n\n\n\n\n\n\n\n\n\n\n\n\n\n\n\n\n\n\n\n                    \n            <div class=\"ce ce-text pb-0\n         ce--mb-0                          ce--sp-small          ce--full\n             u-bgColor-white \"\n             id=\"block_d6b857774ecb0f973665f877d353eac9\">\n                                    <div class=\"container-fluid\">\n                            <div class=\"row\">\n                    <div class=\"cc-text__text col-12 col-md-12 col-xl-12 mx-auto text-left\">\n                        <div class=\"ce-textblock\" data-animation=\"true\" data-animation-duration=\"300\">\n    <div class=\"ce-textblock__text\">\n                    <p class=\"ce-textblock__topline\">CEGH-Mitgliedschaft<\/p>\n                            <h1 class=\"\"> CEGH Allgemeine Gesch\u00e4ftsbedingungen <\/h1>\n                <p>&nbsp;<\/p>\n<p>Die aktuell g\u00fcltige Version der Allgemeinen Gesch\u00e4ftsbedingungen des CEGH steht hier zum Download bereit:<\/p>\n<p><a class=\"btn btn--primary\" href=\"https:\/\/www.cegh.at\/wp-content\/uploads\/2025\/03\/CEGH-AB-EN-2025.zip\"><strong>Englische Version V 1.8 <\/strong><\/a>(\u00dcbersetzung; rechtlich nicht bindend)<\/p>\n<p><a class=\"btn btn--primary\" href=\"https:\/\/www.cegh.at\/wp-content\/uploads\/2025\/03\/CEGH-AB-DE-2025.zip\"><strong>Deutsche Version V\u00a0 <\/strong><strong>1.8<\/strong><\/a><\/p>\n<p>Sollten Sie Fragen haben, wenden Sie sich bitte an<\/p>\n\n    <\/div>\n<\/div>\n                    <\/div>\n                <\/div>\n                        <\/div>\n                    <\/div>\n    \n        \n\n\n\n\n\n\n\n\n\n\n\n\n\n\n\n\n\n\n\n\n\n\n\n\n\n\n\n\n\n\n\n\n\n\n                    \n    \n            <div class=\"ce ce-infocards\n         ce--mb-standard                                  ce--full\"  id=\"block_af5c805b44e478ade2a2fc55ae4a513d\">\n                        <div class=\"container-fluid\">\n                                            <div class=\"ce-infocards__container\">\n                                                                                                                                                                    <div class=\"ce-infocards__item ce-infocards__item--profile\">\n                                <figure class=\"\">\n                                    <picture>\n                                        <source srcset=\"https:\/\/www.cegh.at\/wp-content\/uploads\/2023\/06\/Susanne-106_uberarbeitet-140x0-c-default.jpg,  2x\" \/>\n                                        <img decoding=\"async\" class=\"ce-infocards__profilePicture\" src=\"https:\/\/www.cegh.at\/wp-content\/uploads\/2023\/06\/Susanne-106_uberarbeitet-140x0-c-default.jpg\" alt=\"\" title=\"\">\n                                    <\/picture>\n                                <\/figure>\n                                <div class=\"ce-infocards__content\">\n                                                                        <p class=\"ce-infocards__contentName u-small u-color-text-theme-blue\">\n                                        Susanne Neunteufl\n                                    <\/p>\n                                                                                                            <p class=\"ce-infocards__contentPosition u-small u-color-grey-text\">\n                                        Paralegal\n                                    <\/p>\n                                                                                                            <a class=\"ce-infocards__contentTel\" href=\"tel:+43 1 270 2700 28516\">\n                                        Tel.: +43 1 270 2700 28516\n                                    <\/a>\n                                                                                                            <a class=\"ce-infocards__contentEmail\" href=\"mailto:susanne.neunteufl@cegh.at\">\n                                        E-mail: susanne.neunteufl@cegh.at\n                                    <\/a>\n                                                                    <\/div>\n                            <\/div>\n                                    <\/div>\n                            <\/div>\n                    <\/div>\n    \n        ","protected":false},"excerpt":{"rendered":"","protected":false},"author":4,"featured_media":0,"parent":82885,"menu_order":0,"comment_status":"closed","ping_status":"closed","template":"","meta":{"_acf_changed":false,"content-type":"","footnotes":""},"class_list":["post-82890","page","type-page","status-publish","hentry"],"acf":[],"yoast_head":"<!-- This site is optimized with the Yoast SEO plugin v27.3 - https:\/\/yoast.com\/product\/yoast-seo-wordpress\/ -->\n<title>CEGH Allgemeine Gesch\u00e4ftsbedingungen -<\/title>\n<meta name=\"description\" content=\"Informieren Sie sich \u00fcber die Allgemeinen Gesch\u00e4ftsbedingungen des CEGH, die den Gashandelsbetrieb und die Aktivit\u00e4ten regeln. Bleiben Sie informiert und sorgen Sie f\u00fcr die Einhaltung der Vorschriften.\" \/>\n<meta name=\"robots\" content=\"index, follow, max-snippet:-1, max-image-preview:large, max-video-preview:-1\" \/>\n<link rel=\"canonical\" href=\"https:\/\/www.cegh.at\/de\/mitgliedschaft\/cegh-bedingungen-und-konditionen\/\" \/>\n<meta property=\"og:locale\" content=\"de_DE\" \/>\n<meta property=\"og:type\" content=\"article\" \/>\n<meta property=\"og:title\" content=\"CEGH Allgemeine Gesch\u00e4ftsbedingungen -\" \/>\n<meta property=\"og:description\" content=\"Informieren Sie sich \u00fcber die Allgemeinen Gesch\u00e4ftsbedingungen des CEGH, die den Gashandelsbetrieb und die Aktivit\u00e4ten regeln. Bleiben Sie informiert und sorgen Sie f\u00fcr die Einhaltung der Vorschriften.\" \/>\n<meta property=\"og:url\" content=\"https:\/\/www.cegh.at\/de\/mitgliedschaft\/cegh-bedingungen-und-konditionen\/\" \/>\n<meta property=\"og:site_name\" content=\"CEGH\" \/>\n<meta property=\"article:modified_time\" content=\"2025-03-25T14:30:34+00:00\" \/>\n<meta name=\"twitter:card\" content=\"summary_large_image\" \/>\n<script type=\"application\/ld+json\" class=\"yoast-schema-graph\">{\"@context\":\"https:\\\/\\\/schema.org\",\"@graph\":[{\"@type\":\"WebPage\",\"@id\":\"https:\\\/\\\/www.cegh.at\\\/de\\\/mitgliedschaft\\\/cegh-bedingungen-und-konditionen\\\/\",\"url\":\"https:\\\/\\\/www.cegh.at\\\/de\\\/mitgliedschaft\\\/cegh-bedingungen-und-konditionen\\\/\",\"name\":\"CEGH Allgemeine Gesch\u00e4ftsbedingungen -\",\"isPartOf\":{\"@id\":\"https:\\\/\\\/www.cegh.at\\\/de\\\/#website\"},\"datePublished\":\"2023-03-14T09:25:53+00:00\",\"dateModified\":\"2025-03-25T14:30:34+00:00\",\"description\":\"Informieren Sie sich \u00fcber die Allgemeinen Gesch\u00e4ftsbedingungen des CEGH, die den Gashandelsbetrieb und die Aktivit\u00e4ten regeln. Bleiben Sie informiert und sorgen Sie f\u00fcr die Einhaltung der Vorschriften.\",\"breadcrumb\":{\"@id\":\"https:\\\/\\\/www.cegh.at\\\/de\\\/mitgliedschaft\\\/cegh-bedingungen-und-konditionen\\\/#breadcrumb\"},\"inLanguage\":\"de\",\"potentialAction\":[{\"@type\":\"ReadAction\",\"target\":[\"https:\\\/\\\/www.cegh.at\\\/de\\\/mitgliedschaft\\\/cegh-bedingungen-und-konditionen\\\/\"]}]},{\"@type\":\"BreadcrumbList\",\"@id\":\"https:\\\/\\\/www.cegh.at\\\/de\\\/mitgliedschaft\\\/cegh-bedingungen-und-konditionen\\\/#breadcrumb\",\"itemListElement\":[{\"@type\":\"ListItem\",\"position\":1,\"name\":\"Home\",\"item\":\"https:\\\/\\\/www.cegh.at\\\/de\\\/\"},{\"@type\":\"ListItem\",\"position\":2,\"name\":\"Mitgliedschaft\",\"item\":\"https:\\\/\\\/www.cegh.at\\\/de\\\/mitgliedschaft\\\/\"},{\"@type\":\"ListItem\",\"position\":3,\"name\":\"CEGH Bedingungen und Konditionen\"}]},{\"@type\":\"WebSite\",\"@id\":\"https:\\\/\\\/www.cegh.at\\\/de\\\/#website\",\"url\":\"https:\\\/\\\/www.cegh.at\\\/de\\\/\",\"name\":\"CEGH\",\"description\":\"\",\"publisher\":{\"@id\":\"https:\\\/\\\/www.cegh.at\\\/de\\\/#organization\"},\"potentialAction\":[{\"@type\":\"SearchAction\",\"target\":{\"@type\":\"EntryPoint\",\"urlTemplate\":\"https:\\\/\\\/www.cegh.at\\\/de\\\/?s={search_term_string}\"},\"query-input\":{\"@type\":\"PropertyValueSpecification\",\"valueRequired\":true,\"valueName\":\"search_term_string\"}}],\"inLanguage\":\"de\"},{\"@type\":\"Organization\",\"@id\":\"https:\\\/\\\/www.cegh.at\\\/de\\\/#organization\",\"name\":\"CEGH\",\"url\":\"https:\\\/\\\/www.cegh.at\\\/de\\\/\",\"logo\":{\"@type\":\"ImageObject\",\"inLanguage\":\"de\",\"@id\":\"https:\\\/\\\/www.cegh.at\\\/de\\\/#\\\/schema\\\/logo\\\/image\\\/\",\"url\":\"https:\\\/\\\/www.cegh.at\\\/wp-content\\\/uploads\\\/2023\\\/05\\\/Hauptlogo_RGB.jpg\",\"contentUrl\":\"https:\\\/\\\/www.cegh.at\\\/wp-content\\\/uploads\\\/2023\\\/05\\\/Hauptlogo_RGB.jpg\",\"width\":3333,\"height\":2500,\"caption\":\"CEGH\"},\"image\":{\"@id\":\"https:\\\/\\\/www.cegh.at\\\/de\\\/#\\\/schema\\\/logo\\\/image\\\/\"}}]}<\/script>\n<!-- \/ Yoast SEO plugin. -->","yoast_head_json":{"title":"CEGH Allgemeine Gesch\u00e4ftsbedingungen -","description":"Informieren Sie sich \u00fcber die Allgemeinen Gesch\u00e4ftsbedingungen des CEGH, die den Gashandelsbetrieb und die Aktivit\u00e4ten regeln. Bleiben Sie informiert und sorgen Sie f\u00fcr die Einhaltung der Vorschriften.","robots":{"index":"index","follow":"follow","max-snippet":"max-snippet:-1","max-image-preview":"max-image-preview:large","max-video-preview":"max-video-preview:-1"},"canonical":"https:\/\/www.cegh.at\/de\/mitgliedschaft\/cegh-bedingungen-und-konditionen\/","og_locale":"de_DE","og_type":"article","og_title":"CEGH Allgemeine Gesch\u00e4ftsbedingungen -","og_description":"Informieren Sie sich \u00fcber die Allgemeinen Gesch\u00e4ftsbedingungen des CEGH, die den Gashandelsbetrieb und die Aktivit\u00e4ten regeln. Bleiben Sie informiert und sorgen Sie f\u00fcr die Einhaltung der Vorschriften.","og_url":"https:\/\/www.cegh.at\/de\/mitgliedschaft\/cegh-bedingungen-und-konditionen\/","og_site_name":"CEGH","article_modified_time":"2025-03-25T14:30:34+00:00","twitter_card":"summary_large_image","schema":{"@context":"https:\/\/schema.org","@graph":[{"@type":"WebPage","@id":"https:\/\/www.cegh.at\/de\/mitgliedschaft\/cegh-bedingungen-und-konditionen\/","url":"https:\/\/www.cegh.at\/de\/mitgliedschaft\/cegh-bedingungen-und-konditionen\/","name":"CEGH Allgemeine Gesch\u00e4ftsbedingungen -","isPartOf":{"@id":"https:\/\/www.cegh.at\/de\/#website"},"datePublished":"2023-03-14T09:25:53+00:00","dateModified":"2025-03-25T14:30:34+00:00","description":"Informieren Sie sich \u00fcber die Allgemeinen Gesch\u00e4ftsbedingungen des CEGH, die den Gashandelsbetrieb und die Aktivit\u00e4ten regeln. Bleiben Sie informiert und sorgen Sie f\u00fcr die Einhaltung der Vorschriften.","breadcrumb":{"@id":"https:\/\/www.cegh.at\/de\/mitgliedschaft\/cegh-bedingungen-und-konditionen\/#breadcrumb"},"inLanguage":"de","potentialAction":[{"@type":"ReadAction","target":["https:\/\/www.cegh.at\/de\/mitgliedschaft\/cegh-bedingungen-und-konditionen\/"]}]},{"@type":"BreadcrumbList","@id":"https:\/\/www.cegh.at\/de\/mitgliedschaft\/cegh-bedingungen-und-konditionen\/#breadcrumb","itemListElement":[{"@type":"ListItem","position":1,"name":"Home","item":"https:\/\/www.cegh.at\/de\/"},{"@type":"ListItem","position":2,"name":"Mitgliedschaft","item":"https:\/\/www.cegh.at\/de\/mitgliedschaft\/"},{"@type":"ListItem","position":3,"name":"CEGH Bedingungen und Konditionen"}]},{"@type":"WebSite","@id":"https:\/\/www.cegh.at\/de\/#website","url":"https:\/\/www.cegh.at\/de\/","name":"CEGH","description":"","publisher":{"@id":"https:\/\/www.cegh.at\/de\/#organization"},"potentialAction":[{"@type":"SearchAction","target":{"@type":"EntryPoint","urlTemplate":"https:\/\/www.cegh.at\/de\/?s={search_term_string}"},"query-input":{"@type":"PropertyValueSpecification","valueRequired":true,"valueName":"search_term_string"}}],"inLanguage":"de"},{"@type":"Organization","@id":"https:\/\/www.cegh.at\/de\/#organization","name":"CEGH","url":"https:\/\/www.cegh.at\/de\/","logo":{"@type":"ImageObject","inLanguage":"de","@id":"https:\/\/www.cegh.at\/de\/#\/schema\/logo\/image\/","url":"https:\/\/www.cegh.at\/wp-content\/uploads\/2023\/05\/Hauptlogo_RGB.jpg","contentUrl":"https:\/\/www.cegh.at\/wp-content\/uploads\/2023\/05\/Hauptlogo_RGB.jpg","width":3333,"height":2500,"caption":"CEGH"},"image":{"@id":"https:\/\/www.cegh.at\/de\/#\/schema\/logo\/image\/"}}]}},"_links":{"self":[{"href":"https:\/\/www.cegh.at\/de\/wp-json\/wp\/v2\/pages\/82890","targetHints":{"allow":["GET"]}}],"collection":[{"href":"https:\/\/www.cegh.at\/de\/wp-json\/wp\/v2\/pages"}],"about":[{"href":"https:\/\/www.cegh.at\/de\/wp-json\/wp\/v2\/types\/page"}],"author":[{"embeddable":true,"href":"https:\/\/www.cegh.at\/de\/wp-json\/wp\/v2\/users\/4"}],"replies":[{"embeddable":true,"href":"https:\/\/www.cegh.at\/de\/wp-json\/wp\/v2\/comments?post=82890"}],"version-history":[{"count":14,"href":"https:\/\/www.cegh.at\/de\/wp-json\/wp\/v2\/pages\/82890\/revisions"}],"predecessor-version":[{"id":1004153,"href":"https:\/\/www.cegh.at\/de\/wp-json\/wp\/v2\/pages\/82890\/revisions\/1004153"}],"up":[{"embeddable":true,"href":"https:\/\/www.cegh.at\/de\/wp-json\/wp\/v2\/pages\/82885"}],"wp:attachment":[{"href":"https:\/\/www.cegh.at\/de\/wp-json\/wp\/v2\/media?parent=82890"}],"curies":[{"name":"wp","href":"https:\/\/api.w.org\/{rel}","templated":true}]}}