{"id":82904,"date":"2023-03-14T10:27:13","date_gmt":"2023-03-14T09:27:13","guid":{"rendered":"https:\/\/www.cegh.at\/dienstleistungen\/cegh-app\/"},"modified":"2024-03-21T11:11:11","modified_gmt":"2024-03-21T10:11:11","slug":"cegh-app","status":"publish","type":"page","link":"https:\/\/www.cegh.at\/de\/dienstleistungen\/cegh-app\/","title":{"rendered":"CEGH-App"},"content":{"rendered":"\n\n\n\n\n\n\n\n\n\n\n\n    \n\n\n\n\n\n\n\n\n\n\n\n\n\n\n\n\n\n\n\n\n                    \n            <div class=\"ce ce-text pb-0\n         ce--mb-0                          ce--sp-small          ce--full\n             u-bgColor-white \"\n             id=\"block_0ff827175c9d6735de7fce8a658d294d\">\n                                    <div class=\"container-fluid\">\n                            <div class=\"row\">\n                    <div class=\"cc-text__text col-12 col-md-12 col-xl-12 mx-auto text-left\">\n                        <div class=\"ce-textblock\" data-animation=\"true\" data-animation-duration=\"300\">\n    <div class=\"ce-textblock__text\">\n                    <p class=\"ce-textblock__topline\">Services<\/p>\n                            <h1 class=\"\"> Sichern Sie sich die Vorteile der CEGH App <\/h1>\n                <p>&nbsp;<\/p>\n<h5 class=\"p1\"><b>Die CEGH App f\u00fcr Ihr Smartphone<\/b><\/h5>\n<p class=\"p1\">Als eines der ersten Unternehmen im Gashandelsgesch\u00e4ft hat CEGH eine Plattform geschaffen, \u00fcber die Sie auf transparente Weise auf alle ben\u00f6tigten Daten zugreifen k\u00f6nnen. Die CEGH App f\u00fcr Mobiltelefone, die im Dezember 2020 eingef\u00fchrt wurde, bietet Ihnen die M\u00f6glichkeit, auf dem Laufenden zu bleiben, indem sie Ihnen Zugang zu allen CEGH Marktdaten und REMIT Ver\u00f6ffentlichungen sowie zum t\u00e4glichen CEGHIX bietet.<\/p>\n<p class=\"p1\">Greifen Sie auf alle Preise und Mengen der EEX CEGH Gas Exchange direkt in der App zu. Ausgestattet mit klarer Struktur, einfacher Handhabung und hoher Benutzerfreundlichkeit, ist die App kostenlos zum Download im App Store und bei Google Play erh\u00e4ltlich.<\/p>\n<p>&nbsp;<\/p>\n\n    <\/div>\n<\/div>\n                    <\/div>\n                <\/div>\n                        <\/div>\n                    <\/div>\n    \n        \n\n\n\n\n\n\n\n\n\n\n\n    \n\n\n\n\n\n\n\n\n\n\n\n\n\n\n\n\n\n\n\n\n                    \n            <div class=\"ce ce-text pb-0\n         ce--mb-small          ce--contrast                  ce--sp-xsmall          ce--full\n             u-bgColor-lightblue \"\n             id=\"block_140413ac7c78466f1de1d7fcf99d2566\">\n                                    <div class=\"container-fluid\">\n                            <div class=\"row\">\n                    <div class=\"cc-text__text col-12 col-md-12 col-xl-12 ml-auto text-left\">\n                        <div class=\"ce-textblock\" data-animation=\"true\" data-animation-duration=\"300\">\n    <div class=\"ce-textblock__text\">\n                            <h3 class=\"\"> MERKMALE DER CEGH APP <\/h3>\n                <div class=\"w-leadin editor-output\">\n<p class=\"large\">Alle EEX CEGH Gas Exchange Marktdaten direkt in der App<\/p>\n<p class=\"large\">Pr\u00fcfen Sie t\u00e4glich das nominierte CEGH VHP-Volumen<\/p>\n<p class=\"large\">Auf dem Laufenden mit den neuesten REMIT-Ver\u00f6ffentlichungen<\/p>\n<p class=\"large\">Grafische Darstellung der Preisentwicklung<\/p>\n<p>&nbsp;<\/p>\n<\/div>\n\n    <\/div>\n<\/div>\n                    <\/div>\n                <\/div>\n                        <\/div>\n                    <\/div>\n    \n        \n\n\n\n\n\n\n\n\n\n\n\n\n\n\n\n\n\n\n\n\n\n\n\n\n\n\n\n\n\n\n\n\n            \n        \n                    <div class=\"ce ce-cols ce-cols--2\n         ce--mb-0                                 \"\n                 id=\"block_36c1936a81cad3a16daf8da0adf38398\">\n                                    <div class=\"container-fluid\">\n                                        <div class=\"row\">\n                        <div class=\"col-12 col-lg-6 \">\n                            <!--HIER DIE SCHLEIFE MIT DEM CONTENT SPALTE 1-->\n                                                                                                                            \n\n\n\n\n\n\n\n\n\n\n\n\n\n\n\n\n\n\n\n\n\n\n\n\n\n\n\n\n\n\n                                            \n        \n        \n        \n    \n\n                    \n    \n\n                    \n            <div class=\"ce ce-text pb-0\n                                        \"\n             id=\"block_36c1936a81cad3a16daf8da0adf38398\">\n                                        <div class=\"row\">\n                    <div class=\"cc-text__text col-12 col-md-12 col-xl-12  text-left\">\n                        <div class=\"ce-textblock\" data-animation=\"true\" data-animation-duration=\"300\">\n    <div class=\"ce-textblock__text\">\n                        <h5 class=\"large\"><strong>Bleiben Sie auf dem Laufenden mit aktuellen Preisinformationen des EEX CEGH Gas Exchange Market!<\/strong><\/h5>\n<p>Genie\u00dfen Sie die praktischen Funktionen der neuen CEGH App, wie z.B. die \u00dcberwachung der Echtzeitpreise f\u00fcr die EEX CEGH Gas Exchange M\u00e4rkte in AT und CZ (bester Geld-\/Briefkurs, letzter Preis, offener, hoher, niedriger und durchschnittlicher Preis des Tages).<\/p>\n<p>Erhalten Sie Kursbenachrichtigungen \u00fcber die App, sobald ein entsprechender Handel stattgefunden hat oder ein Geld-\/Briefauftrag erteilt wurde: Legen Sie Preislimits fest (\u201ebei oder \u00fcber\u201d und \u201ebei oder unter\u201d) und lassen Sie sich von der CEGH App im Laufe des Tages benachrichtigen, sobald ein Handel zu der von Ihnen gew\u00e4hlten Preisschwelle abgeschlossen wurde. Sie k\u00f6nnen auch einen Zeitraum festlegen, in dem Sie Benachrichtigungen erhalten m\u00f6chten.<\/p>\n\n    <\/div>\n<\/div>\n                    <\/div>\n                <\/div>\n                    <\/div>\n    \n                                                                    \n                        <\/div>\n                        <div class=\"col-12 col-lg-6 \">\n                            <!--HIER DIE SCHLEIFE MIT DEM CONTENT SPALTE 2-->\n                                                                                                                            \n\n\n\n\n\n\n\n\n\n\n\n\n\n\n\n\n\n\n\n\n\n\n\n\n\n\n\n\n\n\n                                            \n        \n        \n        \n    \n\n                    \n    \n\n                    \n            <div class=\"ce ce-text pb-0\n                                        \"\n             id=\"block_36c1936a81cad3a16daf8da0adf38398\">\n                                        <div class=\"row\">\n                    <div class=\"cc-text__text col-12 col-md-12 col-xl-12  text-left\">\n                        <div class=\"ce-textblock\" data-animation=\"true\" data-animation-duration=\"300\">\n    <div class=\"ce-textblock__text\">\n                        <p>Bleiben Sie auf dem Laufenden durch die intelligente Push-Benachrichtigung \u00fcber den t\u00e4glichen CEGHIX, der am Ende des Handelstages ver\u00f6ffentlicht wird.<\/p>\n<p><span style=\"color: #003366;\"><strong>Pr\u00fcfen Sie die nominierten Mengen im CEGH VHP direkt in der App!<\/strong><\/span><\/p>\n<p>Jeden n\u00e4chsten Morgen werden die nominierten Volumina direkt in der App ver\u00f6ffentlicht.<\/p>\n<p><span style=\"color: #003366;\"><strong>REMIT: Immer auf dem Laufenden mit der neuen CEGH App!<\/strong><\/span><\/p>\n<p>Holen Sie sich die auf der CEGH REMIT-Plattform ver\u00f6ffentlichten Insiderinformationen direkt in der App und lassen Sie sich benachrichtigen, wenn neue Beitr\u00e4ge ver\u00f6ffentlicht werden.<\/p>\n\n    <\/div>\n<\/div>\n                    <\/div>\n                <\/div>\n                    <\/div>\n    \n                                                                                            <\/div>\n                    <\/div>\n                <\/div>\n            <\/div>\n                        \n\n\n\n\n\n\n\n\n\n\n\n    \n\n\n\n\n\n\n\n\n\n\n\n\n\n\n\n\n\n\n\n                                                                    \n                    <div class=\"ce ce-cols ce-cols--4\n                 ce--mb-small                                                  ce--sp-standard                  ce--full\n                 u-bgColor-white  \" id=\"block_9d05e17f374d3142f2246aa08a3e4cba\">\n                                <div class=\"container-fluid\">\n                    \n    <div class=\"row\">\n        <div class=\"col-12 col-md-12 col-xl-12 ml-auto text-center\">\n            <div class=\"ce-textblock__text\">\n                                    <h4 class=\"\">Zum Herunterladen verf\u00fcgbar unter:<br \/>\n<br \/>\n <\/ h4 >\n                        <\/div>\n        <\/div>\n    <\/div>\n\n                    <div class=\"row\">\n                        <div class=\"col-12 col-lg-3 \">\n                            <!--HIER DIE SCHLEIFE MIT DEM CONTENT SPALTE 1-->\n                                                                                                                            \n\n\n\n\n\n\n\n\n\n\n\n\n\n\n\n\n\n\n\n\n\n\n\n\n\n\n\n\n\n\n                                            \n        \n        \n        \n    \n\n                    \n    \n\n                \n\n            <div class=\"ce ce-image\n                                                 ce--no-bg \"\n             id=\"block_9d05e17f374d3142f2246aa08a3e4cba\">\n                                                        <div class=\"row\">\n                                                                                                                                    <div class=\"col-8 col-md-8 col-xl-9  text-left \">\n                        <figure class=\"\"  data-aos=\"fade\" data-aos-duration=\"500\" >\n                                                                                                                                    <a href=\" https:\/\/play.google.com\/store\/apps\/details?id=at.co.kraftwerk.cegh \" >\n                                                                <picture>\n                                    <source media=\"(min-width: 1440px)\" srcset=\"\">\n                                    <source media=\"(min-width: 1200px)\" srcset=\"\">\n                                    <source media=\"(min-width: 992px)\" srcset=\"\">\n                                    <source media=\"(min-width: 768px)\" srcset=\"\">\n                                    <source media=\"(min-width: 576px)\" srcset=\"\">\n                                    <source media=\"(min-width: 320px)\" srcset=\"\">\n                                    <source srcset=\"\">\n                                    <img decoding=\"async\" src=\"\" alt=\"\" title=\"\"\n                                         class=\"img-fluid w-100\">\n                                <\/picture>\n                                 <\/a>                             \n                                                    <\/figure>\n                    <\/div>\n                <\/div>\n                        <\/div>\n    \n    \n                                                            \n                        <\/div>\n                        <div class=\"col-12 col-lg-3 \">\n                            <!--HIER DIE SCHLEIFE MIT DEM CONTENT SPALTE 2-->\n                                                                                                                            \n\n\n\n\n\n\n\n\n\n\n\n\n\n\n\n\n\n\n\n\n\n\n\n\n\n\n\n\n\n\n                                            \n        \n        \n        \n    \n\n                    \n    \n\n                \n\n            <div class=\"ce ce-image\n                                                 ce--no-bg \"\n             id=\"block_9d05e17f374d3142f2246aa08a3e4cba\">\n                                                        <div class=\"row\">\n                                                                                                                                    <div class=\"col-8 col-md-8 col-xl-9  text-right \">\n                        <figure class=\"\"  data-aos=\"fade\" data-aos-duration=\"500\" >\n                                                                                                                                    <a href=\" https:\/\/play.google.com\/store\/apps\/details?id=at.co.kraftwerk.cegh \" >\n                                                                <picture>\n                                    <source media=\"(min-width: 1440px)\" srcset=\"https:\/\/www.cegh.at\/wp-content\/uploads\/2023\/05\/google-play-1-1920x0-c-default.jpg\">\n                                    <source media=\"(min-width: 1200px)\" srcset=\"https:\/\/www.cegh.at\/wp-content\/uploads\/2023\/05\/google-play-1-1440x0-c-default.jpg\">\n                                    <source media=\"(min-width: 992px)\" srcset=\"https:\/\/www.cegh.at\/wp-content\/uploads\/2023\/05\/google-play-1-1200x0-c-default.jpg\">\n                                    <source media=\"(min-width: 768px)\" srcset=\"https:\/\/www.cegh.at\/wp-content\/uploads\/2023\/05\/google-play-1-992x0-c-default.jpg\">\n                                    <source media=\"(min-width: 576px)\" srcset=\"https:\/\/www.cegh.at\/wp-content\/uploads\/2023\/05\/google-play-1-768x0-c-default.jpg\">\n                                    <source media=\"(min-width: 320px)\" srcset=\"https:\/\/www.cegh.at\/wp-content\/uploads\/2023\/05\/google-play-1-576x0-c-default.jpg\">\n                                    <source srcset=\"https:\/\/www.cegh.at\/wp-content\/uploads\/2023\/05\/google-play-1-320x0-c-default.jpg\">\n                                    <img decoding=\"async\" src=\"https:\/\/www.cegh.at\/wp-content\/uploads\/2023\/05\/google-play-1-1440x0-c-default.jpg\" alt=\"\" title=\"\"\n                                         class=\"img-fluid w-100\">\n                                <\/picture>\n                                 <\/a>                             \n                                                    <\/figure>\n                    <\/div>\n                <\/div>\n                        <\/div>\n    \n    \n                                                                                    <\/div>\n                        <div class=\"col-12 col-lg-3 \">\n                            <!--HIER DIE SCHLEIFE MIT DEM CONTENT SPALTE 3-->\n                                                                                                                            \n\n\n\n\n\n\n\n\n\n\n\n\n\n\n\n\n\n\n\n\n\n\n\n\n\n\n\n\n\n\n                                            \n        \n        \n        \n    \n\n                    \n    \n\n                \n\n            <div class=\"ce ce-image\n                                                 ce--no-bg \"\n             id=\"block_9d05e17f374d3142f2246aa08a3e4cba\">\n                                                        <div class=\"row\">\n                                                                                                                                    <div class=\"col-8 col-md-8 col-xl-9  text-left \">\n                        <figure class=\"\"  data-aos=\"fade\" data-aos-duration=\"500\" >\n                                                                                                                                    <a href=\" https:\/\/apps.apple.com\/at\/app\/central-european-gas-hub\/id1542757352 \" >\n                                                                <picture>\n                                    <source media=\"(min-width: 1440px)\" srcset=\"https:\/\/www.cegh.at\/wp-content\/uploads\/2023\/05\/app-store-1-1920x0-c-default.jpg\">\n                                    <source media=\"(min-width: 1200px)\" srcset=\"https:\/\/www.cegh.at\/wp-content\/uploads\/2023\/05\/app-store-1-1440x0-c-default.jpg\">\n                                    <source media=\"(min-width: 992px)\" srcset=\"https:\/\/www.cegh.at\/wp-content\/uploads\/2023\/05\/app-store-1-1200x0-c-default.jpg\">\n                                    <source media=\"(min-width: 768px)\" srcset=\"https:\/\/www.cegh.at\/wp-content\/uploads\/2023\/05\/app-store-1-992x0-c-default.jpg\">\n                                    <source media=\"(min-width: 576px)\" srcset=\"https:\/\/www.cegh.at\/wp-content\/uploads\/2023\/05\/app-store-1-768x0-c-default.jpg\">\n                                    <source media=\"(min-width: 320px)\" srcset=\"https:\/\/www.cegh.at\/wp-content\/uploads\/2023\/05\/app-store-1-576x0-c-default.jpg\">\n                                    <source srcset=\"https:\/\/www.cegh.at\/wp-content\/uploads\/2023\/05\/app-store-1-320x0-c-default.jpg\">\n                                    <img decoding=\"async\" src=\"https:\/\/www.cegh.at\/wp-content\/uploads\/2023\/05\/app-store-1-1440x0-c-default.jpg\" alt=\"\" title=\"\"\n                                         class=\"img-fluid w-100\">\n                                <\/picture>\n                                 <\/a>                             \n                                                    <\/figure>\n                    <\/div>\n                <\/div>\n                        <\/div>\n    \n    \n                                                                                    <\/div>\n                        <div class=\"col-12 col-lg-3 \">\n                            <!--HIER DIE SCHLEIFE MIT DEM CONTENT SPALTE 4-->\n                                                                                                                                            <\/div>\n                    <\/div>\n                <\/div>\n            <\/div>\n                    ","protected":false},"excerpt":{"rendered":"","protected":false},"author":4,"featured_media":0,"parent":82899,"menu_order":0,"comment_status":"closed","ping_status":"closed","template":"","meta":{"_acf_changed":false,"content-type":"","footnotes":""},"class_list":["post-82904","page","type-page","status-publish","hentry"],"acf":[],"yoast_head":"<!-- This site is optimized with the Yoast SEO plugin v27.3 - https:\/\/yoast.com\/product\/yoast-seo-wordpress\/ -->\n<title>CEGH-App - CEGH<\/title>\n<meta name=\"description\" content=\"Entdecken Sie die Vorteile der CEGH App, der mobilen App, die einen einfachen Zugang zu allen notwendigen Daten der Gashandelsbranche bietet.\" \/>\n<meta name=\"robots\" content=\"index, follow, max-snippet:-1, max-image-preview:large, max-video-preview:-1\" \/>\n<link rel=\"canonical\" href=\"https:\/\/www.cegh.at\/de\/dienstleistungen\/cegh-app\/\" \/>\n<meta property=\"og:locale\" content=\"de_DE\" \/>\n<meta property=\"og:type\" content=\"article\" \/>\n<meta property=\"og:title\" content=\"CEGH-App - CEGH\" \/>\n<meta property=\"og:description\" content=\"Entdecken Sie die Vorteile der CEGH App, der mobilen App, die einen einfachen Zugang zu allen notwendigen Daten der Gashandelsbranche bietet.\" \/>\n<meta property=\"og:url\" content=\"https:\/\/www.cegh.at\/de\/dienstleistungen\/cegh-app\/\" \/>\n<meta property=\"og:site_name\" content=\"CEGH\" \/>\n<meta property=\"article:modified_time\" content=\"2024-03-21T10:11:11+00:00\" \/>\n<meta name=\"twitter:card\" content=\"summary_large_image\" \/>\n<script type=\"application\/ld+json\" class=\"yoast-schema-graph\">{\"@context\":\"https:\\\/\\\/schema.org\",\"@graph\":[{\"@type\":\"WebPage\",\"@id\":\"https:\\\/\\\/www.cegh.at\\\/de\\\/dienstleistungen\\\/cegh-app\\\/\",\"url\":\"https:\\\/\\\/www.cegh.at\\\/de\\\/dienstleistungen\\\/cegh-app\\\/\",\"name\":\"CEGH-App - CEGH\",\"isPartOf\":{\"@id\":\"https:\\\/\\\/www.cegh.at\\\/de\\\/#website\"},\"datePublished\":\"2023-03-14T09:27:13+00:00\",\"dateModified\":\"2024-03-21T10:11:11+00:00\",\"description\":\"Entdecken Sie die Vorteile der CEGH App, der mobilen App, die einen einfachen Zugang zu allen notwendigen Daten der Gashandelsbranche bietet.\",\"breadcrumb\":{\"@id\":\"https:\\\/\\\/www.cegh.at\\\/de\\\/dienstleistungen\\\/cegh-app\\\/#breadcrumb\"},\"inLanguage\":\"de\",\"potentialAction\":[{\"@type\":\"ReadAction\",\"target\":[\"https:\\\/\\\/www.cegh.at\\\/de\\\/dienstleistungen\\\/cegh-app\\\/\"]}]},{\"@type\":\"BreadcrumbList\",\"@id\":\"https:\\\/\\\/www.cegh.at\\\/de\\\/dienstleistungen\\\/cegh-app\\\/#breadcrumb\",\"itemListElement\":[{\"@type\":\"ListItem\",\"position\":1,\"name\":\"Home\",\"item\":\"https:\\\/\\\/www.cegh.at\\\/de\\\/\"},{\"@type\":\"ListItem\",\"position\":2,\"name\":\"Services\",\"item\":\"https:\\\/\\\/www.cegh.at\\\/de\\\/dienstleistungen\\\/\"},{\"@type\":\"ListItem\",\"position\":3,\"name\":\"CEGH-App\"}]},{\"@type\":\"WebSite\",\"@id\":\"https:\\\/\\\/www.cegh.at\\\/de\\\/#website\",\"url\":\"https:\\\/\\\/www.cegh.at\\\/de\\\/\",\"name\":\"CEGH\",\"description\":\"\",\"publisher\":{\"@id\":\"https:\\\/\\\/www.cegh.at\\\/de\\\/#organization\"},\"potentialAction\":[{\"@type\":\"SearchAction\",\"target\":{\"@type\":\"EntryPoint\",\"urlTemplate\":\"https:\\\/\\\/www.cegh.at\\\/de\\\/?s={search_term_string}\"},\"query-input\":{\"@type\":\"PropertyValueSpecification\",\"valueRequired\":true,\"valueName\":\"search_term_string\"}}],\"inLanguage\":\"de\"},{\"@type\":\"Organization\",\"@id\":\"https:\\\/\\\/www.cegh.at\\\/de\\\/#organization\",\"name\":\"CEGH\",\"url\":\"https:\\\/\\\/www.cegh.at\\\/de\\\/\",\"logo\":{\"@type\":\"ImageObject\",\"inLanguage\":\"de\",\"@id\":\"https:\\\/\\\/www.cegh.at\\\/de\\\/#\\\/schema\\\/logo\\\/image\\\/\",\"url\":\"https:\\\/\\\/www.cegh.at\\\/wp-content\\\/uploads\\\/2023\\\/05\\\/Hauptlogo_RGB.jpg\",\"contentUrl\":\"https:\\\/\\\/www.cegh.at\\\/wp-content\\\/uploads\\\/2023\\\/05\\\/Hauptlogo_RGB.jpg\",\"width\":3333,\"height\":2500,\"caption\":\"CEGH\"},\"image\":{\"@id\":\"https:\\\/\\\/www.cegh.at\\\/de\\\/#\\\/schema\\\/logo\\\/image\\\/\"}}]}<\/script>\n<!-- \/ Yoast SEO plugin. -->","yoast_head_json":{"title":"CEGH-App - CEGH","description":"Entdecken Sie die Vorteile der CEGH App, der mobilen App, die einen einfachen Zugang zu allen notwendigen Daten der Gashandelsbranche bietet.","robots":{"index":"index","follow":"follow","max-snippet":"max-snippet:-1","max-image-preview":"max-image-preview:large","max-video-preview":"max-video-preview:-1"},"canonical":"https:\/\/www.cegh.at\/de\/dienstleistungen\/cegh-app\/","og_locale":"de_DE","og_type":"article","og_title":"CEGH-App - CEGH","og_description":"Entdecken Sie die Vorteile der CEGH App, der mobilen App, die einen einfachen Zugang zu allen notwendigen Daten der Gashandelsbranche bietet.","og_url":"https:\/\/www.cegh.at\/de\/dienstleistungen\/cegh-app\/","og_site_name":"CEGH","article_modified_time":"2024-03-21T10:11:11+00:00","twitter_card":"summary_large_image","schema":{"@context":"https:\/\/schema.org","@graph":[{"@type":"WebPage","@id":"https:\/\/www.cegh.at\/de\/dienstleistungen\/cegh-app\/","url":"https:\/\/www.cegh.at\/de\/dienstleistungen\/cegh-app\/","name":"CEGH-App - CEGH","isPartOf":{"@id":"https:\/\/www.cegh.at\/de\/#website"},"datePublished":"2023-03-14T09:27:13+00:00","dateModified":"2024-03-21T10:11:11+00:00","description":"Entdecken Sie die Vorteile der CEGH App, der mobilen App, die einen einfachen Zugang zu allen notwendigen Daten der Gashandelsbranche bietet.","breadcrumb":{"@id":"https:\/\/www.cegh.at\/de\/dienstleistungen\/cegh-app\/#breadcrumb"},"inLanguage":"de","potentialAction":[{"@type":"ReadAction","target":["https:\/\/www.cegh.at\/de\/dienstleistungen\/cegh-app\/"]}]},{"@type":"BreadcrumbList","@id":"https:\/\/www.cegh.at\/de\/dienstleistungen\/cegh-app\/#breadcrumb","itemListElement":[{"@type":"ListItem","position":1,"name":"Home","item":"https:\/\/www.cegh.at\/de\/"},{"@type":"ListItem","position":2,"name":"Services","item":"https:\/\/www.cegh.at\/de\/dienstleistungen\/"},{"@type":"ListItem","position":3,"name":"CEGH-App"}]},{"@type":"WebSite","@id":"https:\/\/www.cegh.at\/de\/#website","url":"https:\/\/www.cegh.at\/de\/","name":"CEGH","description":"","publisher":{"@id":"https:\/\/www.cegh.at\/de\/#organization"},"potentialAction":[{"@type":"SearchAction","target":{"@type":"EntryPoint","urlTemplate":"https:\/\/www.cegh.at\/de\/?s={search_term_string}"},"query-input":{"@type":"PropertyValueSpecification","valueRequired":true,"valueName":"search_term_string"}}],"inLanguage":"de"},{"@type":"Organization","@id":"https:\/\/www.cegh.at\/de\/#organization","name":"CEGH","url":"https:\/\/www.cegh.at\/de\/","logo":{"@type":"ImageObject","inLanguage":"de","@id":"https:\/\/www.cegh.at\/de\/#\/schema\/logo\/image\/","url":"https:\/\/www.cegh.at\/wp-content\/uploads\/2023\/05\/Hauptlogo_RGB.jpg","contentUrl":"https:\/\/www.cegh.at\/wp-content\/uploads\/2023\/05\/Hauptlogo_RGB.jpg","width":3333,"height":2500,"caption":"CEGH"},"image":{"@id":"https:\/\/www.cegh.at\/de\/#\/schema\/logo\/image\/"}}]}},"_links":{"self":[{"href":"https:\/\/www.cegh.at\/de\/wp-json\/wp\/v2\/pages\/82904","targetHints":{"allow":["GET"]}}],"collection":[{"href":"https:\/\/www.cegh.at\/de\/wp-json\/wp\/v2\/pages"}],"about":[{"href":"https:\/\/www.cegh.at\/de\/wp-json\/wp\/v2\/types\/page"}],"author":[{"embeddable":true,"href":"https:\/\/www.cegh.at\/de\/wp-json\/wp\/v2\/users\/4"}],"replies":[{"embeddable":true,"href":"https:\/\/www.cegh.at\/de\/wp-json\/wp\/v2\/comments?post=82904"}],"version-history":[{"count":13,"href":"https:\/\/www.cegh.at\/de\/wp-json\/wp\/v2\/pages\/82904\/revisions"}],"predecessor-version":[{"id":274775,"href":"https:\/\/www.cegh.at\/de\/wp-json\/wp\/v2\/pages\/82904\/revisions\/274775"}],"up":[{"embeddable":true,"href":"https:\/\/www.cegh.at\/de\/wp-json\/wp\/v2\/pages\/82899"}],"wp:attachment":[{"href":"https:\/\/www.cegh.at\/de\/wp-json\/wp\/v2\/media?parent=82904"}],"curies":[{"name":"wp","href":"https:\/\/api.w.org\/{rel}","templated":true}]}}