{"id":82912,"date":"2023-03-14T10:29:28","date_gmt":"2023-03-14T09:29:28","guid":{"rendered":"https:\/\/www.cegh.at\/dienstleistungen\/cegh-plattformen\/cegh-nominierungsplattform\/"},"modified":"2025-02-04T12:25:50","modified_gmt":"2025-02-04T11:25:50","slug":"cegh-nominierungsplattform","status":"publish","type":"page","link":"https:\/\/www.cegh.at\/de\/dienstleistungen\/cegh-plattformen\/cegh-nominierungsplattform\/","title":{"rendered":"CEGH Nomination Platform"},"content":{"rendered":"\n\n\n\n\n\n\n\n\n\n\n\n    \n\n\n\n\n\n\n\n\n\n\n\n\n\n\n\n\n\n\n\n\n                    \n            <div class=\"ce ce-text pb-0\n         ce--mb-small                          ce--sp-small          ce--full\n             u-bgColor-white \"\n             id=\"block_dedd0d71ea5a8af053afa6ef31e4ed50\">\n                                    <div class=\"container-fluid\">\n                            <div class=\"row\">\n                    <div class=\"cc-text__text col-12 col-md-12 col-xl-12 mx-auto text-left\">\n                        <div class=\"ce-textblock\" data-animation=\"true\" data-animation-duration=\"300\">\n    <div class=\"ce-textblock__text\">\n                    <p class=\"ce-textblock__topline\">Services<\/p>\n                            <h1 class=\"\"> CEGH Nomination Platform <\/h1>\n                <p>&nbsp;<\/p>\n<p>Um sich auf der CEGH Nomination Plattform (CMT) anzumelden, klicken Sie bitte <a class=\"u-color-green\" href=\"http:\/\/gashub.at\/nomination\">hier<\/a>.<\/p>\n\n    <\/div>\n<\/div>\n                    <\/div>\n                <\/div>\n                        <\/div>\n                    <\/div>\n    \n        \n\n\n\n\n\n\n\n\n\n\n\n\n\n\n\n\n\n\n\n\n\n\n\n\n\n\n\n\n\n\n\n\n\n\n            \n        \n                    <div class=\"ce ce-cols ce-cols--2\n         ce--mb-small                                 \"\n                 id=\"block_11c20700ceddb2ba5f1636af79567f93\">\n                                    <div class=\"container-fluid\">\n                    \n    <div class=\"row\">\n        <div class=\"col-12 col-md-12 col-xl-12 mx-auto text-justify\">\n            <div class=\"ce-textblock__text\">\n                                    <h4 class=\"\">Technische Informationen <\/ h4 >\n                        <\/div>\n        <\/div>\n    <\/div>\n\n                    <div class=\"row\">\n                        <div class=\"col-12 col-lg-6 \">\n                            <!--HIER DIE SCHLEIFE MIT DEM CONTENT SPALTE 1-->\n                                                                                                                            \n\n\n\n\n\n\n\n\n\n\n\n\n\n\n\n\n\n\n\n\n\n\n\n\n\n\n\n\n\n\n                                            \n        \n        \n        \n    \n\n                    \n    \n\n                    \n            <div class=\"ce ce-text pb-0\n                                        \"\n             id=\"block_11c20700ceddb2ba5f1636af79567f93\">\n                                        <div class=\"row\">\n                    <div class=\"cc-text__text col-12 col-md-12 col-xl-12  text-justify\">\n                        <div class=\"ce-textblock\" data-animation=\"true\" data-animation-duration=\"300\">\n    <div class=\"ce-textblock__text\">\n                            <h6 class=\"\"> VERBINDUNGSVORLAGE <\/h6>\n                <p>Ab dem 1. Februar 2018 k\u00f6nnen Nominierungen f\u00fcr den VTP nur noch als Edig@s XML-Dateien (4.0 und 5.1) \u00fcber eine AS4-Verbindung oder \u00fcber unsere Web-Nominierungsplattform gesendet werden.<\/p>\n<p>Nachfolgend finden Sie die CEGH-Verbindungsvorlage zur Information \u00fcber die Art der Kommunikation im Nominierungsprozess mit CEGH.<\/p>\n<p>&nbsp;<\/p>\n<p><a class=\"btn btn--primary\" href=\"https:\/\/www.cegh.at\/wp-content\/uploads\/2024\/08\/CEGH-Connection-Template_2024_v1.pdf\">CEGH-Verbindungsvorlage<\/a><\/p>\n<p>&nbsp;<\/p>\n\n    <\/div>\n<\/div>\n                    <\/div>\n                <\/div>\n                    <\/div>\n    \n                                                                    \n                        <\/div>\n                        <div class=\"col-12 col-lg-6 \">\n                            <!--HIER DIE SCHLEIFE MIT DEM CONTENT SPALTE 2-->\n                                                                                                                            \n\n\n\n\n\n\n\n\n\n\n\n\n\n\n\n\n\n\n\n\n\n\n\n\n\n\n\n\n\n\n                                            \n        \n        \n        \n    \n\n                    \n    \n\n                    \n            <div class=\"ce ce-text pb-0\n                                        \"\n             id=\"block_11c20700ceddb2ba5f1636af79567f93\">\n                                        <div class=\"row\">\n                    <div class=\"cc-text__text col-12 col-md-12 col-xl-12  text-justify\">\n                        <div class=\"ce-textblock\" data-animation=\"true\" data-animation-duration=\"300\">\n    <div class=\"ce-textblock__text\">\n                            <h6 class=\"\"> NOMINIERUNGSFORMATE <\/h6>\n                <p class=\"x_MsoNormal\"><span lang=\"EN-US\">Ab dem 1. Februar 2018 k\u00f6nnen Nominierungen f\u00fcr den VTP nur noch als Edig@s XML-Dateien (4.0 und 5.1) \u00fcber eine AS4-Verbindung oder \u00fcber unsere Web-Nominierungsplattform<\/span> (manuelle Eingabe sowie Upload von KissA &amp; Edig@s) <span lang=\"EN-US\">gesendet werden<\/span><span lang=\"EN-US\">.<\/span><\/p>\n<p class=\"x_MsoNormal\">F\u00fcr weitere Informationen und Testdateien wenden Sie sich bitte an das VTP-Team<span lang=\"EN-US\">:<\/span><\/p>\n<p class=\"p3\"><span class=\"s1\">E-mail: <a class=\"u-color-text-theme-blue\" href=\"mailto:dispatching@cegh.at\">dispatching@cegh.at<\/a><\/span><\/p>\n<p class=\"p2\">Tel: <a class=\"u-color-text-theme-blue\" href=\"tel:+431270270028520\">+43 1 270270028520<\/a><\/p>\n\n    <\/div>\n<\/div>\n                    <\/div>\n                <\/div>\n                    <\/div>\n    \n                                                                                            <\/div>\n                    <\/div>\n                <\/div>\n            <\/div>\n                        \n\n\n\n\n\n\n\n\n\n\n\n\n\n\n\n\n\n\n\n\n\n\n\n\n\n\n\n\n\n\n\n\n\n\n            \n        \n                    <div class=\"ce ce-cols ce-cols--2\n         ce--mb-standard                                 \"\n                 id=\"block_70004f34f3717a59de542e3df1737d0b\">\n                                    <div class=\"container-fluid\">\n                                        <div class=\"row\">\n                        <div class=\"col-12 col-lg-6 \">\n                            <!--HIER DIE SCHLEIFE MIT DEM CONTENT SPALTE 1-->\n                                                                                                                            \n\n\n\n\n\n\n\n\n\n\n\n\n\n\n\n\n\n\n\n\n\n\n\n\n\n\n\n\n\n\n                                            \n        \n        \n        \n    \n\n                    \n    \n\n                    \n            <div class=\"ce ce-text pb-0\n                                        \"\n             id=\"block_70004f34f3717a59de542e3df1737d0b\">\n                                        <div class=\"row\">\n                    <div class=\"cc-text__text col-12 col-md-12 col-xl-12  text-justify\">\n                        <div class=\"ce-textblock\" data-animation=\"true\" data-animation-duration=\"300\">\n    <div class=\"ce-textblock__text\">\n                            <h6 class=\"\"> EIC CODE INFORMATION  <\/h6>\n                <p class=\"p2\">Die &#8222;Gasmarktmodellverordnung 2012&#8220; legt fest, dass ab 1. J\u00e4nner 2013 im gesamten \u00f6sterreichischen Marktgebiet EIC-Codes verwendet werden m\u00fcssen.<\/p>\n<p class=\"p2\">Die EIC-Codes des CEGH sind:<\/p>\n<ul class=\"ul1\">\n<li class=\"li2\">EIC Code f\u00fcr den CEGH: 21X000000001062J<\/li>\n<li class=\"li2\">EIC-Code f\u00fcr den virtuellen Handelspunkt: <code style=\"color: #000; font-family: Sofia W03 Regular, Arial, sans-serif; font-weight: normal; font-size: 100%;\">25Z-VTP-CEGH---5<\/code><\/li>\n<\/ul>\n<p class=\"p1\"><a class=\"u-color-green\" href=\"https:\/\/aggm.at\/en\/mp-information\/q-a\/aggm-platform\"><span class=\"s1\">AGGM-Plattform und EIC-Code Beschreibung des MADAM<\/span><\/a><\/p>\n<p class=\"p1\"><a class=\"u-color-green\" href=\"https:\/\/platform.aggm.at\/portal\/eic\/assignment\/public\/form\">Antragsformular f\u00fcr EIC-Codes beim MADAM<\/a><\/p>\n<p class=\"p1\"><span class=\"s1\"><a class=\"u-color-green\" href=\"https:\/\/platform.aggm.at\/portal\/publication\/eic-list\">Ver\u00f6ffentlichte EIC-Codes des MADAM<\/a><br \/>\n<\/span><\/p>\n<p class=\"p2\"><a class=\"u-color-green\" href=\"https:\/\/www.entsoe.eu\/data\/energy-identification-codes-eic\/\" target=\"_blank\" rel=\"noopener\">Allgemeine EIC-Code-Informationen (Handbuch, ver\u00f6ffentlichte Codes usw.) von ENTSOE und ENTSOG<\/a><\/p>\n\n    <\/div>\n<\/div>\n                    <\/div>\n                <\/div>\n                    <\/div>\n    \n                                                                    \n                        <\/div>\n                        <div class=\"col-12 col-lg-6 \">\n                            <!--HIER DIE SCHLEIFE MIT DEM CONTENT SPALTE 2-->\n                                                                                                                            \n\n\n\n\n\n\n\n\n\n\n\n\n\n\n\n\n\n\n\n\n\n\n\n\n\n\n\n\n\n\n                                            \n        \n        \n        \n    \n\n                    \n    \n\n                    \n            <div class=\"ce ce-text pb-0\n                                        \"\n             id=\"block_70004f34f3717a59de542e3df1737d0b\">\n                                        <div class=\"row\">\n                    <div class=\"cc-text__text col-12 col-md-12 col-xl-12  text-justify\">\n                        <div class=\"ce-textblock\" data-animation=\"true\" data-animation-duration=\"300\">\n    <div class=\"ce-textblock__text\">\n                            <h6 class=\"\"> EEX CEGH GAS EXCHANGE TRADING GATEWAY MAPPING <\/h6>\n                <p class=\"p2\">Der nachstehenden Excel-Datei k\u00f6nnen Sie das Mapping f\u00fcr das EEX Trading Gateway entnehmen (EEX CEGH Vertr\u00e4ge warden auf der EEX Plattform aufgelistet):<\/p>\n<p>&nbsp;<\/p>\n<p class=\"p3\"><a class=\"btn btn--primary\" href=\"https:\/\/www.cegh.at\/wp-content\/uploads\/2023\/05\/Global_Vision_mapping_file_for_EEX_Gas_Spot_instruments-3.xlsx\">EEX Mapping Datei<\/a><\/p>\n\n    <\/div>\n<\/div>\n                    <\/div>\n                <\/div>\n                    <\/div>\n    \n                                                                                            <\/div>\n                    <\/div>\n                <\/div>\n            <\/div>\n                        ","protected":false},"excerpt":{"rendered":"","protected":false},"author":4,"featured_media":0,"parent":82908,"menu_order":0,"comment_status":"closed","ping_status":"closed","template":"","meta":{"_acf_changed":false,"content-type":"","footnotes":""},"class_list":["post-82912","page","type-page","status-publish","hentry"],"acf":[],"yoast_head":"<!-- This site is optimized with the Yoast SEO plugin v27.3 - https:\/\/yoast.com\/product\/yoast-seo-wordpress\/ -->\n<title>CEGH Nomination Platform - CEGH<\/title>\n<meta name=\"description\" content=\"Entdecken Sie die CEGH-Nominierungsplattform, ein leistungsf\u00e4higes Instrument zur Verwaltung von Gasnominierungen und zur Gew\u00e4hrleistung eines effizienten Transports, und melden Sie sich an.\" \/>\n<meta name=\"robots\" content=\"index, follow, max-snippet:-1, max-image-preview:large, max-video-preview:-1\" \/>\n<link rel=\"canonical\" href=\"https:\/\/www.cegh.at\/de\/dienstleistungen\/cegh-plattformen\/cegh-nominierungsplattform\/\" \/>\n<meta property=\"og:locale\" content=\"de_DE\" \/>\n<meta property=\"og:type\" content=\"article\" \/>\n<meta property=\"og:title\" content=\"CEGH Nomination Platform - CEGH\" \/>\n<meta property=\"og:description\" content=\"Entdecken Sie die CEGH-Nominierungsplattform, ein leistungsf\u00e4higes Instrument zur Verwaltung von Gasnominierungen und zur Gew\u00e4hrleistung eines effizienten Transports, und melden Sie sich an.\" \/>\n<meta property=\"og:url\" content=\"https:\/\/www.cegh.at\/de\/dienstleistungen\/cegh-plattformen\/cegh-nominierungsplattform\/\" \/>\n<meta property=\"og:site_name\" content=\"CEGH\" \/>\n<meta property=\"article:modified_time\" content=\"2025-02-04T11:25:50+00:00\" \/>\n<meta name=\"twitter:card\" content=\"summary_large_image\" \/>\n<script type=\"application\/ld+json\" class=\"yoast-schema-graph\">{\"@context\":\"https:\\\/\\\/schema.org\",\"@graph\":[{\"@type\":\"WebPage\",\"@id\":\"https:\\\/\\\/www.cegh.at\\\/de\\\/dienstleistungen\\\/cegh-plattformen\\\/cegh-nominierungsplattform\\\/\",\"url\":\"https:\\\/\\\/www.cegh.at\\\/de\\\/dienstleistungen\\\/cegh-plattformen\\\/cegh-nominierungsplattform\\\/\",\"name\":\"CEGH Nomination Platform - CEGH\",\"isPartOf\":{\"@id\":\"https:\\\/\\\/www.cegh.at\\\/de\\\/#website\"},\"datePublished\":\"2023-03-14T09:29:28+00:00\",\"dateModified\":\"2025-02-04T11:25:50+00:00\",\"description\":\"Entdecken Sie die CEGH-Nominierungsplattform, ein leistungsf\u00e4higes Instrument zur Verwaltung von Gasnominierungen und zur Gew\u00e4hrleistung eines effizienten Transports, und melden Sie sich an.\",\"breadcrumb\":{\"@id\":\"https:\\\/\\\/www.cegh.at\\\/de\\\/dienstleistungen\\\/cegh-plattformen\\\/cegh-nominierungsplattform\\\/#breadcrumb\"},\"inLanguage\":\"de\",\"potentialAction\":[{\"@type\":\"ReadAction\",\"target\":[\"https:\\\/\\\/www.cegh.at\\\/de\\\/dienstleistungen\\\/cegh-plattformen\\\/cegh-nominierungsplattform\\\/\"]}]},{\"@type\":\"BreadcrumbList\",\"@id\":\"https:\\\/\\\/www.cegh.at\\\/de\\\/dienstleistungen\\\/cegh-plattformen\\\/cegh-nominierungsplattform\\\/#breadcrumb\",\"itemListElement\":[{\"@type\":\"ListItem\",\"position\":1,\"name\":\"Home\",\"item\":\"https:\\\/\\\/www.cegh.at\\\/de\\\/\"},{\"@type\":\"ListItem\",\"position\":2,\"name\":\"Services\",\"item\":\"https:\\\/\\\/www.cegh.at\\\/de\\\/dienstleistungen\\\/\"},{\"@type\":\"ListItem\",\"position\":3,\"name\":\"CEGH-Plattformen\",\"item\":\"https:\\\/\\\/www.cegh.at\\\/de\\\/dienstleistungen\\\/cegh-plattformen\\\/\"},{\"@type\":\"ListItem\",\"position\":4,\"name\":\"CEGH Nomination Platform\"}]},{\"@type\":\"WebSite\",\"@id\":\"https:\\\/\\\/www.cegh.at\\\/de\\\/#website\",\"url\":\"https:\\\/\\\/www.cegh.at\\\/de\\\/\",\"name\":\"CEGH\",\"description\":\"\",\"publisher\":{\"@id\":\"https:\\\/\\\/www.cegh.at\\\/de\\\/#organization\"},\"potentialAction\":[{\"@type\":\"SearchAction\",\"target\":{\"@type\":\"EntryPoint\",\"urlTemplate\":\"https:\\\/\\\/www.cegh.at\\\/de\\\/?s={search_term_string}\"},\"query-input\":{\"@type\":\"PropertyValueSpecification\",\"valueRequired\":true,\"valueName\":\"search_term_string\"}}],\"inLanguage\":\"de\"},{\"@type\":\"Organization\",\"@id\":\"https:\\\/\\\/www.cegh.at\\\/de\\\/#organization\",\"name\":\"CEGH\",\"url\":\"https:\\\/\\\/www.cegh.at\\\/de\\\/\",\"logo\":{\"@type\":\"ImageObject\",\"inLanguage\":\"de\",\"@id\":\"https:\\\/\\\/www.cegh.at\\\/de\\\/#\\\/schema\\\/logo\\\/image\\\/\",\"url\":\"https:\\\/\\\/www.cegh.at\\\/wp-content\\\/uploads\\\/2023\\\/05\\\/Hauptlogo_RGB.jpg\",\"contentUrl\":\"https:\\\/\\\/www.cegh.at\\\/wp-content\\\/uploads\\\/2023\\\/05\\\/Hauptlogo_RGB.jpg\",\"width\":3333,\"height\":2500,\"caption\":\"CEGH\"},\"image\":{\"@id\":\"https:\\\/\\\/www.cegh.at\\\/de\\\/#\\\/schema\\\/logo\\\/image\\\/\"}}]}<\/script>\n<!-- \/ Yoast SEO plugin. -->","yoast_head_json":{"title":"CEGH Nomination Platform - CEGH","description":"Entdecken Sie die CEGH-Nominierungsplattform, ein leistungsf\u00e4higes Instrument zur Verwaltung von Gasnominierungen und zur Gew\u00e4hrleistung eines effizienten Transports, und melden Sie sich an.","robots":{"index":"index","follow":"follow","max-snippet":"max-snippet:-1","max-image-preview":"max-image-preview:large","max-video-preview":"max-video-preview:-1"},"canonical":"https:\/\/www.cegh.at\/de\/dienstleistungen\/cegh-plattformen\/cegh-nominierungsplattform\/","og_locale":"de_DE","og_type":"article","og_title":"CEGH Nomination Platform - CEGH","og_description":"Entdecken Sie die CEGH-Nominierungsplattform, ein leistungsf\u00e4higes Instrument zur Verwaltung von Gasnominierungen und zur Gew\u00e4hrleistung eines effizienten Transports, und melden Sie sich an.","og_url":"https:\/\/www.cegh.at\/de\/dienstleistungen\/cegh-plattformen\/cegh-nominierungsplattform\/","og_site_name":"CEGH","article_modified_time":"2025-02-04T11:25:50+00:00","twitter_card":"summary_large_image","schema":{"@context":"https:\/\/schema.org","@graph":[{"@type":"WebPage","@id":"https:\/\/www.cegh.at\/de\/dienstleistungen\/cegh-plattformen\/cegh-nominierungsplattform\/","url":"https:\/\/www.cegh.at\/de\/dienstleistungen\/cegh-plattformen\/cegh-nominierungsplattform\/","name":"CEGH Nomination Platform - CEGH","isPartOf":{"@id":"https:\/\/www.cegh.at\/de\/#website"},"datePublished":"2023-03-14T09:29:28+00:00","dateModified":"2025-02-04T11:25:50+00:00","description":"Entdecken Sie die CEGH-Nominierungsplattform, ein leistungsf\u00e4higes Instrument zur Verwaltung von Gasnominierungen und zur Gew\u00e4hrleistung eines effizienten Transports, und melden Sie sich an.","breadcrumb":{"@id":"https:\/\/www.cegh.at\/de\/dienstleistungen\/cegh-plattformen\/cegh-nominierungsplattform\/#breadcrumb"},"inLanguage":"de","potentialAction":[{"@type":"ReadAction","target":["https:\/\/www.cegh.at\/de\/dienstleistungen\/cegh-plattformen\/cegh-nominierungsplattform\/"]}]},{"@type":"BreadcrumbList","@id":"https:\/\/www.cegh.at\/de\/dienstleistungen\/cegh-plattformen\/cegh-nominierungsplattform\/#breadcrumb","itemListElement":[{"@type":"ListItem","position":1,"name":"Home","item":"https:\/\/www.cegh.at\/de\/"},{"@type":"ListItem","position":2,"name":"Services","item":"https:\/\/www.cegh.at\/de\/dienstleistungen\/"},{"@type":"ListItem","position":3,"name":"CEGH-Plattformen","item":"https:\/\/www.cegh.at\/de\/dienstleistungen\/cegh-plattformen\/"},{"@type":"ListItem","position":4,"name":"CEGH Nomination Platform"}]},{"@type":"WebSite","@id":"https:\/\/www.cegh.at\/de\/#website","url":"https:\/\/www.cegh.at\/de\/","name":"CEGH","description":"","publisher":{"@id":"https:\/\/www.cegh.at\/de\/#organization"},"potentialAction":[{"@type":"SearchAction","target":{"@type":"EntryPoint","urlTemplate":"https:\/\/www.cegh.at\/de\/?s={search_term_string}"},"query-input":{"@type":"PropertyValueSpecification","valueRequired":true,"valueName":"search_term_string"}}],"inLanguage":"de"},{"@type":"Organization","@id":"https:\/\/www.cegh.at\/de\/#organization","name":"CEGH","url":"https:\/\/www.cegh.at\/de\/","logo":{"@type":"ImageObject","inLanguage":"de","@id":"https:\/\/www.cegh.at\/de\/#\/schema\/logo\/image\/","url":"https:\/\/www.cegh.at\/wp-content\/uploads\/2023\/05\/Hauptlogo_RGB.jpg","contentUrl":"https:\/\/www.cegh.at\/wp-content\/uploads\/2023\/05\/Hauptlogo_RGB.jpg","width":3333,"height":2500,"caption":"CEGH"},"image":{"@id":"https:\/\/www.cegh.at\/de\/#\/schema\/logo\/image\/"}}]}},"_links":{"self":[{"href":"https:\/\/www.cegh.at\/de\/wp-json\/wp\/v2\/pages\/82912","targetHints":{"allow":["GET"]}}],"collection":[{"href":"https:\/\/www.cegh.at\/de\/wp-json\/wp\/v2\/pages"}],"about":[{"href":"https:\/\/www.cegh.at\/de\/wp-json\/wp\/v2\/types\/page"}],"author":[{"embeddable":true,"href":"https:\/\/www.cegh.at\/de\/wp-json\/wp\/v2\/users\/4"}],"replies":[{"embeddable":true,"href":"https:\/\/www.cegh.at\/de\/wp-json\/wp\/v2\/comments?post=82912"}],"version-history":[{"count":34,"href":"https:\/\/www.cegh.at\/de\/wp-json\/wp\/v2\/pages\/82912\/revisions"}],"predecessor-version":[{"id":940188,"href":"https:\/\/www.cegh.at\/de\/wp-json\/wp\/v2\/pages\/82912\/revisions\/940188"}],"up":[{"embeddable":true,"href":"https:\/\/www.cegh.at\/de\/wp-json\/wp\/v2\/pages\/82908"}],"wp:attachment":[{"href":"https:\/\/www.cegh.at\/de\/wp-json\/wp\/v2\/media?parent=82912"}],"curies":[{"name":"wp","href":"https:\/\/api.w.org\/{rel}","templated":true}]}}