{"id":82916,"date":"2023-03-14T10:29:49","date_gmt":"2023-03-14T09:29:49","guid":{"rendered":"https:\/\/www.cegh.at\/dienstleistungen\/cegh-plattformen\/cegh-remit-plattform\/"},"modified":"2024-03-21T11:00:04","modified_gmt":"2024-03-21T10:00:04","slug":"cegh-remit-plattform","status":"publish","type":"page","link":"https:\/\/www.cegh.at\/de\/dienstleistungen\/cegh-plattformen\/cegh-remit-plattform\/","title":{"rendered":"CEGH REMIT Plattform"},"content":{"rendered":"\n\n\n\n\n\n\n\n\n\n\n\n    \n\n\n\n\n\n\n\n\n\n\n\n\n\n\n\n\n\n\n\n\n                    \n            <div class=\"ce ce-text pb-0\n         ce--mb-small                          ce--sp-small          ce--full\n             u-bgColor-white \"\n             id=\"block_ce218362effef541ee185618435930c9\">\n                                    <div class=\"container-fluid\">\n                            <div class=\"row\">\n                    <div class=\"cc-text__text col-12 col-md-12 col-xl-12 mx-auto text-left\">\n                        <div class=\"ce-textblock\" data-animation=\"true\" data-animation-duration=\"300\">\n    <div class=\"ce-textblock__text\">\n                    <p class=\"ce-textblock__topline\">Services<\/p>\n                            <h1 class=\"\"> CEGH REMIT Plattform <\/h1>\n                <p>&nbsp;<\/p>\n<p class=\"large\">Als zus\u00e4tzlichen Service bietet der CEGH eine webbasierte Plattform f\u00fcr die Ver\u00f6ffentlichung von Insiderinformationen an. Dies erm\u00f6glicht Marktteilnehmern Insider Information kostenlos, schnell und effizient gem\u00e4\u00df EU REMIT Richtlinien zu ver\u00f6ffentlichen.<\/p>\n\n    <\/div>\n<\/div>\n                    <\/div>\n                <\/div>\n                        <\/div>\n                    <\/div>\n    \n        \n\n\n\n\n\n\n\n\n\n\n\n\n\n\n\n\n\n\n\n\n\n\n\n\n\n\n\n\n\n\n\n\n            \n        \n                    <div class=\"ce ce-cols ce-cols--2\n         ce--mb-small                                 \"\n                 id=\"block_06481aaee9fd906bf51799c66708c159\">\n                                    <div class=\"container-fluid\">\n                                        <div class=\"row\">\n                        <div class=\"col-12 col-lg-6 \">\n                            <!--HIER DIE SCHLEIFE MIT DEM CONTENT SPALTE 1-->\n                                                                                                                            \n\n\n\n\n\n\n\n\n\n\n\n\n\n\n\n\n\n\n\n\n\n\n\n\n\n\n\n\n\n\n                                            \n        \n        \n        \n    \n\n                    \n    \n\n                    \n            <div class=\"ce ce-text pb-0\n                                        \"\n             id=\"block_06481aaee9fd906bf51799c66708c159\">\n                                        <div class=\"row\">\n                    <div class=\"cc-text__text col-12 col-md-12 col-xl-12  text-justify\">\n                        <div class=\"ce-textblock\" data-animation=\"true\" data-animation-duration=\"300\">\n    <div class=\"ce-textblock__text\">\n                        <p>REMIT (Regulation on wholesale Energy Market Integration and Transparency) ist eine EU Initiative f\u00fcr mehr Transparenz am Gasmarkt. REMIT Paragraph 4 besagt, dass Marktteilnehmer Insiderinformationen rechtzeitig und effektiv ver\u00f6ffentlichen m\u00fcssen. Ansonsten k\u00f6nnte es zu Handelssanktionen kommen und Markteilnehmer k\u00f6nnen sich strafbar machen.<\/p>\n<p>Die CEGH REMIT Plattform wird vom \u00f6sterreichischen Energieregulator Energie-Control Austria (E-Control) unterst\u00fctzt und erf\u00fcllt die aktuellen ACER Anforderungen.<\/p>\n<p>Die Registrierung und Nutzung der Plattform ist kostenlos.<\/p>\n\n    <\/div>\n<\/div>\n                    <\/div>\n                <\/div>\n                    <\/div>\n    \n                                                                    \n                        <\/div>\n                        <div class=\"col-12 col-lg-6 \">\n                            <!--HIER DIE SCHLEIFE MIT DEM CONTENT SPALTE 2-->\n                                                                                                                            \n\n\n\n\n\n\n\n\n\n\n\n\n\n\n\n\n\n\n\n\n\n\n\n\n\n\n\n\n\n\n                                            \n        \n        \n        \n    \n\n                    \n    \n\n                    \n            <div class=\"ce ce-text pb-0\n                                        \"\n             id=\"block_06481aaee9fd906bf51799c66708c159\">\n                                        <div class=\"row\">\n                    <div class=\"cc-text__text col-12 col-md-12 col-xl-12  text-justify\">\n                        <div class=\"ce-textblock\" data-animation=\"true\" data-animation-duration=\"300\">\n    <div class=\"ce-textblock__text\">\n                        <p>Alle Marktteilnehmer k\u00f6nnen nach der Registrierung Informationen ver\u00f6ffentlichen. Nicht-registrierte Kunden k\u00f6nnen auf der Plattform s\u00e4mtliche ver\u00f6ffentlichte Informationen einsehen.<\/p>\n<p class=\"p1\">CEGH m\u00f6chte damit einen effizienten und transparenten Energiemarkt unterst\u00fctzen und Markteilnehmern eine zentrale Plattform zur effektiven Ver\u00f6ffentlichung und Bereitstellung von Insider Informationen in Zentral- und Osteuropa bieten.<\/p>\n<p class=\"p1\">Das Ziel des CEGH ist es, diese REMIT-Plattform in Europa als zentralen Ort f\u00fcr Insider-Informationen anzubieten und einen Service zu schaffen, der den Marktteilnehmern zugutekommt.<\/p>\n\n    <\/div>\n<\/div>\n                    <\/div>\n                <\/div>\n                    <\/div>\n    \n                                                                                            <\/div>\n                    <\/div>\n                <\/div>\n            <\/div>\n                        \n\n\n\n\n\n\n\n\n\n\n\n\n\n\n\n\n\n\n\n\n\n\n\n\n\n\n\n\n\n\n\n\n                    \n            <div class=\"ce ce-text pb-0\n         ce--mb-standard                                 \"\n             id=\"block_dea79b6141c71071f42c8175f7906bd1\">\n                                    <div class=\"container-fluid\">\n                            <div class=\"row\">\n                    <div class=\"cc-text__text col-12 col-md-12 col-xl-12 mx-auto text-left\">\n                        <div class=\"ce-textblock\" data-animation=\"true\" data-animation-duration=\"300\">\n    <div class=\"ce-textblock__text\">\n                        <p>&nbsp;<\/p>\n<p style=\"text-align: center;\">Hier finden Sie alle Informationen \u00fcber die zentrale REMIT-Plattform des CEGH<\/p>\n<p>&nbsp;<\/p>\n<p style=\"text-align: center;\"><a class=\"btn btn--secondary btn--icon btn--icon--right btn--large\" href=\"https:\/\/www.gashub.at\/remit\"><span class=\"s1\"><b>REMIT-Plattform<\/b><\/span><\/a><\/p>\n\n    <\/div>\n<\/div>\n                    <\/div>\n                <\/div>\n                        <\/div>\n                    <\/div>\n    \n        ","protected":false},"excerpt":{"rendered":"","protected":false},"author":4,"featured_media":0,"parent":82908,"menu_order":0,"comment_status":"closed","ping_status":"closed","template":"","meta":{"_acf_changed":false,"content-type":"","footnotes":""},"class_list":["post-82916","page","type-page","status-publish","hentry"],"acf":[],"yoast_head":"<!-- This site is optimized with the Yoast SEO plugin v27.3 - https:\/\/yoast.com\/product\/yoast-seo-wordpress\/ -->\n<title>CEGH REMIT Plattform - CEGH<\/title>\n<meta name=\"description\" content=\"Entdecken Sie die CEGH REMIT-Plattform, eine transparente Plattform f\u00fcr die Ver\u00f6ffentlichung von Informationen in \u00dcbereinstimmung mit den REMIT-Vorschriften.\" \/>\n<meta name=\"robots\" content=\"index, follow, max-snippet:-1, max-image-preview:large, max-video-preview:-1\" \/>\n<link rel=\"canonical\" href=\"https:\/\/www.cegh.at\/de\/dienstleistungen\/cegh-plattformen\/cegh-remit-plattform\/\" \/>\n<meta property=\"og:locale\" content=\"de_DE\" \/>\n<meta property=\"og:type\" content=\"article\" \/>\n<meta property=\"og:title\" content=\"CEGH REMIT Plattform - CEGH\" \/>\n<meta property=\"og:description\" content=\"Entdecken Sie die CEGH REMIT-Plattform, eine transparente Plattform f\u00fcr die Ver\u00f6ffentlichung von Informationen in \u00dcbereinstimmung mit den REMIT-Vorschriften.\" \/>\n<meta property=\"og:url\" content=\"https:\/\/www.cegh.at\/de\/dienstleistungen\/cegh-plattformen\/cegh-remit-plattform\/\" \/>\n<meta property=\"og:site_name\" content=\"CEGH\" \/>\n<meta property=\"article:modified_time\" content=\"2024-03-21T10:00:04+00:00\" \/>\n<meta name=\"twitter:card\" content=\"summary_large_image\" \/>\n<script type=\"application\/ld+json\" class=\"yoast-schema-graph\">{\"@context\":\"https:\\\/\\\/schema.org\",\"@graph\":[{\"@type\":\"WebPage\",\"@id\":\"https:\\\/\\\/www.cegh.at\\\/de\\\/dienstleistungen\\\/cegh-plattformen\\\/cegh-remit-plattform\\\/\",\"url\":\"https:\\\/\\\/www.cegh.at\\\/de\\\/dienstleistungen\\\/cegh-plattformen\\\/cegh-remit-plattform\\\/\",\"name\":\"CEGH REMIT Plattform - CEGH\",\"isPartOf\":{\"@id\":\"https:\\\/\\\/www.cegh.at\\\/de\\\/#website\"},\"datePublished\":\"2023-03-14T09:29:49+00:00\",\"dateModified\":\"2024-03-21T10:00:04+00:00\",\"description\":\"Entdecken Sie die CEGH REMIT-Plattform, eine transparente Plattform f\u00fcr die Ver\u00f6ffentlichung von Informationen in \u00dcbereinstimmung mit den REMIT-Vorschriften.\",\"breadcrumb\":{\"@id\":\"https:\\\/\\\/www.cegh.at\\\/de\\\/dienstleistungen\\\/cegh-plattformen\\\/cegh-remit-plattform\\\/#breadcrumb\"},\"inLanguage\":\"de\",\"potentialAction\":[{\"@type\":\"ReadAction\",\"target\":[\"https:\\\/\\\/www.cegh.at\\\/de\\\/dienstleistungen\\\/cegh-plattformen\\\/cegh-remit-plattform\\\/\"]}]},{\"@type\":\"BreadcrumbList\",\"@id\":\"https:\\\/\\\/www.cegh.at\\\/de\\\/dienstleistungen\\\/cegh-plattformen\\\/cegh-remit-plattform\\\/#breadcrumb\",\"itemListElement\":[{\"@type\":\"ListItem\",\"position\":1,\"name\":\"Home\",\"item\":\"https:\\\/\\\/www.cegh.at\\\/de\\\/\"},{\"@type\":\"ListItem\",\"position\":2,\"name\":\"Services\",\"item\":\"https:\\\/\\\/www.cegh.at\\\/de\\\/dienstleistungen\\\/\"},{\"@type\":\"ListItem\",\"position\":3,\"name\":\"CEGH-Plattformen\",\"item\":\"https:\\\/\\\/www.cegh.at\\\/de\\\/dienstleistungen\\\/cegh-plattformen\\\/\"},{\"@type\":\"ListItem\",\"position\":4,\"name\":\"CEGH REMIT Plattform\"}]},{\"@type\":\"WebSite\",\"@id\":\"https:\\\/\\\/www.cegh.at\\\/de\\\/#website\",\"url\":\"https:\\\/\\\/www.cegh.at\\\/de\\\/\",\"name\":\"CEGH\",\"description\":\"\",\"publisher\":{\"@id\":\"https:\\\/\\\/www.cegh.at\\\/de\\\/#organization\"},\"potentialAction\":[{\"@type\":\"SearchAction\",\"target\":{\"@type\":\"EntryPoint\",\"urlTemplate\":\"https:\\\/\\\/www.cegh.at\\\/de\\\/?s={search_term_string}\"},\"query-input\":{\"@type\":\"PropertyValueSpecification\",\"valueRequired\":true,\"valueName\":\"search_term_string\"}}],\"inLanguage\":\"de\"},{\"@type\":\"Organization\",\"@id\":\"https:\\\/\\\/www.cegh.at\\\/de\\\/#organization\",\"name\":\"CEGH\",\"url\":\"https:\\\/\\\/www.cegh.at\\\/de\\\/\",\"logo\":{\"@type\":\"ImageObject\",\"inLanguage\":\"de\",\"@id\":\"https:\\\/\\\/www.cegh.at\\\/de\\\/#\\\/schema\\\/logo\\\/image\\\/\",\"url\":\"https:\\\/\\\/www.cegh.at\\\/wp-content\\\/uploads\\\/2023\\\/05\\\/Hauptlogo_RGB.jpg\",\"contentUrl\":\"https:\\\/\\\/www.cegh.at\\\/wp-content\\\/uploads\\\/2023\\\/05\\\/Hauptlogo_RGB.jpg\",\"width\":3333,\"height\":2500,\"caption\":\"CEGH\"},\"image\":{\"@id\":\"https:\\\/\\\/www.cegh.at\\\/de\\\/#\\\/schema\\\/logo\\\/image\\\/\"}}]}<\/script>\n<!-- \/ Yoast SEO plugin. -->","yoast_head_json":{"title":"CEGH REMIT Plattform - CEGH","description":"Entdecken Sie die CEGH REMIT-Plattform, eine transparente Plattform f\u00fcr die Ver\u00f6ffentlichung von Informationen in \u00dcbereinstimmung mit den REMIT-Vorschriften.","robots":{"index":"index","follow":"follow","max-snippet":"max-snippet:-1","max-image-preview":"max-image-preview:large","max-video-preview":"max-video-preview:-1"},"canonical":"https:\/\/www.cegh.at\/de\/dienstleistungen\/cegh-plattformen\/cegh-remit-plattform\/","og_locale":"de_DE","og_type":"article","og_title":"CEGH REMIT Plattform - CEGH","og_description":"Entdecken Sie die CEGH REMIT-Plattform, eine transparente Plattform f\u00fcr die Ver\u00f6ffentlichung von Informationen in \u00dcbereinstimmung mit den REMIT-Vorschriften.","og_url":"https:\/\/www.cegh.at\/de\/dienstleistungen\/cegh-plattformen\/cegh-remit-plattform\/","og_site_name":"CEGH","article_modified_time":"2024-03-21T10:00:04+00:00","twitter_card":"summary_large_image","schema":{"@context":"https:\/\/schema.org","@graph":[{"@type":"WebPage","@id":"https:\/\/www.cegh.at\/de\/dienstleistungen\/cegh-plattformen\/cegh-remit-plattform\/","url":"https:\/\/www.cegh.at\/de\/dienstleistungen\/cegh-plattformen\/cegh-remit-plattform\/","name":"CEGH REMIT Plattform - CEGH","isPartOf":{"@id":"https:\/\/www.cegh.at\/de\/#website"},"datePublished":"2023-03-14T09:29:49+00:00","dateModified":"2024-03-21T10:00:04+00:00","description":"Entdecken Sie die CEGH REMIT-Plattform, eine transparente Plattform f\u00fcr die Ver\u00f6ffentlichung von Informationen in \u00dcbereinstimmung mit den REMIT-Vorschriften.","breadcrumb":{"@id":"https:\/\/www.cegh.at\/de\/dienstleistungen\/cegh-plattformen\/cegh-remit-plattform\/#breadcrumb"},"inLanguage":"de","potentialAction":[{"@type":"ReadAction","target":["https:\/\/www.cegh.at\/de\/dienstleistungen\/cegh-plattformen\/cegh-remit-plattform\/"]}]},{"@type":"BreadcrumbList","@id":"https:\/\/www.cegh.at\/de\/dienstleistungen\/cegh-plattformen\/cegh-remit-plattform\/#breadcrumb","itemListElement":[{"@type":"ListItem","position":1,"name":"Home","item":"https:\/\/www.cegh.at\/de\/"},{"@type":"ListItem","position":2,"name":"Services","item":"https:\/\/www.cegh.at\/de\/dienstleistungen\/"},{"@type":"ListItem","position":3,"name":"CEGH-Plattformen","item":"https:\/\/www.cegh.at\/de\/dienstleistungen\/cegh-plattformen\/"},{"@type":"ListItem","position":4,"name":"CEGH REMIT Plattform"}]},{"@type":"WebSite","@id":"https:\/\/www.cegh.at\/de\/#website","url":"https:\/\/www.cegh.at\/de\/","name":"CEGH","description":"","publisher":{"@id":"https:\/\/www.cegh.at\/de\/#organization"},"potentialAction":[{"@type":"SearchAction","target":{"@type":"EntryPoint","urlTemplate":"https:\/\/www.cegh.at\/de\/?s={search_term_string}"},"query-input":{"@type":"PropertyValueSpecification","valueRequired":true,"valueName":"search_term_string"}}],"inLanguage":"de"},{"@type":"Organization","@id":"https:\/\/www.cegh.at\/de\/#organization","name":"CEGH","url":"https:\/\/www.cegh.at\/de\/","logo":{"@type":"ImageObject","inLanguage":"de","@id":"https:\/\/www.cegh.at\/de\/#\/schema\/logo\/image\/","url":"https:\/\/www.cegh.at\/wp-content\/uploads\/2023\/05\/Hauptlogo_RGB.jpg","contentUrl":"https:\/\/www.cegh.at\/wp-content\/uploads\/2023\/05\/Hauptlogo_RGB.jpg","width":3333,"height":2500,"caption":"CEGH"},"image":{"@id":"https:\/\/www.cegh.at\/de\/#\/schema\/logo\/image\/"}}]}},"_links":{"self":[{"href":"https:\/\/www.cegh.at\/de\/wp-json\/wp\/v2\/pages\/82916","targetHints":{"allow":["GET"]}}],"collection":[{"href":"https:\/\/www.cegh.at\/de\/wp-json\/wp\/v2\/pages"}],"about":[{"href":"https:\/\/www.cegh.at\/de\/wp-json\/wp\/v2\/types\/page"}],"author":[{"embeddable":true,"href":"https:\/\/www.cegh.at\/de\/wp-json\/wp\/v2\/users\/4"}],"replies":[{"embeddable":true,"href":"https:\/\/www.cegh.at\/de\/wp-json\/wp\/v2\/comments?post=82916"}],"version-history":[{"count":12,"href":"https:\/\/www.cegh.at\/de\/wp-json\/wp\/v2\/pages\/82916\/revisions"}],"predecessor-version":[{"id":529435,"href":"https:\/\/www.cegh.at\/de\/wp-json\/wp\/v2\/pages\/82916\/revisions\/529435"}],"up":[{"embeddable":true,"href":"https:\/\/www.cegh.at\/de\/wp-json\/wp\/v2\/pages\/82908"}],"wp:attachment":[{"href":"https:\/\/www.cegh.at\/de\/wp-json\/wp\/v2\/media?parent=82916"}],"curies":[{"name":"wp","href":"https:\/\/api.w.org\/{rel}","templated":true}]}}