{"id":82920,"date":"2023-03-14T10:30:13","date_gmt":"2023-03-14T09:30:13","guid":{"rendered":"https:\/\/www.cegh.at\/dienstleistungen\/cegh-plattformen\/cegh-gasspeicherplattform\/"},"modified":"2025-04-17T14:45:54","modified_gmt":"2025-04-17T12:45:54","slug":"cegh-gasspeicherplattform","status":"publish","type":"page","link":"https:\/\/www.cegh.at\/de\/dienstleistungen\/cegh-plattformen\/cegh-gasspeicherplattform\/","title":{"rendered":"CEGH Gas Storage Marketing Platform"},"content":{"rendered":"\n\n\n\n\n\n\n\n\n\n\n\n    \n\n\n\n\n\n\n\n\n\n\n\n\n\n\n\n\n\n\n\n\n                    \n            <div class=\"ce ce-text pb-0\n         ce--mb-small                          ce--sp-small          ce--full\n             u-bgColor-white \"\n             id=\"block_63c0a07802ddcad08e85f37ef26aa389\">\n                                    <div class=\"container-fluid\">\n                            <div class=\"row\">\n                    <div class=\"cc-text__text col-12 col-md-12 col-xl-12 mx-auto text-left\">\n                        <div class=\"ce-textblock\" data-animation=\"true\" data-animation-duration=\"300\">\n    <div class=\"ce-textblock__text\">\n                    <p class=\"ce-textblock__topline\">Services<\/p>\n                            <h1 class=\"\"> CEGH Gas Storage Marketing Platform <\/h1>\n                <h5><strong>SERVICES F\u00dcR DIE CEGH GAS STORAGE MARKETING PLATFORM<\/strong><\/h5>\n<p>CEGH bietet die <strong>CEGH Gas Storage Marketing Platform<\/strong> an, um die Versorgungssicherheit in \u00d6sterreich zu unterst\u00fctzen und Unternehmen eine M\u00f6glichkeit zur Ver\u00f6ffentlichung von Speicherangeboten und -nachfragen zu bieten.<\/p>\n<p>Aufgrund einer Gesetzesanpassung k\u00f6nnen Industriekunden ihre Gasversorgung sichern, indem sie Gasspeicher f\u00fcr bis zu 50 % ihres j\u00e4hrlichen Inlandsverbrauchs nutzen.<\/p>\n<p>Industriekunden, Lieferanten und andere Unternehmen k\u00f6nnen \u00fcber die <strong>CEGH Gas Storage Marketing Platform<\/strong> Anfragen zu Speicherkapazit\u00e4ten ver\u00f6ffentlichen. Diese Anfragen werden an alle registrierten Mitglieder weitergeleitet. Mitglieder, die dazu passende Angebote bereitstellen k\u00f6nnen, antworten auf die Anfrage ebenfalls auf der Plattform. Der Vertragsabschluss erfolgt jedoch bilateral und au\u00dferhalb der Plattform zwischen den beteiligten Parteien.<\/p>\n<p>Das CEGH-Angebot ist ein wichtiges Instrument zur Sicherung der Versorgung in Notf\u00e4llen oder bei Versorgungsunterbrechungen f\u00fcr alle Gasmarktteilnehmer und eine n\u00fctzliche Erg\u00e4nzung zu den bestehenden Funktionalit\u00e4ten f\u00fcr die Vermarktung von prim\u00e4ren und sekund\u00e4ren Gasspeicherkapazit\u00e4ten.<\/p>\n<p>Die <strong>CEGH Gas Storage Marketing Platform<\/strong> bietet insbesondere Industriekunden zus\u00e4tzliche Unterst\u00fctzung, um von der Gesetzesanpassung zu profitieren \u2013 auch ohne tiefgehendes Know-how \u00fcber den Gasmarkt oder eine eigene Registrierung im Gasgro\u00dfhandelsmarkt. Zus\u00e4tzlich zur Speicherkapazit\u00e4t k\u00f6nnen folgende Anfragen gestellt werden:<\/p>\n<ul>\n<li>Anfrage zu Gas in Speichern (nicht nur Speicherkapazit\u00e4t)<\/li>\n<li>Dienstleistungsservice f\u00fcr Nutzung der Speicherkapazit\u00e4t (\u201eBilanzgruppenservice\u201c)<\/li>\n<\/ul>\n\n    <\/div>\n<\/div>\n                    <\/div>\n                <\/div>\n                        <\/div>\n                    <\/div>\n    \n        \n\n\n\n\n\n\n\n\n\n\n\n\n\n    \n\n\n\n\n\n\n\n\n\n\n\n\n\n\n\n\n\n\n\n\n                    \n            <div class=\"ce ce-text pb-0\n         ce--mb-small          ce--contrast                  ce--sp-xsmall          ce--full\n             u-bgColor-text-theme-blue \"\n             id=\"block_dc56cc13922137166f5ff169b057058b\">\n                                    <div class=\"container-fluid\">\n                            <div class=\"row\">\n                    <div class=\"cc-text__text col-12 col-md-12 col-xl-12 mx-auto text-left\">\n                        <div class=\"ce-textblock\" data-animation=\"true\" data-animation-duration=\"300\">\n    <div class=\"ce-textblock__text\">\n                            <h6 class=\"\"> REGISTRIERUNG UND NUTZUNG: <\/h6>\n                <ul class=\"ul1\">\n<li class=\"li1\">Unternehmen, die jede Art von Angebot oder Anfrage ver\u00f6ffentlichen m\u00f6chten, m\u00fcssen dies bei der Registrierung angeben, um die Funktion zu aktivieren.<\/li>\n<li class=\"li1\">Bereits registrierte Unternehmen, die ebenfalls Angebote oder Gesuche ver\u00f6ffentlichen m\u00f6chten, wenden sich bitte direkt an den CEGH, um diese Funktion aktivieren zu lassen.<\/li>\n<\/ul>\n<p class=\"p1\">Mit dieser neuen Dienstleistung will der CEGH den Markt und die Industrie in sehr schwierigen Zeiten unterst\u00fctzen. Anfragen zu Speicherkapazit\u00e4t und Gas im Speicher k\u00f6nnen bis auf Weiteres kostenlos ver\u00f6ffentlicht werden. Bitte beachten Sie, dass diese Entgeltbefreiung nicht f\u00fcr den Verkauf \/ die Vermarktung von Speicherkapazit\u00e4ten \/ Gas im Speicher auf der Plattform gilt.<\/p>\n\n    <\/div>\n<\/div>\n                    <\/div>\n                <\/div>\n                        <\/div>\n                    <\/div>\n    \n        \n\n\n\n\n\n\n\n\n\n\n\n\n\n\n\n\n\n\n\n\n\n\n\n\n\n\n\n\n\n\n\n\n\n\n                    \n            <div class=\"ce ce-text pb-0\n         ce--mb-small                                 \"\n             id=\"block_3119dfd16811e7eb60870808389f418b\">\n                                    <div class=\"container-fluid\">\n                            <div class=\"row\">\n                    <div class=\"cc-text__text col-12 col-md-12 col-xl-12 mx-auto text-left\">\n                        <div class=\"ce-textblock\" data-animation=\"true\" data-animation-duration=\"300\">\n    <div class=\"ce-textblock__text\">\n                            <h6 class=\"\"> WAS IST DIE CEGH GAS STORAGE MARKETING PLATFORM? <\/h6>\n                <p class=\"p1\">CEGH bietet Betreibern von Gasspeichern sowie Kunden mit Speicherkapazit\u00e4t eine Plattform zur Ver\u00f6ffentlichung ihrer Kapazit\u00e4ten (prim\u00e4r und sekund\u00e4r) an. Gasspeicherbetreiber und deren Kunden k\u00f6nnen ihre freien Kapazit\u00e4ten ver\u00f6ffentlichen und speicherinteressierte Kunden k\u00f6nnen ihre Angebote \u00fcber die CEGH Gas Storage Marketing Platform einstellen.<\/p>\n<p class=\"p1\">Die Zuweisung der Kapazit\u00e4t erfolgt durch die Gasspeicherbetreiber bzw. dem Unternehmen, welches das Angebot erstellt hat. Der Vertragsabschluss kommt bilateral zwischen den Vertragsparteien au\u00dferhalb der Plattform zustande.<\/p>\n<p class=\"p1\"><span style=\"color: #003366;\"><b>Speicherbetreiber <span class=\"NormalTextRun TrackChangeHoverSelectHighlightOlive SCXW100762863 BCX0\">und Kunden mit <\/span><span class=\"NormalTextRun TrackChangeHoverSelectHighlightOlive SCXW100762863 BCX0\">Speicherkapazit\u00e4t<\/span>:<\/b><\/span><\/p>\n<ul>\n<li>k\u00f6nnen freie Kapazit\u00e4ten mit einer detaillierten Beschreibung (inkl. Dokumenten-Upload) des angebotenen Speicherprodukts sowie Datum und Uhrzeit f\u00fcr die Einstellung von Angeboten\u00a0sowie mit der\u00a0Option, angepasste Angebote zuzulassen, ver\u00f6ffentlichen.<\/li>\n<li>sammeln die Angebote der registrierten Kunden, die \u00fcber die CEGH Gas Storage Marketing Plattform im Mitgliederbereich teilnehmen.<\/li>\n<li>schlie\u00dfen dann den Vertrag bilateral au\u00dferhalb der Plattform ab.<\/li>\n<\/ul>\n<p class=\"p1\"><span style=\"color: #003366;\"><b>Kunden\/Plattformbenutzer:<\/b><\/span><\/p>\n<ul>\n<li>k\u00f6nnen freie Kapazit\u00e4ten mit einer detaillierten Beschreibung (inkl. Dokumenten-Upload) des angebotenen Speicherprodukts sowie Datum und Uhrzeit f\u00fcr die Einstellung von Angeboten\u00a0sowie mit der\u00a0Option, angepasste Angebote zuzulassen, ver\u00f6ffentlichen.<\/li>\n<li>sammeln die Angebote der registrierten Kunden, die \u00fcber die CEGH Gas Storage Marketing Plattform im Mitgliederbereich teilnehmen.<\/li>\n<li>schlie\u00dfen dann den Vertrag bilateral au\u00dferhalb der Plattform ab.<\/li>\n<\/ul>\n<p class=\"p1\"><strong><span style=\"color: #003366;\">Vorteile:<\/span><\/strong><\/p>\n<ul>\n<li>Eine Plattform mit einfachem Zugang zu allen Marktteilnehmern<\/li>\n<li>Einfacher Zugang f\u00fcr alle interessierten Unternehmen<\/li>\n<li>CEGH als zuverl\u00e4ssiger, vertrauensw\u00fcrdiger und bekannter Partner<\/li>\n<li>Kostenfrei f\u00fcr Kunden\u00a0welche an Angeboten oder Nachfragen teilnehmen<\/li>\n<\/ul>\n\n    <\/div>\n<\/div>\n                    <\/div>\n                <\/div>\n                        <\/div>\n                    <\/div>\n    \n        \n\n\n\n\n\n\n\n\n\n\n\n\n\n\n\n\n\n\n\n\n\n\n\n\n\n\n\n\n\n\n\n\n\n\n                    \n            <div class=\"ce ce-text pb-0\n         ce--mb-standard                                 \"\n             id=\"block_a3967c050fc598f252b72a8bdc38864c\">\n                                    <div class=\"container-fluid\">\n                            <div class=\"row\">\n                    <div class=\"cc-text__text col-12 col-md-12 col-xl-12 mx-auto text-left\">\n                        <div class=\"ce-textblock\" data-animation=\"true\" data-animation-duration=\"300\">\n    <div class=\"ce-textblock__text\">\n                        <p class=\"p1\" style=\"text-align: left;\">F\u00fcr weitere Informationen oder um sich zu registrieren, besuchen Sie bitte unsere <a class=\"u-color-green\" href=\"https:\/\/www.cegh.at\/en\/services\/cegh-platforms\/cegh-gas-storage-platform\/\"><strong>Gas Storage Marketing Platform<\/strong><\/a>\u00a0oder kontaktieren Sie uns unter Tel: <a class=\"u-color-text-theme-blue\" href=\"tel:%20+43%201%20270%202700%2028520\">+43 1 270270028520<\/a>\u00a0oder E-Mail:\u00a0<a class=\"u-color-text-theme-blue\" href=\"mailto:storageplatform@cegh.at\">storageplatform@cegh.at<\/a><\/p>\n<p class=\"p2\" style=\"text-align: left;\"><span class=\"s3\"><br \/>\n<a class=\"btn btn--secondary btn--icon btn--icon--right btn--large u-color-green\" href=\"http:\/\/www.gashub.at\/storagemarketing\"><b>CEGH Gas Storage Marketing Plattform<\/b><\/a><\/span><\/p>\n\n    <\/div>\n<\/div>\n                    <\/div>\n                <\/div>\n                        <\/div>\n                    <\/div>\n    \n        ","protected":false},"excerpt":{"rendered":"","protected":false},"author":4,"featured_media":0,"parent":82908,"menu_order":0,"comment_status":"closed","ping_status":"closed","template":"","meta":{"_acf_changed":false,"content-type":"","footnotes":""},"class_list":["post-82920","page","type-page","status-publish","hentry"],"acf":[],"yoast_head":"<!-- This site is optimized with the Yoast SEO plugin v27.3 - https:\/\/yoast.com\/product\/yoast-seo-wordpress\/ -->\n<title>CEGH Gas Storage Marketing Platform - CEGH<\/title>\n<meta name=\"description\" content=\"Entdecken Sie die erweiterten Dienste der CEGH-Gasspeicherplattform. Anfrage und Kauf von Lagerkapazit\u00e4ten und Zugangsabfertigungsdiensten.\" \/>\n<meta name=\"robots\" content=\"index, follow, max-snippet:-1, max-image-preview:large, max-video-preview:-1\" \/>\n<link rel=\"canonical\" href=\"https:\/\/www.cegh.at\/de\/dienstleistungen\/cegh-plattformen\/cegh-gasspeicherplattform\/\" \/>\n<meta property=\"og:locale\" content=\"de_DE\" \/>\n<meta property=\"og:type\" content=\"article\" \/>\n<meta property=\"og:title\" content=\"CEGH Gas Storage Marketing Platform - CEGH\" \/>\n<meta property=\"og:description\" content=\"Entdecken Sie die erweiterten Dienste der CEGH-Gasspeicherplattform. Anfrage und Kauf von Lagerkapazit\u00e4ten und Zugangsabfertigungsdiensten.\" \/>\n<meta property=\"og:url\" content=\"https:\/\/www.cegh.at\/de\/dienstleistungen\/cegh-plattformen\/cegh-gasspeicherplattform\/\" \/>\n<meta property=\"og:site_name\" content=\"CEGH\" \/>\n<meta property=\"article:modified_time\" content=\"2025-04-17T12:45:54+00:00\" \/>\n<meta name=\"twitter:card\" content=\"summary_large_image\" \/>\n<script type=\"application\/ld+json\" class=\"yoast-schema-graph\">{\"@context\":\"https:\\\/\\\/schema.org\",\"@graph\":[{\"@type\":\"WebPage\",\"@id\":\"https:\\\/\\\/www.cegh.at\\\/de\\\/dienstleistungen\\\/cegh-plattformen\\\/cegh-gasspeicherplattform\\\/\",\"url\":\"https:\\\/\\\/www.cegh.at\\\/de\\\/dienstleistungen\\\/cegh-plattformen\\\/cegh-gasspeicherplattform\\\/\",\"name\":\"CEGH Gas Storage Marketing Platform - CEGH\",\"isPartOf\":{\"@id\":\"https:\\\/\\\/www.cegh.at\\\/de\\\/#website\"},\"datePublished\":\"2023-03-14T09:30:13+00:00\",\"dateModified\":\"2025-04-17T12:45:54+00:00\",\"description\":\"Entdecken Sie die erweiterten Dienste der CEGH-Gasspeicherplattform. Anfrage und Kauf von Lagerkapazit\u00e4ten und Zugangsabfertigungsdiensten.\",\"breadcrumb\":{\"@id\":\"https:\\\/\\\/www.cegh.at\\\/de\\\/dienstleistungen\\\/cegh-plattformen\\\/cegh-gasspeicherplattform\\\/#breadcrumb\"},\"inLanguage\":\"de\",\"potentialAction\":[{\"@type\":\"ReadAction\",\"target\":[\"https:\\\/\\\/www.cegh.at\\\/de\\\/dienstleistungen\\\/cegh-plattformen\\\/cegh-gasspeicherplattform\\\/\"]}]},{\"@type\":\"BreadcrumbList\",\"@id\":\"https:\\\/\\\/www.cegh.at\\\/de\\\/dienstleistungen\\\/cegh-plattformen\\\/cegh-gasspeicherplattform\\\/#breadcrumb\",\"itemListElement\":[{\"@type\":\"ListItem\",\"position\":1,\"name\":\"Home\",\"item\":\"https:\\\/\\\/www.cegh.at\\\/de\\\/\"},{\"@type\":\"ListItem\",\"position\":2,\"name\":\"Services\",\"item\":\"https:\\\/\\\/www.cegh.at\\\/de\\\/dienstleistungen\\\/\"},{\"@type\":\"ListItem\",\"position\":3,\"name\":\"CEGH-Plattformen\",\"item\":\"https:\\\/\\\/www.cegh.at\\\/de\\\/dienstleistungen\\\/cegh-plattformen\\\/\"},{\"@type\":\"ListItem\",\"position\":4,\"name\":\"CEGH Gas Storage Marketing Platform\"}]},{\"@type\":\"WebSite\",\"@id\":\"https:\\\/\\\/www.cegh.at\\\/de\\\/#website\",\"url\":\"https:\\\/\\\/www.cegh.at\\\/de\\\/\",\"name\":\"CEGH\",\"description\":\"\",\"publisher\":{\"@id\":\"https:\\\/\\\/www.cegh.at\\\/de\\\/#organization\"},\"potentialAction\":[{\"@type\":\"SearchAction\",\"target\":{\"@type\":\"EntryPoint\",\"urlTemplate\":\"https:\\\/\\\/www.cegh.at\\\/de\\\/?s={search_term_string}\"},\"query-input\":{\"@type\":\"PropertyValueSpecification\",\"valueRequired\":true,\"valueName\":\"search_term_string\"}}],\"inLanguage\":\"de\"},{\"@type\":\"Organization\",\"@id\":\"https:\\\/\\\/www.cegh.at\\\/de\\\/#organization\",\"name\":\"CEGH\",\"url\":\"https:\\\/\\\/www.cegh.at\\\/de\\\/\",\"logo\":{\"@type\":\"ImageObject\",\"inLanguage\":\"de\",\"@id\":\"https:\\\/\\\/www.cegh.at\\\/de\\\/#\\\/schema\\\/logo\\\/image\\\/\",\"url\":\"https:\\\/\\\/www.cegh.at\\\/wp-content\\\/uploads\\\/2023\\\/05\\\/Hauptlogo_RGB.jpg\",\"contentUrl\":\"https:\\\/\\\/www.cegh.at\\\/wp-content\\\/uploads\\\/2023\\\/05\\\/Hauptlogo_RGB.jpg\",\"width\":3333,\"height\":2500,\"caption\":\"CEGH\"},\"image\":{\"@id\":\"https:\\\/\\\/www.cegh.at\\\/de\\\/#\\\/schema\\\/logo\\\/image\\\/\"}}]}<\/script>\n<!-- \/ Yoast SEO plugin. -->","yoast_head_json":{"title":"CEGH Gas Storage Marketing Platform - CEGH","description":"Entdecken Sie die erweiterten Dienste der CEGH-Gasspeicherplattform. Anfrage und Kauf von Lagerkapazit\u00e4ten und Zugangsabfertigungsdiensten.","robots":{"index":"index","follow":"follow","max-snippet":"max-snippet:-1","max-image-preview":"max-image-preview:large","max-video-preview":"max-video-preview:-1"},"canonical":"https:\/\/www.cegh.at\/de\/dienstleistungen\/cegh-plattformen\/cegh-gasspeicherplattform\/","og_locale":"de_DE","og_type":"article","og_title":"CEGH Gas Storage Marketing Platform - CEGH","og_description":"Entdecken Sie die erweiterten Dienste der CEGH-Gasspeicherplattform. Anfrage und Kauf von Lagerkapazit\u00e4ten und Zugangsabfertigungsdiensten.","og_url":"https:\/\/www.cegh.at\/de\/dienstleistungen\/cegh-plattformen\/cegh-gasspeicherplattform\/","og_site_name":"CEGH","article_modified_time":"2025-04-17T12:45:54+00:00","twitter_card":"summary_large_image","schema":{"@context":"https:\/\/schema.org","@graph":[{"@type":"WebPage","@id":"https:\/\/www.cegh.at\/de\/dienstleistungen\/cegh-plattformen\/cegh-gasspeicherplattform\/","url":"https:\/\/www.cegh.at\/de\/dienstleistungen\/cegh-plattformen\/cegh-gasspeicherplattform\/","name":"CEGH Gas Storage Marketing Platform - CEGH","isPartOf":{"@id":"https:\/\/www.cegh.at\/de\/#website"},"datePublished":"2023-03-14T09:30:13+00:00","dateModified":"2025-04-17T12:45:54+00:00","description":"Entdecken Sie die erweiterten Dienste der CEGH-Gasspeicherplattform. Anfrage und Kauf von Lagerkapazit\u00e4ten und Zugangsabfertigungsdiensten.","breadcrumb":{"@id":"https:\/\/www.cegh.at\/de\/dienstleistungen\/cegh-plattformen\/cegh-gasspeicherplattform\/#breadcrumb"},"inLanguage":"de","potentialAction":[{"@type":"ReadAction","target":["https:\/\/www.cegh.at\/de\/dienstleistungen\/cegh-plattformen\/cegh-gasspeicherplattform\/"]}]},{"@type":"BreadcrumbList","@id":"https:\/\/www.cegh.at\/de\/dienstleistungen\/cegh-plattformen\/cegh-gasspeicherplattform\/#breadcrumb","itemListElement":[{"@type":"ListItem","position":1,"name":"Home","item":"https:\/\/www.cegh.at\/de\/"},{"@type":"ListItem","position":2,"name":"Services","item":"https:\/\/www.cegh.at\/de\/dienstleistungen\/"},{"@type":"ListItem","position":3,"name":"CEGH-Plattformen","item":"https:\/\/www.cegh.at\/de\/dienstleistungen\/cegh-plattformen\/"},{"@type":"ListItem","position":4,"name":"CEGH Gas Storage Marketing Platform"}]},{"@type":"WebSite","@id":"https:\/\/www.cegh.at\/de\/#website","url":"https:\/\/www.cegh.at\/de\/","name":"CEGH","description":"","publisher":{"@id":"https:\/\/www.cegh.at\/de\/#organization"},"potentialAction":[{"@type":"SearchAction","target":{"@type":"EntryPoint","urlTemplate":"https:\/\/www.cegh.at\/de\/?s={search_term_string}"},"query-input":{"@type":"PropertyValueSpecification","valueRequired":true,"valueName":"search_term_string"}}],"inLanguage":"de"},{"@type":"Organization","@id":"https:\/\/www.cegh.at\/de\/#organization","name":"CEGH","url":"https:\/\/www.cegh.at\/de\/","logo":{"@type":"ImageObject","inLanguage":"de","@id":"https:\/\/www.cegh.at\/de\/#\/schema\/logo\/image\/","url":"https:\/\/www.cegh.at\/wp-content\/uploads\/2023\/05\/Hauptlogo_RGB.jpg","contentUrl":"https:\/\/www.cegh.at\/wp-content\/uploads\/2023\/05\/Hauptlogo_RGB.jpg","width":3333,"height":2500,"caption":"CEGH"},"image":{"@id":"https:\/\/www.cegh.at\/de\/#\/schema\/logo\/image\/"}}]}},"_links":{"self":[{"href":"https:\/\/www.cegh.at\/de\/wp-json\/wp\/v2\/pages\/82920","targetHints":{"allow":["GET"]}}],"collection":[{"href":"https:\/\/www.cegh.at\/de\/wp-json\/wp\/v2\/pages"}],"about":[{"href":"https:\/\/www.cegh.at\/de\/wp-json\/wp\/v2\/types\/page"}],"author":[{"embeddable":true,"href":"https:\/\/www.cegh.at\/de\/wp-json\/wp\/v2\/users\/4"}],"replies":[{"embeddable":true,"href":"https:\/\/www.cegh.at\/de\/wp-json\/wp\/v2\/comments?post=82920"}],"version-history":[{"count":25,"href":"https:\/\/www.cegh.at\/de\/wp-json\/wp\/v2\/pages\/82920\/revisions"}],"predecessor-version":[{"id":1042818,"href":"https:\/\/www.cegh.at\/de\/wp-json\/wp\/v2\/pages\/82920\/revisions\/1042818"}],"up":[{"embeddable":true,"href":"https:\/\/www.cegh.at\/de\/wp-json\/wp\/v2\/pages\/82908"}],"wp:attachment":[{"href":"https:\/\/www.cegh.at\/de\/wp-json\/wp\/v2\/media?parent=82920"}],"curies":[{"name":"wp","href":"https:\/\/api.w.org\/{rel}","templated":true}]}}