{"id":82943,"date":"2023-03-14T10:31:59","date_gmt":"2023-03-14T09:31:59","guid":{"rendered":"https:\/\/www.cegh.at\/dienstleistungen\/praesentationen\/videos\/"},"modified":"2024-03-21T11:08:51","modified_gmt":"2024-03-21T10:08:51","slug":"videos","status":"publish","type":"page","link":"https:\/\/www.cegh.at\/de\/dienstleistungen\/praesentationen\/videos\/","title":{"rendered":"Videos"},"content":{"rendered":"\n\n\n\n\n\n\n\n\n\n\n\n\n\n\n\n\n\n\n\n\n\n\n\n\n\n\n\n\n\n\n\n\n                    \n            <div class=\"ce ce-text pb-0\n         ce--mb-small          ce--contrast                  ce--sp-xsmall          ce--full\n             js-bgcontainer u-bg-cc  \"\n             id=\"block_1c248bc0d0c98679fc7248eb2dcb83b4\">\n                                <figure>\n    <picture>\n        <source media=\"(min-width: 1440px)\" srcset=\"https:\/\/www.cegh.at\/wp-content\/uploads\/2023\/05\/MicrosoftTeams-image-3-1920x0-c-default.jpg\">\n        <source media=\"(min-width: 1200px)\" srcset=\"https:\/\/www.cegh.at\/wp-content\/uploads\/2023\/05\/MicrosoftTeams-image-3-1440x0-c-default.jpg\">\n        <source media=\"(min-width: 992px)\" srcset=\"https:\/\/www.cegh.at\/wp-content\/uploads\/2023\/05\/MicrosoftTeams-image-3-1200x0-c-default.jpg\">\n        <source media=\"(min-width: 768px)\" srcset=\"https:\/\/www.cegh.at\/wp-content\/uploads\/2023\/05\/MicrosoftTeams-image-3-992x0-c-default.jpg\">\n        <source media=\"(min-width: 576px)\" srcset=\"https:\/\/www.cegh.at\/wp-content\/uploads\/2023\/05\/MicrosoftTeams-image-3-768x0-c-default.jpg\">\n        <source media=\"(min-width: 320px)\" srcset=\"https:\/\/www.cegh.at\/wp-content\/uploads\/2023\/05\/MicrosoftTeams-image-3-576x0-c-default.jpg\">\n        <source srcset=\"https:\/\/www.cegh.at\/wp-content\/uploads\/2023\/05\/MicrosoftTeams-image-3-576x0-c-default.jpg\">\n        <img loading=\"lazy\" decoding=\"async\" src=\"https:\/\/www.cegh.at\/wp-content\/uploads\/2023\/05\/MicrosoftTeams-image-3-1920x0-c-default.jpg\" width=\"4000\"\n             height=\"3000\" alt=\"\" title=\"Man stands inside spiral abstraction on dark toned background\" class=\"img-fluid w-100 js-bgimage\">\n    <\/picture>\n<\/figure>\n                <div class=\"ce-text__gradient ce-text__gradient--center js-gradient\"><\/div>\n                <div class=\"ce-text__gradient--base\"><\/div>\n                                    <div class=\"container-fluid\">\n                            <div class=\"row\">\n                    <div class=\"cc-text__text col-12 col-md-12 col-xl-12 mx-auto text-left\">\n                        <div class=\"ce-textblock\" data-animation=\"true\" data-animation-duration=\"300\">\n    <div class=\"ce-textblock__text\">\n                    <p class=\"ce-textblock__topline\">Pr\u00e4sentationen<\/p>\n                            <h1 class=\"\"> Videos <\/h1>\n                \n    <\/div>\n<\/div>\n                    <\/div>\n                <\/div>\n                        <\/div>\n                    <\/div>\n    \n        \n\n\n\n\n\n\n\n\n\n\n\n    \n\n\n\n\n\n\n\n\n\n\n\n\n\n\n\n\n\n\n\n            \n                                                        \n    \n        \n    \n                                                                             \n\n            <div class=\"ce ce-textvideo\n         ce--mb-small                  ce--contrast          ce--sp-0        ce--fullcontent                     ce--full\n                            u-bgColor-text-theme-blue\n                    \"\n             id=\"block_ff87c2e6702f27e4ec8e2536e905f097\">\n                                    <div class=\"container-fluid\">\n                                <div class=\"row\">\n                    <div\n                        class=\"ce-textvideo__text col-12 col-md-5 col-xl-5 mx-auto text-left order-1 offset-md-1 ce-textimage__text--right d-flex flex-column justify-content-center\">\n                        <div class=\"ce-textblock\" data-animation=\"true\" data-animation-duration=\"300\">\n    <div class=\"ce-textblock__text\">\n                        <h5 class=\"p1\">Video 15 Jahre CEGH<\/h5>\n<p class=\"p1\">Vielen Dank, dass Sie uns seit 2005 auf unserem Weg begleiten.<\/p>\n<p class=\"p1\">Wir sind stolz darauf, als einer der f\u00fchrenden Marktpl\u00e4tze f\u00fcr Erdgas in Europa das 15-Jahre-Jubil\u00e4um zu feiern. Wir freuen uns auf eine gute Zukunft mit vielen neuen Dienstleistungen und Ideen, die den Handel noch bequemer machen.<\/p>\n<p class=\"p1\">Werfen Sie einen Blick auf unser Jubil\u00e4umsvideo.<\/p>\n\n    <\/div>\n<\/div>\n                    <\/div>\n                    <div\n                        class=\"ce-textvideo__video col-12 col-md-6 col-xl-6 order-0 pr-0 pl-0 d-flex flex-column justify-content-center\"\n                        data-animation=\"fade-up\" data-animation-duration=\"300\">\n                        <div class=\"embed-responsive embed-responsive-16by9\">\n                                                             <div class=\"brlbs-cmpnt-container brlbs-cmpnt-content-blocker brlbs-cmpnt-with-individual-styles\" data-borlabs-cookie-content-blocker-id=\"youtube-content-blocker\" data-borlabs-cookie-content=\"PGlmcmFtZSBjbGFzcz0iZW1iZWQtcmVzcG9uc2l2ZS1pdGVtIiBpZD0iIgogICAgICAgICAgICAgICAgICAgICAgICAgICAgICAgICAgICAgICAgc3JjPSJodHRwczovL3d3dy55b3V0dWJlLW5vY29va2llLmNvbS9lbWJlZC9ZLXlkaXRaelVkOD9yZWw9MCIKICAgICAgICAgICAgICAgICAgICAgICAgICAgICAgICAgICAgICAgIGZyYW1lYm9yZGVyPSIwIiBhbGxvd2Z1bGxzY3JlZW49IiI+PC9pZnJhbWU+\"><div class=\"brlbs-cmpnt-cb-preset-c brlbs-cmpnt-cb-youtube\"> <div class=\"brlbs-cmpnt-cb-thumbnail\" style=\"background-image: url('https:\/\/www.cegh.at\/wp-content\/uploads\/borlabs-cookie\/1\/yt_Y-yditZzUd8_hqdefault.jpg')\"><\/div> <div class=\"brlbs-cmpnt-cb-main\"> <div class=\"brlbs-cmpnt-cb-play-button\"><\/div> <div class=\"brlbs-cmpnt-cb-content\"> <p class=\"brlbs-cmpnt-cb-description\">Sie sehen gerade einen Platzhalterinhalt von <strong>YouTube<\/strong>. Um auf den eigentlichen Inhalt zuzugreifen, klicken Sie auf die Schaltfl\u00e4che unten. Bitte beachten Sie, dass dabei Daten an Drittanbieter weitergegeben werden.<\/p> <a class=\"brlbs-cmpnt-cb-provider-toggle\" href=\"#\" data-borlabs-cookie-show-provider-information role=\"button\">Mehr Informationen<\/a> <\/div> <div class=\"brlbs-cmpnt-cb-buttons\"> <a class=\"brlbs-cmpnt-cb-btn\" href=\"#\" data-borlabs-cookie-unblock role=\"button\">Inhalt entsperren<\/a> <a class=\"brlbs-cmpnt-cb-btn\" href=\"#\" data-borlabs-cookie-accept-service role=\"button\" style=\"display: inherit\">Erforderlichen Service akzeptieren und Inhalte entsperren<\/a> <\/div> <\/div> <\/div><\/div>\n                                                    <\/div>\n                    <\/div>\n                <\/div>\n                            <\/div>\n                    <\/div>\n    \n        \n\n\n\n\n\n\n\n\n\n\n\n    \n\n\n\n\n\n\n\n\n\n\n\n\n\n\n\n\n\n\n\n            \n                                                        \n    \n        \n    \n                                        \n\n            <div class=\"ce ce-textvideo\n         ce--mb-small                  ce--contrast          ce--sp-0        ce--fullcontent                     ce--full\n                            u-bgColor-lightblue\n                    \"\n             id=\"block_cb667a904d8b9f80d4e217a7224d86a4\">\n                                    <div class=\"container-fluid\">\n                                <div class=\"row\">\n                    <div\n                        class=\"ce-textvideo__text col-12 col-md-5 col-xl-5 mx-auto text-left  d-flex flex-column justify-content-center\">\n                        <div class=\"ce-textblock\" data-animation=\"true\" data-animation-duration=\"300\">\n    <div class=\"ce-textblock__text\">\n                        <h6><\/h6>\n<h5 class=\"p1\" style=\"text-align: left; padding-left: 40px;\"><b>Video 10 Jahre Gas Exchange<\/b><\/h5>\n<p class=\"p2\" style=\"text-align: left; padding-left: 40px;\">Am 11. Dezember 2009 wurde der Gas Exchange Market in \u00d6sterreich als CEGH Gas Exchange in Kooperation mit der Wiener B\u00f6rse gestartet. Im Jahr 2016 wurde der Markt auf die PEGAS-Plattform des franz\u00f6sischen Unternehmens Powernext \u00fcbertragen, was einen zus\u00e4tzlichen Schub f\u00fcr die Mengenentwicklung brachte.<\/p>\n<p style=\"text-align: left; padding-left: 40px;\">In diesen 10 Jahren hat sich das B\u00f6rsenvolumen hervorragend entwickelt und wird ca. 160 TWh im Jahr 2019 betragen. Der PEGAS CEGH Gas Exchange Market hat sich als der wichtigste B\u00f6rsenmarkt f\u00fcr die CEE-Region etabliert.<\/p>\n\n    <\/div>\n<\/div>\n                    <\/div>\n                    <div\n                        class=\"ce-textvideo__video col-12 col-md-6 col-xl-6  offset-md-1 pr-0 pl-0 d-flex flex-column justify-content-center\"\n                        data-animation=\"fade-up\" data-animation-duration=\"300\">\n                        <div class=\"embed-responsive embed-responsive-16by9\">\n                                                             <div class=\"brlbs-cmpnt-container brlbs-cmpnt-content-blocker brlbs-cmpnt-with-individual-styles\" data-borlabs-cookie-content-blocker-id=\"youtube-content-blocker\" data-borlabs-cookie-content=\"PGlmcmFtZSBjbGFzcz0iZW1iZWQtcmVzcG9uc2l2ZS1pdGVtIiBpZD0iIgogICAgICAgICAgICAgICAgICAgICAgICAgICAgICAgICAgICAgICAgc3JjPSJodHRwczovL3d3dy55b3V0dWJlLW5vY29va2llLmNvbS9lbWJlZC84d3NwRnlMOXFlbz9yZWw9MCIKICAgICAgICAgICAgICAgICAgICAgICAgICAgICAgICAgICAgICAgIGZyYW1lYm9yZGVyPSIwIiBhbGxvd2Z1bGxzY3JlZW49IiI+PC9pZnJhbWU+\"><div class=\"brlbs-cmpnt-cb-preset-c brlbs-cmpnt-cb-youtube\"> <div class=\"brlbs-cmpnt-cb-thumbnail\" style=\"background-image: url('https:\/\/www.cegh.at\/wp-content\/uploads\/borlabs-cookie\/1\/yt_8wspFyL9qeo_hqdefault.jpg')\"><\/div> <div class=\"brlbs-cmpnt-cb-main\"> <div class=\"brlbs-cmpnt-cb-play-button\"><\/div> <div class=\"brlbs-cmpnt-cb-content\"> <p class=\"brlbs-cmpnt-cb-description\">Sie sehen gerade einen Platzhalterinhalt von <strong>YouTube<\/strong>. Um auf den eigentlichen Inhalt zuzugreifen, klicken Sie auf die Schaltfl\u00e4che unten. Bitte beachten Sie, dass dabei Daten an Drittanbieter weitergegeben werden.<\/p> <a class=\"brlbs-cmpnt-cb-provider-toggle\" href=\"#\" data-borlabs-cookie-show-provider-information role=\"button\">Mehr Informationen<\/a> <\/div> <div class=\"brlbs-cmpnt-cb-buttons\"> <a class=\"brlbs-cmpnt-cb-btn\" href=\"#\" data-borlabs-cookie-unblock role=\"button\">Inhalt entsperren<\/a> <a class=\"brlbs-cmpnt-cb-btn\" href=\"#\" data-borlabs-cookie-accept-service role=\"button\" style=\"display: inherit\">Erforderlichen Service akzeptieren und Inhalte entsperren<\/a> <\/div> <\/div> <\/div><\/div>\n                                                    <\/div>\n                    <\/div>\n                <\/div>\n                            <\/div>\n                    <\/div>\n    \n        ","protected":false},"excerpt":{"rendered":"","protected":false},"author":4,"featured_media":0,"parent":82935,"menu_order":0,"comment_status":"closed","ping_status":"closed","template":"","meta":{"_acf_changed":false,"content-type":"","footnotes":""},"class_list":["post-82943","page","type-page","status-publish","hentry"],"acf":[],"yoast_head":"<!-- This site is optimized with the Yoast SEO plugin v27.3 - https:\/\/yoast.com\/product\/yoast-seo-wordpress\/ -->\n<title>Videos - CEGH<\/title>\n<meta name=\"description\" content=\"Verbessern Sie Ihr Verst\u00e4ndnis des Gasmarktes durch unsere ansprechenden Videos mit wertvollen Ressourcen und Bildungsinhalten.\" \/>\n<meta name=\"robots\" content=\"index, follow, max-snippet:-1, max-image-preview:large, max-video-preview:-1\" \/>\n<link rel=\"canonical\" href=\"https:\/\/www.cegh.at\/de\/dienstleistungen\/praesentationen\/videos\/\" \/>\n<meta property=\"og:locale\" content=\"de_DE\" \/>\n<meta property=\"og:type\" content=\"article\" \/>\n<meta property=\"og:title\" content=\"Videos - CEGH\" \/>\n<meta property=\"og:description\" content=\"Verbessern Sie Ihr Verst\u00e4ndnis des Gasmarktes durch unsere ansprechenden Videos mit wertvollen Ressourcen und Bildungsinhalten.\" \/>\n<meta property=\"og:url\" content=\"https:\/\/www.cegh.at\/de\/dienstleistungen\/praesentationen\/videos\/\" \/>\n<meta property=\"og:site_name\" content=\"CEGH\" \/>\n<meta property=\"article:modified_time\" content=\"2024-03-21T10:08:51+00:00\" \/>\n<meta name=\"twitter:card\" content=\"summary_large_image\" \/>\n<script type=\"application\/ld+json\" class=\"yoast-schema-graph\">{\"@context\":\"https:\\\/\\\/schema.org\",\"@graph\":[{\"@type\":\"WebPage\",\"@id\":\"https:\\\/\\\/www.cegh.at\\\/de\\\/dienstleistungen\\\/praesentationen\\\/videos\\\/\",\"url\":\"https:\\\/\\\/www.cegh.at\\\/de\\\/dienstleistungen\\\/praesentationen\\\/videos\\\/\",\"name\":\"Videos - CEGH\",\"isPartOf\":{\"@id\":\"https:\\\/\\\/www.cegh.at\\\/de\\\/#website\"},\"datePublished\":\"2023-03-14T09:31:59+00:00\",\"dateModified\":\"2024-03-21T10:08:51+00:00\",\"description\":\"Verbessern Sie Ihr Verst\u00e4ndnis des Gasmarktes durch unsere ansprechenden Videos mit wertvollen Ressourcen und Bildungsinhalten.\",\"breadcrumb\":{\"@id\":\"https:\\\/\\\/www.cegh.at\\\/de\\\/dienstleistungen\\\/praesentationen\\\/videos\\\/#breadcrumb\"},\"inLanguage\":\"de\",\"potentialAction\":[{\"@type\":\"ReadAction\",\"target\":[\"https:\\\/\\\/www.cegh.at\\\/de\\\/dienstleistungen\\\/praesentationen\\\/videos\\\/\"]}]},{\"@type\":\"BreadcrumbList\",\"@id\":\"https:\\\/\\\/www.cegh.at\\\/de\\\/dienstleistungen\\\/praesentationen\\\/videos\\\/#breadcrumb\",\"itemListElement\":[{\"@type\":\"ListItem\",\"position\":1,\"name\":\"Home\",\"item\":\"https:\\\/\\\/www.cegh.at\\\/de\\\/\"},{\"@type\":\"ListItem\",\"position\":2,\"name\":\"Services\",\"item\":\"https:\\\/\\\/www.cegh.at\\\/de\\\/dienstleistungen\\\/\"},{\"@type\":\"ListItem\",\"position\":3,\"name\":\"Pr\u00e4sentationen\",\"item\":\"https:\\\/\\\/www.cegh.at\\\/de\\\/dienstleistungen\\\/praesentationen\\\/\"},{\"@type\":\"ListItem\",\"position\":4,\"name\":\"Videos\"}]},{\"@type\":\"WebSite\",\"@id\":\"https:\\\/\\\/www.cegh.at\\\/de\\\/#website\",\"url\":\"https:\\\/\\\/www.cegh.at\\\/de\\\/\",\"name\":\"CEGH\",\"description\":\"\",\"publisher\":{\"@id\":\"https:\\\/\\\/www.cegh.at\\\/de\\\/#organization\"},\"potentialAction\":[{\"@type\":\"SearchAction\",\"target\":{\"@type\":\"EntryPoint\",\"urlTemplate\":\"https:\\\/\\\/www.cegh.at\\\/de\\\/?s={search_term_string}\"},\"query-input\":{\"@type\":\"PropertyValueSpecification\",\"valueRequired\":true,\"valueName\":\"search_term_string\"}}],\"inLanguage\":\"de\"},{\"@type\":\"Organization\",\"@id\":\"https:\\\/\\\/www.cegh.at\\\/de\\\/#organization\",\"name\":\"CEGH\",\"url\":\"https:\\\/\\\/www.cegh.at\\\/de\\\/\",\"logo\":{\"@type\":\"ImageObject\",\"inLanguage\":\"de\",\"@id\":\"https:\\\/\\\/www.cegh.at\\\/de\\\/#\\\/schema\\\/logo\\\/image\\\/\",\"url\":\"https:\\\/\\\/www.cegh.at\\\/wp-content\\\/uploads\\\/2023\\\/05\\\/Hauptlogo_RGB.jpg\",\"contentUrl\":\"https:\\\/\\\/www.cegh.at\\\/wp-content\\\/uploads\\\/2023\\\/05\\\/Hauptlogo_RGB.jpg\",\"width\":3333,\"height\":2500,\"caption\":\"CEGH\"},\"image\":{\"@id\":\"https:\\\/\\\/www.cegh.at\\\/de\\\/#\\\/schema\\\/logo\\\/image\\\/\"}}]}<\/script>\n<!-- \/ Yoast SEO plugin. -->","yoast_head_json":{"title":"Videos - CEGH","description":"Verbessern Sie Ihr Verst\u00e4ndnis des Gasmarktes durch unsere ansprechenden Videos mit wertvollen Ressourcen und Bildungsinhalten.","robots":{"index":"index","follow":"follow","max-snippet":"max-snippet:-1","max-image-preview":"max-image-preview:large","max-video-preview":"max-video-preview:-1"},"canonical":"https:\/\/www.cegh.at\/de\/dienstleistungen\/praesentationen\/videos\/","og_locale":"de_DE","og_type":"article","og_title":"Videos - CEGH","og_description":"Verbessern Sie Ihr Verst\u00e4ndnis des Gasmarktes durch unsere ansprechenden Videos mit wertvollen Ressourcen und Bildungsinhalten.","og_url":"https:\/\/www.cegh.at\/de\/dienstleistungen\/praesentationen\/videos\/","og_site_name":"CEGH","article_modified_time":"2024-03-21T10:08:51+00:00","twitter_card":"summary_large_image","schema":{"@context":"https:\/\/schema.org","@graph":[{"@type":"WebPage","@id":"https:\/\/www.cegh.at\/de\/dienstleistungen\/praesentationen\/videos\/","url":"https:\/\/www.cegh.at\/de\/dienstleistungen\/praesentationen\/videos\/","name":"Videos - CEGH","isPartOf":{"@id":"https:\/\/www.cegh.at\/de\/#website"},"datePublished":"2023-03-14T09:31:59+00:00","dateModified":"2024-03-21T10:08:51+00:00","description":"Verbessern Sie Ihr Verst\u00e4ndnis des Gasmarktes durch unsere ansprechenden Videos mit wertvollen Ressourcen und Bildungsinhalten.","breadcrumb":{"@id":"https:\/\/www.cegh.at\/de\/dienstleistungen\/praesentationen\/videos\/#breadcrumb"},"inLanguage":"de","potentialAction":[{"@type":"ReadAction","target":["https:\/\/www.cegh.at\/de\/dienstleistungen\/praesentationen\/videos\/"]}]},{"@type":"BreadcrumbList","@id":"https:\/\/www.cegh.at\/de\/dienstleistungen\/praesentationen\/videos\/#breadcrumb","itemListElement":[{"@type":"ListItem","position":1,"name":"Home","item":"https:\/\/www.cegh.at\/de\/"},{"@type":"ListItem","position":2,"name":"Services","item":"https:\/\/www.cegh.at\/de\/dienstleistungen\/"},{"@type":"ListItem","position":3,"name":"Pr\u00e4sentationen","item":"https:\/\/www.cegh.at\/de\/dienstleistungen\/praesentationen\/"},{"@type":"ListItem","position":4,"name":"Videos"}]},{"@type":"WebSite","@id":"https:\/\/www.cegh.at\/de\/#website","url":"https:\/\/www.cegh.at\/de\/","name":"CEGH","description":"","publisher":{"@id":"https:\/\/www.cegh.at\/de\/#organization"},"potentialAction":[{"@type":"SearchAction","target":{"@type":"EntryPoint","urlTemplate":"https:\/\/www.cegh.at\/de\/?s={search_term_string}"},"query-input":{"@type":"PropertyValueSpecification","valueRequired":true,"valueName":"search_term_string"}}],"inLanguage":"de"},{"@type":"Organization","@id":"https:\/\/www.cegh.at\/de\/#organization","name":"CEGH","url":"https:\/\/www.cegh.at\/de\/","logo":{"@type":"ImageObject","inLanguage":"de","@id":"https:\/\/www.cegh.at\/de\/#\/schema\/logo\/image\/","url":"https:\/\/www.cegh.at\/wp-content\/uploads\/2023\/05\/Hauptlogo_RGB.jpg","contentUrl":"https:\/\/www.cegh.at\/wp-content\/uploads\/2023\/05\/Hauptlogo_RGB.jpg","width":3333,"height":2500,"caption":"CEGH"},"image":{"@id":"https:\/\/www.cegh.at\/de\/#\/schema\/logo\/image\/"}}]}},"_links":{"self":[{"href":"https:\/\/www.cegh.at\/de\/wp-json\/wp\/v2\/pages\/82943","targetHints":{"allow":["GET"]}}],"collection":[{"href":"https:\/\/www.cegh.at\/de\/wp-json\/wp\/v2\/pages"}],"about":[{"href":"https:\/\/www.cegh.at\/de\/wp-json\/wp\/v2\/types\/page"}],"author":[{"embeddable":true,"href":"https:\/\/www.cegh.at\/de\/wp-json\/wp\/v2\/users\/4"}],"replies":[{"embeddable":true,"href":"https:\/\/www.cegh.at\/de\/wp-json\/wp\/v2\/comments?post=82943"}],"version-history":[{"count":7,"href":"https:\/\/www.cegh.at\/de\/wp-json\/wp\/v2\/pages\/82943\/revisions"}],"predecessor-version":[{"id":529463,"href":"https:\/\/www.cegh.at\/de\/wp-json\/wp\/v2\/pages\/82943\/revisions\/529463"}],"up":[{"embeddable":true,"href":"https:\/\/www.cegh.at\/de\/wp-json\/wp\/v2\/pages\/82935"}],"wp:attachment":[{"href":"https:\/\/www.cegh.at\/de\/wp-json\/wp\/v2\/media?parent=82943"}],"curies":[{"name":"wp","href":"https:\/\/api.w.org\/{rel}","templated":true}]}}