{"id":82950,"date":"2023-03-14T10:32:21","date_gmt":"2023-03-14T09:32:21","guid":{"rendered":"https:\/\/www.cegh.at\/dienstleistungen\/praesentationen\/informationsbroschuere-cegh\/"},"modified":"2024-03-21T11:10:14","modified_gmt":"2024-03-21T10:10:14","slug":"informationsbroschuere-cegh","status":"publish","type":"page","link":"https:\/\/www.cegh.at\/de\/dienstleistungen\/praesentationen\/informationsbroschuere-cegh\/","title":{"rendered":"Informationsbrosch\u00fcre CEGH"},"content":{"rendered":"\n\n\n\n\n\n\n\n\n\n\n\n\n\n\n\n\n\n\n\n\n\n\n\n\n\n\n\n\n\n\n\n\n                    \n            <div class=\"ce ce-text pb-0\n         ce--mb-small          ce--contrast                  ce--sp-standard          ce--full\n             js-bgcontainer u-bg-cc  \"\n             id=\"block_956b9f351fd2af99cba34ddc3c778337\">\n                                <figure>\n    <picture>\n        <source media=\"(min-width: 1440px)\" srcset=\"https:\/\/www.cegh.at\/wp-content\/uploads\/2023\/05\/MicrosoftTeams-image-3-1920x0-c-default.jpg\">\n        <source media=\"(min-width: 1200px)\" srcset=\"https:\/\/www.cegh.at\/wp-content\/uploads\/2023\/05\/MicrosoftTeams-image-3-1440x0-c-default.jpg\">\n        <source media=\"(min-width: 992px)\" srcset=\"https:\/\/www.cegh.at\/wp-content\/uploads\/2023\/05\/MicrosoftTeams-image-3-1200x0-c-default.jpg\">\n        <source media=\"(min-width: 768px)\" srcset=\"https:\/\/www.cegh.at\/wp-content\/uploads\/2023\/05\/MicrosoftTeams-image-3-992x0-c-default.jpg\">\n        <source media=\"(min-width: 576px)\" srcset=\"https:\/\/www.cegh.at\/wp-content\/uploads\/2023\/05\/MicrosoftTeams-image-3-768x0-c-default.jpg\">\n        <source media=\"(min-width: 320px)\" srcset=\"https:\/\/www.cegh.at\/wp-content\/uploads\/2023\/05\/MicrosoftTeams-image-3-576x0-c-default.jpg\">\n        <source srcset=\"https:\/\/www.cegh.at\/wp-content\/uploads\/2023\/05\/MicrosoftTeams-image-3-576x0-c-default.jpg\">\n        <img loading=\"lazy\" decoding=\"async\" src=\"https:\/\/www.cegh.at\/wp-content\/uploads\/2023\/05\/MicrosoftTeams-image-3-1920x0-c-default.jpg\" width=\"4000\"\n             height=\"3000\" alt=\"\" title=\"Man stands inside spiral abstraction on dark toned background\" class=\"img-fluid w-100 js-bgimage\">\n    <\/picture>\n<\/figure>\n                <div class=\"ce-text__gradient ce-text__gradient--center js-gradient\"><\/div>\n                <div class=\"ce-text__gradient--base\"><\/div>\n                                    <div class=\"container-fluid\">\n                            <div class=\"row\">\n                    <div class=\"cc-text__text col-12 col-md-12 col-xl-12 mx-auto text-left\">\n                        <div class=\"ce-textblock\" data-animation=\"true\" data-animation-duration=\"300\">\n    <div class=\"ce-textblock__text\">\n                    <p class=\"ce-textblock__topline\">Pr\u00e4sentationen<\/p>\n                            <h1 class=\"\"> CEGH Brosch\u00fcre <\/h1>\n                <p class=\"p1 large\">Seit 2005 ist die Central European Gas Hub AG (CEGH) eine verl\u00e4ssliche Gr\u00f6\u00dfe in der Gashandelslandschaft.<\/p>\n<p class=\"p1 large\">Als Betreiber des Virtuellen Handelspunktes (VHP) bietet der CEGH internationalen Gash\u00e4ndlern ein Gateway f\u00fcr den Handel in der Entry\/Exit-Zone des \u00f6sterreichischen Marktes.<\/p>\n<p class=\"p1 large\">Mit dieser Informationsbrosch\u00fcre m\u00f6chten wir die wichtigsten Fakten vermitteln, welche die verschiedenen Vorteile einer Zusammenarbeit mit dem CEGH aufzeigen.<\/p>\n<p>&nbsp;<\/p>\n<p class=\"p2\" style=\"text-align: center;\"><a class=\"btn btn--secondary btn--icon btn--icon--right btn--large\" href=\"https:\/\/www.cegh.at\/wp-content\/uploads\/2023\/05\/WEB_Doppelseiten_CEGH-W22010_Jahresbericht_A4_RZ.pdf\"><b>CEGH Bericht 2023<\/b><\/a><\/p>\n\n    <\/div>\n<\/div>\n                    <\/div>\n                <\/div>\n                        <\/div>\n                    <\/div>\n    \n        ","protected":false},"excerpt":{"rendered":"","protected":false},"author":4,"featured_media":0,"parent":82935,"menu_order":0,"comment_status":"closed","ping_status":"closed","template":"","meta":{"_acf_changed":false,"content-type":"","footnotes":""},"class_list":["post-82950","page","type-page","status-publish","hentry"],"acf":[],"yoast_head":"<!-- This site is optimized with the Yoast SEO plugin v27.3 - https:\/\/yoast.com\/product\/yoast-seo-wordpress\/ -->\n<title>Informationsordner - CEGH<\/title>\n<meta name=\"description\" content=\"Erschlie\u00dfen Sie das Potenzial des \u00f6sterreichischen Marktes und entdecken Sie die Vorteile einer Zusammenarbeit mit dem CEGH in unserer Informationsmappe.\" \/>\n<meta name=\"robots\" content=\"index, follow, max-snippet:-1, max-image-preview:large, max-video-preview:-1\" \/>\n<link rel=\"canonical\" href=\"https:\/\/www.cegh.at\/de\/dienstleistungen\/praesentationen\/informationsbroschuere-cegh\/\" \/>\n<meta property=\"og:locale\" content=\"de_DE\" \/>\n<meta property=\"og:type\" content=\"article\" \/>\n<meta property=\"og:title\" content=\"Informationsordner - CEGH\" \/>\n<meta property=\"og:description\" content=\"Erschlie\u00dfen Sie das Potenzial des \u00f6sterreichischen Marktes und entdecken Sie die Vorteile einer Zusammenarbeit mit dem CEGH in unserer Informationsmappe.\" \/>\n<meta property=\"og:url\" content=\"https:\/\/www.cegh.at\/de\/dienstleistungen\/praesentationen\/informationsbroschuere-cegh\/\" \/>\n<meta property=\"og:site_name\" content=\"CEGH\" \/>\n<meta property=\"article:modified_time\" content=\"2024-03-21T10:10:14+00:00\" \/>\n<meta name=\"twitter:card\" content=\"summary_large_image\" \/>\n<script type=\"application\/ld+json\" class=\"yoast-schema-graph\">{\"@context\":\"https:\\\/\\\/schema.org\",\"@graph\":[{\"@type\":\"WebPage\",\"@id\":\"https:\\\/\\\/www.cegh.at\\\/de\\\/dienstleistungen\\\/praesentationen\\\/informationsbroschuere-cegh\\\/\",\"url\":\"https:\\\/\\\/www.cegh.at\\\/de\\\/dienstleistungen\\\/praesentationen\\\/informationsbroschuere-cegh\\\/\",\"name\":\"Informationsordner - CEGH\",\"isPartOf\":{\"@id\":\"https:\\\/\\\/www.cegh.at\\\/de\\\/#website\"},\"datePublished\":\"2023-03-14T09:32:21+00:00\",\"dateModified\":\"2024-03-21T10:10:14+00:00\",\"description\":\"Erschlie\u00dfen Sie das Potenzial des \u00f6sterreichischen Marktes und entdecken Sie die Vorteile einer Zusammenarbeit mit dem CEGH in unserer Informationsmappe.\",\"breadcrumb\":{\"@id\":\"https:\\\/\\\/www.cegh.at\\\/de\\\/dienstleistungen\\\/praesentationen\\\/informationsbroschuere-cegh\\\/#breadcrumb\"},\"inLanguage\":\"de\",\"potentialAction\":[{\"@type\":\"ReadAction\",\"target\":[\"https:\\\/\\\/www.cegh.at\\\/de\\\/dienstleistungen\\\/praesentationen\\\/informationsbroschuere-cegh\\\/\"]}]},{\"@type\":\"BreadcrumbList\",\"@id\":\"https:\\\/\\\/www.cegh.at\\\/de\\\/dienstleistungen\\\/praesentationen\\\/informationsbroschuere-cegh\\\/#breadcrumb\",\"itemListElement\":[{\"@type\":\"ListItem\",\"position\":1,\"name\":\"Home\",\"item\":\"https:\\\/\\\/www.cegh.at\\\/de\\\/\"},{\"@type\":\"ListItem\",\"position\":2,\"name\":\"Services\",\"item\":\"https:\\\/\\\/www.cegh.at\\\/de\\\/dienstleistungen\\\/\"},{\"@type\":\"ListItem\",\"position\":3,\"name\":\"Pr\u00e4sentationen\",\"item\":\"https:\\\/\\\/www.cegh.at\\\/de\\\/dienstleistungen\\\/praesentationen\\\/\"},{\"@type\":\"ListItem\",\"position\":4,\"name\":\"Informationsbrosch\u00fcre CEGH\"}]},{\"@type\":\"WebSite\",\"@id\":\"https:\\\/\\\/www.cegh.at\\\/de\\\/#website\",\"url\":\"https:\\\/\\\/www.cegh.at\\\/de\\\/\",\"name\":\"CEGH\",\"description\":\"\",\"publisher\":{\"@id\":\"https:\\\/\\\/www.cegh.at\\\/de\\\/#organization\"},\"potentialAction\":[{\"@type\":\"SearchAction\",\"target\":{\"@type\":\"EntryPoint\",\"urlTemplate\":\"https:\\\/\\\/www.cegh.at\\\/de\\\/?s={search_term_string}\"},\"query-input\":{\"@type\":\"PropertyValueSpecification\",\"valueRequired\":true,\"valueName\":\"search_term_string\"}}],\"inLanguage\":\"de\"},{\"@type\":\"Organization\",\"@id\":\"https:\\\/\\\/www.cegh.at\\\/de\\\/#organization\",\"name\":\"CEGH\",\"url\":\"https:\\\/\\\/www.cegh.at\\\/de\\\/\",\"logo\":{\"@type\":\"ImageObject\",\"inLanguage\":\"de\",\"@id\":\"https:\\\/\\\/www.cegh.at\\\/de\\\/#\\\/schema\\\/logo\\\/image\\\/\",\"url\":\"https:\\\/\\\/www.cegh.at\\\/wp-content\\\/uploads\\\/2023\\\/05\\\/Hauptlogo_RGB.jpg\",\"contentUrl\":\"https:\\\/\\\/www.cegh.at\\\/wp-content\\\/uploads\\\/2023\\\/05\\\/Hauptlogo_RGB.jpg\",\"width\":3333,\"height\":2500,\"caption\":\"CEGH\"},\"image\":{\"@id\":\"https:\\\/\\\/www.cegh.at\\\/de\\\/#\\\/schema\\\/logo\\\/image\\\/\"}}]}<\/script>\n<!-- \/ Yoast SEO plugin. -->","yoast_head_json":{"title":"Informationsordner - CEGH","description":"Erschlie\u00dfen Sie das Potenzial des \u00f6sterreichischen Marktes und entdecken Sie die Vorteile einer Zusammenarbeit mit dem CEGH in unserer Informationsmappe.","robots":{"index":"index","follow":"follow","max-snippet":"max-snippet:-1","max-image-preview":"max-image-preview:large","max-video-preview":"max-video-preview:-1"},"canonical":"https:\/\/www.cegh.at\/de\/dienstleistungen\/praesentationen\/informationsbroschuere-cegh\/","og_locale":"de_DE","og_type":"article","og_title":"Informationsordner - CEGH","og_description":"Erschlie\u00dfen Sie das Potenzial des \u00f6sterreichischen Marktes und entdecken Sie die Vorteile einer Zusammenarbeit mit dem CEGH in unserer Informationsmappe.","og_url":"https:\/\/www.cegh.at\/de\/dienstleistungen\/praesentationen\/informationsbroschuere-cegh\/","og_site_name":"CEGH","article_modified_time":"2024-03-21T10:10:14+00:00","twitter_card":"summary_large_image","schema":{"@context":"https:\/\/schema.org","@graph":[{"@type":"WebPage","@id":"https:\/\/www.cegh.at\/de\/dienstleistungen\/praesentationen\/informationsbroschuere-cegh\/","url":"https:\/\/www.cegh.at\/de\/dienstleistungen\/praesentationen\/informationsbroschuere-cegh\/","name":"Informationsordner - CEGH","isPartOf":{"@id":"https:\/\/www.cegh.at\/de\/#website"},"datePublished":"2023-03-14T09:32:21+00:00","dateModified":"2024-03-21T10:10:14+00:00","description":"Erschlie\u00dfen Sie das Potenzial des \u00f6sterreichischen Marktes und entdecken Sie die Vorteile einer Zusammenarbeit mit dem CEGH in unserer Informationsmappe.","breadcrumb":{"@id":"https:\/\/www.cegh.at\/de\/dienstleistungen\/praesentationen\/informationsbroschuere-cegh\/#breadcrumb"},"inLanguage":"de","potentialAction":[{"@type":"ReadAction","target":["https:\/\/www.cegh.at\/de\/dienstleistungen\/praesentationen\/informationsbroschuere-cegh\/"]}]},{"@type":"BreadcrumbList","@id":"https:\/\/www.cegh.at\/de\/dienstleistungen\/praesentationen\/informationsbroschuere-cegh\/#breadcrumb","itemListElement":[{"@type":"ListItem","position":1,"name":"Home","item":"https:\/\/www.cegh.at\/de\/"},{"@type":"ListItem","position":2,"name":"Services","item":"https:\/\/www.cegh.at\/de\/dienstleistungen\/"},{"@type":"ListItem","position":3,"name":"Pr\u00e4sentationen","item":"https:\/\/www.cegh.at\/de\/dienstleistungen\/praesentationen\/"},{"@type":"ListItem","position":4,"name":"Informationsbrosch\u00fcre CEGH"}]},{"@type":"WebSite","@id":"https:\/\/www.cegh.at\/de\/#website","url":"https:\/\/www.cegh.at\/de\/","name":"CEGH","description":"","publisher":{"@id":"https:\/\/www.cegh.at\/de\/#organization"},"potentialAction":[{"@type":"SearchAction","target":{"@type":"EntryPoint","urlTemplate":"https:\/\/www.cegh.at\/de\/?s={search_term_string}"},"query-input":{"@type":"PropertyValueSpecification","valueRequired":true,"valueName":"search_term_string"}}],"inLanguage":"de"},{"@type":"Organization","@id":"https:\/\/www.cegh.at\/de\/#organization","name":"CEGH","url":"https:\/\/www.cegh.at\/de\/","logo":{"@type":"ImageObject","inLanguage":"de","@id":"https:\/\/www.cegh.at\/de\/#\/schema\/logo\/image\/","url":"https:\/\/www.cegh.at\/wp-content\/uploads\/2023\/05\/Hauptlogo_RGB.jpg","contentUrl":"https:\/\/www.cegh.at\/wp-content\/uploads\/2023\/05\/Hauptlogo_RGB.jpg","width":3333,"height":2500,"caption":"CEGH"},"image":{"@id":"https:\/\/www.cegh.at\/de\/#\/schema\/logo\/image\/"}}]}},"_links":{"self":[{"href":"https:\/\/www.cegh.at\/de\/wp-json\/wp\/v2\/pages\/82950","targetHints":{"allow":["GET"]}}],"collection":[{"href":"https:\/\/www.cegh.at\/de\/wp-json\/wp\/v2\/pages"}],"about":[{"href":"https:\/\/www.cegh.at\/de\/wp-json\/wp\/v2\/types\/page"}],"author":[{"embeddable":true,"href":"https:\/\/www.cegh.at\/de\/wp-json\/wp\/v2\/users\/4"}],"replies":[{"embeddable":true,"href":"https:\/\/www.cegh.at\/de\/wp-json\/wp\/v2\/comments?post=82950"}],"version-history":[{"count":10,"href":"https:\/\/www.cegh.at\/de\/wp-json\/wp\/v2\/pages\/82950\/revisions"}],"predecessor-version":[{"id":529467,"href":"https:\/\/www.cegh.at\/de\/wp-json\/wp\/v2\/pages\/82950\/revisions\/529467"}],"up":[{"embeddable":true,"href":"https:\/\/www.cegh.at\/de\/wp-json\/wp\/v2\/pages\/82935"}],"wp:attachment":[{"href":"https:\/\/www.cegh.at\/de\/wp-json\/wp\/v2\/media?parent=82950"}],"curies":[{"name":"wp","href":"https:\/\/api.w.org\/{rel}","templated":true}]}}