{"id":82961,"date":"2023-03-14T10:34:36","date_gmt":"2023-03-14T09:34:36","guid":{"rendered":"https:\/\/www.cegh.at\/ueber-uns\/organisation\/"},"modified":"2024-03-21T11:11:40","modified_gmt":"2024-03-21T10:11:40","slug":"organisation","status":"publish","type":"page","link":"https:\/\/www.cegh.at\/de\/ueber-uns\/organisation\/","title":{"rendered":"Organisation"},"content":{"rendered":"\n\n\n\n\n\n\n\n\n\n\n\n    \n\n\n\n\n\n\n\n\n\n\n\n\n\n\n\n\n\n\n\n\n                    \n            <div class=\"ce ce-text pb-0\n         ce--mb-0                          ce--sp-small          ce--full\n             u-bgColor-white \"\n             id=\"block_dbfd775fdc7bb75f35b52d92a3af0f6e\">\n                                    <div class=\"container-fluid\">\n                            <div class=\"row\">\n                    <div class=\"cc-text__text col-12 col-md-12 col-xl-12 mx-auto text-left\">\n                        <div class=\"ce-textblock\" data-animation=\"true\" data-animation-duration=\"300\">\n    <div class=\"ce-textblock__text\">\n                    <p class=\"ce-textblock__topline\">Organisation<\/p>\n                            <h1 class=\"\"> Shareholder-Struktur <\/h1>\n                \n    <\/div>\n<\/div>\n                    <\/div>\n                <\/div>\n                        <\/div>\n                    <\/div>\n    \n        \n\n\n\n\n\n\n\n\n\n\n\n\n\n\n\n\n\n\n\n\n\n\n\n\n\n\n\n\n\n\n\n    \n        \n        \n    \n                                \n                            \n                                \n    \n    \n        \n    \n                                 \n            <div class=\"ce ce-textimage\n         ce--mb-standard                                                     ce--no-bg\n        \"\n             id=\"block_b31ce2ccbb2700c31e9275955e92f9d1\">\n                                    <div class=\"container-fluid\">\n                                <div class=\"row\">\n                    <div class=\"ce-textimage__text col-12 col-md-12 col-xl-8 mx-auto text-justify order-1 order-md-0 d-flex flex-column justify-content-center\">\n                        <div class=\"ce-textblock\" data-animation=\"true\" data-animation-duration=\"300\">\n    <div class=\"ce-textblock__text\">\n                        <p>&nbsp;<\/p>\n<p class=\"large\">Nach dem Start der gemeinsamen CEGH Gas Exchange der Wiener B\u00f6rse Ende 2009 hat sich die Wiener B\u00f6rse AG, wie am 17. Juni 2010 bekannt gegeben, mit 20 % an der Central European Gas Hub AG beteiligt. Damit wird die erfolgreiche Zusammenarbeit zwischen OMV und der Wiener B\u00f6rse AG fortgesetzt. Im September 2012 hat die slowakische Eustream einen Anteil von 15 % erworben, wodurch die Bedeutung f\u00fcr Mittel- und S\u00fcdosteuropa weiter gest\u00e4rkt wurde. Dies schafft neue M\u00f6glichkeiten f\u00fcr weitere Marktaktivit\u00e4ten in dieser Region.<\/p>\n<p class=\"large\">Gesellschafter der Central European Gas Hub AG sind die OMV Gas Logistics Holding GmbH mit 65 %, die Wiener B\u00f6rse AG mit 20 % und die slowakische Eustream a.s. mit einem Anteil von 15 %.<\/p>\n\n    <\/div>\n<\/div>\n                    <\/div>\n                    <div class=\"ce-textimage__image col-12 col-md-12 col-xl-4 order-0 order-md-1 d-flex flex-column justify-content-center\">\n                        <figure  data-animation=\"fade-up\" data-animation-duration=\"300\" >\n                                                                                            <picture>\n                                                                            \n                                        \n                                                                                                                                                                \n                                        <source media=\"(min-width: 1600px)\" srcset=\"https:\/\/www.cegh.at\/wp-content\/uploads\/2023\/05\/graph-organization-533.33333333333x0-c-default.png\">\n                                        <source media=\"(min-width: 1200px)\" srcset=\"https:\/\/www.cegh.at\/wp-content\/uploads\/2023\/05\/graph-organization-533.33333333333x0-c-default.png\">\n                                        <source media=\"(min-width: 992px)\" srcset=\"https:\/\/www.cegh.at\/wp-content\/uploads\/2023\/05\/graph-organization-992x0-c-default.png\">\n                                        <source media=\"(min-width: 768px)\" srcset=\"https:\/\/www.cegh.at\/wp-content\/uploads\/2023\/05\/graph-organization-992x0-c-default.png\">\n                                        <source media=\"(min-width: 576px)\" srcset=\"https:\/\/www.cegh.at\/wp-content\/uploads\/2023\/05\/graph-organization-576x0-c-default.png\">\n                                        <source media=\"(min-width: 320px)\" srcset=\"https:\/\/www.cegh.at\/wp-content\/uploads\/2023\/05\/graph-organization-576x0-c-default.png\">\n                                        <source srcset=\"https:\/\/www.cegh.at\/wp-content\/uploads\/2023\/05\/graph-organization-576x0-c-default.png\">\n                                        <img loading=\"lazy\" decoding=\"async\" src=\"https:\/\/www.cegh.at\/wp-content\/uploads\/2023\/05\/graph-organization-533.33333333333x0-c-default.png\" alt=\"\" title=\"graph-organization\"\n                                             width=\"584\" height=\"584\"\n                                             class=\"img-fluid w-100\">\n                                                                    <\/picture>\n                            \n                                                    <\/figure>\n                    <\/div>\n                <\/div>\n                            <\/div>\n                    <\/div>\n    \n        ","protected":false},"excerpt":{"rendered":"","protected":false},"author":4,"featured_media":0,"parent":95346,"menu_order":0,"comment_status":"closed","ping_status":"closed","template":"","meta":{"_acf_changed":false,"content-type":"","footnotes":""},"class_list":["post-82961","page","type-page","status-publish","hentry"],"acf":[],"yoast_head":"<!-- This site is optimized with the Yoast SEO plugin v27.3 - https:\/\/yoast.com\/product\/yoast-seo-wordpress\/ -->\n<title>Organisation - CEGH<\/title>\n<meta name=\"description\" content=\"Erfahren Sie mehr \u00fcber die strategischen Partnerschaften und die Aktion\u00e4rsstruktur des CEGH und wie unsere Organisation die Marktaktivit\u00e4ten f\u00f6rdert.\" \/>\n<meta name=\"robots\" content=\"index, follow, max-snippet:-1, max-image-preview:large, max-video-preview:-1\" \/>\n<link rel=\"canonical\" href=\"https:\/\/www.cegh.at\/de\/ueber-uns\/organisation\/\" \/>\n<meta property=\"og:locale\" content=\"de_DE\" \/>\n<meta property=\"og:type\" content=\"article\" \/>\n<meta property=\"og:title\" content=\"Organisation - CEGH\" \/>\n<meta property=\"og:description\" content=\"Erfahren Sie mehr \u00fcber die strategischen Partnerschaften und die Aktion\u00e4rsstruktur des CEGH und wie unsere Organisation die Marktaktivit\u00e4ten f\u00f6rdert.\" \/>\n<meta property=\"og:url\" content=\"https:\/\/www.cegh.at\/de\/ueber-uns\/organisation\/\" \/>\n<meta property=\"og:site_name\" content=\"CEGH\" \/>\n<meta property=\"article:modified_time\" content=\"2024-03-21T10:11:40+00:00\" \/>\n<meta name=\"twitter:card\" content=\"summary_large_image\" \/>\n<script type=\"application\/ld+json\" class=\"yoast-schema-graph\">{\"@context\":\"https:\\\/\\\/schema.org\",\"@graph\":[{\"@type\":\"WebPage\",\"@id\":\"https:\\\/\\\/www.cegh.at\\\/de\\\/ueber-uns\\\/organisation\\\/\",\"url\":\"https:\\\/\\\/www.cegh.at\\\/de\\\/ueber-uns\\\/organisation\\\/\",\"name\":\"Organisation - CEGH\",\"isPartOf\":{\"@id\":\"https:\\\/\\\/www.cegh.at\\\/de\\\/#website\"},\"datePublished\":\"2023-03-14T09:34:36+00:00\",\"dateModified\":\"2024-03-21T10:11:40+00:00\",\"description\":\"Erfahren Sie mehr \u00fcber die strategischen Partnerschaften und die Aktion\u00e4rsstruktur des CEGH und wie unsere Organisation die Marktaktivit\u00e4ten f\u00f6rdert.\",\"breadcrumb\":{\"@id\":\"https:\\\/\\\/www.cegh.at\\\/de\\\/ueber-uns\\\/organisation\\\/#breadcrumb\"},\"inLanguage\":\"de\",\"potentialAction\":[{\"@type\":\"ReadAction\",\"target\":[\"https:\\\/\\\/www.cegh.at\\\/de\\\/ueber-uns\\\/organisation\\\/\"]}]},{\"@type\":\"BreadcrumbList\",\"@id\":\"https:\\\/\\\/www.cegh.at\\\/de\\\/ueber-uns\\\/organisation\\\/#breadcrumb\",\"itemListElement\":[{\"@type\":\"ListItem\",\"position\":1,\"name\":\"Home\",\"item\":\"https:\\\/\\\/www.cegh.at\\\/de\\\/\"},{\"@type\":\"ListItem\",\"position\":2,\"name\":\"\u00dcber uns\",\"item\":\"https:\\\/\\\/www.cegh.at\\\/de\\\/ueber-uns\\\/\"},{\"@type\":\"ListItem\",\"position\":3,\"name\":\"Organisation\"}]},{\"@type\":\"WebSite\",\"@id\":\"https:\\\/\\\/www.cegh.at\\\/de\\\/#website\",\"url\":\"https:\\\/\\\/www.cegh.at\\\/de\\\/\",\"name\":\"CEGH\",\"description\":\"\",\"publisher\":{\"@id\":\"https:\\\/\\\/www.cegh.at\\\/de\\\/#organization\"},\"potentialAction\":[{\"@type\":\"SearchAction\",\"target\":{\"@type\":\"EntryPoint\",\"urlTemplate\":\"https:\\\/\\\/www.cegh.at\\\/de\\\/?s={search_term_string}\"},\"query-input\":{\"@type\":\"PropertyValueSpecification\",\"valueRequired\":true,\"valueName\":\"search_term_string\"}}],\"inLanguage\":\"de\"},{\"@type\":\"Organization\",\"@id\":\"https:\\\/\\\/www.cegh.at\\\/de\\\/#organization\",\"name\":\"CEGH\",\"url\":\"https:\\\/\\\/www.cegh.at\\\/de\\\/\",\"logo\":{\"@type\":\"ImageObject\",\"inLanguage\":\"de\",\"@id\":\"https:\\\/\\\/www.cegh.at\\\/de\\\/#\\\/schema\\\/logo\\\/image\\\/\",\"url\":\"https:\\\/\\\/www.cegh.at\\\/wp-content\\\/uploads\\\/2023\\\/05\\\/Hauptlogo_RGB.jpg\",\"contentUrl\":\"https:\\\/\\\/www.cegh.at\\\/wp-content\\\/uploads\\\/2023\\\/05\\\/Hauptlogo_RGB.jpg\",\"width\":3333,\"height\":2500,\"caption\":\"CEGH\"},\"image\":{\"@id\":\"https:\\\/\\\/www.cegh.at\\\/de\\\/#\\\/schema\\\/logo\\\/image\\\/\"}}]}<\/script>\n<!-- \/ Yoast SEO plugin. -->","yoast_head_json":{"title":"Organisation - CEGH","description":"Erfahren Sie mehr \u00fcber die strategischen Partnerschaften und die Aktion\u00e4rsstruktur des CEGH und wie unsere Organisation die Marktaktivit\u00e4ten f\u00f6rdert.","robots":{"index":"index","follow":"follow","max-snippet":"max-snippet:-1","max-image-preview":"max-image-preview:large","max-video-preview":"max-video-preview:-1"},"canonical":"https:\/\/www.cegh.at\/de\/ueber-uns\/organisation\/","og_locale":"de_DE","og_type":"article","og_title":"Organisation - CEGH","og_description":"Erfahren Sie mehr \u00fcber die strategischen Partnerschaften und die Aktion\u00e4rsstruktur des CEGH und wie unsere Organisation die Marktaktivit\u00e4ten f\u00f6rdert.","og_url":"https:\/\/www.cegh.at\/de\/ueber-uns\/organisation\/","og_site_name":"CEGH","article_modified_time":"2024-03-21T10:11:40+00:00","twitter_card":"summary_large_image","schema":{"@context":"https:\/\/schema.org","@graph":[{"@type":"WebPage","@id":"https:\/\/www.cegh.at\/de\/ueber-uns\/organisation\/","url":"https:\/\/www.cegh.at\/de\/ueber-uns\/organisation\/","name":"Organisation - CEGH","isPartOf":{"@id":"https:\/\/www.cegh.at\/de\/#website"},"datePublished":"2023-03-14T09:34:36+00:00","dateModified":"2024-03-21T10:11:40+00:00","description":"Erfahren Sie mehr \u00fcber die strategischen Partnerschaften und die Aktion\u00e4rsstruktur des CEGH und wie unsere Organisation die Marktaktivit\u00e4ten f\u00f6rdert.","breadcrumb":{"@id":"https:\/\/www.cegh.at\/de\/ueber-uns\/organisation\/#breadcrumb"},"inLanguage":"de","potentialAction":[{"@type":"ReadAction","target":["https:\/\/www.cegh.at\/de\/ueber-uns\/organisation\/"]}]},{"@type":"BreadcrumbList","@id":"https:\/\/www.cegh.at\/de\/ueber-uns\/organisation\/#breadcrumb","itemListElement":[{"@type":"ListItem","position":1,"name":"Home","item":"https:\/\/www.cegh.at\/de\/"},{"@type":"ListItem","position":2,"name":"\u00dcber uns","item":"https:\/\/www.cegh.at\/de\/ueber-uns\/"},{"@type":"ListItem","position":3,"name":"Organisation"}]},{"@type":"WebSite","@id":"https:\/\/www.cegh.at\/de\/#website","url":"https:\/\/www.cegh.at\/de\/","name":"CEGH","description":"","publisher":{"@id":"https:\/\/www.cegh.at\/de\/#organization"},"potentialAction":[{"@type":"SearchAction","target":{"@type":"EntryPoint","urlTemplate":"https:\/\/www.cegh.at\/de\/?s={search_term_string}"},"query-input":{"@type":"PropertyValueSpecification","valueRequired":true,"valueName":"search_term_string"}}],"inLanguage":"de"},{"@type":"Organization","@id":"https:\/\/www.cegh.at\/de\/#organization","name":"CEGH","url":"https:\/\/www.cegh.at\/de\/","logo":{"@type":"ImageObject","inLanguage":"de","@id":"https:\/\/www.cegh.at\/de\/#\/schema\/logo\/image\/","url":"https:\/\/www.cegh.at\/wp-content\/uploads\/2023\/05\/Hauptlogo_RGB.jpg","contentUrl":"https:\/\/www.cegh.at\/wp-content\/uploads\/2023\/05\/Hauptlogo_RGB.jpg","width":3333,"height":2500,"caption":"CEGH"},"image":{"@id":"https:\/\/www.cegh.at\/de\/#\/schema\/logo\/image\/"}}]}},"_links":{"self":[{"href":"https:\/\/www.cegh.at\/de\/wp-json\/wp\/v2\/pages\/82961","targetHints":{"allow":["GET"]}}],"collection":[{"href":"https:\/\/www.cegh.at\/de\/wp-json\/wp\/v2\/pages"}],"about":[{"href":"https:\/\/www.cegh.at\/de\/wp-json\/wp\/v2\/types\/page"}],"author":[{"embeddable":true,"href":"https:\/\/www.cegh.at\/de\/wp-json\/wp\/v2\/users\/4"}],"replies":[{"embeddable":true,"href":"https:\/\/www.cegh.at\/de\/wp-json\/wp\/v2\/comments?post=82961"}],"version-history":[{"count":12,"href":"https:\/\/www.cegh.at\/de\/wp-json\/wp\/v2\/pages\/82961\/revisions"}],"predecessor-version":[{"id":831155,"href":"https:\/\/www.cegh.at\/de\/wp-json\/wp\/v2\/pages\/82961\/revisions\/831155"}],"up":[{"embeddable":true,"href":"https:\/\/www.cegh.at\/de\/wp-json\/wp\/v2\/pages\/95346"}],"wp:attachment":[{"href":"https:\/\/www.cegh.at\/de\/wp-json\/wp\/v2\/media?parent=82961"}],"curies":[{"name":"wp","href":"https:\/\/api.w.org\/{rel}","templated":true}]}}