{"id":83732,"date":"2023-03-14T10:35:33","date_gmt":"2023-03-14T09:35:33","guid":{"rendered":"https:\/\/www.cegh.at\/ueber-uns\/datenschutzerklaerung\/"},"modified":"2024-03-26T12:16:00","modified_gmt":"2024-03-26T11:16:00","slug":"datenschutzerklaerung","status":"publish","type":"page","link":"https:\/\/www.cegh.at\/de\/ueber-uns\/datenschutzerklaerung\/","title":{"rendered":"Datenschutzerkl\u00e4rung"},"content":{"rendered":"\n\n\n\n\n\n\n\n\n\n\n\n    \n\n\n\n\n\n\n\n\n\n\n\n\n\n\n\n\n\n\n\n\n                    \n            <div class=\"ce ce-text pb-0\n         ce--mb-standard                          ce--sp-small          ce--full\n             u-bgColor-white \"\n             id=\"block_b3db844f7f64fc8d647f656210a8fe71\">\n                                    <div class=\"container-fluid\">\n                            <div class=\"row\">\n                    <div class=\"cc-text__text col-12 col-md-12 col-xl-12 mx-auto text-left\">\n                        <div class=\"ce-textblock\" data-animation=\"true\" data-animation-duration=\"300\">\n    <div class=\"ce-textblock__text\">\n                    <p class=\"ce-textblock__topline\">\u00dcber uns<\/p>\n                            <h1 class=\"\"> Datenschutzerkl\u00e4rung <\/h1>\n                <p>&nbsp;<\/p>\n<p><strong>Speicherung und Verarbeitung von personenbezogenen Daten gem. VO (EU) 2016\/679 (Datenschutz-Grundverordnung) im Rahmen der Erbringung von Hub-Dienstleistungen und der CEGH Mitgliedschaft bzw. CEGH REMIT Plattform<\/strong><\/p>\n<p>Central European Gas Hub AG (CEGH) ist der Verantwortliche f\u00fcr Speicherung und Verarbeitung von personenbezogenen Daten gem. VO (EU) 2016\/679 (Datenschutz-Grundverordnung) im Rahmen der Erbringung von Hub-Dienstleistungen und der CEGH Mitgliedschaft bzw. CEGH REMIT Plattform.<\/p>\n<p>CEGH verarbeitet und speichert personenbezogene Daten im Zusammenhang mit der Erf\u00fcllung seiner vertraglichen Verpflichtungen als Betreiber des Virtuellen Handelspunktes gem\u00e4\u00df \u00a7 68 Gaswirtschaftsgesetz 2011. Rechtsgrundlage f\u00fcr die Verarbeitung der Daten sind der CEGH Mitgliedschaftsvertrag (AB B-VHP) bzw. die Nutzungsbedingungen der CEGH REMIT Plattform in ihrer jeweils g\u00fcltigen Fassung.<\/p>\n<p>Zum Zweck des Abschlusses und der Erf\u00fcllung des CEGH Mitgliedschaftsvertrages sowie der Erf\u00fcllung der regulatorischen Anforderungen betreffend die T\u00e4tigkeit als Bilanzgruppenverantwortlicher oder Erdgash\u00e4ndler bzw. f\u00fcr die Nutzung der CEGH REMIT Plattform werden die daf\u00fcr erforderlichen, personenbezogene Daten verarbeitet: Name, Kontaktdaten, Daten betreffend das jeweilige Vertragsverh\u00e4ltnis (z.B. E-Mail-Adresse, Telefonnummer, Nominierungsdaten, Daten betreffend Sicherheitsleistung, Funktionstr\u00e4ger \/ Organe, Firmenbuchdaten, Konto- und Bonit\u00e4tsinformationen, Information von Ratingagenturen etc.), Kommunikation im Rahmen der Erbringung von Hub-Dienstleistungen und der CEGH Mitgliedschaft sowie der Nutzung der CEGH REMIT Plattform.<\/p>\n<p>Zum Zwecke der Verarbeitung k\u00f6nnen personenbezogene Daten \u00fcbermittelt werden an:<\/p>\n<ul>\n<li><strong><a class=\"u-color-text-theme-blue\" href=\"http:\/\/www.e-control.at\">EnergieControl Austria<\/a><\/strong><\/li>\n<li><strong><a class=\"u-color-text-theme-blue\" href=\"http:\/\/www.acer.europa.eu\">ACER<\/a><\/strong><\/li>\n<li><strong><a class=\"u-color-text-theme-blue\" href=\"https:\/\/www.aggm.at\/\">Austrian Gas Grid Management AG<\/a><\/strong> (in ihrer Eigenschaft als Marktgebiets- und Verteilergebietsmanager f\u00fcr das \u00f6sterreichische Marktgebiet Ost)<\/li>\n<li><a class=\"u-color-text-theme-blue\" href=\"https:\/\/www.cegh.at\/de\/gasboerse\/\"><strong>EEX CEGH Gas Exchange Services GmbH<\/strong><\/a><\/li>\n<li><a class=\"u-color-text-theme-blue\" href=\"http:\/\/www.eex.com\"><strong>EEX AG<\/strong><\/a><\/li>\n<li><strong>IT-Dienstleister<\/strong><\/li>\n<\/ul>\n<p>Ebenso k\u00f6nnen von den genannten Stellen auch personenbezogene Daten an CEGH \u00fcbermittelt werden, sofern dies f\u00fcr den Abschluss oder die Erf\u00fcllung des CEGH Mitgliedschaftsvertrages bzw. von regulatorischen Anforderungen betreffend die T\u00e4tigkeit als Bilanzgruppenverantwortlicher oder Erdgash\u00e4ndler erforderlich ist.<\/p>\n<p>Die Dauer der Datenspeicherung erfolgt f\u00fcr den Zeitraum des Bestehens eines aufrechten Vertragsverh\u00e4ltnisses sowie f\u00fcr die Dauer des Bestehens von Rechtsanspr\u00fcchen betreffend das Vertragsverh\u00e4ltnis bzw. den entsprechenden regulatorischen Anforderungen.<\/p>\n<p>Ihnen stehen bez\u00fcglich der von CEGH gespeicherten Daten grunds\u00e4tzlich die Rechte auf Auskunft, Berichtigung, L\u00f6schung, Einschr\u00e4nkung, Daten\u00fcbertragbarkeit sowie jederzeitigen Widerruf und Widerspruch zu. M\u00f6gliche Folgen einer Nicht-Bereitstellung der erforderlichen Daten bestehen darin, dass ein Abschluss oder die Erf\u00fcllung des CEGH Mitgliedschaftsvertrages nicht oder nur eingeschr\u00e4nkt m\u00f6glich ist.<\/p>\n<p>Ihre Zustimmung zur Datenverarbeitung kann jederzeit widerrufen werden, wobei wir darauf hinwiesen, dass die Datenverarbeitung bis zum Zeitpunkt des Widerrufs rechtm\u00e4\u00dfig bleibt.<\/p>\n<p><span class=\"borlabs-cookie-open-dialog-preferences brlbs-cmpnt-container\" data-borlabs-cookie-title=\"Cookie-Einstellungen\" data-borlabs-cookie-type=\"button\" ><\/span><\/p>\n<p>Wenn Sie der Ansicht sind, dass die Verarbeitung Ihrer Daten gegen das Datenschutzrecht verst\u00f6\u00dft oder Ihre datenschutzrechtlichen Anspr\u00fcche sonst in einer Weise verletzt worden sind, k\u00f6nnen Sie bei der Aufsichtsbeh\u00f6rde Beschwerde einlegen. In \u00d6sterreich ist dies die Datenschutzbeh\u00f6rde (https:\/\/www.dsb.gv.at\/).<\/p>\n<p>&nbsp;<\/p>\n<p>&nbsp;<\/p>\n<p class=\"large\" style=\"text-align: center;\"><strong>Nachstehend finden Sie unsere CEGH-Datenschutzerkl\u00e4rung<\/strong><\/p>\n<p>&nbsp;<\/p>\n<p style=\"text-align: center;\"><a class=\"btn btn--primary\" href=\"https:\/\/www.cegh.at\/wp-content\/uploads\/2023\/05\/cegh-datenschutzerklaerung_final.pdf\">Deutsche Fassung <\/a><a class=\"btn btn--primary\" href=\"https:\/\/www.cegh.at\/wp-content\/uploads\/2023\/05\/2020-07-08-cegh-data-protection-statement.pdf\">Englische Fassung<\/a><\/p>\n\n    <\/div>\n<\/div>\n                    <\/div>\n                <\/div>\n                        <\/div>\n                    <\/div>\n    \n        ","protected":false},"excerpt":{"rendered":"","protected":false},"author":4,"featured_media":0,"parent":95346,"menu_order":0,"comment_status":"closed","ping_status":"closed","template":"","meta":{"_acf_changed":false,"content-type":"","footnotes":""},"class_list":["post-83732","page","type-page","status-publish","hentry"],"acf":[],"yoast_head":"<!-- This site is optimized with the Yoast SEO plugin v27.3 - https:\/\/yoast.com\/product\/yoast-seo-wordpress\/ -->\n<title>Datenschutzerkl\u00e4rung - CEGH<\/title>\n<meta name=\"description\" content=\"Entdecken Sie die umfassende Datenschutzerkl\u00e4rung des CEGH, die sich mit der Einhaltung der GDPR, der Datenverarbeitung, der Datenspeicherung und den Rechten der Mitglieder befasst.\" \/>\n<meta name=\"robots\" content=\"index, follow, max-snippet:-1, max-image-preview:large, max-video-preview:-1\" \/>\n<link rel=\"canonical\" href=\"https:\/\/www.cegh.at\/de\/ueber-uns\/datenschutzerklaerung\/\" \/>\n<meta property=\"og:locale\" content=\"de_DE\" \/>\n<meta property=\"og:type\" content=\"article\" \/>\n<meta property=\"og:title\" content=\"Datenschutzerkl\u00e4rung - CEGH\" \/>\n<meta property=\"og:description\" content=\"Entdecken Sie die umfassende Datenschutzerkl\u00e4rung des CEGH, die sich mit der Einhaltung der GDPR, der Datenverarbeitung, der Datenspeicherung und den Rechten der Mitglieder befasst.\" \/>\n<meta property=\"og:url\" content=\"https:\/\/www.cegh.at\/de\/ueber-uns\/datenschutzerklaerung\/\" \/>\n<meta property=\"og:site_name\" content=\"CEGH\" \/>\n<meta property=\"article:modified_time\" content=\"2024-03-26T11:16:00+00:00\" \/>\n<meta name=\"twitter:card\" content=\"summary_large_image\" \/>\n<script type=\"application\/ld+json\" class=\"yoast-schema-graph\">{\"@context\":\"https:\\\/\\\/schema.org\",\"@graph\":[{\"@type\":\"WebPage\",\"@id\":\"https:\\\/\\\/www.cegh.at\\\/de\\\/ueber-uns\\\/datenschutzerklaerung\\\/\",\"url\":\"https:\\\/\\\/www.cegh.at\\\/de\\\/ueber-uns\\\/datenschutzerklaerung\\\/\",\"name\":\"Datenschutzerkl\u00e4rung - CEGH\",\"isPartOf\":{\"@id\":\"https:\\\/\\\/www.cegh.at\\\/de\\\/#website\"},\"datePublished\":\"2023-03-14T09:35:33+00:00\",\"dateModified\":\"2024-03-26T11:16:00+00:00\",\"description\":\"Entdecken Sie die umfassende Datenschutzerkl\u00e4rung des CEGH, die sich mit der Einhaltung der GDPR, der Datenverarbeitung, der Datenspeicherung und den Rechten der Mitglieder befasst.\",\"breadcrumb\":{\"@id\":\"https:\\\/\\\/www.cegh.at\\\/de\\\/ueber-uns\\\/datenschutzerklaerung\\\/#breadcrumb\"},\"inLanguage\":\"de\",\"potentialAction\":[{\"@type\":\"ReadAction\",\"target\":[\"https:\\\/\\\/www.cegh.at\\\/de\\\/ueber-uns\\\/datenschutzerklaerung\\\/\"]}]},{\"@type\":\"BreadcrumbList\",\"@id\":\"https:\\\/\\\/www.cegh.at\\\/de\\\/ueber-uns\\\/datenschutzerklaerung\\\/#breadcrumb\",\"itemListElement\":[{\"@type\":\"ListItem\",\"position\":1,\"name\":\"Home\",\"item\":\"https:\\\/\\\/www.cegh.at\\\/de\\\/\"},{\"@type\":\"ListItem\",\"position\":2,\"name\":\"\u00dcber uns\",\"item\":\"https:\\\/\\\/www.cegh.at\\\/de\\\/ueber-uns\\\/\"},{\"@type\":\"ListItem\",\"position\":3,\"name\":\"Datenschutzerkl\u00e4rung\"}]},{\"@type\":\"WebSite\",\"@id\":\"https:\\\/\\\/www.cegh.at\\\/de\\\/#website\",\"url\":\"https:\\\/\\\/www.cegh.at\\\/de\\\/\",\"name\":\"CEGH\",\"description\":\"\",\"publisher\":{\"@id\":\"https:\\\/\\\/www.cegh.at\\\/de\\\/#organization\"},\"potentialAction\":[{\"@type\":\"SearchAction\",\"target\":{\"@type\":\"EntryPoint\",\"urlTemplate\":\"https:\\\/\\\/www.cegh.at\\\/de\\\/?s={search_term_string}\"},\"query-input\":{\"@type\":\"PropertyValueSpecification\",\"valueRequired\":true,\"valueName\":\"search_term_string\"}}],\"inLanguage\":\"de\"},{\"@type\":\"Organization\",\"@id\":\"https:\\\/\\\/www.cegh.at\\\/de\\\/#organization\",\"name\":\"CEGH\",\"url\":\"https:\\\/\\\/www.cegh.at\\\/de\\\/\",\"logo\":{\"@type\":\"ImageObject\",\"inLanguage\":\"de\",\"@id\":\"https:\\\/\\\/www.cegh.at\\\/de\\\/#\\\/schema\\\/logo\\\/image\\\/\",\"url\":\"https:\\\/\\\/www.cegh.at\\\/wp-content\\\/uploads\\\/2023\\\/05\\\/Hauptlogo_RGB.jpg\",\"contentUrl\":\"https:\\\/\\\/www.cegh.at\\\/wp-content\\\/uploads\\\/2023\\\/05\\\/Hauptlogo_RGB.jpg\",\"width\":3333,\"height\":2500,\"caption\":\"CEGH\"},\"image\":{\"@id\":\"https:\\\/\\\/www.cegh.at\\\/de\\\/#\\\/schema\\\/logo\\\/image\\\/\"}}]}<\/script>\n<!-- \/ Yoast SEO plugin. -->","yoast_head_json":{"title":"Datenschutzerkl\u00e4rung - CEGH","description":"Entdecken Sie die umfassende Datenschutzerkl\u00e4rung des CEGH, die sich mit der Einhaltung der GDPR, der Datenverarbeitung, der Datenspeicherung und den Rechten der Mitglieder befasst.","robots":{"index":"index","follow":"follow","max-snippet":"max-snippet:-1","max-image-preview":"max-image-preview:large","max-video-preview":"max-video-preview:-1"},"canonical":"https:\/\/www.cegh.at\/de\/ueber-uns\/datenschutzerklaerung\/","og_locale":"de_DE","og_type":"article","og_title":"Datenschutzerkl\u00e4rung - CEGH","og_description":"Entdecken Sie die umfassende Datenschutzerkl\u00e4rung des CEGH, die sich mit der Einhaltung der GDPR, der Datenverarbeitung, der Datenspeicherung und den Rechten der Mitglieder befasst.","og_url":"https:\/\/www.cegh.at\/de\/ueber-uns\/datenschutzerklaerung\/","og_site_name":"CEGH","article_modified_time":"2024-03-26T11:16:00+00:00","twitter_card":"summary_large_image","schema":{"@context":"https:\/\/schema.org","@graph":[{"@type":"WebPage","@id":"https:\/\/www.cegh.at\/de\/ueber-uns\/datenschutzerklaerung\/","url":"https:\/\/www.cegh.at\/de\/ueber-uns\/datenschutzerklaerung\/","name":"Datenschutzerkl\u00e4rung - CEGH","isPartOf":{"@id":"https:\/\/www.cegh.at\/de\/#website"},"datePublished":"2023-03-14T09:35:33+00:00","dateModified":"2024-03-26T11:16:00+00:00","description":"Entdecken Sie die umfassende Datenschutzerkl\u00e4rung des CEGH, die sich mit der Einhaltung der GDPR, der Datenverarbeitung, der Datenspeicherung und den Rechten der Mitglieder befasst.","breadcrumb":{"@id":"https:\/\/www.cegh.at\/de\/ueber-uns\/datenschutzerklaerung\/#breadcrumb"},"inLanguage":"de","potentialAction":[{"@type":"ReadAction","target":["https:\/\/www.cegh.at\/de\/ueber-uns\/datenschutzerklaerung\/"]}]},{"@type":"BreadcrumbList","@id":"https:\/\/www.cegh.at\/de\/ueber-uns\/datenschutzerklaerung\/#breadcrumb","itemListElement":[{"@type":"ListItem","position":1,"name":"Home","item":"https:\/\/www.cegh.at\/de\/"},{"@type":"ListItem","position":2,"name":"\u00dcber uns","item":"https:\/\/www.cegh.at\/de\/ueber-uns\/"},{"@type":"ListItem","position":3,"name":"Datenschutzerkl\u00e4rung"}]},{"@type":"WebSite","@id":"https:\/\/www.cegh.at\/de\/#website","url":"https:\/\/www.cegh.at\/de\/","name":"CEGH","description":"","publisher":{"@id":"https:\/\/www.cegh.at\/de\/#organization"},"potentialAction":[{"@type":"SearchAction","target":{"@type":"EntryPoint","urlTemplate":"https:\/\/www.cegh.at\/de\/?s={search_term_string}"},"query-input":{"@type":"PropertyValueSpecification","valueRequired":true,"valueName":"search_term_string"}}],"inLanguage":"de"},{"@type":"Organization","@id":"https:\/\/www.cegh.at\/de\/#organization","name":"CEGH","url":"https:\/\/www.cegh.at\/de\/","logo":{"@type":"ImageObject","inLanguage":"de","@id":"https:\/\/www.cegh.at\/de\/#\/schema\/logo\/image\/","url":"https:\/\/www.cegh.at\/wp-content\/uploads\/2023\/05\/Hauptlogo_RGB.jpg","contentUrl":"https:\/\/www.cegh.at\/wp-content\/uploads\/2023\/05\/Hauptlogo_RGB.jpg","width":3333,"height":2500,"caption":"CEGH"},"image":{"@id":"https:\/\/www.cegh.at\/de\/#\/schema\/logo\/image\/"}}]}},"_links":{"self":[{"href":"https:\/\/www.cegh.at\/de\/wp-json\/wp\/v2\/pages\/83732","targetHints":{"allow":["GET"]}}],"collection":[{"href":"https:\/\/www.cegh.at\/de\/wp-json\/wp\/v2\/pages"}],"about":[{"href":"https:\/\/www.cegh.at\/de\/wp-json\/wp\/v2\/types\/page"}],"author":[{"embeddable":true,"href":"https:\/\/www.cegh.at\/de\/wp-json\/wp\/v2\/users\/4"}],"replies":[{"embeddable":true,"href":"https:\/\/www.cegh.at\/de\/wp-json\/wp\/v2\/comments?post=83732"}],"version-history":[{"count":22,"href":"https:\/\/www.cegh.at\/de\/wp-json\/wp\/v2\/pages\/83732\/revisions"}],"predecessor-version":[{"id":535420,"href":"https:\/\/www.cegh.at\/de\/wp-json\/wp\/v2\/pages\/83732\/revisions\/535420"}],"up":[{"embeddable":true,"href":"https:\/\/www.cegh.at\/de\/wp-json\/wp\/v2\/pages\/95346"}],"wp:attachment":[{"href":"https:\/\/www.cegh.at\/de\/wp-json\/wp\/v2\/media?parent=83732"}],"curies":[{"name":"wp","href":"https:\/\/api.w.org\/{rel}","templated":true}]}}