{"id":95346,"date":"2023-03-09T11:42:30","date_gmt":"2023-03-09T10:42:30","guid":{"rendered":"https:\/\/www.cegh.at\/ueber-uns\/"},"modified":"2024-11-18T12:01:51","modified_gmt":"2024-11-18T11:01:51","slug":"ueber-uns","status":"publish","type":"page","link":"https:\/\/www.cegh.at\/de\/ueber-uns\/","title":{"rendered":"\u00dcber uns"},"content":{"rendered":"\n\n\n\n\n\n\n\n\n\n\n\n\n\n\n\n\n\n\n\n\n\n\n\n\n\n\n\n\n\n\n\n\n                    \n            <div class=\"ce ce-text pb-0\n         ce--mb-small          ce--contrast                  ce--sp-small          ce--full\n             js-bgcontainer u-bg-cc  \"\n             id=\"block_3135e0e90a1a3bbcb0cabb288929eaf4\">\n                                <figure>\n    <picture>\n        <source media=\"(min-width: 1440px)\" srcset=\"https:\/\/www.cegh.at\/wp-content\/uploads\/2023\/05\/MicrosoftTeams-image-3-1920x0-c-default.jpg\">\n        <source media=\"(min-width: 1200px)\" srcset=\"https:\/\/www.cegh.at\/wp-content\/uploads\/2023\/05\/MicrosoftTeams-image-3-1440x0-c-default.jpg\">\n        <source media=\"(min-width: 992px)\" srcset=\"https:\/\/www.cegh.at\/wp-content\/uploads\/2023\/05\/MicrosoftTeams-image-3-1200x0-c-default.jpg\">\n        <source media=\"(min-width: 768px)\" srcset=\"https:\/\/www.cegh.at\/wp-content\/uploads\/2023\/05\/MicrosoftTeams-image-3-992x0-c-default.jpg\">\n        <source media=\"(min-width: 576px)\" srcset=\"https:\/\/www.cegh.at\/wp-content\/uploads\/2023\/05\/MicrosoftTeams-image-3-768x0-c-default.jpg\">\n        <source media=\"(min-width: 320px)\" srcset=\"https:\/\/www.cegh.at\/wp-content\/uploads\/2023\/05\/MicrosoftTeams-image-3-576x0-c-default.jpg\">\n        <source srcset=\"https:\/\/www.cegh.at\/wp-content\/uploads\/2023\/05\/MicrosoftTeams-image-3-576x0-c-default.jpg\">\n        <img loading=\"lazy\" decoding=\"async\" src=\"https:\/\/www.cegh.at\/wp-content\/uploads\/2023\/05\/MicrosoftTeams-image-3-1920x0-c-default.jpg\" width=\"4000\"\n             height=\"3000\" alt=\"\" title=\"Man stands inside spiral abstraction on dark toned background\" class=\"img-fluid w-100 js-bgimage\">\n    <\/picture>\n<\/figure>\n                <div class=\"ce-text__gradient ce-text__gradient--center js-gradient\"><\/div>\n                <div class=\"ce-text__gradient--base\"><\/div>\n                                    <div class=\"container-fluid\">\n                            <div class=\"row\">\n                    <div class=\"cc-text__text col-12 col-md-12 col-xl-12 mx-auto text-left\">\n                        <div class=\"ce-textblock\" data-animation=\"true\" data-animation-duration=\"300\">\n    <div class=\"ce-textblock__text\">\n                    <p class=\"ce-textblock__topline\">\u00dcber uns<\/p>\n                            <h1 class=\"\"> Transparenter Handel mit erstklassigem Service <\/h1>\n                \n    <\/div>\n<\/div>\n                    <\/div>\n                <\/div>\n                        <\/div>\n                    <\/div>\n    \n        \n\n\n\n\n\n\n\n\n\n\n\n\n\n\n\n\n\n\n\n\n\n\n\n\n\n\n\n\n\n\n\n\n\n\n            \n        \n                    <div class=\"ce ce-cols ce-cols--2\n         ce--mb-small                                 \"\n                 id=\"block_b0e7a3a31fa0d77750c36b531cac95a8\">\n                                    <div class=\"container-fluid\">\n                                        <div class=\"row\">\n                        <div class=\"col-12 col-lg-4 \">\n                            <!--HIER DIE SCHLEIFE MIT DEM CONTENT SPALTE 1-->\n                                                                                                                            \n\n\n\n\n\n\n\n\n\n\n\n\n\n\n\n\n\n\n\n\n\n\n\n\n\n\n\n\n\n\n                                            \n        \n        \n        \n    \n\n                    \n    \n\n                    \n            <div class=\"ce ce-text pb-0\n                                        \"\n             id=\"block_b0e7a3a31fa0d77750c36b531cac95a8\">\n                                        <div class=\"row\">\n                    <div class=\"cc-text__text col-12 col-md-12 col-xl-12  text-left\">\n                        <div class=\"ce-textblock\" data-animation=\"true\" data-animation-duration=\"300\">\n    <div class=\"ce-textblock__text\">\n                            <h5 class=\"\"> CEGH <\/h5>\n                <p class=\"large\"><span class=\"selectable-text copyable-text\">Die Central European Gas Hub AG (CEGH) mit Sitz in Wien, \u00d6sterreich, ist der f\u00fchrende Marktplatz f\u00fcr den Gashandel in Mittel- und Osteuropa. Als Betreiber des Virtuellen Handelspunktes \u00f6ffnet der CEGH internationalen Gash\u00e4ndlern ein Tor zum Handel in der Entry\/Exit-Zone des \u00f6sterreichischen Marktes. Im Jahr 2023 erzielte der CEGH ein Gesamthandelsvolumen von 575 TWh Erdgas am VTP-Markt und 394 TWh an der Gasb\u00f6rse. Dank dieser hervorragenden Entwicklung ist CEGH f\u00fchrend unter den Gashubs in Zentral- und Osteuropa.<\/span><\/p>\n\n    <\/div>\n<\/div>\n                    <\/div>\n                <\/div>\n                    <\/div>\n    \n                                                                    \n                        <\/div>\n                        <div class=\"col-12 col-lg-8 \">\n                            <!--HIER DIE SCHLEIFE MIT DEM CONTENT SPALTE 2-->\n                                                                                                                            \n\n\n\n\n\n\n\n\n\n\n\n\n\n\n\n\n\n\n\n\n\n\n\n\n\n\n\n\n\n\n                                            \n        \n        \n        \n    \n\n                    \n    \n\n                    \n            <div class=\"ce ce-text pb-0\n                                        \"\n             id=\"block_b0e7a3a31fa0d77750c36b531cac95a8\">\n                                        <div class=\"row\">\n                    <div class=\"cc-text__text col-12 col-md-12 col-xl-12  text-left\">\n                        <div class=\"ce-textblock\" data-animation=\"true\" data-animation-duration=\"300\">\n    <div class=\"ce-textblock__text\">\n                    <p class=\"ce-textblock__topline\">  <\/p>\n                            <h2 class=\"\">   <\/h2>\n                <p>CEGH bietet auf seinen Plattformen mehrere M\u00f6glichkeiten zum internationalen Gashandel und verschiedene Dienstleistungen an:<\/p>\n<ul>\n<li><strong>CEGH VHP (Virtueller Handelspunkt)<\/strong><\/li>\n<li><strong>EEX CEGH Gasb\u00f6rsenprodukte werden \u00fcber die paneurop\u00e4ische EEX-Plattform angeboten, mit Lieferung am \u00f6sterreichischen VHP<\/strong><\/li>\n<li><strong>EEX CEGH Czech Gas Exchange mit Lieferung am tschechischen VHP in Zusammenarbeit mit EEX<\/strong><\/li>\n<\/ul>\n<p>Die einzigartige Kombination aus VHP-Leistungen und B\u00f6rseprodukten macht CEGH zu einem one-stop-shop f\u00fcr Gash\u00e4ndler und zum f\u00fchrenden Gashub in Zentral- und Osteuropa. Die wichtigsten Erfolgsfaktoren von CEGH sind seine Zuverl\u00e4ssigkeit, Flexibilit\u00e4t und hervorragende ma\u00dfgeschneiderte Technologie in Verbindung mit dem Wissen um die liberalisierten Gasm\u00e4rkte.<\/p>\n<p>CEGH ist ein dynamisches Unternehmen, das seine Gesch\u00e4ftsaktivit\u00e4ten st\u00e4ndig an die speziellen Bed\u00fcrfnisse seiner Kunden und den schnelllebigen Markt anpasst. Unser Ziel ist es, unsere Produktpalette kontinuierlich zu erweitern, um den Gashandel f\u00fcr unsere Mitglieder einfacher und attraktiver zu machen.<\/p>\n<p>&nbsp;<\/p>\n\n    <\/div>\n<\/div>\n                    <\/div>\n                <\/div>\n                    <\/div>\n    \n                                                                                            <\/div>\n                    <\/div>\n                <\/div>\n            <\/div>\n                        \n\n\n\n\n\n\n\n\n\n\n\n\n\n\n\n\n\n\n\n\n\n\n\n\n\n\n\n\n\n\n\n\n\n\n                    \n            <div class=\"ce ce-text pb-0\n         ce--mb-medium                                 \"\n             id=\"block_6d26d9b7e9e0216b65e0de2591c20dc3\">\n                                    <div class=\"container-fluid\">\n                            <div class=\"row\">\n                    <div class=\"cc-text__text col-12 col-md-12 col-xl-12 mx-auto text-center\">\n                        <div class=\"ce-textblock\" data-animation=\"true\" data-animation-duration=\"300\">\n    <div class=\"ce-textblock__text\">\n                        <p style=\"text-align: center;\"><a class=\"btn--large btn btn--secondary btn--icon btn--icon--right\" title=\"cegh report_150120 WEB.pdf\" href=\"https:\/\/www.cegh.at\/wp-content\/uploads\/2023\/05\/WEB_Doppelseiten_CEGH-W22010_Jahresbericht_A4_RZ.pdf\" target=\"_blank\" rel=\"noopener\" data-udi=\"umb:\/\/media\/302c70f085b0440d81f79443edfa9a25\">Folder CEGH 2023<\/a><\/p>\n\n    <\/div>\n<\/div>\n                    <\/div>\n                <\/div>\n                        <\/div>\n                    <\/div>\n    \n        ","protected":false},"excerpt":{"rendered":"","protected":false},"author":4,"featured_media":0,"parent":0,"menu_order":0,"comment_status":"closed","ping_status":"closed","template":"","meta":{"_acf_changed":false,"content-type":"","footnotes":""},"class_list":["post-95346","page","type-page","status-publish","hentry"],"acf":[],"yoast_head":"<!-- This site is optimized with the Yoast SEO plugin v27.3 - https:\/\/yoast.com\/product\/yoast-seo-wordpress\/ -->\n<title>Alles \u00fcber den CEGH<\/title>\n<meta name=\"description\" content=\"Erfahren Sie mehr \u00fcber den CEGH, den wichtigsten Gashandelsplatz in Mittel- und Osteuropa, der den Erdgashandel in ganz Europa erleichtert.\" \/>\n<meta name=\"robots\" content=\"index, follow, max-snippet:-1, max-image-preview:large, max-video-preview:-1\" \/>\n<link rel=\"canonical\" href=\"https:\/\/www.cegh.at\/de\/ueber-uns\/\" \/>\n<meta property=\"og:locale\" content=\"de_DE\" \/>\n<meta property=\"og:type\" content=\"article\" \/>\n<meta property=\"og:title\" content=\"Alles \u00fcber den CEGH\" \/>\n<meta property=\"og:description\" content=\"Erfahren Sie mehr \u00fcber den CEGH, den wichtigsten Gashandelsplatz in Mittel- und Osteuropa, der den Erdgashandel in ganz Europa erleichtert.\" \/>\n<meta property=\"og:url\" content=\"https:\/\/www.cegh.at\/de\/ueber-uns\/\" \/>\n<meta property=\"og:site_name\" content=\"CEGH\" \/>\n<meta property=\"article:modified_time\" content=\"2024-11-18T11:01:51+00:00\" \/>\n<meta name=\"twitter:card\" content=\"summary_large_image\" \/>\n<script type=\"application\/ld+json\" class=\"yoast-schema-graph\">{\"@context\":\"https:\\\/\\\/schema.org\",\"@graph\":[{\"@type\":\"WebPage\",\"@id\":\"https:\\\/\\\/www.cegh.at\\\/de\\\/ueber-uns\\\/\",\"url\":\"https:\\\/\\\/www.cegh.at\\\/de\\\/ueber-uns\\\/\",\"name\":\"Alles \u00fcber den CEGH\",\"isPartOf\":{\"@id\":\"https:\\\/\\\/www.cegh.at\\\/de\\\/#website\"},\"datePublished\":\"2023-03-09T10:42:30+00:00\",\"dateModified\":\"2024-11-18T11:01:51+00:00\",\"description\":\"Erfahren Sie mehr \u00fcber den CEGH, den wichtigsten Gashandelsplatz in Mittel- und Osteuropa, der den Erdgashandel in ganz Europa erleichtert.\",\"breadcrumb\":{\"@id\":\"https:\\\/\\\/www.cegh.at\\\/de\\\/ueber-uns\\\/#breadcrumb\"},\"inLanguage\":\"de\",\"potentialAction\":[{\"@type\":\"ReadAction\",\"target\":[\"https:\\\/\\\/www.cegh.at\\\/de\\\/ueber-uns\\\/\"]}]},{\"@type\":\"BreadcrumbList\",\"@id\":\"https:\\\/\\\/www.cegh.at\\\/de\\\/ueber-uns\\\/#breadcrumb\",\"itemListElement\":[{\"@type\":\"ListItem\",\"position\":1,\"name\":\"Home\",\"item\":\"https:\\\/\\\/www.cegh.at\\\/de\\\/\"},{\"@type\":\"ListItem\",\"position\":2,\"name\":\"\u00dcber uns\"}]},{\"@type\":\"WebSite\",\"@id\":\"https:\\\/\\\/www.cegh.at\\\/de\\\/#website\",\"url\":\"https:\\\/\\\/www.cegh.at\\\/de\\\/\",\"name\":\"CEGH\",\"description\":\"\",\"publisher\":{\"@id\":\"https:\\\/\\\/www.cegh.at\\\/de\\\/#organization\"},\"potentialAction\":[{\"@type\":\"SearchAction\",\"target\":{\"@type\":\"EntryPoint\",\"urlTemplate\":\"https:\\\/\\\/www.cegh.at\\\/de\\\/?s={search_term_string}\"},\"query-input\":{\"@type\":\"PropertyValueSpecification\",\"valueRequired\":true,\"valueName\":\"search_term_string\"}}],\"inLanguage\":\"de\"},{\"@type\":\"Organization\",\"@id\":\"https:\\\/\\\/www.cegh.at\\\/de\\\/#organization\",\"name\":\"CEGH\",\"url\":\"https:\\\/\\\/www.cegh.at\\\/de\\\/\",\"logo\":{\"@type\":\"ImageObject\",\"inLanguage\":\"de\",\"@id\":\"https:\\\/\\\/www.cegh.at\\\/de\\\/#\\\/schema\\\/logo\\\/image\\\/\",\"url\":\"https:\\\/\\\/www.cegh.at\\\/wp-content\\\/uploads\\\/2023\\\/05\\\/Hauptlogo_RGB.jpg\",\"contentUrl\":\"https:\\\/\\\/www.cegh.at\\\/wp-content\\\/uploads\\\/2023\\\/05\\\/Hauptlogo_RGB.jpg\",\"width\":3333,\"height\":2500,\"caption\":\"CEGH\"},\"image\":{\"@id\":\"https:\\\/\\\/www.cegh.at\\\/de\\\/#\\\/schema\\\/logo\\\/image\\\/\"}}]}<\/script>\n<!-- \/ Yoast SEO plugin. -->","yoast_head_json":{"title":"Alles \u00fcber den CEGH","description":"Erfahren Sie mehr \u00fcber den CEGH, den wichtigsten Gashandelsplatz in Mittel- und Osteuropa, der den Erdgashandel in ganz Europa erleichtert.","robots":{"index":"index","follow":"follow","max-snippet":"max-snippet:-1","max-image-preview":"max-image-preview:large","max-video-preview":"max-video-preview:-1"},"canonical":"https:\/\/www.cegh.at\/de\/ueber-uns\/","og_locale":"de_DE","og_type":"article","og_title":"Alles \u00fcber den CEGH","og_description":"Erfahren Sie mehr \u00fcber den CEGH, den wichtigsten Gashandelsplatz in Mittel- und Osteuropa, der den Erdgashandel in ganz Europa erleichtert.","og_url":"https:\/\/www.cegh.at\/de\/ueber-uns\/","og_site_name":"CEGH","article_modified_time":"2024-11-18T11:01:51+00:00","twitter_card":"summary_large_image","schema":{"@context":"https:\/\/schema.org","@graph":[{"@type":"WebPage","@id":"https:\/\/www.cegh.at\/de\/ueber-uns\/","url":"https:\/\/www.cegh.at\/de\/ueber-uns\/","name":"Alles \u00fcber den CEGH","isPartOf":{"@id":"https:\/\/www.cegh.at\/de\/#website"},"datePublished":"2023-03-09T10:42:30+00:00","dateModified":"2024-11-18T11:01:51+00:00","description":"Erfahren Sie mehr \u00fcber den CEGH, den wichtigsten Gashandelsplatz in Mittel- und Osteuropa, der den Erdgashandel in ganz Europa erleichtert.","breadcrumb":{"@id":"https:\/\/www.cegh.at\/de\/ueber-uns\/#breadcrumb"},"inLanguage":"de","potentialAction":[{"@type":"ReadAction","target":["https:\/\/www.cegh.at\/de\/ueber-uns\/"]}]},{"@type":"BreadcrumbList","@id":"https:\/\/www.cegh.at\/de\/ueber-uns\/#breadcrumb","itemListElement":[{"@type":"ListItem","position":1,"name":"Home","item":"https:\/\/www.cegh.at\/de\/"},{"@type":"ListItem","position":2,"name":"\u00dcber uns"}]},{"@type":"WebSite","@id":"https:\/\/www.cegh.at\/de\/#website","url":"https:\/\/www.cegh.at\/de\/","name":"CEGH","description":"","publisher":{"@id":"https:\/\/www.cegh.at\/de\/#organization"},"potentialAction":[{"@type":"SearchAction","target":{"@type":"EntryPoint","urlTemplate":"https:\/\/www.cegh.at\/de\/?s={search_term_string}"},"query-input":{"@type":"PropertyValueSpecification","valueRequired":true,"valueName":"search_term_string"}}],"inLanguage":"de"},{"@type":"Organization","@id":"https:\/\/www.cegh.at\/de\/#organization","name":"CEGH","url":"https:\/\/www.cegh.at\/de\/","logo":{"@type":"ImageObject","inLanguage":"de","@id":"https:\/\/www.cegh.at\/de\/#\/schema\/logo\/image\/","url":"https:\/\/www.cegh.at\/wp-content\/uploads\/2023\/05\/Hauptlogo_RGB.jpg","contentUrl":"https:\/\/www.cegh.at\/wp-content\/uploads\/2023\/05\/Hauptlogo_RGB.jpg","width":3333,"height":2500,"caption":"CEGH"},"image":{"@id":"https:\/\/www.cegh.at\/de\/#\/schema\/logo\/image\/"}}]}},"_links":{"self":[{"href":"https:\/\/www.cegh.at\/de\/wp-json\/wp\/v2\/pages\/95346","targetHints":{"allow":["GET"]}}],"collection":[{"href":"https:\/\/www.cegh.at\/de\/wp-json\/wp\/v2\/pages"}],"about":[{"href":"https:\/\/www.cegh.at\/de\/wp-json\/wp\/v2\/types\/page"}],"author":[{"embeddable":true,"href":"https:\/\/www.cegh.at\/de\/wp-json\/wp\/v2\/users\/4"}],"replies":[{"embeddable":true,"href":"https:\/\/www.cegh.at\/de\/wp-json\/wp\/v2\/comments?post=95346"}],"version-history":[{"count":19,"href":"https:\/\/www.cegh.at\/de\/wp-json\/wp\/v2\/pages\/95346\/revisions"}],"predecessor-version":[{"id":845961,"href":"https:\/\/www.cegh.at\/de\/wp-json\/wp\/v2\/pages\/95346\/revisions\/845961"}],"wp:attachment":[{"href":"https:\/\/www.cegh.at\/de\/wp-json\/wp\/v2\/media?parent=95346"}],"curies":[{"name":"wp","href":"https:\/\/api.w.org\/{rel}","templated":true}]}}