{"id":98079,"date":"2023-03-09T11:50:13","date_gmt":"2023-03-09T10:50:13","guid":{"rendered":"https:\/\/www.cegh.at\/impressum\/"},"modified":"2025-09-30T12:44:02","modified_gmt":"2025-09-30T10:44:02","slug":"impressum","status":"publish","type":"page","link":"https:\/\/www.cegh.at\/de\/impressum\/","title":{"rendered":"Impressum"},"content":{"rendered":"\n\n\n\n\n\n\n\n\n\n\n\n\n\n\n\n\n\n\n\n\n\n\n\n\n\n\n\n\n\n\n\n\n                    \n            <div class=\"ce ce-text pb-0\n         ce--mb-standard                                 \"\n             id=\"block_51be852b57939bbbddbf25adee363310\">\n                                    <div class=\"container-fluid\">\n                            <div class=\"row\">\n                    <div class=\"cc-text__text col-12 col-md-12 col-xl-12 mx-auto text-left\">\n                        <div class=\"ce-textblock\" data-animation=\"true\" data-animation-duration=\"300\">\n    <div class=\"ce-textblock__text\">\n                    <p class=\"ce-textblock__topline\"> Impressum<\/p>\n                            <h2 class=\"h2\">  Haftungsausschluss <\/h2>\n                <div class=\"container-full-width padding--top-sm padding--bottom-md\">\n<div class=\"container\">\n<div class=\"w-leadin editor-output\">\n<h1 class=\"leadin-headline h1\"><\/h1>\n<\/div>\n<\/div>\n<\/div>\n<div class=\"container margin--bottom-md\">\n<div class=\"row print-block\">\n<div class=\"col-md-12\">\n<div class=\"editor-output\">\n<div class=\"background\">\n<div id=\"page\" class=\"page\">\n<div id=\"main\" class=\"clearfix\">\n<div id=\"content-area\">\n<div class=\"region region-content\">\n<div id=\"block-system-main\" class=\"block block-system block-even last clearfix\">\n<div class=\"block-inner\">\n<div class=\"content\">\n<div class=\"content Neutral\">\n<div class=\"field field-name-body field-type-text-with-summary field-label-hidden\">\n<div class=\"field-items\">\n<div class=\"field-item even\">\n<p><strong>Informationen nach dem E-Commerce-Gesetz, Abschnitt 5<\/strong><\/p>\n<p>Central European Gas Hub AG (<strong><em>&#8222;CEGH&#8220;<\/em><\/strong>)<br \/>\nA-1210 Wien, Floridsdorfer Hauptstra\u00dfe 1<\/p>\n<p>Tel: +43-1-2702700-28501<br \/>\nFax: +43-1-2702700-181<br \/>\nE-Mail: <u><a href=\"mailto:info@cegh.at\">info@cegh.at<\/a><\/u><br \/>\nInternet: <u><a href=\"http:\/\/www.cegh.at\/\">www.cegh.at<\/a><\/u><\/p>\n<p>Eingetragen beim Handelsgericht Wien: FN203485v<br \/>\nUmsatzsteuer-Identifikationsnummer: ATU50735307<\/p>\n<p>Mitgliedschaften: Wirtschaftskammer \u00d6sterreich, Wirtschaftskammer Wien<\/p>\n<p>Aufsichtsbeh\u00f6rde: E-Control GmbH<\/p>\n<p>Rechtsgrundlage: \u00d6sterreichisches Unternehmensgesetzbuch (UGB)<\/p>\n<p>&nbsp;<\/p>\n<p><strong>Konzept, Design &amp; technische Implementierung<\/strong><\/p>\n<p>Crafted by<br \/>\n<a class=\"external-link\" title=\"Verkn\u00fcpfung folgen\" href=\"https:\/\/www.reichlundpartner.com\/digitalagentur\" target=\"_blank\" rel=\"nofollow noopener\">REICHLUNDPARTNER Digital<\/a><\/p>\n<p>Diese Website ist das Ergebnis von strategischem Denken, kreativer Exzellenz und technologischer Pr\u00e4zision &#8211; kein Standard, kein Zufall, sondern digitale Ma\u00dfarbeit.<\/p>\n<p><b>REICHLUNDPARTNER Digital<\/b><br \/>\nShaping Digital Excellence.<\/p>\n<p>Digitalagentur in Wien, Linz und Graz &#8211; REICHLUNDPARTNER<\/p>\n<p>Die REICHLUNDPARTNER Digitalagentur ist weit mehr als eine herk\u00f6mmliche Internetagentur oder Onlineagentur. Wie bieten Digitalstrategie, Digital Marketing, eCommerce und Vieles mehr.<\/p>\n<p><strong>Rechtlicher Hinweis: Nutzungsbedingungen<\/strong><\/p>\n<p><strong>Allgemein<\/strong><\/p>\n<p>Der &#8222;Nutzer&#8220; (d.h. alle Besucher dieser Website, einschlie\u00dflich, aber nicht beschr\u00e4nkt auf registrierte CEGH-Kunden) der auf dieser Website ver\u00f6ffentlichten Informationen und Dienstleistungen akzeptiert diese Bestimmungen (im Folgenden &#8222;Bedingungen&#8220;) als verbindlich und erkennt sie an &#8211; vorausgesetzt, dass etwaige widerspr\u00fcchliche Bedingungen einer CEGH-Vereinbarung (einschlie\u00dflich etwaiger Anh\u00e4nge oder \u00c4nderungen) zwischen CEGH und seinen Kunden Vorrang vor diesen Bedingungen haben. Durch diese Annahme werden der Nutzer und CEGH Vertragsparteien dieser Bedingungen (im Folgenden gemeinsam &#8222;Parteien&#8220;).<\/p>\n<p><strong>1. Haftungsverzicht und Ausschluss der Gew\u00e4hrleistung<\/strong><\/p>\n<p>Die vom CEGH auf dieser Website zur Verf\u00fcgung gestellten Informationen\/Dienstleistungen dienen ausschlie\u00dflich der Information und Verf\u00fcgung der Nutzer. CEGH unternimmt alle zumutbaren Anstrengungen, um die Richtigkeit, Vollst\u00e4ndigkeit und Aktualit\u00e4t der hier angebotenen Informationen\/Dienstleistungen zu gew\u00e4hrleisten.<\/p>\n<p>Soweit nach geltendem Recht zul\u00e4ssig und soweit nicht ausdr\u00fccklich etwas anderes vereinbart ist (siehe insbesondere Ziffer 1):<\/p>\n<ul class=\"rteindent1\">\n<li>Alle Informationen\/Dienstleistungen werden ohne Gew\u00e4hr zur Verf\u00fcgung gestellt und enthalten keine verbindlichen Zusagen des CEGH. Die Informationen\/Dienste wurden sorgf\u00e4ltig gepr\u00fcft, werden in regelm\u00e4\u00dfigen Abst\u00e4nden aktualisiert und k\u00f6nnen ohne vorherige Ank\u00fcndigung ge\u00e4ndert, entfernt oder erg\u00e4nzt werden.<\/li>\n<li>Der CEGH \u00fcbernimmt keine Gew\u00e4hr oder Haftung f\u00fcr die Richtigkeit und Vollst\u00e4ndigkeit der Informationen\/Dienstleistungen und Eintr\u00e4ge sowie f\u00fcr die Art der Darstellung. Der Nutzer ist daher allein verantwortlich f\u00fcr alle Entscheidungen, die er auf der Grundlage der auf dieser Website bereitgestellten Informationen\/Dienste trifft. CEGH haftet insbesondere nicht f\u00fcr unmittelbare oder mittelbare Sch\u00e4den, Folgesch\u00e4den oder sonstige Sch\u00e4den, die aus welchem Grund auch immer im Zusammenhang mit dem direkten oder indirekten Gebrauch der auf dieser Website bereitgestellten Informationen\/Dienstleistungen, einschlie\u00dflich Links, entstehen.<\/li>\n<li>CEGH \u00fcbernimmt keine Garantie oder Haftung f\u00fcr die ununterbrochene Verf\u00fcgbarkeit von Inhalten\/Diensten dieser Website; es wird keine Garantie oder Haftung daf\u00fcr \u00fcbernommen, dass diese Website oder Tools (z.B. Server) frei von Viren oder anderen gef\u00e4hrlichen Elementen sind.<\/li>\n<li>Hyperlinks zu anderen Websites im Internet begr\u00fcnden keine Garantie oder Haftung des CEGH gegen\u00fcber den Nutzern.<\/li>\n<\/ul>\n<p><strong>2. Eigentumsrechte<\/strong><\/p>\n<p>Sofern nicht anders angegeben, beh\u00e4lt sich das CEGH die vollst\u00e4ndigen und ausschlie\u00dflichen Eigentumsrechte (z. B. Eigentumsrechte, gewerbliche Schutzrechte, Urheberrechte) an den auf dieser Website ver\u00f6ffentlichten Dokumenten und sonstigen Materialien vor. Die Ver\u00f6ffentlichung von Dokumenten und Materialien im Internet kann nicht als Gew\u00e4hrung einer anderen als der in diesen Bedingungen gew\u00e4hrten Nutzungslizenz oder eines anderen Rechts f\u00fcr einen Nutzer ausgelegt werden. Die zur Verf\u00fcgung gestellten Dokumente und sonstigen Materialien sind nur f\u00fcr den pers\u00f6nlichen Gebrauch des Nutzers bestimmt und d\u00fcrfen nicht kommerziell vervielf\u00e4ltigt, pr\u00e4sentiert, verbreitet oder in anderer Form als von CEGH im Rahmen dieser Bedingungen vorgesehen verwendet werden, es sei denn, es liegt eine vorherige schriftliche Zustimmung von CEGH vor. Die Verwendung von Kennzeichen (z.B. Marken, Logos), unabh\u00e4ngig davon, ob ein \u00ae oder TM-Symbol verwendet wird, ist ausdr\u00fccklich verboten. Insbesondere die CEGH-Marke &#8222;gashub.at&#8220; ist rechtlich gesch\u00fctzt.<\/p>\n<p>Die vorstehenden Bestimmungen gelten auch f\u00fcr Software, die \u00fcber diese Website direkt oder indirekt abgerufen oder genutzt werden kann. Wird \u00fcber Links der Zugang zu Software von Dritten erm\u00f6glicht, so gelten die Bestimmungen dieser Dritten und deren Rechte sind zu wahren.<\/p>\n<p><strong>3. Datenschutz<\/strong><\/p>\n<p>Um den Bed\u00fcrfnissen seiner Nutzer optimal gerecht zu werden, bietet CEGH jedem Nutzer an, ein registrierter CEGH-Kunde zu werden, wof\u00fcr die Erf\u00fcllung bestimmter Anforderungen, einschlie\u00dflich der Bereitstellung bestimmter Daten und des Abschlusses eines CEGH-Vertrags, Voraussetzung ist.<\/p>\n<p>Jeder Benutzer dieser Website, der CEGH im Zusammenhang mit dem Registrierungsprozess solche Informationen zur Verf\u00fcgung stellt, gew\u00e4hrt CEGH das Recht, diese Informationen zu verwenden und erm\u00e4chtigt CEGH, diese Informationen in jeder gew\u00fcnschten Form zu speichern und zu verarbeiten, wie auch immer begrenzt f\u00fcr die Aufgabe der Bereitstellung von Dienstleistungen unter dem CEGH-Vertrag. Die vom Nutzer bereitgestellten Informationen werden als nicht vertraulich betrachtet.<\/p>\n<p>Personenbezogene Nutzerdaten unterliegen dem Data Protection Act 2000; CEGH nutzt diese Informationen nur, soweit sie f\u00fcr die pers\u00f6nliche Beratung oder die F\u00fchrung der Kundenstammdaten erforderlich sind.<\/p>\n<p><strong>4. Sonstiges<\/strong><\/p>\n<p><strong>a. Anwendbares Recht und Streitbeilegung<\/strong><\/p>\n<p>Diese Bedingungen unterliegen \u00f6sterreichischem Recht unter Ausschluss der Kollisionsnormen und des UN-Kaufrechts\u00fcbereinkommens und sind nach diesem auszulegen.<\/p>\n<p>Die Parteien werden alle m\u00f6glichen Streitigkeiten, die sich aus diesen Bedingungen ergeben k\u00f6nnten, g\u00fctlich beilegen. Alle ungel\u00f6sten Streitigkeiten, Meinungsverschiedenheiten oder Anspr\u00fcche, die sich aus oder in Verbindung mit diesen Bedingungen oder deren Verletzung, Beendigung oder Ung\u00fcltigkeit ergeben k\u00f6nnen, werden von den f\u00fcr diese Angelegenheit zust\u00e4ndigen ordentlichen Gerichten entschieden.<\/p>\n<p><strong>b. Trennbarkeit<\/strong><\/p>\n<p>Sollte zu irgendeinem Zeitpunkt eine Bestimmung dieses Vertrages rechtswidrig, ung\u00fcltig oder nicht durchsetzbar sein oder werden, so wird dadurch weder die Rechtm\u00e4\u00dfigkeit, G\u00fcltigkeit noch Durchsetzbarkeit der \u00fcbrigen Bestimmungen dieses Vertrages in irgendeiner Weise ber\u00fchrt oder beeintr\u00e4chtigt. Sollte eine Bestimmung rechtswidrig oder nicht durchsetzbar sein, so ist es die Absicht sowohl von CEGH als auch des Nutzers, dass diese Bestimmung dadurch nicht aufgehoben wird, sondern in dem Ma\u00dfe ge\u00e4ndert wird, wie es notwendig ist, um sie g\u00fcltig und durchsetzbar zu machen.<\/p>\n<\/div>\n<\/div>\n<\/div>\n<\/div>\n<\/div>\n<\/div>\n<\/div>\n<\/div>\n<\/div>\n<\/div>\n<\/div>\n<\/div>\n<\/div>\n<\/div>\n<\/div>\n<\/div>\n\n    <\/div>\n<\/div>\n                    <\/div>\n                <\/div>\n                        <\/div>\n                    <\/div>\n    \n        ","protected":false},"excerpt":{"rendered":"","protected":false},"author":4,"featured_media":0,"parent":0,"menu_order":0,"comment_status":"closed","ping_status":"closed","template":"","meta":{"_acf_changed":false,"content-type":"","footnotes":""},"class_list":["post-98079","page","type-page","status-publish","hentry"],"acf":[],"yoast_head":"<!-- This site is optimized with the Yoast SEO plugin v27.3 - https:\/\/yoast.com\/product\/yoast-seo-wordpress\/ -->\n<title>Impressum - CEGH<\/title>\n<meta name=\"robots\" content=\"index, follow, max-snippet:-1, max-image-preview:large, max-video-preview:-1\" \/>\n<link rel=\"canonical\" href=\"https:\/\/www.cegh.at\/de\/impressum\/\" \/>\n<meta property=\"og:locale\" content=\"de_DE\" \/>\n<meta property=\"og:type\" content=\"article\" \/>\n<meta property=\"og:title\" content=\"Impressum - CEGH\" \/>\n<meta property=\"og:url\" content=\"https:\/\/www.cegh.at\/de\/impressum\/\" \/>\n<meta property=\"og:site_name\" content=\"CEGH\" \/>\n<meta property=\"article:modified_time\" content=\"2025-09-30T10:44:02+00:00\" \/>\n<meta name=\"twitter:card\" content=\"summary_large_image\" \/>\n<script type=\"application\/ld+json\" class=\"yoast-schema-graph\">{\"@context\":\"https:\\\/\\\/schema.org\",\"@graph\":[{\"@type\":\"WebPage\",\"@id\":\"https:\\\/\\\/www.cegh.at\\\/de\\\/impressum\\\/\",\"url\":\"https:\\\/\\\/www.cegh.at\\\/de\\\/impressum\\\/\",\"name\":\"Impressum - CEGH\",\"isPartOf\":{\"@id\":\"https:\\\/\\\/www.cegh.at\\\/de\\\/#website\"},\"datePublished\":\"2023-03-09T10:50:13+00:00\",\"dateModified\":\"2025-09-30T10:44:02+00:00\",\"breadcrumb\":{\"@id\":\"https:\\\/\\\/www.cegh.at\\\/de\\\/impressum\\\/#breadcrumb\"},\"inLanguage\":\"de\",\"potentialAction\":[{\"@type\":\"ReadAction\",\"target\":[\"https:\\\/\\\/www.cegh.at\\\/de\\\/impressum\\\/\"]}]},{\"@type\":\"BreadcrumbList\",\"@id\":\"https:\\\/\\\/www.cegh.at\\\/de\\\/impressum\\\/#breadcrumb\",\"itemListElement\":[{\"@type\":\"ListItem\",\"position\":1,\"name\":\"Home\",\"item\":\"https:\\\/\\\/www.cegh.at\\\/de\\\/\"},{\"@type\":\"ListItem\",\"position\":2,\"name\":\"Impressum\"}]},{\"@type\":\"WebSite\",\"@id\":\"https:\\\/\\\/www.cegh.at\\\/de\\\/#website\",\"url\":\"https:\\\/\\\/www.cegh.at\\\/de\\\/\",\"name\":\"CEGH\",\"description\":\"\",\"publisher\":{\"@id\":\"https:\\\/\\\/www.cegh.at\\\/de\\\/#organization\"},\"potentialAction\":[{\"@type\":\"SearchAction\",\"target\":{\"@type\":\"EntryPoint\",\"urlTemplate\":\"https:\\\/\\\/www.cegh.at\\\/de\\\/?s={search_term_string}\"},\"query-input\":{\"@type\":\"PropertyValueSpecification\",\"valueRequired\":true,\"valueName\":\"search_term_string\"}}],\"inLanguage\":\"de\"},{\"@type\":\"Organization\",\"@id\":\"https:\\\/\\\/www.cegh.at\\\/de\\\/#organization\",\"name\":\"CEGH\",\"url\":\"https:\\\/\\\/www.cegh.at\\\/de\\\/\",\"logo\":{\"@type\":\"ImageObject\",\"inLanguage\":\"de\",\"@id\":\"https:\\\/\\\/www.cegh.at\\\/de\\\/#\\\/schema\\\/logo\\\/image\\\/\",\"url\":\"https:\\\/\\\/www.cegh.at\\\/wp-content\\\/uploads\\\/2023\\\/05\\\/Hauptlogo_RGB.jpg\",\"contentUrl\":\"https:\\\/\\\/www.cegh.at\\\/wp-content\\\/uploads\\\/2023\\\/05\\\/Hauptlogo_RGB.jpg\",\"width\":3333,\"height\":2500,\"caption\":\"CEGH\"},\"image\":{\"@id\":\"https:\\\/\\\/www.cegh.at\\\/de\\\/#\\\/schema\\\/logo\\\/image\\\/\"}}]}<\/script>\n<!-- \/ Yoast SEO plugin. -->","yoast_head_json":{"title":"Impressum - CEGH","robots":{"index":"index","follow":"follow","max-snippet":"max-snippet:-1","max-image-preview":"max-image-preview:large","max-video-preview":"max-video-preview:-1"},"canonical":"https:\/\/www.cegh.at\/de\/impressum\/","og_locale":"de_DE","og_type":"article","og_title":"Impressum - CEGH","og_url":"https:\/\/www.cegh.at\/de\/impressum\/","og_site_name":"CEGH","article_modified_time":"2025-09-30T10:44:02+00:00","twitter_card":"summary_large_image","schema":{"@context":"https:\/\/schema.org","@graph":[{"@type":"WebPage","@id":"https:\/\/www.cegh.at\/de\/impressum\/","url":"https:\/\/www.cegh.at\/de\/impressum\/","name":"Impressum - CEGH","isPartOf":{"@id":"https:\/\/www.cegh.at\/de\/#website"},"datePublished":"2023-03-09T10:50:13+00:00","dateModified":"2025-09-30T10:44:02+00:00","breadcrumb":{"@id":"https:\/\/www.cegh.at\/de\/impressum\/#breadcrumb"},"inLanguage":"de","potentialAction":[{"@type":"ReadAction","target":["https:\/\/www.cegh.at\/de\/impressum\/"]}]},{"@type":"BreadcrumbList","@id":"https:\/\/www.cegh.at\/de\/impressum\/#breadcrumb","itemListElement":[{"@type":"ListItem","position":1,"name":"Home","item":"https:\/\/www.cegh.at\/de\/"},{"@type":"ListItem","position":2,"name":"Impressum"}]},{"@type":"WebSite","@id":"https:\/\/www.cegh.at\/de\/#website","url":"https:\/\/www.cegh.at\/de\/","name":"CEGH","description":"","publisher":{"@id":"https:\/\/www.cegh.at\/de\/#organization"},"potentialAction":[{"@type":"SearchAction","target":{"@type":"EntryPoint","urlTemplate":"https:\/\/www.cegh.at\/de\/?s={search_term_string}"},"query-input":{"@type":"PropertyValueSpecification","valueRequired":true,"valueName":"search_term_string"}}],"inLanguage":"de"},{"@type":"Organization","@id":"https:\/\/www.cegh.at\/de\/#organization","name":"CEGH","url":"https:\/\/www.cegh.at\/de\/","logo":{"@type":"ImageObject","inLanguage":"de","@id":"https:\/\/www.cegh.at\/de\/#\/schema\/logo\/image\/","url":"https:\/\/www.cegh.at\/wp-content\/uploads\/2023\/05\/Hauptlogo_RGB.jpg","contentUrl":"https:\/\/www.cegh.at\/wp-content\/uploads\/2023\/05\/Hauptlogo_RGB.jpg","width":3333,"height":2500,"caption":"CEGH"},"image":{"@id":"https:\/\/www.cegh.at\/de\/#\/schema\/logo\/image\/"}}]}},"_links":{"self":[{"href":"https:\/\/www.cegh.at\/de\/wp-json\/wp\/v2\/pages\/98079","targetHints":{"allow":["GET"]}}],"collection":[{"href":"https:\/\/www.cegh.at\/de\/wp-json\/wp\/v2\/pages"}],"about":[{"href":"https:\/\/www.cegh.at\/de\/wp-json\/wp\/v2\/types\/page"}],"author":[{"embeddable":true,"href":"https:\/\/www.cegh.at\/de\/wp-json\/wp\/v2\/users\/4"}],"replies":[{"embeddable":true,"href":"https:\/\/www.cegh.at\/de\/wp-json\/wp\/v2\/comments?post=98079"}],"version-history":[{"count":7,"href":"https:\/\/www.cegh.at\/de\/wp-json\/wp\/v2\/pages\/98079\/revisions"}],"predecessor-version":[{"id":1244513,"href":"https:\/\/www.cegh.at\/de\/wp-json\/wp\/v2\/pages\/98079\/revisions\/1244513"}],"wp:attachment":[{"href":"https:\/\/www.cegh.at\/de\/wp-json\/wp\/v2\/media?parent=98079"}],"curies":[{"name":"wp","href":"https:\/\/api.w.org\/{rel}","templated":true}]}}