{"id":98085,"date":"2023-03-09T11:50:26","date_gmt":"2023-03-09T10:50:26","guid":{"rendered":"https:\/\/www.cegh.at\/datenschutz\/"},"modified":"2023-11-06T10:59:24","modified_gmt":"2023-11-06T09:59:24","slug":"datenschutz","status":"publish","type":"page","link":"https:\/\/www.cegh.at\/de\/datenschutz\/","title":{"rendered":"Datenschutz"},"content":{"rendered":"\n\n\n\n\n\n\n\n\n\n\n\n\n\n\n\n\n\n\n\n\n\n\n\n\n\n\n\n\n\n\n\n\n                    \n            <div class=\"ce ce-text pb-0\n         ce--mb-standard                                 \"\n             id=\"block_7585e12367fb749fcec4731da02c0f23\">\n                                    <div class=\"container-fluid\">\n                            <div class=\"row\">\n                    <div class=\"cc-text__text col-12 col-md-12 col-xl-12 mx-auto text-left\">\n                        <div class=\"ce-textblock\" data-animation=\"true\" data-animation-duration=\"300\">\n    <div class=\"ce-textblock__text\">\n                    <p class=\"ce-textblock__topline\">Datenschutz<\/p>\n                            <h2 class=\"\"> Datenschutzerkl\u00e4rung <\/h2>\n                <div class=\"container-full-width padding--top-sm padding--bottom-md\">\n<div class=\"container\">\n<div class=\"w-leadin editor-output\"><\/div>\n<\/div>\n<\/div>\n<div class=\"container margin--bottom-md\">\n<div class=\"row print-block\">\n<div class=\"col-md-12\">\n<div class=\"editor-output\">\n<p><strong>Speicherung und Verarbeitung von personenbezogenen Daten gem. VO (EU) 2016\/679 (Datenschutz-Grundverordnung) im Rahmen der Erbringung von Hub-Dienstleistungen und der CEGH Mitgliedschaft bzw. CEGH REMIT Plattform<\/strong><\/p>\n<p>Central European Gas Hub AG (CEGH) ist der Verantwortliche f\u00fcr Speicherung und Verarbeitung von personenbezogenen Daten gem. VO (EU) 2016\/679 (Datenschutz-Grundverordnung) im Rahmen der Erbringung von Hub-Dienstleistungen und der CEGH Mitgliedschaft bzw. CEGH REMIT Plattform.<\/p>\n<p>CEGH verarbeitet und speichert personenbezogene Daten im Zusammenhang mit der Erf\u00fcllung seiner vertraglichen Verpflichtungen als Betreiber des Virtuellen Handelspunktes gem\u00e4\u00df \u00a7 68 Gaswirtschaftsgesetz 2011. Rechtsgrundlage f\u00fcr die Verarbeitung der Daten sind der CEGH Mitgliedschaftsvertrag (AB B-VHP) bzw. die Nutzungsbedingungen der CEGH REMIT Plattform in ihrer jeweils g\u00fcltigen Fassung.<\/p>\n<p>Zum Zwecke des Abschlusses und der Erf\u00fcllung des CEGH-Mitgliedschaftsvertrages sowie zur Erf\u00fcllung der regulatorischen Anforderungen an die T\u00e4tigkeit als Bilanzgruppenverantwortlicher oder Virtueller H\u00e4ndler oder zur Nutzung der CEGH REMIT-Plattform werden die erforderlichen personenbezogenen Daten von CEGH verarbeitet:<\/p>\n<p>Name, Kontaktdaten, Daten zum jeweiligen Vertragsverh\u00e4ltnis (z.B. E-Mail-Adresse, Telefonnummer, Nominierungsdaten, Daten zur hinterlegten Sicherheit, Amtstr\u00e4ger\/Organe, Handelsregisterdaten, Konto- und Bonit\u00e4tsausk\u00fcnfte, Ausk\u00fcnfte von Rating-Agenturen, etc.), Kommunikation im Rahmen der Erbringung von Hub Services und der CEGH Mitgliedschaft sowie der Nutzung der CEGH REMIT Plattform.<\/p>\n<p>Zum Zwecke der Verarbeitung k\u00f6nnen personenbezogene Daten \u00fcbermittelt werden an:<\/p>\n<ul>\n<li>EnergieControl \u00d6sterreich<a href=\"https:\/\/www.e-control.at\/\" target=\"_blank\" rel=\"noopener\">(www.e-control.at)<\/a><\/li>\n<li>ACER<a href=\"http:\/\/www.acer.europa.eu\/\" target=\"_blank\" rel=\"noopener\">(www.acer.europa.eu)<\/a><\/li>\n<li>Austrian Gas Grid Management AG (in ihrer Eigenschaft als Marktgebietsmanager f\u00fcr das \u00f6sterreichische Marktgebiet Ost; <a href=\"http:\/\/www.aggm.at\/\" target=\"_blank\" rel=\"noopener\">www.aggm.at)<\/a><\/li>\n<li>EEX CEGH Gas Exchange Services GmbH<a href=\"http:\/\/www.cegh.at\/\">(www.cegh.at)<\/a><\/li>\n<li>EEX AG<a href=\"http:\/\/www.eex.com\/\" target=\"_blank\" rel=\"noopener\">(www.eex.com)<\/a><\/li>\n<li>IT-Dienstleister<\/li>\n<\/ul>\n<p>Ebenso k\u00f6nnen von den genannten Stellen auch personenbezogene Daten an CEGH \u00fcbermittelt werden, sofern dies f\u00fcr den Abschluss oder die Erf\u00fcllung des CEGH Mitgliedschaftsvertrages bzw. von regulatorischen Anforderungen betreffend die T\u00e4tigkeit als Bilanzgruppenverantwortlicher oder Erdgash\u00e4ndler erforderlich ist.<\/p>\n<p>Die Dauer der Datenspeicherung erfolgt f\u00fcr den Zeitraum des Bestehens eines aufrechten Vertragsverh\u00e4ltnisses sowie f\u00fcr die Dauer des Bestehens von Rechtsanspr\u00fcchen betreffend das Vertragsverh\u00e4ltnis bzw. den entsprechenden regulatorischen Anforderungen.<\/p>\n<p>Ihnen stehen bez\u00fcglich der von CEGH gespeicherten Daten grunds\u00e4tzlich die Rechte auf Auskunft, Berichtigung, L\u00f6schung, Einschr\u00e4nkung, Daten\u00fcbertragbarkeit sowie jederzeitigen Widerruf und Widerspruch zu. M\u00f6gliche Folgen einer Nicht-Bereitstellung der erforderlichen Daten bestehen darin, dass ein Abschluss oder die Erf\u00fcllung des CEGH Mitgliedschaftsvertrages nicht oder nur eingeschr\u00e4nkt m\u00f6glich ist.<\/p>\n<p>Ihre Zustimmung zur Datenverarbeitung kann jederzeit widerrufen werden, wobei wir darauf hinwiesen, dass die Datenverarbeitung bis zum Zeitpunkt des Widerrufs rechtm\u00e4\u00dfig bleibt.<\/p>\n<p><span class=\"borlabs-cookie-open-dialog-preferences brlbs-cmpnt-container\" data-borlabs-cookie-title=\"Datenschutz-Einstellungen\" data-borlabs-cookie-type=\"button\" ><\/span><\/p>\n<p>Wenn Sie der Ansicht sind, dass die Verarbeitung Ihrer Daten gegen das Datenschutzrecht verst\u00f6\u00dft oder Ihre datenschutzrechtlichen Anspr\u00fcche sonst in einer Weise verletzt worden sind, k\u00f6nnen Sie bei der Aufsichtsbeh\u00f6rde Beschwerde einlegen. In \u00d6sterreich ist dies die Datenschutzbeh\u00f6rde<a href=\"https:\/\/www.dsb.gv.at\/\" target=\"_blank\" rel=\"noopener\">(https:\/\/www.dsb.gv.at\/)<\/a>.<\/p>\n<h6><strong>Nachstehend finden Sie unsere CEGH-Datenschutzerkl\u00e4rung<\/strong><\/h6>\n<p><a title=\"CEGH Datenschutzerkl\u00e4rung_final.pdf\" href=\"https:\/\/www.cegh.at\/media\/1466\/cegh-datenschutzerklaerung_final.pdf\" data-udi=\"umb:\/\/media\/34ed4d7377a946d5a590aba04f5dd63c\">Deutsche Fassung<\/a><\/p>\n<p><a title=\"2020-07-08 CEGH-Datenschutzerkl\u00e4rung.pdf\" href=\"https:\/\/www.cegh.at\/media\/1467\/2020-07-08-cegh-data-protection-statement.pdf\" data-udi=\"umb:\/\/media\/b1ef0cc6b90444f6b851f10a8a94088b\">Englische Version<\/a><\/p>\n<\/div>\n<\/div>\n<\/div>\n<\/div>\n\n    <\/div>\n<\/div>\n                    <\/div>\n                <\/div>\n                        <\/div>\n                    <\/div>\n    \n        ","protected":false},"excerpt":{"rendered":"","protected":false},"author":4,"featured_media":0,"parent":0,"menu_order":0,"comment_status":"closed","ping_status":"closed","template":"","meta":{"_acf_changed":false,"content-type":"","footnotes":""},"class_list":["post-98085","page","type-page","status-publish","hentry"],"acf":[],"yoast_head":"<!-- This site is optimized with the Yoast SEO plugin v27.3 - https:\/\/yoast.com\/product\/yoast-seo-wordpress\/ -->\n<title>Datenschutz - CEGH<\/title>\n<meta name=\"robots\" content=\"index, follow, max-snippet:-1, max-image-preview:large, max-video-preview:-1\" \/>\n<link rel=\"canonical\" href=\"https:\/\/www.cegh.at\/de\/datenschutz\/\" \/>\n<meta property=\"og:locale\" content=\"de_DE\" \/>\n<meta property=\"og:type\" content=\"article\" \/>\n<meta property=\"og:title\" content=\"Datenschutz - CEGH\" \/>\n<meta property=\"og:url\" content=\"https:\/\/www.cegh.at\/de\/datenschutz\/\" \/>\n<meta property=\"og:site_name\" content=\"CEGH\" \/>\n<meta property=\"article:modified_time\" content=\"2023-11-06T09:59:24+00:00\" \/>\n<meta name=\"twitter:card\" content=\"summary_large_image\" \/>\n<script type=\"application\/ld+json\" class=\"yoast-schema-graph\">{\"@context\":\"https:\\\/\\\/schema.org\",\"@graph\":[{\"@type\":\"WebPage\",\"@id\":\"https:\\\/\\\/www.cegh.at\\\/de\\\/datenschutz\\\/\",\"url\":\"https:\\\/\\\/www.cegh.at\\\/de\\\/datenschutz\\\/\",\"name\":\"Datenschutz - CEGH\",\"isPartOf\":{\"@id\":\"https:\\\/\\\/www.cegh.at\\\/de\\\/#website\"},\"datePublished\":\"2023-03-09T10:50:26+00:00\",\"dateModified\":\"2023-11-06T09:59:24+00:00\",\"breadcrumb\":{\"@id\":\"https:\\\/\\\/www.cegh.at\\\/de\\\/datenschutz\\\/#breadcrumb\"},\"inLanguage\":\"de\",\"potentialAction\":[{\"@type\":\"ReadAction\",\"target\":[\"https:\\\/\\\/www.cegh.at\\\/de\\\/datenschutz\\\/\"]}]},{\"@type\":\"BreadcrumbList\",\"@id\":\"https:\\\/\\\/www.cegh.at\\\/de\\\/datenschutz\\\/#breadcrumb\",\"itemListElement\":[{\"@type\":\"ListItem\",\"position\":1,\"name\":\"Home\",\"item\":\"https:\\\/\\\/www.cegh.at\\\/de\\\/\"},{\"@type\":\"ListItem\",\"position\":2,\"name\":\"Datenschutz\"}]},{\"@type\":\"WebSite\",\"@id\":\"https:\\\/\\\/www.cegh.at\\\/de\\\/#website\",\"url\":\"https:\\\/\\\/www.cegh.at\\\/de\\\/\",\"name\":\"CEGH\",\"description\":\"\",\"publisher\":{\"@id\":\"https:\\\/\\\/www.cegh.at\\\/de\\\/#organization\"},\"potentialAction\":[{\"@type\":\"SearchAction\",\"target\":{\"@type\":\"EntryPoint\",\"urlTemplate\":\"https:\\\/\\\/www.cegh.at\\\/de\\\/?s={search_term_string}\"},\"query-input\":{\"@type\":\"PropertyValueSpecification\",\"valueRequired\":true,\"valueName\":\"search_term_string\"}}],\"inLanguage\":\"de\"},{\"@type\":\"Organization\",\"@id\":\"https:\\\/\\\/www.cegh.at\\\/de\\\/#organization\",\"name\":\"CEGH\",\"url\":\"https:\\\/\\\/www.cegh.at\\\/de\\\/\",\"logo\":{\"@type\":\"ImageObject\",\"inLanguage\":\"de\",\"@id\":\"https:\\\/\\\/www.cegh.at\\\/de\\\/#\\\/schema\\\/logo\\\/image\\\/\",\"url\":\"https:\\\/\\\/www.cegh.at\\\/wp-content\\\/uploads\\\/2023\\\/05\\\/Hauptlogo_RGB.jpg\",\"contentUrl\":\"https:\\\/\\\/www.cegh.at\\\/wp-content\\\/uploads\\\/2023\\\/05\\\/Hauptlogo_RGB.jpg\",\"width\":3333,\"height\":2500,\"caption\":\"CEGH\"},\"image\":{\"@id\":\"https:\\\/\\\/www.cegh.at\\\/de\\\/#\\\/schema\\\/logo\\\/image\\\/\"}}]}<\/script>\n<!-- \/ Yoast SEO plugin. -->","yoast_head_json":{"title":"Datenschutz - CEGH","robots":{"index":"index","follow":"follow","max-snippet":"max-snippet:-1","max-image-preview":"max-image-preview:large","max-video-preview":"max-video-preview:-1"},"canonical":"https:\/\/www.cegh.at\/de\/datenschutz\/","og_locale":"de_DE","og_type":"article","og_title":"Datenschutz - CEGH","og_url":"https:\/\/www.cegh.at\/de\/datenschutz\/","og_site_name":"CEGH","article_modified_time":"2023-11-06T09:59:24+00:00","twitter_card":"summary_large_image","schema":{"@context":"https:\/\/schema.org","@graph":[{"@type":"WebPage","@id":"https:\/\/www.cegh.at\/de\/datenschutz\/","url":"https:\/\/www.cegh.at\/de\/datenschutz\/","name":"Datenschutz - CEGH","isPartOf":{"@id":"https:\/\/www.cegh.at\/de\/#website"},"datePublished":"2023-03-09T10:50:26+00:00","dateModified":"2023-11-06T09:59:24+00:00","breadcrumb":{"@id":"https:\/\/www.cegh.at\/de\/datenschutz\/#breadcrumb"},"inLanguage":"de","potentialAction":[{"@type":"ReadAction","target":["https:\/\/www.cegh.at\/de\/datenschutz\/"]}]},{"@type":"BreadcrumbList","@id":"https:\/\/www.cegh.at\/de\/datenschutz\/#breadcrumb","itemListElement":[{"@type":"ListItem","position":1,"name":"Home","item":"https:\/\/www.cegh.at\/de\/"},{"@type":"ListItem","position":2,"name":"Datenschutz"}]},{"@type":"WebSite","@id":"https:\/\/www.cegh.at\/de\/#website","url":"https:\/\/www.cegh.at\/de\/","name":"CEGH","description":"","publisher":{"@id":"https:\/\/www.cegh.at\/de\/#organization"},"potentialAction":[{"@type":"SearchAction","target":{"@type":"EntryPoint","urlTemplate":"https:\/\/www.cegh.at\/de\/?s={search_term_string}"},"query-input":{"@type":"PropertyValueSpecification","valueRequired":true,"valueName":"search_term_string"}}],"inLanguage":"de"},{"@type":"Organization","@id":"https:\/\/www.cegh.at\/de\/#organization","name":"CEGH","url":"https:\/\/www.cegh.at\/de\/","logo":{"@type":"ImageObject","inLanguage":"de","@id":"https:\/\/www.cegh.at\/de\/#\/schema\/logo\/image\/","url":"https:\/\/www.cegh.at\/wp-content\/uploads\/2023\/05\/Hauptlogo_RGB.jpg","contentUrl":"https:\/\/www.cegh.at\/wp-content\/uploads\/2023\/05\/Hauptlogo_RGB.jpg","width":3333,"height":2500,"caption":"CEGH"},"image":{"@id":"https:\/\/www.cegh.at\/de\/#\/schema\/logo\/image\/"}}]}},"_links":{"self":[{"href":"https:\/\/www.cegh.at\/de\/wp-json\/wp\/v2\/pages\/98085","targetHints":{"allow":["GET"]}}],"collection":[{"href":"https:\/\/www.cegh.at\/de\/wp-json\/wp\/v2\/pages"}],"about":[{"href":"https:\/\/www.cegh.at\/de\/wp-json\/wp\/v2\/types\/page"}],"author":[{"embeddable":true,"href":"https:\/\/www.cegh.at\/de\/wp-json\/wp\/v2\/users\/4"}],"replies":[{"embeddable":true,"href":"https:\/\/www.cegh.at\/de\/wp-json\/wp\/v2\/comments?post=98085"}],"version-history":[{"count":8,"href":"https:\/\/www.cegh.at\/de\/wp-json\/wp\/v2\/pages\/98085\/revisions"}],"predecessor-version":[{"id":358984,"href":"https:\/\/www.cegh.at\/de\/wp-json\/wp\/v2\/pages\/98085\/revisions\/358984"}],"wp:attachment":[{"href":"https:\/\/www.cegh.at\/de\/wp-json\/wp\/v2\/media?parent=98085"}],"curies":[{"name":"wp","href":"https:\/\/api.w.org\/{rel}","templated":true}]}}